{"id":220,"date":"2012-07-17T00:04:42","date_gmt":"2012-07-17T00:04:42","guid":{"rendered":"http:\/\/wp1.choose-forex.com\/?p=220"},"modified":"2012-07-17T00:04:42","modified_gmt":"2012-07-17T00:04:42","slug":"scalping","status":"publish","type":"page","link":"https:\/\/choose-forex.com\/de\/scalping\/","title":{"rendered":"Scalping"},"content":{"rendered":"\n<p><span style=\"font-family: Arial, Helvetica, sans-serif; font-size: 13px; line-height: 20px; \">Wie wir wissen, ist ein Day Trader ein H\u00e4ndler, der gew\u00f6hnlich seine ganzen Positionen am Ende vom Tag schlie\u00dft. Day Trading wird als ein schneller Weg gesehen, um Gewinne einstecken zu k\u00f6nnen, und um von kurzfristigen Bewegungen in Preis profitierten zu k\u00f6nnen. Ein Day Trader konzentriert sich mehr auf die technische Analyse und Diagrammanalyse und richtet nicht viel Aufmerksamkeit auf die Grundlagen. Gew\u00f6hnlich benutzen langfristige H\u00e4ndler einen h\u00f6heren Zeitrahmen mit t\u00e4glichen und w\u00f6chentlichen Diagrammen, mit einem starken Fokus auf Wirtschaftswissenschaft und Politik. Aber ein langfristiger H\u00e4ndler kann einen Handel f\u00fcr 2-3 Tage, eine Woche oder sogar mehr offen lassen. Selbstverst\u00e4ndlich wenn der Handel mit einem Gewinn abschlie\u00dft, dann wird es ihm viele Pips bringen, denn wir wissen, eine Kerze auf dem t\u00e4glichen Diagramm enth\u00e4lt viel mehr Pips, als eine 15 Minuten Kerze, auch wenn sie gleich aussehen. Schauen Sie die zwei Bilder unten an. Das erste ist ein t\u00e4gliches Diagramm und das zweite ist eine 15 Minuten Diagramm.<\/span><\/p>\n<p><a href=\"\/sites\/default\/files\/u46\/newpicture100.jpg\" data-rel=\"penci-gallery-image-content\"  target=\"_blank\"><img alt=\"\" src=\"\/sites\/default\/files\/u46\/newpicture100.jpg\" style=\"width: 500px; height: 148px; margin-left: 30px; margin-right: 30px;\" \/><\/a><\/p>\n<p>\u00a0<\/p>\n<p><a href=\"\/sites\/default\/files\/u46\/newpicture101.jpg\" data-rel=\"penci-gallery-image-content\"  target=\"_blank\"><img alt=\"\" src=\"\/sites\/default\/files\/u46\/newpicture101.jpg\" style=\"width: 500px; height: 141px; margin-left: 30px; margin-right: 30px;\" \/><\/a><\/p>\n<p>\u00a0<\/p>\n<p>\u00a0<\/p>\n<p style=\"font-family: Arial, Helvetica, sans-serif; font-size: 13px; line-height: 20px; \">Wie Sie sehen k\u00f6nnen, selbst wenn sie ungef\u00e4hr gleich aussehen, sind die zwei Kerzen sehr verschieden, wenn wir die Pips anschauen, die sie enthalten. Die t\u00e4gliche Kerze hat 146 Pips und die 15 Minuten Kerze hat nur 18 Pips. Dies ist, warum die langfristigen H\u00e4ndler viel mehr Pips von einem erfolgreichen Handel machen, als ein Day Trader. Aber es gibt einige Dinge, die bedacht werden m\u00fcssen: Ein Handel auf den t\u00e4glichen Diagrammen braucht viel mehr Zeit, um zu schlie\u00dfen, und das Risiko ist h\u00f6her, weil Sie einen breiteren Stop Loss brauchen.<\/p>\n<p style=\"font-family: Arial, Helvetica, sans-serif; font-size: 13px; line-height: 20px; \">W\u00e4hrend ein langfristiger H\u00e4ndler darauf wartet, dass seinen Handel schlie\u00dft, kann ein Day Trader viel mehr handel, mit einem kleineren Risiko bei\u00a0 jedem von ihnen, folglich ist er f\u00e4hig mehr Gewinne zu machen als ein langfristige H\u00e4ndler.<\/p>\n<p style=\"font-family: Arial, Helvetica, sans-serif; font-size: 13px; line-height: 20px; \">Bedenken Sie jetzt, in wie viele Handel ein H\u00e4ndler eintreten k\u00f6nnte, wenn er 1 und 5 Minuten Diagramm benutzt und auf 3-5 Pips Gewinn zielt und seine Handel nach weniger als 5 Minuten verl\u00e4sst. Der Betrag an Handelsauftr\u00e4gen im Verlauf eines Tages kann riesig sein. Diese schnelle Art des Handels hei\u00dft \u201eScalping\u201c und kann vielen Gewinn bringen, aber es erfordert auch viele Konzentration und eine konstanten \u00dcberwachung des Handels. Der Gewinn kommt von der Anzahl der erfolgreichen Handelsgesch\u00e4fte, selbst wenn der Gewinn von ein paar Handelsgesch\u00e4ften bedeutungslos ist, und deswegen muss ein H\u00e4ndler st\u00e4ndig vor seinem Computer sein.<\/p>\n<p style=\"font-family: Arial, Helvetica, sans-serif; font-size: 13px; line-height: 20px; \">Ein Scalper muss sich dem wirtschaftlichen Umfeld oder langfristigen Tendenzen nicht bewusst sein, selbst wenn wir einen starken Aufw\u00e4rtstrend in dem 4H Diagramm haben, sicherlich k\u00f6nnen wir 3 Pips Gewinn mit einem kurzen Handel auf dem 1 Minuten Diagramm haben. Weil die Bewegung, die wir suchen, ein sehr kleine ist, ist diese viel wahrscheinlicher zu geschehen, selbst wenn das Gesamtgef\u00fchl gegen die Richtung unseres Handels ist.<\/p>\n<p style=\"font-family: Arial, Helvetica, sans-serif; font-size: 13px; line-height: 20px; \">Das Scalping ist nicht f\u00fcr jeden, und wenn Sie vorhaben dieses Verfahrens zu verwenden, dann m\u00fcssen sich Sie vergewissern, dass es zu Ihrem Handelsstil passt. Ein Scalper nimmt immer kleine Gewinne, die sich summieren, aber einige H\u00e4ndler k\u00f6nnen frustriert werden, wenn sie nur 5 Pips Gewinn mitgenommen haben, aber der Preis die urspr\u00fcngliche Richtung f\u00fcr noch 50 Pips fortgesetzt hat.<\/p>\n<p style=\"font-family: Arial, Helvetica, sans-serif; font-size: 13px; line-height: 20px; \">Es gibt noch etwas Anderes, das Sie beim Scalping in Betracht ziehen m\u00fcssen: Der Broker mit dem Sie handeln. Scalping wird nicht von allen Brokern genehmigt und deswegen m\u00fcssen Sie fragen, ob Scalping erlaubt ist, bevor Sie ein Konto mit ihm er\u00f6ffnen. \u00a0<\/p>\n<p style=\"font-family: Arial, Helvetica, sans-serif; font-size: 13px; line-height: 20px; \">Wenn es um Strategien beim Scalping geht, k\u00f6nnen die meisten l\u00e4ngerfristigen Strategien funktionieren, weil sie die gleichen Prinzipien verwenden, aber auf einer kleineren Skala. Vielleicht m\u00fcssen die Einstellungen f\u00fcr die Indikatoren eingestellt werden, um fr\u00fche Signale zu geben, und auch das passende Verfahren f\u00fcr die Geldverwaltung muss angewendet werden. Selbstverst\u00e4ndlich wenn Sie eine 1 Stunden Strategie auf 5 Minuten anpassen, dann m\u00fcssen Sie einige \u00c4nderungen machen.<\/p>\n<p style=\"font-family: Arial, Helvetica, sans-serif; font-size: 13px; line-height: 20px; \">Bedenken Sie immer, dass Scalping sehr riskant ist, und so ist auch jede Form des Forex Handels.<\/p>\n<p>\u00a0<\/p>\n","protected":false},"excerpt":{"rendered":"<p>Wie wir wissen, ist ein Day Trader ein H\u00e4ndler, der gew\u00f6hnlich seine ganzen Positionen am Ende vom Tag schlie\u00dft. Day Trading wird als ein schneller Weg gesehen, um Gewinne einstecken&hellip;<\/p>\n","protected":false},"author":1,"featured_media":0,"parent":0,"menu_order":0,"comment_status":"open","ping_status":"closed","template":"","meta":[],"tags":[235,233,234],"_links":{"self":[{"href":"https:\/\/choose-forex.com\/de\/wp-json\/wp\/v2\/pages\/220\/"}],"collection":[{"href":"https:\/\/choose-forex.com\/de\/wp-json\/wp\/v2\/pages\/"}],"about":[{"href":"https:\/\/choose-forex.com\/de\/wp-json\/wp\/v2\/types\/page\/"}],"author":[{"embeddable":true,"href":"https:\/\/choose-forex.com\/de\/wp-json\/wp\/v2\/users\/1\/"}],"replies":[{"embeddable":true,"href":"https:\/\/choose-forex.com\/de\/wp-json\/wp\/v2\/comments\/?post=220"}],"version-history":[{"count":0,"href":"https:\/\/choose-forex.com\/de\/wp-json\/wp\/v2\/pages\/220\/revisions\/"}],"wp:attachment":[{"href":"https:\/\/choose-forex.com\/de\/wp-json\/wp\/v2\/media\/?parent=220"}],"wp:term":[{"taxonomy":"post_tag","embeddable":true,"href":"https:\/\/choose-forex.com\/de\/wp-json\/wp\/v2\/tags\/?post=220"}],"curies":[{"name":"wp","href":"https:\/\/api.w.org\/{rel}","templated":true}]}}