{"id":221,"date":"2012-07-16T23:59:56","date_gmt":"2012-07-16T23:59:56","guid":{"rendered":"http:\/\/wp1.choose-forex.com\/?p=221"},"modified":"2012-07-16T23:59:56","modified_gmt":"2012-07-16T23:59:56","slug":"glossar","status":"publish","type":"page","link":"https:\/\/choose-forex.com\/de\/glossar\/","title":{"rendered":"Glossar"},"content":{"rendered":"\n<p>\u00a0<\/p>\n<p style=\"font-family: Arial, Helvetica, sans-serif; font-size: 13px; line-height: 20px; \"><strong>A<\/strong><\/p>\n<p style=\"font-family: Arial, Helvetica, sans-serif; font-size: 13px; line-height: 20px; \"><strong>Asset<\/strong><strong>\u00a0(Verm\u00f6genswerte)\u00a0<\/strong>\u2013 Ein Sache mit einem gewissen Wert<\/p>\n<p style=\"font-family: Arial, Helvetica, sans-serif; font-size: 13px; line-height: 20px; \"><strong>Aussie<\/strong>\u00a0\u2013 H\u00e4ndlerslang f\u00fcr das Paar AUD\/USD<\/p>\n<p style=\"font-family: Arial, Helvetica, sans-serif; font-size: 13px; line-height: 20px; \">\u00a0<\/p>\n<p style=\"font-family: Arial, Helvetica, sans-serif; font-size: 13px; line-height: 20px; \"><strong>B<\/strong><\/p>\n<p style=\"font-family: Arial, Helvetica, sans-serif; font-size: 13px; line-height: 20px; \"><strong>Base Currency<\/strong>\u00a0<strong>\u00a0(Grundw\u00e4hrung)<\/strong>\u00a0\u2013 Die erste W\u00e4hrung in einem Forex Paar z.B.: bei EUR\/USD ist Euro ist die Grundw\u00e4hrung, und der Dollar ist die quotierte W\u00e4hrung.<\/p>\n<p style=\"font-family: Arial, Helvetica, sans-serif; font-size: 13px; line-height: 20px; \"><strong>Bear<\/strong>\u00a0<strong>\u00a0(B\u00e4r)\u00a0<\/strong>\u2013 Ein H\u00e4ndler, der denkt, dass der Preis hinabgehen wird.<\/p>\n<p style=\"font-family: Arial, Helvetica, sans-serif; font-size: 13px; line-height: 20px; \"><strong>Bear Market<\/strong>\u00a0<strong>\u00a0(B\u00e4rischer Markt)\u00a0<\/strong>\u2013 Ein Markt, der f\u00fcr eine ausgedehnte Zeitspanne gesunken ist.<\/p>\n<p style=\"font-family: Arial, Helvetica, sans-serif; font-size: 13px; line-height: 20px; \"><strong>Brokerage Firm<\/strong>\u00a0<strong>\u00a0(Brokerfirma)<\/strong>\u00a0\u2013 Auch einfach bekannt als ein \u201eBroker\u201c, ist eine Firma, die Dienste f\u00fcr ein Individuum und berufliche H\u00e4ndler anbietet.<\/p>\n<p style=\"font-family: Arial, Helvetica, sans-serif; font-size: 13px; line-height: 20px; \"><strong>Bull (Bulle)\u00a0<\/strong>&#8211; Ein H\u00e4ndler, der denkt, dass der Preis steigen wird.<\/p>\n<p style=\"font-family: Arial, Helvetica, sans-serif; font-size: 13px; line-height: 20px; \"><strong>Bull market<\/strong>\u00a0<strong>\u00a0(Bullischer Markt)<\/strong>\u00a0&#8211; Ein Markt, der f\u00fcr eine ausgedehnte Zeitspanne gestiegen ist.<\/p>\n<p style=\"font-family: Arial, Helvetica, sans-serif; font-size: 13px; line-height: 20px; \"><strong>Buy Limit<\/strong>\u00a0(<strong>Kauflimit)\u00a0<\/strong>\u2013 Ein Auftrag eine W\u00e4hrung bei einem niedrigeren Preis zu kaufen.<\/p>\n<p style=\"font-family: Arial, Helvetica, sans-serif; font-size: 13px; line-height: 20px; \"><strong>Buy Stop<\/strong>\u00a0(<strong>Absicherungs-Stopp)\u00a0<\/strong>&#8211; Ein Auftrag, eine W\u00e4hrung bei einem h\u00f6heren Preis zu kaufen.<\/p>\n<p style=\"font-family: Arial, Helvetica, sans-serif; font-size: 13px; line-height: 20px; \">\u00a0<\/p>\n<p style=\"font-family: Arial, Helvetica, sans-serif; font-size: 13px; line-height: 20px; \"><strong>C<\/strong><\/p>\n<p style=\"font-family: Arial, Helvetica, sans-serif; font-size: 13px; line-height: 20px; \"><strong>Chartist\u00a0<\/strong>\u2013 Eine Person, die Preisbewegung analysiert und versucht \u00a0zuk\u00fcnftige Bewegungen durch das Untersuchen von vorherigen Bewegungen vorauszusagen, die er auf einem Diagramm aufgezeichnet hat.<\/p>\n<p style=\"font-family: Arial, Helvetica, sans-serif; font-size: 13px; line-height: 20px; \"><strong>Correlation<\/strong><strong>\u00a0(Korrelation)<\/strong>\u00a0\u2013 Eine Beziehung, die zwischen zwei W\u00e4hrungen existiert. Zum Beispiel wenn der EUR positiv mit dem GBP korreliert. Dann wenn EUR\/USD steigt, ist es m\u00f6glich, dass GBP\/USD auch steigen wird.<\/p>\n<p style=\"font-family: Arial, Helvetica, sans-serif; font-size: 13px; line-height: 20px; \"><strong>Day Trader\u00a0<\/strong>\u2013 Ein H\u00e4ndler, der gew\u00f6hnlich seine ganzen Handelsauftr\u00e4ge innerhalb eines Tages abschlie\u00dft, und er profitierend von kurzfristigen Bewegungen.<\/p>\n<p style=\"font-family: Arial, Helvetica, sans-serif; font-size: 13px; line-height: 20px; \"><strong>Foreign Exchange<\/strong>\u00a0<strong>\u00a0(Devisenhandel)<\/strong>\u00a0\u2013 Verkaufend oder Kauf eine W\u00e4hrung gegen einen andere. \u201e<strong>Forex<\/strong>\u201c ist das Akronym f\u00fcr\u00a0<strong>For<\/strong>eign\u00a0<strong>Ex<\/strong>change.\u00a0<\/p>\n<p style=\"font-family: Arial, Helvetica, sans-serif; font-size: 13px; line-height: 20px; \"><strong>F<\/strong><\/p>\n<p style=\"font-family: Arial, Helvetica, sans-serif; font-size: 13px; line-height: 20px; \"><strong>Fundamentalist<\/strong>\u00a0\u2013 ein H\u00e4ndler, der seine Entscheidungen auf fundamentaler Analyse basiert.<\/p>\n<p style=\"font-family: Arial, Helvetica, sans-serif; font-size: 13px; line-height: 20px; \"><strong>Fundamental Analysis<\/strong>\u00a0<strong>\u00a0(Fundamentale Analyse)<\/strong>\u00a0\u2013 Eine Art der Analyse, welche das wirtschaftliche Umfeld studiert und die wirtschaftlichen Faktoren, welche die Bewegung von W\u00e4hrungen beeinflussen.<\/p>\n<p style=\"font-family: Arial, Helvetica, sans-serif; font-size: 13px; line-height: 20px; \">\u00a0<\/p>\n<p style=\"font-family: Arial, Helvetica, sans-serif; font-size: 13px; line-height: 20px; \"><strong>G<\/strong><\/p>\n<p style=\"font-family: Arial, Helvetica, sans-serif; font-size: 13px; line-height: 20px; \"><strong>Going Long<\/strong>\u00a0 \u2013 Kaufen eines W\u00e4hrungspaars<\/p>\n<p style=\"font-family: Arial, Helvetica, sans-serif; font-size: 13px; line-height: 20px; \"><strong>Going Short<\/strong>\u00a0 \u2013 Verkaufen eines W\u00e4hrungspaars<\/p>\n<p style=\"font-family: Arial, Helvetica, sans-serif; font-size: 13px; line-height: 20px; \">\u00a0<\/p>\n<p style=\"font-family: Arial, Helvetica, sans-serif; font-size: 13px; line-height: 20px; \"><strong>I<\/strong><\/p>\n<p style=\"font-family: Arial, Helvetica, sans-serif; font-size: 13px; line-height: 20px; \"><strong>Introducing Broker<\/strong>\u00a0 \u2013 Eine Person oder Firma, die einer Brokerfirma einen Kunden f\u00fcr eine Kommission vorstellt.<\/p>\n<p style=\"font-family: Arial, Helvetica, sans-serif; font-size: 13px; line-height: 20px; \">\u00a0\u00a0\u00a0\u00a0\u00a0\u00a0\u00a0\u00a0\u00a0\u00a0\u00a0\u00a0\u00a0\u00a0\u00a0\u00a0\u00a0\u00a0\u00a0\u00a0\u00a0\u00a0\u00a0\u00a0\u00a0\u00a0\u00a0\u00a0\u00a0\u00a0\u00a0\u00a0\u00a0\u00a0\u00a0\u00a0\u00a0\u00a0\u00a0\u00a0\u00a0\u00a0\u00a0\u00a0\u00a0\u00a0\u00a0\u00a0\u00a0\u00a0\u00a0\u00a0\u00a0\u00a0\u00a0\u00a0\u00a0\u00a0<\/p>\n<p style=\"font-family: Arial, Helvetica, sans-serif; font-size: 13px; line-height: 20px; \"><strong>M<\/strong><\/p>\n<p style=\"font-family: Arial, Helvetica, sans-serif; font-size: 13px; line-height: 20px; \"><strong>Margin<\/strong>\u00a0\u2013 Der erforderliche Geldbetrag, um eine Position offen zu halten<\/p>\n<p style=\"font-family: Arial, Helvetica, sans-serif; font-size: 13px; line-height: 20px; \"><strong>Margin Call<\/strong>\u00a0(<strong>Margenausgleich)\u00a0<\/strong>\u2013 Eine Notifikation von Ihrer Brokerfirma, dass Sie mehr Geld deponieren m\u00fcssen, weil der Wert Ihres Kontos unter den erforderlichen Margin f\u00fcr Ihre offene Position gefallen ist.<\/p>\n<p style=\"font-family: Arial, Helvetica, sans-serif; font-size: 13px; line-height: 20px; \"><strong>Market Order<\/strong>\u00a0<strong>\u00a0(Auftragserteilung)\u00a0<\/strong>\u2013 Eine Auftrag eine Transaktion beim besten verf\u00fcgbaren Preis sofort zu beginnen.<\/p>\n<p style=\"font-family: Arial, Helvetica, sans-serif; font-size: 13px; line-height: 20px; \"><strong>Martingale<\/strong>\u00a0 \u2013 Wird oft auch Martingale-System genannt, diese Spielstrategie erfordert, dass der Spieler den Betrag nach jedem Verlust verdoppelt. Ein Sieg w\u00fcrde dann vorherige Verluste ausgleichen, und w\u00fcrde Ihnen einen kleinen Gewinn bringen, aber der Geldbetrag mit diesem System kann auf Grund des exponentiellen Wachstums der Positionsgr\u00f6\u00dfe sehr hoch werden.<\/p>\n<p style=\"font-family: Arial, Helvetica, sans-serif; font-size: 13px; line-height: 20px; \"><strong>Moving Average<\/strong><strong>\u00a0(gleitende Durchschnittspreis)<\/strong>\u00a0\u2013 Gew\u00f6hnlich als eine Linie auf einem Diagramm gezeichnet, der Moving Average ist eine Darstellung des Preises, kalkulierten durch die Berechnen des Preisdurchschnitts f\u00fcr eine gegebene Periode. Es gibt verschiedene Formeln f\u00fcr verschiedene Arten von Moving Averages.<\/p>\n<p style=\"font-family: Arial, Helvetica, sans-serif; font-size: 13px; line-height: 20px; \">\u00a0<\/p>\n<p style=\"font-family: Arial, Helvetica, sans-serif; font-size: 13px; line-height: 20px; \"><strong>N<\/strong><\/p>\n<p style=\"font-family: Arial, Helvetica, sans-serif; font-size: 13px; line-height: 20px; \"><strong>News Trader<\/strong>\u00a0\u2013 Ein H\u00e4ndler, der seine Handelsentscheidungen auf den unmittelbaren Einfluss von Nachrichten auf den Finanzmarkt basiert.<\/p>\n<p style=\"font-family: Arial, Helvetica, sans-serif; font-size: 13px; line-height: 20px; \">\u00a0<\/p>\n<p style=\"font-family: Arial, Helvetica, sans-serif; font-size: 13px; line-height: 20px; \"><strong>O<\/strong><\/p>\n<p style=\"font-family: Arial, Helvetica, sans-serif; font-size: 13px; line-height: 20px; \"><strong>Oscillators<\/strong><strong>\u00a0(Oszillatoren)<\/strong>\u00a0\u2013 Technische Anzeiger, die durch die Tatsache charakterisiert werden, dass sie \u00fcberkaufte und \u00fcberverkaufte Bedingungen im Markt zeigen.<\/p>\n<p style=\"font-family: Arial, Helvetica, sans-serif; font-size: 13px; line-height: 20px; \">\u00a0<\/p>\n<p style=\"font-family: Arial, Helvetica, sans-serif; font-size: 13px; line-height: 20px; \"><strong>P<\/strong><\/p>\n<p style=\"font-family: Arial, Helvetica, sans-serif; font-size: 13px; line-height: 20px; \"><strong>Pip<\/strong>\u00a0\u2013 Die kleinste angezeigte Bewegung im Forex. Zum Beispiel wenn die EUR\/USD Angabe 1,2020 ist, und sie hat sich auf 1,2021 bewegt, dann bedeutet dies, dass sie sich um 1 Pip bewegt hat<\/p>\n<p style=\"font-family: Arial, Helvetica, sans-serif; font-size: 13px; line-height: 20px; \">\u00a0<\/p>\n<p style=\"font-family: Arial, Helvetica, sans-serif; font-size: 13px; line-height: 20px; \"><strong>Q<\/strong><\/p>\n<p style=\"font-family: Arial, Helvetica, sans-serif; font-size: 13px; line-height: 20px; \"><strong>Quote Currency<\/strong>\u00a0<strong>\u00a0(Quotierte W\u00e4hrung)<\/strong>\u00a0\u2013 Die zweite W\u00e4hrung in einem W\u00e4hrungspaar. Bei EUR\/USD ist USD die quotierte W\u00e4hrung; bei USD\/JPY ist JPY die quotierte W\u00e4hrung<\/p>\n<p style=\"font-family: Arial, Helvetica, sans-serif; font-size: 13px; line-height: 20px; \">\u00a0<\/p>\n<p style=\"font-family: Arial, Helvetica, sans-serif; font-size: 13px; line-height: 20px; \"><strong>R<\/strong><\/p>\n<p style=\"font-family: Arial, Helvetica, sans-serif; font-size: 13px; line-height: 20px; \"><strong>Rally<\/strong>\u2013 Eine Periode in der die Preise steigen.<\/p>\n<p style=\"font-family: Arial, Helvetica, sans-serif; font-size: 13px; line-height: 20px; \"><strong>Ranging Market<\/strong>\u00a0 \u2013 Eine Periode in der die Preisbewegungen sich in einem horizontalen Kanal bewegt.<\/p>\n<p style=\"font-family: Arial, Helvetica, sans-serif; font-size: 13px; line-height: 20px; \"><strong>Resistance<\/strong><strong>\u00a0(Widerstand)<\/strong>\u00a0\u2013 Ein Preisniveau, wo wir starken Verkaufsdruck sehen k\u00f6nnen<\/p>\n<p style=\"font-family: Arial, Helvetica, sans-serif; font-size: 13px; line-height: 20px; \"><strong>Risk Management<\/strong>\u00a0<strong>\u00a0(Risiko Management)\u00a0<\/strong>\u2013 Der Gebrauch von einer passenden Strategien f\u00fcr die Kontrolle oder Verminderung von Risiko.<\/p>\n<p style=\"font-family: Arial, Helvetica, sans-serif; font-size: 13px; line-height: 20px; \">\u00a0<\/p>\n<p style=\"font-family: Arial, Helvetica, sans-serif; font-size: 13px; line-height: 20px; \"><strong>S<\/strong><\/p>\n<p style=\"font-family: Arial, Helvetica, sans-serif; font-size: 13px; line-height: 20px; \"><strong>Scalping<\/strong>\u00a0\u2013 Eine schnelle Art des Handels, nimmt einen kleinen Gewinn und tritt schnell aus dem Markt aus.<\/p>\n<p style=\"font-family: Arial, Helvetica, sans-serif; font-size: 13px; line-height: 20px; \"><strong>Sell Limit<\/strong>\u00a0\u00a0<strong>(Verkaufslimit)<\/strong>\u00a0\u2013 Ein Auftrag ein W\u00e4hrungspaar an einer h\u00f6heren Preisebene zu verkaufen.<\/p>\n<p style=\"font-family: Arial, Helvetica, sans-serif; font-size: 13px; line-height: 20px; \"><strong>Sell Stop<\/strong>\u00a0 \u2013 Ein Auftrag eine W\u00e4hrung an einer unteren Preisebene zu verkaufen.<\/p>\n<p style=\"font-family: Arial, Helvetica, sans-serif; font-size: 13px; line-height: 20px; \"><strong>Slippage<\/strong>\u00a0\u2013 Wenn ein Handel beim eingegebenen Preis nicht ge\u00f6ffnet oder geschlossen wurde. Dies kann w\u00e4hrend starken Preisschwankungen oder niedriger Liquidit\u00e4t geschehen. Ein anderer Grund kann ein Mangel an Interesse auf Seiten Ihres Brokers sein.<\/p>\n<p style=\"font-family: Arial, Helvetica, sans-serif; font-size: 13px; line-height: 20px; \"><strong>Spread<\/strong>\u00a0\u2013 Der Unterschied zwischen Bid-Preis und Ask-Preis eines Paars.<\/p>\n<p style=\"font-family: Arial, Helvetica, sans-serif; font-size: 13px; line-height: 20px; \"><strong>Stop Loss Order<\/strong>\u00a0\u00a0<strong>(Stop-Loss-Auftr\u00e4ge)<\/strong>\u00a0\u2013 Ein Auftrag eine Transaktion an einer vorausbestimmten H\u00f6he zu schlie\u00dfen. Diese Art des Auftrags hilft das Risiko zu limitieren. Wenn der H\u00e4ndler das W\u00e4hrungspaar gekauft hat, dann wird der Stop-Loss unter den Einstiegspreis gestellt. Wenn der H\u00e4ndler das W\u00e4hrungspaar verkauft hat, dann wird der Stop-Loss \u00fcber den Zugangspreis gestellt.<\/p>\n<p style=\"font-family: Arial, Helvetica, sans-serif; font-size: 13px; line-height: 20px; \"><strong>Support<\/strong>\u00a0\u2013 Eine Ebene, wo wir starken Kaufdruck sehen k\u00f6nnen<\/p>\n<p style=\"font-family: Arial, Helvetica, sans-serif; font-size: 13px; line-height: 20px; \">\u00a0<\/p>\n<p style=\"font-family: Arial, Helvetica, sans-serif; font-size: 13px; line-height: 20px; \"><strong>T<\/strong><\/p>\n<p style=\"font-family: Arial, Helvetica, sans-serif; font-size: 13px; line-height: 20px; \"><strong>Take Profit Order<\/strong>\u00a0<strong>\u00a0(Gewinnmitnahme Auftrag)<\/strong>\u00a0\u2013 Eine Auftrag, der vom H\u00e4ndler gestellt wird, um ihre Gewinne zu sichern, damit verringern sie gleichzeitig ihre Marktrisiken durch das teilweise oder v\u00f6llig Schlie\u00dfen einer Position.<\/p>\n<p style=\"font-family: Arial, Helvetica, sans-serif; font-size: 13px; line-height: 20px; \"><strong>Technical Analysis<\/strong>\u00a0<strong>\u00a0(Technische Analyse)<\/strong>\u00a0\u2013 Eine Methode des Versuchs, zuk\u00fcnftige Preisbewegung durch das Analysieren von vergangenen Daten, Diagrammen, Indikatoren, Moving Averages und andere technische Hilfsmittel vorauszusagen.<\/p>\n<p style=\"font-family: Arial, Helvetica, sans-serif; font-size: 13px; line-height: 20px; \"><strong>Technical Trader<\/strong>\u00a0<strong>\u00a0(Technischer H\u00e4ndler)<\/strong>\u00a0\u2013 Ein H\u00e4ndler, der die technische Analyse benutzt.<\/p>\n<p style=\"font-family: Arial, Helvetica, sans-serif; font-size: 13px; line-height: 20px; \"><strong>Trailing Stop Loss<\/strong>\u00a0 \u2013 \u00c4hnlich wie ein Stop-Loss, aber der Trailing-Stop-Loss\u00a0 bewegt sich hinter dem Preis und folgt ihm, wenn die Preisbewegungen sich in die Richtung Ihres Handels bewegt. Dabei sichert er immer mehr vom Ihrem Gewinn. Wenn die Preisbewegung sich gegen die Richtung Ihres Handels bewegt, dann wird der Trailing-Stop-Loss\u00a0nicht folgen.<\/p>\n<p style=\"font-family: Arial, Helvetica, sans-serif; font-size: 13px; line-height: 20px; \"><strong>Transaction<\/strong><strong>\u00a0(Transaktion)<\/strong>\u00a0\u2013 Kaufen oder verkaufen eins W\u00e4hrungspaars<\/p>\n<p style=\"font-family: Arial, Helvetica, sans-serif; font-size: 13px; line-height: 20px; \"><strong>Trend<\/strong>\u00a0\u00a0\u2013 Derzeitige Richtung des Marktes<\/p>\n<p style=\"font-family: Arial, Helvetica, sans-serif; font-size: 13px; line-height: 20px; \">\u00a0<\/p>\n<p style=\"font-family: Arial, Helvetica, sans-serif; font-size: 13px; line-height: 20px; \"><strong>U<\/strong><\/p>\n<p style=\"font-family: Arial, Helvetica, sans-serif; font-size: 13px; line-height: 20px; \"><strong>Unrealized profit<\/strong>\u00a0<strong>\u00a0(Unrealisierte Gewinne)\u00a0<\/strong>\u2013 Der Gewinn, den ein H\u00e4ndler machen w\u00fcrde, wenn er den Handel zum jetzigen Preis schlie\u00dfen w\u00fcrde.<\/p>\n<p>\u00a0<\/p>\n","protected":false},"excerpt":{"rendered":"<p>\u00a0 A Asset\u00a0(Verm\u00f6genswerte)\u00a0\u2013 Ein Sache mit einem gewissen Wert Aussie\u00a0\u2013 H\u00e4ndlerslang f\u00fcr das Paar AUD\/USD \u00a0 B Base Currency\u00a0\u00a0(Grundw\u00e4hrung)\u00a0\u2013 Die erste W\u00e4hrung in einem Forex Paar z.B.: bei EUR\/USD ist&hellip;<\/p>\n","protected":false},"author":1,"featured_media":0,"parent":0,"menu_order":0,"comment_status":"open","ping_status":"open","template":"","meta":[],"tags":[239,238,237,233,236],"_links":{"self":[{"href":"https:\/\/choose-forex.com\/de\/wp-json\/wp\/v2\/pages\/221\/"}],"collection":[{"href":"https:\/\/choose-forex.com\/de\/wp-json\/wp\/v2\/pages\/"}],"about":[{"href":"https:\/\/choose-forex.com\/de\/wp-json\/wp\/v2\/types\/page\/"}],"author":[{"embeddable":true,"href":"https:\/\/choose-forex.com\/de\/wp-json\/wp\/v2\/users\/1\/"}],"replies":[{"embeddable":true,"href":"https:\/\/choose-forex.com\/de\/wp-json\/wp\/v2\/comments\/?post=221"}],"version-history":[{"count":0,"href":"https:\/\/choose-forex.com\/de\/wp-json\/wp\/v2\/pages\/221\/revisions\/"}],"wp:attachment":[{"href":"https:\/\/choose-forex.com\/de\/wp-json\/wp\/v2\/media\/?parent=221"}],"wp:term":[{"taxonomy":"post_tag","embeddable":true,"href":"https:\/\/choose-forex.com\/de\/wp-json\/wp\/v2\/tags\/?post=221"}],"curies":[{"name":"wp","href":"https:\/\/api.w.org\/{rel}","templated":true}]}}