{"id":227,"date":"2012-07-16T23:24:20","date_gmt":"2012-07-16T23:24:20","guid":{"rendered":"http:\/\/wp1.choose-forex.com\/?p=227"},"modified":"2012-07-16T23:24:20","modified_gmt":"2012-07-16T23:24:20","slug":"arten-von-forex-brokern","status":"publish","type":"page","link":"https:\/\/choose-forex.com\/de\/arten-von-forex-brokern\/","title":{"rendered":"Arten von Forex Brokern"},"content":{"rendered":"\n<p>\u00a0<\/p>\n<p>\u00a0<\/p>\n<p>Sind Sie neu auf dem Gebiet der Geldanlage und wollen heute investieren? Das ist gut, denn es gibt heute zahlreiche Arten von Brokern im Devisenmarkt. Auf ihre Dienste kann heute einfach online zugegriffen werden. Diese sind einige der wichtigsten Arten von Forex Brokern, auf die Sie heute zugreifen k\u00f6nnen:<\/p>\n<p>1.\u00a0\u00a0\u00a0\u00a0<strong>Institutionelle Forex Broker-<\/strong> dies sind Arten von Brokern, die direkt zum Anlagemarkt verbunden sind. Sie bestehen im Grunde aus mehr als zwei hundert Banken, die ein Konsortium bilden und dieses macht ungef\u00e4hr 50 Prozent des Handels an der Wall Street aus. Da nur Banken sich am Handel beteiligen k\u00f6nnen, wird es Erstanlegern nicht geraten dort zu investieren. Dazu geh\u00f6ren ACM, <a href=\"http:\/\/www.saxobank.com\">www.saxobank.com<\/a>, <a href=\"http:\/\/www.fxcm.com\">www.fxcm.com<\/a>, <a href=\"http:\/\/www.afex.com\/\">AFEX<\/a> und andere.<\/p>\n<p>2.\u00a0\u00a0\u00a0\u00a0<strong>Bucket Shops-<\/strong> diese sind Arten von Forex Brokern, die Sie direkt mit den Devisenm\u00e4rkten verbinden. Sie handeln haupts\u00e4chlich mit W\u00e4hrungsoptionen und Futures. Sie f\u00fchren die Auftr\u00e4ge durch, die von Einzelh\u00e4ndlern gemacht werden, aber f\u00fchren sie nicht auf dem Devisenmarkt aus. Es ist daher ein Weg, um gegen Einzelhandel-Broker zu wetten, deshalb sollten Anf\u00e4nger nur mit Bucket Shops investieren, wenn sie eine gro\u00dfe Kapitalbasis haben.<\/p>\n<p>3.\u00a0\u00a0\u00a0\u00a0<strong>Institutionelle Markt-Broker-<\/strong> sie haben einen sehr enge Verbindung zum Devisenmarkt. Kapitalanleger, die zum ersten Mal ihr Gl\u00fcck versuchen k\u00f6nnen hier investieren, aber ein hoher Betrag an Kapital wird ben\u00f6tiget. Perfekte Beispiele hier sind NASDAQ, <a href=\"http:\/\/www.fxall.com\/\">FXALL<\/a> und andere.<\/p>\n<p>4.\u00a0\u00a0\u00a0\u00a0<strong>Einzelhandel-Broker-<\/strong> sie bieten normalerweise eine grenzenlose Auswahl von Handelsdiensten im Devisenmarkt an. Manche sind ein Vermittler f\u00fcr den Zugriff auf den Forex Markt w\u00e4hrend andere direkt mit dem Forex Handel verbunden sind. Zu den Beispielen geh\u00f6ren Gain Capital, FXCM und andere.<\/p>\n<p>5.\u00a0\u00a0\u00a0\u00a0<strong>Buchmacher- <\/strong>ein Buchmacher verdient Geld durch den Unterschied im Spread. Diese Broker haben gew\u00f6hnlich keine Verbindung zum Devisenmarkt. Ein perfektes Beispiel ist Delta Index.<\/p>\n<p>Falls Sie zum ersten Mal investieren, ist es wichtig Hilfe von einem Broker mit Erfahrung zu suchen, weil dies Fachleute sind, die den Markt gut verstehen. Unten sind einige der Leistungen von Forex Brokern:<\/p>\n<p>\u00b7\u00a0\u00a0\u00a0\u00a0\u00a0\u00a0\u00a0\u00a0 <strong>Helfen Ihnen zu lernen-<\/strong> Broker sind sehr freundlich. Sie werden Sie dabei unterst\u00fctzen mehr \u00fcber den Forex Markt zu lernen, und was von Ihnen erwartet wird. Sie erkl\u00e4ren Ihnen den gesetzlichen Rahmen, der im Forex Markt und dem allgemeinen Gesch\u00e4ft vom Aktienhandel besteht.<\/p>\n<p>\u00b7\u00a0\u00a0\u00a0\u00a0\u00a0\u00a0\u00a0\u00a0 <strong>\u00dcbersee-Anlagen-<\/strong> die meisten Leute haben jetzt angefangen in \u00dcbersee zu investieren. Greifen Sie auf einen Broker zur\u00fcck, der gut versiert mit \u00dcbersee-Anlagen ist, dies kann Ihnen die T\u00fcr zu mehr Anlagegelegenheit \u00f6ffnen.<\/p>\n<p>\u00b7\u00a0\u00a0\u00a0\u00a0\u00a0\u00a0\u00a0\u00a0 <strong>Geldverwaltung-<\/strong> ein Broker ist verantwortlich f\u00fcr Ihr Verm\u00f6gen von entweder Eigenkapital oder Anlagefonds. Der Broker leitet daher alle Ihre Investmentfonds in den unterschiedlichen Devisenm\u00e4rkten und verlangt daf\u00fcr ein kleines Honorar.<\/p>\n<p>\u00b7\u00a0\u00a0\u00a0\u00a0\u00a0\u00a0\u00a0\u00a0 <strong>Portfolio-Verwaltung-<\/strong> \u00a0falls Sie ein Neuanf\u00e4nger auf dem Gebiet der Geldanlage sind, oder Sie haben kaum genug Zeit, um sich um Ihre Anlagen zu k\u00fcmmern, dann m\u00fcssen Sie sich nicht sorgen, weil Ihr Broker alles f\u00fcr Sie machen wird. Er wird Ihre Anlagen in den gewinnbringendsten Aktien und Bonds gem\u00e4\u00df Ihrer Risikobereitschaft verteilen.\u00a0<\/p>\n<p><!-- AddThis Button BEGIN --><\/p>\n<div class=\"addthis_toolbox addthis_default_style \">\n\t\u00a0<\/div>\n<p><script type=\"text\/javascript\">\n<!--\/\/--><![CDATA[\/\/ ><!--\nvar addthis_config = {\"data_track_addressbar\":true};\n\/\/--><!]]>\n<\/script><script type=\"text\/javascript\" src=\"http:\/\/s7.addthis.com\/js\/250\/addthis_widget.js#pubid=ra-4f8cf2685b632727\"><\/script><!-- AddThis Button END --><\/p>\n","protected":false},"excerpt":{"rendered":"<p>\u00a0 \u00a0 Sind Sie neu auf dem Gebiet der Geldanlage und wollen heute investieren? Das ist gut, denn es gibt heute zahlreiche Arten von Brokern im Devisenmarkt. Auf ihre Dienste&hellip;<\/p>\n","protected":false},"author":1,"featured_media":0,"parent":0,"menu_order":0,"comment_status":"open","ping_status":"open","template":"","meta":[],"tags":[256,255],"_links":{"self":[{"href":"https:\/\/choose-forex.com\/de\/wp-json\/wp\/v2\/pages\/227\/"}],"collection":[{"href":"https:\/\/choose-forex.com\/de\/wp-json\/wp\/v2\/pages\/"}],"about":[{"href":"https:\/\/choose-forex.com\/de\/wp-json\/wp\/v2\/types\/page\/"}],"author":[{"embeddable":true,"href":"https:\/\/choose-forex.com\/de\/wp-json\/wp\/v2\/users\/1\/"}],"replies":[{"embeddable":true,"href":"https:\/\/choose-forex.com\/de\/wp-json\/wp\/v2\/comments\/?post=227"}],"version-history":[{"count":0,"href":"https:\/\/choose-forex.com\/de\/wp-json\/wp\/v2\/pages\/227\/revisions\/"}],"wp:attachment":[{"href":"https:\/\/choose-forex.com\/de\/wp-json\/wp\/v2\/media\/?parent=227"}],"wp:term":[{"taxonomy":"post_tag","embeddable":true,"href":"https:\/\/choose-forex.com\/de\/wp-json\/wp\/v2\/tags\/?post=227"}],"curies":[{"name":"wp","href":"https:\/\/api.w.org\/{rel}","templated":true}]}}