{"id":228,"date":"2012-07-16T23:18:11","date_gmt":"2012-07-16T23:18:11","guid":{"rendered":"http:\/\/wp1.choose-forex.com\/?p=228"},"modified":"2012-07-16T23:18:11","modified_gmt":"2012-07-16T23:18:11","slug":"trade-strategies","status":"publish","type":"page","link":"https:\/\/choose-forex.com\/de\/trade-strategies\/","title":{"rendered":"Trade Strategies"},"content":{"rendered":"\n<p>\u00a0<\/p>\n<p style=\"font-family: Arial, Helvetica, sans-serif; font-size: 13px; line-height: 20px; \">Eine Auswahl zwischen zwei oder mehreren verschiedenen Handelsstrategien zu machen kann eine ziemlich entmutigende Aufgabe sein. Aber das ist normal f\u00fcr jeden Kapitalanleger, der neu im Markt ist. Die Erfahrung wird sich jedoch mit der Zeit einstellen. Aber diese Erfahrung beruht normalerweise auf einer best\u00e4ndigen Erwerbung von Kenntnissen, die sich auf eine besondere Handelsstrategie beziehen.<\/p>\n<p style=\"font-family: Arial, Helvetica, sans-serif; font-size: 13px; line-height: 20px; \">Bevor Sie anfangen, sollten Sie sich mit den verschiedenen verf\u00fcgbaren Arten von Handelsstrategien vertraut machen, und dann einen perfekten Handelsplan entwickeln. Dies kann Ihnen dabei \u00a0helfen, Ihre Wahlen bei der Auswahl der besten Aktien im Markt einzuengen.<\/p>\n<p style=\"font-family: Arial, Helvetica, sans-serif; font-size: 13px; line-height: 20px; \">Um Ihre Chancen auf einen Profit zu vermehren, k\u00f6nnen Sie eine fundamentale Analyse oder technische Analyse verwenden und auch andere Hilfsmittel benutzen, die zu Ihrer Verf\u00fcgung stehen. Die fundamentale Analyse ist eine Schule des Gedankens, die sich auf die Faktoren konzentriert, welche die Aktien beeinflussen, w\u00e4hrend die technische Analysen sich auf die Preisbewegung von einer bestimmten Anlage konzentriert.<\/p>\n<p style=\"font-family: Arial, Helvetica, sans-serif; font-size: 13px; line-height: 20px; \">Wenn Sie bald auf Ihr Geld zugreifen m\u00fcssen, dann k\u00f6nnen Sie in kurzfristige Aktien investieren und dabei relevanten Strategien verwenden. Die andere M\u00f6glichkeit sind langfristige Aktien, wo Sie eine Kauf und Haltestrategie benutzen.<\/p>\n<p style=\"font-family: Arial, Helvetica, sans-serif; font-size: 13px; line-height: 20px; \">Falls Sie die Aktien in Ihrem Portfolio diversifizieren wollen, dann m\u00fcssen Sie sich mit Diversifizierungsstrategien besch\u00e4ftigen, die ein eintr\u00e4gliches Ergebnisse bringen. Bedenken Sie, dass Sie andauernd mehreren \u00c4nderungen an Ihren Aktien vornehmen m\u00fcssen, um Ihr Gesamtergebnisse zu verbessern. Zudem gewinnt Impulsaktienhandel schnelle an Popularit\u00e4t.<\/p>\n<p style=\"font-family: Arial, Helvetica, sans-serif; font-size: 13px; line-height: 20px; \">Sie k\u00f6nnten sich auch mit Kleinaktienhandel besch\u00e4ftigen, wo Sie im unteren Teil der Wertpapiere anlegen, die eine verh\u00e4ltnism\u00e4\u00dfig kleine Marktkapitalisierung haben, und deshalb unter $10 f\u00fcr jede Aktie wert sind. Sie m\u00fcssen jedoch die Vorteile sowie die Gefahren von jeder dieser Aktien verstehen.<\/p>\n<p style=\"font-family: Arial, Helvetica, sans-serif; font-size: 13px; line-height: 20px; \">Eine andere interessante Handelsstrategie folgt dem Insiderhandelssystem, das von der Securities und Exchange Commission geregelt worden ist. Dies kann f\u00fcr alle Arten des Handels angewendet werden. Andere Kapitalanleger besch\u00e4ftigen sich auch mit dem Gap-Trading, wo der Handel im Grunde an extremen Stellen durchgef\u00fchrt wird und entweder niedriger oder h\u00f6her w\u00e4hrend der \u00d6ffnung einer L\u00fccke eingestiegen wird.<\/p>\n<p style=\"font-family: Arial, Helvetica, sans-serif; font-size: 13px; line-height: 20px; \">F\u00fcr den Erfolg von den meisten Gesch\u00e4ften ist der Handelnd nach B\u00f6rsenschluss auch wichtig, Sie fangen dann in den fr\u00fchen Stunden des Tags an zu handeln (Premarket B\u00f6rsenhandel) oder sehr sp\u00e4t, wenn jede andere Person den Tag schon abgeschlossen hat (After Hours B\u00f6rsenhandel). Das Shorting von Aktien ist noch eine andere Strategie, wobei der Kapitalanleger einen Gewinn von einer Abnahme des Preises von Aktien verdient.<\/p>\n<p style=\"font-family: Arial, Helvetica, sans-serif; font-size: 13px; line-height: 20px; \">Der Handel nach Nachrichten ist eine andere Strategie, die popul\u00e4r wird. In diesem Fall h\u00e4ngt die Entscheidung \u00fcber eine Investition der Kapitalanleger von Echtzeitnachrichten ab. Dies k\u00f6nnte das Umfeld der Aktien betreffen, und die Faktoren welche die Firma in Frage betreffen.<\/p>\n<p>\u00a0<\/p>\n<p><!-- AddThis Button BEGIN --><\/p>\n<div class=\"addthis_toolbox addthis_default_style \">\n\t\u00a0<\/div>\n<p><script type=\"text\/javascript\">\n<!--\/\/--><![CDATA[\/\/ ><!--\nvar addthis_config = {\"data_track_addressbar\":true};\n\/\/--><!]]>\n<\/script><script type=\"text\/javascript\" src=\"http:\/\/s7.addthis.com\/js\/250\/addthis_widget.js#pubid=ra-4f8cf2685b632727\"><\/script><!-- AddThis Button END --><\/p>\n","protected":false},"excerpt":{"rendered":"<p>\u00a0 Eine Auswahl zwischen zwei oder mehreren verschiedenen Handelsstrategien zu machen kann eine ziemlich entmutigende Aufgabe sein. Aber das ist normal f\u00fcr jeden Kapitalanleger, der neu im Markt ist. Die&hellip;<\/p>\n","protected":false},"author":1,"featured_media":0,"parent":0,"menu_order":0,"comment_status":"open","ping_status":"open","template":"","meta":[],"tags":[241],"_links":{"self":[{"href":"https:\/\/choose-forex.com\/de\/wp-json\/wp\/v2\/pages\/228\/"}],"collection":[{"href":"https:\/\/choose-forex.com\/de\/wp-json\/wp\/v2\/pages\/"}],"about":[{"href":"https:\/\/choose-forex.com\/de\/wp-json\/wp\/v2\/types\/page\/"}],"author":[{"embeddable":true,"href":"https:\/\/choose-forex.com\/de\/wp-json\/wp\/v2\/users\/1\/"}],"replies":[{"embeddable":true,"href":"https:\/\/choose-forex.com\/de\/wp-json\/wp\/v2\/comments\/?post=228"}],"version-history":[{"count":0,"href":"https:\/\/choose-forex.com\/de\/wp-json\/wp\/v2\/pages\/228\/revisions\/"}],"wp:attachment":[{"href":"https:\/\/choose-forex.com\/de\/wp-json\/wp\/v2\/media\/?parent=228"}],"wp:term":[{"taxonomy":"post_tag","embeddable":true,"href":"https:\/\/choose-forex.com\/de\/wp-json\/wp\/v2\/tags\/?post=228"}],"curies":[{"name":"wp","href":"https:\/\/api.w.org\/{rel}","templated":true}]}}