{"id":239,"date":"2012-07-16T21:59:47","date_gmt":"2012-07-16T21:59:47","guid":{"rendered":"http:\/\/wp1.choose-forex.com\/?p=239"},"modified":"2012-07-16T21:59:47","modified_gmt":"2012-07-16T21:59:47","slug":"handelsplattformen","status":"publish","type":"page","link":"https:\/\/choose-forex.com\/de\/handelsplattformen\/","title":{"rendered":"Handelsplattformen"},"content":{"rendered":"\n<p>\u00a0 \u00a0 \u00a0 \u00a0 \u00a0 \u00a0 \u00a0 \u00a0 \u00a0\u00a0<span style=\"font-family: Arial, sans-serif; font-size: 6.5pt; line-height: 115%; \">In den fr\u00fchen Anfangsjahren basierte der Handel auf dem Lesen von B\u00e4ndern, und wenn Sie den durchschnittlichen Wert f\u00fcr eine gewisse Bewegung herausfinden wollten, mussten Sie ihn mit der Hand kalkulieren. Jetzt k\u00f6nnen wir mit Hilfe von Chartsoftware 10 Indikatoren auf einem Diagramm darstellen und die Plattformen, die wir benutzen machen die ganzen n\u00f6tigen Kalkulationen von selbst. Das ist einer der gr\u00f6\u00dften Vorteile, den wir vom technologischen Fortschritt haben, und in diesem Artikel werden wir uns auf die am H\u00e4ufigsten verwendeten elektronischen Plattformen f\u00fcr den Einzelhandel konzentrieren.<\/span><\/p>\n<p>\u00a0\u00a0\u00a0\u00a0\u00a0<img alt=\"\" src=\"\/sites\/default\/files\/u46\/index.jpeg\" style=\"width: 68px; height: 63px;\" \/>\u00a0<u><span lang=\"DE\" style=\"font-size: 6.5pt; line-height: 115%; font-family: Arial, sans-serif; \" xml:lang=\"DE\">MetaTrader 4.<\/span><\/u><span lang=\"DE\" style=\"font-size: 6.5pt; line-height: 115%; font-family: Arial, sans-serif; \" xml:lang=\"DE\">\u00a0Wurde von MetaQuotes Software Corp entwickelt und in 2005 freigegeben. Die Softwarelizenzen werden an die Online-Broker ausgegeben, und sie stellen diese dann f\u00fcr ihre Kunden bereit. Sie besteht aus einem Server- und einem Client-Komponenten. Der Client-Teil wird dem Kunden zur Verf\u00fcgung gestellt, w\u00e4hrend der Server-Teil beim Broker l\u00e4uft. Meta Trader 4 ist allgemein beliebt, weil er zu einem hohen Grad angepasst werden kann, denn er gestattet: Sie k\u00f6nnen Ihre eigenen Expert Advisors erschaffen oder Scripts, und folglich haben Sie ein automatisiertes Verfahren f\u00fcr den Handel.<\/span><\/p>\n<p><a href=\"\/sites\/default\/files\/u46\/mt4.jpg\" data-rel=\"penci-gallery-image-content\"  target=\"_blank\"><img alt=\"\" src=\"\/sites\/default\/files\/u46\/mt4.jpg\" style=\"width: 415px; height: 220px; margin-left: 60px; margin-right: 60px;\" \/><\/a><\/p>\n<p>\u00a0 \u00a0 \u00a0 \u00a0 \u00a0\u00a0 \u00a0 \u00a0 \u00a0 \u00a0 \u00a0 Eine gro\u00dfe Hilfe beim Bestimmen von Trends und dynamischen Preisen kommt von analytischen Hilfsmitteln wie Cannels, Trendlinien, Gann oder Fibonacci Hilfsmitteln. Meta Trader 4 hat 32 eingebaut Hilfsmittel und Chartsoftware, um mit Ihrer Analyse zu helfen.<\/p>\n<p><a href=\"\/sites\/default\/files\/u46\/metatrader4_analytical_tool_en.png\" data-rel=\"penci-gallery-image-content\"  target=\"_blank\"><img alt=\"\" src=\"\/sites\/default\/files\/u46\/metatrader4_analytical_tool_en.png\" style=\"width: 421px; height: 200px; margin-left: 60px; margin-right: 60px;\" \/><\/a><\/p>\n<p>\u00a0 \u00a0 \u00a0 \u00a0 \u00a0 \u00a0\u00a0 \u00a0 \u00a0 \u00a0 \u00a0 \u00a0 \u00a0Das Terminal speichert auch das Geschehen von Ihrem ganzen Handeln, damit Sie sp\u00e4ter Ihre Handelsf\u00e4higkeit und die Erfolgsrate Ihrer Strategie analysieren k\u00f6nnen. Der eingebaute Nachrichtensender h\u00e4lt Sie mit den neusten wirtschaftlichen und politischen Nachrichten auf dem Laufenden.<\/p>\n<p>Expert Advisors k\u00f6nnen innerhalb des Meta Trader 4 Terminals eingebaut werden, um Ihren Handel zu automatisieren. Wenn irgendeine Fehler beim Kompilieren des Programms entdeckt wird, dann wird es Ihnen durch den Terminal mitgeteilt werden. Nachdem der EA erfolgreich kompiliert wurde, kann er zum Handel oder f\u00fcr die Pr\u00fcfung einer Strategie benutzt werden.<\/p>\n<p><a href=\"\/sites\/default\/files\/u46\/metaeditor_expert_advisor_compilation_error_en.png\" data-rel=\"penci-gallery-image-content\"  target=\"_blank\"><img alt=\"\" src=\"\/sites\/default\/files\/u46\/metaeditor_expert_advisor_compilation_error_en.png\" style=\"width: 423px; height: 203px; margin-left: 60px; margin-right: 60px;\" \/><\/a><\/p>\n<p>\u00a0 \u00a0 \u00a0 \u00a0 \u00a0\u00a0\u00a0 \u00a0 \u00a0 \u00a0 \u00a0 \u00a0 Meta Trader 4 bietet auch eine vollst\u00e4ndig mobile Plattform f\u00fcr H\u00e4ndler an, die ihren Computer verlassen m\u00fcssen aber keine gute Handelsgelegenheit verpassen wollen. Zurzeit ist Meta Trader 4 die beliebteste Handelsplattform unter Einzelinvestoren, die fast von allen Brokern angeboten wird, selbst wenn sie eine eigene Handels-Software besitzen. \u00a0<\/p>\n<p>\u00a0\u00a0\u00a0\u00a0\u00a0\u00a0\u00a0\u00a0\u00a0\u00a0\u00a0 Eine Plattform, die immer beliebt wird, ist <strong>ACT Trader<\/strong>. Der Grund daf\u00fcr, dass ACT Trader an Popularit\u00e4t gewinnt, ist weil die Men\u00fcs intuitiv zu verstehen sind, und die Plattform dadurch einfacher zu benutzen ist, aber gleichzeitig gibt es viele Optionen f\u00fcr die H\u00e4ndler, die etwas kompliziertere Handels-Auftr\u00e4ge brauchen, um in den Markt einzutreten.<\/p>\n<p><a href=\"\/sites\/default\/files\/u46\/wb_img_40.png\" data-rel=\"penci-gallery-image-content\"  target=\"_blank\"><img alt=\"\" src=\"\/sites\/default\/files\/u46\/wb_img_40.png\" style=\"width: 423px; height: 240px; margin-left: 60px; margin-right: 60px;\" \/><\/a><\/p>\n<p>\u00a0 \u00a0 \u00a0 \u00a0 \u00a0 \u00a0\u00a0\u00a0 \u00a0 \u00a0 \u00a0 \u00a0 \u00a0 \u00a0Entwickelt von ActForex INC. wird Act Trader von mehr und mehr Broker als eine freie Chartsoftware angeboten, wenn Sie ein Konto bei ihnen er\u00f6ffnen. Sie bieten auch eine gro\u00dfe Vielfalt von anderen Plattformen f\u00fcr das Internet, Androiden oder IPad \u2013 ActWebTrader, ActPhone, ActPad und ActDroid an.<\/p>\n<p>\u00a0\u00a0\u00a0\u00a0\u00a0\u00a0\u00a0\u00a0\u00a0\u00a0\u00a0\u00a0 Als eine neue Entwicklung hat ActForex den ActVAT, einen Visual Strategy Editor vorgestellt, der es Ihnen gestatten automatisierte Strategien zu entwickeln ohne Codelinien zu schreiben.<\/p>\n<p><a href=\"\/sites\/default\/files\/u46\/vat_01.png\" data-rel=\"penci-gallery-image-content\"  target=\"_blank\"><img alt=\"\" src=\"\/sites\/default\/files\/u46\/vat_01.png\" style=\"width: 436px; height: 226px; margin-left: 60px; margin-right: 60px;\" \/><\/a><\/p>\n<p>\u00a0<\/p>\n<p>\u00a0 \u00a0 \u00a0 \u00a0 \u00a0 \u00a0Eine andere interessante und zuverl\u00e4ssige Plattform ist Ninja Trader, die von NinjaTrader LLC entwickelt wurde, diese Firma wurde in 2006 gegr\u00fcndet und hat seinen Hauptsitz in Denver, Colorado.<\/p>\n<p><a href=\"\/sites\/default\/files\/u46\/advancedchartinglg.png\" data-rel=\"penci-gallery-image-content\"  target=\"_blank\"><img alt=\"\" src=\"\/sites\/default\/files\/u46\/advancedchartinglg.png\" style=\"width: 423px; height: 193px; margin-left: 60px; margin-right: 60px;\" \/><\/a><\/p>\n<p>\u00a0 \u00a0 \u00a0 \u00a0 \u00a0 \u00a0 \u00a0 \u00a0\u00a0 \u00a0 \u00a0 \u00a0 \u00a0 \u00a0 \u00a0 \u00a0 Eine interessante Funktion von Ninja Trader ist der Trade Simulator, der die M\u00f6glichkeit anbietet, Ihre Strategien mit einer v\u00f6lligen Simulation der Handels-Auftr\u00e4ge zu testen. In der Anfangsphase des Handels sollen Sie durch Simulationen das Handeln lernen, und die sachkundigen H\u00e4ndler m\u00fcssen die Marksituationen simulieren, um neue Handelskonzepte oder neue Strategien zu pr\u00fcfen, und Ninja Trader bietet genau dies an.<\/p>\n<p>F\u00fcr einen neuen H\u00e4ndler ist die Wahl der Plattform eine wichtige Angelegenheit, weil Sie sich mit der Software, die Sie benutzen wohlf\u00fchlen m\u00fcssen. Wenn Sie keine komplizierten Handels-Auftr\u00e4ge ben\u00f6tigen, um eine Position einzugeben, oder wenn Sie nicht viele Positionen auf einmal ge\u00f6ffnet haben, dann verwenden Sie lieber eine einfache aber zuverl\u00e4ssige Plattform.<\/p>\n<p><!-- AddThis Button BEGIN --><\/p>\n<div class=\"addthis_toolbox addthis_default_style \">\n\t\u00a0<\/div>\n<p><script type=\"text\/javascript\">\n<!--\/\/--><![CDATA[\/\/ ><!--\nvar addthis_config = {\"data_track_addressbar\":true};\n\/\/--><!]]>\n<\/script><script type=\"text\/javascript\" src=\"http:\/\/s7.addthis.com\/js\/250\/addthis_widget.js#pubid=ra-4f8cf2685b632727\"><\/script><!-- AddThis Button END --><\/p>\n","protected":false},"excerpt":{"rendered":"<p>\u00a0 \u00a0 \u00a0 \u00a0 \u00a0 \u00a0 \u00a0 \u00a0 \u00a0\u00a0In den fr\u00fchen Anfangsjahren basierte der Handel auf dem Lesen von B\u00e4ndern, und wenn Sie den durchschnittlichen Wert f\u00fcr eine gewisse Bewegung&hellip;<\/p>\n","protected":false},"author":1,"featured_media":0,"parent":0,"menu_order":0,"comment_status":"open","ping_status":"open","template":"","meta":[],"tags":[286,287,284,285,283],"_links":{"self":[{"href":"https:\/\/choose-forex.com\/de\/wp-json\/wp\/v2\/pages\/239\/"}],"collection":[{"href":"https:\/\/choose-forex.com\/de\/wp-json\/wp\/v2\/pages\/"}],"about":[{"href":"https:\/\/choose-forex.com\/de\/wp-json\/wp\/v2\/types\/page\/"}],"author":[{"embeddable":true,"href":"https:\/\/choose-forex.com\/de\/wp-json\/wp\/v2\/users\/1\/"}],"replies":[{"embeddable":true,"href":"https:\/\/choose-forex.com\/de\/wp-json\/wp\/v2\/comments\/?post=239"}],"version-history":[{"count":0,"href":"https:\/\/choose-forex.com\/de\/wp-json\/wp\/v2\/pages\/239\/revisions\/"}],"wp:attachment":[{"href":"https:\/\/choose-forex.com\/de\/wp-json\/wp\/v2\/media\/?parent=239"}],"wp:term":[{"taxonomy":"post_tag","embeddable":true,"href":"https:\/\/choose-forex.com\/de\/wp-json\/wp\/v2\/tags\/?post=239"}],"curies":[{"name":"wp","href":"https:\/\/api.w.org\/{rel}","templated":true}]}}