{"id":255,"date":"2012-07-16T15:02:41","date_gmt":"2012-07-16T15:02:41","guid":{"rendered":"http:\/\/wp1.choose-forex.com\/?p=255"},"modified":"2012-07-16T15:02:41","modified_gmt":"2012-07-16T15:02:41","slug":"2-wahlen-sie-einen-broker","status":"publish","type":"page","link":"https:\/\/choose-forex.com\/de\/2-wahlen-sie-einen-broker\/","title":{"rendered":"2. W\u00e4hlen Sie einen Broker"},"content":{"rendered":"\n<p>\u00a0<\/p>\n<p>Einen Broker zu w\u00e4hlen, ist eine schwierige und eigent\u00fcmliche Aufgabe, sie ist jedoch auch unglaublich gewinnbringend &#8211; wenn Sie mit einer geordneten Methode durchgef\u00fchrt wird. Jetzt aber was sind die Dinge, die man anschauen muss, bevor man einen zuverl\u00e4ssigen Broker w\u00e4hlt? Jeder wei\u00df, dass der Forex Handel eine bemerkenswert gewinnbringende Gesch\u00e4ftsangelegenheit ist. Er deckt einen gro\u00dfen Bereich ab, und wenn er nutzbringend genutzt wird, hat er das Potential ein Verm\u00f6gen f\u00fcr jeden zu machen. Trotzdem sollte man die Herausforderungen nicht untersch\u00e4tzen, die bei dieser fortschrittlichen Form der Geldanlage liegen.<\/p>\n<p><!--break--><\/p>\n<div>\n<div>\n\t\t\u00a0<\/div>\n<div>\n<p>Bei Devisenhandel-Online betonen wir, dass man vor einem Eintritt in die Forex<\/p>\n<p>M\u00e4rkte genau Verstehen muss, dass dies ein auf Implikationen basiertes Gesch\u00e4ft<\/p>\n<p>ist. Und es ist daher egal, welche Vorgehensweise verwendet wird; ein gro\u00dfer<\/p>\n<p>Betrag dieser Gesch\u00e4fts-Handlungen wird auf Grund von Verweisung und<\/p>\n<p>Implikationen durchgef\u00fchrt. Mit einer Verweisung meinen wir die durchschnittlichen<\/p>\n<p>Bewegungen von einem vergangene Zyklus von W\u00e4hrungspaaren und mit<\/p>\n<p>Implikationen meinen wir die durchschnittliche Unvorhersehbarkeit von Ergebnissen<\/p>\n<p>\u2013 welche oft auf einem breiten Spektrum von Wirtschafts- und gesellschaftliche<\/p>\n<p>Faktoren basiert sind, die nicht in einem kontrollierbaren Bereich liegen. Daher ist<\/p>\n<p>es eine Frage des Vertrauens in Ihren Instinkt und Ihr Bauchgef\u00fchl.<\/p>\n<p>\u00a0<\/p>\n<p>Der Forex Handel ist ein heikles Gesch\u00e4ft mit einem sehr hohen Umsatz \u2013<\/p>\n<p>deshalb brauchen Sie nicht nur einen erfahrenen Experten, sondern Sie ben\u00f6tigen<\/p>\n<p>auch einen sehr vertrauensw\u00fcrdigen Partner in Form eines Brokers.<\/p>\n<p>\u00a0<\/p>\n<p>Der Grund ist einfach- Sie vertrauen jemanden mit allen Ihren geldlichen<\/p>\n<p>Ressourcen und auf dessen Urteil, der au\u00dferdem dazu da ist Ihnen zu helfen, aber auch ein<\/p>\n<p>Honorar f\u00fcr jede Gesch\u00e4ftshandlung ohne R\u00fccksicht auf das Ergebnis verlangt.<\/p>\n<p>Manchmal sind diese Ergebnisse im Licht von steigenden und verlierenden M\u00e4rkten<\/p>\n<p>variable, aber trotzdem ist jede Ihrer Bewegungen, die Sie im Forex Handel machen<\/p>\n<p>mit Kosten verbunden, f\u00fcr die Sie bezahlen m\u00fcssen. Daher folgt eine Pr\u00fcfliste, die<\/p>\n<p>Sie benutzen sollten, um einen vertrauensw\u00fcrdigen Broker als Partner zu<\/p>\n<p>erkennen.<\/p>\n<p>\u00a0<\/p>\n<p>\u2022<\/p>\n<p>\u00a0<\/p>\n<p>Spread-Kommission, Transparenz, Fixierte \/ Variable Geb\u00fchren: Bevor Sie Ihren<\/p>\n<p>Broker w\u00e4hlen, m\u00fcssen Sie sich die Transaktion anschauen, die Sie bezahlen m\u00fcssen.<\/p>\n<p>Was verlangt wird, sollte leicht ersichtlich sein. Sie sollten auch wissen, ob Sie eine<\/p>\n<p>festlegte oder variable Geb\u00fchren abh\u00e4ngig von den steigenden oder fallenden<\/p>\n<p>M\u00e4rkten bezahlen m\u00fcssen.<\/p>\n<p>\u00a0<\/p>\n<p>\u2022<\/p>\n<p>\u00a0<\/p>\n<p>Ausf\u00fchrung- Testen Sie das Demokonto und sehen, ob der Broker zu den Preisen<\/p>\n<p>steht, die er angibt, dies wird Ihnen eine gute Idee Ihres Anbieters geben. Nehmen<\/p>\n<p>Sie die Vorlaufzeit Ihrer Bestellungseingabe und sehen Sie, wie es funktioniert.<\/p>\n<p>\u00a0<\/p>\n<p>\u2022<\/p>\n<p>\u00a0<\/p>\n<p>Plattform- Studieren Sie die Handelsplattform. Sie ist die Schnittstelle zwischen<\/p>\n<p>Ihnen und dem Broker, um in dem Devisenhandel zu man\u00f6vrieren. Sehen Sie, wie<\/p>\n<p>sie arbeitet und was Sie in Echtzeit erwarten k\u00f6nnen.<\/p>\n<p>\u00a0<\/p>\n<p>\u2022<\/p>\n<p>\u00a0<\/p>\n<p>\u00dcberpr\u00fcfung der Hintergr\u00fcnde- Machen Sie eine \u00dcberpr\u00fcfung der Hintergr\u00fcnde der<\/p>\n<p>Firma Ihres Brokers. Sehen Sie ob alles, was er offenbart, so durchschaubar ist wie<\/p>\n<p>er angibt. Haben Sie einen Blick auf seine Optionen der R\u00fcckversicherung auf<\/p>\n<p>seine Finanzierung, und ob er Sie im Fall eines Zusammenbruchs der B\u00f6rse<\/p>\n<p>rechtzeitlich zur\u00fcckzahlen kann.<\/p>\n<p>\u00a0<\/p>\n<p>\u2022<\/p>\n<p>\u00a0<\/p>\n<p>Ehrlichkeit ist der beste Grundsatz- kurzfristige oder langfristige Strategie; man<\/p>\n<p>muss einen Broker finden, der von Grund auf ehrlich ist. Sie werden dies in seinen<\/p>\n<p>Gewohnheiten und pers\u00f6nlichen Einstelllung f\u00fchlen und seiner ausgeblichen<\/p>\n<p>Beschreibung des Forex Markts. Ohne Bezug auf die Marktbewegung gewinnt<\/p>\n<p>Ehrlichkeit immer langfristig.<\/p>\n<\/div>\n<\/div>\n<p>\u00a0<\/p>\n<p><!-- AddThis Button BEGIN --><\/p>\n<div class=\"addthis_toolbox addthis_default_style \">\n\t  <\/div>\n<p><script type=\"text\/javascript\">\n<!--\/\/--><![CDATA[\/\/ ><!--\nvar addthis_config = {\"data_track_addressbar\":true};\n\/\/--><!]]>\n<\/script><script type=\"text\/javascript\" src=\"http:\/\/s7.addthis.com\/js\/250\/addthis_widget.js#pubid=ra-4f8cf2685b632727\"><\/script><!-- AddThis Button END --><\/p>\n","protected":false},"excerpt":{"rendered":"<p>\u00a0 Einen Broker zu w\u00e4hlen, ist eine schwierige und eigent\u00fcmliche Aufgabe, sie ist jedoch auch unglaublich gewinnbringend &#8211; wenn Sie mit einer geordneten Methode durchgef\u00fchrt wird. Jetzt aber was sind&hellip;<\/p>\n","protected":false},"author":1,"featured_media":0,"parent":0,"menu_order":0,"comment_status":"open","ping_status":"open","template":"","meta":[],"tags":[314,267,313],"_links":{"self":[{"href":"https:\/\/choose-forex.com\/de\/wp-json\/wp\/v2\/pages\/255\/"}],"collection":[{"href":"https:\/\/choose-forex.com\/de\/wp-json\/wp\/v2\/pages\/"}],"about":[{"href":"https:\/\/choose-forex.com\/de\/wp-json\/wp\/v2\/types\/page\/"}],"author":[{"embeddable":true,"href":"https:\/\/choose-forex.com\/de\/wp-json\/wp\/v2\/users\/1\/"}],"replies":[{"embeddable":true,"href":"https:\/\/choose-forex.com\/de\/wp-json\/wp\/v2\/comments\/?post=255"}],"version-history":[{"count":0,"href":"https:\/\/choose-forex.com\/de\/wp-json\/wp\/v2\/pages\/255\/revisions\/"}],"wp:attachment":[{"href":"https:\/\/choose-forex.com\/de\/wp-json\/wp\/v2\/media\/?parent=255"}],"wp:term":[{"taxonomy":"post_tag","embeddable":true,"href":"https:\/\/choose-forex.com\/de\/wp-json\/wp\/v2\/tags\/?post=255"}],"curies":[{"name":"wp","href":"https:\/\/api.w.org\/{rel}","templated":true}]}}