{"id":258,"date":"2012-07-16T14:39:42","date_gmt":"2012-07-16T14:39:42","guid":{"rendered":"http:\/\/wp1.choose-forex.com\/?p=258"},"modified":"2012-07-16T14:39:42","modified_gmt":"2012-07-16T14:39:42","slug":"plus500-bewertung","status":"publish","type":"page","link":"https:\/\/choose-forex.com\/de\/plus500-bewertung\/","title":{"rendered":"Plus500 Bewertung"},"content":{"rendered":"\n<p>\u00a0 \u00a0\u00a0 \u00a0 \u00a0 \u00a0 \u00a0 \u00a0 \u00a0<a href=\"http:\/\/www.plus500.com\/?ncr=True\"><strong>Plus500<\/strong><\/a> geh\u00f6rt zu Plus500 Ltd., einer Firma, die sich in London, England befindet. Plus500 ist ein marktf\u00fchrender Anbieter von Auftr\u00e4gen f\u00fcr Spreads und genie\u00dft einen guten Ruf unter H\u00e4ndlern, auch wenn sie eine verh\u00e4ltnism\u00e4\u00dfig junge Firma ist.<\/p>\n<p>\u00a0\u00a0\u00a0\u00a0\u00a0\u00a0\u00a0\u00a0\u00a0\u00a0\u00a0\u00a0\u00a0<a href=\"http:\/\/www.plus500.com\/\"><strong>Plus500<\/strong><\/a> hat angegeben, dass sie in 2011 \u00fcber 1.000.000 H\u00e4ndler gehabt haben, aber wir k\u00f6nnten die &#8220;Live Chat&#8221; Schaltfl\u00e4che nicht finden, nur eine E-Mail-Adresse und ein Faxnummer f\u00fcr den Kundendienst. Gut das bedeutet nicht, dass sie keine zuverl\u00e4ssige Brokerfirma sind, aber 1.000.000 H\u00e4ndler zu haben und keinen Live Chat scheint mir seltsam, und dies zeigt an, dass Kundebed\u00fcrfnisse keine gro\u00dfe Sache f\u00fcr sie sind. Oder vielleicht glauben sie, dass sie dem Kunden nur durch eine E-Mail besser helfen k\u00f6nnen.<\/p>\n<p>\u00a0\u00a0\u00a0\u00a0\u00a0\u00a0\u00a0\u00a0\u00a0\u00a0 Sie bieten eine einfache Plattform an und viele Handelsinstrumente einschlie\u00dflich CFDs, ETFs, Stocks, Indices, Rohstoffe und selbstverst\u00e4ndlich auch Forex. Der Spread, den Sie anbieten ist festlegt, um in jeder Marktsituation gut zu handeln, sogar bei wichtigen Nachrichten, weil Sie keine Spreadverbreitung sehen werden.<\/p>\n<p>Bevor Sie bei ihnen investierend, w\u00e4re es weise, dass Sie die Firma selbst eingehend pr\u00fcfen und zuerst das Demokonto ausprobieren.<\/p>\n<p><strong><u>Generelle Information:<\/u><\/strong><\/p>\n<table border=\"1\" cellpadding=\"0\" cellspacing=\"0\" style=\"width:333px;\" width=\"333\">\n<tbody>\n<tr>\n<td style=\"width:173px;\">\n<p>Broker Hauptsitz:<\/p>\n<\/td>\n<td style=\"width:160px;\">\n<p>London, vereinigtes K\u00f6nigreich<\/p>\n<\/td>\n<\/tr>\n<tr>\n<td style=\"width:173px;\">\n<p>Im Gesch\u00e4ft seit:<\/p>\n<\/td>\n<td style=\"width:160px;\">\n<p>2008<\/p>\n<\/td>\n<\/tr>\n<tr>\n<td style=\"width:173px;\">\n<p>Reguliert:<\/p>\n<\/td>\n<td style=\"width:160px;\">\n<p>Vereinigtes K\u00f6nigreich:\u00a0<a href=\"http:\/\/www.fsa.gov.uk\/\"><strong>FSA<\/strong><\/a> Register-Nr. 509909<\/p>\n<\/td>\n<\/tr>\n<tr>\n<td style=\"width:173px;\">\n<p>Kundekontotrennung:<\/p>\n<\/td>\n<td style=\"width:160px;\">\n<p>Ja<\/p>\n<\/td>\n<\/tr>\n<\/tbody>\n<\/table>\n<p><strong><u>Handelsbedingung:<\/u><\/strong><\/p>\n<table border=\"1\" cellpadding=\"0\" cellspacing=\"0\" style=\"width:333px;\" width=\"333\">\n<tbody>\n<tr>\n<td style=\"width:140px;\">\n<p>Web Plattform<\/p>\n<\/td>\n<td style=\"width:192px;\">\n<p>Plus500 Web Trader<\/p>\n<\/td>\n<\/tr>\n<tr>\n<td style=\"width:140px;\">\n<p>Plattform zum runterladen<\/p>\n<\/td>\n<td style=\"width:192px;\">\n<p>Plus500 Trading Software<\/p>\n<\/td>\n<\/tr>\n<tr>\n<td style=\"width:140px;\">\n<p>Spreads<\/p>\n<\/td>\n<td style=\"width:192px;\">\n<p>Hat festlegt<\/p>\n<\/td>\n<\/tr>\n<tr>\n<td style=\"width:140px;\">\n<p>Garantierter Stop-Loss<\/p>\n<\/td>\n<td style=\"width:192px;\">\n<p>Auftr\u00e4ge werden nach dem besten erh\u00e4ltlichen Preis ausgef\u00fchrt<\/p>\n<\/td>\n<\/tr>\n<tr>\n<td style=\"width:140px;\">\n<p>Trailing-Stop-Loss<\/p>\n<\/td>\n<td style=\"width:192px;\">\n<p>Erh\u00e4ltlich<\/p>\n<\/td>\n<\/tr>\n<tr>\n<td style=\"width:140px;\">\n<p>Scalping<\/p>\n<\/td>\n<td style=\"width:192px;\">\n<p>Gestattet<\/p>\n<\/td>\n<\/tr>\n<tr>\n<td style=\"width:140px;\">\n<p>Demokonto<\/p>\n<\/td>\n<td style=\"width:192px;\">\n<p>Ja &#8211; <a href=\"http:\/\/www.plus500.com\/StartTrading.aspx\"><strong>Open Demo Account<\/strong><\/a><\/p>\n<\/td>\n<\/tr>\n<tr>\n<td style=\"width:140px;\">\n<p>Live Kontotypen<\/p>\n<\/td>\n<td style=\"width:192px;\">\n<p>Mindest- Einzahlung &#8211; 60 USD<\/p>\n<p><a href=\"http:\/\/www.plus500.com\/StartTrading.aspx\"><strong>Open Live Account<\/strong><\/a><\/p>\n<\/td>\n<\/tr>\n<\/tbody>\n<\/table>\n<p><strong>Unsere Bewertung des Plus500: 2\/5<\/strong><\/p>\n<p><a href=\"\/sites\/default\/files\/u46\/newpicture36.jpg\" data-rel=\"penci-gallery-image-content\"  target=\"_blank\"><img alt=\"\" src=\"\/sites\/default\/files\/u46\/newpicture36.jpg\" style=\"width: 500px; height: 400px; border-width: 12px; border-style: solid; float: left;\" \/><\/a><\/p>\n<p>\u00a0<\/p>\n<p>\u00a0<\/p>\n<p>\u00a0<\/p>\n<p>\u00a0<\/p>\n<p>\u00a0<\/p>\n<p>\u00a0<\/p>\n<p>\u00a0<\/p>\n<p>\u00a0<\/p>\n<p>\u00a0<\/p>\n<p>\u00a0<\/p>\n<p>\u00a0<\/p>\n<p>\u00a0<\/p>\n<p>\u00a0<\/p>\n<p>\u00a0<\/p>\n<p>\u00a0<\/p>\n<p>\u00a0<\/p>\n<p><!-- AddThis Button BEGIN --><\/p>\n<div class=\"addthis_toolbox addthis_default_style \">\n\t\u00a0<\/div>\n<p><script type=\"text\/javascript\">\n<!--\/\/--><![CDATA[\/\/ ><!--\nvar addthis_config = {\"data_track_addressbar\":true};\n\/\/--><!]]>\n<\/script><script type=\"text\/javascript\" src=\"http:\/\/s7.addthis.com\/js\/250\/addthis_widget.js#pubid=ra-4f8cf2685b632727\"><\/script><!-- AddThis Button END --><\/p>\n","protected":false},"excerpt":{"rendered":"<p>\u00a0 \u00a0\u00a0 \u00a0 \u00a0 \u00a0 \u00a0 \u00a0 \u00a0Plus500 geh\u00f6rt zu Plus500 Ltd., einer Firma, die sich in London, England befindet. Plus500 ist ein marktf\u00fchrender Anbieter von Auftr\u00e4gen f\u00fcr Spreads und&hellip;<\/p>\n","protected":false},"author":1,"featured_media":0,"parent":0,"menu_order":0,"comment_status":"open","ping_status":"open","template":"","meta":[],"tags":[268,267,82],"_links":{"self":[{"href":"https:\/\/choose-forex.com\/de\/wp-json\/wp\/v2\/pages\/258\/"}],"collection":[{"href":"https:\/\/choose-forex.com\/de\/wp-json\/wp\/v2\/pages\/"}],"about":[{"href":"https:\/\/choose-forex.com\/de\/wp-json\/wp\/v2\/types\/page\/"}],"author":[{"embeddable":true,"href":"https:\/\/choose-forex.com\/de\/wp-json\/wp\/v2\/users\/1\/"}],"replies":[{"embeddable":true,"href":"https:\/\/choose-forex.com\/de\/wp-json\/wp\/v2\/comments\/?post=258"}],"version-history":[{"count":0,"href":"https:\/\/choose-forex.com\/de\/wp-json\/wp\/v2\/pages\/258\/revisions\/"}],"wp:attachment":[{"href":"https:\/\/choose-forex.com\/de\/wp-json\/wp\/v2\/media\/?parent=258"}],"wp:term":[{"taxonomy":"post_tag","embeddable":true,"href":"https:\/\/choose-forex.com\/de\/wp-json\/wp\/v2\/tags\/?post=258"}],"curies":[{"name":"wp","href":"https:\/\/api.w.org\/{rel}","templated":true}]}}