{"id":259,"date":"2012-07-16T14:33:49","date_gmt":"2012-07-16T14:33:49","guid":{"rendered":"http:\/\/wp1.choose-forex.com\/?p=259"},"modified":"2012-07-16T14:33:49","modified_gmt":"2012-07-16T14:33:49","slug":"etoro-bewertung","status":"publish","type":"page","link":"https:\/\/choose-forex.com\/de\/etoro-bewertung\/","title":{"rendered":"eToro Bewertung"},"content":{"rendered":"\n<p>\u00a0\u00a0 \u00a0 \u00a0Der Broker-Service <a href=\"http:\/\/www.etoro.com\/%22%20t%20%22_blank\"><strong>von eToro<\/strong><\/a> wird von Retail FX GmbH bereitgestellt. (Handelt unter dem Namen &#8220;eToro&#8221;), einer Investment Firm aus Zypern. Kunden von der Asia Pacific Region k\u00f6nnen mit der <a href=\"http:\/\/www.etoro.com\/%22%20t%20%22_blank\"><strong>eToro<\/strong><\/a> Plattform durch IC Markets Ltd. handeln, das ist ein amtliche Finanzdienstleistungsfirma in Australien, die durch ASIC genehmigt ist \u2013 amtlich Lizenz-Nummer AFSL 335692.<\/p>\n<p>\u00a0\u00a0 \u00a0\u00a0EToro bietet eine besondere Art des Handels an, so genanntes Social Trading. Bedenken Sie, dass dies der Weg in die Zukunft f\u00fcr finanzielle Anlagen ist. Mit dieser Funktion k\u00f6nnen Sie sehen, was andere H\u00e4ndler zu irgendeinem gegebenen Zeitpunkt machen und ihren Handel kopiert. Es ist eine sehr interessante Funktion, wenn Sie nicht lernen wollen wie man handelt und lieber anderen folgen. Ein gro\u00dfer Vorteil ist, dass Sie Geld verdienen k\u00f6nnen w\u00e4hrend Sie lernen zu handeln, aber Sie noch nicht bereit sind selbst in den Handel einzusteigen.<\/p>\n<p>\u00a0\u00a0\u00a0 Ihre Plattform ist \u00fcbersichtlich entworfen und macht sie somit zug\u00e4nglich f\u00fcr viele Leute, denn sie ist einfach zu benutzen und macht Spa\u00df. Denn im Grunde ist der Handel ein einsames Gesch\u00e4ft und es kann zeitweise erfrischend sein, eine einfache Plattform zur Verf\u00fcgung zu haben, die eine Plauderei mit anderen H\u00e4ndlern erm\u00f6glicht und erlaubt ihren Handel zu kopieren. Man findet viele zuverl\u00e4ssige und regulierte Broker, die versucht den Handel in eine neue Richtung zu bringen und alle Anstrengungen unternehmen, um \u00a0jeden zufrieden zu stellen.<\/p>\n<p>\u00a0\u00a0\u00a0\u00a0\u00a0\u00a0\u00a0\u00a0\u00a0\u00a0\u00a0\u00a0Bevor Sie bei ihnen investierend, w\u00e4re es weise, dass Sie die Firma selbst eingehend pr\u00fcfen und zuerst das Demokonto ausprobieren. Studieren Sie unser <a href=\"http:\/\/www.etoro.com\/%22%20t%20%22_blank\"><strong>eToro<\/strong><\/a> Bewertung zudem eingehend.<\/p>\n<p>\u00a0<\/p>\n<p><strong><u>Generelle Information:<\/u><\/strong><\/p>\n<table border=\"1\" cellpadding=\"0\" cellspacing=\"0\" style=\"width:333px;\" width=\"333\">\n<tbody>\n<tr>\n<td style=\"width:124px;\">\n<p>Broker Hauptsitz:<\/p>\n<\/td>\n<td style=\"width:199px;\">\n<p>Zypern<\/p>\n<\/td>\n<\/tr>\n<tr>\n<td style=\"width:124px;\">\n<p>Auch B\u00fcros in:<\/p>\n<\/td>\n<td style=\"width:199px;\">\n<p>Sydney &#8211; Australien, New York &#8211; Vereinigten Staaten<\/p>\n<\/td>\n<\/tr>\n<tr>\n<td style=\"width:124px;\">\n<p>Im Gesch\u00e4ft seit:<\/p>\n<\/td>\n<td style=\"width:199px;\">\n<p>2007<\/p>\n<\/td>\n<\/tr>\n<tr>\n<td style=\"width:124px;\">\n<p>Reguliert:<\/p>\n<\/td>\n<td style=\"width:199px;\">\n<p>Zypern: CySEC &#8211; 109\/10<\/p>\n<p>Vereinigten Staaten: NFA (0382918 eToro Vereinigten Staaten)<\/p>\n<p>Australien: AFSL 335692.<\/p>\n<\/td>\n<\/tr>\n<tr>\n<td style=\"width:124px;\">\n<p>Kundekontotrennung:<\/p>\n<\/td>\n<td style=\"width:199px;\">\n<p>Ja<\/p>\n<\/td>\n<\/tr>\n<tr>\n<td style=\"width:124px;\">\n<p>Akzeptieren Sie USA H\u00e4ndler:<\/p>\n<\/td>\n<td style=\"width:199px;\">\n<p>Ja (eToro Vereinigten Staaten)<\/p>\n<\/td>\n<\/tr>\n<\/tbody>\n<\/table>\n<p><strong><u>Handelsbedingung:<\/u><\/strong><\/p>\n<table border=\"1\" cellpadding=\"0\" cellspacing=\"0\" style=\"width:339px;\" width=\"339\">\n<tbody>\n<tr>\n<td style=\"width:129px;\">\n<p>Web Plattform<\/p>\n<\/td>\n<td style=\"width:200px;\">\n<p>eToro Web Trader<\/p>\n<\/td>\n<\/tr>\n<tr>\n<td style=\"width:129px;\">\n<p>Plattform zum runterladen<\/p>\n<\/td>\n<td style=\"width:200px;\">\n<p>eToro Open Book<\/p>\n<p>MT4 wird &#8220;ausgew\u00e4hlten Kunden&#8221; angeboten\u00a0<\/p>\n<\/td>\n<\/tr>\n<tr>\n<td style=\"width:129px;\">\n<p>Spreads<\/p>\n<\/td>\n<td style=\"width:200px;\">\n<p>Festlegt<\/p>\n<\/td>\n<\/tr>\n<tr>\n<td style=\"width:129px;\">\n<p>Garantierter Stop-Loss<\/p>\n<\/td>\n<td style=\"width:200px;\">\n<p>Ja<\/p>\n<\/td>\n<\/tr>\n<tr>\n<td style=\"width:129px;\">\n<p>Trailing-Stop-Loss<\/p>\n<\/td>\n<td style=\"width:200px;\">\n<p>Nicht Erh\u00e4ltlich<\/p>\n<\/td>\n<\/tr>\n<tr>\n<td style=\"width:129px;\">\n<p>Scalping<\/p>\n<\/td>\n<td style=\"width:200px;\">\n<p>Nicht Gestattet<\/p>\n<\/td>\n<\/tr>\n<tr>\n<td style=\"width:129px;\">\n<p>Hedging<\/p>\n<\/td>\n<td style=\"width:200px;\">\n<p>Gestattet<\/p>\n<\/td>\n<\/tr>\n<tr>\n<td style=\"width:129px;\">\n<p>OCO Orders<\/p>\n<\/td>\n<td style=\"width:200px;\">\n<p>Nicht Erh\u00e4ltlich<\/p>\n<\/td>\n<\/tr>\n<tr>\n<td style=\"width:129px;\">\n<p>Demokonto<\/p>\n<\/td>\n<td style=\"width:200px;\">\n<p>Ja &#8211; <a href=\"http:\/\/openbook.etoro.com\/?ref=hp_bannerbtn&#038;dl=30000030\"><strong>Open Demo Account<\/strong><\/a><\/p>\n<\/td>\n<\/tr>\n<tr>\n<td style=\"width:129px;\">\n<p>Live Kontotypen<\/p>\n<\/td>\n<td style=\"width:200px;\">\n<p>Mindest- Einzahlung 50 USD.<\/p>\n<p>Ihr Konto kann sich basierend auf dem gehandelten Betrag, von Bronze, zu Silber, zu Gold und schlie\u00dflich zu VIP entwickeln<\/p>\n<p><a href=\"http:\/\/openbook.etoro.com\/?ref=hp_bannerbtn&#038;__utma=160877033.584161225.1336481161.1336489630.1336492252.3&#038;__utmb=160877033.2.10.1336492252&#038;__utmc=160877033&#038;__utmx=-&#038;__utmz=160877033.1336492252.3.3.utmcsr=choose-forex.com%7Cutmccn=(referral)%7Cutmcmd=referral%7Cu\"><strong>Open Live Account<\/strong><\/a><\/p>\n<\/td>\n<\/tr>\n<\/tbody>\n<\/table>\n<p><strong>Unsere Bewertung des eToro: 4\/5<\/strong><\/p>\n<p><a href=\"\/sites\/default\/files\/u46\/newpicture38.jpg\" data-rel=\"penci-gallery-image-content\"  target=\"_blank\"><img alt=\"\" src=\"\/sites\/default\/files\/u46\/newpicture38.jpg\" style=\"width: 500px; height: 400px; border-width: 12px; border-style: solid; float: left;\" \/><\/a><\/p>\n<p>\u00a0<\/p>\n<p>\u00a0<\/p>\n<p>\u00a0<\/p>\n<p>\u00a0<\/p>\n<p>\u00a0<\/p>\n<p>\u00a0<\/p>\n<p>\u00a0<\/p>\n<p>\u00a0<\/p>\n<p>\u00a0<\/p>\n<p>\u00a0<\/p>\n<p>\u00a0<\/p>\n<p>\u00a0<\/p>\n<p>\u00a0<\/p>\n<p>\u00a0<\/p>\n<p>\u00a0<\/p>\n<p>\u00a0<\/p>\n<p><!-- AddThis Button BEGIN --><\/p>\n<div class=\"addthis_toolbox addthis_default_style \">\n\t\u00a0<\/div>\n<p><script type=\"text\/javascript\">\n<!--\/\/--><![CDATA[\/\/ ><!--\nvar addthis_config = {\"data_track_addressbar\":true};\n\/\/--><!]]>\n<\/script><script type=\"text\/javascript\" src=\"http:\/\/s7.addthis.com\/js\/250\/addthis_widget.js#pubid=ra-4f8cf2685b632727\"><\/script><!-- AddThis Button END --><\/p>\n","protected":false},"excerpt":{"rendered":"<p>\u00a0\u00a0 \u00a0 \u00a0Der Broker-Service von eToro wird von Retail FX GmbH bereitgestellt. (Handelt unter dem Namen &#8220;eToro&#8221;), einer Investment Firm aus Zypern. Kunden von der Asia Pacific Region k\u00f6nnen mit&hellip;<\/p>\n","protected":false},"author":1,"featured_media":0,"parent":0,"menu_order":0,"comment_status":"open","ping_status":"open","template":"","meta":[],"tags":[268,267,75],"_links":{"self":[{"href":"https:\/\/choose-forex.com\/de\/wp-json\/wp\/v2\/pages\/259\/"}],"collection":[{"href":"https:\/\/choose-forex.com\/de\/wp-json\/wp\/v2\/pages\/"}],"about":[{"href":"https:\/\/choose-forex.com\/de\/wp-json\/wp\/v2\/types\/page\/"}],"author":[{"embeddable":true,"href":"https:\/\/choose-forex.com\/de\/wp-json\/wp\/v2\/users\/1\/"}],"replies":[{"embeddable":true,"href":"https:\/\/choose-forex.com\/de\/wp-json\/wp\/v2\/comments\/?post=259"}],"version-history":[{"count":0,"href":"https:\/\/choose-forex.com\/de\/wp-json\/wp\/v2\/pages\/259\/revisions\/"}],"wp:attachment":[{"href":"https:\/\/choose-forex.com\/de\/wp-json\/wp\/v2\/media\/?parent=259"}],"wp:term":[{"taxonomy":"post_tag","embeddable":true,"href":"https:\/\/choose-forex.com\/de\/wp-json\/wp\/v2\/tags\/?post=259"}],"curies":[{"name":"wp","href":"https:\/\/api.w.org\/{rel}","templated":true}]}}