{"id":261,"date":"2012-07-16T14:20:02","date_gmt":"2012-07-16T14:20:02","guid":{"rendered":"http:\/\/wp1.choose-forex.com\/?p=261"},"modified":"2012-07-16T14:20:02","modified_gmt":"2012-07-16T14:20:02","slug":"marktes-com-bewertung","status":"publish","type":"page","link":"https:\/\/choose-forex.com\/de\/marktes-com-bewertung\/","title":{"rendered":"Marktes.com Bewertung"},"content":{"rendered":"\n<p>\u00a0 \u00a0 \u00a0\u00a0 \u00a0 \u00a0 \u00a0 \u00a0\u00a0<a href=\"http:\/\/www.markets.com\/\"><strong>Marktes.com<\/strong><\/a> ist der Handelsname von Safecap Investments Limited, einem Online-Forex-Broker und CFD-Broker, der unter Cysec reguliert ist. In 2010 haben sie den Fastest Growing Broker Award gewonnen und sie haben k\u00fcrzlich B\u00fcros in England, Polen, Russland, Rum\u00e4niens, Frankreich und Deutschland ge\u00f6ffnet. Noch mehr Neugr\u00fcndungen wurden angek\u00fcndigt.<\/p>\n<p>\u00a0\u00a0\u00a0\u00a0\u00a0\u00a0\u00a0\u00a0\u00a0\u00a0<a href=\"http:\/\/www.markets.com\/\"><strong>Marktes.com <\/strong><\/a>ist einer der am schnellsten wachsenden Broker in der Welt und ihre Forschungsmannschaft erzeugt eine umfassende Marktforschung und detaillierte Marktanalyse. Sie stellen auch ein Spiegelhandelssystem zur Verf\u00fcgung, dass Ihnen beim Treffen eine gute Handelsentscheidung helfen kann. Wenn Sie sich nicht sicher \u00fcber einen Handel sind, k\u00f6nnen Sie sehen, was andere machen und sie kopieren. H\u00e4ndler k\u00f6nnen eine spezifische Strategie \u00fcberpr\u00fcfen und k\u00f6nnen ausw\u00e4hlen, welche sie auf ihrer Handelsplattform installieren m\u00f6chten. Nachdem die Strategie installiert ist, wird sie automatisch Handelsauftr\u00e4ge gem\u00e4\u00df ihrer Parameter eingeben.<\/p>\n<p>\u00a0\u00a0\u00a0\u00a0\u00a0\u00a0\u00a0\u00a0 Ein anderes plus ist, dass wenn Sie einen Freund erw\u00e4hnen, erhalten Sie eine Pr\u00e4mie aber der Freund erh\u00e4lt auch einen. So dies ist ein Weg, um Geld mit <a href=\"http:\/\/www.markets.com\/\"><strong>Markets.com<\/strong><\/a> zu verdienen ohne selber zu Handel.<\/p>\n<p>Bevor Sie bei ihnen investierend, w\u00e4re es weise, dass Sie die Firma selbst eingehend pr\u00fcfen und zuerst das Demokonto ausprobieren.<\/p>\n<p><strong><u>Generelle Information:<\/u><\/strong><\/p>\n<table border=\"1\" cellpadding=\"0\" cellspacing=\"0\" style=\"width:333px;\" width=\"333\">\n<tbody>\n<tr>\n<td style=\"width:173px;\">\n<p>Broker Hauptsitz:<\/p>\n<\/td>\n<td style=\"width:160px;\">\n<p>Zypern<\/p>\n<\/td>\n<\/tr>\n<tr>\n<td style=\"width:173px;\">\n<p>Auch B\u00fcros in:<\/p>\n<\/td>\n<td style=\"width:160px;\">\n<p>Vereinigtes K\u00f6nigreich, Frankreich, Italien, Spanien, Niederlande, Deutschland, Sweeden, D\u00e4nemark, Ungarn<\/p>\n<\/td>\n<\/tr>\n<tr>\n<td style=\"width:173px;\">\n<p>Im Gesch\u00e4ft seit:<\/p>\n<\/td>\n<td style=\"width:160px;\">\n<p>2008<\/p>\n<\/td>\n<\/tr>\n<tr>\n<td style=\"width:173px;\">\n<p>Reguliert:<\/p>\n<\/td>\n<td style=\"width:160px;\">\n<p>Vereinigtes K\u00f6nigreich &#8211; FSA, Frankreich &#8211; BDF, Italien &#8211; CONSOB, Spanien &#8211; CNMV, Niederlande &#8211; AFM, Deutschland &#8211; BAFIN, Sweeden &#8211; FI, D\u00e4nemark &#8211; Das d\u00e4nische FSA, Ungarn &#8211; PSZAF<\/p>\n<\/td>\n<\/tr>\n<tr>\n<td style=\"width:173px;\">\n<p>Kundekontotrennung:<\/p>\n<\/td>\n<td style=\"width:160px;\">\n<p>Ja<\/p>\n<\/td>\n<\/tr>\n<\/tbody>\n<\/table>\n<p><strong><u>Handelsbedingung:<\/u><\/strong><\/p>\n<table border=\"1\" cellpadding=\"0\" cellspacing=\"0\" style=\"width:339px;\" width=\"339\">\n<tbody>\n<tr>\n<td style=\"width:140px;\">\n<p>Web Plattform<\/p>\n<\/td>\n<td style=\"width:198px;\">\n<p>Market Web Trader, Market Java Trader<\/p>\n<\/td>\n<\/tr>\n<tr>\n<td style=\"width:140px;\">\n<p>Plattform zum runterladen<\/p>\n<\/td>\n<td style=\"width:198px;\">\n<p>MetaTrader 4 (MT4), Market Trader<\/p>\n<\/td>\n<\/tr>\n<tr>\n<td style=\"width:140px;\">\n<p>Spreads<\/p>\n<\/td>\n<td style=\"width:198px;\">\n<p>Sie d\u00fcrfen zwischen festgelegt oder variabel w\u00e4hlen<\/p>\n<\/td>\n<\/tr>\n<tr>\n<td style=\"width:140px;\">\n<p>Garantierter Stop-Loss<\/p>\n<\/td>\n<td style=\"width:198px;\">\n<p>Auftr\u00e4ge werden nach dem besten erh\u00e4ltlichen Preis ausgef\u00fchrt<\/p>\n<\/td>\n<\/tr>\n<tr>\n<td style=\"width:140px;\">\n<p>Trailing-Stop-Loss<\/p>\n<\/td>\n<td style=\"width:198px;\">\n<p>Kundeseite<\/p>\n<\/td>\n<\/tr>\n<tr>\n<td style=\"width:140px;\">\n<p>Scalping<\/p>\n<\/td>\n<td style=\"width:198px;\">\n<p>Gestattet<\/p>\n<\/td>\n<\/tr>\n<tr>\n<td style=\"width:140px;\">\n<p>Hedging<\/p>\n<\/td>\n<td style=\"width:198px;\">\n<p>Erh\u00e4ltlich<\/p>\n<\/td>\n<\/tr>\n<tr>\n<td style=\"width:140px;\">\n<p>Demokonto<\/p>\n<\/td>\n<td style=\"width:198px;\">\n<p>Ja &#8211; <a href=\"http:\/\/www.markets.com\/lp\/campaigns\/registration\/en\/demo.html?\"><strong>Open Demo Account<\/strong><\/a><\/p>\n<\/td>\n<\/tr>\n<tr>\n<td style=\"width:140px;\">\n<p>Live Konto<\/p>\n<\/td>\n<td style=\"width:198px;\">\n<p>Gr\u00f6\u00dfe von 1 Lot &#8211; 100,000<\/p>\n<p>Mimimum Verhandlungs- Gr\u00f6\u00dfe &#8211; 0,01 Lots<\/p>\n<p><a href=\"http:\/\/www.markets.com\/lp\/campaigns\/registration\/en\/live.html?\"><strong>Open Live Account<\/strong><\/a><\/p>\n<\/td>\n<\/tr>\n<\/tbody>\n<\/table>\n<p><strong>Unsere Bewertung von Markets. com: 4\/5<\/strong><\/p>\n<p><a href=\"\/sites\/default\/files\/u46\/newpicture35.jpg\" data-rel=\"penci-gallery-image-content\"  target=\"_blank\"><img alt=\"\" src=\"\/sites\/default\/files\/u46\/newpicture35.jpg\" style=\"width: 500px; height: 400px; border-width: 12px; border-style: solid; float: left;\" \/><\/a><\/p>\n<p>\u00a0<\/p>\n<p>\u00a0<\/p>\n<p>\u00a0<\/p>\n<p>\u00a0<\/p>\n<p>\u00a0<\/p>\n<p>\u00a0<\/p>\n<p>\u00a0<\/p>\n<p>\u00a0<\/p>\n<p>\u00a0<\/p>\n<p>\u00a0<\/p>\n<p>\u00a0<\/p>\n<p>\u00a0<\/p>\n<p>\u00a0<\/p>\n<p>\u00a0<\/p>\n<p>\u00a0<\/p>\n<p>\u00a0<\/p>\n<p><!-- AddThis Button BEGIN --><\/p>\n<div class=\"addthis_toolbox addthis_default_style \">\n\t\u00a0<\/div>\n<p><script type=\"text\/javascript\">\n<!--\/\/--><![CDATA[\/\/ ><!--\nvar addthis_config = {\"data_track_addressbar\":true};\n\/\/--><!]]>\n<\/script><script type=\"text\/javascript\" src=\"http:\/\/s7.addthis.com\/js\/250\/addthis_widget.js#pubid=ra-4f8cf2685b632727\"><\/script><!-- AddThis Button END --><\/p>\n","protected":false},"excerpt":{"rendered":"<p>\u00a0 \u00a0 \u00a0\u00a0 \u00a0 \u00a0 \u00a0 \u00a0\u00a0Marktes.com ist der Handelsname von Safecap Investments Limited, einem Online-Forex-Broker und CFD-Broker, der unter Cysec reguliert ist. In 2010 haben sie den Fastest Growing&hellip;<\/p>\n","protected":false},"author":1,"featured_media":0,"parent":0,"menu_order":0,"comment_status":"open","ping_status":"open","template":"","meta":[],"tags":[268,267,318],"_links":{"self":[{"href":"https:\/\/choose-forex.com\/de\/wp-json\/wp\/v2\/pages\/261\/"}],"collection":[{"href":"https:\/\/choose-forex.com\/de\/wp-json\/wp\/v2\/pages\/"}],"about":[{"href":"https:\/\/choose-forex.com\/de\/wp-json\/wp\/v2\/types\/page\/"}],"author":[{"embeddable":true,"href":"https:\/\/choose-forex.com\/de\/wp-json\/wp\/v2\/users\/1\/"}],"replies":[{"embeddable":true,"href":"https:\/\/choose-forex.com\/de\/wp-json\/wp\/v2\/comments\/?post=261"}],"version-history":[{"count":0,"href":"https:\/\/choose-forex.com\/de\/wp-json\/wp\/v2\/pages\/261\/revisions\/"}],"wp:attachment":[{"href":"https:\/\/choose-forex.com\/de\/wp-json\/wp\/v2\/media\/?parent=261"}],"wp:term":[{"taxonomy":"post_tag","embeddable":true,"href":"https:\/\/choose-forex.com\/de\/wp-json\/wp\/v2\/tags\/?post=261"}],"curies":[{"name":"wp","href":"https:\/\/api.w.org\/{rel}","templated":true}]}}