{"id":267,"date":"2012-07-16T12:04:15","date_gmt":"2012-07-16T12:04:15","guid":{"rendered":"http:\/\/wp1.choose-forex.com\/?p=267"},"modified":"2012-07-16T12:04:15","modified_gmt":"2012-07-16T12:04:15","slug":"easy-forex-bewertung","status":"publish","type":"page","link":"https:\/\/choose-forex.com\/de\/easy-forex-bewertung\/","title":{"rendered":"Easy Forex Bewertung"},"content":{"rendered":"\n<p>\u00a0 \u00a0 \u00a0 \u00a0\u00a0<strong>Easy Forex Bewertung<\/strong><\/p>\n<p>\u00a0\u00a0\u00a0\u00a0\u00a0\u00a0\u00a0\u00a0\u00a0\u00a0\u00a0\u00a0\u00a0<a href=\"http:\/\/www.easy-forex.com\/\"><strong>Easy Forex <\/strong><\/a>ist ein Broker, der aus Zypern kommt und seit 2003 im Gesch\u00e4ft ist. Er bietend eine einfache Plattform an, niedrig Mindest- Einzahlungen und enge festgelegte Spreads. Aber sie geben an, dass sich ihre Spreads w\u00e4hrend niedriger Volatilit\u00e4t \u00e4ndern k\u00f6nnen. W\u00e4hrend solch einer Periode werden Ihnen die neuen Spreads angezeigt werden, aber sie erw\u00e4hnen nichts \u00fcber die Spreads w\u00e4hrend Perioden von hoher Volatilit\u00e4t wie nach wichtigen Nachrichten. Wenn die Spreads w\u00e4hrend der Nachrichten unver\u00e4ndert bleibt, dann k\u00f6nnte dies Ihnen eine stabiles Umfeld zum handeln geben.<\/p>\n<p>\u00a0\u00a0\u00a0\u00a0\u00a0\u00a0\u00a0\u00a0\u00a0\u00a0\u00a0 Eine der Funktionen, die sie anbieten, ist ein Dealing Room, wo der H\u00e4ndler mit pers\u00f6nlicher Unterst\u00fctzung und besonderen Hilfsmitteln versorgt wird, um ihm beim Treffen von besseren Handelsentscheidungen zu helfen. Sie haben auch einen pers\u00f6nlichen H\u00e4ndler, der Sie bei Ihren Handelsstrategien unterst\u00fctzt.\u00a0<a href=\"http:\/\/en.easy-forex.com\/int\/dealingroom.aspx\"><strong>Dealing Room<\/strong><\/a> Kunde k\u00f6nnen Auftr\u00e4ge \u00fcber das Telefon oder durch Online-Chat aufgeben oder modifizieren und k\u00f6nnen auch mit\u00a0 SMS \u00a0bevorstehende wichtige Nachrichten mitgeteilt werden. Sie sehen wie ein Broker aus, der versucht seinen dem Kunden durch das Anbieten von viel unterst\u00fctze zu helfen und tut dieses mit einer freundlichen Einstellung.<\/p>\n<p>\u00a0 \u00a0 \u00a0\u00a0 \u00a0\u00a0\u00a0\u00a0\u00a0<a href=\"http:\/\/www.easy-forex.com\/\"><strong>Easy Forex<\/strong><\/a> hat einige Funktionen und Kennzeichen, wof\u00fcr Sie ihn lieben werden, aber in den Anfangsjahren mangelte es an guter Charting- Software und das war ein gro\u00dfes Problem. Aber jetzt bieten sie MT4 an, was eine gro\u00dfartige Verbesserung ist.<\/p>\n<p>\u00a0\u00a0\u00a0\u00a0\u00a0\u00a0\u00a0\u00a0\u00a0\u00a0Bevor Sie bei ihnen investierend, w\u00e4re es weise, dass Sie die Firma selbst eingehend pr\u00fcfen und zuerst das Demokonto ausprobieren.<\/p>\n<p><strong><u>Generelle Information:<\/u><\/strong><\/p>\n<table border=\"1\" cellpadding=\"0\" cellspacing=\"0\" style=\"width:333px;\" width=\"333\">\n<tbody>\n<tr>\n<td style=\"width:124px;\">\n<p>Broker Hauptsitz:<\/p>\n<\/td>\n<td style=\"width:199px;\">\n<p>Limassol, Zypern<\/p>\n<\/td>\n<\/tr>\n<tr>\n<td style=\"width:124px;\">\n<p>Auch B\u00fcros in:<\/p>\n<\/td>\n<td style=\"width:199px;\">\n<p>Melbourne, Australien, New York, Vereinigten Staaten<\/p>\n<\/td>\n<\/tr>\n<tr>\n<td style=\"width:124px;\">\n<p>Im Gesch\u00e4ft seit:<\/p>\n<\/td>\n<td style=\"width:199px;\">\n<p>2003<\/p>\n<\/td>\n<\/tr>\n<tr>\n<td style=\"width:124px;\">\n<p>Reguliert:<\/p>\n<\/td>\n<td style=\"width:199px;\">\n<p>Zypern: CySEC 079\/07<\/p>\n<p>Australien: ASIC AFSL 246566<\/p>\n<p>Vereinigten Staaten: CTFC &#038; NFA<\/p>\n<\/td>\n<\/tr>\n<tr>\n<td style=\"width:124px;\">\n<p>Kundekontotrennung:<\/p>\n<\/td>\n<td style=\"width:199px;\">\n<p>Ja<\/p>\n<\/td>\n<\/tr>\n<tr>\n<td style=\"width:124px;\">\n<p>Akzeptieren Sie USA H\u00e4ndler:<\/p>\n<\/td>\n<td style=\"width:199px;\">\n<p>Ja (Easy Forex USA)<\/p>\n<\/td>\n<\/tr>\n<\/tbody>\n<\/table>\n<p><strong><u>Handelsbedingung:<\/u><\/strong><\/p>\n<table border=\"1\" cellpadding=\"0\" cellspacing=\"0\" style=\"width:339px;\" width=\"339\">\n<tbody>\n<tr>\n<td style=\"width:129px;\">\n<p>Web Plattform<\/p>\n<\/td>\n<td style=\"width:200px;\">\n<p>Web Trading<\/p>\n<\/td>\n<\/tr>\n<tr>\n<td style=\"width:129px;\">\n<p>Plattform zum runterladen<\/p>\n<\/td>\n<td style=\"width:200px;\">\n<p>MetaTrader 4 (MT4), Trade Desk (mit klein Anwendungen k\u00f6nnen Sie Ihre eigenen Layouts schaffen)<\/p>\n<\/td>\n<\/tr>\n<tr>\n<td style=\"width:129px;\">\n<p>Spreads<\/p>\n<\/td>\n<td style=\"width:200px;\">\n<p>Festgelegt (aber kann sich \u00e4ndern, wenn der Markt nicht t\u00e4tig ist)<\/p>\n<\/td>\n<\/tr>\n<tr>\n<td style=\"width:129px;\">\n<p>Garantierter Stop-Loss<\/p>\n<\/td>\n<td style=\"width:200px;\">\n<p>Ja auf Web Trading.<\/p>\n<p>Auf MT4, werden Auftr\u00e4ge nach dem besten erh\u00e4ltlichen Preis ausgef\u00fchrt<\/p>\n<\/td>\n<\/tr>\n<tr>\n<td style=\"width:129px;\">\n<p>Trailing-Stop-Loss<\/p>\n<\/td>\n<td style=\"width:200px;\">\n<p>Client-Seite<\/p>\n<\/td>\n<\/tr>\n<tr>\n<td style=\"width:129px;\">\n<p>Scalping<\/p>\n<\/td>\n<td style=\"width:200px;\">\n<p>Gestattet<\/p>\n<\/td>\n<\/tr>\n<tr>\n<td style=\"width:129px;\">\n<p>Hedging<\/p>\n<\/td>\n<td style=\"width:200px;\">\n<p>Gestattet<\/p>\n<\/td>\n<\/tr>\n<tr>\n<td style=\"width:129px;\">\n<p>OCO Orders<\/p>\n<\/td>\n<td style=\"width:200px;\">\n<p>Nicht Erh\u00e4ltlich<\/p>\n<\/td>\n<\/tr>\n<tr>\n<td style=\"width:129px;\">\n<p>Demokonto<\/p>\n<\/td>\n<td style=\"width:200px;\">\n<p>Ja &#8211; <a href=\"http:\/\/en.easy-forex.com\/int\/tradesimulator.aspx\"><strong>Open Demo Account<\/strong><\/a><\/p>\n<\/td>\n<\/tr>\n<tr>\n<td style=\"width:129px;\">\n<p>Live Kontotypen<\/p>\n<\/td>\n<td style=\"width:200px;\">\n<p>Mini &#8211; Minimum Einzahlung 25 USD<\/p>\n<p>Gold &#8211; Minimum Einzahlung &#8211; 500 USD<\/p>\n<p>Platin &#8211; Minimum Einzahlung &#8211; 5,000 USD<\/p>\n<p>Vip &#8211; Minimum Einzahlung &#8211; 10,000 USD<\/p>\n<p><a href=\"https:\/\/secure.easy-forex.com\/int\/en\/registerjoin.aspx\"><strong>Open Live Account<\/strong><\/a><\/p>\n<\/td>\n<\/tr>\n<\/tbody>\n<\/table>\n<p><strong>Unsere Bewertung des Easy Forex: 3\/5<\/strong><\/p>\n<p><a href=\"\/sites\/default\/files\/u46\/newpicture33.jpg\" data-rel=\"penci-gallery-image-content\"  target=\"_blank\"><img alt=\"\" src=\"\/sites\/default\/files\/u46\/newpicture33.jpg\" style=\"width: 500px; height: 400px; border-width: 12px; border-style: solid; float: left;\" \/><\/a><\/p>\n<p>\u00a0<\/p>\n<p>\u00a0<\/p>\n<p>\u00a0<\/p>\n<p>\u00a0<\/p>\n<p>\u00a0<\/p>\n<p>\u00a0<\/p>\n<p>\u00a0<\/p>\n<p>\u00a0<\/p>\n<p>\u00a0<\/p>\n<p>\u00a0<\/p>\n<p>\u00a0<\/p>\n<p>\u00a0<\/p>\n<p>\u00a0<\/p>\n<p>\u00a0<\/p>\n<p>\u00a0<\/p>\n<p>\u00a0<\/p>\n<p><!-- AddThis Button BEGIN --><\/p>\n<div class=\"addthis_toolbox addthis_default_style \">\n\t\u00a0<\/div>\n<p><script type=\"text\/javascript\">\n<!--\/\/--><![CDATA[\/\/ ><!--\nvar addthis_config = {\"data_track_addressbar\":true};\n\/\/--><!]]>\n<\/script><script type=\"text\/javascript\" src=\"http:\/\/s7.addthis.com\/js\/250\/addthis_widget.js#pubid=ra-4f8cf2685b632727\"><\/script><!-- AddThis Button END --><\/p>\n","protected":false},"excerpt":{"rendered":"<p>\u00a0 \u00a0 \u00a0 \u00a0\u00a0Easy Forex Bewertung \u00a0\u00a0\u00a0\u00a0\u00a0\u00a0\u00a0\u00a0\u00a0\u00a0\u00a0\u00a0\u00a0Easy Forex ist ein Broker, der aus Zypern kommt und seit 2003 im Gesch\u00e4ft ist. Er bietend eine einfache Plattform an, niedrig Mindest- Einzahlungen&hellip;<\/p>\n","protected":false},"author":1,"featured_media":0,"parent":0,"menu_order":0,"comment_status":"open","ping_status":"open","template":"","meta":[],"tags":[268,267,80],"_links":{"self":[{"href":"https:\/\/choose-forex.com\/de\/wp-json\/wp\/v2\/pages\/267\/"}],"collection":[{"href":"https:\/\/choose-forex.com\/de\/wp-json\/wp\/v2\/pages\/"}],"about":[{"href":"https:\/\/choose-forex.com\/de\/wp-json\/wp\/v2\/types\/page\/"}],"author":[{"embeddable":true,"href":"https:\/\/choose-forex.com\/de\/wp-json\/wp\/v2\/users\/1\/"}],"replies":[{"embeddable":true,"href":"https:\/\/choose-forex.com\/de\/wp-json\/wp\/v2\/comments\/?post=267"}],"version-history":[{"count":0,"href":"https:\/\/choose-forex.com\/de\/wp-json\/wp\/v2\/pages\/267\/revisions\/"}],"wp:attachment":[{"href":"https:\/\/choose-forex.com\/de\/wp-json\/wp\/v2\/media\/?parent=267"}],"wp:term":[{"taxonomy":"post_tag","embeddable":true,"href":"https:\/\/choose-forex.com\/de\/wp-json\/wp\/v2\/tags\/?post=267"}],"curies":[{"name":"wp","href":"https:\/\/api.w.org\/{rel}","templated":true}]}}