{"id":10256,"date":"2016-06-01T13:42:23","date_gmt":"2016-06-01T13:42:23","guid":{"rendered":"http:\/\/dev.choose-forex.com\/hu\/about-us\/"},"modified":"2016-06-22T10:54:13","modified_gmt":"2016-06-22T10:54:13","slug":"rolunk","status":"publish","type":"page","link":"https:\/\/choose-forex.com\/hu\/rolunk\/","title":{"rendered":"R\u00d3LUNK"},"content":{"rendered":"<h1 style=\"text-align: center;\"><\/h1>\n<h1 style=\"text-align: center;\"><\/h1>\n<h1 style=\"text-align: center;\"><strong><span style=\"color: #e55c5c;\">K\u00fcldet\u00e9s\u00fcnk<\/span><\/strong><\/h1>\n<h2 style=\"text-align: left;\"><\/h2>\n<p>&nbsp;<\/p>\n<h2 style=\"text-align: center;\"><em>\u00a0Min\u0151s\u00e9gi tartalomszolg\u00e1ltat\u00e1s &amp; Forex\u00a0ir\u00e1nti szenved\u00e9ly<\/em><\/h2>\n<p>&nbsp;<\/p>\n<p><a href=\"http:\/\/choose-forex.com\/wp-content\/uploads\/2016\/06\/About-us-1.png\" data-rel=\"penci-gallery-image-content\" ><img loading=\"lazy\" class=\"size-full wp-image-10279 aligncenter\" src=\"http:\/\/choose-forex.com\/wp-content\/uploads\/2016\/06\/About-us-1.png\" alt=\"r\u00f3lunk\" width=\"680\" height=\"314\" srcset=\"https:\/\/choose-forex.com\/wp-content\/uploads\/2016\/06\/About-us-1.png 680w, https:\/\/choose-forex.com\/wp-content\/uploads\/2016\/06\/About-us-1-300x139.png 300w\" sizes=\"(max-width: 680px) 100vw, 680px\" \/><\/a><\/p>\n<p>&nbsp;<\/p>\n<p>&nbsp;<\/p>\n<h1 style=\"text-align: center;\"><strong><span style=\"color: #e55c5c;\">Choose-Forex, \u0150szint\u00e9n<\/span><\/strong><\/h1>\n<h3 style=\"text-align: center;\"><\/h3>\n<h3 style=\"text-align: center;\"><\/h3>\n<h3 style=\"text-align: center;\"><em>Mi m\u00e1r el\u00e9gg\u00e9 benn vagyunk a Forex Keresked\u00e9sben. \u00cdgy gondoljuk, \u00edgy \u00e9l\u00fcnk \u00e9s itt vagyunk, hogy k\u00e9pviselj\u00fck.\u00a0<\/em><\/h3>\n<h3 style=\"text-align: center;\"><em>Choose-Forex v\u00e9gs\u0151soron egy oktat\u00f3 port\u00e1l. Ha t\u00f6bbet szeretn\u00e9l megtudni a Forexr\u0151l, mit jelent a devizakereskedelem \u00e9s hogyan lehet tisztess\u00e9ges meg\u00e9lhet\u00e9si karriert teremteni, mint Forex Keresked\u0151 &#8211; akkor j\u00f3 helyen j\u00e1rsz!<\/em><\/h3>\n<h3 style=\"text-align: center;\"><em>Csapatunk c\u00e9lja egyedi &#8211; a Forex ir\u00e1nti szenved\u00e9ly\u00fcnk \u00e9s tud\u00e1sunk megoszt\u00e1sa. Ez a szenved\u00e9ly vezetett el a honlap sz\u00fclet\u00e9s\u00e9het, amely t\u00f6mve van keresked\u00e9s t\u00e9m\u00e1j\u00fa cikkekkel, br\u00f3ker \u00e9rt\u00e9kel\u00e9ssel, oktat\u00f3 anyaggal, magasabb fok\u00fa keresked\u00e9si strat\u00e9gi\u00e1kkal \u00e9s technik\u00e1kkal, Forex robotokkal \u00e9s sok m\u00e1ssal. De ez m\u00e9g csak a kezdet! A Forex \u00e1lland\u00f3an v\u00e1ltozik\u00a0\u00e9s mi a Forexxel egy\u00fctt v\u00e1ltozunk. Egysz\u00f3val csapjunk bele!<\/em><\/h3>\n<h3 style=\"text-align: center;\"><em>Choose Forex egy oldal, ahol a keresked\u00e9s \u00e9s kreativit\u00e1s tal\u00e1lkozik. Legy\u00e9l Te is r\u00e9szese!<\/em><\/h3>\n<p>&nbsp;<\/p>\n<p>&nbsp;<\/p>\n<h1 style=\"text-align: center;\"><strong><span style=\"color: #e55c5c;\">\u00cdr\u00f3ink<\/span><\/strong><\/h1>\n<h3 style=\"text-align: center;\">avatars + 2 sentences about Danijel and Balazs<\/h3>\n<p>&nbsp;<\/p>\n<p>&nbsp;<\/p>\n<h1 style=\"text-align: center;\"><strong><span style=\"color: #e55c5c;\">Kapcsolat<\/span><\/strong><\/h1>\n<h2 style=\"text-align: center;\"><span style=\"color: #000000;\"><a style=\"color: #000000;\" href=\"mailto: info@choose-forex.com\" target=\"_blank\">info@choose-forex.com<\/a><\/span><\/h2>\n","protected":false},"excerpt":{"rendered":"<p>K\u00fcldet\u00e9s\u00fcnk &nbsp; \u00a0Min\u0151s\u00e9gi tartalomszolg\u00e1ltat\u00e1s &amp; Forex\u00a0ir\u00e1nti szenved\u00e9ly &nbsp; &nbsp; &nbsp; Choose-Forex, \u0150szint\u00e9n Mi m\u00e1r el\u00e9gg\u00e9 benn vagyunk a Forex Keresked\u00e9sben. \u00cdgy gondoljuk, \u00edgy \u00e9l\u00fcnk \u00e9s itt vagyunk, hogy k\u00e9pviselj\u00fck.\u00a0 Choose-Forex&hellip;<\/p>\n","protected":false},"author":1,"featured_media":0,"parent":0,"menu_order":0,"comment_status":"closed","ping_status":"closed","template":"","meta":[],"tags":[],"_links":{"self":[{"href":"https:\/\/choose-forex.com\/hu\/wp-json\/wp\/v2\/pages\/10256\/"}],"collection":[{"href":"https:\/\/choose-forex.com\/hu\/wp-json\/wp\/v2\/pages\/"}],"about":[{"href":"https:\/\/choose-forex.com\/hu\/wp-json\/wp\/v2\/types\/page\/"}],"author":[{"embeddable":true,"href":"https:\/\/choose-forex.com\/hu\/wp-json\/wp\/v2\/users\/1\/"}],"replies":[{"embeddable":true,"href":"https:\/\/choose-forex.com\/hu\/wp-json\/wp\/v2\/comments\/?post=10256"}],"version-history":[{"count":4,"href":"https:\/\/choose-forex.com\/hu\/wp-json\/wp\/v2\/pages\/10256\/revisions\/"}],"predecessor-version":[{"id":10293,"href":"https:\/\/choose-forex.com\/hu\/wp-json\/wp\/v2\/pages\/10256\/revisions\/10293\/"}],"wp:attachment":[{"href":"https:\/\/choose-forex.com\/hu\/wp-json\/wp\/v2\/media\/?parent=10256"}],"wp:term":[{"taxonomy":"post_tag","embeddable":true,"href":"https:\/\/choose-forex.com\/hu\/wp-json\/wp\/v2\/tags\/?post=10256"}],"curies":[{"name":"wp","href":"https:\/\/api.w.org\/{rel}","templated":true}]}}