{"id":10503,"date":"2016-06-28T12:16:15","date_gmt":"2016-06-28T12:16:15","guid":{"rendered":"http:\/\/choose-forex.com\/hu\/?page_id=10503"},"modified":"2016-08-09T11:06:09","modified_gmt":"2016-08-09T11:06:09","slug":"biztonsagos-forex-kereskedes","status":"publish","type":"page","link":"https:\/\/choose-forex.com\/hu\/biztonsagos-forex-kereskedes\/","title":{"rendered":"Biztons\u00e1gos a Forex keresked\u00e9s?"},"content":{"rendered":"<p style=\"text-align: justify;\">Forex kock\u00e1zatkezel\u00e9s \u00e9letbev\u00e1g\u00f3! De vajon mennyire kock\u00e1zatos a Forex-kaland? F\u00e9lsz, hogy egy \u00fajabb csal\u00e1sba futsz? Hogyan tud a keresked\u0151 diverzifik\u00e1lni \u00e9s hely\u00e9n kezelni a vesz\u00e9lyeket? Hogyan lehet k\u00fcl\u00f6nb\u00f6z\u0151\u00a0keresked\u00e9si opci\u00f3kat ki\u00e9rt\u00e9kelni \u00e9s a legjobbat kiv\u00e1lasztani?<\/p>\n<p><img loading=\"lazy\" class=\"aligncenter wp-image-9204\" src=\"http:\/\/choose-forex.com\/wp-content\/uploads\/2016\/05\/Risk-1024x665-1024x665.jpg\" alt=\"forex risk management\" width=\"584\" height=\"379\" srcset=\"https:\/\/choose-forex.com\/wp-content\/uploads\/2016\/05\/Risk-1024x665.jpg 1024w, https:\/\/choose-forex.com\/wp-content\/uploads\/2016\/05\/Risk-1024x665-300x195.jpg 300w, https:\/\/choose-forex.com\/wp-content\/uploads\/2016\/05\/Risk-1024x665-768x499.jpg 768w, https:\/\/choose-forex.com\/wp-content\/uploads\/2016\/05\/Risk-1024x665-231x150.jpg 231w, https:\/\/choose-forex.com\/wp-content\/uploads\/2016\/05\/Risk-1024x665-150x97.jpg 150w\" sizes=\"(max-width: 584px) 100vw, 584px\" \/><\/p>\n<h3><strong>Table of contents:<\/strong><\/h3>\n<ol>\n<li>Intr\u00f3<\/li>\n<li>Forex kock\u00e1zatkezel\u00e9s<\/li>\n<li>A Forex egy nagy \u00e1tver\u00e9s?<\/li>\n<li>Mik az opci\u00f3k<\/li>\n<li>L\u00e9nyeg<\/li>\n<\/ol>\n<h2 id=\"intro\"><strong>Intr\u00f3<\/strong><\/h2>\n<p style=\"text-align: justify;\">Ahhoz hogy igazi keresked\u0151v\u00e9 v\u00e1lj, meg kell tanulnod a Forexxel j\u00e1r\u00f3 kock\u00e1zatokat kezelni. Figyelmesnek kell lenned, \u00e9s ahogy m\u00e1sutt az \u00e9letben is, alapos\u00a0tervez\u00e9s az \u00fat a sikerhez, \u00e9s ez aranyszab\u00e1ly. A csat\u00e1t az nyeri, akinek van B terve. Teh\u00e1t, miel\u0151tt ki\u00e9rt\u00e9keled az alternat\u00edv\u00e1kat \u00e9s elkezdesz diverzifik\u00e1lni, el\u0151sz\u00f6r, meg kell tanulnod a Forex keresked\u00e9s vesz\u00e9lyeivel egy\u00fctt \u00e9lned.<\/p>\n<h2 id=\"forex-risk-management\"><strong>Forex kock\u00e1zatkezel\u00e9s<\/strong><\/h2>\n<p style=\"text-align: justify;\">Persze, Forex sz\u00e1mos es\u00e9lyt\u00a0\u00e9s lehet\u0151s\u00e9get k\u00edn\u00e1l, de\u00a0<strong>a k\u00e9nyelemnek \u00e1ra van<\/strong>. Egy kattint\u00e1sra elveszteni a p\u00e9nzed, rossz befektet\u00e9sek, csal\u00e1sok \u00e9s sok m\u00e1s vesz\u00e9ly leselkedik az \u00faj \u00e1ldozatokra az internet s\u00f6t\u00e9t szegleteib\u0151l. Ak\u00e1r Te is lehetsz a k\u00f6vetkez\u0151 hacsak nem kezdesz el t\u00f6bbet megtudni a Forex kock\u00e1zatkezel\u00e9sr\u0151l \u00e9s pedig gyorsan.<\/p>\n<p style=\"text-align: justify;\"><a href=\"http:\/\/partnerbay.go2cloud.org\/aff_c?offer_id=48&amp;aff_id=9\" target=\"_blank\"><img loading=\"lazy\" class=\"aligncenter wp-image-10670 size-full\" title=\"etoro forex broker\" src=\"http:\/\/choose-forex.com\/wp-content\/uploads\/2016\/06\/etoro-forex-broker.png\" alt=\"etoro forex broker\" width=\"720\" height=\"300\" srcset=\"https:\/\/choose-forex.com\/wp-content\/uploads\/2016\/06\/etoro-forex-broker.png 720w, https:\/\/choose-forex.com\/wp-content\/uploads\/2016\/06\/etoro-forex-broker-300x125.png 300w\" sizes=\"(max-width: 720px) 100vw, 720px\" \/><\/a><\/p>\n<p style=\"text-align: justify;\">T\u00f6k\u00e9letesen \u00e9rthet\u0151, hogy a legt\u00f6bb keresked\u0151 \u00e9rt\u00e9keli a mentor\u00e1l\u00e1st a keresked\u0151i karrierje kezdet\u00e9n. Persze mehetnek a saj\u00e1t fej\u00fck ut\u00e1n is, de \u00e1ltal\u00e1ban a saj\u00e1t v\u00e9gzet\u00fckbe futnak. A legjobb kock\u00e1zatkezel\u00e9si megold\u00e1s, ha <strong>tal\u00e1lsz egy mentort, aki v\u00e9gigvezet a l\u00e9p\u00e9seken \u00e9s seg\u00edt t\u00fall\u00e9pni az akad\u00e1lyokon<\/strong>. Gy\u0151z\u0151dj meg r\u00f3la, hogy val\u00f3ban \u00e9rti a dolgukat mert ha nem, nem csak \u0151k vesznek el a Forex s\u00fcllyeszt\u0151ben, hanem Te is. Sajnos ilyen egy\u00e9nek fellel\u00e9se\u00a0nehezebb, mint hinn\u00e9d.<\/p>\n<p style=\"text-align: justify;\">A Forexxal az a helyzet, hogy b\u00e1rki fel tud halmozni egy kis vagyont, mint v\u00e1lt\u00f3k \u00e9s \u00fcgyfelek k\u00f6zti\u00a0k\u00f6ztes szem\u00e9ly. Ugyanakkor lesz\u00f6gezn\u00e9nk, kock\u00e1zatos v\u00e1llalkoz\u00e1s, ugyanis <strong>keresked\u0151k a saj\u00e1t befektet\u00e9s\u00fckkel felelnek minden egyes keresked\u00e9si \u00fcgylet\u00e9rt<\/strong>. Ez nem olyan mintha \u00fczletet vezetn\u00e9l \u00e9s cs\u0151delj\u00e1r\u00e1st kezdem\u00e9nyezhetsz magad ellen \u00e9s tov\u00e1bbl\u00e9phetsz, mintha semmi nem t\u00f6rt\u00e9nt volna. Ha nem tudod leperk\u00e1lni a keresked\u00e9si \u00fcgyletek k\u00f6lts\u00e9geit, nem leszel k\u00e9pes kereskedni. M\u00e1sk\u00e9ppen:\u00a0mindened elvesztheted a keresked\u00e9si nap v\u00e9g\u00e9n \u00e9s senki\u00a0sem fogja meg\u00e9rezni a t\u00e1pl\u00e1l\u00e9kl\u00e1ncban, hogy v\u00e9ged.<\/p>\n<p style=\"text-align: justify;\"><img loading=\"lazy\" class=\"alignleft size-full wp-image-9218\" src=\"http:\/\/choose-forex.com\/wp-content\/uploads\/2016\/05\/risk-management.jpg\" alt=\"forex risk management\" width=\"215\" height=\"140\" srcset=\"https:\/\/choose-forex.com\/wp-content\/uploads\/2016\/05\/risk-management.jpg 215w, https:\/\/choose-forex.com\/wp-content\/uploads\/2016\/05\/risk-management-150x98.jpg 150w\" sizes=\"(max-width: 215px) 100vw, 215px\" \/>M\u00e1sr\u00e9szt, a rosszul kigondolt \u00e9s\u00a0kivitelezett megb\u00edz\u00e1sok v\u00e9grehajt\u00e1sa sosem volt b\u00f6lcs d\u00f6nt\u00e9s. \u00c9s ez egyben\u00a0Forex kock\u00e1zat, amit neh\u00e9z kezelni! Ha t\u00fal kor\u00e1n s\u00fct\u00f6d el a fegyvert, m\u00e9g elt\u00e9veszted a c\u00e9lt. T\u00fal sok\u00e1ig v\u00e1rsz, \u00e9s elszalasztod a lehet\u0151s\u00e9get. M\u00e1sk\u00fcl\u00f6nben fontos elsaj\u00e1t\u00edtani az \u00f6szt\u00f6nvez\u00e9relt d\u00f6nt\u00e9shozatalt, hogy azonnal \u00e9s pontosan tudj a piaci v\u00e1ltoz\u00e1sokra reag\u00e1lni.<\/p>\n<p style=\"text-align: justify;\"><strong>V\u00e9letlenszer\u0171en \u00e9s c\u00e9ltalanul kereskedni olyan mint ha j\u00e1r\u00f3kel\u0151kkel teli utc\u00e1ra sz\u00f3rn\u00e1d a p\u00e9nzed\u00a0<\/strong>\u00e9s elv\u00e1rni t\u0151l\u00fck, hogy visszaadj\u00e1k a p\u00e9nzed. Nyilv\u00e1nval\u00f3an nem fog megt\u00f6rt\u00e9nni. M\u00e9g p\u00e1r szerencs\u00e9s tippel is csak p\u00e9nzkidob\u00e1s. Higgadtnak \u00e9s fegyelmezettnek maradni stresszhelyzetben k\u00fcl\u00f6nb\u00f6zteti meg az els\u0151 oszt\u00e1ly\u00fa Forex keresked\u0151t, aki egyben mestere a kock\u00e1zatkezel\u00e9snek is, a t\u00f6bbs\u00e9ggel ellent\u00e9tben.<\/p>\n<p style=\"text-align: justify;\">Rengeteg csal\u00e1ssal tal\u00e1lkozhatunk a piacokon. N\u00e9h\u00e1nyan hamis vagy t\u00fal\u00e1razott oktat\u00e1st k\u00edn\u00e1lnak, m\u00e1sok viszont a csod\u00e1latos keresked\u00e9si szoftver\u00fckkel pr\u00f3b\u00e1lnak t\u00e9ged gazdagg\u00e1 tenni. Egy okos szem\u00e9ly csod\u00e1lkozhat, hogy az ilyenek, hogy tudnak m\u00e9g mindig \u00e9rv\u00e9nyes\u00fclni a Forex univerzumban akkor mikor a m\u00e1gikus csodasz\u00e9rum szoftvereiket rekl\u00e1mozz\u00e1k, amely k\u00e9pes a <strong>szart aranny\u00e1 v\u00e1ltoztatni<\/strong>. Egyet tiszt\u00e1zzunk. Senki nem mondja p\u00e9ld\u00e1ul, hogy az automatiz\u00e1lt keresked\u00e9si szoftverek alkalmatlanok. Nem.\u00a0De nem is arra lettek kital\u00e1lva, hogy kereskedjenek helyetted, hanem kieg\u00e9sz\u00edts\u00e9k \u00e9s t\u00e1mogass\u00e1k a d\u00f6nt\u00e9shozatalt.<\/p>\n<h2 id=\"is-forex-a-big-fat-scam\"><strong>A Forex egy nagy \u00e1tver\u00e9s?<\/strong><\/h2>\n<p style=\"text-align: justify;\">Ilyen gyakran\u00a0hallott r\u00e1galom ut\u00e1n, meglepet\u00e9sk\u00e9nt hathat, hogy sokan ennek ellen\u00e9re Forexxel kapcsolatos tev\u00e9kenys\u00e9gekbe kezdenek. Ugye sokaknak \u00e1tver\u00e9snek t\u0171nik? A h\u00e1tr\u00e1nyai ellen\u00e9re <a href=\"https:\/\/choose-forex.com\/hu\/forex-kereskedes-mint-munka\/\">a Forex m\u00e9rf\u00f6ldekkel veri az \u00f6sszes t\u00f6bbi p\u00e9nz\u00fcgyi befektet\u00e9si form\u00e1t<\/a>. Tov\u00e1bb\u00e1, mindezzel a technol\u00f3gi\u00e1val megt\u00e1mogatva, ha j\u00f3l j\u00e1tszod a lapjaidat, sz\u00e9p kis bev\u00e9telt gener\u00e1lhat neked.<\/p>\n<p style=\"text-align: justify;\">S\u0151t, egyesek f\u0151\u00e1ll\u00e1sban ebb\u0151l \u00e9lnek. \u00d3ri\u00e1si <strong>\u00f6sszegekkel kereskednek \u00e9s a piaci likvidit\u00e1st \u00e9s t\u0151ke\u00e1tt\u00e9telt haszn\u00e1lj\u00e1k a saj\u00e1t el\u0151ny\u00fckre<\/strong>. A keresked\u00e9s puszta m\u00e9ret\u00e9nek \u00e9s volumen\u00e9nek k\u00f6sz\u00f6nhet\u0151en m\u00e9g a legnagyobb \u00fcgyletek se befoly\u00e1solj\u00e1k l\u00e9nyegesen az \u00e1rfolyamokat.\u00a0A t\u0151ke\u00e1tt\u00e9tel ellenben baj okoz\u00f3ja is lehet, ha nem kell\u0151k\u00e9pp k\u00f6r\u00fcltekint\u0151en ker\u00fcl alkalmaz\u00e1sra, ami egyben megt\u00f6bbsz\u00f6r\u00f6zheti a nyeres\u00e9get is. M\u00e1sr\u00e9szt, mely m\u00e1sik befektet\u00e9si eszk\u00f6zt lehet l\u00e9nyeg\u00e9ben b\u00e1rhol adni-venni? Teljes m\u00e9rt\u00e9kben kivitelezhet\u0151 \u00e9s seg\u00edts\u00e9g\u00e9vel \u00f3ri\u00e1si \u00fcgyleteket tudsz lebonyol\u00edtani. Csak egy kis bekalkul\u00e1lt Forex kock\u00e1zatkezel\u00e9s \u00e9s m\u00e1ris fut a szek\u00e9r (na j\u00f3, az\u00e9rt nem ilyen egyszer\u0171).<\/p>\n<h2 id=\"what-can-you-do\"><strong>Mik az opci\u00f3k?<\/strong><\/h2>\n<p style=\"text-align: justify;\">Sz\u00f3val akkor hogyan lehet a Forex kock\u00e1zatokat kezelni? Nos, p\u00e1r dolgot lehet tenni a befektet\u00e9sed v\u00e9delme \u00e9rdek\u00e9ben a nem k\u00edv\u00e1nt piaci hat\u00e1sok ellen. Ne feledd, sajnos egyes piaci hat\u00e1sok\u00a0<strong>elker\u00fclhetetlenek<\/strong>, mint p\u00e9ld\u00e1ul az alkalmank\u00e9nti vesztes\u00e9gek. Vesztes\u00e9gek t\u00f6rt\u00e9nnek, de fontos, hogy gyorsan visszaszerezd a vesztes\u00e9ged \u00e9s folytasd az egyenleged h\u00edzlal\u00e1s\u00e1t. Egy felett\u00e9bb hat\u00e9kony megold\u00e1s a kock\u00e1zatok minimaliz\u00e1l\u00e1s\u00e1ra, ha korl\u00e1tozod a kitetts\u00e9ged.<\/p>\n<p style=\"text-align: justify;\"><img loading=\"lazy\" class=\"alignleft wp-image-9246\" src=\"http:\/\/choose-forex.com\/wp-content\/uploads\/2016\/05\/forex-piyasasinin-riskleri-nelerdir.jpg\" alt=\"forex risk management, forex kock\u00e1zatkezel\u00e9s\" width=\"274\" height=\"219\" srcset=\"https:\/\/choose-forex.com\/wp-content\/uploads\/2016\/05\/forex-piyasasinin-riskleri-nelerdir.jpg 300w, https:\/\/choose-forex.com\/wp-content\/uploads\/2016\/05\/forex-piyasasinin-riskleri-nelerdir-188x150.jpg 188w, https:\/\/choose-forex.com\/wp-content\/uploads\/2016\/05\/forex-piyasasinin-riskleri-nelerdir-150x120.jpg 150w\" sizes=\"(max-width: 274px) 100vw, 274px\" \/>Az alap Forex kock\u00e1zatkezel\u00e9si b\u00f6lcsess\u00e9g szerint <strong>soha<\/strong> <strong>ne kock\u00e1ztass 1%-n\u00e1l <\/strong>t\u00f6bbet ar\u00e1nyosan a teljes let\u00e9tedhez viszony\u00edtottan \u00e9s minden ami\u00a0<strong>10% felett van egyet jelent az \u00f6ngyilkoss\u00e1ggal<\/strong>. M\u00e9g a legjobb keresked\u0151knek is vannak rossz sz\u00e9ri\u00e1i. Olyan sz\u00e9ri\u00e1k, amelyek 5-10 (vagy t\u00f6bb) egym\u00e1st k\u00f6vet\u0151 vesztes\u00e9ges \u00fcgyletet eredm\u00e9nyeznek. Ha k\u00f6veted az 1% szab\u00e1lyt, azt jelenti, hogy 100 egym\u00e1st k\u00f6vet\u0151 vesztes\u00e9ges \u00fcgyletet kell elszenvedned, hogy mindened elvesz\u00edtsd. Vagy 10-et, ha t\u00f6bbet kock\u00e1ztatt\u00e1l! Az egyik h\u00e1tul\u00fct\u0151je a Forex kock\u00e1zatkezel\u00e9snek, hogy a nyeres\u00e9g is korl\u00e1tozott, \u00e9s n\u00e9ha jobban, mint kellene. Sz\u00e1mos keresked\u0151 kapzsi, t\u00fcrelmetlen \u00e9s v\u00e9gezet\u00fcl cs\u0151dbe megy.<\/p>\n<p style=\"text-align: justify;\">Szint\u00e9n fontos, hogy\u00a0<strong><a href=\"https:\/\/choose-forex.com\/hu\/2-a-broker-kivalasztasa\/brokerek-osszehasonlitasa\/\">elker\u00fclj\u00fck a k\u00e9tes \u00fczleteket \u00e9s a szab\u00e1lyozatlan br\u00f3kereket<\/a>, <\/strong>amely seg\u00edts\u00e9g\u00e9vel nem fognak r\u00f6gvest regisztr\u00e1l\u00e1skor kirabolni. Ezekben a napokban m\u00e1r nincs sz\u00fcks\u00e9g maszkra \u00e9s pisztolyra, hogy valakit megfosszanak\u00a0f\u00f6ldi javait\u00f3l. Egy sz\u00e1m\u00edt\u00f3g\u00e9p \u00e9s egy kis m\u0171szaki know-how el\u00e9g. Ugyanakkor, a legitim br\u00f3kereknek szab\u00e1lyokhoz kell tartaniuk magukat \u00e9s egy hivatalos szerv fel\u00fcgyelete mellett olyan eszk\u00f6z\u00f6k \u00e1llnak a keresked\u0151 rendelkez\u00e9s\u00e9re, ami m\u00e1sk\u00e9pp nem (p\u00e9ld\u00e1ul, k\u00e1rt\u00e9r\u00edt\u00e9s k\u00f6vetel\u00e9se). M\u00e1sk\u00fcl\u00f6nben, ha csal\u00e1s t\u00f6rt\u00e9nik \u00e9s kider\u00fcl, ami ritka mint a feh\u00e9r holl\u00f3, addigra a p\u00e9nz r\u00e9g k\u00e1mforr\u00e1 v\u00e1lik \u00e1ltal\u00e1ban. Azaz, az egyetlen megold\u00e1s a Forex kock\u00e1zatkezel\u00e9s\u00a0gyan\u00e1nt, ha van egy betonbiztos terv\u00fcnk \u00e9s a tervben helyet kap a fel\u00fcgyel\u0151 szerv \u00e9s a jogi seg\u00edts\u00e9g.<\/p>\n<p style=\"text-align: justify;\"><img loading=\"lazy\" class=\"alignleft wp-image-9045\" src=\"http:\/\/choose-forex.com\/wp-content\/uploads\/2016\/05\/selecting.jpg\" alt=\"Forex Brokers\" width=\"268\" height=\"213\" srcset=\"https:\/\/choose-forex.com\/wp-content\/uploads\/2016\/05\/selecting.jpg 388w, https:\/\/choose-forex.com\/wp-content\/uploads\/2016\/05\/selecting-300x239.jpg 300w, https:\/\/choose-forex.com\/wp-content\/uploads\/2016\/05\/selecting-188x150.jpg 188w, https:\/\/choose-forex.com\/wp-content\/uploads\/2016\/05\/selecting-150x119.jpg 150w\" sizes=\"(max-width: 268px) 100vw, 268px\" \/>Eml\u00e9kezned kell r\u00e1, hogy kinn, a Forex vadonban, nem csak a piaci mozg\u00e1sokkal \u00e9s a t\u00f6bbi keresked\u0151vel kell megk\u00fczdened, de \u00f6nmagaddal \u00e9s az emberi gyarl\u00f3s\u00e1goddal. Igen, tudjuk hogy klis\u00e9 amit \u00edrunk, de ezek azok a szavak amelyek minden \u00fatmutat\u00f3ban meg\u00e1llj\u00e1k a hely\u00fcket. A f\u00e9lelmeid visszatartanak, az amb\u00edci\u00f3d a v\u00e9gzeted, az \u00e9rzelmeid \u00e9s v\u00e1gyaid pedig nem hagynak nyugodni&#8230; A k\u00e9pess\u00e9g, hogy urald magad, az \u00fat a cs\u00facsra, sugallja a mond\u00e1s.<\/p>\n<p style=\"text-align: justify;\">A val\u00f3s \u00e9letben, a legt\u00f6bb keresked\u0151 csak tal\u00e1l egy keresked\u0151t, amely seg\u00edts\u00e9g\u00e9vel k\u00e9pesek m\u00e1sok \u00fcgyleteit lem\u00e1solni, de ez \u00f6nmag\u00e1ban szint\u00e9n vesz\u00e9lyes lehet. Ilyen hozz\u00e1\u00e1ll\u00e1ssal felszabadulsz a p\u00e9nz\u00fcgyi kontroll jelentette nyom\u00e1s al\u00f3l, de <strong><a href=\"https:\/\/choose-forex.com\/hu\/megeri-a-forex-kereskedes\/\">tov\u00e1bbra se szabadulsz a Te nevedben fell\u00e9p\u0151 vesztes\u00e9gek al\u00f3l<\/a><\/strong>. Az egyetlen j\u00e1rhat\u00f3 \u00fat, ha minden param\u00e9tert helyesen \u00e1ll\u00edtasz be \u00e9s rem\u00e9led a legjobbat. \u00c9s mindig ellen\u0151rizd hogy teljes\u00edtenek a piacok, korl\u00e1tozd a kitetts\u00e9ged \u00e9s tegy\u00e9l meg mindent a Forex kock\u00e1zatkezel\u00e9s alapos elsaj\u00e1t\u00edt\u00e1s\u00e1hoz.<\/p>\n<p style=\"text-align: justify;\">T\u00e9ny \u00e9s val\u00f3, az egyetlen \u00fat ebben az iparban, ha <a href=\"https:\/\/choose-forex.com\/hu\/mi-az-a-forex\/\"><strong>folyamatosan k\u00e9pzed magad a Forex piacokr\u00f3l<\/strong><\/a>. Sz\u00e1mos lehet\u0151s\u00e9g ad\u00f3dik ez \u00fcgyben. A legt\u00f6bb br\u00f3ker kimer\u00edt\u0151 m\u00e9diak\u00f6nyvt\u00e1rat k\u00edn\u00e1l, amely apr\u00f3l\u00e9kosan kit\u00e9r a Forex minden szegmens\u00e9re. A kieg\u00e9sz\u00edt\u0151 szolg\u00e1ltat\u00e1sok k\u00f6z\u00e9 tartoznak a webin\u00e1riumok, konzult\u00e1ci\u00f3k, szak\u00e9rt\u0151i elemz\u00e9sek \u00e9s m\u00e9g a szem\u00e9lyes sz\u00e1mlakezel\u00e9s is. A\u00a0legnagyobb korl\u00e1t azonban az id\u0151 a keresked\u0151 r\u00e9sz\u00e9r\u0151l, amit a k\u00e9pz\u00e9sre ford\u00edthat. Szint\u00e9n ne felejts\u00fck el a dem\u00f3sz\u00e1ml\u00e1kat, amely az \u00e9l\u0151 keresked\u00e9shez legk\u00f6zelebb \u00e1ll\u00f3 megold\u00e1s, \u00e9s mellette megk\u00edm\u00e9l a val\u00f3s vesztes\u00e9gekt\u0151l. A Forex mesterek mind \u00edgy\u00a0kezdik.<\/p>\n<h2 id=\"conclusion\"><strong>A l\u00e9nyeg<\/strong><\/h2>\n<p style=\"text-align: justify;\">A bekalkul\u00e1lt vesztes\u00e9gek jelentik a feln\u0151tt\u00e9 v\u00e1l\u00e1st a kereskedelemben, ahogy az elej\u00e9n pr\u00f3b\u00e1ltuk elmagyar\u00e1zni. Mindennapos lehet, nem tudsz semmit se tenni ellene. A Forex keresked\u0151k az\u00e9rt kereskednek, mert a Forex kock\u00e1zatkezel\u00e9si k\u00e9szs\u00e9g\u00fck megtan\u00edtotta \u0151ket, hogy nem szabad t\u00f6bbet kock\u00e1ztatni, mint amit elveszthetnek. A Forex nem biztons\u00e1gosabb, mint b\u00e1rmi m\u00e1s \u2013 vagy vesz\u00e9lyesebb. Minden levezethet\u0151 a Forex kock\u00e1zatkezel\u00e9sre.<\/p>\n","protected":false},"excerpt":{"rendered":"<p>Forex kock\u00e1zatkezel\u00e9s \u00e9letbev\u00e1g\u00f3! De vajon mennyire kock\u00e1zatos a Forex-kaland? F\u00e9lsz, hogy egy \u00fajabb csal\u00e1sba futsz? Hogyan tud a keresked\u0151 diverzifik\u00e1lni \u00e9s hely\u00e9n kezelni a vesz\u00e9lyeket? Hogyan lehet k\u00fcl\u00f6nb\u00f6z\u0151\u00a0keresked\u00e9si opci\u00f3kat ki\u00e9rt\u00e9kelni&hellip;<\/p>\n","protected":false},"author":4,"featured_media":0,"parent":0,"menu_order":0,"comment_status":"closed","ping_status":"closed","template":"","meta":[],"tags":[],"_links":{"self":[{"href":"https:\/\/choose-forex.com\/hu\/wp-json\/wp\/v2\/pages\/10503\/"}],"collection":[{"href":"https:\/\/choose-forex.com\/hu\/wp-json\/wp\/v2\/pages\/"}],"about":[{"href":"https:\/\/choose-forex.com\/hu\/wp-json\/wp\/v2\/types\/page\/"}],"author":[{"embeddable":true,"href":"https:\/\/choose-forex.com\/hu\/wp-json\/wp\/v2\/users\/4\/"}],"replies":[{"embeddable":true,"href":"https:\/\/choose-forex.com\/hu\/wp-json\/wp\/v2\/comments\/?post=10503"}],"version-history":[{"count":13,"href":"https:\/\/choose-forex.com\/hu\/wp-json\/wp\/v2\/pages\/10503\/revisions\/"}],"predecessor-version":[{"id":11275,"href":"https:\/\/choose-forex.com\/hu\/wp-json\/wp\/v2\/pages\/10503\/revisions\/11275\/"}],"wp:attachment":[{"href":"https:\/\/choose-forex.com\/hu\/wp-json\/wp\/v2\/media\/?parent=10503"}],"wp:term":[{"taxonomy":"post_tag","embeddable":true,"href":"https:\/\/choose-forex.com\/hu\/wp-json\/wp\/v2\/tags\/?post=10503"}],"curies":[{"name":"wp","href":"https:\/\/api.w.org\/{rel}","templated":true}]}}