{"id":10642,"date":"2016-06-29T14:33:43","date_gmt":"2016-06-29T14:33:43","guid":{"rendered":"http:\/\/choose-forex.com\/hu\/?page_id=10642"},"modified":"2016-08-09T11:09:07","modified_gmt":"2016-08-09T11:09:07","slug":"megeri-a-forex-kereskedes","status":"publish","type":"page","link":"https:\/\/choose-forex.com\/hu\/megeri-a-forex-kereskedes\/","title":{"rendered":"Dr\u00e1ga a Forex?"},"content":{"rendered":"<p>Meg\u00e9ri a Forex keresked\u00e9s? B\u00e1rki k\u00e9pes r\u00e1? Dr\u00e1ga a keresked\u00e9s? \u0150szint\u00e9n, van es\u00e9lyed? L\u00e1ssuk csak,<\/p>\n<p style=\"text-align: center;\"><img loading=\"lazy\" class=\"aligncenter wp-image-9181 size-full\" title=\"is forex trading worth it\" src=\"http:\/\/choose-forex.com\/wp-content\/uploads\/2016\/05\/website-costs1.jpg\" alt=\"is forex trading worth it\" width=\"506\" height=\"339\" srcset=\"https:\/\/choose-forex.com\/wp-content\/uploads\/2016\/05\/website-costs1.jpg 506w, https:\/\/choose-forex.com\/wp-content\/uploads\/2016\/05\/website-costs1-300x201.jpg 300w, https:\/\/choose-forex.com\/wp-content\/uploads\/2016\/05\/website-costs1-224x150.jpg 224w, https:\/\/choose-forex.com\/wp-content\/uploads\/2016\/05\/website-costs1-150x100.jpg 150w\" sizes=\"(max-width: 506px) 100vw, 506px\" \/><\/p>\n<h3><strong>Tartalomjegyz\u00e9k:<\/strong><\/h3>\n<ol>\n<li>R\u00f6vid bemutat\u00f3<\/li>\n<li>A Forex el\u0151nyei \u00e9s h\u00e1tr\u00e1nyai<\/li>\n<li>Hogyan kereskedj\u00fcnk 100 doll\u00e1rral<\/li>\n<li>Mik a pontos k\u00f6lts\u00e9geim<\/li>\n<li>V\u00e9gezet\u00fcl<\/li>\n<\/ol>\n<h2 id=\"brief-introduction\"><strong>Meg\u00e9ri a Forex keresked\u00e9s? &#8211; Bemutat\u00f3<\/strong><\/h2>\n<p style=\"text-align: justify;\">Term\u00e9szetesen, de a val\u00f3s k\u00e9rd\u00e9s:\u00a0<strong>&#8220;Meg\u00e9ri a Forex keresked\u00e9s vagy sem?&#8221;<\/strong>\u00a0Nem arr\u00f3l sz\u00f3l, hogy mennyibe ker\u00fcl elkezdeni a keresked\u00e9st. A kulcsk\u00e9rd\u00e9s, hogy mennyit tudsz keresni vele.<\/p>\n<p style=\"text-align: justify;\"><a href=\"http:\/\/my.nsfxaffiliates.com\/register\/?r=I07995\" target=\"_blank\"><img loading=\"lazy\" class=\"aligncenter wp-image-10521 size-full\" title=\"nasfxbrok\" src=\"http:\/\/choose-forex.com\/wp-content\/uploads\/2016\/06\/nasfxbrok.jpg\" alt=\"nasfxbrok\" width=\"720\" height=\"300\" srcset=\"https:\/\/choose-forex.com\/wp-content\/uploads\/2016\/06\/nasfxbrok.jpg 720w, https:\/\/choose-forex.com\/wp-content\/uploads\/2016\/06\/nasfxbrok-300x125.jpg 300w\" sizes=\"(max-width: 720px) 100vw, 720px\" \/><\/a><\/p>\n<p style=\"text-align: justify;\">Tudjuk, hogy a &#8220;dr\u00e1ga&#8221; \u00e9s az &#8220;olcs\u00f3&#8221; kifejez\u00e9sek szubjekt\u00edv defin\u00edci\u00f3k, de tudni, hogy lehet $100 doll\u00e1rral kereskedni, az m\u00e1r\u00a0m\u0171v\u00e9szet. A m\u00faltban voltak olyan br\u00f3kerek, amelyek engedtek sz\u00e1ml\u00e1t nyitni m\u00e1r $5 doll\u00e1rral is, de ilyen \u00f6sszeggel neh\u00e9z p\u00e9nzt keresni. Dr\u00e1ga a Forex keresked\u00e9s? Meg\u00e9ri a Forex keresked\u00e9s? A keresked\u0151 k\u00e9pess\u00e9gein m\u00falik, de val\u00f3ban ez a helyzet?<\/p>\n<h2 id=\"pros-and-cons-of-forex\"><strong>A Forex el\u0151nyei \u00e9s h\u00e1tr\u00e1nyai<\/strong><\/h2>\n<p style=\"text-align: justify;\">A modern technol\u00f3gia csod\u00e1j\u00e1nak k\u00f6sz\u00f6nhet\u0151en, a Forex sokkal k\u00f6nnyebben el\u00e9rhet\u0151 az \u00e1tlagembereknek, mint valaha is volt a m\u00faltban. Volt egy id\u0151, mikor csak a nagyj\u00e1t\u00e9kosoknak, mint bankok, nagyv\u00e1llalatok \u00e9s milli\u00e1rdos moguloknak volt el\u00e9rhet\u0151 a devizapiac, de\u00a0<strong>ma m\u00e1r b\u00e1rki bel\u00e9phet<\/strong>\u00a0\u00e9s pr\u00f3b\u00e1ra teheti a p\u00e9nz\u00fcgyi tud\u00e1s\u00e1t.<\/p>\n<p style=\"text-align: justify;\"><img loading=\"lazy\" class=\"aligncenter wp-image-9128\" title=\"Pros &amp; Cons\" src=\"http:\/\/choose-forex.com\/wp-content\/uploads\/2016\/05\/pros_cons.jpg\" alt=\"Pros &amp; Cons\" width=\"571\" height=\"254\" srcset=\"https:\/\/choose-forex.com\/wp-content\/uploads\/2016\/05\/pros_cons.jpg 625w, https:\/\/choose-forex.com\/wp-content\/uploads\/2016\/05\/pros_cons-300x133.jpg 300w, https:\/\/choose-forex.com\/wp-content\/uploads\/2016\/05\/pros_cons-250x111.jpg 250w, https:\/\/choose-forex.com\/wp-content\/uploads\/2016\/05\/pros_cons-150x67.jpg 150w\" sizes=\"(max-width: 571px) 100vw, 571px\" \/><\/p>\n<p style=\"text-align: justify;\">M\u00e1s p\u00e9nz\u00fcgyi piacokkal \u00f6sszehasonl\u00edtva, a\u00a0<a href=\"https:\/\/choose-forex.com\/hu\/forex-kereskedes-mint-munka\/\"><strong>Forex sokkal kisz\u00e1m\u00edthat\u00f3bb \u00e9s megb\u00edzhat\u00f3bb<\/strong><\/a>. A r\u00e9szv\u00e9ny vagy \u00e1rucikkek piaca hozhat a konyh\u00e1ra, de nem \u00e9rdemes elfelejteni, hogy a r\u00e9szv\u00e9nyek m\u00f6g\u00f6tt v\u00e1llalatok \u00e1llnak, m\u00edg az \u00e1rucikkek \u00e1rfolyama sokszor kisz\u00e1m\u00edthatatlan. Forex piacon viszont deviz\u00e1kkal kereskedsz \u00e9s azokat sokkal nehezebb elt\u00e9r\u00edteni vagy manipul\u00e1lni.<\/p>\n<p style=\"text-align: justify;\"><strong>A Forex piacok egyben technol\u00f3gia orient\u00e1ltak is, azaz, sz\u00e1mos technol\u00f3giai megold\u00e1st alkalmaznak<\/strong>\u00a0a bonyolult term\u00e9szet\u00fck miatt \u00e9s egyes keresked\u0151k ezeket\u00a0a technol\u00f3gi\u00e1kat keresked\u00e9si strat\u00e9gi\u00e1juk r\u00e9sz\u00e9v\u00e9 tett\u00e9k. Meg\u00e9ri a Forex mindazt az \u00e9rt\u00e9kes id\u0151t \u00e9s stresszt? Nos, automatiz\u00e1lt keresked\u00e9ssel lehet.<\/p>\n<p style=\"text-align: justify;\">Persze vannak mindenf\u00e9le automatiz\u00e1lt keresked\u00e9si szoftverek, amelyek milliomoss\u00e1 tudnak tenni hat h\u00f3nap alatt meg ilyesmik. Na persze. Ha igaz lenne, akkor mi\u00e9rt kell ezeknek a c\u00e9geknek ezt a sok szart interneten \u00e1rulniuk ahelyett, hogy \u0151k maguk gazdagodn\u00e1nak meg bel\u0151le? Mi\u00e9rt nem valahol a Baham\u00e1kon s\u00fcttetik a hasukat? Nem, a dolgok nem \u00edgy m\u0171k\u00f6dnek.<\/p>\n<p style=\"text-align: justify;\"><img loading=\"lazy\" class=\"alignleft wp-image-9114 \" title=\"is forex trading worth it\" src=\"http:\/\/choose-forex.com\/wp-content\/uploads\/2016\/05\/cost_benefit_risk_red_dice_400_clr-300x300.png\" alt=\"is forex trading worth it\" width=\"251\" height=\"251\" srcset=\"https:\/\/choose-forex.com\/wp-content\/uploads\/2016\/05\/cost_benefit_risk_red_dice_400_clr-300x300.png 300w, https:\/\/choose-forex.com\/wp-content\/uploads\/2016\/05\/cost_benefit_risk_red_dice_400_clr-150x150.png 150w, https:\/\/choose-forex.com\/wp-content\/uploads\/2016\/05\/cost_benefit_risk_red_dice_400_clr.png 400w\" sizes=\"(max-width: 251px) 100vw, 251px\" \/>Ne \u00e9rts f\u00e9lre, az \u00f6tlet, hogy megtan\u00edtasz egy g\u00e9pet arra, hogy helyetted kereskedjen nem \u00faj \u2013 \u00e9s nem is rossz elk\u00e9pzel\u00e9s. Seg\u00edts\u00e9g\u00e9vel\u00a0<strong>kiiktathat\u00f3v\u00e1 v\u00e1ln\u00e1nak az emberi \u00e9rzelmek <\/strong>&#8211;<strong> mint kapzsis\u00e1g vagy f\u00e9lelem<\/strong>\u00a0&#8211; az egyenletb\u0151l \u00e9s hat\u00e9konyabb\u00e1 tenn\u00e9 keresked\u00e9st. Az egyetlen probl\u00e9ma ezzel, hogy szinte lehetetlen.<\/p>\n<p style=\"text-align: justify;\">Mindazon\u00e1ltal az\u00a0<strong>automatiz\u00e1lt keresked\u00e9si jelek,<\/strong>\u00a0mint seg\u00e9deszk\u00f6z a Forex keresked\u00e9shez j\u00f3 \u00f6tlet. Ugyanakkor, a Forex nem val\u00f3 mindenkinek. Vesztes\u00e9gek szerves r\u00e9sz\u00e9t k\u00e9pezik a piacoknak \u00e9s m\u00e9g a legsikeresebb trader is belefut n\u00e9ha egy-k\u00e9t bukt\u00e1ba. Sok kritikus a szerencsej\u00e1t\u00e9khoz hasonl\u00edtja a devizakereskedelmet, amely nem t\u00f6bb lej\u00e1rat\u00f3 r\u00e1galomn\u00e1l, ugyanis a szerencse, egy profi keresked\u0151 \u00e9let\u00e9ben nem l\u00e9tezik. <strong>Megalapozott piaci elemz\u00e9seken \u00e9s a mikro- illetve makrogazdas\u00e1gi k\u00f6rnyezet ismeret\u00e9n alapulnak keresked\u00e9si d\u00f6nt\u00e9sei, amelyet t\u00e1mogat az \u00e9vek alatt kifejlesztett keresked\u00e9si intu\u00edci\u00f3 \u00e9s id\u0151z\u00edt\u00e9s.<\/strong> Ez mind tanulhat\u00f3, fejleszthet\u0151.<\/p>\n<p style=\"text-align: justify;\">V\u00e9gezet\u00fcl, egyes szem\u00e9lyek egyszer\u0171en nem a devizapiaci keresked\u00e9skor jelentkez\u0151 stressz \u00e9s kih\u00edv\u00e1sok kezel\u00e9s\u00e9re lettek teremtve. Ez, \u00e9s sok m\u00e1s t\u00e9nyez\u0151 \u00e1ll az \u00fatban amely megakad\u00e1lyozza a t\u00f6bbs\u00e9get, hogy el\u00e9rj\u00e9k \u00e1lmaikat. Sz\u00e1mukra a Forex keresked\u00e9s nem aj\u00e1nlott\u00a0\u00e9s jobb ha nagy \u00edvben ker\u00fclik.<\/p>\n<p style=\"text-align: justify;\">M\u00e1s szem\u00e9lyek arr\u00f3l ismertek, hogy $100 doll\u00e1rral is sikeresen tudnak kereskedni, vagyis \u00edgy sz\u00f3l a legenda. Legend\u00e1nak titul\u00e1ljuk mert egy tag, aki $100 doll\u00e1rral kezdte \u00e9s \u0151 lett a k\u00f6vetkez\u0151 Bill Gates, nos az el\u00e9gg\u00e9 mes\u00e9be ill\u0151. Nem tudjuk el\u00e9gszer hangs\u00falyozni, de a\u00a0<a href=\"https:\/\/choose-forex.com\/hu\/mi-az-a-forex\/\"><strong>tanul\u00e1s jelenti a k\u00fcl\u00f6nbs\u00e9get a sikeres \u00e9s a bukott keresked\u0151 k\u00f6zt<\/strong><\/a>.<\/p>\n<h2 id=\"how-to-trade-with-$100\"><strong>Hogyan kereskedj\u00fcnk $100 doll\u00e1rral<\/strong><\/h2>\n<p style=\"text-align: justify;\"><img loading=\"lazy\" class=\"alignleft wp-image-9156 size-full\" title=\"is forex trading worth it\" src=\"http:\/\/choose-forex.com\/wp-content\/uploads\/2016\/05\/learn-how-to-trade-stocks-successfully-300x258.jpg\" alt=\"is forex trading worth it, meg\u00e9ri a Forex keresked\u00e9s\" width=\"300\" height=\"258\" srcset=\"https:\/\/choose-forex.com\/wp-content\/uploads\/2016\/05\/learn-how-to-trade-stocks-successfully-300x258.jpg 300w, https:\/\/choose-forex.com\/wp-content\/uploads\/2016\/05\/learn-how-to-trade-stocks-successfully-300x258-174x150.jpg 174w, https:\/\/choose-forex.com\/wp-content\/uploads\/2016\/05\/learn-how-to-trade-stocks-successfully-300x258-150x129.jpg 150w\" sizes=\"(max-width: 300px) 100vw, 300px\" \/>Ahhoz, hogy a keresked\u0151 a $100 doll\u00e1rt sikersztoriv\u00e1 var\u00e1zsolja, rengeteg tud\u00e1sra, tapasztalatra \u00e9s szerencs\u00e9re lesz sz\u00fcks\u00e9ge. A j\u00f3 keresked\u00e9si strat\u00e9gi\u00e1k nem pattannak csak \u00fagy ki a keresked\u0151k fej\u00e9b\u0151l:\u00a0meg kell tanulni \u00e9s taktikai pontoss\u00e1ggal, id\u0151z\u00edt\u00e9ssel alkalmazni \u0151ket. Az igazs\u00e1gtartalom a legenda m\u00f6g\u00f6tt annyi, hogy <strong>a legt\u00f6bb br\u00f3ker minim\u00e1lis let\u00e9ti \u00f6sszeget hat\u00e1roz meg<\/strong>\u00a0\u00e9s $100 doll\u00e1r \u00f6sszeg a legelfogadottabb k\u00fcsz\u00f6b\u00e9rt\u00e9k. Meg\u00e9ri a Forex keresked\u00e9s $100 doll\u00e1ros k\u00f6lts\u00e9gvet\u00e9ssel?<\/p>\n<p style=\"text-align: justify;\">Norm\u00e1lis k\u00f6r\u00fclm\u00e9nyek k\u00f6z\u00f6tt a legt\u00f6bb keresked\u00e9si strat\u00e9gia megk\u00f6veteli <strong>az 1%-os limitet a keresked\u00e9si sz\u00e1mla egyenleg\u00e9hez viszony\u00edtottan<\/strong>, ami azt jelenti, hogy a teljes rendelkez\u00e9sre \u00e1ll\u00f3 t\u0151ke 1%-\u00e1t kock\u00e1ztatod \u00fcgyletenk\u00e9nt, vagy, ha nagyon optimista vagy, a 10%-\u00e1t. Ilyen esetben, egy befektet\u0151 $100 t\u0151k\u00e9vel az $1-$10 doll\u00e1ros tartom\u00e1nyban kereskedne, amely kb. kiz\u00e1rja, hogy bel\u00e1that\u00f3 id\u0151n bel\u00fcl Warren Buffet nyomdokaiba l\u00e9pjen. Szint\u00e9n aj\u00e1nlott \u00e9szben tartani, hogy lesznek vesztes\u00e9gek. M\u00e9gis, a legnagyobb \u00e9rv, amely a Forex keresked\u00e9s ellen sz\u00f3l, hogy n\u00e9ha \u00fagy nyersz egy \u00fcgyleten, hogy k\u00f6zben vesztesz. M\u00e9g mindig azt k\u00e9rded, hogy meg\u00e9ri a Forex keresked\u00e9s?<\/p>\n<p style=\"text-align: justify;\">T\u00e9ny,\u00a0<strong>az egyetlen m\u00f3d, hogy $100 doll\u00e1rb\u00f3l t\u0151k\u00e9t\u00a0tudjunk kov\u00e1csolni a Forex piacokon<\/strong>, ha\u00a0extr\u00e9m aggressz\u00edv strat\u00e9gi\u00e1t alkalmazunk, mikr\u00f3 lotokkal kereskedsz \u00e9s eldobsz minden eddig megismert Forex b\u00f6lcsess\u00e9get.<\/p>\n<p style=\"text-align: justify;\">Ez nem azt jelenti, hogy $100 beruh\u00e1z\u00e1st nem lehet egy \u00e9v alatt $200,000 doll\u00e1rra felh\u00edzlalni hossz\u00fat\u00e1v\u00fa tapasztalattal \u00e9s k\u00f6r\u00fcltekint\u0151 tervez\u00e9ssel. Nos akkor meg\u00e9ri a Forex, ha $100 doll\u00e1rral kezdj\u00fck? L\u00e1ssuk hogyan tudod v\u00e9ghezvinni \u00e9s a t\u00f6bbit majd Te eld\u00f6nt\u00f6d.<\/p>\n<p style=\"text-align: justify;\"><img loading=\"lazy\" class=\"alignleft wp-image-9142 size-medium\" title=\"is forex trading worth it\" src=\"http:\/\/choose-forex.com\/wp-content\/uploads\/2016\/05\/stock-market-buy-sell-hold-300x300.jpg\" alt=\"is forex trading worth it\" width=\"300\" height=\"300\" srcset=\"https:\/\/choose-forex.com\/wp-content\/uploads\/2016\/05\/stock-market-buy-sell-hold-300x300.jpg 300w, https:\/\/choose-forex.com\/wp-content\/uploads\/2016\/05\/stock-market-buy-sell-hold-150x150.jpg 150w, https:\/\/choose-forex.com\/wp-content\/uploads\/2016\/05\/stock-market-buy-sell-hold-768x768.jpg 768w, https:\/\/choose-forex.com\/wp-content\/uploads\/2016\/05\/stock-market-buy-sell-hold-1024x1024.jpg 1024w\" sizes=\"(max-width: 300px) 100vw, 300px\" \/>El\u0151sz\u00f6r, <a href=\"https:\/\/choose-forex.com\/hu\/2-a-broker-kivalasztasa\/brokerek-osszehasonlitasa\/\"><strong>szerezz egy kis tapasztalatot dem\u00f3sz\u00e1ml\u00e1n<\/strong><\/a>, lehet\u0151leg ugyanann\u00e1l a br\u00f3kern\u00e9l, ahol az \u00e9l\u0151 sz\u00e1ml\u00e1d is megnyitod. Gyakorolj sokat, mert ilyenkor csakis a manu\u00e1lis keresked\u00e9s j\u00f6het sz\u00f3ba. Semmi g\u00e9p, automatiz\u00e1lt szoftver vagy Forex robot. Koncentr\u00e1lj az EUR\/USD devizap\u00e1rra, b\u00e1r ak\u00e1rmely f\u0151 devizap\u00e1r megfelel a c\u00e9lra. A strat\u00e9gia tulajdonk\u00e9ppen el\u00e9g egyszer\u0171.<\/p>\n<p style=\"text-align: justify;\">Az els\u0151 dolog amit meg kell tenned, hogy <strong>k\u00e9t egyenl\u0151 r\u00e9szre bontod a p\u00e9nzed<\/strong>. Az egyik megy a keresked\u00e9sre m\u00edg a m\u00e1sik jelenti a B tervet \u2013 lehet\u0151s\u00e9get hogy visszaszerezd a p\u00e9nzed a vesztes\u00e9ges \u00fcgyletek ut\u00e1n. A kezd\u0151knek:\u00a0$50 haszn\u00e1lsz keresked\u00e9sre \u00e9s a t\u00f6bbi a tartal\u00e9k. Norm\u00e1lis esetben ilyet nem kellene tenni, de mivel nem nagyban j\u00e1tszol k\u00e9nytelen vagy az alacsony t\u0151k\u00e9det aggressz\u00edv strat\u00e9gi\u00e1val kompenz\u00e1lni.<\/p>\n<p style=\"text-align: justify;\">A k\u00f6vetkez\u0151 l\u00e9p\u00e9s, hogy v\u00e9gigm\u00e9sz a h\u00edrelemz\u00e9seken, grafikonokon \u00e9s minden egy\u00e9b el\u0151rejelz\u00e9sen amit csak tal\u00e1lsz. Ne agg\u00f3dj, ahogy nagyobb tapasztalatra teszel szert, \u00fagy lesznek el\u0151rejelz\u00e9seid pontosabbak. Tulajdonk\u00e9ppen nem teszel m\u00e1st, csak v\u00e9gigm\u00e9sz a grafikonokon \u00e9s a h\u00edreken, hogy eld\u00f6ntsd mi legyen a k\u00f6vetkez\u0151 l\u00e9p\u00e9s. De csak akkor kereskedsz mikor neked \u00e1ll a z\u00e1szl\u00f3 \u2013 ha a grafikonok nem n\u00e9znek ki j\u00f3l, hagyd a csud\u00e1ba. Csak akkor kereskedj mikor el\u00e9g magas a piaci volatilit\u00e1s. Min\u00e9l t\u00f6bb emelked\u0151-cs\u00f6kken\u0151-megint emelked\u0151 mint\u00e1t l\u00e1tsz a grafikonon, ann\u00e1l jobb lesz.<\/p>\n<p style=\"text-align: justify;\">Egy kis gyakorl\u00e1ssal, a megfelel\u0151 devizap\u00e1rral \u00e9s kedvez\u0151 k\u00f6r\u00fclm\u00e9nyek k\u00f6z\u00f6tt, t\u00edzb\u0151l kilencszer helyesnek kell lennie az el\u0151rejelz\u00e9seidnek. \u00c9s a tizedik el\u0151rejelz\u00e9sedn\u00e9l fontos, hogy az \u00fcgyleteid 15%-os vesztes\u00e9gen bel\u00fcl z\u00e1rod. Ne agg\u00f3dj, ezek kis \u00f6sszegek \u00e9s k\u00f6nny\u0171 visszaszerezni.<\/p>\n<p style=\"text-align: justify;\">Ha helyesen teszed, akkor minden h\u00f3napban megdupl\u00e1z\u00f3dik a t\u0151k\u00e9d. Hat h\u00f3napon bel\u00fcl durv\u00e1n\u00a0$6,500 doll\u00e1rral\u00a0kereskedsz 300,000-400,000 doll\u00e1r el\u00e9rhet\u0151. A\u00a0$200,000 doll\u00e1r lesz a fedezet minden vesztes\u00e9gre \u00e9s a $400,000 jelenten\u00e9 a legjobb forgat\u00f3k\u00f6nyvet.<\/p>\n<h2 id=\"what-are-my-exact-costs\"><strong>Mik a pontos k\u00f6lts\u00e9geim?<\/strong><\/h2>\n<p style=\"text-align: justify;\"><img loading=\"lazy\" class=\"alignleft wp-image-9100 size-full\" title=\"is forex trading worth it\" src=\"http:\/\/choose-forex.com\/wp-content\/uploads\/2016\/05\/cost-calculator1.png\" alt=\"is forex trading worth it\" width=\"220\" height=\"220\" srcset=\"https:\/\/choose-forex.com\/wp-content\/uploads\/2016\/05\/cost-calculator1.png 220w, https:\/\/choose-forex.com\/wp-content\/uploads\/2016\/05\/cost-calculator1-150x150.png 150w\" sizes=\"(max-width: 220px) 100vw, 220px\" \/>A pontos k\u00f6lts\u00e9gek sz\u00e1mos dolgon m\u00falnak, bele\u00e9rtve a v\u00e1lasztott br\u00f3kert, a keresked\u0151i st\u00edlusod, szok\u00e1said \u00e9s poz\u00edci\u00f3id. A legt\u00f6bb br\u00f3kernek van egy automatikus sz\u00e1mol\u00f3g\u00e9pe, amivel ki tudod sz\u00e1molni a pontos k\u00f6lts\u00e9geidet, teh\u00e1t\u00a0nem lesz probl\u00e9ma azzal, hogy kifigur\u00e1zd, vajon meg\u00e9ri a Forex keresked\u00e9s, vagy sem.<\/p>\n<p style=\"text-align: justify;\">A pontos k\u00f6lts\u00e9gek br\u00f3kerenk\u00e9nt v\u00e1ltoznak \u00e9s ez\u00e9rt lehetetlen p\u00e1r sz\u00e1mmal fel\u00edrni a k\u00f6lts\u00e9geid. A d\u00edjak 4 \u00e9s 6 cent k\u00f6z\u00f6tt mozognak, att\u00f3l f\u00fcgg\u0151en, hogy mely devizap\u00e1rral kereskedsz: a f\u0151 devizap\u00e1rok d\u00edja olcs\u00f3bb mint az egzotikusok\u00e9. A spreadek nagys\u00e1ga 0.5 a f\u0151 devizap\u00e1rokn\u00e1l, vagy 175.00+ ha egzotikussal kereskedsz. Al\u00e1bb tal\u00e1lsz egy t\u00e1bl\u00e1zatot az alapd\u00edjakkal, amely seg\u00edt felm\u00e9rni, hogy mire sz\u00e1m\u00edts. Az \u00e1rak doll\u00e1rban \u00e9rtend\u0151k.<\/p>\n<table width=\"664\">\n<tbody>\n<tr>\n<td width=\"95\"><\/td>\n<td style=\"text-align: center;\" width=\"83\">EUR\/USD<\/td>\n<td style=\"text-align: center;\" width=\"78\">EUR\/JPY<\/td>\n<td style=\"text-align: center;\" width=\"85\">USD\/CAD<\/td>\n<td style=\"text-align: center;\" width=\"82\">EUR\/GBP<\/td>\n<td style=\"text-align: center;\" width=\"78\">USD\/JPY<\/td>\n<td style=\"text-align: center;\" width=\"82\">USD\/CHF<\/td>\n<td style=\"text-align: center;\" width=\"82\">EUR\/CHF<\/td>\n<\/tr>\n<tr>\n<td width=\"95\">\n<p style=\"text-align: center;\">\u00c1tlagos spread (pipek)<\/p>\n<\/td>\n<td style=\"text-align: center;\" width=\"83\">1.8<\/td>\n<td style=\"text-align: center;\" width=\"78\">2.4<\/td>\n<td style=\"text-align: center;\" width=\"85\">2.3<\/td>\n<td style=\"text-align: center;\" width=\"82\">1.2<\/td>\n<td style=\"text-align: center;\" width=\"78\">1.6<\/td>\n<td style=\"text-align: center;\" width=\"82\">1.9<\/td>\n<td style=\"text-align: center;\" width=\"82\">2.5<\/td>\n<\/tr>\n<tr>\n<td style=\"text-align: center;\" width=\"95\">D\u00edj<\/td>\n<td style=\"text-align: center;\" width=\"83\">&#8211;<\/td>\n<td style=\"text-align: center;\" width=\"78\">&#8211;<\/td>\n<td style=\"text-align: center;\" width=\"85\">&#8211;<\/td>\n<td style=\"text-align: center;\" width=\"82\">&#8211;<\/td>\n<td style=\"text-align: center;\" width=\"78\">&#8211;<\/td>\n<td style=\"text-align: center;\" width=\"82\">&#8211;<\/td>\n<td style=\"text-align: center;\" width=\"82\">&#8211;<\/td>\n<\/tr>\n<tr>\n<td style=\"text-align: center;\" width=\"95\">1K \u00f6sszeg\u0171 keresked\u00e9s teljes k\u00f6lts\u00e9ge<\/td>\n<td style=\"text-align: center;\" width=\"83\">18 cent<\/td>\n<td style=\"text-align: center;\" width=\"78\">24 cent<\/td>\n<td style=\"text-align: center;\" width=\"85\">23 cent<\/td>\n<td style=\"text-align: center;\" width=\"82\">12 cent<\/td>\n<td style=\"text-align: center;\" width=\"78\">16 cent<\/td>\n<td style=\"text-align: center;\" width=\"82\">19 cent<\/td>\n<td style=\"text-align: center;\" width=\"82\">25 cent<\/td>\n<\/tr>\n<tr>\n<td style=\"text-align: center;\" width=\"95\">100K keresked\u00e9s teljes k\u00f6lts\u00e9ge<\/td>\n<td style=\"text-align: center;\" width=\"83\">$18<\/td>\n<td style=\"text-align: center;\" width=\"78\">$24<\/td>\n<td style=\"text-align: center;\" width=\"85\">$23<\/td>\n<td style=\"text-align: center;\" width=\"82\">$12<\/td>\n<td style=\"text-align: center;\" width=\"78\">$16<\/td>\n<td style=\"text-align: center;\" width=\"82\">$19<\/td>\n<td style=\"text-align: center;\" width=\"82\">$25<\/td>\n<\/tr>\n<tr>\n<td style=\"text-align: center;\" width=\"95\">1M keresked\u00e9s teljes k\u00f6lts\u00e9ge<\/td>\n<td style=\"text-align: center;\" width=\"83\">$180<\/td>\n<td style=\"text-align: center;\" width=\"78\">$240<\/td>\n<td style=\"text-align: center;\" width=\"85\">$230<\/td>\n<td style=\"text-align: center;\" width=\"82\">$120<\/td>\n<td style=\"text-align: center;\" width=\"78\">$160<\/td>\n<td style=\"text-align: center;\" width=\"82\">$190<\/td>\n<td style=\"text-align: center;\" width=\"82\">$250<\/td>\n<\/tr>\n<\/tbody>\n<\/table>\n<h2 id=\"bottom-line\" style=\"text-align: left;\"><strong>V\u00e9gezet\u00fcl<\/strong><\/h2>\n<p style=\"text-align: justify;\">Meg\u00e9ri a Forex keresked\u00e9s vagy sem? A v\u00e1lasz csakis rajtad m\u00falik. A k\u00f6lts\u00e9gek, lehets\u00e9ges profitok \u00e9s a sz\u00e1mos\u00a0keresked\u00e9si lehet\u0151s\u00e9gek k\u00f6z\u00f6tt senki m\u00e1s nem tud eligazodni csakis Te magad. Minden azon m\u00falik, hogy tudsz-e annyi p\u00e9nzt keresni, ami fedezi a k\u00f6lts\u00e9geidet \u00e9s profit\u00e1lsz, vagy sem. Ha igen, Isten hozott. Ha nem, sok szerencs\u00e9t a f\u0151\u00e1ll\u00e1s\u00fa munk\u00e1ddal. M\u00e9g ne mondj fel.<\/p>\n","protected":false},"excerpt":{"rendered":"<p>Meg\u00e9ri a Forex keresked\u00e9s? B\u00e1rki k\u00e9pes r\u00e1? Dr\u00e1ga a keresked\u00e9s? \u0150szint\u00e9n, van es\u00e9lyed? L\u00e1ssuk csak, Tartalomjegyz\u00e9k: R\u00f6vid bemutat\u00f3 A Forex el\u0151nyei \u00e9s h\u00e1tr\u00e1nyai Hogyan kereskedj\u00fcnk 100 doll\u00e1rral Mik a pontos&hellip;<\/p>\n","protected":false},"author":4,"featured_media":0,"parent":0,"menu_order":0,"comment_status":"closed","ping_status":"closed","template":"","meta":[],"tags":[],"_links":{"self":[{"href":"https:\/\/choose-forex.com\/hu\/wp-json\/wp\/v2\/pages\/10642\/"}],"collection":[{"href":"https:\/\/choose-forex.com\/hu\/wp-json\/wp\/v2\/pages\/"}],"about":[{"href":"https:\/\/choose-forex.com\/hu\/wp-json\/wp\/v2\/types\/page\/"}],"author":[{"embeddable":true,"href":"https:\/\/choose-forex.com\/hu\/wp-json\/wp\/v2\/users\/4\/"}],"replies":[{"embeddable":true,"href":"https:\/\/choose-forex.com\/hu\/wp-json\/wp\/v2\/comments\/?post=10642"}],"version-history":[{"count":11,"href":"https:\/\/choose-forex.com\/hu\/wp-json\/wp\/v2\/pages\/10642\/revisions\/"}],"predecessor-version":[{"id":11277,"href":"https:\/\/choose-forex.com\/hu\/wp-json\/wp\/v2\/pages\/10642\/revisions\/11277\/"}],"wp:attachment":[{"href":"https:\/\/choose-forex.com\/hu\/wp-json\/wp\/v2\/media\/?parent=10642"}],"wp:term":[{"taxonomy":"post_tag","embeddable":true,"href":"https:\/\/choose-forex.com\/hu\/wp-json\/wp\/v2\/tags\/?post=10642"}],"curies":[{"name":"wp","href":"https:\/\/api.w.org\/{rel}","templated":true}]}}