{"id":13615,"date":"2017-06-09T10:27:34","date_gmt":"2017-06-09T10:27:34","guid":{"rendered":"http:\/\/choose-forex.com\/?page_id=13615\/"},"modified":"2017-06-09T10:27:34","modified_gmt":"2017-06-09T10:27:34","slug":"legjobb-forex-brokerek-kezdoknek","status":"publish","type":"page","link":"https:\/\/choose-forex.com\/hu\/legjobb-forex-brokerek-kezdoknek\/","title":{"rendered":"A LEGJOBB FOREX BR\u00d3KEREK KEZD\u0150KNEK"},"content":{"rendered":"<p style=\"text-align: justify;\"><img loading=\"lazy\" class=\"aligncenter wp-image-13557 size-full\" src=\"http:\/\/choose-forex.com\/wp-content\/uploads\/2017\/05\/BEST-FOREX-BROKERS-FOR-BEGINNERS.png\" alt=\"\" width=\"100%\" height=\"400\" srcset=\"https:\/\/choose-forex.com\/wp-content\/uploads\/2017\/05\/BEST-FOREX-BROKERS-FOR-BEGINNERS.png 614w, https:\/\/choose-forex.com\/wp-content\/uploads\/2017\/05\/BEST-FOREX-BROKERS-FOR-BEGINNERS-300x195.png 300w\" sizes=\"(max-width: 614px) 100vw, 614px\" \/><\/p>\n<p style=\"text-align: justify;\">Kiismerted a Forex piacok alapvet\u0151 saj\u00e1toss\u00e1gait \u00e9s megvan benned a kitart\u00e1s \u00e9s elsz\u00e1nts\u00e1g, hogy energi\u00e1t \u00e9gess el a siker\u00e9rt cser\u00e9be. Tudod mit? A devizakereskedelem k\u00f6nnyen a legkedvesebb partneredd\u00e9 v\u00e1lhat! Ugyanakkor egy kezd\u0151nek, mint Te is vagy, neh\u00e9z eld\u00f6ntenie, mely forex br\u00f3ker a megfelel\u0151. De nem kell agg\u00f3dni! Seg\u00edt\u00fcnk kiv\u00e1lasztani a l<strong>egjobb Forex br\u00f3kert, az\u00e9rt hogy megk\u00edm\u00e9lj\u00fcnk az \u00e1tver\u00e9sekt\u0151l \u00e9s csal\u00e1sokt\u00f3l<\/strong>. Jelen forex \u00fatmutat\u00f3 egyfajta devizakeresked\u00e9si kisokos, ami informat\u00edvan elmagyar\u00e1zza a sz\u00fcks\u00e9ges l\u00e9p\u00e9seket az ide\u00e1lis br\u00f3ker kiv\u00e1laszt\u00e1s\u00e1hoz. Ha k\u00f6veted a le\u00edrtakat, nem lesz gond a megb\u00edzhat\u00f3 br\u00f3ker kiv\u00e1laszt\u00e1s\u00e1val. Van itt p\u00e1r fontos \u00e9s gyakran feltett k\u00e9rd\u00e9s, amelyet sz\u00e1mos \u00fajonc &#8211; hasonl\u00f3an hozz\u00e1d &#8211; megk\u00e9rdez. V\u00e1laszaink seg\u00edtenek lesz\u0171k\u00edteni a v\u00e1laszt\u00e9kot \u00e9s olyan forex br\u00f3kert tal\u00e1lni, amely val\u00f3ban kezd\u0151knek lett kital\u00e1lva. Egy l\u00e9p\u00e9sre vagy att\u00f3l, hogy sikeres keresked\u0151v\u00e9 v\u00e1lj, de fontos, hogy olyan br\u00f3kert v\u00e1lassz, amelynek a szolg\u00e1ltat\u00e1sa a Te ig\u00e9nyeidre tervezve.<\/p>\n<p style=\"text-align: justify;\">Az els\u0151 fontos teend\u0151 a legjobb kezd\u0151 Forex keresked\u0151knek meg\u00e1lmodott br\u00f3ker kiv\u00e1laszt\u00e1sa. Ilyenkor mer\u00fcl fel a kezd\u0151 keresked\u0151ben a k\u00e9rd\u00e9s: hogyan tudom leellen\u0151rizni a br\u00f3kerem?<\/p>\n<p style=\"text-align: justify;\"><a href=\"http:\/\/partners.etoro.com\/A55876_TClick.aspx\" target=\"_blank\" rel=\"noopener noreferrer\"><img loading=\"lazy\" class=\"aligncenter wp-image-10670 size-full\" title=\"etoro forex broker\" src=\"http:\/\/choose-forex.com\/wp-content\/uploads\/2016\/06\/etoro-forex-broker.png\" alt=\"etoro forex broker\" width=\"720\" height=\"300\" srcset=\"https:\/\/choose-forex.com\/wp-content\/uploads\/2016\/06\/etoro-forex-broker.png 720w, https:\/\/choose-forex.com\/wp-content\/uploads\/2016\/06\/etoro-forex-broker-300x125.png 300w\" sizes=\"(max-width: 720px) 100vw, 720px\" \/><\/a><\/p>\n<h2><strong>Hogyan tudom leellen\u0151rizni, hogy a br\u00f3kerem regisztr\u00e1lt \u00e9s megb\u00edzhat\u00f3?<\/strong><\/h2>\n<p>Amikor Forex keresked\u00e9si sz\u00e1ml\u00e1t nyitsz, nem akarod, hogy a p\u00e9nzedet ellopj\u00e1k, vagy k\u00e9tes helyen legyen. A legokosabb dolog, hogy leellen\u0151rz\u00f6d, hogy a <strong>br\u00f3kered regisztr\u00e1lva van-e az NFA-n\u00e1l<\/strong> (Natural Futures Association) vagy a <strong>CFTC-n\u00e9l<\/strong> (Commodity Futures Trading Commission) egyes\u00fclt \u00e1llamokbeli br\u00f3ker eset\u00e9ben, vagy <strong>FSA-n\u00e1l<\/strong> (Financial Service Authority), ha az Egyes\u00fclt Kir\u00e1lys\u00e1gban van. Az EU forex piacokat szab\u00e1lyoz\u00f3 szerver\u0151l t\u00e1j\u00e9koztat\u00e1st ezen az oldalon tal\u00e1lsz: www.tradersasset.com\/forex\/brokers\/european-forex-brokers. Szint\u00e9n \u00e9rdemes a br\u00f3ker \u00e9rt\u00e9kel\u00e9seket \u00e9s forex br\u00f3ker list\u00e1kat \u00e1tb\u00f6ng\u00e9szni \u00e9s ha nincs regisztr\u00e1lva egyetlen fent eml\u00edtett szervezetn\u00e9l se, jobb, ha messzir\u0151l elker\u00fcl\u00f6d. Ezek az \u00fcgyn\u00f6ks\u00e9gek licencenged\u00e9lyt adnak a br\u00f3kereknek \u00e9s a br\u00f3kereket a piacon list\u00e1zott\u00e1 teszik. Egy mondatban \u00f6sszefoglalva: <strong>a megb\u00edzat\u00f3 br\u00f3ker enged\u00e9llyel rendelkezik!<\/strong><\/p>\n<p>M\u00e1sik dolog, egy j\u00f3 forex br\u00f3kernek figyelnie kell a renom\u00e9j\u00e1ra, ez\u00e9rt \u00e9rdemes a felhaszn\u00e1l\u00f3k \u00e9s \u00fcgyfelek \u00e9rt\u00e9kel\u00e9s\u00e9t is elolvasni. Ne legy\u00e9l lusta lecsekkolni a keresked\u00e9si platformhoz tartoz\u00f3 \u00e9rt\u00e9kel\u00e9seket, amit vagy egy val\u00f3s \u00fcgyf\u00e9l hozott l\u00e9tre vagy szakemberek \u00edrt\u00e1k le v\u00e9lem\u00e9ny\u00fcket a br\u00f3ker hivatalos honlapj\u00e1r\u00f3l. Legy\u00e9l egy l\u00e9p\u00e9ssel el\u0151r\u00e9bb mint a t\u00f6bbiek!<\/p>\n<h2><strong>Mi a minimum let\u00e9t?<\/strong><\/h2>\n<p>Szerencs\u00e9re a Forex piacra val\u00f3 bel\u00e9p\u00e9s nem ig\u00e9nyel jelent\u0151s befektet\u00e9st a keresked\u00e9s elkezd\u00e9s\u00e9hez. <strong>Mivel rugalmasan lett kialak\u00edtva a minim\u00e1lis let\u00e9t nagys\u00e1ga, ez\u00e9rt l\u00e9nyegesen kevesebb t\u0151k\u00e9vel is el lehet kezdeni a napi keresked\u00e9st.<\/strong> <a href=\"http:\/\/www.babypips.com\/tools\/forex-brokers-guide\/meet.php\">\u00c1ltal\u00e1noss\u00e1gban elmondhat\u00f3, a minim\u00e1lis let\u00e9ti \u00f6sszeg a z\u00e9r\u00f3t\u00f3l a $10 000 doll\u00e1rig v\u00e1ltozik<\/a>. Ha nincs $10 000 doll\u00e1rod, m\u00e9g nem a vil\u00e1g v\u00e9ge! A legt\u00f6bb br\u00f3ker t\u00f6bb sz\u00e1mlat\u00edpust k\u00edn\u00e1l, \u00edgy a keresked\u0151 v\u00e1lasztani tud, hogy mely kateg\u00f3ri\u00e1ban szeretn\u00e9 elkezdeni (minimum sz\u00e1mla, VIP sz\u00e1mla stb).<\/p>\n<h2><strong>Mekkora \u00f6sszegre van sz\u00fcks\u00e9gem a forex kereskedelem elkezd\u00e9s\u00e9hez?<\/strong><\/h2>\n<p><strong>A sz\u00fcks\u00e9ges let\u00e9t nagys\u00e1ga a c\u00e9ljaidt\u00f3l f\u00fcgg<\/strong>. M\u00e1s akkor, ha sim\u00e1n csak n\u00f6velni akarod a sz\u00e1ml\u00e1d, vagy ha egy folyamatos j\u00f6vedelmet akarsz magadnak. A minim\u00e1lis nyit\u00f3 egyenleggel az a tr\u00fckk, hogy a legt\u00f6bb ember t\u00fcrelmetlen \u00e9s t\u00fal sokat kock\u00e1ztatnak minden egyes \u00fcgyleten \u00e9s ez\u00e9rt vesz\u00edtenek el a v\u00e9g\u00e9n mindent! Ne l\u00e9gy t\u00fcrelmetlen \u00e9s kapzsi!<\/p>\n<p>Miel\u0151tt elkezdesz kereskedni, \u00e9rdemes lecsekkolni a br\u00f3ker k\u00f6lts\u00e9geket az \u00e9l\u0151 sz\u00e1ml\u00e1n. Egyes br\u00f3kerek jutal\u00e9kmentes keresked\u00e9ssel hirdetik magukat \u00e9s a bev\u00e9tel\u00fck az elad\u00e1si \u00e9s k\u00edn\u00e1lati \u00e1r k\u00f6z\u00f6tti k\u00fcl\u00f6nb\u00f6zetb\u0151l ered. Miel\u0151tt megl\u00e9pn\u00e9d az els\u0151 \u00fcgyleted, gy\u0151z\u0151dj meg r\u00f3la, hogy tiszt\u00e1ban vayg a k\u00f6lts\u00e9gekkel \u00e9s b\u00f3nuszokkal. Egy m\u00e1sik dolog: <strong>miel\u0151tt egy forex br\u00f3kert v\u00e1lasztan\u00e1l, kezdj el gyakorolni egy dem\u00f3sz\u00e1ml\u00e1n<\/strong> \u2013 nyiss meg egy dem\u00f3 keresked\u00e9si sz\u00e1ml\u00e1t \u00e9s ott \u00e9gesd a zsetonokat. Ha rosszul \u00e1ll a sz\u00e9n\u00e1d, akkor ink\u00e1bb a dem\u00f3sz\u00e1ml\u00e1n t\u00f6rt\u00e9njen mint az \u00e9l\u0151n!<\/p>\n<div id=\"attachment_13531\" style=\"width: 310px\" class=\"wp-caption alignleft\"><img aria-describedby=\"caption-attachment-13531\" loading=\"lazy\" class=\"wp-image-13531 size-medium\" title=\"Learn and Improve by using Forex brokers designed for beginners.\" src=\"http:\/\/choose-forex.com\/wp-content\/uploads\/2017\/05\/bigstock-The-words-Learn-Practice-and-I-44419135-300x300.jpg\" alt=\"\" width=\"300\" height=\"300\" srcset=\"https:\/\/choose-forex.com\/wp-content\/uploads\/2017\/05\/bigstock-The-words-Learn-Practice-and-I-44419135-300x300.jpg 300w, https:\/\/choose-forex.com\/wp-content\/uploads\/2017\/05\/bigstock-The-words-Learn-Practice-and-I-44419135-150x150.jpg 150w, https:\/\/choose-forex.com\/wp-content\/uploads\/2017\/05\/bigstock-The-words-Learn-Practice-and-I-44419135-768x768.jpg 768w, https:\/\/choose-forex.com\/wp-content\/uploads\/2017\/05\/bigstock-The-words-Learn-Practice-and-I-44419135.jpg 900w\" sizes=\"(max-width: 300px) 100vw, 300px\" \/><p id=\"caption-attachment-13531\" class=\"wp-caption-text\">Az angol szavak, \u201cLearn, Practice \u00e9s Improve\u201d jelent\u00e9se: tanulj, gyakorolj \u00e9s fejl\u0151dj h\u00e1rom piros kock\u00e1ra \u00edrva azt szimboliz\u00e1lja, hogy k\u00e9sz vagy \u00faj tud\u00e1st megszerezni a jobb karrier \u00e9rdek\u00e9ben, a siker\u00e9rt \u00e9s c\u00e9ljaid\u00e9rt.<\/p><\/div>\n<h2 style=\"text-align: justify;\"><strong>A legjobb kezd\u0151knek kital\u00e1lt Forex br\u00f3kerek rendelkeznek dem\u00f3sz\u00e1ml\u00e1val<\/strong><\/h2>\n<p>A siker \u00fatj\u00e1n meg kell tanulni az elsaj\u00e1t\u00edtott devizakeresked\u00e9si k\u00e9szs\u00e9gek alkalmaz\u00e1s\u00e1t annak \u00e9rdek\u00e9ben, hogy profi keresked\u0151v\u00e9 v\u00e1lj. T\u00f6lts le egy ingyenes dem\u00f3sz\u00e1ml\u00e1t \u00e9s kezdj el zsetonokat keresni! Minden megb\u00edzhat\u00f3 br\u00f3ker oldal\u00e1n fogsz dem\u00f3sz\u00e1ml\u00e1t tal\u00e1lni. L\u00e1tni fogod, hogy a kezel\u0151fel\u00fclet nagyon k\u00f6nnyen haszn\u00e1lhat\u00f3. Pr\u00f3b\u00e1lj ki k\u00fcl\u00f6nb\u00f6z\u0151 strat\u00e9gi\u00e1kat korl\u00e1tlan ideig \u00e9s tal\u00e1ld meg azt, amely a legjobban megfelel az ig\u00e9nyeidnek. <strong>A legjobb dem\u00f3sz\u00e1ml\u00e1k pontosan ugyanazokat a k\u00f6r\u00fclm\u00e9nyeket teremtik meg, mint az \u00e9l\u0151 sz\u00e1ml\u00e1k an\u00e9lk\u00fcl, hogy p\u00e9nz vesz\u00edten\u00e9l.<\/strong> Ez egy biztons\u00e1gos k\u00f6rnyezet a kezd\u0151knek \u00e9s mindenki b\u00e1tran megteheti a babal\u00e9p\u00e9seket a devizapiacokat. <a href=\"https:\/\/choose-forex.com\/forex-for-beginners-complete-guide\/#how-and-where-to-learn\">Amellett, hogy megtanulod az alapvet\u0151 aspektusait a Forexnek,<\/a> lehet\u0151s\u00e9ged lesz egy strat\u00e9gia el\u0151nyeinek \u00e9s h\u00e1tr\u00e1nyainak kitapasztal\u00e1s\u00e1ra a grafikonok, technikai indik\u00e1torok stb. seg\u00edts\u00e9g\u00e9vel. Amikor \u00fagy \u00e9rzed k\u00e9sz vagy, mestere vagy <a href=\"https:\/\/choose-forex.com\/forex-for-beginners-complete-guide\/#selecting-your-trading-strategy\">a l\u00e9nyegesebb keresked\u00e9si strat\u00e9gi\u00e1knak,<\/a> akkor ideje egy ingyenes forex \u00e9l\u0151 sz\u00e1ml\u00e1t nyitni val\u00f3s p\u00e9nzzel. Ez a sz\u00e1mla t\u00f6bbet ad mint egy dem\u00f3, m\u00e9g minim\u00e1lis forr\u00e1sokkal is els\u0151sorban az\u00e9rt, mert elkezded \u00e1tl\u00e1tni a kapcsolatot a profit \u00e9s az \u00e1rfolyam mozg\u00e1sok k\u00f6z\u00f6tt.<\/p>\n<h2><strong>Internetes Forex oktat\u00f3 kurzusok kezd\u0151knek<\/strong><\/h2>\n<p>Ha tov\u00e1bb akarod gyarap\u00edtani a tud\u00e1sod, l\u00e9pj be egy kezd\u0151knek kialak\u00edtott online forex keresked\u00e9si kurzus csoportba. Egy min\u0151s\u00e9gi forex webin\u00e1rium elmagyar\u00e1zza az alapvet\u0151 koncepci\u00f3kat \u00e9s fundament\u00e1lis elemz\u0151 eszk\u00f6z\u00f6ket, hogy meg\u00e9rtsd a piacok m\u0171k\u00f6d\u00e9s\u00e9t. P\u00e9ld\u00e1ul, <a href=\"https:\/\/www.home.saxo\/education\/webinars\">a Saxo bank cs\u00facsmin\u0151s\u00e9g\u0171 webin\u00e1riumokat aj\u00e1nl.<\/a> <strong>Az ingyenes forex keresked\u00e9si \u00fatmutat\u00f3juk seg\u00edt elmer\u00fclni a devizakereskedelem alapjaiban \u00e9s megtan\u00edt v\u00e9dekezni a vesztes\u00e9gek ellen.<\/strong> Min\u00e9l t\u00f6bbet tudsz, ann\u00e1l kisebb a kock\u00e1zat! V\u00e9gtelen mennyis\u00e9gben \u00e1ll rendelkez\u00e9sre inform\u00e1ci\u00f3 az interneten, amely csak arra v\u00e1r, hogy r\u00e1vesd magad. Teh\u00e1t, tal\u00e1ld meg a legjobb forex keresked\u00e9si kurzust, oktat\u00f3anyagot \u00e9s cikkeket, szemin\u00e1riumokat \u00e9s m\u00e1st\u2026<\/p>\n<h2><strong>Forex b\u00f3nuszok \u00fajaknak<\/strong><\/h2>\n<p>A dem\u00f3sz\u00e1ml\u00e1kon k\u00edv\u00fcl, a legt\u00f6bb br\u00f3ker regisztr\u00e1ci\u00f3s b\u00f3nuszt is aj\u00e1nl a kezd\u0151knek. Ilyen b\u00f3nusz az \u00faj regisztr\u00e1ci\u00f3s b\u00f3nusz \u00e9s a z\u00e9r\u00f3 let\u00e9t b\u00f3nusz. Nincs m\u00e1s dolgod, mint regisztr\u00e1lni egy <strong>br\u00f3ker oldal\u00e1n \u00e9s begy\u0171jteni a jutalmad.<\/strong> Br\u00f3kereknek meg\u00e9ri az \u00faj keresked\u0151k figyelm\u00e9t b\u00f3nuszaikra \u00e9s aj\u00e1nlataikra ir\u00e1ny\u00edtani. B\u00e1rki, ki m\u00e9g nem regisztr\u00e1lt r\u00e9szes\u00fclhet az ingyenes forex jutalmakb\u00f3l. Ezek a let\u00e9t b\u00f3nuszok csak akkor \u00e9rhet\u0151k el, ha kereskedsz \u00e9s addig nem h\u00edvhat\u00f3k le, am\u00edg nem teljes\u00edtesz bizonyos keresked\u00e9si felt\u00e9teleket.<\/p>\n<h2><strong>A legjobb Forex keresked\u00e9si platformok<\/strong><\/h2>\n<p>Ha \u00faj vagy a devizapiacon, akkor a megfelel\u0151 br\u00f3ker t\u00f6bbet jelent mint egy keresked\u00e9si platform. Fontos, hogy fel\u00e9p\u00edtsd a befektet\u00e9si alapod. <strong>A legjobb Forex br\u00f3kerek kezd\u0151knek Magyarorsz\u00e1gon sz\u00e1mos oktat\u00f3anyagot, \u00e9sszer\u0171 befektet\u00e9si opci\u00f3kat \u00e9s er\u0151s \u00fcgyf\u00e9lt\u00e1mogat\u00e1st aj\u00e1nlanak<\/strong>. Itt egy lista a legn\u00e9pszer\u0171bb platformokr\u00f3l, amely k\u00f6z\u00fcl m\u00e1r csak ki kell v\u00e1lasztanod a legjobb br\u00f3kert:<br \/>\n\n<table id=\"tablepress-7\" class=\"tablepress tablepress-id-7 table-front-7\">\n<thead>\n<tr class=\"row-1 odd\">\n\t<th class=\"column-1\">Broker<\/th><th class=\"column-2\">Review<\/th><th class=\"column-3\">Demo Account<\/th><th class=\"column-4\">Link<\/th>\n<\/tr>\n<\/thead>\n<tbody class=\"row-hover\">\n<tr class=\"row-2 even\">\n\t<td class=\"column-1\"><a href=\"http:\/\/www.avatrade.com\/?tag=57734\" target=\"_blank\">AvaTrade<\/a><\/td><td class=\"column-2\"><a href=\"http:\/\/www.avatrade.com\/?tag=57734\" target=\"_blank\">Complete Review<\/a><\/td><td class=\"column-3\"><a href=\"http:\/\/www.avatrade.com\/?tag=57734\" target=\"_blank\">Try Demo<\/a><\/td><td class=\"column-4\"><a href=\"http:\/\/www.avatrade.com\/?tag=57734\" target=\"_blank\">Start Trading<\/a><\/td>\n<\/tr>\n<tr class=\"row-3 odd\">\n\t<td class=\"column-1\"><a href=\"http:\/\/www.saxobank.com\/demo-account\/\" target=\"_blank\">Saxo Bank<\/a><\/td><td class=\"column-2\"><a href=\"http:\/\/www.saxobank.com\/demo-account\/\" target=\"_blank\">Complete Review<\/a><\/td><td class=\"column-3\"><a href=\"http:\/\/www.saxobank.com\/demo-account\/\" target=\"_blank\">Try Demo<\/a><\/td><td class=\"column-4\"><a href=\"http:\/\/www.saxobank.com\/demo-account\/\" target=\"_blank\">Start Trading<\/a><\/td>\n<\/tr>\n<tr class=\"row-4 even\">\n\t<td class=\"column-1\"><a href=\"http:\/\/partners.etoro.com\/A55876_TClick.aspx\" target=\"_blank\">eToro<\/a><\/td><td class=\"column-2\"><a href=\"http:\/\/partners.etoro.com\/A55876_TClick.aspx\" target=\"_blank\">Complete Review<\/a><\/td><td class=\"column-3\"><a href=\"http:\/\/partners.etoro.com\/A55876_TClick.aspx\" target=\"_blank\">Try Demo<\/a><\/td><td class=\"column-4\"><a href=\"http:\/\/partners.etoro.com\/A55876_TClick.aspx\" target=\"_blank\">Start Trading<\/a><\/td>\n<\/tr>\n<tr class=\"row-5 odd\">\n\t<td class=\"column-1\"><a href=\"http:\/\/record.partners.easy-forex.com\/_N636mIH6flqxTywTjppue2Nd7ZgqdRLk\/1\/\">Easy Forex<\/a><\/td><td class=\"column-2\"><a href=\"http:\/\/record.partners.easy-forex.com\/_N636mIH6flqxTywTjppue2Nd7ZgqdRLk\/1\/\">Complete Review<\/a><\/td><td class=\"column-3\"><a href=\"http:\/\/record.partners.easy-forex.com\/_N636mIH6flqxTywTjppue2Nd7ZgqdRLk\/1\/\">Try Demo<\/a><\/td><td class=\"column-4\"><a href=\"http:\/\/record.partners.easy-forex.com\/_N636mIH6flqxTywTjppue2Nd7ZgqdRLk\/1\/\">Start Trading<\/a><\/td>\n<\/tr>\n<tr class=\"row-6 even\">\n\t<td class=\"column-1\"><a href=\"http:\/\/serv.markets.com\/promoRedirect?key=ej0xNDg0MDE0NSZsPTE0OTI5MjM5JnA9MzA0MzQ%3D\" target=\"_blank\">Markets.com<\/a><\/td><td class=\"column-2\"><a href=\"http:\/\/serv.markets.com\/promoRedirect?key=ej0xNDg0MDE0NSZsPTE0OTI5MjM5JnA9MzA0MzQ%3D\" target=\"_blank\">Complete Review<\/a><\/td><td class=\"column-3\"><a href=\"http:\/\/serv.markets.com\/promoRedirect?key=ej0xNDg0MDE0NSZsPTE0OTI5MjM5JnA9MzA0MzQ%3D\" target=\"_blank\">Try Demo<\/a><\/td><td class=\"column-4\"><a href=\"http:\/\/serv.markets.com\/promoRedirect?key=ej0xNDg0MDE0NSZsPTE0OTI5MjM5JnA9MzA0MzQ%3D\" target=\"_blank\">Start Trading<\/a><\/td>\n<\/tr>\n<tr class=\"row-7 odd\">\n\t<td class=\"column-1\"><a href=\"http:\/\/www.fxcm.com\/\" target=\"_blank\">FXCM<\/a><\/td><td class=\"column-2\"><a href=\"http:\/\/choose-forex.com\/article\/fxcm-review\">Complete Review<\/a><\/td><td class=\"column-3\"><a href=\"http:\/\/www.fxcm.com\/\" target=\"_blank\">Try Demo<\/a><\/td><td class=\"column-4\"><a href=\"http:\/\/www.fxcm.com\/\" target=\"_blank\">Start Trading<\/a><\/td>\n<\/tr>\n<tr class=\"row-8 even\">\n\t<td class=\"column-1\"><a href=\"http:\/\/nsfx.co\/r\/un\" target=\"_blank\">NSFX<\/a><\/td><td class=\"column-2\"><a href=\"http:\/\/nsfx.co\/r\/un\" target=\"_blank\">Complete Review<\/a><\/td><td class=\"column-3\"><a href=\"http:\/\/nsfx.co\/r\/un\" target=\"_blank\">Try Demo<\/a><\/td><td class=\"column-4\"><a href=\"http:\/\/nsfx.co\/r\/un\" start=\"_blank\">Start Trading<\/a><\/td>\n<\/tr>\n<\/tbody>\n<\/table>\n<!-- #tablepress-7 from cache --><\/p>\n","protected":false},"excerpt":{"rendered":"<p>Kiismerted a Forex piacok alapvet\u0151 saj\u00e1toss\u00e1gait \u00e9s megvan benned a kitart\u00e1s \u00e9s elsz\u00e1nts\u00e1g, hogy energi\u00e1t \u00e9gess el a siker\u00e9rt cser\u00e9be. Tudod mit? A devizakereskedelem k\u00f6nnyen a legkedvesebb partneredd\u00e9 v\u00e1lhat! Ugyanakkor&hellip;<\/p>\n","protected":false},"author":9,"featured_media":0,"parent":0,"menu_order":0,"comment_status":"closed","ping_status":"closed","template":"page-sidebar.php","meta":[],"tags":[],"_links":{"self":[{"href":"https:\/\/choose-forex.com\/hu\/wp-json\/wp\/v2\/pages\/13615\/"}],"collection":[{"href":"https:\/\/choose-forex.com\/hu\/wp-json\/wp\/v2\/pages\/"}],"about":[{"href":"https:\/\/choose-forex.com\/hu\/wp-json\/wp\/v2\/types\/page\/"}],"author":[{"embeddable":true,"href":"https:\/\/choose-forex.com\/hu\/wp-json\/wp\/v2\/users\/9\/"}],"replies":[{"embeddable":true,"href":"https:\/\/choose-forex.com\/hu\/wp-json\/wp\/v2\/comments\/?post=13615"}],"version-history":[{"count":2,"href":"https:\/\/choose-forex.com\/hu\/wp-json\/wp\/v2\/pages\/13615\/revisions\/"}],"predecessor-version":[{"id":13617,"href":"https:\/\/choose-forex.com\/hu\/wp-json\/wp\/v2\/pages\/13615\/revisions\/13617\/"}],"wp:attachment":[{"href":"https:\/\/choose-forex.com\/hu\/wp-json\/wp\/v2\/media\/?parent=13615"}],"wp:term":[{"taxonomy":"post_tag","embeddable":true,"href":"https:\/\/choose-forex.com\/hu\/wp-json\/wp\/v2\/tags\/?post=13615"}],"curies":[{"name":"wp","href":"https:\/\/api.w.org\/{rel}","templated":true}]}}