{"id":16,"date":"2012-07-03T17:41:24","date_gmt":"2012-07-03T17:41:24","guid":{"rendered":"http:\/\/wp1.choose-forex.com\/?page_id=16"},"modified":"2012-07-03T17:41:24","modified_gmt":"2012-07-03T17:41:24","slug":"adatvedelem","status":"publish","type":"page","link":"https:\/\/choose-forex.com\/hu\/adatvedelem\/","title":{"rendered":"Adatv\u00e9delem"},"content":{"rendered":"<p> <!-- AddThis Button BEGIN --><\/p>\n<div class=\"addthis_toolbox addthis_default_style \">\n<style type=\"text\/css\"><!--\n\t\t@page { margin: 0.79in }\n\t\tP { margin-bottom: 0.08in }\n\t\tA:link { so-language: zxx }\n\t--><![CDATA[\t]]>\n<!--\/*--><![CDATA[\/* ><!--*\/\n\n\n\/*--><!]]>*\/\n<\/style>\n<p lang=\"hu-HU\" style=\"margin-bottom: 0in\" xml:lang=\"hu-HU\">Ez az adatv\u00e9delmi politika szab\u00e1lyozza, hogy a <a href=\"http:\/\/bravafx.com\/article\/legfrissebb-hirek-20120703#.UewOYKz7ZCM\">Stoffhandel GmbH <\/a>milyen m\u00f3don gy\u0171jti, haszn\u00e1lja, kezeli \u00e9s hozza nyilv\u00e1noss\u00e1gra a felhaszn\u00e1l\u00f3kt\u00f3l (a tov\u00e1bbiakban: felhaszn\u00e1l\u00f3k) gy\u0171jt\u00f6tt adatokat a <strong><a href=\"http:\/\/www.choose-forex.com\">www.choose-forex.com<\/a><\/strong>; a <strong><a href=\"http:\/\/www.Devisenhandel-online.com\">www.Devisenhandel-online.com<\/a><\/strong>; a <strong><a href=\"http:\/\/www.bravafx.com\">www.bravafx.com<\/a> <\/strong>honlapokon (honlap). Ez az adatv\u00e9delmi politika a honlapra \u00e9s a Stoffhandel GmbH \u00e1ltal k\u00edn\u00e1lt \u00f6sszes term\u00e9kekre \u00e9s szolg\u00e1ltat\u00e1sra vonatkozik.<\/p>\n<p lang=\"hu-HU\" style=\"margin-bottom: 0in\" xml:lang=\"hu-HU\"><b>Szem\u00e9lyes azonos\u00edt\u00f3 adatok<\/b><br \/>\n\t\tSz\u00e1mos k\u00fcl\u00f6nb\u00f6z\u0151 m\u00f3don gy\u0171jthet\u00fcnk szem\u00e9lyes azonos\u00edt\u00f3 adatokat a felhaszn\u00e1l\u00f3kt\u00f3l, bele\u00e9rtve, de nem kiz\u00e1r\u00f3lagosan a felhaszn\u00e1l\u00f3k l\u00e1togat\u00e1sait a honlapunkon, regisztr\u00e1ci\u00f3t a honlapon, feliratkoz\u00e1st a h\u00edrlev\u00e9lre, \u0171rlap kit\u00f6lt\u00e9s\u00e9t, \u00e9s ezzel \u00f6sszef\u00fcgg\u00e9sben egy\u00e9b tev\u00e9kenys\u00e9geket, szolg\u00e1ltat\u00e1sokat, funkci\u00f3kat \u00e9s er\u0151forr\u00e1sokat, amelyeket el\u00e9rhet\u0151v\u00e9 tesz\u00fcnk a honlapunkon. Amennyiben sz\u00fcks\u00e9ges, k\u00e9rhetj\u00fck a felhaszn\u00e1l\u00f3k nev\u00e9t, email c\u00edm\u00e9t, telefonsz\u00e1m\u00e1t. A felhaszn\u00e1l\u00f3k azonban n\u00e9vtelen\u00fcl is megl\u00e1togathatj\u00e1k honlapunkat. Csak abban az esetben gy\u0171jt\u00fcnk szem\u00e9lyi azonos\u00edt\u00f3 adatokat a felhaszn\u00e1l\u00f3kr\u00f3l, ha \u00f6nk\u00e9nt megadj\u00e1k sz\u00e1munkra ezeket az inform\u00e1ci\u00f3kat. A felhaszn\u00e1l\u00f3k b\u00e1rmikor visszautas\u00edthatj\u00e1k a szem\u00e9lyesen azonos\u00edt\u00f3 adatok k\u00f6zl\u00e9s\u00e9t, azzal a felt\u00e9tellel, hogy ez esetleg akad\u00e1lyozhatja \u0151ket a honlap egyes szolg\u00e1ltat\u00e1sainak ig\u00e9nybev\u00e9tel\u00e9ben.<\/p>\n<p lang=\"hu-HU\" style=\"margin-bottom: 0in;\" xml:lang=\"hu-HU\"><b>Szem\u00e9lyhez nem k\u00f6t\u0151d\u0151 azonos\u00edt\u00f3 adatok<\/b><br \/>\n\t\tSzem\u00e9lyhez nem k\u00f6t\u0151d\u0151 azonos\u00edt\u00f3 adatokat gy\u0171jthet\u00fcnk a felhaszn\u00e1l\u00f3kr\u00f3l, amikor kapcsolatba ker\u00fclnek a honlapunkkal. Szem\u00e9lyhez nem k\u00f6t\u0151d\u0151 azonos\u00edt\u00f3 adat p\u00e9ld\u00e1ul a b\u00f6ng\u00e9sz\u0151 neve, a sz\u00e1m\u00edt\u00f3g\u00e9p t\u00edpusa \u00e9s kapcsol\u00f3d\u00e1shoz haszn\u00e1lt eszk\u00f6z\u00f6k adatai, mint p\u00e9ld\u00e1ul a felhaszn\u00e1lt oper\u00e1ci\u00f3s rendszer \u00e9s az internet-szolg\u00e1ltat\u00f3 neve \u00e9s m\u00e1s hasonl\u00f3 inform\u00e1ci\u00f3k.<\/p>\n<p lang=\"hu-HU\" style=\"margin-bottom: 0in\" xml:lang=\"hu-HU\"><b>A b\u00f6ng\u00e9sz\u0151 \u00e1ltal elhelyezett cookie-k<\/b><br \/>\n\t\tHonlapunk haszn\u00e1lhat a &#8220;cookie&#8221;-kat is szolg\u00e1ltat\u00e1saihoz. A felhaszn\u00e1l\u00f3 b\u00f6ng\u00e9sz\u0151je nyilv\u00e1ntart\u00e1si c\u00e9lokra, \u00e9s n\u00e9ha a vel\u00fck kapcsolatos inform\u00e1ci\u00f3k nyomon k\u00f6vet\u00e9s\u00e9re cookie-kat helyez el a saj\u00e1t sz\u00e1m\u00edt\u00f3g\u00e9p\u00e9n. A felhaszn\u00e1l\u00f3 be\u00e1ll\u00edthatja b\u00f6ng\u00e9sz\u0151j\u00e9t \u00fagy is, hogy utas\u00edtsa vissza a cookie-kat, vagy figyelmeztessen, ha cookie-k k\u00fcldenek. Ebben az esetben figyelembe kell venni, hogy a honlap egyes r\u00e9szei nem m\u0171k\u00f6dnek megfelel\u0151en.<\/p>\n<p lang=\"hu-HU\" style=\"margin-bottom: 0in\" xml:lang=\"hu-HU\"><b>Hogyan haszn\u00e1ljuk a gy\u0171jt\u00f6tt inform\u00e1ci\u00f3kat<\/b><br \/>\n\t\tA Stoffhandel GmbH az al\u00e1bbi c\u00e9lokra gy\u0171jti \u00e9s haszn\u00e1lja a felhaszn\u00e1l\u00f3k szem\u00e9lyes adatait:<\/p>\n<ul>\n<li lang=\"hu-HU\" style=\"margin-bottom: 0in;\" xml:lang=\"hu-HU\">\n\t\t\tA felhaszn\u00e1l\u00f3i \u00e9lm\u00e9ny szem\u00e9lyre igaz\u00edt\u00e1sa<br \/>\n\t\t\tAz \u00f6sszegy\u0171jt\u00f6tt inform\u00e1ci\u00f3kat annak felt\u00e9rk\u00e9pez\u00e9s\u00e9re is haszn\u00e1lhatjuk, hogy felhaszn\u00e1l\u00f3ink csoportk\u00e9nt milyen m\u00f3don haszn\u00e1lj\u00e1k az oldalunkon tal\u00e1lhat\u00f3 szolg\u00e1ltat\u00e1sokat \u00e9s forr\u00e1sokat.<\/li>\n<li lang=\"hu-HU\" style=\"margin-bottom: 0in;\" xml:lang=\"hu-HU\">\n\t\t\tOldalunk fejleszt\u00e9se<br \/>\n\t\t\tFolyamatosan arra t\u00f6reksz\u00fcnk, hogy a felhaszn\u00e1l\u00f3inkt\u00f3l kapott t\u00e1j\u00e9koztat\u00e1s \u00e9s visszajelz\u00e9s alapj\u00e1n fejlessz\u00fck honlapunk k\u00edn\u00e1lat\u00e1t.<\/li>\n<li lang=\"hu-HU\" style=\"margin-bottom: 0in;\" xml:lang=\"hu-HU\">\n\t\t\tAz inform\u00e1ci\u00f3k megoszt\u00e1sa harmadik f\u00e9llel<br \/>\n\t\t\tAz inform\u00e1ci\u00f3kat marketing vagy egy\u00e9b c\u00e9lokra megoszthatjuk harmadik f\u00e9llel vagy \u00e9rt\u00e9kes\u00edthetj\u00fck harmadik f\u00e9l sz\u00e1m\u00e1ra.<\/li>\n<li lang=\"hu-HU\" style=\"margin-bottom: 0in;\" xml:lang=\"hu-HU\">\n\t\t\tRendszeres email-k\u00fcld\u00e9s<br \/>\n\t\t\tA felhaszn\u00e1l\u00f3k email c\u00edm\u00e9t csak arra haszn\u00e1ljuk, hogy v\u00e1laszoljunk \u00e9rdekl\u0151d\u00e9seikre, \u00e9s\/vagy egy\u00e9b k\u00e9r\u00e9seikre, k\u00e9rd\u00e9seikre. Ha a felhaszn\u00e1l\u00f3 \u00fagy d\u00f6nt, hogy feliratkozik levelez\u0151list\u00e1nkra, emaileket kaphat, amelyek v\u00e1llalati h\u00edreket, kapcsol\u00f3d\u00f3 term\u00e9kekr\u0151l vagy szolg\u00e1ltat\u00e1sokr\u00f3l sz\u00f3l\u00f3 inform\u00e1ci\u00f3kat, stb. tartalmaznak. Ha a felhaszn\u00e1l\u00f3 b\u00e1rmikor le szeretne iratkozni a j\u00f6v\u0151beli emailek fogad\u00e1s\u00e1r\u00f3l, r\u00e9szletes leiratkoz\u00e1si utas\u00edt\u00e1sokat k\u00f6zl\u00fcnk minden email alj\u00e1n, vagy a felhaszn\u00e1l\u00f3 felveheti honlapunkkal a kapcsolatot.<\/li>\n<\/ul>\n<p lang=\"hu-HU\" style=\"margin-bottom: 0in\" xml:lang=\"hu-HU\"><b>Hogyan v\u00e9dj\u00fck az \u00d6n adatait<\/b><br \/>\n\t\tMegfelel\u0151 m\u00f3dszereket alkalmazunk az adatok gy\u0171jt\u00e9s\u00e9re, t\u00e1rol\u00e1s\u00e1ra \u00e9s feldolgoz\u00e1s\u00e1ra, \u00e9s megtessz\u00fck a honlapunkon t\u00e1rolt szem\u00e9lyes adatokhoz, felhaszn\u00e1l\u00f3n\u00e9vhez, jelsz\u00f3hoz, tranzakci\u00f3s inform\u00e1ci\u00f3khoz \u00e9s egy\u00e9b adatokhoz t\u00f6rt\u00e9n\u0151 jogosulatlan hozz\u00e1f\u00e9r\u00e9s, megv\u00e1ltoztat\u00e1s, nyilv\u00e1noss\u00e1gra hozatal vagy megsemmis\u00edt\u00e9s megakad\u00e1lyoz\u00e1s\u00e1hoz sz\u00fcks\u00e9ges biztons\u00e1gi int\u00e9zked\u00e9seket.<\/p>\n<p lang=\"hu-HU\" style=\"margin-bottom: 0in\" xml:lang=\"hu-HU\"><b>A szem\u00e9lyes adatok megoszt\u00e1sa<\/b><br \/>\n\t\tIg\u00e9nybe vehet\u00fcnk k\u00fcls\u0151 szolg\u00e1ltat\u00f3kat a c\u00e9g\u00fcnk \u00e9s a honlapunk m\u0171k\u00f6dtet\u00e9s\u00e9hez vagy a nev\u00fcnkben t\u00f6rt\u00e9n\u0151 adminisztr\u00e1ci\u00f3 tev\u00e9kenys\u00e9ghez, mint p\u00e9ld\u00e1ul h\u00edrlevelek kik\u00fcld\u00e9s\u00e9hez, illetve piackutat\u00e1s lebonyol\u00edt\u00e1s\u00e1hoz. Megoszthatjuk adatait a fent eml\u00edtett harmadik szem\u00e9lyekkel ezekre a korl\u00e1tozott c\u00e9lokra, felt\u00e9ve, hogy \u00d6n ezt enged\u00e9lyezte sz\u00e1munkra.<\/p>\n<p><strong>Harmadik felek honlapjai<\/strong><br \/>\n\t\tA felhaszn\u00e1l\u00f3k rekl\u00e1mot vagy egy\u00e9b tartalmat tal\u00e1lhatnak honlapunkon, amelyek partnereink, besz\u00e1ll\u00edt\u00f3ink, hirdet\u0151ink, szponzoraink \u00e9s egy\u00e9b harmadik felek honlapjaira \u00e9s szolg\u00e1ltat\u00e1saira hivatkoznak. Mi nem ellen\u0151rizz\u00fck ezen oldalak tartalm\u00e1t vagy az ott megjelen\u0151 linkeket, \u00e9s nem vagyunk felel\u0151sek a honlapunkon meghivatkozott m\u00e1s honlapok tev\u00e9kenys\u00e9g\u00e9\u00e9rt. R\u00e1ad\u00e1sul ezek a honlapok vagy szolg\u00e1ltat\u00e1saik, bele\u00e9rtve a tartalmat \u00e9s linkeket, \u00e1lland\u00f3an v\u00e1ltozhatnak. Ezek a honlapok \u00e9s szolg\u00e1ltat\u00e1sok saj\u00e1t adatv\u00e9delmi \u00e9s \u00fcgyf\u00e9lszolg\u00e1lati politik\u00e1val rendelkeznek. B\u00e1rmely m\u00e1s honlap b\u00f6ng\u00e9sz\u00e9se \u00e9s haszn\u00e1lata, bele\u00e9rtve a honlapunkra mutat\u00f3 m\u00e1s honlapokat is, az illet\u0151 honlap saj\u00e1t felhaszn\u00e1l\u00e1si felt\u00e9teleinek \u00e9s politik\u00e1j\u00e1nak hat\u00f3k\u00f6r\u00e9be tartozik.<\/p>\n<p><b>Hirdet\u00e9s<\/b><br \/>\n\t\tA honlapon megjelen\u0151 hirdet\u00e9sek sz\u00e1rmazhatnak olyan hirdet\u00e9si partnerekt\u0151l, akik cookie-kat helyeznek el. Ezek a cookie-k lehet\u0151v\u00e9 teszik a hirdet\u00e9si szervernek, hogy minden alkalommal felismerje a sz\u00e1m\u00edt\u00f3g\u00e9pet, amikor online hirdet\u00e9st k\u00fcld, \u00e9s szem\u00e9lyhez nem k\u00f6t\u0151d\u0151 azonos\u00edt\u00f3 adatokat gy\u0171jt \u00d6nr\u0151l vagy m\u00e1sokr\u00f3l, akik haszn\u00e1lj\u00e1k a sz\u00e1m\u00edt\u00f3g\u00e9pet. Ez az inform\u00e1ci\u00f3 teszi lehet\u0151v\u00e9 a hirdet\u00e9si h\u00e1l\u00f3zatok sz\u00e1m\u00e1ra, t\u00f6bbek k\u00f6z\u00f6tt, hogy c\u00e9lzott hirdet\u00e9seket k\u00fcldjenek, amelyekr\u0151l \u00fagy gondolj\u00e1k, a leg\u00e9rdekesebbek lesznek az \u00d6n sz\u00e1m\u00e1ra. Ez az adatv\u00e9delmi nyilatkozat nem terjed ki a hirdet\u0151k \u00e1ltal haszn\u00e1lt cookie-k eset\u00e9re.<\/p>\n<p><b>Google Adsense<\/b><br \/>\n\t\tEgyes hirdet\u00e9seket a Google szolg\u00e1ltathat. A Google \u00e1ltal haszn\u00e1lt DART cookie lehet\u0151v\u00e9 teszi, hogy az interneten hirdet\u00e9seket tov\u00e1bb\u00edtsanak a honlapunkat illetve m\u00e1s honlapokat megl\u00e1togat\u00f3 felhaszn\u00e1l\u00f3k sz\u00e1m\u00e1ra. A DART &#8220;szem\u00e9lyes azonos\u00edt\u00e1sra nem alkalmas inform\u00e1ci\u00f3t&#8221; haszn\u00e1l \u00e9s NEM k\u00f6veti az \u00d6n szem\u00e9lyes adatait, p\u00e9ld\u00e1ul a nev\u00e9t, email c\u00edm\u00e9t, a lakc\u00edm\u00e9t, stb. Visszautas\u00edthatja a DART cookie haszn\u00e1lat\u00e1t, ha megtekinti a Google hirdet\u00e9si \u00e9s tartalmi h\u00e1l\u00f3zatra vonatkoz\u00f3 adatv\u00e9delmi politik\u00e1j\u00e1t a <a href=\"http:\/\/www.google.com\/privacy_ads.html\">http:\/\/www.google.com\/privacy_ads.html<\/a> oldalon.<\/p>\n<p><b>A gyermekek online v\u00e9delm\u00e9r\u0151l sz\u00f3l\u00f3 t\u00f6rv\u00e9ny betart\u00e1sa<\/b>A nagyon fiatalok mag\u00e1n\u00e9let\u00e9nek v\u00e9delme k\u00fcl\u00f6n\u00f6sen fontos. Ezen okb\u00f3l kifoly\u00f3lag soha nem gy\u0171jt\u00fcnk va<br \/>\n\t\tgy kezel\u00fcnk honlapunkon olyan felhaszn\u00e1l\u00f3kt\u00f3l sz\u00e1rmaz\u00f3 inform\u00e1ci\u00f3t, akikr\u0151l tudjuk, hogy 13 \u00e9v alattiak \u00e9s a honlap egyetlen r\u00e9sz\u00e9t sem \u00e9p\u00edtj\u00fck \u00fagy, hogy vonz\u00f3 legyen 13 \u00e9v alatti gyermekek sz\u00e1m\u00e1ra.<\/p>\n<p><b>V\u00e1ltoz\u00e1sok az adatv\u00e9delmi politik\u00e1ban<\/b><br \/>\n\t\tA Stoffhandel GmbH-nak jog\u00e1ban \u00e1ll b\u00e1rmikor friss\u00edteni az adatv\u00e9delmi politik\u00e1j\u00e1t. Ha \u00edgy tesz\u00fcnk, a lap alj\u00e1n m\u00f3dos\u00edtani fogjuk a friss\u00edt\u00e9s napj\u00e1t. Arra \u00f6szt\u00f6n\u00f6zz\u00fck a felhaszn\u00e1l\u00f3kat, rendszeresen tanulm\u00e1nyozz\u00e1k ezt az oldalt, hogy t\u00e1j\u00e9kozottak legyenek b\u00e1rmilyen v\u00e1ltoztat\u00e1sr\u00f3l, hogyan seg\u00edt\u00fcnk megv\u00e9deni az \u00f6sszegy\u0171jt\u00f6tt a szem\u00e9lyes adatokat. \u00d6n tudom\u00e1sul veszi \u00e9s elfogadja, hogy az \u00d6n felel\u0151ss\u00e9ge rendszeresen megtekinteni az adatv\u00e9delmi politik\u00e1t \u00e9s megismerni a m\u00f3dos\u00edt\u00e1sokat.<\/p>\n<p>\t\t<strong>A felt\u00e9telek elfogad\u00e1sa<\/strong><br \/>\n\t\tA honlap felhaszn\u00e1l\u00e1s\u00e1val \u00d6n elfogadja ezt a politik\u00e1t. Ha nem \u00e9rt egyet ezzel a politik\u00e1val, k\u00e9rj\u00fck ne haszn\u00e1lja honlapunkat. Ha tov\u00e1bbra is haszn\u00e1lja a honlapot, miut\u00e1n k\u00f6zz\u00e9tett\u00fck a politika v\u00e1ltoztat\u00e1sait, ezt \u00fagy kell tekinteni, hogy elfogadja a m\u00f3dos\u00edt\u00e1sokat.<b>Kapcsolatfelv\u00e9tel<\/b><br \/>\n\t\tHa b\u00e1rmilyen k\u00e9rd\u00e9se van a jelen adatv\u00e9delmi politik\u00e1r\u00f3l, a honlap m\u00f3dszereir\u0151l, vagy a honlap haszn\u00e1lat\u00e1r\u00f3l, k\u00e9rj\u00fck \u00edrjon nek\u00fcnk. Adataink:<\/p>\n<p>\t\t<a href=\"http:\/\/www.generateprivacypolicy.com\/account\/policies\/edit\/www.choose-forex.com;%20www.Devisenhandel-online.com;%20www.bravafx.com\" target=\"_blank\"><font color=\"#1155cc\"><span style=\"text-decoration: none\"><font face=\"arial, sans-serif\"><font size=\"2\" style=\"font-size: 9pt\"><span lang=\"hu-HU\" xml:lang=\"hu-HU\">Stoffhandel GmbH<\/span><\/font><\/font><\/span><\/font><\/a><\/p>\n<p>\t\t<a href=\"http:\/\/www.generateprivacypolicy.com\/account\/policies\/edit\/www.choose-forex.com;%20www.Devisenhandel-online.com;%20www.bravafx.com\" target=\"_blank\"><font color=\"#1155cc\"><span style=\"text-decoration: none\"><font face=\"arial, sans-serif\"><font size=\"2\" style=\"font-size: 9pt\"><span lang=\"hu-HU\" xml:lang=\"hu-HU\">www.choose-forex.com; www.Devisenhandel-online.com; www.bravafx.com<\/span><\/font><\/font><\/span><\/font><\/a><\/p>\n<p>\t\t<font color=\"#000000\"><font face=\"arial, sans-serif\"><font size=\"2\" style=\"font-size: 9pt\"><span lang=\"hu-HU\" xml:lang=\"hu-HU\">Salzgries 3, 1010 Vienna Austria<\/span><\/font><\/font><\/font><\/p>\n<p>\t\t<font color=\"#000000\"><font face=\"arial, sans-serif\"><font size=\"2\" style=\"font-size: 9pt\"><span lang=\"hu-HU\" xml:lang=\"hu-HU\">affiliates4affiliates (at)\u00a0<\/span><\/font><\/font><\/font><a href=\"http:\/\/gmail.com\/\" target=\"_blank\"><font color=\"#1155cc\"><span style=\"text-decoration: none\"><font face=\"arial, sans-serif\"><font size=\"2\" style=\"font-size: 9pt\"><span lang=\"hu-HU\" xml:lang=\"hu-HU\">gmail.com<\/span><\/font><\/font><\/span><\/font><\/a><\/p>\n<p>\u00a0<\/p>\n<div dir=\"LTR\" id=\"Section2\">\n<div dir=\"LTR\" id=\"Section3\">\n<div dir=\"LTR\" id=\"Section4\">\n<div dir=\"LTR\" id=\"node-317\">\n<p style=\"margin-bottom: 0in\">\u00a0<\/p>\n<\/div>\n<\/div>\n<\/div>\n<\/div>\n<h1 class=\"western\" lang=\"hu-HU\" xml:lang=\"hu-HU\">\n\t\t<br \/>\n\t\t\u00a0<\/h1>\n<p lang=\"hu-HU\" style=\"margin-bottom: 0in\" xml:lang=\"hu-HU\">\n<p>\n\t\t\u00a0<\/p>\n<p style=\"margin-bottom: 0in\">\u00a0<\/p>\n<\/div>\n<p><script type=\"text\/javascript\">\n<!--\/\/--><![CDATA[\/\/ ><!--\nvar addthis_config = {\"data_track_addressbar\":true};\n\/\/--><!]]>\n<\/script><script type=\"text\/javascript\" src=\"http:\/\/s7.addthis.com\/js\/250\/addthis_widget.js#pubid=ra-4f8cf2685b632727\"><\/script><!-- AddThis Button END --><!-- AddThis Button BEGIN --><\/p>\n<div class=\"addthis_toolbox addthis_default_style \">\n\t\u00a0<\/div>\n<p><script type=\"text\/javascript\">\n<!--\/\/--><![CDATA[\/\/ ><!--\nvar addthis_config = {\"data_track_addressbar\":true};\n\/\/--><!]]>\n<\/script><script type=\"text\/javascript\" src=\"http:\/\/s7.addthis.com\/js\/250\/addthis_widget.js#pubid=ra-4f8cf2685b632727\"><\/script><!-- AddThis Button END --><\/p>\n","protected":false},"excerpt":{"rendered":"<p>Ez az adatv\u00e9delmi politika szab\u00e1lyozza, hogy a Stoffhandel GmbH milyen m\u00f3don gy\u0171jti, haszn\u00e1lja, kezeli \u00e9s hozza nyilv\u00e1noss\u00e1gra a felhaszn\u00e1l\u00f3kt\u00f3l (a tov\u00e1bbiakban: felhaszn\u00e1l\u00f3k) gy\u0171jt\u00f6tt adatokat a www.choose-forex.com; a www.Devisenhandel-online.com; a www.bravafx.com&hellip;<\/p>\n","protected":false},"author":1,"featured_media":0,"parent":0,"menu_order":0,"comment_status":"open","ping_status":"open","template":"","meta":[],"tags":[],"_links":{"self":[{"href":"https:\/\/choose-forex.com\/hu\/wp-json\/wp\/v2\/pages\/16\/"}],"collection":[{"href":"https:\/\/choose-forex.com\/hu\/wp-json\/wp\/v2\/pages\/"}],"about":[{"href":"https:\/\/choose-forex.com\/hu\/wp-json\/wp\/v2\/types\/page\/"}],"author":[{"embeddable":true,"href":"https:\/\/choose-forex.com\/hu\/wp-json\/wp\/v2\/users\/1\/"}],"replies":[{"embeddable":true,"href":"https:\/\/choose-forex.com\/hu\/wp-json\/wp\/v2\/comments\/?post=16"}],"version-history":[{"count":0,"href":"https:\/\/choose-forex.com\/hu\/wp-json\/wp\/v2\/pages\/16\/revisions\/"}],"wp:attachment":[{"href":"https:\/\/choose-forex.com\/hu\/wp-json\/wp\/v2\/media\/?parent=16"}],"wp:term":[{"taxonomy":"post_tag","embeddable":true,"href":"https:\/\/choose-forex.com\/hu\/wp-json\/wp\/v2\/tags\/?post=16"}],"curies":[{"name":"wp","href":"https:\/\/api.w.org\/{rel}","templated":true}]}}