{"id":330,"date":"2012-06-20T11:30:34","date_gmt":"2012-06-20T11:30:34","guid":{"rendered":"http:\/\/wp1.choose-forex.com\/?p=330"},"modified":"2016-06-24T06:58:26","modified_gmt":"2016-06-24T06:58:26","slug":"skalpolas","status":"publish","type":"page","link":"https:\/\/choose-forex.com\/hu\/skalpolas\/","title":{"rendered":"Skalpol\u00e1s"},"content":{"rendered":"<p style=\"text-align: justify;\">A skalpol\u00e1s egy profi keresked\u00e9si met\u00f3dus a kis piaci profitok k\u00f6vetkezetes lef\u00f6l\u00f6z\u00e9s\u00e9re. M\u00e1s sz\u00f3val poz\u00edc\u00f3 nyit\u00e1st \u00e9s z\u00e1r\u00e1st jelent napi t\u00f6bbsz\u00f6r.<\/p>\n<p style=\"text-align: justify;\">Mint tudjuk, a day trader olyan Forex keresked\u0151, aki a nap v\u00e9g\u00e9n \u00e1ltal\u00e1ban minden poz\u00edci\u00f3j\u00e1t lez\u00e1rja, az \u00e1rak r\u00f6vid t\u00e1v\u00fa mozg\u00e1s\u00e1t haszn\u00e1lja ki. \u00dagy tartj\u00e1k, hogy ez a nyeres\u00e9g megszerz\u00e9s\u00e9nek gyors m\u00f3dja. A napon bel\u00fcli keresked\u00e9s ink\u00e1bb a technikai elemz\u00e9sre \u00e9s a grafikonok tanulm\u00e1nyoz\u00e1s\u00e1ra koncentr\u00e1l, nem szentel sok figyelmet a fundamentumoknak.<\/p>\n<p lang=\"hu-HU\" style=\"margin-bottom: 0in; text-align: justify;\" xml:lang=\"hu-HU\">\u00c1ltal\u00e1ban a hossz\u00fa t\u00e1von keresked\u0151k hosszabb id\u0151t\u00e1v\u00fa, napi \u00e9s heti grafikonokat haszn\u00e1lnak, a gazdas\u00e1gra \u00e9s a politik\u00e1ra \u00f6sszpontos\u00edtanak. Egy hossz\u00fa t\u00e1v\u00fa trader 2-3 napig, egy h\u00e9tig vagy m\u00e9g hosszabb ideig tarthat nyitva egy poz\u00edci\u00f3t. <strong>Term\u00e9szetesen, ha a poz\u00edci\u00f3 nyeres\u00e9ggel z\u00e1rul, sok pipet hoz, <\/strong>mert mint tudjuk, a napi grafikonon egy gyertya sokkal t\u00f6bb pipet tartalmaz, mint egy 15 perces gyertya, m\u00e9g ha mindkett\u0151 ugyan\u00fagy n\u00e9z is ki. Tekintse meg a k\u00e9t al\u00e1bbi k\u00e9pet, az els\u0151 egy napi grafikon, a m\u00e1sodik pedig egy 15 perces grafikon.<\/p>\n<p style=\"text-align: justify;\"><a href=\"\/sites\/default\/files\/u46\/newpicture100.jpg\" data-rel=\"penci-gallery-image-content\"  target=\"_blank\"><img style=\"width: 500px; height: 148px; margin-left: 30px; margin-right: 30px;\" src=\"\/sites\/default\/files\/u46\/newpicture100.jpg\" alt=\"skalpol\u00e1s, forex\" \/><\/a><\/p>\n<p style=\"text-align: justify;\"><a href=\"\/sites\/default\/files\/u46\/newpicture101.jpg\" data-rel=\"penci-gallery-image-content\"  target=\"_blank\"><img style=\"width: 500px; height: 141px; margin-left: 30px; margin-right: 30px;\" src=\"\/sites\/default\/files\/u46\/newpicture101.jpg\" alt=\"skalpol\u00e1s, forex\" \/><\/a><\/p>\n<h2 style=\"text-align: justify;\">Forex skalpol\u00e1s &#8211; Mi rejtezik a felsz\u00edn alatt<\/h2>\n<p lang=\"hu-HU\" style=\"margin-bottom: 0in; text-align: justify;\" xml:lang=\"hu-HU\">Mint l\u00e1that\u00f3, m\u00e9g ha megk\u00f6zel\u00edt\u0151leg azonosan is n\u00e9znek ki, a k\u00e9t gyertya nagyon k\u00fcl\u00f6nb\u00f6zik, ha a pipeket n\u00e9zz\u00fck benn\u00fck. A napi gyertya 146 pipet tartalmaz, a 15 perces gyertya csak 18 pipet. A hossz\u00fa t\u00e1von keresked\u0151 traderek ez\u00e9rt keresnek sokkal t\u00f6bb pipet egy sikeres \u00fcgylettel, mint a napon bel\u00fcl keresked\u0151k. De van n\u00e9h\u00e1ny dolog, amit figyelembe kell venni: a napi grafikonokon t\u00f6rt\u00e9n\u0151 keresked\u00e9shez sokkal t\u00f6bb id\u0151t ig\u00e9nyel \u00e9s nagyobb a kock\u00e1zat is, mert nagyobb stop loss sz\u00fcks\u00e9ges.<\/p>\n<p lang=\"hu-HU\" style=\"margin-bottom: 0in; text-align: justify;\" xml:lang=\"hu-HU\">M\u00edg a hossz\u00fa t\u00e1v\u00fa trader a poz\u00edci\u00f3j\u00e1nak lez\u00e1r\u00e1s\u00e1t v\u00e1rja, egy napon bel\u00fcl keresked\u0151 trader sokkal t\u00f6bb poz\u00edci\u00f3t nyithat egyenk\u00e9nt kisebb kock\u00e1zattal, \u00edgy k\u00e9pes lehet arra, hogy t\u00f6bb profitot termeljen, mint a hossz\u00fa t\u00e1v\u00fa trader.<\/p>\n<p lang=\"hu-HU\" style=\"margin-bottom: 0in; text-align: justify;\" xml:lang=\"hu-HU\">Most gondoljunk arra, h\u00e1ny poz\u00edci\u00f3t nyithat egy trader, aki 1 \u00e9s 5 perces grafikonokat haszn\u00e1l, csak 3-5 pipes profit a c\u00e9lja, \u00e9s kevesebb mint 5 perc alatt kil\u00e9p a keresked\u00e9sb\u0151l. Sz\u00e1mtalan poz\u00edci\u00f3t nyithat egy nap alatt. <strong>Ez a gyors temp\u00f3j\u00fa keresked\u00e9s az \u00fagynevezett &#8220;skalpol\u00e1s&#8221;, \u00e9s nagy profitot hozhat, de nagyfok\u00fa koncentr\u00e1ci\u00f3t \u00e9s folyamatos ellen\u0151rz\u00e9st is ig\u00e9nyel. <\/strong>A nyeres\u00e9ge a sikeres keresked\u00e9sek nagy sz\u00e1m\u00e1b\u00f3l sz\u00e1rmazik, m\u00e9g ha az egy-k\u00e9t keresked\u00e9s eredm\u00e9nye nem is jelent\u0151s, ez\u00e9rt a tradernek \u00e1lland\u00f3an a sz\u00e1m\u00edt\u00f3g\u00e9pe el\u0151tt kell \u00fclnie.<\/p>\n<p lang=\"hu-HU\" style=\"margin-bottom: 0in; text-align: justify;\" xml:lang=\"hu-HU\">Egy skalpol\u00f3nak nem kell tiszt\u00e1ban lennie a gazdas\u00e1gi k\u00f6rnyezettel, illetve a hossz\u00fa t\u00e1v\u00fa trendekkel, mert m\u00e9g ha er\u0151s emelked\u00e9s is l\u00e1that\u00f3 a n\u00e9gy\u00f3r\u00e1s grafikonon, egy r\u00f6vid keresked\u00e9ssel biztosan kivehet\u00fcnk 3 pip profitot az 1 perces grafikon alapj\u00e1n. Mivel nagyon kicsi mozg\u00e1sokat keres\u00fcnk, sokkal val\u00f3sz\u00edn\u0171bb, hogy ez megt\u00f6rt\u00e9nik akkor is, ha az \u00e1ltal\u00e1nos hangulat a poz\u00edci\u00f3nkkal ellent\u00e9tes ir\u00e1ny\u00fa.<\/p>\n<p lang=\"hu-HU\" style=\"margin-bottom: 0in; text-align: justify;\" xml:lang=\"hu-HU\">A skalpol\u00e1s nem mindenki sz\u00e1m\u00e1ra alkalmas, \u00e9s ha ennek a technik\u00e1nak az alkalmaz\u00e1s\u00e1t fontolgatja, meg kell gy\u0151z\u0151dnie arr\u00f3l, hogy illeszkedik-e a keresked\u00e9si st\u00edlus\u00e1hoz. Egy skalpol\u00f3 mindig kis nyeres\u00e9get vesz ki, amelyek \u00f6sszead\u00f3dnak, de n\u00e9h\u00e1ny tradert frusztr\u00e1lhat, ha csak 5 pip profitot szerez, pedig az \u00e1r 50 pippel haladt tov\u00e1bb az eredeti ir\u00e1nyba.<\/p>\n<p lang=\"hu-HU\" style=\"margin-bottom: 0in; text-align: justify;\" xml:lang=\"hu-HU\">Egy m\u00e1sik dolgot is figyelembe kell venni, ha skalpolunk: a <a href=\"https:\/\/www.hotforex.com\/?refid=42867\">br\u00f3kert, akivel keresked\u00fcnk<\/a>. Nem minden br\u00f3ker enged\u00e9lyezi a skalpol\u00e1st, ez\u00e9rt sz\u00e1mlanyit\u00e1s el\u0151tt meg kell k\u00e9rdezni \u0151ket err\u0151l a lehet\u0151s\u00e9gr\u0151l.<\/p>\n<p lang=\"hu-HU\" style=\"margin-bottom: 0in; text-align: justify;\" xml:lang=\"hu-HU\"><strong>A skalpol\u00e1si strat\u00e9gi\u00e1kat illet\u0151en a legt\u00f6bb hosszabb t\u00e1v\u00fa strat\u00e9gia alkalmazhat\u00f3 itt, mert ugyanazok az elvek \u00e9rv\u00e9nyesek r\u00e1 is, de kisebb m\u00e9rt\u00e9kben. Lehet, hogy az indik\u00e1torok be\u00e1ll\u00edt\u00e1sait m\u00f3dos\u00edtani kell, hogy kor\u00e1n megadj\u00e1k a jeleket \u00e9s megfelel\u0151 p\u00e9nzkezel\u00e9si technik\u00e1kat kell alkalmazni. Term\u00e9szetesen, ha egy\u00f3r\u00e1s strat\u00e9gi\u00e1t 5 perces grafikonon alkalmaz, n\u00e9h\u00e1ny v\u00e1ltoztat\u00e1st kell tenni.<\/strong><\/p>\n<p lang=\"hu-HU\" style=\"margin-bottom: 0in; text-align: justify;\" xml:lang=\"hu-HU\">Mindig tartsa \u00e9szben, hogy a skalpol\u00e1s, mint b\u00e1rmilyen Forex keresked\u00e9s, nagyon kock\u00e1zatos.<\/p>\n<p><!-- AddThis Button BEGIN --><\/p>\n<div class=\"addthis_toolbox addthis_default_style \"><\/div>\n<p><script type=\"text\/javascript\">\/\/ <![CDATA[\n\/\/--><![CDATA[\/\/ ><!-- var addthis_config = {\"data_track_addressbar\":true}; \/\/--><!\n\/\/ ]]><\/script><script src=\"http:\/\/s7.addthis.com\/js\/250\/addthis_widget.js#pubid=ra-4f8cf2685b632727\" type=\"text\/javascript\"><\/script><!-- AddThis Button END --><\/p>\n","protected":false},"excerpt":{"rendered":"<p>A skalpol\u00e1s egy profi keresked\u00e9si met\u00f3dus a kis piaci profitok k\u00f6vetkezetes lef\u00f6l\u00f6z\u00e9s\u00e9re. M\u00e1s sz\u00f3val poz\u00edc\u00f3 nyit\u00e1st \u00e9s z\u00e1r\u00e1st jelent napi t\u00f6bbsz\u00f6r. Mint tudjuk, a day trader olyan Forex keresked\u0151, aki&hellip;<\/p>\n","protected":false},"author":1,"featured_media":8835,"parent":0,"menu_order":0,"comment_status":"open","ping_status":"closed","template":"","meta":[],"tags":[1240,380,1785,1790,1786,1787,1789,1788],"_links":{"self":[{"href":"https:\/\/choose-forex.com\/hu\/wp-json\/wp\/v2\/pages\/330\/"}],"collection":[{"href":"https:\/\/choose-forex.com\/hu\/wp-json\/wp\/v2\/pages\/"}],"about":[{"href":"https:\/\/choose-forex.com\/hu\/wp-json\/wp\/v2\/types\/page\/"}],"author":[{"embeddable":true,"href":"https:\/\/choose-forex.com\/hu\/wp-json\/wp\/v2\/users\/1\/"}],"replies":[{"embeddable":true,"href":"https:\/\/choose-forex.com\/hu\/wp-json\/wp\/v2\/comments\/?post=330"}],"version-history":[{"count":2,"href":"https:\/\/choose-forex.com\/hu\/wp-json\/wp\/v2\/pages\/330\/revisions\/"}],"predecessor-version":[{"id":8849,"href":"https:\/\/choose-forex.com\/hu\/wp-json\/wp\/v2\/pages\/330\/revisions\/8849\/"}],"wp:featuredmedia":[{"embeddable":true,"href":"https:\/\/choose-forex.com\/hu\/wp-json\/wp\/v2\/media\/8835\/"}],"wp:attachment":[{"href":"https:\/\/choose-forex.com\/hu\/wp-json\/wp\/v2\/media\/?parent=330"}],"wp:term":[{"taxonomy":"post_tag","embeddable":true,"href":"https:\/\/choose-forex.com\/hu\/wp-json\/wp\/v2\/tags\/?post=330"}],"curies":[{"name":"wp","href":"https:\/\/api.w.org\/{rel}","templated":true}]}}