{"id":331,"date":"2012-06-20T10:42:29","date_gmt":"2012-06-20T10:42:29","guid":{"rendered":"http:\/\/wp1.choose-forex.com\/?p=331"},"modified":"2016-07-08T03:59:37","modified_gmt":"2016-07-08T03:59:37","slug":"forex-kisszotar","status":"publish","type":"page","link":"https:\/\/choose-forex.com\/hu\/forex-kisszotar\/","title":{"rendered":"Forex Kissz\u00f3t\u00e1r"},"content":{"rendered":"<h2 style=\"text-align: center;\"><b>Angol-magyar Forex kissz\u00f3t\u00e1r<\/b><\/h2>\n<p style=\"text-align: center;\"><a href=\"http:\/\/choose-forex.com\/wp-content\/uploads\/2012\/06\/english-dictionary-1559631-1599x1066.jpg\" data-rel=\"penci-gallery-image-content\" ><img loading=\"lazy\" class=\"alignnone wp-image-8784 size-large\" src=\"http:\/\/choose-forex.com\/wp-content\/uploads\/2012\/06\/english-dictionary-1559631-1599x1066-1024x683.jpg\" alt=\"angol magyar forex kissz\u00f3t\u00e1r\" width=\"590\" height=\"394\" srcset=\"https:\/\/choose-forex.com\/wp-content\/uploads\/2012\/06\/english-dictionary-1559631-1599x1066-1024x683.jpg 1024w, https:\/\/choose-forex.com\/wp-content\/uploads\/2012\/06\/english-dictionary-1559631-1599x1066-300x200.jpg 300w, https:\/\/choose-forex.com\/wp-content\/uploads\/2012\/06\/english-dictionary-1559631-1599x1066-768x512.jpg 768w, https:\/\/choose-forex.com\/wp-content\/uploads\/2012\/06\/english-dictionary-1559631-1599x1066-225x150.jpg 225w, https:\/\/choose-forex.com\/wp-content\/uploads\/2012\/06\/english-dictionary-1559631-1599x1066-150x100.jpg 150w, https:\/\/choose-forex.com\/wp-content\/uploads\/2012\/06\/english-dictionary-1559631-1599x1066.jpg 1599w\" sizes=\"(max-width: 590px) 100vw, 590px\" \/><\/a><\/p>\n<p style=\"text-align: justify;\"><!--break--><\/p>\n<p style=\"text-align: justify;\"><b>A<\/b><\/p>\n<p style=\"margin-bottom: 0in; text-align: justify;\"><span style=\"color: #000000;\"><strong><span lang=\"hu-HU\" xml:lang=\"hu-HU\">Asset <\/span><\/strong><\/span><span lang=\"hu-HU\" xml:lang=\"hu-HU\">\u2013 Eszk\u00f6z &#8211; Egy bizonyos \u00e9rt\u00e9kkel rendelkez\u0151 t\u00e9tel valakinek a vagyon\u00e1ban.<\/span><br \/>\n<span lang=\"hu-HU\" xml:lang=\"hu-HU\"><b>Aussie<\/b><\/span><span lang=\"hu-HU\" xml:lang=\"hu-HU\"> &#8211; Trader szlengben az AUD\/USD devizap\u00e1r.<\/span><\/p>\n<p style=\"text-align: justify;\"><strong>B<\/strong><\/p>\n<p style=\"text-align: justify;\"><strong>Base currency<\/strong> \u2013 <span lang=\"hu-HU\" xml:lang=\"hu-HU\">Alapdeviza \u2013 Egy devizap\u00e1r els\u0151 p\u00e9nzneme. Pl.: az EUR\/USD eset\u00e9n az EUR az alapdeviza \u00e9s a doll\u00e1r a keresztdeviza.<\/span><br \/>\n<strong>Bear<\/strong> \u2013 <span lang=\"hu-HU\" xml:lang=\"hu-HU\">Medve \u2013 Az \u00e1r cs\u00f6kken\u00e9s\u00e9re spekul\u00e1l\u00f3 trader.<\/span><br \/>\n<strong>Bear market<\/strong> \u2013 <span lang=\"hu-HU\" xml:lang=\"hu-HU\">Medve piac &#8211; Hosszabb ideig cs\u00f6kken\u0151 piac.<\/span><br \/>\n<strong>Brokerage firm<\/strong> \u2013 <span lang=\"hu-HU\" xml:lang=\"hu-HU\"><a href=\"https:\/\/www.hotforex.com\/?refid=42867\" target=\"_blank\">Br\u00f3kerc\u00e9g<\/a> &#8211; vagy egyszer\u0171en br\u00f3ker &#8211; Egy\u00e9ni \u00e9s hivat\u00e1sos traderek sz\u00e1m\u00e1ra keresked\u00e9shez kapcsol\u00f3d\u00f3 szolg\u00e1ltat\u00e1sokat k\u00edn\u00e1l\u00f3 v\u00e1llalat.<\/span><br \/>\n<strong>Bull \u2013<\/strong> <span lang=\"hu-HU\" xml:lang=\"hu-HU\">Bika \u2013 Az \u00e1r emelked\u00e9s\u00e9re spekul\u00e1l\u00f3 trader.<\/span><br \/>\n<strong>Bull market<\/strong> \u2013 <span lang=\"hu-HU\" xml:lang=\"hu-HU\">Bika piac &#8211; Hosszabb ideig emelked\u0151 piac.<\/span><br \/>\n<strong>Buy Limit <\/strong>\u2013 V\u00e1s\u00e1rl\u00e1si limit <span lang=\"hu-HU\" xml:lang=\"hu-HU\"> &#8211; Olyan megb\u00edz\u00e1s, amely egy deviza alacsonyabb \u00e1ron t\u00f6rt\u00e9n\u0151 megv\u00e1s\u00e1rl\u00e1s\u00e1ra vonatkozik. <\/span><br \/>\n<strong>Buy Stop<\/strong> &#8211; V\u00e1s\u00e1rl\u00e1si stop <span lang=\"hu-HU\" xml:lang=\"hu-HU\"> &#8211; Olyan megb\u00edz\u00e1s, amely egy deviza magasabb \u00e1ron t\u00f6rt\u00e9n\u0151 megv\u00e1s\u00e1rl\u00e1s\u00e1ra vonatkozik. <\/span><\/p>\n<p style=\"text-align: justify;\"><strong>C<\/strong><\/p>\n<p style=\"text-align: justify;\"><strong>Chartist <\/strong>\u2013 <span lang=\"hu-HU\" xml:lang=\"hu-HU\">Chartista &#8211; Olyan elemz\u0151, aki az \u00e1rak mozg\u00e1s\u00e1t \u00e1br\u00e1zol\u00f3 grafikonokb\u00f3l pr\u00f3b\u00e1lja megj\u00f3solni a j\u00f6v\u0151beni v\u00e1ltoz\u00e1sokat.<\/span><br \/>\n<strong>Correlation<\/strong> \u2013 <span lang=\"hu-HU\" xml:lang=\"hu-HU\">Korrel\u00e1ci\u00f3 &#8211; K\u00e9t p\u00e9nznem k\u00f6z\u00f6tt fenn\u00e1ll\u00f3 kapcsolat. P\u00e9ld\u00e1ul az eur\u00f3 pozit\u00edv korrel\u00e1ci\u00f3ban \u00e1ll a GBP-vel. Ha az EUR\/USD emelkedik, lehets\u00e9ges, hogy a GBP\/USD is emelkedik.<\/span><\/p>\n<p style=\"text-align: justify;\"><span lang=\"hu-HU\" xml:lang=\"hu-HU\"><b>D<\/b><\/span><\/p>\n<p style=\"text-align: justify;\"><strong><span lang=\"hu-HU\" xml:lang=\"hu-HU\">Day trader<\/span><\/strong><span lang=\"hu-HU\" xml:lang=\"hu-HU\"> \u2013 Olyan trader, aki \u00e1ltal\u00e1ban egy napon bel\u00fcl lez\u00e1rja az \u00f6sszes \u00fcgylet\u00e9t, a r\u00f6vid t\u00e1v\u00fa \u00e1rv\u00e1ltoz\u00e1sokat haszn\u00e1lja ki.<\/span><\/p>\n<p style=\"text-align: justify;\"><strong>F<\/strong><\/p>\n<p style=\"text-align: justify;\"><strong><span lang=\"hu-HU\" xml:lang=\"hu-HU\">Foreign Exchange &#8211; <\/span><\/strong><span lang=\"hu-HU\" xml:lang=\"hu-HU\">Devizav\u00e1lt\u00e1s \u2013 Egy deviza elad\u00e1sa vagy megv\u00e9tele egy m\u00e1sik deviza ellen\u00e9ben. A &#8220;<\/span><span lang=\"hu-HU\" xml:lang=\"hu-HU\"><b>Forex<\/b><\/span><span lang=\"hu-HU\" xml:lang=\"hu-HU\">&#8221; a <\/span><strong><span lang=\"hu-HU\" xml:lang=\"hu-HU\">For<\/span><\/strong><span lang=\"hu-HU\" xml:lang=\"hu-HU\">eign <\/span><strong><span lang=\"hu-HU\" xml:lang=\"hu-HU\">Ex<\/span><\/strong><span lang=\"hu-HU\" xml:lang=\"hu-HU\">change-b\u0151l k\u00e9sz\u00edtett bet\u0171sz\u00f3.<\/span><br \/>\n<strong>Fundamental analysis<\/strong> \u2013 <span lang=\"hu-HU\" xml:lang=\"hu-HU\">Fundament\u00e1lis elemz\u00e9s. <\/span>Az<span lang=\"hu-HU\" xml:lang=\"hu-HU\"> elemz\u00e9s egyik t\u00edpusa, amely a gazdas\u00e1gi k\u00f6rnyezetet \u00e9s a gazdas\u00e1gi t\u00e9nyez\u0151knek a deviz\u00e1k mozg\u00e1s\u00e1ra gyakorolt hat\u00e1s\u00e1t tanulm\u00e1nyozza.<\/span><br \/>\n<strong>Fundamentalist<\/strong><strong><span style=\"font-weight: normal;\"> \u2013 <\/span><\/strong><strong><span lang=\"hu-HU\" xml:lang=\"hu-HU\"><span style=\"font-weight: normal;\">Fundamentalista &#8211; D\u00f6nt\u00e9seit fundament\u00e1lis elemz\u00e9sre alapoz\u00f3 trader.<\/span><\/span><\/strong><\/p>\n<p style=\"text-align: justify;\"><strong>G<\/strong><\/p>\n<p style=\"text-align: justify;\"><strong>Going Long<\/strong> \u2013 Longol \u2013<span lang=\"hu-HU\" xml:lang=\"hu-HU\"> Megv\u00e1s\u00e1rol egy devizap\u00e1rt. <\/span><br \/>\n<strong>Going Short<\/strong> \u2013 Shortol \u2013<span lang=\"hu-HU\" xml:lang=\"hu-HU\"> Elad egy devizap\u00e1rt.<\/span><\/p>\n<p style=\"text-align: justify;\"><strong>I<\/strong><\/p>\n<p style=\"text-align: justify;\"><strong>Introducing Broker<\/strong> \u2013 K\u00f6zvet\u00edt\u0151 br\u00f3ker &#8211; Olyan<strong><span lang=\"hu-HU\" xml:lang=\"hu-HU\"><span style=\"font-weight: normal;\"> szem\u00e9ly vagy c\u00e9g, amely jutal\u00e9k\u00e9rt cser\u00e9be \u00fcgyfeleket k\u00f6zvet\u00edt egy br\u00f3kerc\u00e9gnek. <\/span><\/span><\/strong><\/p>\n<p style=\"text-align: justify;\"><strong>M<\/strong><\/p>\n<p style=\"text-align: justify;\"><strong>Margin<\/strong> \u2013 Fedezet \u2013<span lang=\"hu-HU\" xml:lang=\"hu-HU\"> Egy nyitott poz\u00edci\u00f3hoz sz\u00fcks\u00e9ges p\u00e9nz\u00f6sszeg.<\/span><br \/>\n<strong>Margin call<\/strong> \u2013 Felh\u00edv\u00e1s tov\u00e1bbi fedezet elhelyez\u00e9s\u00e9re <span lang=\"hu-HU\" xml:lang=\"hu-HU\">&#8211; A br\u00f3kerc\u00e9gt\u0151l \u00e9rkez\u0151 \u00e9rtes\u00edt\u00e9s \u00fajabb let\u00e9t befizet\u00e9s\u00e9re, mert a sz\u00e1mla egyenlege nem elegend\u0151 a nyitott poz\u00edci\u00f3k fedezet\u00e9re.<\/span><br \/>\n<strong>Market Order<\/strong> \u2013 <span lang=\"hu-HU\" xml:lang=\"hu-HU\">Piaci megb\u00edz\u00e1s &#8211; Azonnali megb\u00edz\u00e1s egy poz\u00edci\u00f3 megnyit\u00e1s\u00e1ra, az el\u00e9rhet\u0151 legjobb \u00e1ron.<\/span><br \/>\n<strong>Martingale<\/strong> \u2013 <span lang=\"hu-HU\" xml:lang=\"hu-HU\">Martingale rendszer \u2013 Egy szerencsej\u00e1t\u00e9k-strat\u00e9gia, amely el\u0151\u00edrja, hogy a j\u00e1t\u00e9kos dupl\u00e1zza meg a t\u00e9tet minden vesztes\u00e9g ut\u00e1n. Egy nyeres\u00e9g fedezn\u00e9 a kor\u00e1bbi vesztes\u00e9geket, \u00e9s egy kis nyeres\u00e9get is hozna, de az exponenci\u00e1lisan n\u00f6vekv\u0151 poz\u00edci\u00f3m\u00e9ret miatt hatalmas \u00f6sszegre lenne sz\u00fcks\u00e9g a rendszer alapj\u00e1n v\u00e9grehajtott keresked\u00e9shez.<\/span><br \/>\n<strong>Moving Average<\/strong> \u2013 <span lang=\"hu-HU\" xml:lang=\"hu-HU\">Mozg\u00f3\u00e1tlag &#8211; A mozg\u00f3\u00e1tlag az \u00e1rv\u00e1ltoz\u00e1st jellemzi, egy adott id\u0151szak \u00e1rainak \u00e1tlagol\u00e1s\u00e1val sz\u00e1m\u00edtj\u00e1k ki. K\u00fcl\u00f6nb\u00f6z\u0151 k\u00e9pleteket haszn\u00e1lnak k\u00fcl\u00f6nb\u00f6z\u0151 t\u00edpus\u00fa mozg\u00f3\u00e1tlagok meghat\u00e1roz\u00e1s\u00e1hoz. \u00c1ltal\u00e1ban egy vonalk\u00e9nt \u00e1br\u00e1zolj\u00e1k a grafikonon.<\/span><\/p>\n<p style=\"text-align: justify;\"><strong>N<\/strong><\/p>\n<p style=\"text-align: justify;\"><strong>News Trader<\/strong> \u2013 A h<span lang=\"hu-HU\" xml:lang=\"hu-HU\">\u00edrek alapj\u00e1n keresked\u0151 trader &#8211; <\/span><strong><span lang=\"hu-HU\" xml:lang=\"hu-HU\"><span style=\"font-weight: normal;\">D\u00f6nt\u00e9seit a h\u00edrek p\u00e9nz\u00fcgyi piacra gyakorolt k\u00f6zvetlen hat\u00e1s\u00e1ra alapoz\u00f3 trader.<\/span><\/span><\/strong><\/p>\n<p style=\"text-align: justify;\"><strong>O<\/strong><\/p>\n<p style=\"text-align: justify;\"><strong>Oscillators<\/strong> \u2013 <span lang=\"hu-HU\" xml:lang=\"hu-HU\">Oszcill\u00e1torok \u2013 <a href=\"https:\/\/choose-forex.com\/hu\/forex-indikatorok\/\">Technikai indik\u00e1torok<\/a>, amelyek a piac t\u00faladott vagy t\u00falv\u00e1s\u00e1rolt szintjeit jelzik. <\/span><\/p>\n<p style=\"text-align: justify;\"><strong>P<\/strong><\/p>\n<p style=\"text-align: justify;\"><strong>Pip<\/strong> \u2013 <span lang=\"hu-HU\" xml:lang=\"hu-HU\">Pip \u2013 A Forexben haszn\u00e1lt legkisebb elmozdul\u00e1s. P\u00e9ld\u00e1ul, ha az EUR\/USD jegyz\u00e9se 1,2020 -r\u0151l 1,2021-re emelkedett, 1 pippel v\u00e1ltozott.<\/span><\/p>\n<p style=\"text-align: justify;\"><strong>Q<\/strong><\/p>\n<p style=\"text-align: justify;\"><strong>Quote Currency<\/strong> \u2013 Keresztdeviza<span lang=\"hu-HU\" xml:lang=\"hu-HU\"> \u2013 Egy devizap\u00e1r m\u00e1sodik p\u00e9nzneme. Az EUR\/USD eset\u00e9n az USD a keresztdeviza, az USD\/JPY eset\u00e9n a JPY a keresztdeviza.<\/span><\/p>\n<p style=\"text-align: justify;\"><strong>R<\/strong><\/p>\n<p style=\"text-align: justify;\"><strong>Rally<\/strong> \u2013 <span lang=\"hu-HU\" xml:lang=\"hu-HU\">Rally \u2013 Az \u00e1remelked\u00e9s id\u0151szaka.<\/span><br \/>\n<strong>Ranging market<\/strong> \u2013 Oldalaz\u00f3 piac<span lang=\"hu-HU\" xml:lang=\"hu-HU\"> &#8211; Az az id\u0151szak, amikor az \u00e1r v\u00edzszintes csatorn\u00e1ban mozog.<\/span><br \/>\n<strong>Resistance<\/strong> \u2013 <span lang=\"hu-HU\" xml:lang=\"hu-HU\">Ellen\u00e1ll\u00e1s &#8211; Er\u0151s elad\u00e1si nyom\u00e1st el\u0151id\u00e9z\u0151 \u00e1rszint.<\/span><br \/>\n<strong>Risk Management<\/strong> \u2013 Kock\u00e1zat m<span lang=\"hu-HU\" xml:lang=\"hu-HU\">anagement &#8211; A megfelel\u0151 strat\u00e9gi\u00e1k alkalmaz\u00e1sa a kock\u00e1zat ellen\u0151rz\u00e9s\u00e9re vagy cs\u00f6kkent\u00e9s\u00e9re.<\/span><\/p>\n<p style=\"text-align: justify;\"><strong>S<\/strong><\/p>\n<p style=\"text-align: justify;\"><strong>Scalping<\/strong> \u2013 <a href=\"https:\/\/choose-forex.com\/hu\/skalpolas\/\">S<\/a><span lang=\"hu-HU\" xml:lang=\"hu-HU\"><a href=\"https:\/\/choose-forex.com\/hu\/skalpolas\/\">kalpol\u00e1s<\/a> &#8211; gyors keresked\u00e9s, amely kis nyeres\u00e9get vesz ki \u00e9s gyorsan kil\u00e9p a poz\u00edci\u00f3b\u00f3l.<\/span><br \/>\n<strong>Sell Limit<\/strong> \u2013 <span lang=\"hu-HU\" xml:lang=\"hu-HU\">Elad\u00e1si limit &#8211; Olyan megb\u00edz\u00e1s, amely egy devizap\u00e1r magasabb \u00e1ron t\u00f6rt\u00e9n\u0151 elad\u00e1s\u00e1ra vonatkozik. <\/span><br \/>\n<strong>Sell Stop<\/strong> \u2013 <span lang=\"hu-HU\" xml:lang=\"hu-HU\">Elad\u00e1si stop &#8211; Olyan megb\u00edz\u00e1s, amely egy deviza alacsonyabb \u00e1ron t\u00f6rt\u00e9n\u0151 elad\u00e1s\u00e1ra vonatkozik.<\/span><br \/>\n<strong>Slippage<\/strong> \u2013 <strong><span lang=\"hu-HU\" xml:lang=\"hu-HU\"><span style=\"font-weight: normal;\">Cs\u00fasz\u00e1s &#8211; Amikor egy poz\u00edci\u00f3 nem ny\u00edlik meg vagy nem z\u00e1r\u00f3dik le a rendelkez\u00e9si \u00e1ron. Ez akkor fordulhat el\u0151, ha magas a piaci volatilit\u00e1s vagy alacsony a likvidit\u00e1s. Egy m\u00e1sik oka lehet a br\u00f3ker \u00e9rdektelens\u00e9ge.<\/span><\/span><\/strong><br \/>\n<strong>Spread<\/strong> \u2013 \u00c1rr\u00e9s<strong><span lang=\"hu-HU\" xml:lang=\"hu-HU\"><span style=\"font-weight: normal;\"> &#8211; A v\u00e9teli \u00e1r \u00e9s az elad\u00e1si \u00e1r k\u00fcl\u00f6nbs\u00e9ge egy devizap\u00e1r eset\u00e9ben.<\/span><\/span><\/strong><br \/>\n<strong>Stop Loss Order<\/strong> \u2013 <strong><span lang=\"hu-HU\" xml:lang=\"hu-HU\"><span style=\"font-weight: normal;\">Stop loss megb\u00edz\u00e1s \u2013 Megb\u00edz\u00e1s egy poz\u00edci\u00f3 el\u0151re meghat\u00e1rozott szinten t\u00f6rt\u00e9n\u0151 lez\u00e1r\u00e1s\u00e1ra. A megb\u00edz\u00e1s c\u00e9lja, hogy a kock\u00e1ztatott \u00f6sszeget egy bizonyos \u00e9rt\u00e9kre korl\u00e1tozza. Ha a trader megvett egy devizap\u00e1rt, a stop loss megb\u00edz\u00e1s a bel\u00e9p\u00e9si \u00e1r al\u00e1 ker\u00fcl. Ha a trader eladott egy devizap\u00e1rt, a stop loss megb\u00edz\u00e1st a bel\u00e9p\u00e9si \u00e1r f\u00f6l\u00e9 helyezi el.<\/span><\/span><\/strong><br \/>\nS<strong>upport<\/strong> \u2013 <strong><span lang=\"hu-HU\" xml:lang=\"hu-HU\"><span style=\"font-weight: normal;\">T\u00e1masz &#8211; Er\u0151s v\u00e9teli nyom\u00e1st el\u0151id\u00e9z\u0151 \u00e1rszint.<\/span><\/span><\/strong><\/p>\n<p style=\"text-align: justify;\"><strong>T<\/strong><\/p>\n<p style=\"text-align: justify;\"><strong>Take profit order<\/strong> \u2013 P<span lang=\"hu-HU\" xml:lang=\"hu-HU\">rofitkiv\u00e9teli megb\u00edz\u00e1s \u2013 Olyan megb\u00edz\u00e1s, amelyben a trader, hogy biztos\u00edtsa a nyeres\u00e9g\u00e9t, ezzel egyidej\u0171leg cs\u00f6kkentse a piaci kitetts\u00e9g\u00e9t, a poz\u00edci\u00f3 r\u00e9szleges vagy teljes lez\u00e1r\u00e1s\u00e1t k\u00e9ri.<\/span><br \/>\n<strong>Technical Analysis<\/strong> \u2013 <span lang=\"hu-HU\" xml:lang=\"hu-HU\"><a href=\"https:\/\/choose-forex.com\/hu\/a-piacelemzes-tipusai\/\">Technikai elemz\u00e9s<\/a> &#8211; a j\u00f6v\u0151beni \u00e1rmozg\u00e1s megj\u00f3sl\u00e1s\u00e1t kor\u00e1bbi adatok, grafikonok, indik\u00e1torok, mozg\u00f3\u00e1tlagok elemz\u00e9s\u00e9vel \u00e9s egy\u00e9b technikai eszk\u00f6z\u00f6kkel megk\u00eds\u00e9rl\u0151 m\u00f3dszer.<\/span><br \/>\n<strong>Technical trader<\/strong> \u2013 Technikai keresked\u0151 <span lang=\"hu-HU\" xml:lang=\"hu-HU\">&#8211; Technikai elemz\u00e9st alkalmaz\u00f3 keresked\u0151.<\/span><br \/>\n<strong>Trailing Stop Loss<\/strong> \u2013 <span lang=\"hu-HU\" xml:lang=\"hu-HU\">K\u00f6vet\u0151 stop loss &#8211; hasonl\u00f3 a stop loss-hoz, de a k\u00f6vet\u0151 stop loss az \u00e1r m\u00f6g\u00f6tt mozog, \u00e9s k\u00f6veti azt, egyre t\u00f6bb \u00e9s t\u00f6bb nyeres\u00e9get tartalmaz, ha az \u00e1r a keresked\u00e9s ir\u00e1ny\u00e1ban v\u00e1ltozik. Ha \u00e1r szembemegy a keresked\u00e9ssel, a k\u00f6vet\u0151 stop loss nem mozdul el az \u00e1rt\u00f3l.<\/span><br \/>\n<strong>Transaction<\/strong> \u2013 <span lang=\"hu-HU\" xml:lang=\"hu-HU\">Tranzakci\u00f3 \u2013 Egy devizap\u00e1r v\u00e9tele vagy elad\u00e1sa.<\/span><br \/>\n<strong>Trend<\/strong> \u2013 <span lang=\"hu-HU\" xml:lang=\"hu-HU\">Trend \u2013 A piac jelenlegi ir\u00e1nya.<\/span><\/p>\n<p style=\"text-align: justify;\"><strong>U<\/strong><\/p>\n<p style=\"text-align: justify;\"><strong>Unrealized profit<\/strong> \u2013 <span lang=\"hu-HU\" xml:lang=\"hu-HU\">Nem realiz\u00e1lt profit \u2013 Ekkora lenne a trader nyeres\u00e9ge, ha a poz\u00edci\u00f3t az aktu\u00e1lis id\u0151ben \u00e9s \u00e1ron z\u00e1rn\u00e1 le.<\/span><\/p>\n<p><!-- AddThis Button BEGIN --><\/p>\n<div class=\"addthis_toolbox addthis_default_style \"><\/div>\n<p><script type=\"text\/javascript\">\/\/ <![CDATA[\n\/\/--><![CDATA[\/\/ ><!-- var addthis_config = {\"data_track_addressbar\":true}; \/\/--><!\n\/\/ ]]><\/script><script src=\"http:\/\/s7.addthis.com\/js\/250\/addthis_widget.js#pubid=ra-4f8cf2685b632727\" type=\"text\/javascript\"><\/script><!-- AddThis Button END --><\/p>\n","protected":false},"excerpt":{"rendered":"<p>Angol-magyar Forex kissz\u00f3t\u00e1r A Asset \u2013 Eszk\u00f6z &#8211; Egy bizonyos \u00e9rt\u00e9kkel rendelkez\u0151 t\u00e9tel valakinek a vagyon\u00e1ban. Aussie &#8211; Trader szlengben az AUD\/USD devizap\u00e1r. B Base currency \u2013 Alapdeviza \u2013 Egy&hellip;<\/p>\n","protected":false},"author":1,"featured_media":0,"parent":0,"menu_order":0,"comment_status":"open","ping_status":"open","template":"","meta":[],"tags":[1782,238,237,383,382,1356,1783,1784,366,1778,1779,233,380,1781,1780,236],"_links":{"self":[{"href":"https:\/\/choose-forex.com\/hu\/wp-json\/wp\/v2\/pages\/331\/"}],"collection":[{"href":"https:\/\/choose-forex.com\/hu\/wp-json\/wp\/v2\/pages\/"}],"about":[{"href":"https:\/\/choose-forex.com\/hu\/wp-json\/wp\/v2\/types\/page\/"}],"author":[{"embeddable":true,"href":"https:\/\/choose-forex.com\/hu\/wp-json\/wp\/v2\/users\/1\/"}],"replies":[{"embeddable":true,"href":"https:\/\/choose-forex.com\/hu\/wp-json\/wp\/v2\/comments\/?post=331"}],"version-history":[{"count":3,"href":"https:\/\/choose-forex.com\/hu\/wp-json\/wp\/v2\/pages\/331\/revisions\/"}],"predecessor-version":[{"id":8798,"href":"https:\/\/choose-forex.com\/hu\/wp-json\/wp\/v2\/pages\/331\/revisions\/8798\/"}],"wp:attachment":[{"href":"https:\/\/choose-forex.com\/hu\/wp-json\/wp\/v2\/media\/?parent=331"}],"wp:term":[{"taxonomy":"post_tag","embeddable":true,"href":"https:\/\/choose-forex.com\/hu\/wp-json\/wp\/v2\/tags\/?post=331"}],"curies":[{"name":"wp","href":"https:\/\/api.w.org\/{rel}","templated":true}]}}