{"id":423,"date":"2012-06-04T09:13:23","date_gmt":"2012-06-04T09:13:23","guid":{"rendered":"http:\/\/wp1.choose-forex.com\/?p=423"},"modified":"2016-05-27T14:53:07","modified_gmt":"2016-05-27T14:53:07","slug":"kereskedesi-platformok","status":"publish","type":"page","link":"https:\/\/choose-forex.com\/hu\/kereskedesi-platformok\/","title":{"rendered":"Keresked\u00e9si Platformok"},"content":{"rendered":"<p style=\"text-align: justify;\">A keresked\u00e9si platformok elterjed\u00e9s\u00e9nek k\u00f6sz\u00f6nhet\u0151en nagyban felgyorsult \u00e9s egyben egyszer\u0171bb\u00e9 v\u00e1lt a keresked\u00e9s menete. Mindez k\u00f6sz\u00f6nhet\u0151 a technol\u00f3giai fejl\u0151d\u00e9snek. Kezdetben a keresked\u00e9s t\u0151zsdei \u00e1r- \u00e9s mennyis\u00e9gi inform\u00e1ci\u00f3k olvas\u00e1s\u00e1n alapult, \u00e9s ha meg akart\u00e1k \u00e1llap\u00edtani egy bizonyos mozg\u00f3 \u00e1tlag \u00e9rt\u00e9k\u00e9t, k\u00e9zzel kellett kisz\u00e1m\u00edtani. Most 10 mutat\u00f3nk is lehet egy grafikonon, \u00e9s a keresked\u00e9si platformok minden sz\u00fcks\u00e9ges sz\u00e1m\u00edt\u00e1st elv\u00e9geznek.\u00a0Ez a technol\u00f3giai fejl\u0151d\u00e9s egyik f\u0151 el\u0151nye. Ebben a cikkben a <strong>kisbefektet\u0151k <\/strong>sz\u00e1m\u00e1ra el\u00e9rhet\u0151 leggyakoribb elektronikus platformokra \u00f6sszpontos\u00edtunk.<\/p>\n<h2 style=\"text-align: justify;\"><strong>A keresked\u00e9si platformok sz\u00e9les v\u00e1laszt\u00e9ka<\/strong><\/h2>\n<p style=\"text-align: justify;\"><a href=\"http:\/\/www.metatrader4.com\/en\"><span lang=\"hu-HU\" xml:lang=\"hu-HU\"><u>MetaTrader 4<\/u><\/span><\/a><span lang=\"hu-HU\" xml:lang=\"hu-HU\">. A MetaQuotes Software Corp. fejlesztette ki, 2005-ben jelent meg. A szoftver licenc\u00e9t az online br\u00f3kerek veszik meg, \u00e9s biztos\u00edtj\u00e1k a haszn\u00e1lat\u00e1t az \u00fcgyfeleiknek. Egy szerverb\u0151l \u00e9s egy kliensb\u0151l \u00e1ll. A klienset kapja az \u00fcgyf\u00e9l, m\u00edg a szerver a br\u00f3kern\u00e9l fut. A <strong>MetaTrader 4<\/strong> sz\u00e9les k\u00f6rben n\u00e9pszer\u0171v\u00e9 v\u00e1lt, mert kiv\u00e1l\u00f3an testre szabhat\u00f3: lehet saj\u00e1t Forex robotunk vagy szkriptekkel automatiz\u00e1lhatjuk a keresked\u00e9si folyamatot.<\/span><\/p>\n<p style=\"text-align: justify;\"><a href=\"\/sites\/default\/files\/u46\/mt4.jpg\" data-rel=\"penci-gallery-image-content\"  target=\"_blank\"><img style=\"width: 415px; height: 220px; margin-left: 60px; margin-right: 60px;\" src=\"\/sites\/default\/files\/u46\/mt4.jpg\" alt=\"Keresked\u00e9si Platformok\" \/><\/a><\/p>\n<p lang=\"hu-HU\" style=\"margin-bottom: 0in; text-align: justify;\" xml:lang=\"hu-HU\">A trendek \u00e9s az \u00e1rak dinamik\u00e1j\u00e1nak meghat\u00e1roz\u00e1s\u00e1ban nagy seg\u00edts\u00e9get ny\u00fajtanak az elemz\u0151 eszk\u00f6z\u00f6k, mint a csatorn\u00e1k, a trendvonalak, a Fibonacci \u00e9s Gann eszk\u00f6z\u00f6k. A Meta Trader 4-ben 32 be\u00e9p\u00edtett eszk\u00f6z seg\u00edt az elemz\u00e9sben.<\/p>\n<p style=\"text-align: justify;\"><a href=\"\/sites\/default\/files\/u46\/metatrader4_analytical_tool_en.png\" data-rel=\"penci-gallery-image-content\"  target=\"_blank\"><img style=\"width: 421px; height: 200px; margin-left: 60px; margin-right: 60px;\" src=\"\/sites\/default\/files\/u46\/metatrader4_analytical_tool_en.png\" alt=\"Keresked\u00e9si Platformok\" \/><\/a><\/p>\n<p style=\"margin-bottom: 0in; text-align: justify;\"><span lang=\"hu-HU\" xml:lang=\"hu-HU\">A termin\u00e1l a keresked\u00e9si t\u00f6rt\u00e9netet is t\u00e1rolja, \u00edgy k\u00e9s\u0151bb elemezheti a <strong>keresked\u00e9s <\/strong>hat\u00e9konys\u00e1g\u00e1t \u00e9s a strat\u00e9gia sikeress\u00e9g\u00e9t. A be\u00e9p\u00edtett h\u00edrcsatorna a legfrissebb gazdas\u00e1gi \u00e9s politikai h\u00edrekr\u0151l t\u00e1j\u00e9koztat.<\/span><\/p>\n<p style=\"margin-bottom: 0in; text-align: justify;\"><span lang=\"hu-HU\" xml:lang=\"hu-HU\">A <strong>Meta Trader 4 <\/strong>termin\u00e1lba a keresked\u00e9st automatiz\u00e1l\u00f3 robot (Expert Advisor) is felvehet\u0151. Ha b\u00e1rmilyen hib\u00e1t \u00e9szlel a program telep\u00edt\u00e9se k\u00f6zben, \u00e9rtes\u00edt\u00e9st k\u00fcld a termin\u00e1lon kereszt\u00fcl. A robot sikeres telep\u00edt\u00e9se ut\u00e1n keresked\u00e9sre vagy a strat\u00e9gia tesztel\u00e9s\u00e9re haszn\u00e1lhat\u00f3.<\/span><\/p>\n<p style=\"text-align: justify;\"><a href=\"\/sites\/default\/files\/u46\/metaeditor_expert_advisor_compilation_error_en.png\" data-rel=\"penci-gallery-image-content\"  target=\"_blank\"><img style=\"width: 423px; height: 203px; margin-left: 60px; margin-right: 60px;\" src=\"\/sites\/default\/files\/u46\/metaeditor_expert_advisor_compilation_error_en.png\" alt=\"Keresked\u00e9si Platformok\" \/><\/a><\/p>\n<p style=\"margin-bottom: 0in; text-align: justify;\"><span lang=\"hu-HU\" xml:lang=\"hu-HU\">A Meta Trader 4 komplett mobil platformot is k\u00edn\u00e1l a traderek sz\u00e1m\u00e1ra, akiknek el kell menni\u00fck a sz\u00e1m\u00edt\u00f3g\u00e9p\u00fckt\u0151l, de nem akarnak lemaradni egy j\u00f3 keresked\u00e9si lehet\u0151s\u00e9gr\u0151l. <strong>Jelenleg a Meta Trader 4 a legn\u00e9pszer\u0171bb keresked\u00e9si platform a lakoss\u00e1gi keresked\u0151k k\u00f6z\u00f6tt<\/strong>, szinte minden br\u00f3ker k\u00edn\u00e1lat\u00e1ban megtal\u00e1lhat\u00f3, m\u00e9g akkor is, ha saj\u00e1t keresked\u00e9si szoftvere van.<\/span><\/p>\n<p style=\"margin-bottom: 0in; text-align: justify;\"><span lang=\"hu-HU\" xml:lang=\"hu-HU\">Egyre nagyobb n\u00e9pszer\u0171s\u00e9gnek \u00f6rvend az <\/span><span lang=\"hu-HU\" xml:lang=\"hu-HU\"><u>ACT Trader<\/u><\/span><span lang=\"hu-HU\" xml:lang=\"hu-HU\"> is. N\u00f6vekv\u0151 n\u00e9pszer\u0171s\u00e9gnek oka, hogy intuit\u00edv a men\u00fcrendszere, a platform k\u00f6nnyen haszn\u00e1lhat\u00f3, de ugyanakkor sok lehet\u0151s\u00e9get k\u00edn\u00e1l a tradereknek, akik bonyolultabb megb\u00edz\u00e1sokat szeretn\u00e9nek elhelyezni a piacon.<\/span><\/p>\n<p style=\"text-align: justify;\"><a href=\"\/sites\/default\/files\/u46\/wb_img_40.png\" data-rel=\"penci-gallery-image-content\"  target=\"_blank\"><img style=\"width: 423px; height: 240px; margin-left: 60px; margin-right: 60px;\" src=\"\/sites\/default\/files\/u46\/wb_img_40.png\" alt=\"Keresked\u00e9si Platformok\" \/><\/a><\/p>\n<p style=\"margin-bottom: 0in; text-align: justify;\"><span lang=\"hu-HU\" xml:lang=\"hu-HU\">Az ActForex Inc. \u00e1ltal kifejlesztett <a href=\"http:\/\/www.actforex.com\/\">Act Tradert<\/a> egyre t\u00f6bb br\u00f3ker k\u00edn\u00e1lja sz\u00e1mlanyit\u00e1skor ingyenes grafikonrajzol\u00f3 csomagk\u00e9nt. Sok m\u00e1s platformot is ny\u00fajt internetre, Androidra vagy iPadre \u2013 ezek az ActWebTrader, az ActPhone, az ActPad \u00e9s az ActDroid.<\/span><\/p>\n<p style=\"margin-bottom: 0in; text-align: justify;\"><span lang=\"hu-HU\" xml:lang=\"hu-HU\">Az <strong>ActForex <\/strong>\u00faj fejleszt\u00e9sk\u00e9nt vezette be az ActVAT-ot, egy vizu\u00e1lis strat\u00e9giaszerkeszt\u0151t, amely lehet\u0151v\u00e9 teszi, hogy programoz\u00e1s n\u00e9lk\u00fcl telep\u00edts\u00fcnk automatiz\u00e1lt strat\u00e9gi\u00e1t.<\/span><\/p>\n<p style=\"text-align: justify;\"><a href=\"\/sites\/default\/files\/u46\/vat_01.png\" data-rel=\"penci-gallery-image-content\"  target=\"_blank\"><img style=\"width: 436px; height: 226px; margin-left: 60px; margin-right: 60px;\" src=\"\/sites\/default\/files\/u46\/vat_01.png\" alt=\"Keresked\u00e9si Platformok\" \/><\/a><\/p>\n<p lang=\"hu-HU\" style=\"margin-bottom: 0in; text-align: justify;\" xml:lang=\"hu-HU\">Egy m\u00e1sik \u00e9rdekes \u00e9s megb\u00edzhat\u00f3 platform a 2006-ban alap\u00edtott denveri sz\u00e9khely\u0171 NinjaTrader LLC \u00e1ltal kifejlesztett <a href=\"http:\/\/ninjatrader.com\/\"><u>Ninja Trader<\/u><\/a>.<\/p>\n<p style=\"text-align: justify;\"><a href=\"\/sites\/default\/files\/u46\/advancedchartinglg.png\" data-rel=\"penci-gallery-image-content\"  target=\"_blank\"><img style=\"width: 423px; height: 193px; margin-left: 60px; margin-right: 60px;\" src=\"\/sites\/default\/files\/u46\/advancedchartinglg.png\" alt=\"Keresked\u00e9si Platformok\" \/><\/a><\/p>\n<p lang=\"hu-HU\" style=\"margin-bottom: 0in; text-align: justify;\" xml:lang=\"hu-HU\">\u00c9rdekes funkci\u00f3ja a keresked\u00e9si szimul\u00e1tor, amely lehet\u0151v\u00e9 teszi, hogy megb\u00edz\u00e1sok teljes szimul\u00e1ci\u00f3j\u00e1val tesztelj\u00fck a strat\u00e9gi\u00e1nkat. <strong>A keresked\u00e9s korai szakasz\u00e1ban sz\u00fcks\u00e9g lehet a keresked\u00e9s szimul\u00e1l\u00e1s\u00e1ra<\/strong>, tapasztalt tradereknek pedig az\u00e9rt lehet hasznos a piaci k\u00f6rnyezet szimul\u00e1l\u00e1sa, hogy tesztelj\u00e9k az \u00faj keresked\u00e9si koncepci\u00f3jukat vagy az \u00faj strat\u00e9gi\u00e1jukat.<\/p>\n<p style=\"margin-bottom: 0in; text-align: justify;\"><span lang=\"hu-HU\" xml:lang=\"hu-HU\">Egy kezd\u0151 trader sz\u00e1m\u00e1ra fontos k\u00e9rd\u00e9s a keresked\u00e9si platformok k\u00f6z\u00fcli val\u00f3 v\u00e1laszt\u00e1s, mivel a haszn\u00e1lt szoftvereknek els\u0151sorban k\u00e9nyelmesnek kell lennie. Ha nincs sz\u00fcks\u00e9ge bonyolult piaci megb\u00edz\u00e1sokra a poz\u00edci\u00f3k megnyit\u00e1s\u00e1hoz, vagy nincs egyszerre sok nyitott poz\u00edci\u00f3ja, akkor \u00e9rdemes egy egyszer\u0171, de megb\u00edzhat\u00f3 Forex platformot v\u00e1lasztani.<\/span><\/p>\n<p><script type=\"text\/javascript\">\/\/ <![CDATA[\n\/\/--><![CDATA[\/\/ ><!-- var addthis_config = {\"data_track_addressbar\":true}; \/\/--><!\n\/\/ ]]><\/script><script src=\"http:\/\/s7.addthis.com\/js\/250\/addthis_widget.js#pubid=ra-4f8cf2685b632727\" type=\"text\/javascript\"><\/script><!-- AddThis Button END --><\/p>\n","protected":false},"excerpt":{"rendered":"<p>A keresked\u00e9si platformok elterjed\u00e9s\u00e9nek k\u00f6sz\u00f6nhet\u0151en nagyban felgyorsult \u00e9s egyben egyszer\u0171bb\u00e9 v\u00e1lt a keresked\u00e9s menete. Mindez k\u00f6sz\u00f6nhet\u0151 a technol\u00f3giai fejl\u0151d\u00e9snek. Kezdetben a keresked\u00e9s t\u0151zsdei \u00e1r- \u00e9s mennyis\u00e9gi inform\u00e1ci\u00f3k olvas\u00e1s\u00e1n alapult, \u00e9s&hellip;<\/p>\n","protected":false},"author":1,"featured_media":9434,"parent":0,"menu_order":0,"comment_status":"open","ping_status":"open","template":"","meta":[],"tags":[286,752,423,1810,1796,506,1505,1823,1822,1792,284,285,1813,505,1768,1820,1821],"_links":{"self":[{"href":"https:\/\/choose-forex.com\/hu\/wp-json\/wp\/v2\/pages\/423\/"}],"collection":[{"href":"https:\/\/choose-forex.com\/hu\/wp-json\/wp\/v2\/pages\/"}],"about":[{"href":"https:\/\/choose-forex.com\/hu\/wp-json\/wp\/v2\/types\/page\/"}],"author":[{"embeddable":true,"href":"https:\/\/choose-forex.com\/hu\/wp-json\/wp\/v2\/users\/1\/"}],"replies":[{"embeddable":true,"href":"https:\/\/choose-forex.com\/hu\/wp-json\/wp\/v2\/comments\/?post=423"}],"version-history":[{"count":5,"href":"https:\/\/choose-forex.com\/hu\/wp-json\/wp\/v2\/pages\/423\/revisions\/"}],"predecessor-version":[{"id":9443,"href":"https:\/\/choose-forex.com\/hu\/wp-json\/wp\/v2\/pages\/423\/revisions\/9443\/"}],"wp:featuredmedia":[{"embeddable":true,"href":"https:\/\/choose-forex.com\/hu\/wp-json\/wp\/v2\/media\/9434\/"}],"wp:attachment":[{"href":"https:\/\/choose-forex.com\/hu\/wp-json\/wp\/v2\/media\/?parent=423"}],"wp:term":[{"taxonomy":"post_tag","embeddable":true,"href":"https:\/\/choose-forex.com\/hu\/wp-json\/wp\/v2\/tags\/?post=423"}],"curies":[{"name":"wp","href":"https:\/\/api.w.org\/{rel}","templated":true}]}}