{"id":469,"date":"2012-05-30T10:18:37","date_gmt":"2012-05-30T10:18:37","guid":{"rendered":"http:\/\/wp1.choose-forex.com\/?p=469"},"modified":"2015-11-09T11:44:44","modified_gmt":"2015-11-09T11:44:44","slug":"a-piacelemzes-tipusai","status":"publish","type":"page","link":"https:\/\/choose-forex.com\/hu\/a-piacelemzes-tipusai\/","title":{"rendered":"Piacelemz\u00e9s T\u00edpusai"},"content":{"rendered":"<p style=\"margin-bottom: 0in; text-align: justify;\">A <a href=\"http:\/\/bravafx.com\/article\/forex-webinariumok#.UhRJGX-Pz3f\">forex keresked\u00e9s <\/a>sor\u00e1n azzal keres\u00fcnk p\u00e9nzt, hogy megpr\u00f3b\u00e1ljuk nagy val\u00f3sz\u00edn\u0171s\u00e9ggel el\u0151rejelezni, merre megy az \u00e1r, \u00e9s ennek megfelel\u0151en keresked\u00fcnk. Az \u00e1r csak h\u00e1rom dolgot tehet: emelkedik, cs\u00f6kken vagy oldalaz. Az \u00e1r ir\u00e1ny\u00e1nak el\u0151rejelz\u00e9s\u00e9ben a keresked\u0151k h\u00e1romf\u00e9le piacelemz\u00e9st haszn\u00e1lnak: <strong>technikai elemz\u00e9st, fundament\u00e1lis elemz\u00e9st \u00e9s a piaci hangulat elemz\u00e9s\u00e9t.<\/strong><\/p>\n<p style=\"text-align: justify;\"><!--break--><\/p>\n<ul style=\"text-align: justify;\">\n<li style=\"margin-bottom: 0in;\">\n<h1><strong>Technikai piacelemz\u00e9s<\/strong><\/h1>\n<\/li>\n<\/ul>\n<p style=\"margin-bottom: 0in; text-align: justify;\">A technikai piacelemz\u00e9s alapelve, hogy a t\u00f6rt\u00e9nelem ism\u00e9tli \u00f6nmag\u00e1t, \u00edgy a traderek visszamen\u0151leg megn\u00e9zhetik az \u00e1r alakul\u00e1s\u00e1t \u00e9s az alapj\u00e1n hozhatnak keresked\u00e9si d\u00f6nt\u00e9seket, hogy hasonl\u00f3 helyzetben mi t\u00f6rt\u00e9nt a m\u00faltban. Ha egy t\u00e1masz szintje tartott a m\u00faltban, amikor az \u00e1r a k\u00f6zel\u00e9be ker\u00fclt vagy meg\u00e9rintette, a traderek erre odafigyelnek, \u00e9s arra alapozz\u00e1k keresked\u00e9si d\u00f6nt\u00e9seiket, hogyan reag\u00e1lt az \u00e1r, amikor meg\u00e9rintette a t\u00e1maszt.<\/p>\n<p style=\"margin-bottom: 0in; text-align: justify;\">Amikor a technikai piacelemz\u00e9s kifejez\u00e9st halljuk, egy grafikon jut esz\u00fcnkbe, mert a grafikonok mutatj\u00e1k be a legjobban az \u00e1rv\u00e1ltoz\u00e1sokat. A leggyakoribb grafikont\u00edpus a <strong>gyertyadiagram <\/strong>\u00e9s az <strong>oszlopdiagram<\/strong>. A grafikonhoz beh\u00fazhatjuk a trendvonalakat, a t\u00e1masz \u00e9s ellen\u00e1ll\u00e1s-szinteket \u00e9s a csatorn\u00e1kat, \u00e9s itt tudjuk az <a href=\"http:\/\/bravafx.com\/article\/forex-indikatorok\">indik\u00e1torok<\/a>at is haszn\u00e1lni.<\/p>\n<p style=\"margin-bottom: 0in; text-align: justify;\">A technikai elemz\u00e9s nagyon fontos eszk\u00f6z egy trader sz\u00e1m\u00e1ra, de \u00e9vekbe telhet elsaj\u00e1t\u00edtani \u00e9s megtal\u00e1lni, hogy mennyi elemz\u00e9s sz\u00fcks\u00e9ges. Ezzel az szeretn\u00e9m mondani, hogy <strong>egyes traderek hajlamosak t\u00falelemezni a grafikonokat, \u00e9s felrajzolj\u00e1k az \u00f6sszes lehets\u00e9ges indik\u00e1tort. <\/strong>Ebben az esetben a t\u00f6bb nem felt\u00e9tlen\u00fcl jobb, mert nem ad jobb eredm\u00e9nyt, ha m\u00e9g egy indik\u00e1tort tesz\u00fcnk be, hogy kisz\u0171rje az el\u0151z\u0151 t\u00e9ves jelz\u00e9seit. Meg kell pr\u00f3b\u00e1lni egyszer\u0171en kezelni a technikai elemz\u00e9st.<\/p>\n<p style=\"margin-bottom: 0in; text-align: justify;\">A technikai elemz\u00e9s grafikon-mint\u00e1kat, v\u00edzszintes \u00e9s \u00e1tl\u00f3s t\u00e1maszt \u00e9s ellen\u00e1ll\u00e1st haszn\u00e1l, amelyeket, ahogy egy kor\u00e1bbi cikkemben \u00edrtam, befoly\u00e1sol a szubjektivit\u00e1s. <strong>K\u00e9t trader k\u00fcl\u00f6nb\u00f6z\u0151k\u00e9ppen h\u00fazhatja meg a trendvonalat, n\u00e9h\u00e1ny pippel magasabban vagy alacsonyabban l\u00e1t egy horizont\u00e1lis szintet vagy m\u00e1s id\u0151t\u00e1vra vonatkoz\u00f3 mozg\u00f3\u00e1tlagot haszn\u00e1lhat. <\/strong>Mivel mindezek az eszk\u00f6z\u00f6k a <a href=\"http:\/\/bravafx.com\/article\/forex-kisszotar\">technikai elemz\u00e9s<\/a> r\u00e9sz\u00e9t alkotj\u00e1k, az is szubjekt\u00edv, \u00edgy a k\u00fcl\u00f6nb\u00f6z\u0151 traderek elt\u00e9r\u0151 v\u00e9lem\u00e9nyt alkotnak arr\u00f3l, merre fog menni az \u00e1r.<\/p>\n<ul style=\"text-align: justify;\">\n<li style=\"margin-bottom: 0in;\">\n<h2><strong>Fundament\u00e1lis piacelemz\u00e9s<\/strong><\/h2>\n<\/li>\n<\/ul>\n<p style=\"margin-bottom: 0in; text-align: justify;\">A fundament\u00e1lis piacelemz\u00e9s egy orsz\u00e1g gazdas\u00e1gi \u00e9s politikai helyzet\u00e9nek vizsg\u00e1lat\u00e1val seg\u00edt megj\u00f3solni deviz\u00e1j\u00e1nak \u00e1rv\u00e1ltoz\u00e1sait. M\u00e1s sz\u00f3val, ha egy orsz\u00e1g rosszul teljes\u00edt, a deviz\u00e1ja val\u00f3sz\u00edn\u0171leg vesz\u00edt az \u00e9rt\u00e9k\u00e9b\u0151l. <strong>A be\u00e9rkez\u0151 politikai, gazdas\u00e1gi \u00e9s t\u00e1rsadalmi h\u00edrek nagyban befoly\u00e1solhatj\u00e1k egy devizap\u00e1r \u00e1r\u00e1nak alakul\u00e1s\u00e1t.<\/strong><\/p>\n<p style=\"text-align: justify;\">Amikor fundament\u00e1lis elemz\u00e9st haszn\u00e1lunk, meg kell n\u00e9zni mindk\u00e9t p\u00e9nznemet, hiszen a forexben egy devizap\u00e1rral keresked\u00fcnk. <strong>Ha az egyik deviza egy \u00e9ppen megjelent j\u00f3 h\u00edrnek k\u00f6sz\u00f6nhet\u0151en er\u0151s\u00f6dik, a m\u00e1sik deviza helyzet\u00e9t is elemezni kell. <\/strong>Ha err\u0151l is j\u00f3 h\u00edrek \u00e9rkeztek, a kett\u0151 k\u00f6z\u00f6tti egyens\u00faly nem fog sokat v\u00e1ltozni, \u00edgy tal\u00e1n nem lesznek nagy mozg\u00e1sok a grafikonon. M\u00e1sr\u00e9szt, ha az egyik deviz\u00e1r\u00f3l j\u00f3 h\u00edrek \u00e9rkeztek, a m\u00e1sikr\u00f3l pedig rosszak, val\u00f3sz\u00edn\u0171leg nagy mozg\u00e1st l\u00e1tunk a grafikonon az els\u0151 jav\u00e1ra.<\/p>\n<p style=\"margin-bottom: 0in; text-align: justify;\"><a href=\"http:\/\/bravafx.com\/article\/legfrissebb-hirek-20120711\">Fundament\u00e1lis piacelemz\u00e9s<\/a> haszn\u00e1latakor nagyon \u00f3vatosaknak kell lenn\u00fcnk, mert ha j\u00f3 h\u00edr \u00e9rkezik, a deviza nem megy felt\u00e9tlen\u00fcl feljebb. <strong>N\u00e9ha m\u00e9g egy j\u00f3 h\u00edr sem el\u00e9g er\u0151s ahhoz, hogy befoly\u00e1solja az \u00e1rat, <\/strong>mert az az orsz\u00e1g \u00e1ltal\u00e1nos helyzete gyenge. Sz\u00e1mos t\u00e9nyez\u0151t kell figyelembe venni, amikor keresked\u00e9si d\u00f6nt\u00e9st hozunk, nemcsak a h\u00edreket.<\/p>\n<ul style=\"text-align: justify;\">\n<li style=\"margin-bottom: 0in;\">\n<h3><strong>A piaci hangulat elemz\u00e9se<\/strong><\/h3>\n<\/li>\n<\/ul>\n<p style=\"margin-bottom: 0in; text-align: justify;\">Ez az \u00e1ltal\u00e1nos k\u00e9p arr\u00f3l, hogyan l\u00e1tj\u00e1k a traderek a piacot. Minden tradernek megvan a saj\u00e1t v\u00e9lem\u00e9nye a piacr\u00f3l, \u00e9s ezt az \u00e1ll\u00e1spontot fejezi ki, hogy milyen poz\u00edci\u00f3kat nyitnak. A vil\u00e1g minden tradere form\u00e1lja a piaci hangulatot, ahogy a <a href=\"http:\/\/bravafx.com\/article\/8-tippek\">short \u00e9s long poz\u00edci\u00f3k<\/a>at nyitj\u00e1k.<\/p>\n<p style=\"margin-bottom: 0in; text-align: justify;\"><strong>Egy tradernek figyelembe kell vennie a technikai elemz\u00e9st, a fundament\u00e1lis elemz\u00e9st \u00e9s a piaci hangulatot, nem t\u00e1maszkodhat csak az egyik t\u00edpus\u00fa elemz\u00e9sre. Ha er\u0151s technikai jelek szerint az \u00e1rnak er\u0151s\u00f6dnie kellene, de az \u00e1ltal\u00e1nos hangulat rossz, \u00e9s a rossz h\u00edrek alapj\u00e1n a deviza gyeng\u00fcl\u00e9s\u00e9t v\u00e1rj\u00e1k, \u00e9rdemes lehet fel\u00fclvizsg\u00e1lni a poz\u00edci\u00f3j\u00e1t.<\/strong><\/p>\n<p style=\"text-align: justify;\"><!-- AddThis Button BEGIN --><br \/>\n<script type=\"text\/javascript\">\/\/ <![CDATA[\n\/\/--><![CDATA[\/\/ ><!--\nvar addthis_config = {\"data_track_addressbar\":true};\n\/\/--><!\n\/\/ ]]><\/script><script src=\"http:\/\/s7.addthis.com\/js\/250\/addthis_widget.js#pubid=ra-4f8cf2685b632727\" type=\"text\/javascript\"><\/script><!-- AddThis Button END --><\/p>\n","protected":false},"excerpt":{"rendered":"<p>A forex keresked\u00e9s sor\u00e1n azzal keres\u00fcnk p\u00e9nzt, hogy megpr\u00f3b\u00e1ljuk nagy val\u00f3sz\u00edn\u0171s\u00e9ggel el\u0151rejelezni, merre megy az \u00e1r, \u00e9s ennek megfelel\u0151en keresked\u00fcnk. Az \u00e1r csak h\u00e1rom dolgot tehet: emelkedik, cs\u00f6kken vagy oldalaz.&hellip;<\/p>\n","protected":false},"author":1,"featured_media":0,"parent":0,"menu_order":0,"comment_status":"open","ping_status":"closed","template":"","meta":[],"tags":[553,1275,577,578,576],"_links":{"self":[{"href":"https:\/\/choose-forex.com\/hu\/wp-json\/wp\/v2\/pages\/469\/"}],"collection":[{"href":"https:\/\/choose-forex.com\/hu\/wp-json\/wp\/v2\/pages\/"}],"about":[{"href":"https:\/\/choose-forex.com\/hu\/wp-json\/wp\/v2\/types\/page\/"}],"author":[{"embeddable":true,"href":"https:\/\/choose-forex.com\/hu\/wp-json\/wp\/v2\/users\/1\/"}],"replies":[{"embeddable":true,"href":"https:\/\/choose-forex.com\/hu\/wp-json\/wp\/v2\/comments\/?post=469"}],"version-history":[{"count":4,"href":"https:\/\/choose-forex.com\/hu\/wp-json\/wp\/v2\/pages\/469\/revisions\/"}],"predecessor-version":[{"id":5836,"href":"https:\/\/choose-forex.com\/hu\/wp-json\/wp\/v2\/pages\/469\/revisions\/5836\/"}],"wp:attachment":[{"href":"https:\/\/choose-forex.com\/hu\/wp-json\/wp\/v2\/media\/?parent=469"}],"wp:term":[{"taxonomy":"post_tag","embeddable":true,"href":"https:\/\/choose-forex.com\/hu\/wp-json\/wp\/v2\/tags\/?post=469"}],"curies":[{"name":"wp","href":"https:\/\/api.w.org\/{rel}","templated":true}]}}