{"id":541,"date":"2012-05-23T10:32:29","date_gmt":"2012-05-23T10:32:29","guid":{"rendered":"http:\/\/wp1.choose-forex.com\/?p=541"},"modified":"2016-04-17T04:38:43","modified_gmt":"2016-04-17T04:38:43","slug":"dinamikus-tamasz-es-ellenallas","status":"publish","type":"page","link":"https:\/\/choose-forex.com\/hu\/dinamikus-tamasz-es-ellenallas\/","title":{"rendered":"Dinamikus T\u00e1masz \u00e9s Ellen\u00e1ll\u00e1s"},"content":{"rendered":"<p lang=\"hu-HU\" style=\"margin-bottom: 0in;\" xml:lang=\"hu-HU\"><strong><span style=\"font-weight: normal;\"><a href=\"http:\/\/bravafx.com\/article\/diagonalis-tamasz-es-ellenallas#.UhBkJn-KJCN\">Dinamikus t\u00e1masz \u00e9s ellen\u00e1ll\u00e1s<\/a>\u00a0szinteket\u00a0a mozg\u00f3\u00e1tlagok (MA) rajzolj\u00e1k ki automatikusan, \u00e9s az\u00e9rt nevezik \u00edgy \u0151ket, mert az \u00e1rv\u00e1ltoz\u00e1sok miatt \u00e1lland\u00f3an v\u00e1ltoznak. Ha eml\u00e9kszik, amikor a mozg\u00f3\u00e1tlagokr\u00f3l besz\u00e9lt\u00fcnk, azt mondtam, hogy ezeket az \u00e1rak \u00e1tlagol\u00e1s\u00e1val sz\u00e1m\u00edtj\u00e1k ki &#8220;X&#8221; id\u0151szakra. <\/span><\/strong><\/p>\n<p lang=\"hu-HU\" style=\"margin-bottom: 0in;\" xml:lang=\"hu-HU\"><strong><span style=\"font-weight: normal;\"><b>Egy r\u00f6vid id\u0151szakra vonatkoz\u00f3 MA k\u00f6zelebb h\u00faz\u00f3dik az \u00e1rhoz, m\u00edg egy hosszabb id\u0151szakra vonatkoz\u00f3 MA t\u00e1volabb lesz az \u00e1rt\u00f3l, emiatt t\u00f6bb helyet hagy neki.<\/b><\/span><\/strong><\/p>\n<p lang=\"hu-HU\" style=\"margin-bottom: 0in;\" xml:lang=\"hu-HU\">\n<h2>Dinamikus T\u00e1masz \u00e9s Ellen\u00e1ll\u00e1s Alapjai<\/h2>\n<p><strong><span style=\"font-weight: normal;\">Az \u00e1r nagyobb val\u00f3sz\u00edn\u0171s\u00e9ggel esik k\u00edv\u00fcl egy r\u00f6vidt\u00e1v\u00fa MA-n, m\u00edg egy hosszabb id\u0151szakra vonatkoz\u00f3 MA gyakrabban tartalmazza az \u00e1rat. N\u00e9zze meg a lenti k\u00e9pen, hogy halad el az \u00e1r a s\u00e1rga 50 <a href=\"http:\/\/bravafx.com\/article\/forex-kisszotar\">EMA <\/a>mellett, de megfelel\u0151 t\u00e1maszt tal\u00e1lt a piros 150 EMA-ban.<\/span><\/strong><\/p>\n<p><a href=\"\/sites\/default\/files\/u46\/ma.gif\" data-rel=\"penci-gallery-image-content\"  target=\"_blank\"><img style=\"width: 404px; height: 144px; margin-left: 60px; margin-right: 60px;\" src=\"\/sites\/default\/files\/u46\/ma.gif\" alt=\"dinamikus t\u00e1masz \u00e9s ellen\u00e1ll\u00e1s\" \/><\/a><\/p>\n<p lang=\"hu-HU\" style=\"margin-bottom: 0in;\" xml:lang=\"hu-HU\"><strong><span style=\"font-weight: normal;\">Ha t\u00e1maszk\u00e9nt vagy ellen\u00e1ll\u00e1sk\u00e9nt haszn\u00e1ljuk a mozg\u00f3\u00e1tlagokat, megsz\u00fcntetj\u00fck a szubjekt\u00edv r\u00e9szt az S\/R szintek felrajzol\u00e1s\u00e1ban, de mert olyan sok lehet\u0151s\u00e9g\u00fcnk van az <a href=\"http:\/\/bravafx.com\/forex-blog\">MA t\u00edpus<\/a>\u00e1nak \u00e9s id\u0151szak\u00e1nak kiv\u00e1laszt\u00e1s\u00e1ra, neh\u00e9z megtal\u00e1lni a t\u00f6k\u00e9leteset. K\u00fcl\u00f6nb\u00f6z\u0151 t\u00edpus\u00fa piacok k\u00fcl\u00f6nb\u00f6z\u0151 t\u00edpus\u00fa MA-t ig\u00e9nyelnek. <\/span><\/strong><\/p>\n<p lang=\"hu-HU\" style=\"margin-bottom: 0in;\" xml:lang=\"hu-HU\"><strong><span style=\"font-weight: normal;\">A legjobb m\u00f3dja annak, hogy megtal\u00e1lja, melyik a legjobb az \u00d6n sz\u00e1m\u00e1ra, a k\u00fcl\u00f6nb\u00f6z\u0151 be\u00e1ll\u00edt\u00e1sok tesztel\u00e9se. <b>Ak\u00e1r egyn\u00e9l t\u00f6bb MA-t is haszn\u00e1lhat egyetlen grafikonon, \u00edgy k\u00fcl\u00f6nb\u00f6z\u0151 szint\u0171 dinamikus t\u00e1maszt \u00e9s ellen\u00e1ll\u00e1st l\u00e1that.<\/b> <\/span><\/strong><\/p>\n<p lang=\"hu-HU\" style=\"margin-bottom: 0in;\" xml:lang=\"hu-HU\"><strong><span style=\"font-weight: normal;\">\u00c1ltal\u00e1ban a <a href=\"http:\/\/bravafx.com\/article\/kezelt-szamlak\">r\u00f6videbb t\u00e1v\u00fa MA <\/a>hasznosabb hosszabb id\u0151tartamokhoz, m\u00edg a hosszabb id\u0151szakra vonatkoz\u00f3 MA jobban megfelel r\u00f6videbb id\u0151tartamokhoz.<\/span><\/strong><\/p>\n<p lang=\"hu-HU\" style=\"margin-bottom: 0in;\" xml:lang=\"hu-HU\"><strong><span style=\"font-weight: normal;\"><b>Min\u00e9l meredekebb az MA sz\u00f6ge, ann\u00e1l er\u0151sebb a trend, \u00e9s amikor lapos lesz, oldalaz\u00f3 id\u0151szakba l\u00e9p\u00fcnk. Ha k\u00e9t MA-t haszn\u00e1l a grafikonon, \u00e9s a gyorsabb MA a lassabb MA f\u00f6l\u00f6tt tal\u00e1lhat\u00f3, bika piacon vagyunk, \u00e9s amikor a lassabb MA van a gyorsabb MA f\u00f6l\u00f6tt, a medve uralkodik a piacon.<\/b><\/span><\/strong><\/p>\n<p lang=\"hu-HU\" style=\"margin-bottom: 0in;\" xml:lang=\"hu-HU\"><strong><span style=\"font-weight: normal;\">Mint a diagon\u00e1lis t\u00e1masz \u00e9s ellen\u00e1ll\u00e1s eset\u00e9ben, emelked\u0151 trendben v\u00e1s\u00e1roljunk, ha az \u00e1r fel\u00fclr\u0151l \u00e9rinti meg a dinamikus S\/R (MA) szintet, \u00e9s <a href=\"http:\/\/bravafx.com\/article\/legfrissebb-hirek-20120709\">cs\u00f6kken\u0151 trend<\/a>ben adjunk el, ha az \u00e1r alulr\u00f3l \u00e9rinti az MA-t, de legyen \u00f3vatos az MA kiv\u00e1laszt\u00e1s\u00e1ban, <b>ne feledje, hogy a gyorsabb MA eleshet, m\u00edg a lassabb m\u00e9g mindig kitart.<\/b><\/span><\/strong><\/p>\n<p lang=\"hu-HU\" style=\"margin-bottom: 0in;\" xml:lang=\"hu-HU\">\n<p><!-- AddThis Button BEGIN --><\/p>\n<div class=\"addthis_toolbox addthis_default_style \"><\/div>\n<p><script type=\"text\/javascript\">\/\/ <![CDATA[\n\/\/--><![CDATA[\/\/ ><!-- var addthis_config = {\"data_track_addressbar\":true}; \/\/--><!\n\/\/ ]]><\/script><script src=\"http:\/\/s7.addthis.com\/js\/250\/addthis_widget.js#pubid=ra-4f8cf2685b632727\" type=\"text\/javascript\"><\/script><!-- AddThis Button END --><\/p>\n","protected":false},"excerpt":{"rendered":"<p>Dinamikus t\u00e1masz \u00e9s ellen\u00e1ll\u00e1s\u00a0szinteket\u00a0a mozg\u00f3\u00e1tlagok (MA) rajzolj\u00e1k ki automatikusan, \u00e9s az\u00e9rt nevezik \u00edgy \u0151ket, mert az \u00e1rv\u00e1ltoz\u00e1sok miatt \u00e1lland\u00f3an v\u00e1ltoznak. Ha eml\u00e9kszik, amikor a mozg\u00f3\u00e1tlagokr\u00f3l besz\u00e9lt\u00fcnk, azt mondtam, hogy ezeket&hellip;<\/p>\n","protected":false},"author":1,"featured_media":0,"parent":0,"menu_order":0,"comment_status":"open","ping_status":"open","template":"","meta":[],"tags":[670,671,668],"_links":{"self":[{"href":"https:\/\/choose-forex.com\/hu\/wp-json\/wp\/v2\/pages\/541\/"}],"collection":[{"href":"https:\/\/choose-forex.com\/hu\/wp-json\/wp\/v2\/pages\/"}],"about":[{"href":"https:\/\/choose-forex.com\/hu\/wp-json\/wp\/v2\/types\/page\/"}],"author":[{"embeddable":true,"href":"https:\/\/choose-forex.com\/hu\/wp-json\/wp\/v2\/users\/1\/"}],"replies":[{"embeddable":true,"href":"https:\/\/choose-forex.com\/hu\/wp-json\/wp\/v2\/comments\/?post=541"}],"version-history":[{"count":2,"href":"https:\/\/choose-forex.com\/hu\/wp-json\/wp\/v2\/pages\/541\/revisions\/"}],"predecessor-version":[{"id":8246,"href":"https:\/\/choose-forex.com\/hu\/wp-json\/wp\/v2\/pages\/541\/revisions\/8246\/"}],"wp:attachment":[{"href":"https:\/\/choose-forex.com\/hu\/wp-json\/wp\/v2\/media\/?parent=541"}],"wp:term":[{"taxonomy":"post_tag","embeddable":true,"href":"https:\/\/choose-forex.com\/hu\/wp-json\/wp\/v2\/tags\/?post=541"}],"curies":[{"name":"wp","href":"https:\/\/api.w.org\/{rel}","templated":true}]}}