{"id":544,"date":"2012-05-22T18:00:44","date_gmt":"2012-05-22T18:00:44","guid":{"rendered":"http:\/\/wp1.choose-forex.com\/?p=544"},"modified":"2016-04-08T15:20:48","modified_gmt":"2016-04-08T15:20:48","slug":"diagonalis-tamasz-es-ellenallas","status":"publish","type":"page","link":"https:\/\/choose-forex.com\/hu\/diagonalis-tamasz-es-ellenallas\/","title":{"rendered":"Diagon\u00e1lis T\u00e1masz \u00e9s Ellen\u00e1ll\u00e1s"},"content":{"rendered":"<h2 lang=\"hu-HU\" style=\"margin-bottom: 0in;\" xml:lang=\"hu-HU\"><a href=\"https:\/\/choose-forex.com\/hu\/vizszintes-tamasz-es-ellenallas\/#.VwfKOFR97IW\">Diagon\u00e1lis T\u00e1masz \u00e9s Ellen\u00e1ll\u00e1s<\/a><\/h2>\n<p lang=\"hu-HU\" style=\"margin-bottom: 0in;\" xml:lang=\"hu-HU\"><strong><span style=\"font-weight: normal;\">A trendvonal tulajdonk\u00e9ppen \u00e1tl\u00f3s t\u00e1masz \u00e9s ellen\u00e1ll\u00e1s. Ugyan\u00fagy kell meg\u00e1llap\u00edtani \u00e9s felrajzolni \u0151ket, mint a <b>v\u00edzszintes t\u00e1masz \u00e9s ellen\u00e1ll\u00e1st<\/b><\/span><\/strong><strong><span style=\"font-weight: normal;\"><b>.<\/b> Emelked\u0151 trend eset\u00e9n k\u00e9t m\u00e9lypontot kell \u00f6sszek\u00f6tni a trendvonal felrajzol\u00e1s\u00e1hoz, cs\u00f6kken\u0151 trend eset\u00e9n pedig k\u00e9t cs\u00facsot. K\u00e9t pont sz\u00fcks\u00e9ges egy trendvonalhoz, de a harmadik \u00e9rint\u00e9s meger\u0151s\u00edti. Ezut\u00e1n m\u00e1r egy biztos \u00e1tl\u00f3s S\/R (<a href=\"http:\/\/bravafx.com\/article\/forex-kisszotar\">t\u00e1masz\/ellen\u00e1ll\u00e1s<\/a>) szint\u00fcnk van.<\/span><\/strong><\/p>\n<p><!--break--><\/p>\n<p lang=\"hu-HU\" style=\"margin-bottom: 0in;\" xml:lang=\"hu-HU\"><strong><span style=\"font-weight: normal;\">Teh\u00e1t arra kell eml\u00e9kezn\u00fcnk, hogy cs\u00f6kken\u0151 trendben a cs\u00facsokat k\u00f6ss\u00fck \u00f6ssze, emelked\u0151 trendben pedig a m\u00e9lypontokat. Az al\u00e1bbi k\u00e9p seg\u00edti a jobb meg\u00e9rt\u00e9st:<\/span><\/strong><\/p>\n<p><a href=\"\/sites\/default\/files\/u46\/tl1.gif\" data-rel=\"penci-gallery-image-content\"  target=\"_blank\"><img loading=\"lazy\" class=\"aligncenter\" style=\"width: 597px; height: 214px; margin-left: 60px; margin-right: 60px;\" src=\"\/sites\/default\/files\/u46\/tl1.gif\" alt=\"diagon\u00e1lis t\u00e1masz \u00e9s ellen\u00e1ll\u00e1s\" width=\"800\" height=\"375\" \/><\/a><\/p>\n<p>&nbsp;<\/p>\n<p lang=\"hu-HU\" style=\"margin-bottom: 0in;\" xml:lang=\"hu-HU\"><strong><span style=\"font-weight: normal;\">Mint l\u00e1that\u00f3, az \u00e1r t\u00f6bbsz\u00f6r meg\u00e9rintette a trendvonalat \u00e9s minden alkalommal, amikor ezt tette, \u00faj cs\u00facsok fel\u00e9 indult. A harmadik \u00e9rint\u00e9s ut\u00e1n lett egy meger\u0151s\u00edtett trendvonalunk. Meg lehet kereskedni a m\u00e1sodik \u00e9rint\u00e9st is, de az kock\u00e1zatosabb.<\/span><\/strong><\/p>\n<p lang=\"hu-HU\" style=\"margin-bottom: 0in;\" xml:lang=\"hu-HU\"><strong><span style=\"font-weight: normal;\"><b>Az al\u00e1bbi k\u00e9p a cs\u00f6kken\u0151 trendvonalat mutatja.<\/b> Ugyanezek az elvek \u00e9rv\u00e9nyesek a cs\u00f6kken\u0151 trendre, csak a cs\u00facsokat k\u00f6tj\u00fck \u00f6ssze.<\/span><\/strong><\/p>\n<p><a href=\"\/sites\/default\/files\/u46\/ch2.gif\" data-rel=\"penci-gallery-image-content\"  target=\"_blank\"><img class=\"\" style=\"width: 600px; height: 219px; margin-left: 60px; margin-right: 60px;\" src=\"\/sites\/default\/files\/u46\/ch2.gif\" alt=\"diagon\u00e1lis t\u00e1masz \u00e9s ellen\u00e1ll\u00e1s\" \/><\/a><\/p>\n<p>&nbsp;<\/p>\n<p lang=\"hu-HU\" style=\"margin-bottom: 0in;\" xml:lang=\"hu-HU\"><strong><span style=\"font-weight: normal;\">M\u00e9g egy fontos dolog a trendvonalakkal kapcsolatban, hogy min\u00e9l meredekebbek, ann\u00e1l val\u00f3sz\u00edn\u0171bb, hogy megt\u00f6rnek. Mindig keress\u00fck a nem t\u00fal meredek vonalakat, azok megb\u00edzhat\u00f3bbak.<\/span><\/strong><\/p>\n<p lang=\"hu-HU\" style=\"margin-bottom: 0in;\" xml:lang=\"hu-HU\"><strong><span style=\"font-weight: normal;\">A piac soha nem fog alkalmazkodni a trendvonalhoz. Ha nem tudja pontosan megrajzolni, ne rajzolja meg, mert az nem lesz \u00e9rv\u00e9nyes, \u00e9s nem seg\u00edt abban, hogy j\u00f3 keresked\u00e9si d\u00f6nt\u00e9seket hozzon.<\/span><\/strong><\/p>\n<p lang=\"hu-HU\" style=\"margin-bottom: 0in;\" xml:lang=\"hu-HU\"><strong><span style=\"font-weight: normal;\"><b>Emelked\u0151 trendben akkor v\u00e1s\u00e1roljunk, ha az \u00e1r \u00e9rinti a meger\u0151s\u00edtett trendvonalat \u00e9s cs\u00f6kken\u0151 trendben akkor adjunk el, ha az \u00e1r \u00e9rinti a meger\u0151s\u00edtett trendvonalat, \u00fcgyelve arra, hogy, ak\u00e1rcsak v\u00edzszintes S\/R eset\u00e9n, a trendvonal megt\u00f6rhet \u00e9s az \u00e1r v\u00e9g\u00fcl kereszt\u00fcl is mehet rajta.<\/b><\/span><\/strong><\/p>\n<p lang=\"hu-HU\" style=\"margin-bottom: 0in;\" xml:lang=\"hu-HU\"><strong><span style=\"font-weight: normal;\">Az \u00e1tl\u00f3s t\u00e1masz egy m\u00e1sik form\u00e1ja az \u00fagynevezett csatorna. Ez \u00fagy k\u00e9sz\u00fcl, hogy miut\u00e1n megrajzoltuk a trendvonalat, az \u00e1r m\u00e1sik oldal\u00e1n p\u00e1rhuzamos vonalat h\u00fazunk. A k\u00e9pen \u00e1br\u00e1zoljuk is:<\/span><\/strong><\/p>\n<p><a href=\"\/sites\/default\/files\/u46\/ch1.gif\" data-rel=\"penci-gallery-image-content\"  target=\"_blank\"><img class=\"\" style=\"width: 621px; height: 234px; margin-left: 60px; margin-right: 60px;\" src=\"\/sites\/default\/files\/u46\/ch1.gif\" alt=\"diagon\u00e1lis t\u00e1masz \u00e9s ellen\u00e1ll\u00e1s\" \/><\/a><\/p>\n<p lang=\"hu-HU\" style=\"margin-bottom: 0in;\" xml:lang=\"hu-HU\"><strong><span style=\"font-weight: normal;\">Mint l\u00e1that\u00f3, a csatorna fels\u0151 r\u00e9sze diagon\u00e1lis ellen\u00e1ll\u00e1sk\u00e9nt szolg\u00e1l, \u00e9s az als\u00f3 r\u00e9sze diagon\u00e1lis t\u00e1masz. \u00c1ltal\u00e1ban emelked\u0151 trend eset\u00e9n a csatorna tetej\u00e9n \u00e9rdemes eladni, \u00e9s az alj\u00e1n \u00e9rdemes v\u00e1s\u00e1rolni.<\/span><\/strong><\/p>\n<p lang=\"hu-HU\" style=\"margin-bottom: 0in;\" xml:lang=\"hu-HU\"><strong><span style=\"font-weight: normal;\">A trendvonalak a technikai elemz\u00e9s egyik legegyszer\u0171bb \u00e9s legkev\u00e9sb\u00e9 haszn\u00e1lt m\u00f3dj\u00e1t jelentik. Van egy h\u00e1tr\u00e1nyuk: szubjekt\u00edvek. K\u00fcl\u00f6nb\u00f6z\u0151 emberek k\u00fcl\u00f6nb\u00f6z\u0151k\u00e9ppen rajzolhatj\u00e1k fel a trendvonalat. Ez\u00e9rt egy trendvonal m\u00e9g nem tesz traderr\u00e9. Sokkal t\u00f6bb dolgot kell figyelembe venni, amikor megpr\u00f3b\u00e1ljuk megj\u00f3solni, merre fog az \u00e1r menni, mindenesetre a <b>trendvonal<\/b> hat\u00e9kony eszk\u00f6z, \u00e9s minden t\u00f6rekv\u0151 keresked\u0151nek meg kell tanulnia felrajzolni \u0151ket a grafikonokra.<\/span><\/strong><\/p>\n<p lang=\"hu-HU\" style=\"margin-bottom: 0in;\" xml:lang=\"hu-HU\"><strong><span style=\"font-weight: normal;\"><b>A k\u00f6vetkez\u0151 cikkben a <a href=\"https:\/\/choose-forex.com\/hu\/dinamikus-tamasz-es-ellenallas\/#.VwfKplR97IV\">dinamikus t\u00e1masz \u00e9s ellen\u00e1ll\u00e1s<\/a>r\u00f3l fogunk besz\u00e9lni, \u00e9s szeretni fogja \u0151ket, mert &#8230; magukat rajzolj\u00e1k fel.<\/b><\/span><\/strong><\/p>\n<p><!-- AddThis Button BEGIN --><\/p>\n<div class=\"addthis_toolbox addthis_default_style \"><\/div>\n<p><script type=\"text\/javascript\">\/\/ <![CDATA[\n\/\/--><![CDATA[\/\/ ><!-- var addthis_config = {\"data_track_addressbar\":true}; \/\/--><!\n\/\/ ]]><\/script><script src=\"http:\/\/s7.addthis.com\/js\/250\/addthis_widget.js#pubid=ra-4f8cf2685b632727\" type=\"text\/javascript\"><\/script><!-- AddThis Button END --><\/p>\n","protected":false},"excerpt":{"rendered":"<p>Diagon\u00e1lis T\u00e1masz \u00e9s Ellen\u00e1ll\u00e1s A trendvonal tulajdonk\u00e9ppen \u00e1tl\u00f3s t\u00e1masz \u00e9s ellen\u00e1ll\u00e1s. Ugyan\u00fagy kell meg\u00e1llap\u00edtani \u00e9s felrajzolni \u0151ket, mint a v\u00edzszintes t\u00e1masz \u00e9s ellen\u00e1ll\u00e1st. Emelked\u0151 trend eset\u00e9n k\u00e9t m\u00e9lypontot kell \u00f6sszek\u00f6tni&hellip;<\/p>\n","protected":false},"author":1,"featured_media":0,"parent":0,"menu_order":0,"comment_status":"open","ping_status":"open","template":"","meta":[],"tags":[672,668],"_links":{"self":[{"href":"https:\/\/choose-forex.com\/hu\/wp-json\/wp\/v2\/pages\/544\/"}],"collection":[{"href":"https:\/\/choose-forex.com\/hu\/wp-json\/wp\/v2\/pages\/"}],"about":[{"href":"https:\/\/choose-forex.com\/hu\/wp-json\/wp\/v2\/types\/page\/"}],"author":[{"embeddable":true,"href":"https:\/\/choose-forex.com\/hu\/wp-json\/wp\/v2\/users\/1\/"}],"replies":[{"embeddable":true,"href":"https:\/\/choose-forex.com\/hu\/wp-json\/wp\/v2\/comments\/?post=544"}],"version-history":[{"count":2,"href":"https:\/\/choose-forex.com\/hu\/wp-json\/wp\/v2\/pages\/544\/revisions\/"}],"predecessor-version":[{"id":8141,"href":"https:\/\/choose-forex.com\/hu\/wp-json\/wp\/v2\/pages\/544\/revisions\/8141\/"}],"wp:attachment":[{"href":"https:\/\/choose-forex.com\/hu\/wp-json\/wp\/v2\/media\/?parent=544"}],"wp:term":[{"taxonomy":"post_tag","embeddable":true,"href":"https:\/\/choose-forex.com\/hu\/wp-json\/wp\/v2\/tags\/?post=544"}],"curies":[{"name":"wp","href":"https:\/\/api.w.org\/{rel}","templated":true}]}}