{"id":553,"date":"2012-05-22T10:42:38","date_gmt":"2012-05-22T10:42:38","guid":{"rendered":"http:\/\/wp1.choose-forex.com\/?p=553"},"modified":"2016-06-26T10:31:37","modified_gmt":"2016-06-26T10:31:37","slug":"brokerek-osszehasonlitasa","status":"publish","type":"page","link":"https:\/\/choose-forex.com\/hu\/2-a-broker-kivalasztasa\/brokerek-osszehasonlitasa\/","title":{"rendered":"Br\u00f3kerek \u00d6sszehasonl\u00edt\u00e1sa"},"content":{"rendered":"<div id=\"attachment_6408\" style=\"width: 650px\" class=\"wp-caption aligncenter\"><a href=\"http:\/\/choose-forex.com\/wp-content\/uploads\/2012\/05\/12024129713_b0f536ef36_z.jpg\" data-rel=\"penci-gallery-image-content\"  rel=\"attachment wp-att-6408\"><img aria-describedby=\"caption-attachment-6408\" loading=\"lazy\" class=\"wp-image-6408 size-full\" src=\"http:\/\/choose-forex.com\/wp-content\/uploads\/2012\/05\/12024129713_b0f536ef36_z.jpg\" alt=\"\" width=\"640\" height=\"421\" srcset=\"https:\/\/choose-forex.com\/wp-content\/uploads\/2012\/05\/12024129713_b0f536ef36_z.jpg 640w, https:\/\/choose-forex.com\/wp-content\/uploads\/2012\/05\/12024129713_b0f536ef36_z-300x197.jpg 300w, https:\/\/choose-forex.com\/wp-content\/uploads\/2012\/05\/12024129713_b0f536ef36_z-228x150.jpg 228w, https:\/\/choose-forex.com\/wp-content\/uploads\/2012\/05\/12024129713_b0f536ef36_z-150x99.jpg 150w\" sizes=\"(max-width: 640px) 100vw, 640px\" \/><\/a><p id=\"caption-attachment-6408\" class=\"wp-caption-text\">Mindegy mi a helyzet, eml\u00e9keztesd magad, &#8220;Van v\u00e1laszt\u00e1som.&#8221; Deepak Chopra &#8211; \u00edgy van a br\u00f3kerekkel is.<\/p><\/div>\n<p style=\"text-align: justify;\">Az egyik legfontosabb dolog egy trader sz\u00e1m\u00e1ra, f\u00fcggetlen\u00fcl att\u00f3l, hogy mi\u00f3ta kereskedik, egy hiteles, becs\u00fcletes br\u00f3ker kiv\u00e1laszt\u00e1sa, aki kedvez\u0151 spreadeket k\u00edn\u00e1l \u00e9s megb\u00edzhat\u00f3an v\u00e9grehajtja az \u00fcgyleteket. M\u00e9g akkor is, ha a strat\u00e9gi\u00e1nk j\u00f3, \u00e9s \u00fagy \u00e9rezz\u00fck, hogy ellen\u0151rz\u00e9s alatt tudjuk tartani a keresked\u00e9st, k\u00f6nnyen rosszra fordulhatnak a dolgok, ha a br\u00f3ker, akire r\u00e1b\u00edztuk a p\u00e9nz\u00fcnket, nem megb\u00edzhat\u00f3.<\/p>\n<p style=\"text-align: justify;\">A br\u00f3ker kiv\u00e1laszt\u00e1sa neh\u00e9z feladat lehet, ebben szeretn\u00e9nk seg\u00edteni. Az al\u00e1bbi cikkekben n\u00e9h\u00e1ny ismertebb br\u00f3kerc\u00e9gr\u0151l tal\u00e1l \u00e9rt\u00e9kel\u00e9seket.<\/p>\n<p><strong><a href=\"https:\/\/choose-forex.com\/hu\/a-saxo-bank-ertekelese\/#.VpwakdQrLIU\">A Saxo Bank \u00e9rt\u00e9kel\u00e9se<\/a><\/strong><\/p>\n<p><strong><a href=\"https:\/\/choose-forex.com\/hu\/a-plus500-brokerceg-ertekelese\/#.VpwaadQrLIU\">A Plus500 br\u00f3kerc\u00e9g \u00e9rt\u00e9kel\u00e9se<\/a><\/strong><\/p>\n<p><strong><a href=\"https:\/\/choose-forex.com\/hu\/az-etoro-brokerceg-ertekelese\/#.VpwZ8dQrLIU\">Az eToro br\u00f3kerc\u00e9g \u00e9rt\u00e9kel\u00e9se<\/a><\/strong><\/p>\n<p><strong><a href=\"https:\/\/choose-forex.com\/hu\/easy-forex-brokerceg-ertekelese\/#.VpwZsdQrLIU\">Az Easy<\/a><\/strong><strong>\u00a0<\/strong><strong><a href=\"https:\/\/choose-forex.com\/hu\/easy-forex-brokerceg-ertekelese\/#.VpwZsdQrLIU\">Forex<\/a><a href=\"https:\/\/choose-forex.com\/hu\/easy-forex-brokerceg-ertekelese\/#.VpwZsdQrLIU\">\u00a0br\u00f3kerc\u00e9g \u00e9rt\u00e9kel\u00e9se<\/a><\/strong><\/p>\n<p><strong><a href=\"https:\/\/choose-forex.com\/hu\/2-a-broker-kivalasztasa\/alpari-brokerceg-ertekelese\/#.VpwZStQrLIU\">Az Alpari UK br\u00f3kerc\u00e9g \u00e9rt\u00e9kel\u00e9se<\/a><\/strong><\/p>\n<p><strong><a href=\"https:\/\/choose-forex.com\/hu\/a-markets-com-brokerceg-ertekelese\/#.VpwaS9QrLIU\">A Markets.com br\u00f3kerc\u00e9g \u00e9rt\u00e9kel\u00e9se<\/a><\/strong><\/p>\n<p><strong><a href=\"https:\/\/choose-forex.com\/hu\/2-a-broker-kivalasztasa\/az-avafx-brokerceg-ertekelese\/#.VpwZidQrLIU\">Az AVAFX br\u00f3kerc\u00e9g \u00e9rt\u00e9kel\u00e9se<\/a><\/strong><\/p>\n<p><strong><a href=\"https:\/\/choose-forex.com\/hu\/fxcm-broker-ertekelese\/#.VpwaH9QrLIU\">Az FXCM br\u00f3kerc\u00e9g \u00e9rt\u00e9kel\u00e9se<\/a><\/strong><\/p>\n<p style=\"margin-bottom: 0in;\">\n","protected":false},"excerpt":{"rendered":"<p>Az egyik legfontosabb dolog egy trader sz\u00e1m\u00e1ra, f\u00fcggetlen\u00fcl att\u00f3l, hogy mi\u00f3ta kereskedik, egy hiteles, becs\u00fcletes br\u00f3ker kiv\u00e1laszt\u00e1sa, aki kedvez\u0151 spreadeket k\u00edn\u00e1l \u00e9s megb\u00edzhat\u00f3an v\u00e9grehajtja az \u00fcgyleteket. M\u00e9g akkor is, ha&hellip;<\/p>\n","protected":false},"author":1,"featured_media":0,"parent":755,"menu_order":0,"comment_status":"open","ping_status":"open","template":"","meta":[],"tags":[683,1266,682],"_links":{"self":[{"href":"https:\/\/choose-forex.com\/hu\/wp-json\/wp\/v2\/pages\/553\/"}],"collection":[{"href":"https:\/\/choose-forex.com\/hu\/wp-json\/wp\/v2\/pages\/"}],"about":[{"href":"https:\/\/choose-forex.com\/hu\/wp-json\/wp\/v2\/types\/page\/"}],"author":[{"embeddable":true,"href":"https:\/\/choose-forex.com\/hu\/wp-json\/wp\/v2\/users\/1\/"}],"replies":[{"embeddable":true,"href":"https:\/\/choose-forex.com\/hu\/wp-json\/wp\/v2\/comments\/?post=553"}],"version-history":[{"count":5,"href":"https:\/\/choose-forex.com\/hu\/wp-json\/wp\/v2\/pages\/553\/revisions\/"}],"predecessor-version":[{"id":10493,"href":"https:\/\/choose-forex.com\/hu\/wp-json\/wp\/v2\/pages\/553\/revisions\/10493\/"}],"up":[{"embeddable":true,"href":"https:\/\/choose-forex.com\/hu\/wp-json\/wp\/v2\/pages\/755\/"}],"wp:attachment":[{"href":"https:\/\/choose-forex.com\/hu\/wp-json\/wp\/v2\/media\/?parent=553"}],"wp:term":[{"taxonomy":"post_tag","embeddable":true,"href":"https:\/\/choose-forex.com\/hu\/wp-json\/wp\/v2\/tags\/?post=553"}],"curies":[{"name":"wp","href":"https:\/\/api.w.org\/{rel}","templated":true}]}}