{"id":609,"date":"2012-05-16T16:54:35","date_gmt":"2012-05-16T16:54:35","guid":{"rendered":"http:\/\/wp1.choose-forex.com\/?p=609"},"modified":"2012-05-16T16:54:35","modified_gmt":"2012-05-16T16:54:35","slug":"a-plus500-brokerceg-ertekelese","status":"publish","type":"page","link":"https:\/\/choose-forex.com\/hu\/a-plus500-brokerceg-ertekelese\/","title":{"rendered":"A Plus500 Br\u00f3kerc\u00e9g \u00c9rt\u00e9kel\u00e9se"},"content":{"rendered":"\n<p><style type=\"text\/css\"><!--\n\t\t@page { margin: 0.79in }\n\t\tP { margin-bottom: 0.08in }\n\t\tA:link { so-language: zxx }\n\t--><![CDATA[\t]]>\n<!--\/*--><![CDATA[\/* ><!--*\/\n\n\n\/*--><!]]>*\/\n<\/style>\n<\/p>\n<p lang=\"hu-HU\" style=\"margin-bottom: 0in\" xml:lang=\"hu-HU\">A <strong><a href=\"http:\/\/bravafx.com\/article\/az-etoro-brokerceg-ertekelese#.Uf3_0qz7ZCN\" target=\"_blank\"><u>Plus500<\/u><\/a><\/strong> a londoni sz\u00e9khely\u0171 Plus500 Ltd tulajdona, a CFD piac egyik vezet\u0151 szolg\u00e1ltat\u00f3ja, j\u00f3 h\u00edrn\u00e9vnek \u00f6rvend a traderek k\u00f6z\u00f6tt, annak ellen\u00e9re, hogy viszonylag fiatal c\u00e9g.<\/p>\n<p lang=\"hu-HU\" style=\"margin-bottom: 0in\" xml:lang=\"hu-HU\">A <strong><u>Plus500<\/u><\/strong> \u00e1ll\u00edt\u00e1sa szerint 2011-ben m\u00e1r t\u00f6bb mint 1.000.000 tradert szolg\u00e1lt ki, ennek ellen\u00e9re honlapj\u00e1n nem tal\u00e1ltunk &#8220;live chat&#8221; gombot, csak az \u00fcgyf\u00e9lszolg\u00e1lat emailc\u00edm\u00e9t \u00e9s telefax-sz\u00e1m\u00e1t. Nos, ez semmik\u00e9ppen sem jelenti azt, hogy nem megb\u00edzhat\u00f3 br\u00f3ker, csak \u00fagy t\u0171nik, ha 1.000.000 \u00fcgyf\u00e9l r\u00e9sz\u00e9re nem biztos\u00edt \u00e9l\u0151 chat funkci\u00f3t, akkor az \u00fcgyfelek ig\u00e9nyei nem t\u00fal fontosak sz\u00e1m\u00e1ra. Vagy tal\u00e1n \u00fagy \u00e9rzik, hogy jobban seg\u00edthetnek az \u00fcgyf\u00e9lnek emailben.<\/p>\n<p lang=\"hu-HU\" style=\"margin-bottom: 0in;\" xml:lang=\"hu-HU\">A c\u00e9g k\u00f6nnyen haszn\u00e1lhat\u00f3 platformot k\u00edn\u00e1l \u00e9s sok eszk\u00f6zt forgalmaz, ide\u00e9rtve a <a href=\"http:\/\/bravafx.com\/article\/forex-kisszotar\">CFD<\/a>-ket, ETF-eket, <a href=\"http:\/\/bravafx.com\/article\/reszvenyek-vagy-kotvenyek\">r\u00e9szv\u00e9ny<\/a>eket, indexeket, nyersanyagokat \u00e9s term\u00e9szetesen a forexet. A r\u00f6gz\u00edtett spread b\u00e1rmilyen piaci k\u00f6rnyezetben hasznos a traderek sz\u00e1m\u00e1ra, m\u00e9g fontos h\u00edr \u00e9rkez\u00e9sekor sem n\u00f6velik meg.<\/p>\n<p lang=\"hu-HU\" style=\"margin-bottom: 0in\" xml:lang=\"hu-HU\">A <strong><a href=\"http:\/\/www.plus500.com\/\" target=\"_blank\"><u>Plus500<\/u><\/a><\/strong> magyarul is el\u00e9rhet\u0151, r\u00e1ad\u00e1sul magyar r\u00e9szv\u00e9nyekkel \u00e9s az USD\/HUF devizap\u00e1rral is kereskedhet\u00fcnk platformj\u00e1n.<\/p>\n<p lang=\"hu-HU\" style=\"margin-bottom: 0in\" xml:lang=\"hu-HU\">Befektet\u00e9si d\u00f6nt\u00e9s el\u0151tt tan\u00e1csos tesztelni \u0151ket, \u00e9s \u00e9rdemes kipr\u00f3b\u00e1lni a demo sz\u00e1ml\u00e1jukat.<\/p>\n<p lang=\"hu-HU\" style=\"margin-bottom: 0in\" xml:lang=\"hu-HU\"><strong><u>\u00c1ltal\u00e1nos adatok:<\/u><\/strong><\/p>\n<table cellpadding=\"2\" cellspacing=\"1\" width=\"384\">\n<colgroup>\n<col width=\"175\" \/><\/p>\n<col width=\"196\" \/><\/colgroup>\n<tbody>\n<tr>\n<td style=\"border-top: 1px double #808080; border-bottom: 1px double #808080; border-left: 1px double #808080; border-right: none; padding-top: 0.02in; padding-bottom: 0.02in; padding-left: 0.02in; padding-right: 0in\" width=\"175\">\n<p>A br\u00f3kerc\u00e9g sz\u00e9khelye:<\/p>\n<\/td>\n<td style=\"border: 1px double #808080; padding: 0.02in\" width=\"196\">\n<p>London, Egyes\u00fclt Kir\u00e1lys\u00e1g<\/p>\n<\/td>\n<\/tr>\n<tr>\n<td style=\"border-top: none; border-bottom: 1px double #808080; border-left: 1px double #808080; border-right: none; padding-top: 0in; padding-bottom: 0.02in; padding-left: 0.02in; padding-right: 0in\" width=\"175\">\n<p>Alap\u00edtva:<\/p>\n<\/td>\n<td style=\"border-top: none; border-bottom: 1px double #808080; border-left: 1px double #808080; border-right: 1px double #808080; padding-top: 0in; padding-bottom: 0.02in; padding-left: 0.02in; padding-right: 0.02in\" width=\"196\">\n<p>2008<\/p>\n<\/td>\n<\/tr>\n<tr>\n<td style=\"border-top: none; border-bottom: 1px double #808080; border-left: 1px double #808080; border-right: none; padding-top: 0in; padding-bottom: 0.02in; padding-left: 0.02in; padding-right: 0in\" width=\"175\">\n<p>Ellen\u0151rz\u0151 szervek:<\/p>\n<\/td>\n<td style=\"border-top: none; border-bottom: 1px double #808080; border-left: 1px double #808080; border-right: 1px double #808080; padding-top: 0in; padding-bottom: 0.02in; padding-left: 0.02in; padding-right: 0.02in\" width=\"196\">\n<p>UK: <strong><a href=\"http:\/\/www.fsa.gov.uk\/\" target=\"_blank\">FSA<\/a><\/strong> 509909 sz\u00e1m alatt<\/p>\n<\/td>\n<\/tr>\n<tr>\n<td style=\"border-top: none; border-bottom: 1px double #808080; border-left: 1px double #808080; border-right: none; padding-top: 0in; padding-bottom: 0.02in; padding-left: 0.02in; padding-right: 0in\" width=\"175\">\n<p>\u00dcgyf\u00e9lsz\u00e1ml\u00e1k elk\u00fcl\u00f6n\u00edt\u00e9se:<\/p>\n<\/td>\n<td style=\"border-top: none; border-bottom: 1px double #808080; border-left: 1px double #808080; border-right: 1px double #808080; padding-top: 0in; padding-bottom: 0.02in; padding-left: 0.02in; padding-right: 0.02in\" width=\"196\">\n<p>Igen<\/p>\n<\/td>\n<\/tr>\n<\/tbody>\n<\/table>\n<p><strong><u>Keresked\u00e9si felt\u00e9telek:<\/u><\/strong><\/p>\n<table cellpadding=\"2\" cellspacing=\"1\" width=\"538\">\n<colgroup>\n<col width=\"154\" \/><\/p>\n<col width=\"371\" \/><\/colgroup>\n<tbody>\n<tr>\n<td style=\"border-top: 1px double #808080; border-bottom: 1px double #808080; border-left: 1px double #808080; border-right: none; padding-top: 0.02in; padding-bottom: 0.02in; padding-left: 0.02in; padding-right: 0in\" width=\"154\">\n<p>Web platform<\/p>\n<\/td>\n<td style=\"border: 1px double #808080; padding: 0.02in\" width=\"371\">\n<p>Plus500 Web Trader<\/p>\n<\/td>\n<\/tr>\n<tr>\n<td style=\"border-top: none; border-bottom: 1px double #808080; border-left: 1px double #808080; border-right: none; padding-top: 0in; padding-bottom: 0.02in; padding-left: 0.02in; padding-right: 0in\" width=\"154\">\n<p>Let\u00f6lthet\u0151 platform<\/p>\n<\/td>\n<td style=\"border-top: none; border-bottom: 1px double #808080; border-left: 1px double #808080; border-right: 1px double #808080; padding-top: 0in; padding-bottom: 0.02in; padding-left: 0.02in; padding-right: 0.02in\" width=\"371\">\n<p>Plus500 keresked\u0151 szoftver<\/p>\n<\/td>\n<\/tr>\n<tr>\n<td style=\"border-top: none; border-bottom: 1px double #808080; border-left: 1px double #808080; border-right: none; padding-top: 0in; padding-bottom: 0.02in; padding-left: 0.02in; padding-right: 0in\" width=\"154\">\n<p>Spread<\/p>\n<\/td>\n<td style=\"border-top: none; border-bottom: 1px double #808080; border-left: 1px double #808080; border-right: 1px double #808080; padding-top: 0in; padding-bottom: 0.02in; padding-left: 0.02in; padding-right: 0.02in\" width=\"371\">\n<p>R\u00f6gz\u00edtett<\/p>\n<\/td>\n<\/tr>\n<tr>\n<td style=\"border-top: none; border-bottom: 1px double #808080; border-left: 1px double #808080; border-right: none; padding-top: 0in; padding-bottom: 0.02in; padding-left: 0.02in; padding-right: 0in\" width=\"154\">\n<p>Garant\u00e1lt stop loss<\/p>\n<\/td>\n<td style=\"border-top: none; border-bottom: 1px double #808080; border-left: 1px double #808080; border-right: 1px double #808080; padding-top: 0in; padding-bottom: 0.02in; padding-left: 0.02in; padding-right: 0.02in\" width=\"371\">\n<p>A megb\u00edz\u00e1sokat a lehet\u0151 legjobb \u00e1ron teljes\u00edtik.<\/p>\n<\/td>\n<\/tr>\n<tr>\n<td style=\"border-top: none; border-bottom: 1px double #808080; border-left: 1px double #808080; border-right: none; padding-top: 0in; padding-bottom: 0.02in; padding-left: 0.02in; padding-right: 0in\" width=\"154\">\n<p>K\u00f6vet\u0151 stop loss<\/p>\n<\/td>\n<td style=\"border-top: none; border-bottom: 1px double #808080; border-left: 1px double #808080; border-right: 1px double #808080; padding-top: 0in; padding-bottom: 0.02in; padding-left: 0.02in; padding-right: 0.02in\" width=\"371\">\n<p>Van<\/p>\n<\/td>\n<\/tr>\n<tr>\n<td style=\"border-top: none; border-bottom: 1px double #808080; border-left: 1px double #808080; border-right: none; padding-top: 0in; padding-bottom: 0.02in; padding-left: 0.02in; padding-right: 0in\" width=\"154\">\n<p>Skalpol\u00e1s<\/p>\n<\/td>\n<td style=\"border-top: none; border-bottom: 1px double #808080; border-left: 1px double #808080; border-right: 1px double #808080; padding-top: 0in; padding-bottom: 0.02in; padding-left: 0.02in; padding-right: 0.02in\" width=\"371\">\n<p>Megengedett<\/p>\n<\/td>\n<\/tr>\n<tr>\n<td style=\"border-top: none; border-bottom: 1px double #808080; border-left: 1px double #808080; border-right: none; padding-top: 0in; padding-bottom: 0.02in; padding-left: 0.02in; padding-right: 0in\" width=\"154\">\n<p>Demo sz\u00e1mla<\/p>\n<\/td>\n<td style=\"border-top: none; border-bottom: 1px double #808080; border-left: 1px double #808080; border-right: 1px double #808080; padding-top: 0in; padding-bottom: 0.02in; padding-left: 0.02in; padding-right: 0.02in\" width=\"371\">\n<p>Igen &#8211; <strong><a href=\"http:\/\/www.plus500.com\/StartTrading.aspx\" target=\"_blank\">Demo sz\u00e1mla nyit\u00e1sa<\/a><\/strong><\/p>\n<\/td>\n<\/tr>\n<tr>\n<td style=\"border-top: none; border-bottom: 1px double #808080; border-left: 1px double #808080; border-right: none; padding-top: 0in; padding-bottom: 0.02in; padding-left: 0.02in; padding-right: 0in\" width=\"154\">\n<p>\u00c9les sz\u00e1mlat\u00edpusok<\/p>\n<\/td>\n<td style=\"border-top: none; border-bottom: 1px double #808080; border-left: 1px double #808080; border-right: 1px double #808080; padding-top: 0in; padding-bottom: 0.02in; padding-left: 0.02in; padding-right: 0.02in\" width=\"371\">\n<p style=\"margin-bottom: 0.2in\">Minimum let\u00e9t &#8211; 60 USD<\/p>\n<p><strong><a href=\"http:\/\/www.plus500.com\/StartTrading.aspx\" target=\"_blank\">\u00c9les sz\u00e1mla nyit\u00e1sa<\/a><\/strong><\/p>\n<\/td>\n<\/tr>\n<\/tbody>\n<\/table>\n<p><style type=\"text\/css\"><!--\n\t\t@page { margin: 0.79in }\n\t\tP { margin-bottom: 0.08in }\n\t--><![CDATA[\t]]>\n<!--\/*--><![CDATA[\/* ><!--*\/\n\n\n\/*--><!]]>*\/\n<\/style>\n<\/p>\n<p><strong>A Plus500 \u00e9rt\u00e9kel\u00e9se: 2\/5<\/strong><\/p>\n<p>\u00a0<\/p>\n<p><a href=\"\/sites\/default\/files\/u46\/newpicture36.jpg\" data-rel=\"penci-gallery-image-content\"  target=\"_blank\"><img alt=\"Plus500 Br\u00f3kerc\u00e9g \u00c9rt\u00e9kel\u00e9se\" src=\"\/sites\/default\/files\/u46\/newpicture36.jpg\" style=\"width: 500px; height: 400px; border-width: 12px; border-style: solid; float: left;\" \/><\/a><\/p>\n<p>\u00a0<\/p>\n<p>\u00a0<\/p>\n<p>\u00a0<\/p>\n<p>\u00a0<\/p>\n<p>\u00a0<\/p>\n<p>\u00a0<\/p>\n<p>\u00a0<\/p>\n<p>\u00a0<\/p>\n<p>\u00a0<\/p>\n<p>\u00a0<\/p>\n<p>\u00a0<\/p>\n<p>\u00a0<\/p>\n<p>\u00a0<\/p>\n<p>\u00a0<\/p>\n<p>\u00a0<\/p>\n<p>\u00a0<\/p>\n<p><!-- AddThis Button BEGIN --><\/p>\n<div class=\"addthis_toolbox addthis_default_style \">\n\t\u00a0<\/div>\n<p><script type=\"text\/javascript\">\n<!--\/\/--><![CDATA[\/\/ ><!--\nvar addthis_config = {\"data_track_addressbar\":true};\n\/\/--><!]]>\n<\/script><script type=\"text\/javascript\" src=\"http:\/\/s7.addthis.com\/js\/250\/addthis_widget.js#pubid=ra-4f8cf2685b632727\"><\/script><!-- AddThis Button END --><\/p>\n","protected":false},"excerpt":{"rendered":"<p>A Plus500 a londoni sz\u00e9khely\u0171 Plus500 Ltd tulajdona, a CFD piac egyik vezet\u0151 szolg\u00e1ltat\u00f3ja, j\u00f3 h\u00edrn\u00e9vnek \u00f6rvend a traderek k\u00f6z\u00f6tt, annak ellen\u00e9re, hogy viszonylag fiatal c\u00e9g. A Plus500 \u00e1ll\u00edt\u00e1sa szerint&hellip;<\/p>\n","protected":false},"author":1,"featured_media":0,"parent":0,"menu_order":0,"comment_status":"open","ping_status":"open","template":"","meta":[],"tags":[684,752,753,751],"_links":{"self":[{"href":"https:\/\/choose-forex.com\/hu\/wp-json\/wp\/v2\/pages\/609\/"}],"collection":[{"href":"https:\/\/choose-forex.com\/hu\/wp-json\/wp\/v2\/pages\/"}],"about":[{"href":"https:\/\/choose-forex.com\/hu\/wp-json\/wp\/v2\/types\/page\/"}],"author":[{"embeddable":true,"href":"https:\/\/choose-forex.com\/hu\/wp-json\/wp\/v2\/users\/1\/"}],"replies":[{"embeddable":true,"href":"https:\/\/choose-forex.com\/hu\/wp-json\/wp\/v2\/comments\/?post=609"}],"version-history":[{"count":0,"href":"https:\/\/choose-forex.com\/hu\/wp-json\/wp\/v2\/pages\/609\/revisions\/"}],"wp:attachment":[{"href":"https:\/\/choose-forex.com\/hu\/wp-json\/wp\/v2\/media\/?parent=609"}],"wp:term":[{"taxonomy":"post_tag","embeddable":true,"href":"https:\/\/choose-forex.com\/hu\/wp-json\/wp\/v2\/tags\/?post=609"}],"curies":[{"name":"wp","href":"https:\/\/api.w.org\/{rel}","templated":true}]}}