{"id":610,"date":"2012-05-16T16:12:45","date_gmt":"2012-05-16T16:12:45","guid":{"rendered":"http:\/\/wp1.choose-forex.com\/?p=610"},"modified":"2016-06-23T06:55:14","modified_gmt":"2016-06-23T06:55:14","slug":"az-etoro-brokerceg-ertekelese","status":"publish","type":"page","link":"https:\/\/choose-forex.com\/hu\/az-etoro-brokerceg-ertekelese\/","title":{"rendered":"eToro Br\u00f3kerc\u00e9g \u00c9rt\u00e9kel\u00e9se"},"content":{"rendered":"<p style=\"text-align: justify;\"><strong>eToro br\u00f3kerc\u00e9g<\/strong> egy\u00e9rtelm\u0171en r\u00e1nyomta b\u00e9lyeg\u00e9t a keresked\u00e9si platformok m\u0171k\u00f6d\u00e9s\u00e9re. Az\u00a0eToro keresked\u0151k nem csup\u00e1n\u00a0apr\u00f3 fogaskerekek az eToro forex keresked\u00e9si g\u00e9pezet\u00e9ben, hanem \u0151k a nagybet\u0171s internetes <em>eToro \u00e1szok<\/em>. Ami\u00f3ta a szab\u00e1lyoz\u00e1s a devizakereskedelemben enyh\u00e9bb form\u00e1t vett fel, az interneten kereszt\u00fcl keresked\u0151k sz\u00e1ma nem l\u00e1tott m\u00e9rt\u00e9kben megugrott, \u00e9s mindek\u00f6zben <strong>az eToro k\u00e9pes volt meg\u0151rizni saj\u00e1tos keresked\u00e9si arculat\u00e1t a forradalmi k\u00f6z\u00f6ss\u00e9gi keresked\u00e9ssel<\/strong>.\u00a02010 -et megel\u0151z\u0151en nem volt olyan keresked\u0151, aki k\u00e9pes volt lem\u00e1solni egy sikeres keresked\u00e9si strat\u00e9gi\u00e1t, k\u00fcl\u00f6n\u00f6sen p\u00e9nz\u00fcgyi h\u00e1tt\u00e9rtud\u00e1s n\u00e9lk\u00fcl. Az \u00e9rt\u00e9kel\u00e9s\u00fcnkben kit\u00e9r\u00fcnk a c\u00e9g forradalmi piaci hozz\u00e1ll\u00e1s\u00e1ra, t\u00f6rt\u00e9net\u00e9re, valamint \u00edrunk a platformr\u00f3l mag\u00e1r\u00f3l: hogyan lehet regisztr\u00e1lni, dem\u00f3 sz\u00e1ml\u00e1t nyitni, \u00e9l\u0151 sz\u00e1ml\u00e1val kereskedni.<\/p>\n<p style=\"text-align: justify;\"><a href=\"http:\/\/choose-forex.com\/wp-content\/uploads\/2012\/05\/eToro.png\" data-rel=\"penci-gallery-image-content\" ><img loading=\"lazy\" class=\"aligncenter wp-image-8738\" src=\"http:\/\/choose-forex.com\/wp-content\/uploads\/2012\/05\/eToro-1024x507.png\" alt=\"eToro, eToro br\u00f3kerc\u00e9g\" width=\"723\" height=\"358\" srcset=\"https:\/\/choose-forex.com\/wp-content\/uploads\/2012\/05\/eToro-1024x507.png 1024w, https:\/\/choose-forex.com\/wp-content\/uploads\/2012\/05\/eToro-300x149.png 300w, https:\/\/choose-forex.com\/wp-content\/uploads\/2012\/05\/eToro-768x381.png 768w, https:\/\/choose-forex.com\/wp-content\/uploads\/2012\/05\/eToro-250x124.png 250w, https:\/\/choose-forex.com\/wp-content\/uploads\/2012\/05\/eToro-150x74.png 150w, https:\/\/choose-forex.com\/wp-content\/uploads\/2012\/05\/eToro.png 1338w\" sizes=\"(max-width: 723px) 100vw, 723px\" \/><\/a><\/p>\n<p style=\"text-align: justify;\">Az eToro webkeresked\u0151\u00a0br\u00f3kerszolg\u00e1ltat\u00e1sait egy ciprusi befektet\u00e9si v\u00e1llalkoz\u00e1s, a Retail FX Ltd ny\u00fajtja az \u201eeToro\u201d m\u00e1rkan\u00e9v alatt m\u0171k\u00f6dve. T\u00e1vol-keleti \u00fcgyfelek az IC Markets Ltd. c\u00e9gen kereszt\u00fcl kereskedhetnek az\u00a0eToro\u00a0platformon. Az Ausztr\u00e1li\u00e1ban bejegyzett p\u00e9nz\u00fcgyi szolg\u00e1ltat\u00f3 c\u00e9g az ASIC ellen\u0151rz\u00e9se alatt \u00e1ll, AFSL enged\u00e9ly\u00e9nek sz\u00e1ma 335.692.<\/p>\n<h2 style=\"text-align: center;\"><strong>eToro br\u00f3kerc\u00e9g keresked\u00e9si sz\u00e1mla t\u00edpusai<\/strong><\/h2>\n<p style=\"text-align: justify;\">Egy eToro br\u00f3kerc\u00e9g nem lehet teljes an\u00e9lk\u00fcl, hogy ne t\u00e9rn\u00e9nk ki a k\u00edn\u00e1lt keresked\u00e9si sz\u00e1mla t\u00edpusokra. Akik \u00fagy d\u00f6ntenek, hogy v\u00e9gigk\u00fczdik maguk az egy\u00e9bk\u00e9nt egyszer\u0171 \u00e9s gyors eToro regisztr\u00e1ci\u00f3n, azok <strong>k\u00e9t sz\u00e1mla t\u00edpus k\u00f6z\u00fcl v\u00e1laszthatnak: hagyom\u00e1nyos \u00e9s Iszl\u00e1m.\u00a0<\/strong>A hagyom\u00e1nyos sz\u00e1mla el\u00e9gg\u00e9 egy\u00e9rtelm\u0171 \u00e9s teljes, korl\u00e1tmentes hozz\u00e1f\u00e9r\u00e9st k\u00edn\u00e1l minden keresked\u00e9si instrumentumhoz, amit az eToro webkeresked\u0151 a tarsoly\u00e1ban tartogat. A minimum let\u00e9t a sz\u00e1mlanyit\u00e1shoz 50$ \u00e9s fizet\u00e9si opci\u00f3k hada \u00e1ll rendelkez\u00e9sre az els\u0151 let\u00e9t elhelyez\u00e9s\u00e9hez a keresked\u00e9si sz\u00e1ml\u00e1n: bankk\u00e1rtya \u00e9s banki \u00e1tutal\u00e1s mellett, a platform t\u00e1mogatja a MoneyGram, WebMoney, Neteller \u00e9s PayPal -os utal\u00e1st, Skrill sajnos nincs az opci\u00f3k k\u00f6z\u00f6tt.<\/p>\n<p style=\"text-align: justify;\">A p\u00e9nzfelv\u00e9tel a keresked\u00e9si sz\u00e1ml\u00e1r\u00f3l szint\u00fagy egyszer\u0171, miut\u00e1n a sz\u00e1mla adatait ellen\u0151rizt\u00e9k a br\u00f3kerc\u00e9gn\u00e9l. Ugyanakkor van p\u00e1r kond\u00edci\u00f3, amit \u00e9rdemes \u00e9szben tartani: nincs kifizet\u00e9s 20$ alatt, a p\u00e9nzfelv\u00e9teli k\u00e9relem \u00e9s a tranzakci\u00f3 5 munkanapot ig\u00e9nyel, \u00e9s a leh\u00edv\u00e1s d\u00edjk\u00f6teles, amelynek maxim\u00e1lis \u00f6sszege 25$ (att\u00f3l f\u00fcgg\u0151en mekkora a leh\u00edvott \u00f6sszeg). Term\u00e9szetesen akik az Iszl\u00e1m s\u00e1ria jogrendszer szerint \u00e9lik mindennapjait, d\u00f6nthetnek \u00fagy, hogy Iszl\u00e1m keresked\u00e9si sz\u00e1ml\u00e1t nyitnak. Az \u00e1ltal\u00e1nos keresked\u00e9si elvek ugyanazok, b\u00e1r van egy-k\u00e9t saj\u00e1toss\u00e1ga az Iszl\u00e1m vall\u00e1s\u00faaknak aj\u00e1nlott keresked\u00e9si sz\u00e1ml\u00e1nak. Az egyik, hogy <strong>nincsenek jutal\u00e9kok \u00e9s kamatok<\/strong>, mivel azok s\u00e9rtik az Iszl\u00e1m vall\u00e1s t\u00f6rv\u00e9nykez\u00e9seit.\u00a0Ez azt is jelenti, hogy a kezd\u0151 let\u00e9tnek magasabbnak kell lennie, hogy a k\u00f6lts\u00e9geket fedezni lehessen, ez\u00e9rt az Iszl\u00e1m keresked\u00e9si sz\u00e1mla minim\u00e1lis nyit\u00f3 let\u00e9tje 1000$.<\/p>\n<p style=\"text-align: justify;\">Egy m\u00e1sik kellemes szegmense <strong>az eToro br\u00f3kerc\u00e9g webkeresked\u0151 platformj\u00e1nak a dem\u00f3 sz\u00e1mla<\/strong>. Azok, akik nem szeretn\u00e9nek r\u00f6gvest a m\u00e9lyv\u00edzbe ugrani \u00e9l\u0151 sz\u00e1ml\u00e1val, felt\u00e9tlen pr\u00f3b\u00e1lj\u00e1k ki magukat az oktat\u00e1si mell\u00e9klet\u00e9n a platformnak, ingyenes \u00e9s nem ig\u00e9nyel k\u00fcl\u00f6n\u00f6sebb elk\u00f6telezetts\u00e9get. Az eToro dem\u00f3 sz\u00e1mla 10 000$ virtu\u00e1lis p\u00e9nzzel indul, amely szabadon haszn\u00e1lhat\u00f3 keresked\u00e9sre. Sajnos a keresked\u00e9s v\u00e9g\u00e9n nem lehet a profitot val\u00f3di p\u00e9nzre v\u00e1ltani, de aki \u00e9lesben szeretn\u00e9 kipr\u00f3b\u00e1lni mag\u00e1t, azoknak adott az \u00e9l\u0151 sz\u00e1mla is.<\/p>\n<p style=\"text-align: justify;\"><a href=\"https:\/\/www.etoro.com\/#signup\" rel=\"attachment wp-att-6628\"><img loading=\"lazy\" class=\"aligncenter size-full wp-image-6628\" src=\"http:\/\/choose-forex.com\/wp-content\/uploads\/2012\/05\/Etoro-webtrader-account.png\" alt=\"How to open Etoro webtrader account\" width=\"250\" height=\"100\" srcset=\"https:\/\/choose-forex.com\/wp-content\/uploads\/2012\/05\/Etoro-webtrader-account.png 250w, https:\/\/choose-forex.com\/wp-content\/uploads\/2012\/05\/Etoro-webtrader-account-150x60.png 150w\" sizes=\"(max-width: 250px) 100vw, 250px\" \/><\/a><\/p>\n<h2 style=\"text-align: center;\"><strong>eToro webkeresked\u0151 jutal\u00e9kok \u00e9s spread-ek<\/strong><\/h2>\n<p style=\"text-align: justify;\"><strong>Az eToro webkeresked\u0151 nem hisz a jutal\u00e9kokban, de ann\u00e1l ink\u00e1bb a spread-ekben.\u00a0<\/strong>Ez\u00e9rt \u00e9szlelhet\u0151, hogy a br\u00f3kerc\u00e9gn\u00e9l a spread-ek magasabbak \u00e9s 1 pip a bitcoin \u00fcgyletekn\u00e9l, 2 pip az USD\/JPY tranzakci\u00f3kn\u00e1l \u00e9s 3 minden nagyobb devizap\u00e1r eset\u00e9n.\u00a0Ezek term\u00e9szetesen a minimum spread-ek \u00e9s v\u00e1ltoztat\u00e1s t\u00e1rgy\u00e1t k\u00e9pezik, ha a piaci k\u00f6rnyezet \u00fagy dikt\u00e1lja. Az egzotikusabb deviz\u00e1kn\u00e1l a spread nagys\u00e1ga j\u00f3val magasabb \u00e9s n\u00e9ha el\u00e9ri a 14 pipet. <strong>Az 1:400 t\u0151ke\u00e1tt\u00e9tel viszonylag szabv\u00e1nynak tekinthet\u0151 a piacon.<\/strong><\/p>\n<h2 style=\"text-align: center;\"><strong>eToro webkeresked\u0151 platform<\/strong><\/h2>\n<p style=\"text-align: justify;\">Az\u00a0eToro k\u00fcl\u00f6nleges\u00a0keresked\u00e9si m\u00f3dszert aj\u00e1nl, amelyet a szakm\u00e1ban <strong>k\u00f6z\u00f6ss\u00e9gi keresked\u00e9snek<\/strong>\u00a0neveznek. \u00dagy v\u00e9lik, ez a p\u00e9nz\u00fcgyi befektet\u00e9s egyik lehets\u00e9ges j\u00f6v\u0151beli kit\u00f6r\u00e9si pontja. Az OpenBook platformjuk siker\u00e9nek titka, hogy a felhaszn\u00e1l\u00f3k k\u00e9pesek sikerese keresked\u00e9si strat\u00e9gi\u00e1kat m\u00e1solni\u00a0\u00e9s ez volt, ami magasabb\u00a0szintre\u00a0emelte az FX keresked\u00e9st napjainkra. Egyben a versenyt\u00e1rsakt\u00f3l\u00a0is megk\u00fcl\u00f6nb\u00f6zteti az eToro br\u00f3kerc\u00e9get \u00e9s sokuk szem\u00e9rmetlen\u00fcl lekoppintota innovat\u00edv megold\u00e1sukat.<\/p>\n<p><iframe loading=\"lazy\" src=\"https:\/\/www.youtube.com\/embed\/cBpbs6ONgXA\" width=\"854\" height=\"480\" frameborder=\"0\" allowfullscreen=\"allowfullscreen\"><\/iframe><\/p>\n<p style=\"text-align: justify;\">Innov\u00e1tork\u00e9nt azonban az eToro br\u00f3kerc\u00e9g nem pihen a bab\u00e9rjain \u00e9s \u00faj magaslatokba t\u00f6r. A webkeresked\u0151 \u00faj platformot dobott piacra az eToro WebTrader \u00e9s eToro OpenBook mellett, amely nem m\u00e1s, mint <strong>az eToro mobilos alkalmaz\u00e1sa, a Mobile Trader<\/strong>. Az OpenBook platformon a keresked\u0151k kapcsolatba l\u00e9phetnek egym\u00e1ssal, hasonl\u00f3an a k\u00f6z\u00f6ss\u00e9gi m\u00e9di\u00e1hoz \u00e9s figyelhetik egym\u00e1st keresked\u00e9s\u00e9t. A &#8220;Copy Trader&#8221;, azaz a keresked\u0151k m\u00e1sol\u00e1sa tov\u00e1bbra is el\u00e9rhet\u0151 az egy\u00e9nileg meghat\u00e1rozott param\u00e9terek keret\u00e9ben. Ez az opci\u00f3 nem teljesen kock\u00e1zatmentes, k\u00fcl\u00f6n\u00f6sen akkor, ha a m\u00e1solt keresked\u0151 bakl\u00f6v\u00e9st k\u00f6vet el a piacokon, amelynek az eredm\u00e9nye vesztes\u00e9g. Nem \u00e1rt alaposan megvizsg\u00e1lni, kit is m\u00e1soljunk keresked\u00e9skor.<\/p>\n<p style=\"text-align: justify;\">Ami\u00a0<strong>megk\u00f6l\u00fcnb\u00f6zteti az eToro br\u00f3kerc\u00e9g WebTrader platformj\u00e1t, az a keresked\u00e9s elemz\u00e9sekre fektetett hangs\u00faly, valamint, hogy k\u00f6nnyen szinkroniz\u00e1lhat\u00f3 az OpenBook platformmal<\/strong>, ami exponenci\u00e1lisan megn\u00f6veli hat\u00e9konys\u00e1g\u00e1t. V\u00e9gezet\u00fcl az eToro Mobile Trader applik\u00e1ci\u00f3ja az okostelefonok szoci\u00e1lis m\u00e9di\u00e1k feletti befoly\u00e1s\u00e1t ragadja meg, mik\u00f6zben \u00a0felruh\u00e1zza a keresked\u0151ket a mobilit\u00e1s tulajdons\u00e1g\u00e1val. A leg\u00fajabb b\u0151v\u00edt\u00e9sben \u00e1rukat \u00e9s r\u00e9szv\u00e9nyeket adtak a p\u00e9nz\u00fcgyi instrumentumok m\u00e1r egy\u00e9bk\u00e9nt is sz\u00e9les t\u00e1rh\u00e1z\u00e1hoz. Az \u00fcgyf\u00e9lt\u00e1mogat\u00e1s a nap 24 \u00f3r\u00e1j\u00e1ban el\u00e9rhet\u0151 chates, telefonos \u00e9s e-mail form\u00e1ban.<\/p>\n<h2 style=\"text-align: center;\"><strong>Az eToro br\u00f3kerc\u00e9g \u00e9rt\u00e9kel\u00e9s \u00f6sszegz\u00e9se<\/strong><\/h2>\n<p style=\"text-align: justify;\">Az eToro webes keresked\u00e9si platformj\u00e1nak er\u0151ss\u00e9ge, hogy maxim\u00e1lisan a kezd\u0151k \u00e9rdekeit helyezi el\u0151t\u00e9rbe, amit mi sem bizony\u00edt jobban mint a felhaszn\u00e1l\u00f3bar\u00e1t, de n\u00e9ha merev platformok, amelyek val\u00f3ban hat\u00e9konyak \u00e9s \u00e1tl\u00e1that\u00f3ak a kezd\u0151knek. A tapasztaltabb keresked\u0151k viszont jobb ha m\u00e1s platform ut\u00e1n n\u00e9znek. Ugyankkor ne t\u00e9vesszen meg senkit, az eToro br\u00f3kerc\u00e9g els\u0151 oszt\u00e1ly\u00fa br\u00f3ker, szuper tanul\u00e1si g\u00f6rb\u00e9vel, sokoldal\u00fa sz\u00e1mla t\u00edpusokkal. Mellesleg, a br\u00f3ker m\u00e1r egyzser t\u00f6rt\u00e9nelmet \u00edrt, ne gondoljuk azt, hogy ez volt az utols\u00f3 alkalom.<\/p>\n<p style=\"margin-bottom: 0in;\"><strong><span lang=\"hu-HU\" xml:lang=\"hu-HU\"><u>\u00c1ltal\u00e1nos adatok:<\/u><\/span><\/strong><\/p>\n<table width=\"428\" cellspacing=\"1\" cellpadding=\"2\">\n<colgroup>\n<col width=\"175\" \/>\n<col width=\"240\" \/><\/colgroup>\n<tbody>\n<tr>\n<td style=\"border-top: 1px double #808080; border-bottom: 1px double #808080; border-left: 1px double #808080; border-right: none; padding: 0.02in 0in 0.02in 0.02in;\" width=\"175\">A br\u00f3kerc\u00e9g sz\u00e9khelye:<\/td>\n<td style=\"border: 1px double #808080; padding: 0.02in;\" width=\"240\">Ciprus<\/td>\n<\/tr>\n<tr>\n<td style=\"border-top: none; border-bottom: 1px double #808080; border-left: 1px double #808080; border-right: none; padding: 0in 0in 0.02in 0.02in;\" width=\"175\">Tov\u00e1bbi irod\u00e1i:<\/td>\n<td style=\"border-top: none; border-bottom: 1px double #808080; border-left: 1px double #808080; border-right: 1px double #808080; padding: 0in 0.02in 0.02in 0.02in;\" width=\"240\">Sydney &#8211; Ausztr\u00e1lia, New York &#8211; USA<\/td>\n<\/tr>\n<tr>\n<td style=\"border-top: none; border-bottom: 1px double #808080; border-left: 1px double #808080; border-right: none; padding: 0in 0in 0.02in 0.02in;\" width=\"175\">Alap\u00edtva:<\/td>\n<td style=\"border-top: none; border-bottom: 1px double #808080; border-left: 1px double #808080; border-right: 1px double #808080; padding: 0in 0.02in 0.02in 0.02in;\" width=\"240\">2007<\/td>\n<\/tr>\n<tr>\n<td style=\"border-top: none; border-bottom: 1px double #808080; border-left: 1px double #808080; border-right: none; padding: 0in 0in 0.02in 0.02in;\" width=\"175\">Ellen\u0151rz\u0151 szervek:<\/td>\n<td style=\"border-top: none; border-bottom: 1px double #808080; border-left: 1px double #808080; border-right: 1px double #808080; padding: 0in 0.02in 0.02in 0.02in;\" width=\"240\">\n<p style=\"margin-bottom: 0.2in;\">Ciprus: CySEC &#8211; 109\/10<\/p>\n<p style=\"margin-bottom: 0.2in;\">USA: NFA (0382918 eToro USA)<\/p>\n<p>Ausztr\u00e1lia: AFSL 335692.<\/td>\n<\/tr>\n<tr>\n<td style=\"border-top: none; border-bottom: 1px double #808080; border-left: 1px double #808080; border-right: none; padding: 0in 0in 0.02in 0.02in;\" width=\"175\">\u00dcgyf\u00e9lsz\u00e1ml\u00e1k elk\u00fcl\u00f6n\u00edt\u00e9se:<\/td>\n<td style=\"border-top: none; border-bottom: 1px double #808080; border-left: 1px double #808080; border-right: 1px double #808080; padding: 0in 0.02in 0.02in 0.02in;\" width=\"240\">Igen<\/td>\n<\/tr>\n<tr>\n<td style=\"border-top: none; border-bottom: 1px double #808080; border-left: 1px double #808080; border-right: none; padding: 0in 0in 0.02in 0.02in;\" width=\"175\">Fogad US tradereket:<\/td>\n<td style=\"border-top: none; border-bottom: 1px double #808080; border-left: 1px double #808080; border-right: 1px double #808080; padding: 0in 0.02in 0.02in 0.02in;\" width=\"240\">Igen (eToro USA)<\/td>\n<\/tr>\n<\/tbody>\n<\/table>\n<p><strong><u>Keresked\u00e9si felt\u00e9telek:<\/u><\/strong><\/p>\n<table style=\"page-break-before: auto; page-break-after: auto; page-break-inside: auto;\" width=\"643\" cellspacing=\"1\" cellpadding=\"2\">\n<colgroup>\n<col width=\"136\" \/>\n<col width=\"493\" \/><\/colgroup>\n<tbody>\n<tr style=\"height: 22px;\">\n<td style=\"border-top-width: 1px; border-style: double none double double; border-top-color: #808080; border-bottom-width: 1px; border-bottom-color: #808080; border-left-width: 1px; border-left-color: #808080; padding: 0.02in 0in 0.02in 0.02in; height: 22px;\" width=\"136\">Web platform<\/td>\n<td style=\"border: 1px double #808080; padding: 0.02in; height: 22px;\" width=\"493\">eToro Web Trader<\/td>\n<\/tr>\n<tr style=\"height: 106px;\">\n<td style=\"border-style: none none double double; border-bottom-width: 1px; border-bottom-color: #808080; border-left-width: 1px; border-left-color: #808080; padding: 0in 0in 0.02in 0.02in; height: 106px;\" width=\"136\">Let\u00f6lthet\u0151 platform<\/td>\n<td style=\"border-style: none double double; border-bottom-width: 1px; border-bottom-color: #808080; border-left-width: 1px; border-left-color: #808080; border-right-width: 1px; border-right-color: #808080; padding: 0in 0.02in 0.02in; height: 106px;\" width=\"493\">\n<p style=\"margin-bottom: 0.2in;\">eToro Open Book<\/p>\n<p>MT4 &#8220;kiv\u00e1lasztott \u00fcgyfelek&#8221; sz\u00e1m\u00e1ra<\/td>\n<\/tr>\n<tr style=\"height: 23px;\">\n<td style=\"border-style: none none double double; border-bottom-width: 1px; border-bottom-color: #808080; border-left-width: 1px; border-left-color: #808080; padding: 0in 0in 0.02in 0.02in; height: 23px;\" width=\"136\">Spread<\/td>\n<td style=\"border-style: none double double; border-bottom-width: 1px; border-bottom-color: #808080; border-left-width: 1px; border-left-color: #808080; border-right-width: 1px; border-right-color: #808080; padding: 0in 0.02in 0.02in; height: 23px;\" width=\"493\">R\u00f6gz\u00edtett<\/td>\n<\/tr>\n<tr style=\"height: 23px;\">\n<td style=\"border-style: none none double double; border-bottom-width: 1px; border-bottom-color: #808080; border-left-width: 1px; border-left-color: #808080; padding: 0in 0in 0.02in 0.02in; height: 23px;\" width=\"136\">Garant\u00e1lt stop loss<\/td>\n<td style=\"border-style: none double double; border-bottom-width: 1px; border-bottom-color: #808080; border-left-width: 1px; border-left-color: #808080; border-right-width: 1px; border-right-color: #808080; padding: 0in 0.02in 0.02in; height: 23px;\" width=\"493\">Igen<\/td>\n<\/tr>\n<tr style=\"height: 23px;\">\n<td style=\"border-style: none none double double; border-bottom-width: 1px; border-bottom-color: #808080; border-left-width: 1px; border-left-color: #808080; padding: 0in 0in 0.02in 0.02in; height: 23px;\" width=\"136\">K\u00f6vet\u0151 stop loss<\/td>\n<td style=\"border-style: none double double; border-bottom-width: 1px; border-bottom-color: #808080; border-left-width: 1px; border-left-color: #808080; border-right-width: 1px; border-right-color: #808080; padding: 0in 0.02in 0.02in; height: 23px;\" width=\"493\">Nincs<\/td>\n<\/tr>\n<tr style=\"height: 23.9688px;\">\n<td style=\"border-style: none none double double; border-bottom-width: 1px; border-bottom-color: #808080; border-left-width: 1px; border-left-color: #808080; padding: 0in 0in 0.02in 0.02in; height: 23.9688px;\" width=\"136\">Skalpol\u00e1s<\/td>\n<td style=\"border-style: none double double; border-bottom-width: 1px; border-bottom-color: #808080; border-left-width: 1px; border-left-color: #808080; border-right-width: 1px; border-right-color: #808080; padding: 0in 0.02in 0.02in; height: 23.9688px;\" width=\"493\">Nem megengedett<\/td>\n<\/tr>\n<tr style=\"height: 23px;\">\n<td style=\"border-style: none none double double; border-bottom-width: 1px; border-bottom-color: #808080; border-left-width: 1px; border-left-color: #808080; padding: 0in 0in 0.02in 0.02in; height: 23px;\" width=\"136\">Hedge<\/td>\n<td style=\"border-style: none double double; border-bottom-width: 1px; border-bottom-color: #808080; border-left-width: 1px; border-left-color: #808080; border-right-width: 1px; border-right-color: #808080; padding: 0in 0.02in 0.02in; height: 23px;\" width=\"493\">Megengedett<\/td>\n<\/tr>\n<tr style=\"height: 23px;\">\n<td style=\"border-style: none none double double; border-bottom-width: 1px; border-bottom-color: #808080; border-left-width: 1px; border-left-color: #808080; padding: 0in 0in 0.02in 0.02in; height: 23px;\" width=\"136\">OCO megb\u00edz\u00e1sok<\/td>\n<td style=\"border-style: none double double; border-bottom-width: 1px; border-bottom-color: #808080; border-left-width: 1px; border-left-color: #808080; border-right-width: 1px; border-right-color: #808080; padding: 0in 0.02in 0.02in; height: 23px;\" width=\"493\">Nincs<\/td>\n<\/tr>\n<tr style=\"height: 23px;\">\n<td style=\"border-style: none none double double; border-bottom-width: 1px; border-bottom-color: #808080; border-left-width: 1px; border-left-color: #808080; padding: 0in 0in 0.02in 0.02in; height: 23px;\" width=\"136\">Demo sz\u00e1mla<\/td>\n<td style=\"border-style: none double double; border-bottom-width: 1px; border-bottom-color: #808080; border-left-width: 1px; border-left-color: #808080; border-right-width: 1px; border-right-color: #808080; padding: 0in 0.02in 0.02in; height: 23px;\" width=\"493\">Igen &#8211; <strong><a href=\"http:\/\/openbook.etoro.com\/?ref=hp_bannerbtn&amp;dl=30000030#\/main\/\" target=\"_blank\">Demo sz\u00e1mla nyit\u00e1sa<\/a><\/strong><\/td>\n<\/tr>\n<tr style=\"height: 173px;\">\n<td style=\"border-style: none none double double; border-bottom-width: 1px; border-bottom-color: #808080; border-left-width: 1px; border-left-color: #808080; padding: 0in 0in 0.02in 0.02in; height: 173px;\" width=\"136\">\n<p style=\"margin-bottom: 0.2in;\">\u00c9l\u0151 sz\u00e1mlat\u00edpusok<\/p>\n<\/td>\n<td style=\"border-style: none double double; border-bottom-width: 1px; border-bottom-color: #808080; border-left-width: 1px; border-left-color: #808080; border-right-width: 1px; border-right-color: #808080; padding: 0in 0.02in 0.02in; height: 173px;\" width=\"493\">\n<p style=\"margin-bottom: 0.2in;\">Minimum let\u00e9t 50 USD.<\/p>\n<p style=\"margin-bottom: 0.2in;\">A sz\u00e1mla a keresked\u00e9sre haszn\u00e1lt \u00f6sszegt\u0151l f\u00fcgg\u0151en ker\u00fcl besorol\u00e1sra \u00e9s emelkedhet felfel\u00e9 bronz, ez\u00fcst, arany \u00e9s v\u00e9g\u00fcl VIP kateg\u00f3ri\u00e1ba.<\/p>\n<p><strong><a href=\"http:\/\/openbook.etoro.com\/?ref=hp_bannerbtn&amp;__utma=160877033.584161225.1336481161.1336489630.1336492252.3&amp;__utmb=160877033.2.10.1336492252&amp;__utmc=160877033&amp;__utmx=-&amp;__utmz=160877033.1336492252.3.3.utmcsr=choose-forex.com%7Cutmccn=%28referral%29%7Cutmcmd=referral%7Cutmcct=\/article\/etoro-review&amp;__utmv=-&amp;__utmk=53963944#\/main\/&amp;dl=30000027\" target=\"_blank\">\u00c9les sz\u00e1mla nyit\u00e1sa<\/a><\/strong><\/td>\n<\/tr>\n<\/tbody>\n<\/table>\n<h2 style=\"text-align: center;\"><strong>Az eToro br\u00f3kerc\u00e9g \u00e9rt\u00e9kel\u00e9se: 4\/5<\/strong><\/h2>\n<p><a href=\"http:\/\/choose-forex.com\/wp-content\/uploads\/2012\/05\/0ad8ee4fb22fe24b89039afc3bcbf58b-1.jpg\" data-rel=\"penci-gallery-image-content\" ><img loading=\"lazy\" class=\"aligncenter wp-image-8723\" src=\"http:\/\/choose-forex.com\/wp-content\/uploads\/2012\/05\/0ad8ee4fb22fe24b89039afc3bcbf58b-1-1024x576.jpg\" alt=\"eToro br\u00f3kerc\u00e9g el\u0151ny\u00f6k \u00e9s h\u00e1tr\u00e1nyok\" width=\"711\" height=\"400\" srcset=\"https:\/\/choose-forex.com\/wp-content\/uploads\/2012\/05\/0ad8ee4fb22fe24b89039afc3bcbf58b-1-1024x576.jpg 1024w, https:\/\/choose-forex.com\/wp-content\/uploads\/2012\/05\/0ad8ee4fb22fe24b89039afc3bcbf58b-1-300x169.jpg 300w, https:\/\/choose-forex.com\/wp-content\/uploads\/2012\/05\/0ad8ee4fb22fe24b89039afc3bcbf58b-1-768x432.jpg 768w, https:\/\/choose-forex.com\/wp-content\/uploads\/2012\/05\/0ad8ee4fb22fe24b89039afc3bcbf58b-1-250x141.jpg 250w, https:\/\/choose-forex.com\/wp-content\/uploads\/2012\/05\/0ad8ee4fb22fe24b89039afc3bcbf58b-1-150x84.jpg 150w, https:\/\/choose-forex.com\/wp-content\/uploads\/2012\/05\/0ad8ee4fb22fe24b89039afc3bcbf58b-1.jpg 1280w\" sizes=\"(max-width: 711px) 100vw, 711px\" \/><\/a><\/p>\n","protected":false},"excerpt":{"rendered":"<p>eToro br\u00f3kerc\u00e9g egy\u00e9rtelm\u0171en r\u00e1nyomta b\u00e9lyeg\u00e9t a keresked\u00e9si platformok m\u0171k\u00f6d\u00e9s\u00e9re. Az\u00a0eToro keresked\u0151k nem csup\u00e1n\u00a0apr\u00f3 fogaskerekek az eToro forex keresked\u00e9si g\u00e9pezet\u00e9ben, hanem \u0151k a nagybet\u0171s internetes eToro \u00e1szok. Ami\u00f3ta a szab\u00e1lyoz\u00e1s a&hellip;<\/p>\n","protected":false},"author":1,"featured_media":0,"parent":0,"menu_order":0,"comment_status":"open","ping_status":"open","template":"","meta":[],"tags":[1770,755,1774,1773,1772,1771,756,754],"_links":{"self":[{"href":"https:\/\/choose-forex.com\/hu\/wp-json\/wp\/v2\/pages\/610\/"}],"collection":[{"href":"https:\/\/choose-forex.com\/hu\/wp-json\/wp\/v2\/pages\/"}],"about":[{"href":"https:\/\/choose-forex.com\/hu\/wp-json\/wp\/v2\/types\/page\/"}],"author":[{"embeddable":true,"href":"https:\/\/choose-forex.com\/hu\/wp-json\/wp\/v2\/users\/1\/"}],"replies":[{"embeddable":true,"href":"https:\/\/choose-forex.com\/hu\/wp-json\/wp\/v2\/comments\/?post=610"}],"version-history":[{"count":16,"href":"https:\/\/choose-forex.com\/hu\/wp-json\/wp\/v2\/pages\/610\/revisions\/"}],"predecessor-version":[{"id":8764,"href":"https:\/\/choose-forex.com\/hu\/wp-json\/wp\/v2\/pages\/610\/revisions\/8764\/"}],"wp:attachment":[{"href":"https:\/\/choose-forex.com\/hu\/wp-json\/wp\/v2\/media\/?parent=610"}],"wp:term":[{"taxonomy":"post_tag","embeddable":true,"href":"https:\/\/choose-forex.com\/hu\/wp-json\/wp\/v2\/tags\/?post=610"}],"curies":[{"name":"wp","href":"https:\/\/api.w.org\/{rel}","templated":true}]}}