{"id":611,"date":"2012-05-16T15:33:52","date_gmt":"2012-05-16T15:33:52","guid":{"rendered":"http:\/\/wp1.choose-forex.com\/?p=611"},"modified":"2016-04-08T15:07:25","modified_gmt":"2016-04-08T15:07:25","slug":"easy-forex-brokerceg-ertekelese","status":"publish","type":"page","link":"https:\/\/choose-forex.com\/hu\/easy-forex-brokerceg-ertekelese\/","title":{"rendered":"Easy Forex Br\u00f3kerc\u00e9g \u00c9rt\u00e9kel\u00e9se"},"content":{"rendered":"<p><strong><span style=\"font-weight: normal;\">Az <\/span><\/strong><strong><a href=\"http:\/\/www.easy-forex.com\/\" target=\"_blank\">Easy Forex<\/a> <\/strong><strong><span style=\"font-weight: normal;\">br\u00f3kerc\u00e9g 2003 \u00f3ta szerepl\u0151je\u00a0a p\u00e9nz\u00fcgyi \u00e9letnek. A c\u00e9g k\u00f6nnyen kezelhet\u0151 platformot, alacsony minim\u00e1lis let\u00e9tet \u00e9s r\u00f6gz\u00edtett spreadet k\u00edn\u00e1l, hab\u00e1r azt mondja, hogy alacsony volatilit\u00e1s idej\u00e9n v\u00e1ltozhat a spread. Ilyenkor jelzi az \u00faj spreadet, de nem sz\u00f3l arr\u00f3l, hogy fontos h\u00edrek \u00e9rkez\u00e9sekor keletkez\u0151 magas volatilit\u00e1s eset\u00e9n mi t\u00f6rt\u00e9nik a spreadekkel. H\u00edr eset\u00e9n is v\u00e1ltozatlanul marad\u00f3 spreadek stabil keresked\u00e9si k\u00f6rnyezet biztos\u00edtanak.<\/span><\/strong><\/p>\n<p><strong><span style=\"font-weight: normal;\">Egyik szolg\u00e1ltat\u00e1sa a <\/span><\/strong><strong><a href=\"http:\/\/en.easy-forex.com\/int\/dealingroom.aspx\" target=\"_blank\">Dealing Room<\/a><\/strong><strong><span style=\"font-weight: normal;\">, ahol a tradereknek<\/span><\/strong><strong><span lang=\"hu-HU\" xml:lang=\"hu-HU\"><span style=\"font-weight: normal;\"> szem\u00e9lyes t\u00e1mogat\u00e1st \u00e9s exkluz\u00edv eszk\u00f6z\u00f6ket biztos\u00edtanak, hogy seg\u00edtsenek jobb keresked\u00e9si d\u00f6nt\u00e9seket hozni. Emellett egy szem\u00e9lyes keresked\u0151 is az \u00fcgyf\u00e9l rendelkez\u00e9s\u00e9re \u00e1ll, hogy t\u00e1mogassa a keresked\u00e9si strat\u00e9gi\u00e1t. A <\/span><\/span><\/strong><strong><span lang=\"hu-HU\" xml:lang=\"hu-HU\"><a href=\"http:\/\/en.easy-forex.com\/int\/dealingroom.aspx\" target=\"_blank\">Dealing Room<\/a> <\/span><\/strong><strong><span lang=\"hu-HU\" xml:lang=\"hu-HU\"><span style=\"font-weight: normal;\">\u00fcgyfelei telefonon vagy online chaten adhatnak \u00e9s m\u00f3dos\u00edthatnak megb\u00edz\u00e1sokat, \u00e9s SMS \u00e9rtes\u00edt\u00e9seket is kaphatnak a be\u00e9rkez\u0151 fontos h\u00edrekr\u0151l. Olyan br\u00f3kerc\u00e9gnek t\u0171nik, aki megpr\u00f3b\u00e1l seg\u00edteni az \u00fcgyfeleknek az\u00e1ltal, hogy rengeteg t\u00e1mogat\u00e1st k\u00edn\u00e1l \u00e9s bar\u00e1ts\u00e1gos hangulatot teremt.<\/span><\/span><\/strong><\/p>\n<p><strong><span lang=\"hu-HU\" xml:lang=\"hu-HU\"><span style=\"font-weight: normal;\">Az <\/span><\/span><\/strong><strong><a href=\"http:\/\/www.easy-forex.com\/\" target=\"_blank\"><span lang=\"hu-HU\" xml:lang=\"hu-HU\"><u>Easy Forex<\/u><\/span><\/a><\/strong><strong><span lang=\"hu-HU\" xml:lang=\"hu-HU\"><span style=\"font-weight: normal;\">\u00a0br\u00f3kerc\u00e9g bizonyos tulajdons\u00e1gait nagyon lehet szeretni, de kezdetben a j\u00f3 grafikonrajzol\u00f3 szoftver hi\u00e1nya nagy h\u00e1tr\u00e1nyt jelentett. Nagy el\u0151rel\u00e9p\u00e9s, hogy most MT4-et k\u00edn\u00e1lnak.<\/span><\/span><\/strong><\/p>\n<p lang=\"hu-HU\" style=\"margin-bottom: 0in;\" xml:lang=\"hu-HU\">Befektet\u00e9si d\u00f6nt\u00e9s el\u0151tt tan\u00e1csos tesztelni \u0151ket, \u00e9s kipr\u00f3b\u00e1lni a demo sz\u00e1ml\u00e1jukat.<\/p>\n<p lang=\"hu-HU\" style=\"margin-bottom: 0in;\" xml:lang=\"hu-HU\"><strong><u>\u00c1ltal\u00e1nos adatok:<\/u><\/strong><\/p>\n<table style=\"page-break-before: auto; page-break-after: auto; page-break-inside: auto;\" width=\"438\" cellspacing=\"0\" cellpadding=\"4\">\n<colgroup>\n<col width=\"172\" \/>\n<col width=\"248\" \/><\/colgroup>\n<tbody>\n<tr>\n<td style=\"border-top: 1px solid #000000; border-bottom: 1px solid #000000; border-left: 1px solid #000000; border-right: none; padding: 0.04in 0in 0.04in 0.04in;\" width=\"172\">A br\u00f3kerc\u00e9g sz\u00e9khelye:<\/td>\n<td style=\"border: 1px solid #000000; padding: 0.04in;\" width=\"248\">Limassol, Ciprus<\/td>\n<\/tr>\n<tr>\n<td style=\"border-top: none; border-bottom: 1px solid #000000; border-left: 1px solid #000000; border-right: none; padding: 0in 0in 0.04in 0.04in;\" width=\"172\">Tov\u00e1bbi irod\u00e1i:<\/td>\n<td style=\"border-top: none; border-bottom: 1px solid #000000; border-left: 1px solid #000000; border-right: 1px solid #000000; padding: 0in 0.04in 0.04in 0.04in;\" width=\"248\">Melbourne, Ausztr\u00e1lia, New York, USA<\/td>\n<\/tr>\n<tr>\n<td style=\"border-top: none; border-bottom: 1px solid #000000; border-left: 1px solid #000000; border-right: none; padding: 0in 0in 0.04in 0.04in;\" width=\"172\">Alap\u00edtva:<\/td>\n<td style=\"border-top: none; border-bottom: 1px solid #000000; border-left: 1px solid #000000; border-right: 1px solid #000000; padding: 0in 0.04in 0.04in 0.04in;\" width=\"248\">2003<\/td>\n<\/tr>\n<tr>\n<td style=\"border-top: none; border-bottom: 1px solid #000000; border-left: 1px solid #000000; border-right: none; padding: 0in 0in 0.04in 0.04in;\" width=\"172\">Ellen\u0151rz\u0151 szervek:<\/td>\n<td style=\"border-top: none; border-bottom: 1px solid #000000; border-left: 1px solid #000000; border-right: 1px solid #000000; padding: 0in 0.04in 0.04in 0.04in;\" width=\"248\">Ciprus: CySEC 079\/07<\/p>\n<p>Ausztr\u00e1lia: ASIC AFSL 246566<\/p>\n<p>USA: CTFC &amp; NFA<\/td>\n<\/tr>\n<tr>\n<td style=\"border-top: none; border-bottom: 1px solid #000000; border-left: 1px solid #000000; border-right: none; padding: 0in 0in 0.04in 0.04in;\" width=\"172\">\u00dcgyf\u00e9lsz\u00e1ml\u00e1k elk\u00fcl\u00f6n\u00edt\u00e9se:<\/td>\n<td style=\"border-top: none; border-bottom: 1px solid #000000; border-left: 1px solid #000000; border-right: 1px solid #000000; padding: 0in 0.04in 0.04in 0.04in;\" width=\"248\">Igen<\/td>\n<\/tr>\n<tr>\n<td style=\"border-top: none; border-bottom: 1px solid #000000; border-left: 1px solid #000000; border-right: none; padding: 0in 0in 0.04in 0.04in;\" width=\"172\">Fogad US tradereket:<\/td>\n<td style=\"border-top: none; border-bottom: 1px solid #000000; border-left: 1px solid #000000; border-right: 1px solid #000000; padding: 0in 0.04in 0.04in 0.04in;\" width=\"248\">Igen (Easy Forex US)<\/td>\n<\/tr>\n<\/tbody>\n<\/table>\n<p><strong><u>Keresked\u00e9si felt\u00e9telek:<\/u><\/strong><\/p>\n<table style=\"page-break-before: auto; page-break-after: auto; page-break-inside: auto;\" width=\"643\" cellspacing=\"0\" cellpadding=\"4\">\n<colgroup>\n<col width=\"142\" \/>\n<col width=\"483\" \/><\/colgroup>\n<tbody>\n<tr>\n<td style=\"border-top: 1px solid #000000; border-bottom: 1px solid #000000; border-left: 1px solid #000000; border-right: none; padding: 0.04in 0in 0.04in 0.04in;\" width=\"142\">Web platform<\/td>\n<td style=\"border: 1px solid #000000; padding: 0.04in;\" width=\"483\">Web Trading<\/td>\n<\/tr>\n<tr>\n<td style=\"border-top: none; border-bottom: 1px solid #000000; border-left: 1px solid #000000; border-right: none; padding: 0in 0in 0.04in 0.04in;\" width=\"142\">Let\u00f6lthet\u0151 platform<\/td>\n<td style=\"border-top: none; border-bottom: 1px solid #000000; border-left: 1px solid #000000; border-right: 1px solid #000000; padding: 0in 0.04in 0.04in 0.04in;\" width=\"483\">MetaTrader 4 (MT4), Trade Desk (kisalkalmaz\u00e1sokkal l\u00e9trehozhatja a saj\u00e1t<\/p>\n<p>elrendez\u00e9s\u00e9t)<\/td>\n<\/tr>\n<tr>\n<td style=\"border-top: none; border-bottom: 1px solid #000000; border-left: 1px solid #000000; border-right: none; padding: 0in 0in 0.04in 0.04in;\" width=\"142\">Spread<\/td>\n<td style=\"border-top: none; border-bottom: 1px solid #000000; border-left: 1px solid #000000; border-right: 1px solid #000000; padding: 0in 0.04in 0.04in 0.04in;\" width=\"483\">R\u00f6gz\u00edtett (de v\u00e1ltozhat, ha nem akt\u00edv a piac)<\/td>\n<\/tr>\n<tr>\n<td style=\"border-top: none; border-bottom: 1px solid #000000; border-left: 1px solid #000000; border-right: none; padding: 0in 0in 0.04in 0.04in;\" width=\"142\">Garant\u00e1lt stop loss<\/td>\n<td style=\"border-top: none; border-bottom: 1px solid #000000; border-left: 1px solid #000000; border-right: 1px solid #000000; padding: 0in 0.04in 0.04in 0.04in;\" width=\"483\">\n<p style=\"margin-bottom: 0.2in;\">Igen, a Web Tradingen.<\/p>\n<p>Az MT4-en a megb\u00edz\u00e1sokat a lehet\u0151 legjobb \u00e1ron teljes\u00edtik.<\/td>\n<\/tr>\n<tr>\n<td style=\"border-top: none; border-bottom: 1px solid #000000; border-left: 1px solid #000000; border-right: none; padding: 0in 0in 0.04in 0.04in;\" width=\"142\">K\u00f6vet\u0151 stop loss<\/td>\n<td style=\"border-top: none; border-bottom: 1px solid #000000; border-left: 1px solid #000000; border-right: 1px solid #000000; padding: 0in 0.04in 0.04in 0.04in;\" width=\"483\">Kliens oldali<\/td>\n<\/tr>\n<tr>\n<td style=\"border-top: none; border-bottom: 1px solid #000000; border-left: 1px solid #000000; border-right: none; padding: 0in 0in 0.04in 0.04in;\" width=\"142\">Skalpol\u00e1s<\/td>\n<td style=\"border-top: none; border-bottom: 1px solid #000000; border-left: 1px solid #000000; border-right: 1px solid #000000; padding: 0in 0.04in 0.04in 0.04in;\" width=\"483\">Megengedett<\/td>\n<\/tr>\n<tr>\n<td style=\"border-top: none; border-bottom: 1px solid #000000; border-left: 1px solid #000000; border-right: none; padding: 0in 0in 0.04in 0.04in;\" width=\"142\">Hedge<\/td>\n<td style=\"border-top: none; border-bottom: 1px solid #000000; border-left: 1px solid #000000; border-right: 1px solid #000000; padding: 0in 0.04in 0.04in 0.04in;\" width=\"483\">Megengedett<\/td>\n<\/tr>\n<tr>\n<td style=\"border-top: none; border-bottom: 1px solid #000000; border-left: 1px solid #000000; border-right: none; padding: 0in 0in 0.04in 0.04in;\" width=\"142\">OCO megb\u00edz\u00e1sok<\/td>\n<td style=\"border-top: none; border-bottom: 1px solid #000000; border-left: 1px solid #000000; border-right: 1px solid #000000; padding: 0in 0.04in 0.04in 0.04in;\" width=\"483\">Nincsenek<\/td>\n<\/tr>\n<tr>\n<td style=\"border-top: none; border-bottom: 1px solid #000000; border-left: 1px solid #000000; border-right: none; padding: 0in 0in 0.04in 0.04in;\" width=\"142\">Demo sz\u00e1mla<\/td>\n<td style=\"border-top: none; border-bottom: 1px solid #000000; border-left: 1px solid #000000; border-right: 1px solid #000000; padding: 0in 0.04in 0.04in 0.04in;\" width=\"483\">Igen &#8211; <strong><a href=\"http:\/\/en.easy-forex.com\/int\/tradesimulator.aspx\" target=\"_blank\">Demo sz\u00e1mla nyit\u00e1sa<\/a><\/strong><\/td>\n<\/tr>\n<tr>\n<td style=\"border-top: none; border-bottom: 1px solid #000000; border-left: 1px solid #000000; border-right: none; padding: 0in 0in 0.04in 0.04in;\" width=\"142\">\n<p style=\"margin-bottom: 0.2in;\">\u00c9les sz\u00e1mlat\u00edpusok<\/p>\n<p style=\"margin-bottom: 0.2in;\">\n<\/td>\n<td style=\"border-top: none; border-bottom: 1px solid #000000; border-left: 1px solid #000000; border-right: 1px solid #000000; padding: 0in 0.04in 0.04in 0.04in;\" width=\"483\">\n<p style=\"margin-bottom: 0.2in;\">Mini &#8211; Minimum let\u00e9t 25 USD<\/p>\n<p style=\"margin-bottom: 0.2in;\">Gold &#8211; Minimum let\u00e9t &#8211; 500 USD<\/p>\n<p style=\"margin-bottom: 0.2in;\">Platinum &#8211; Minimum let\u00e9t &#8211; 5.000 USD<\/p>\n<p style=\"margin-bottom: 0.2in;\">Vip &#8211; Minimum let\u00e9t &#8211; 10.000 USD<\/p>\n<p><strong><a href=\"https:\/\/secure.easy-forex.com\/int\/en\/registerjoin.aspx\" target=\"_blank\">\u00c9les sz\u00e1mla nyit\u00e1sa<\/a><\/strong><\/td>\n<\/tr>\n<\/tbody>\n<\/table>\n<p><strong>Az Easy Forex \u00e9rt\u00e9kel\u00e9se: 3\/5<\/strong><\/p>\n<p><a href=\"\/sites\/default\/files\/u46\/newpicture33.jpg\" data-rel=\"penci-gallery-image-content\"  target=\"_blank\"><img loading=\"lazy\" class=\"aligncenter\" style=\"width: 500px; height: 400px; border-width: 12px; border-style: solid; float: left;\" src=\"\/sites\/default\/files\/u46\/newpicture33.jpg\" alt=\"Easy Forex Br\u00f3kerc\u00e9g \u00c9rt\u00e9kel\u00e9se\" width=\"750\" height=\"600\" \/><\/a><\/p>\n<p><!-- AddThis Button BEGIN --><\/p>\n<div class=\"addthis_toolbox addthis_default_style \"><\/div>\n<p><script type=\"text\/javascript\">\/\/ <![CDATA[\n\/\/--><![CDATA[\/\/ ><!-- var addthis_config = {\"data_track_addressbar\":true}; \/\/--><!\n\/\/ ]]><\/script><script src=\"http:\/\/s7.addthis.com\/js\/250\/addthis_widget.js#pubid=ra-4f8cf2685b632727\" type=\"text\/javascript\"><\/script><!-- AddThis Button END --><\/p>\n","protected":false},"excerpt":{"rendered":"<p>Az Easy Forex br\u00f3kerc\u00e9g 2003 \u00f3ta szerepl\u0151je\u00a0a p\u00e9nz\u00fcgyi \u00e9letnek. A c\u00e9g k\u00f6nnyen kezelhet\u0151 platformot, alacsony minim\u00e1lis let\u00e9tet \u00e9s r\u00f6gz\u00edtett spreadet k\u00edn\u00e1l, hab\u00e1r azt mondja, hogy alacsony volatilit\u00e1s idej\u00e9n v\u00e1ltozhat a&hellip;<\/p>\n","protected":false},"author":1,"featured_media":0,"parent":0,"menu_order":0,"comment_status":"open","ping_status":"open","template":"","meta":[],"tags":[757,758,754],"_links":{"self":[{"href":"https:\/\/choose-forex.com\/hu\/wp-json\/wp\/v2\/pages\/611\/"}],"collection":[{"href":"https:\/\/choose-forex.com\/hu\/wp-json\/wp\/v2\/pages\/"}],"about":[{"href":"https:\/\/choose-forex.com\/hu\/wp-json\/wp\/v2\/types\/page\/"}],"author":[{"embeddable":true,"href":"https:\/\/choose-forex.com\/hu\/wp-json\/wp\/v2\/users\/1\/"}],"replies":[{"embeddable":true,"href":"https:\/\/choose-forex.com\/hu\/wp-json\/wp\/v2\/comments\/?post=611"}],"version-history":[{"count":2,"href":"https:\/\/choose-forex.com\/hu\/wp-json\/wp\/v2\/pages\/611\/revisions\/"}],"predecessor-version":[{"id":8139,"href":"https:\/\/choose-forex.com\/hu\/wp-json\/wp\/v2\/pages\/611\/revisions\/8139\/"}],"wp:attachment":[{"href":"https:\/\/choose-forex.com\/hu\/wp-json\/wp\/v2\/media\/?parent=611"}],"wp:term":[{"taxonomy":"post_tag","embeddable":true,"href":"https:\/\/choose-forex.com\/hu\/wp-json\/wp\/v2\/tags\/?post=611"}],"curies":[{"name":"wp","href":"https:\/\/api.w.org\/{rel}","templated":true}]}}