{"id":647,"date":"2012-05-15T18:47:57","date_gmt":"2012-05-15T18:47:57","guid":{"rendered":"http:\/\/wp1.choose-forex.com\/?p=647"},"modified":"2016-05-19T10:03:49","modified_gmt":"2016-05-19T10:03:49","slug":"alpari-brokerceg-ertekelese","status":"publish","type":"page","link":"https:\/\/choose-forex.com\/hu\/2-a-broker-kivalasztasa\/alpari-brokerceg-ertekelese\/","title":{"rendered":"Alpari Br\u00f3kerc\u00e9g \u00c9rt\u00e9kel\u00e9se"},"content":{"rendered":"<p style=\"text-align: justify;\">A Choose-Forex bemutatja r\u00e9szletes br\u00f3ker \u00e9rt\u00e9kel\u00e9s\u00e9t az Alpari br\u00f3kerc\u00e9gr\u0151l \u00e9s t\u00e1rgyilagosan \u00edrunk a br\u00f3ker szenz\u00e1ci\u00f3s siker\u00e9r\u0151l a keresked\u0151k k\u00f6r\u00e9ben, valamint <strong>bemutatjuk az autochartistot, a dem\u00f3 sz\u00e1ml\u00e1j\u00e1t \u00e9s m\u00e1s egy\u00e9b n\u00e9pszer\u0171 funkci\u00f3j\u00e1t<\/strong>. Kevesen voltak Oroszorsz\u00e1gban j\u00f3 p\u00e9nz\u00fcgyi poz\u00edci\u00f3ban 1998 el\u0151tt, amikor az Alpari br\u00f3kerc\u00e9g alap\u00edt\u00e1sra ker\u00fclt. Sokan meglep\u0151dve tapasztalj\u00e1k, hogy az Alpari c\u00e9gcsoport sikere nagyban k\u00f6sz\u00f6nhet\u0151 brit le\u00e1nyv\u00e1llalat\u00e1nak, az <strong>Alpari UK<\/strong> br\u00f3kerc\u00e9gnek, de ne t\u00e9vesszen meg senkit, ugyanarr\u00f3l a c\u00e9gr\u0151l besz\u00e9l\u00fcnk. T\u00f6bb sz\u00e1zezer \u00fcgyf\u00e9l szerte a vil\u00e1gon \u00e9s doll\u00e1rmilli\u00f3kban m\u00e9rhet\u0151 havi bev\u00e9tel jelzi a c\u00e9get \u00e9s egy olyan er\u0151, amivel sz\u00e1molni kell. Brit \u00e1llampolg\u00e1rok r\u00e9sz\u00e9re ad\u00f3mentes \u00e1rfolyam-fogad\u00e1si \u00fcgyleteket is k\u00edn\u00e1l.<\/p>\n<p style=\"text-align: justify;\">Az Alpari csoport 20 orsz\u00e1gban tart fenn irod\u00e1kat. Telephelye van New Yorkban, Shanghaiban, Tokyoban, Dubaiban, Mumbaiban \u00e9s Frankfurtban. A c\u00e9g folyamatosan fejl\u0151dik \u00e9s a vil\u00e1g minden pontj\u00e1n megpr\u00f3b\u00e1l jelen lenni.<\/p>\n<p style=\"text-align: center;\"><iframe loading=\"lazy\" style=\"border: solid 1px #D7D7D7;\" src=\"https:\/\/widget.similarweb.com\/traffic\/alpari.com\" width=\"450\" height=\"200\" frameborder=\"0\"><\/iframe><\/p>\n<p style=\"text-align: justify;\">Szabadalmaztatott keresked\u00e9si platformjuk van, de el\u00e9rhet\u0151\u00a0a n\u00e9pszer\u0171 \u00e9s keresked\u0151k \u00e1ltal megszokott MetaTrader 4-gyel is. R\u00e1ad\u00e1sul az <a href=\"http:\/\/www.autochartist.com\/\" target=\"_blank\"><strong>Autochartist<\/strong><\/a> grafikonminta-felismer\u0151 rendszer \u00e9s az Alpari Squawk \u00e9l\u0151 audi\u00f3 piaci inform\u00e1ci\u00f3s rendszer is szerepel v\u00e1laszt\u00e9kukban.<\/p>\n<h2 style=\"text-align: center;\"><strong>Alpari br\u00f3kerc\u00e9g \u00e9rt\u00e9kel\u00e9s \u00e9s el\u00e9rhet\u0151 sz\u00e1mlat\u00edpusok\u00a0<\/strong><\/h2>\n<p style=\"text-align: justify;\"><a href=\"http:\/\/choose-forex.com\/wp-content\/uploads\/2012\/05\/Alpari-Broker-Screenshoot.png\" data-rel=\"penci-gallery-image-content\" ><img loading=\"lazy\" class=\"wp-image-8851 aligncenter\" src=\"http:\/\/choose-forex.com\/wp-content\/uploads\/2012\/05\/Alpari-Broker-Screenshoot-1024x506.png\" alt=\"Alpari br\u00f3kerc\u00e9g kezd\u0151oldal 2016\" width=\"820\" height=\"406\" srcset=\"https:\/\/choose-forex.com\/wp-content\/uploads\/2012\/05\/Alpari-Broker-Screenshoot-1024x506.png 1024w, https:\/\/choose-forex.com\/wp-content\/uploads\/2012\/05\/Alpari-Broker-Screenshoot-300x148.png 300w, https:\/\/choose-forex.com\/wp-content\/uploads\/2012\/05\/Alpari-Broker-Screenshoot-768x380.png 768w, https:\/\/choose-forex.com\/wp-content\/uploads\/2012\/05\/Alpari-Broker-Screenshoot-250x124.png 250w, https:\/\/choose-forex.com\/wp-content\/uploads\/2012\/05\/Alpari-Broker-Screenshoot-150x74.png 150w, https:\/\/choose-forex.com\/wp-content\/uploads\/2012\/05\/Alpari-Broker-Screenshoot.png 1351w\" sizes=\"(max-width: 820px) 100vw, 820px\" \/><\/a><\/p>\n<p style=\"text-align: justify;\">Minden Alpari br\u00f3kerc\u00e9g \u00e9rt\u00e9kel\u00e9snek az el\u00e9rhet\u0151 sz\u00e1mlat\u00edpusokkal kellenne kezd\u0151dnie. A keresked\u00e9si platformra val\u00f3 bel\u00e9p\u00e9s ut\u00e1n a keresked\u0151 hozz\u00e1f\u00e9r\u00e9st kap <strong>az Alpari dem\u00f3sz\u00e1ml\u00e1j\u00e1hoz<\/strong>. \u00d6t k\u00fcl\u00f6nb\u00f6z\u0151 dem\u00f3sz\u00e1mla t\u00edpus l\u00e9tezik: Nano MT4, MT4 Standard, ECN MT4, Pro ECN MT4 \u00e9s PAMM sz\u00e1mla. Kicsit \u00fagy hangzik a v\u00e1jt f\u00fcl\u00fceknek mitha valami szovjet ballisztikus rak\u00e9ta ind\u00edt\u00f3 rendszere lenne, de az igazsz\u00e1g, hogy kifejezetten praktikus \u00e9s modern kezel\u0151fel\u00fcletek. Az al\u00e1bbiakban r\u00e9szletesebben sz\u00f3lunk a dem\u00f3 sz\u00e1ml\u00e1k t\u00edpusair\u00f3l.<\/p>\n<p style=\"text-align: justify;\">P\u00e9ld\u00e1ul a Nano MT4 a kifejezetten kezd\u0151knek tervezett platform, ami el\u00e9rhet\u0151 az Alpari br\u00f3kern\u00e9l. Az \u00fcgyf\u00e9lnek <strong>nem kell let\u00e9tet elhelyeznie a sz\u00e1ml\u00e1n, <\/strong>rengeteg el\u0151nnyel j\u00e1r a spreadek, t\u0151ke\u00e1tt\u00e9tel \u00e9s margin szempontj\u00e1b\u00f3l.<\/p>\n<p style=\"text-align: justify;\">A Standard MT4 eset\u00e9n a kezd\u0151 let\u00e9t 100 amerikai doll\u00e1r\/eur\u00f3-t\u00f3l kezd\u0151d\u0151en 5000 doll\u00e1rig\/eur\u00f3ig terjedhet. Magasabb t\u0151ke\u00e1tt\u00e9tel, alacsonyabb spreadek \u00e9s margin jellemzi. Az ECN MT4 3x annyira k\u00f6lts\u00e9ges ahogy a <strong>stop loss szint is, ami 20%-r\u00f3l 60-ra emelkedik.<\/strong>\u00a0A Pro ECN MT4 5x k\u00f6lts\u00e9gesebb \u00e9s a minimum let\u00e9t 500EUR\/USD, ugyanakkor rengeteg el\u0151nnyel j\u00e1r, bele\u00e9rtve az <strong>ECN jutal\u00e9kot\u00a0<\/strong>(16USD minden kereskedett 1 000 000 USD \u00f6sszeg ut\u00e1n nomin\u00e1lis \u00e9rt\u00e9ken sz\u00e1molva).<\/p>\n<p style=\"text-align: justify;\">V\u00e9gezet\u00fcl ott van az \u00fagynevezett PAMM sz\u00e1mla, ami csak 300$ let\u00e9tet ig\u00e9nyel, de sz\u00e1mos \u00e9rdekes funci\u00f3t k\u00edn\u00e1l. A PAMM jelent\u00e9se Percent Allocation Management Module (Sz\u00e1zal\u00e9k Allok\u00e1ci\u00f3s Management Modul), ami azt jelenti, hogy <strong>az \u00fcgyfelek\u00a0p\u00e9nzt tudnak csin\u00e1lni an\u00e9lk\u00fcl hogy kereskedn\u00e9nek:\u00a0<\/strong>seg\u00edts\u00e9g\u00e9vel m\u00e1s keresked\u0151k sz\u00e1ml\u00e1j\u00e1t tudod menedzselni. A befektet\u0151k voltak\u00e9pp p\u00e9nzt adnak a keresked\u0151knek \u00e9s a pofiton meg osztoznak mialatt a vesztes\u00e9g\u00fck maximuma\u00a0az \u00f6sszeg, amit a sz\u00e1ml\u00e1n elhelyeztek. Az Alpari dem\u00f3sz\u00e1ml\u00e1val let\u00e9t n\u00e9lk\u00fcl is lehet kereskedni term\u00e9szetesen.<\/p>\n<p style=\"text-align: justify;\"><a href=\"http:\/\/alpari.com\/\" target=\"_blank\" rel=\"attachment wp-att-6530\"><img loading=\"lazy\" class=\"aligncenter wp-image-6530 size-full\" src=\"http:\/\/choose-forex.com\/wp-content\/uploads\/2012\/05\/open-account-final.png\" alt=\"How to open alpari account\" width=\"250\" height=\"100\" srcset=\"https:\/\/choose-forex.com\/wp-content\/uploads\/2012\/05\/open-account-final.png 250w, https:\/\/choose-forex.com\/wp-content\/uploads\/2012\/05\/open-account-final-150x60.png 150w\" sizes=\"(max-width: 250px) 100vw, 250px\" \/><\/a><\/p>\n<h3 style=\"text-align: center;\"><strong>Alpari br\u00f3kerc\u00e9g \u00e9rt\u00e9kel\u00e9s: jutal\u00e9kok \u00e9s spreadek<\/strong><\/h3>\n<p style=\"text-align: justify;\">Amint bel\u00e9p a keresked\u0151 a keresked\u00e9si platformra \u00e9s elkezd kereskedni, a t\u00f6bbs\u00e9g neki\u00e1ll\u00a0a jutal\u00e9kokon \u00e9s spreadeken idegeskedni. Az \u00e9rt\u00e9kel\u00e9s\u00fcnk seg\u00edt eloszlatni ezir\u00e1ny\u00fa keresked\u0151i k\u00e9telyeket. Mindenekel\u0151tt, az Alpari br\u00f3kerc\u00e9g nem sz\u00e1mol fel jutal\u00e9kot, mivel a c\u00e9g profitja l\u00e9nyeg\u00e9ben\u00a0a spreadekb\u0151l sz\u00e1rmazik, amelynek nagys\u00e1ga a vezetett sz\u00e1mla t\u00edpus\u00e1t\u00f3l f\u00fcgg. A Nano Mt4 sz\u00e1mla <strong>r\u00f6gz\u00edtett spreadeket<\/strong> k\u00edn\u00e1l, \u00e9s ez\u00e1ltal a legkev\u00e9sb\u00e9 aj\u00e1nlott sz\u00e1mlat\u00edpus. A spreadek <strong>2 pipt\u0151l indulnak<\/strong>.\u00a0A t\u00f6bbi sz\u00e1mla <strong>lebeg\u0151 spreadekkel<\/strong> oper\u00e1l. ECN MT4 0.1 pipt\u0151l kezd\u0151dik, 0.3 az Standard MT4 t\u00edpusn\u00e1l. A Pro ECN 0 spreadn\u00e9l kezd\u0151dik. A PAMM sz\u00e1mla csak a profi keresked\u0151knek \u00e9rdekes spread szempontj\u00e1b\u00f3l, mivel \u0151k m\u00e1sok p\u00e9nz\u00e9vel kereskednek.<\/p>\n<p style=\"text-align: justify;\"><strong>T\u0151ke\u00e1tt\u00e9tel szempontj\u00e1b\u00f3l<\/strong> 1:500 a Nano MT4 eset\u00e9ben, ami eg\u00e9szen 1:1000 -ig felmegy a Standard \u00e9s ECN MT4\u00a0sz\u00e1mlat\u00edpusokn\u00e1l.<\/p>\n<p style=\"text-align: justify;\">Az elektronikus straight-through processing (STP, <span class=\"st\">manu\u00e1lis beavatkoz\u00e1s n\u00e9lk\u00fcli <\/span>fizet\u00e9s-feldolgoz\u00e1s) \u00e9s a non-dealing desk \u00fczletmenet kombin\u00e1ci\u00f3ja lehet\u0151v\u00e9 teszi, hogy kedvez\u0151 \u00e1r\u00fa szolg\u00e1ltat\u00e1st ny\u00fajtsanak \u00fcgyfeleiknek, stabil, kiv\u00e1l\u00f3 min\u0151s\u00e9g\u0171 \u00e1rk\u00f6zl\u00e9s mellett. B\u00e1r, volatilis id\u0151szakokban el\u0151fordulhat, hogy az \u00fcgyf\u00e9l \u00faj \u00e1rat kap vagy cs\u00fasz\u00e1st tapasztal.<\/p>\n<h3 style=\"text-align: center;\"><strong>Alpari br\u00f3kerc\u00e9g \u00e9rt\u00e9kel\u00e9s: keresked\u00e9si platformok<\/strong><\/h3>\n<p style=\"text-align: justify;\"><strong>H\u00e1rom keresked\u00e9si platform<\/strong> \u00e1ll a keresked\u0151k rendelkez\u00e9s\u00e9re. A MetaTrader a legismertebb a p\u00e9nz\u00fcgyi keresked\u00e9si szektorban \u00e9s sz\u00e1mos technikai eszk\u00f6zzel\u00a0j\u00e1r, amelynek els\u0151dleges c\u00e9lja a biztons\u00e1g n\u00f6vel\u00e9se. N\u00e9pszer\u0171s\u00e9g\u00e9t annak k\u00f6sz\u00f6nheti, hogy felett\u00e9bb megb\u00edzhat\u00f3 \u00e9s mellette t\u00f6meg\u00e9vel k\u00edn\u00e1l technikai elemz\u00e9shez indik\u00e1torokat, szerkeszt\u00e9si funkci\u00f3t. A platform seg\u00edts\u00e9g\u00e9vel maxim\u00e1lisan szem\u00e9lyre szabhat\u00f3 a keresked\u00e9s, k\u00f6sz\u00f6nhet\u0151en a technikai elemz\u00e9si eszk\u00f6z\u00f6knek \u00e9s r\u00e9szletes grafikonoknak. \u00dagy gondoljunk r\u00e1, mint egy matuzs\u00e1lem kor\u00fa keresked\u00e9si platform, amely m\u00e9g mindig a legn\u00e9pszer\u0171bbek egyike.<\/p>\n<p style=\"text-align: justify;\">Az MT4 felt\u00farb\u00f3z\u00f3tt \u00faj verzi\u00f3ja a <strong>MetaTrader 5<\/strong>. Rengeteg friss\u00edt\u00e9st k\u00edn\u00e1l a felhaszn\u00e1l\u00f3nak, amely az MT4-ben nem volt el\u00e9rhet\u0151. Term\u00e9szetszer\u0171leg egyetlen Alpari \u00e9rt\u00e9kel\u00e9s sem lenne teljes a c\u00e9g mobilos <strong>Alpari keresked\u00e9si applik\u00e1ci\u00f3ja n\u00e9lk\u00fcl<\/strong> (<a href=\"https:\/\/play.google.com\/store\/apps\/details?id=gtt.android.apps.invest&amp;hl=en\">Androidra<\/a>\u00a0csak orosz nyelven t\u00f6lthet\u0151 le, ahogy az <a href=\"https:\/\/itunes.apple.com\/ru\/app\/alpari-invest\/id773016638?mt=8\">iOS verzi\u00f3<\/a>, ami hatalmas hiba a c\u00e9gt\u0151l). K\u00e9nyelmes, k\u00f6nnyen haszn\u00e1lhat\u00f3 kezel\u0151fel\u00fclet a mobilon, m\u00e1r annak, aki besz\u00e9l oroszul. A c\u00e9g Febru\u00e1rban bejelentette a lokaliz\u00e1ci\u00f3t angolra, de az\u00f3ta nem t\u00f6rt\u00e9nt el\u0151rel\u00e9p\u00e9s.<\/p>\n<p style=\"text-align: justify;\">Az \u00fcgyf\u00e9lszolg\u00e1lat tekintet\u00e9ben a c\u00e9g szint\u00e9n a versenyt\u00e1rsak m\u00f6g\u00f6tt kullog. Ha valakinek az Alpari \u00fcgyfelek k\u00f6z\u00fcl s\u0171rg\u00f6s t\u00e1mogat\u00e1sra van sz\u00fcks\u00e9ge, nos, v\u00e1rni kell a k\u00f6vetkez\u0151 munkanapig. Az \u00fcgyf\u00e9lszolg\u00e1lat 05:00 \u00e9s 16:00 k\u00f6z\u00f6tt \u00e9rhet\u0151 el londoni id\u0151 szerint. M\u00e1sk\u00fcl\u00f6nben az el\u00e9rhet\u0151s\u00e9g a megszokott: telefon, e-mail, chat \u00e9s Skype 8 k\u00fcl\u00f6nb\u00f6z\u0151 nyelven, bele\u00e9rtve angolt,\u00a0spanyolt, portug\u00e1lt stb.<\/p>\n<p style=\"text-align: justify;\">A keresked\u00e9si t\u00e1mogat\u00e1s m\u00e1r haszn\u00e1lhat\u00f3bb a br\u00f3kerc\u00e9gn\u00e9l, m\u00e9g a legkritikusabb Alpari br\u00f3kerc\u00e9g \u00e9rt\u00e9kel\u0151 is k\u00e9nytelen elismerni. Az Alpari keresked\u00e9si t\u00e1mogat\u00e1s egyik hatalmas el\u0151nye a versenyt\u00e1rsakkal szemben, hogy min\u0151s\u00e9gi keresked\u00e9si elemz\u00e9seket, keresked\u00e9si jeleket k\u00edn\u00e1lnak, bele\u00e9rtve az autochartist funkci\u00f3t. A fundament\u00e1lis elemz\u00e9s\u00fck lefedi minden fontos aspektus\u00e1t a keresked\u00e9snek bele\u00e9rtve: esem\u00e9nynapt\u00e1r, h\u00edrek, nemzeti \u00fcnnepek, makr\u00f3gazdas\u00e1gi mutat\u00f3k, kamatl\u00e1bak stb. A technikai elemz\u00e9se Autochartist keresked\u00e9si jeleket, keresked\u00e9si k\u00f6zpontok napi el\u0151rejelz\u00e9seit tartalmazza, mik\u00f6zben a szak\u00e9rt\u0151i elemz\u00e9s\u00e9t glob\u00e1lisan \u00e9s lok\u00e1lisan k\u00edn\u00e1lja a c\u00e9g.<\/p>\n<p style=\"text-align: justify;\">Tov\u00e1bbi inf\u00f3t az Alpari br\u00f3kerc\u00e9g <a href=\"http:\/\/alpari.com\/\">honlapj\u00e1n tal\u00e1lsz<\/a>.<\/p>\n<h2 style=\"text-align: center;\"><strong>Az ALPARI br\u00f3kerc\u00e9g \u00e9rt\u00e9kel\u00e9se: 4\/5<\/strong><\/h2>\n<p><a href=\"http:\/\/choose-forex.com\/wp-content\/uploads\/2012\/05\/4e117f1f433f5842e82176d3f7fcd8c1.jpg\" data-rel=\"penci-gallery-image-content\" ><img loading=\"lazy\" class=\"alignnone wp-image-8868 size-full\" src=\"http:\/\/choose-forex.com\/wp-content\/uploads\/2012\/05\/4e117f1f433f5842e82176d3f7fcd8c1.jpg\" alt=\"alpari br\u00f3kerc\u00e9g\" width=\"1280\" height=\"720\" srcset=\"https:\/\/choose-forex.com\/wp-content\/uploads\/2012\/05\/4e117f1f433f5842e82176d3f7fcd8c1.jpg 1280w, https:\/\/choose-forex.com\/wp-content\/uploads\/2012\/05\/4e117f1f433f5842e82176d3f7fcd8c1-300x169.jpg 300w, https:\/\/choose-forex.com\/wp-content\/uploads\/2012\/05\/4e117f1f433f5842e82176d3f7fcd8c1-768x432.jpg 768w, https:\/\/choose-forex.com\/wp-content\/uploads\/2012\/05\/4e117f1f433f5842e82176d3f7fcd8c1-1024x576.jpg 1024w, https:\/\/choose-forex.com\/wp-content\/uploads\/2012\/05\/4e117f1f433f5842e82176d3f7fcd8c1-250x141.jpg 250w, https:\/\/choose-forex.com\/wp-content\/uploads\/2012\/05\/4e117f1f433f5842e82176d3f7fcd8c1-150x84.jpg 150w\" sizes=\"(max-width: 1280px) 100vw, 1280px\" \/><\/a><\/p>\n","protected":false},"excerpt":{"rendered":"<p>A Choose-Forex bemutatja r\u00e9szletes br\u00f3ker \u00e9rt\u00e9kel\u00e9s\u00e9t az Alpari br\u00f3kerc\u00e9gr\u0151l \u00e9s t\u00e1rgyilagosan \u00edrunk a br\u00f3ker szenz\u00e1ci\u00f3s siker\u00e9r\u0151l a keresked\u0151k k\u00f6r\u00e9ben, valamint bemutatjuk az autochartistot, a dem\u00f3 sz\u00e1ml\u00e1j\u00e1t \u00e9s m\u00e1s egy\u00e9b n\u00e9pszer\u0171&hellip;<\/p>\n","protected":false},"author":1,"featured_media":8851,"parent":755,"menu_order":0,"comment_status":"open","ping_status":"closed","template":"","meta":[],"tags":[774,1252,684,719,752,1794,1791,1800,423,1797,776,775,1796,1792,1799,1798,1793,1795],"_links":{"self":[{"href":"https:\/\/choose-forex.com\/hu\/wp-json\/wp\/v2\/pages\/647\/"}],"collection":[{"href":"https:\/\/choose-forex.com\/hu\/wp-json\/wp\/v2\/pages\/"}],"about":[{"href":"https:\/\/choose-forex.com\/hu\/wp-json\/wp\/v2\/types\/page\/"}],"author":[{"embeddable":true,"href":"https:\/\/choose-forex.com\/hu\/wp-json\/wp\/v2\/users\/1\/"}],"replies":[{"embeddable":true,"href":"https:\/\/choose-forex.com\/hu\/wp-json\/wp\/v2\/comments\/?post=647"}],"version-history":[{"count":9,"href":"https:\/\/choose-forex.com\/hu\/wp-json\/wp\/v2\/pages\/647\/revisions\/"}],"predecessor-version":[{"id":8887,"href":"https:\/\/choose-forex.com\/hu\/wp-json\/wp\/v2\/pages\/647\/revisions\/8887\/"}],"up":[{"embeddable":true,"href":"https:\/\/choose-forex.com\/hu\/wp-json\/wp\/v2\/pages\/755\/"}],"wp:featuredmedia":[{"embeddable":true,"href":"https:\/\/choose-forex.com\/hu\/wp-json\/wp\/v2\/media\/8851\/"}],"wp:attachment":[{"href":"https:\/\/choose-forex.com\/hu\/wp-json\/wp\/v2\/media\/?parent=647"}],"wp:term":[{"taxonomy":"post_tag","embeddable":true,"href":"https:\/\/choose-forex.com\/hu\/wp-json\/wp\/v2\/tags\/?post=647"}],"curies":[{"name":"wp","href":"https:\/\/api.w.org\/{rel}","templated":true}]}}