{"id":6494,"date":"2016-01-27T13:39:09","date_gmt":"2016-01-27T13:39:09","guid":{"rendered":"http:\/\/choose-forex.com\/hu\/?page_id=6494"},"modified":"2016-05-19T13:10:18","modified_gmt":"2016-05-19T13:10:18","slug":"forex-kereskedesi-jelzesek","status":"publish","type":"page","link":"https:\/\/choose-forex.com\/hu\/forex-kereskedesi-jelzesek\/","title":{"rendered":"Forex Keresked\u00e9si Jelz\u00e9sek"},"content":{"rendered":"<p style=\"text-align: justify;\"><strong>Forex keresked\u00e9si jelz\u00e9sek<\/strong>\u00a0el\u0151re jelezhetik a profitot \u00e9s\u00a0vesztes\u00e9get a devizapiacokon. A devizap\u00e1r \u00e1tv\u00e1lt\u00e1si ar\u00e1nya adott id\u0151pontban szolg\u00e1lhat a keresked\u0151k\u00a0k\u00f6vetkez\u0151 tranzakci\u00f3ja alapj\u00e1ul. \u00c9vek hossz\u00fa gyakorlata, fegyelme \u00e9s megfigyel\u00e9se kell, hogy meghat\u00e1rozzuk mely ir\u00e1nyban fog elmozdulni az \u00e1rfolyam &#8211; amely alapj\u00e1n eld\u00f6ntheti a keresked\u0151, hogy vesz (long) vagy elad (short) egy adott deviz\u00e1t.<\/p>\n<div id=\"attachment_8903\" style=\"width: 822px\" class=\"wp-caption aligncenter\"><a href=\"http:\/\/choose-forex.com\/wp-content\/uploads\/2016\/01\/fc7fa90a8dcd0b4b729a52b5cd3f59d6.png\" data-rel=\"penci-gallery-image-content\" ><img aria-describedby=\"caption-attachment-8903\" loading=\"lazy\" class=\"wp-image-8903 size-full\" src=\"http:\/\/choose-forex.com\/wp-content\/uploads\/2016\/01\/fc7fa90a8dcd0b4b729a52b5cd3f59d6.png\" alt=\"algoritmikus keresked\u00e9s , forex keresked\u00e9si jelz\u00e9sek\" width=\"812\" height=\"410\" srcset=\"https:\/\/choose-forex.com\/wp-content\/uploads\/2016\/01\/fc7fa90a8dcd0b4b729a52b5cd3f59d6.png 812w, https:\/\/choose-forex.com\/wp-content\/uploads\/2016\/01\/fc7fa90a8dcd0b4b729a52b5cd3f59d6-300x151.png 300w, https:\/\/choose-forex.com\/wp-content\/uploads\/2016\/01\/fc7fa90a8dcd0b4b729a52b5cd3f59d6-768x388.png 768w, https:\/\/choose-forex.com\/wp-content\/uploads\/2016\/01\/fc7fa90a8dcd0b4b729a52b5cd3f59d6-250x126.png 250w, https:\/\/choose-forex.com\/wp-content\/uploads\/2016\/01\/fc7fa90a8dcd0b4b729a52b5cd3f59d6-150x76.png 150w\" sizes=\"(max-width: 812px) 100vw, 812px\" \/><\/a><p id=\"caption-attachment-8903\" class=\"wp-caption-text\">Az algoritmikus keresked\u00e9s \u00e9s szoftver gener\u00e1lta keresked\u00e9si jelz\u00e9sek egyre nagyobb szerepet kapnak a keresked\u00e9sben. Forr\u00e1s: Academic Press, Dec 3, 2013, p. 258.<\/p><\/div>\n<p style=\"text-align: justify;\">\u00c9l\u0151 Forex keresked\u00e9si jelz\u00e9sek sz\u00e9les k\u00f6rben el\u00e9rhet\u0151k\u00a0az Interneten, de gyakran a vel\u00fck j\u00e1r\u00f3 pontos \u00e9s alapos \u00e9rtes\u00edt\u00e9sek azok, melyek a haszonhoz seg\u00edtik a tradert.\u00a0 A <strong>Choose-Forex<\/strong> oldalon szign\u00e1lok teljes t\u00e1rh\u00e1z\u00e1t \u00e9rheti el, amelyek minden esetben alkalmazkodnak az adott piaci viszonyokhoz \u00e9s \u00e1rfolyam mozg\u00e1shoz. Ha feliratkozik a <strong>Choose-Forex<\/strong>\u00a0\u00e9rtes\u00edt\u00e9si list\u00e1j\u00e1ra, akkor naprak\u00e9sz keresked\u00e9si jelz\u00e9seket\u00a0adunk az \u00d6n kez\u00e9be a honlapon, emailen, SMS, RSS vagy tweeteken kereszt\u00fcl.<\/p>\n<p style=\"text-align: justify;\">A V.I.P. \u00fcgyfeleinknek szem\u00e9lyes \u00e9s algoritmikus elemz\u00e9s is el\u00e9rhet\u0151. Sz\u00e1mukra k\u00edn\u00e1lunk harmadik f\u00e9l keresked\u00e9si jelz\u00e9seket speci\u00e1lis \u00e9rtes\u00edt\u0151kkel, Expert Advisor (EA) szolg\u00e1ltat\u00e1ssal \u00e9s v\u00e1ltozatos, ugyanakkor megb\u00edzhat\u00f3 szign\u00e1l forr\u00e1sokkal. \u00datk\u00f6zben mobilj\u00e1n vagy a sz\u00e1m\u00edt\u00f3g\u00e9p\u00e9n teljes r\u00e1l\u00e1t\u00e1sa lehet a k\u00fcl\u00f6nb\u00f6z\u0151 keresked\u00e9si jelz\u00e9s forr\u00e1sokra. Mindezen adattal felv\u00e9rtezve biztons\u00e1gosan l\u00e9phet a Forex piacokra profit rem\u00e9ny\u00e9ben.<\/p>\n<h2 style=\"text-align: justify;\">Forex Keresked\u00e9si Jelz\u00e9sek K\u00e9t Csoportja<\/h2>\n<p style=\"text-align: justify;\">Els\u0151k\u00e9nt a <strong>szoftver \u00e1ltal gener\u00e1lt jelz\u00e9sekr\u0151l<\/strong> sz\u00f3lunk r\u00f6viden, amelyek az aktu\u00e1lis piaci viszonyokra reag\u00e1lva k\u00fcldenek automatikus \u00e9rtes\u00edt\u0151t a keresked\u0151knek. K\u00fcl\u00f6nb\u00f6z\u0151 t\u00edpusaik l\u00e9teznek, kezdve az ingyenes \u00e9rtes\u00edt\u0151kt\u0151l a t\u00f6bb ezer doll\u00e1ros szign\u00e1lokig.\u00a0 Az alkalmaz\u00e1sok f\u0151 feladata a keresked\u00e9si d\u00f6nt\u00e9shozatal t\u00e1mogat\u00e1sa a fenn\u00e1ll\u00f3\u00a0piaci k\u00f6r\u00fclm\u00e9nyek k\u00f6zepette.<\/p>\n<p style=\"text-align: justify;\">A <strong>m\u00e1sodik t\u00edpus<\/strong> f\u0151 jellemz\u0151je\u00a0az emberi t\u00e9nyez\u0151 \u00e9s hagyom\u00e1nyos Forex keresked\u00e9si jelz\u00e9seknek tekintend\u0151k (pl. a <a href=\"http:\/\/www.bloomberg.com\/professional\/foreign-exchange\/\" target=\"_blank\">Bloomberg FX signal<\/a>\u00a0amely a szoftver gener\u00e1lt jelz\u00e9sek mellett hagyatkozik a szak\u00e9rt\u0151 st\u00e1b v\u00e9lem\u00e9ny\u00e9re\u00a0is). Ezen jelz\u00e9seket szak\u00e9rt\u0151, sok \u00e9ves piaci tapasztalattal rendelkez\u0151 keresked\u0151k \u00e1ll\u00edtj\u00e1k \u00f6ssze &#8211; ilyen szakember k\u00e9pesek olvasni a \u2019sz\u00e1mok k\u00f6z\u00f6tt\u2019 \u00e9s hat\u00e9konyan tudj\u00e1k kisz\u0171rni a piaci zajok k\u00f6z\u00fcl a val\u00f3ban fontos h\u00edreket, esem\u00e9nyeket.<\/p>\n<p style=\"text-align: justify;\">Mindegy milyen t\u00edpus\u00fa Forex keresked\u00e9si jelz\u00e9seket v\u00e1laszt az \u00fcgyletei al\u00e1t\u00e1maszt\u00e1s\u00e1ra, sosem szabad elfelejteni, hogy ezek a szign\u00e1lok puszta javaslatok \u00e9s folyamatosan friss\u00edt\u00e9sre szorulnak, ahogy a piaci kond\u00edci\u00f3k v\u00e1ltoznak.\u00a0 Ez\u00e9rt egy\u00e9rtelm\u0171, hogy a nap v\u00e9g\u00e9n csakis a saj\u00e1t d\u00f6nt\u00e9se sz\u00e1m\u00edt \u00e9s \u00edgy, a keresked\u0151 saj\u00e1t felel\u0151ss\u00e9ge a hat\u00e1rozatlans\u00e1g \u00e9s d\u00f6nt\u00e9sk\u00e9ptelens\u00e9g kiiktat\u00e1sa a keresked\u00e9si folyamatb\u00f3l. Felhaszn\u00e1lhatja mindkett\u0151t (a szoftver gener\u00e1lt \u00e9s a szak\u00e9rt\u0151k javaslatait) egy\u00fcttesen, egy biztos, nincsenek 100%-ban megb\u00edzhat\u00f3 keresked\u00e9si jelz\u00e9sek.<\/p>\n","protected":false},"excerpt":{"rendered":"<p>Forex keresked\u00e9si jelz\u00e9sek\u00a0el\u0151re jelezhetik a profitot \u00e9s\u00a0vesztes\u00e9get a devizapiacokon. A devizap\u00e1r \u00e1tv\u00e1lt\u00e1si ar\u00e1nya adott id\u0151pontban szolg\u00e1lhat a keresked\u0151k\u00a0k\u00f6vetkez\u0151 tranzakci\u00f3ja alapj\u00e1ul. \u00c9vek hossz\u00fa gyakorlata, fegyelme \u00e9s megfigyel\u00e9se kell, hogy meghat\u00e1rozzuk mely&hellip;<\/p>\n","protected":false},"author":4,"featured_media":8888,"parent":0,"menu_order":0,"comment_status":"open","ping_status":"open","template":"","meta":[],"tags":[1754,1804,1803,1729,1802,1801,1627,824],"_links":{"self":[{"href":"https:\/\/choose-forex.com\/hu\/wp-json\/wp\/v2\/pages\/6494\/"}],"collection":[{"href":"https:\/\/choose-forex.com\/hu\/wp-json\/wp\/v2\/pages\/"}],"about":[{"href":"https:\/\/choose-forex.com\/hu\/wp-json\/wp\/v2\/types\/page\/"}],"author":[{"embeddable":true,"href":"https:\/\/choose-forex.com\/hu\/wp-json\/wp\/v2\/users\/4\/"}],"replies":[{"embeddable":true,"href":"https:\/\/choose-forex.com\/hu\/wp-json\/wp\/v2\/comments\/?post=6494"}],"version-history":[{"count":6,"href":"https:\/\/choose-forex.com\/hu\/wp-json\/wp\/v2\/pages\/6494\/revisions\/"}],"predecessor-version":[{"id":6510,"href":"https:\/\/choose-forex.com\/hu\/wp-json\/wp\/v2\/pages\/6494\/revisions\/6510\/"}],"wp:featuredmedia":[{"embeddable":true,"href":"https:\/\/choose-forex.com\/hu\/wp-json\/wp\/v2\/media\/8888\/"}],"wp:attachment":[{"href":"https:\/\/choose-forex.com\/hu\/wp-json\/wp\/v2\/media\/?parent=6494"}],"wp:term":[{"taxonomy":"post_tag","embeddable":true,"href":"https:\/\/choose-forex.com\/hu\/wp-json\/wp\/v2\/tags\/?post=6494"}],"curies":[{"name":"wp","href":"https:\/\/api.w.org\/{rel}","templated":true}]}}