{"id":651,"date":"2012-05-15T18:17:08","date_gmt":"2012-05-15T18:17:08","guid":{"rendered":"http:\/\/wp1.choose-forex.com\/?p=651"},"modified":"2012-05-15T18:17:08","modified_gmt":"2012-05-15T18:17:08","slug":"a-markets-com-brokerceg-ertekelese","status":"publish","type":"page","link":"https:\/\/choose-forex.com\/hu\/a-markets-com-brokerceg-ertekelese\/","title":{"rendered":"A Markets.com Br\u00f3kerc\u00e9g \u00c9rt\u00e9kel\u00e9se"},"content":{"rendered":"<br \/>\n<style type=\"text\/css\"><!--\n\t\t@page { margin: 0.79in }\n\t\tP { margin-bottom: 0.08in }\n\t\tA:link { so-language: zxx }\n\t-->\n<!--\/*--><![CDATA[\/* ><!--*\/\n\n\n\/*--><!]]>*\/\n<\/style>\n<p lang=\"hu-HU\" style=\"margin-bottom: 0in\" xml:lang=\"hu-HU\">A <a href=\"http:\/\/bravafx.com\/article\/az-avafx-brokerceg-ertekelese#.UetmsKz7ZCM\"><strong>Markets.com<\/strong> br\u00f3kerc\u00e9g <\/a>a Safecap Investments Limited kereskedelmi m\u00e1rk\u00e1ja, a Cysec ellen\u0151rz\u00e9se alatt \u00e1ll\u00f3 forex \u00e9s CFD br\u00f3ker. 2010-ben megnyerte A Leggyorsabban n\u00f6vekv\u0151 br\u00f3ker d\u00edjat, nemr\u00e9giben nyitott irod\u00e1t Nagy-Britanni\u00e1ban, Lengyelorsz\u00e1gban, Oroszorsz\u00e1gban, Rom\u00e1ni\u00e1ban, Franciaorsz\u00e1gban \u00e9s N\u00e9metorsz\u00e1gban. M\u00e9g t\u00f6bb iroda nyit\u00e1s\u00e1t jelentette be.<\/p>\n<p lang=\"hu-HU\" style=\"margin-bottom: 0in;\" xml:lang=\"hu-HU\">A c\u00e9g a hazai traderek sz\u00e1m\u00e1ra k\u00e9nyelmesen haszn\u00e1lhat\u00f3 magyar nyelv\u0171 honlapot \u00fczemeltet, s\u0151t az \u00fcgyf\u00e9lszolg\u00e1lat magyar telefonsz\u00e1mon is el\u00e9rhet\u0151.<\/p>\n<p>A <strong><a href=\"http:\/\/www.markets.com\/\" target=\"_blank\">Markets.com <\/a><\/strong>az egyik leggyorsabban n\u00f6vekv\u0151 br\u00f3kerc\u00e9g a vil\u00e1gon, kutat\u00e1si csoportjuk \u00e1tfog\u00f3 kutat\u00e1sokat \u00e9s m\u00e9lyrehat\u00f3 piaci elemz\u00e9seket k\u00e9sz\u00edt. <a href=\"http:\/\/bravafx.com\/article\/kozossegi-kereskedes\">K\u00f6z\u00f6ss\u00e9gi keresked\u00e9s<\/a>i rendszer\u00fck seg\u00edthet a j\u00f3 keresked\u00e9si d\u00f6nt\u00e9sek meghoz\u00e1s\u00e1ban. Ha egy trader nem biztos egy \u00fcgyletet illet\u0151en, megn\u00e9zheti, m\u00e1sok mit csin\u00e1lnak, \u00e9s ut\u00e1nozhatja \u0151ket. A traderek megn\u00e9zhetnek k\u00fcl\u00f6nb\u00f6z\u0151 strat\u00e9gi\u00e1kat \u00e9s kiv\u00e1laszthatj\u00e1k, melyiket install\u00e1lj\u00e1k a <a href=\"http:\/\/bravafx.com\/article\/kereskedesi-platformok#.UetpRaz7ZCM\">forex platform<\/a>jukra. Telep\u00edt\u00e9s ut\u00e1n a strat\u00e9gia automatikusan kereskedik a be\u00e1ll\u00edtott param\u00e9terek alapj\u00e1n.<\/p>\n<p>Tov\u00e1bbi el\u0151ny, hogy ha megh\u00edvja egy ismer\u0151s\u00e9t, b\u00f3nuszt kap, de az ismer\u0151s is jutalomban r\u00e9szes\u00fcl. \u00cdgy m\u00e9g keresked\u00e9s n\u00e9lk\u00fcl is lehet p\u00e9nzt csin\u00e1lni a <strong><a href=\"http:\/\/www.markets.com\/\" target=\"_blank\">Markets.com<\/a><\/strong> honlappal.<\/p>\n<p lang=\"hu-HU\" style=\"margin-bottom: 0in\" xml:lang=\"hu-HU\">Befektet\u00e9si d\u00f6nt\u00e9s el\u0151tt tan\u00e1csos tesztelni \u0151ket, \u00e9s kipr\u00f3b\u00e1lni a demo sz\u00e1ml\u00e1jukat.<\/p>\n<p>\u00a0\u00a0\u00a0\u00a0<\/p>\n<p><style type=\"text\/css\"><!--\n\t\t@page { margin: 0.79in }\n\t\tP { margin-bottom: 0.08in }\n\t--><![CDATA[\t]]>\n<!--\/*--><![CDATA[\/* ><!--*\/\n\n\n\/*--><!]]>*\/\n<\/style>\n<\/p>\n<p lang=\"hu-HU\" style=\"margin-bottom: 0in\" xml:lang=\"hu-HU\"><strong><u>\u00c1ltal\u00e1nos adatok:<\/u><\/strong><\/p>\n<table border=\"1\" cellpadding=\"1\" cellspacing=\"1\" style=\"width: 500px;\">\n<tbody>\n<tr>\n<td style=\"width: 187px;\">\n<style type=\"text\/css\"><!--\n\t\t@page { margin: 0.79in }\n\t\tTD P { margin-bottom: 0in }\n\t\tP { margin-bottom: 0.08in }\n\t--><![CDATA[\t\t\t\t]]>\n<!--\/*--><![CDATA[\/* ><!--*\/\n\n\n\/*--><!]]>*\/\n<\/style>\n<p style=\"margin-bottom: 0.2in\">A br\u00f3kerc\u00e9g sz\u00e9khelye:<\/p>\n<\/td>\n<td style=\"width: 299px;\">\n\t\t\t\tCiprus<\/td>\n<\/tr>\n<tr>\n<td style=\"width: 187px;\">\n<style type=\"text\/css\"><!--\n\t\t@page { margin: 0.79in }\n\t\tTD P { margin-bottom: 0in }\n\t\tP { margin-bottom: 0.08in }\n\t--><![CDATA[\t\t\t\t]]>\n<!--\/*--><![CDATA[\/* ><!--*\/\n\n\n\/*--><!]]>*\/\n<\/style>\n<p style=\"margin-bottom: 0.2in\">Tov\u00e1bbi irod\u00e1i:<\/p>\n<\/td>\n<td style=\"width: 299px;\">\n\t\t\t\tNagy-Britannia, Franciaorsz\u00e1g, Olaszorsz\u00e1g, Spanyolorsz\u00e1g, Hollandia, N\u00e9metorsz\u00e1g, Sv\u00e9dorsz\u00e1g, D\u00e1nia, Magyarorsz\u00e1g, Lengyelorsz\u00e1g, Oroszorsz\u00e1g, Rom\u00e1nia<\/td>\n<\/tr>\n<tr>\n<td style=\"width: 187px;\">\n<style type=\"text\/css\"><!--\n\t\t@page { margin: 0.79in }\n\t\tTD P { margin-bottom: 0in }\n\t\tP { margin-bottom: 0.08in }\n\t--><![CDATA[\t\t\t\t]]>\n<!--\/*--><![CDATA[\/* ><!--*\/\n\n\n\/*--><!]]>*\/\n<\/style>\n<p style=\"margin-bottom: 0.2in\">Alap\u00edtva:<\/p>\n<\/td>\n<td style=\"width: 299px;\">\n\t\t\t\t2008<\/td>\n<\/tr>\n<tr>\n<td style=\"width: 187px;\">\n<style type=\"text\/css\"><!--\n\t\t@page { margin: 0.79in }\n\t\tTD P { margin-bottom: 0in }\n\t\tP { margin-bottom: 0.08in }\n\t--><![CDATA[\t\t\t\t]]>\n<!--\/*--><![CDATA[\/* ><!--*\/\n\n\n\/*--><!]]>*\/\n<\/style>\n<p style=\"margin-bottom: 0.2in\">Ellen\u0151rz\u0151 szervek:<\/p>\n<\/td>\n<td style=\"width: 299px;\">\n\t\t\t\tNagy-Britannia &#8211; FSA, Franciaorsz\u00e1g &#8211; BDF, Olaszorsz\u00e1g &#8211; CONSOB, Spanyolorsz\u00e1g &#8211; CNMV, Hollandia &#8211; AFM, N\u00e9metorsz\u00e1g &#8211; BAFIN, Sv\u00e9dorsz\u00e1g &#8211; FI, D\u00e1nia &#8211; a d\u00e1n FSA, Magyarorsz\u00e1g &#8211; PSZ\u00c1F<\/td>\n<\/tr>\n<tr>\n<td style=\"width: 187px;\">\n<style type=\"text\/css\"><!--\n\t\t@page { margin: 0.79in }\n\t\tTD P { margin-bottom: 0in }\n\t\tP { margin-bottom: 0.08in }\n\t--><![CDATA[\t\t\t\t]]>\n<!--\/*--><![CDATA[\/* ><!--*\/\n\n\n\/*--><!]]>*\/\n<\/style>\n<p style=\"margin-bottom: 0.2in\">\u00dcgyf\u00e9lsz\u00e1ml\u00e1k elk\u00fcl\u00f6n\u00edt\u00e9se:<\/p>\n<\/td>\n<td style=\"width: 299px;\">\n\t\t\t\tIgen<\/td>\n<\/tr>\n<\/tbody>\n<\/table>\n<p><style type=\"text\/css\"><!--\n\t\t@page { margin: 0.79in }\n\t\tP { margin-bottom: 0.08in }\n\t--><![CDATA[\t]]>\n<!--\/*--><![CDATA[\/* ><!--*\/\n\n\n\/*--><!]]>*\/\n<\/style>\n<\/p>\n<p><strong><u>Keresked\u00e9si felt\u00e9telek:<\/u><\/strong><\/p>\n<table border=\"1\" cellpadding=\"1\" cellspacing=\"1\" style=\"width: 509px; height: 210px;\">\n<tbody>\n<tr>\n<td style=\"width: 194px;\">\n<p>Web platform<\/p>\n<p>\u00a0<\/p>\n<\/td>\n<td style=\"width: 301px;\">\n\t\t\t\tMarket Web Trader, Market Java Trader<\/td>\n<\/tr>\n<tr>\n<td style=\"width: 194px;\">\n<style type=\"text\/css\"><!--\n\t\t@page { margin: 0.79in }\n\t\tTD P { margin-bottom: 0in }\n\t\tP { margin-bottom: 0.08in }\n\t--><![CDATA[\t\t\t\t]]>\n<!--\/*--><![CDATA[\/* ><!--*\/\n\n\n\/*--><!]]>*\/\n<\/style>\n<p style=\"margin-bottom: 0.2in\">Let\u00f6lthet\u0151 platform<\/p>\n<\/td>\n<td style=\"width: 301px;\">\n\t\t\t\t<a href=\"http:\/\/bravafx.com\/article\/osszehasonlito-tablazat-brokerekrol#.UetwBqz7ZCM\">MetaTrader 4 <\/a>(MT4), Market Trader<\/td>\n<\/tr>\n<tr>\n<td style=\"width: 194px;\">\n<p>Spread<\/p>\n<p>\u00a0<\/p>\n<\/td>\n<td style=\"width: 301px;\">\n\t\t\t\tV\u00e1laszthat\u00f3 r\u00f6gz\u00edtett vagy v\u00e1ltoz\u00f3<\/td>\n<\/tr>\n<tr>\n<td style=\"width: 194px;\">\n<style type=\"text\/css\"><!--\n\t\t@page { margin: 0.79in }\n\t\tTD P { margin-bottom: 0in }\n\t\tP { margin-bottom: 0.08in }\n\t--><![CDATA[\t\t\t\t]]>\n<!--\/*--><![CDATA[\/* ><!--*\/\n\n\n\/*--><!]]>*\/\n<\/style>\n<p style=\"margin-bottom: 0.2in\">Garant\u00e1lt stop loss<\/p>\n<\/td>\n<td style=\"width: 301px;\">\n<style type=\"text\/css\"><!--\n\t\t@page { margin: 0.79in }\n\t\tTD P { margin-bottom: 0in }\n\t\tP { margin-bottom: 0.08in }\n\t--><![CDATA[\t\t\t\t]]>\n<!--\/*--><![CDATA[\/* ><!--*\/\n\n\n\/*--><!]]>*\/\n<\/style>\n<p style=\"margin-bottom: 0.2in\">A megb\u00edz\u00e1sokat a lehet\u0151 legjobb \u00e1ron teljes\u00edtik<\/p>\n<\/td>\n<\/tr>\n<tr>\n<td style=\"width: 194px;\">\n<style type=\"text\/css\"><!--\n\t\t@page { margin: 0.79in }\n\t\tTD P { margin-bottom: 0in }\n\t\tP { margin-bottom: 0.08in }\n\t--><![CDATA[\t\t\t\t]]>\n<!--\/*--><![CDATA[\/* ><!--*\/\n\n\n\/*--><!]]>*\/\n<\/style>\n<p style=\"margin-bottom: 0.2in\">K\u00f6vet\u0151 stop loss<\/p>\n<\/td>\n<td style=\"width: 301px;\">\n\t\t\t\tKliens oldali<\/td>\n<\/tr>\n<tr>\n<td style=\"width: 194px;\">\n<style type=\"text\/css\"><!--\n\t\t@page { margin: 0.79in }\n\t\tTD P { margin-bottom: 0in }\n\t\tP { margin-bottom: 0.08in }\n\t--><![CDATA[\t\t\t\t]]>\n<!--\/*--><![CDATA[\/* ><!--*\/\n\n\n\/*--><!]]>*\/\n<\/style>\n<p style=\"margin-bottom: 0.2in\">Skalpol\u00e1s<\/p>\n<\/td>\n<td style=\"width: 301px;\">\n<style type=\"text\/css\"><!--\n\t\t@page { margin: 0.79in }\n\t\tTD P { margin-bottom: 0in }\n\t\tP { margin-bottom: 0.08in }\n\t--><![CDATA[\t\t\t\t]]>\n<!--\/*--><![CDATA[\/* ><!--*\/\n\n\n\/*--><!]]>*\/\n<\/style>\n<p style=\"margin-bottom: 0.2in\">Megengedett<\/p>\n<\/td>\n<\/tr>\n<tr>\n<td style=\"width: 194px;\">\n<style type=\"text\/css\"><!--\n\t\t@page { margin: 0.79in }\n\t\tTD P { margin-bottom: 0in }\n\t\tP { margin-bottom: 0.08in }\n\t--><![CDATA[\t\t\t\t]]>\n<!--\/*--><![CDATA[\/* ><!--*\/\n\n\n\/*--><!]]>*\/\n<\/style>\n<p style=\"margin-bottom: 0.2in\">OCO megb\u00edz\u00e1sok<\/p>\n<\/td>\n<td style=\"width: 301px;\">\n\t\t\t\tEl\u00e9rhet\u0151ek<\/td>\n<\/tr>\n<tr>\n<td style=\"width: 194px;\">\n<style type=\"text\/css\"><!--\n\t\t@page { margin: 0.79in }\n\t\tTD P { margin-bottom: 0in }\n\t\tP { margin-bottom: 0.08in }\n\t--><![CDATA[\t\t\t\t]]>\n<!--\/*--><![CDATA[\/* ><!--*\/\n\n\n\/*--><!]]>*\/\n<\/style>\n<p style=\"margin-bottom: 0.2in\">\n<style type=\"text\/css\"><!--\n\t\t@page { margin: 0.79in }\n\t\tTD P { margin-bottom: 0in }\n\t\tP { margin-bottom: 0.08in }\n\t--><![CDATA[\t\t\t\t\t]]>\n<!--\/*--><![CDATA[\/* ><!--*\/\n\n\n\/*--><!]]>*\/\n<\/style>\n<\/p>\n<p style=\"margin-bottom: 0.2in\">Demo sz\u00e1mla<\/p>\n<\/td>\n<td style=\"width: 301px;\">\n\t\t\t\tIgen &#8211; <a href=\"http:\/\/www.markets.com\/lp\/campaigns\/registration\/en\/demo.html?#\" target=\"_blank\"><strong>Demo sz\u00e1mla nyit\u00e1sa<\/strong><\/a><\/td>\n<\/tr>\n<tr>\n<td style=\"width: 194px;\">\n<style type=\"text\/css\"><!--\n\t\t@page { margin: 0.79in }\n\t\tTD P { margin-bottom: 0in }\n\t\tP { margin-bottom: 0.08in }\n\t--><![CDATA[\t\t\t\t]]>\n<!--\/*--><![CDATA[\/* ><!--*\/\n\n\n\/*--><!]]>*\/\n<\/style>\n<p style=\"margin-bottom: 0.2in\">\u00c9les sz\u00e1mlat\u00edpusok<\/p>\n<p>1 &#8211; 100.000 Lot<\/p>\n<p>Mimimum tranzakci\u00f3m\u00e9ret &#8211; 0.01 Lots<\/p>\n<p><a href=\"http:\/\/www.markets.com\/lp\/campaigns\/registration\/en\/live.html?#\" target=\"_blank\"><strong>\u00c9les sz\u00e1mla nyit\u00e1sa<\/strong><\/a><\/p>\n<p><a href=\"http:\/\/bravafx.com\/node\/255\/edit#.Uetndqz7ZCM\">http:\/\/bravafx.com\/node\/255\/edit#.Uetndqz7ZCM<\/a><\/p>\n<p><!-- AddThis Button BEGIN --><\/p>\n<div class=\"addthis_toolbox addthis_default_style \">\n\t\t\t\t\t\u00a0<\/div>\n<p><script type=\"text\/javascript\">\n<!--\/\/--><![CDATA[\/\/ ><!--\nvar addthis_config = {\"data_track_addressbar\":true};\n\/\/--><!]]>\n<\/script><script type=\"text\/javascript\" src=\"http:\/\/s7.addthis.com\/js\/250\/addthis_widget.js#pubid=ra-4f8cf2685b632727\"><\/script><!-- AddThis Button END --><!-- AddThis Button BEGIN --><\/p>\n<div class=\"addthis_toolbox addthis_default_style \">\n\t\t\t\t\t\u00a0<\/div>\n<p><script type=\"text\/javascript\">\n<!--\/\/--><![CDATA[\/\/ ><!--\nvar addthis_config = {\"data_track_addressbar\":true};\n\/\/--><!]]>\n<\/script><script type=\"text\/javascript\" src=\"http:\/\/s7.addthis.com\/js\/250\/addthis_widget.js#pubid=ra-4f8cf2685b632727\"><\/script><!-- AddThis Button END --><\/p>\n<p>\u00a0<\/p>\n<p>\u00a0<\/p>\n<\/td>\n<\/tr>\n<\/tbody>\n<\/table>\n<p>\u00a0<\/p>\n","protected":false},"excerpt":{"rendered":"<p>A Markets.com br\u00f3kerc\u00e9g a Safecap Investments Limited kereskedelmi m\u00e1rk\u00e1ja, a Cysec ellen\u0151rz\u00e9se alatt \u00e1ll\u00f3 forex \u00e9s CFD br\u00f3ker. 2010-ben megnyerte A Leggyorsabban n\u00f6vekv\u0151 br\u00f3ker d\u00edjat, nemr\u00e9giben nyitott irod\u00e1t Nagy-Britanni\u00e1ban, Lengyelorsz\u00e1gban,&hellip;<\/p>\n","protected":false},"author":1,"featured_media":0,"parent":0,"menu_order":0,"comment_status":"open","ping_status":"open","template":"","meta":[],"tags":[684,785,786,784,231],"_links":{"self":[{"href":"https:\/\/choose-forex.com\/hu\/wp-json\/wp\/v2\/pages\/651\/"}],"collection":[{"href":"https:\/\/choose-forex.com\/hu\/wp-json\/wp\/v2\/pages\/"}],"about":[{"href":"https:\/\/choose-forex.com\/hu\/wp-json\/wp\/v2\/types\/page\/"}],"author":[{"embeddable":true,"href":"https:\/\/choose-forex.com\/hu\/wp-json\/wp\/v2\/users\/1\/"}],"replies":[{"embeddable":true,"href":"https:\/\/choose-forex.com\/hu\/wp-json\/wp\/v2\/comments\/?post=651"}],"version-history":[{"count":0,"href":"https:\/\/choose-forex.com\/hu\/wp-json\/wp\/v2\/pages\/651\/revisions\/"}],"wp:attachment":[{"href":"https:\/\/choose-forex.com\/hu\/wp-json\/wp\/v2\/media\/?parent=651"}],"wp:term":[{"taxonomy":"post_tag","embeddable":true,"href":"https:\/\/choose-forex.com\/hu\/wp-json\/wp\/v2\/tags\/?post=651"}],"curies":[{"name":"wp","href":"https:\/\/api.w.org\/{rel}","templated":true}]}}