{"id":656,"date":"2012-05-15T14:52:55","date_gmt":"2012-05-15T14:52:55","guid":{"rendered":"http:\/\/wp1.choose-forex.com\/?p=656"},"modified":"2016-06-24T07:15:48","modified_gmt":"2016-06-24T07:15:48","slug":"forex-indikatorok","status":"publish","type":"page","link":"https:\/\/choose-forex.com\/hu\/forex-indikatorok\/","title":{"rendered":"Forex Indik\u00e1torok"},"content":{"rendered":"<p style=\"text-align: justify;\">Ebben a bejegyz\u00e9sben a leggyakrabban haszn\u00e1lt Forex indik\u00e1torok t\u00edpusait ismertetj\u00fck.<\/p>\n<p style=\"text-align: justify;\">A tapasztaltabb traderek k\u00f6z\u00fcl n\u00e9h\u00e1nyan puszt\u00e1n egyszer\u0171 grafikonokat n\u00e9znek, indik\u00e1torok n\u00e9lk\u00fcl, csak az \u00e1rak alakul\u00e1s\u00e1t haszn\u00e1lj\u00e1k a devizap\u00e1r j\u00f6v\u0151beli mozg\u00e1s\u00e1nak el\u0151rejelz\u00e9s\u00e9hez. Ez a sokat emlegetett &#8220;grafikonolvas\u00e1s&#8221;. Sajnos, nem minden trader k\u00e9pes ezt nagy pontoss\u00e1ggal kivitelezni, \u00edgy egy kis technikai seg\u00edts\u00e9gre van sz\u00fcks\u00e9g. Ezt a seg\u00edts\u00e9get megadhatj\u00e1k a Forex indik\u00e1torok.<\/p>\n<p style=\"text-align: justify;\">Minden keresked\u0151nek alaposan meg kell ismernie az indik\u00e1torokat, tudnia kell, hogyan m\u0171k\u00f6dnek \u00e9s hogyan seg\u00edthetnek benn\u00fcnket a c\u00e9lunkhoz, \u00fagyhogy csapjunk\u00a0is bele.<\/p>\n<h2 style=\"text-align: center;\">Forex Indik\u00e1torok &#8211; V\u00e1gjunk Bele!<\/h2>\n<h3 style=\"text-align: justify;\"><u><strong>A Forex indik\u00e1torok csoportos\u00edt\u00e1sa:<\/strong><\/u><\/h3>\n<p style=\"text-align: justify;\">Az indik\u00e1torok k\u00e9t nagy csoportra oszthat\u00f3ak: k\u00f6vet\u0151 indik\u00e1torok \u00e9s vezet\u0151 indik\u00e1torok. A tov\u00e1bbiakban mindk\u00e9t csoportot t\u00e1rgyaljuk.<\/p>\n<p style=\"text-align: justify;\"><strong>A vezet\u0151 Forex indik\u00e1torok (oszcill\u00e1torok):<\/strong>Az\u00e9rt nevezik \u0151ket vezet\u0151 indik\u00e1toroknak, mert a t\u00falv\u00e1s\u00e1rolt \u00e9s t\u00faladott szintek meghat\u00e1roz\u00e1s\u00e1val id\u0151ben figyelmeztetnek a trend megfordul\u00e1s\u00e1ra.<\/p>\n<p lang=\"hu-HU\" style=\"margin-bottom: 0in; text-align: justify;\" xml:lang=\"hu-HU\">A leggyakrabban haszn\u00e1lt oszcill\u00e1torok k\u00f6z\u00e9 tartozik az RSI (Relative Strength Index = relat\u00edv er\u0151ss\u00e9g-index), \u00e9s a sztochasztikus oszcill\u00e1tor.<\/p>\n<h3 style=\"text-align: justify;\"><strong>Az RSI:<\/strong><\/h3>\n<p style=\"text-align: justify;\">Az RSI megk\u00eds\u00e9rli a t\u00falv\u00e1s\u00e1rolt \u00e9s t\u00faladott szintek meghat\u00e1roz\u00e1s\u00e1t, \u00e9s ennek sor\u00e1n 0-t\u00f3l 100-ig terjed\u0151 \u00e9rt\u00e9ket vesz fel.<\/p>\n<p style=\"text-align: justify;\">Az RSI n\u00f6veked\u00e9se jelzi, hogy az \u00e1rak emelkednek, \u00e9s a v\u00e1s\u00e1rl\u00f3k uralj\u00e1k a piacot. Azonban az RSI 70-n\u00e9l nagyobb \u00e9rt\u00e9ke arra utal, hogy a devizap\u00e1r el\u00e9rte a t\u00falv\u00e1s\u00e1rolt tartom\u00e1nyt \u00e9s visszapattan\u00e1s, konszolid\u00e1ci\u00f3 vagy ak\u00e1r trendfordul\u00f3 is j\u00f6het.<\/p>\n<p lang=\"hu-HU\" style=\"margin-bottom: 0in; text-align: justify;\" xml:lang=\"hu-HU\">Az RSI cs\u00f6kken\u00e9se jelzi, hogy az \u00e1rak esnek \u00e9s az elad\u00f3k uralj\u00e1k a piacot. Viszont az RSI 30-n\u00e1l alacsonyabb \u00e9rt\u00e9k arra utal, hogy a devizap\u00e1r el\u00e9rte a t\u00faladott tartom\u00e1nyt \u00e9s visszapattan\u00e1s, konszolid\u00e1ci\u00f3 vagy ak\u00e1r trendfordul\u00f3 v\u00e1rhat\u00f3.<\/p>\n<p lang=\"hu-HU\" style=\"margin-bottom: 0in; text-align: justify;\" xml:lang=\"hu-HU\">A legjobb akkor eladni egy devizap\u00e1rt, amikor az RSI alulr\u00f3l felfel\u00e9 \u00e1tl\u00e9pte a 70-es szintet, \u00edgy el\u00e9rte a t\u00falv\u00e1s\u00e1rolt tartom\u00e1nyt, majd alacsonyabb \u00e1rak fel\u00e9 tartva fel\u00fclr\u0151l lefel\u00e9 is \u00e1tl\u00e9pte ezt a vonalat.<\/p>\n<p lang=\"hu-HU\" style=\"margin-bottom: 0in; text-align: justify;\" xml:lang=\"hu-HU\">Az al\u00e1bbi k\u00e9p seg\u00edti a jobb meg\u00e9rt\u00e9st:<\/p>\n<p style=\"text-align: justify;\"><a href=\"\/sites\/default\/files\/u46\/rsi.gif\" data-rel=\"penci-gallery-image-content\" ><img loading=\"lazy\" class=\"aligncenter\" style=\"width: 570px; height: 426px;\" src=\"\/sites\/default\/files\/u46\/rsi.gif\" alt=\"forex indik\u00e1torok\" width=\"800\" height=\"600\" \/><\/a><\/p>\n<p style=\"text-align: justify;\">Ennek ellenkez\u0151je vonatkozik egy devizap\u00e1r megv\u00e1s\u00e1rl\u00e1s\u00e1ra, csak a 30-as (t\u00faladott) szintet kell figyelembe venni.<\/p>\n<p lang=\"hu-HU\" style=\"margin-bottom: 0in; text-align: justify;\" xml:lang=\"hu-HU\">Az RSI 50-es \u00e9rt\u00e9k\u00e9t is fel lehet haszn\u00e1lni a trend azonos\u00edt\u00e1s\u00e1ra. Ha a trader &#8211; m\u00e1s t\u00e9nyez\u0151k alapj\u00e1n &#8211; azt gondolja, hogy egy trend kezd\u0151dik, az RSI-t meger\u0151s\u00edt\u00e9sk\u00e9nt haszn\u00e1lhatja, amikor \u00e1tl\u00e9pi az 50-es \u00e9rt\u00e9ket.<\/p>\n<p lang=\"hu-HU\" style=\"margin-bottom: 0in; text-align: justify;\" xml:lang=\"hu-HU\">Az RSI egyik leghat\u00e9konyabb felhaszn\u00e1l\u00e1sa a divergencia kimutat\u00e1sa. Ez az \u00f6sszes oszcill\u00e1torra jellemz\u0151. Tekintettel arra, hogy a divergencia nagyon hat\u00e9kony eszk\u00f6z, egy m\u00e1sik fejezetet sz\u00e1nunk a r\u00e9szletesen ismertet\u00e9s\u00e9re.<\/p>\n<p style=\"text-align: justify;\">Az RSI alap\u00e9rtelmezett peri\u00f3dusa 14. Enn\u00e9l kisebb \u00e9rt\u00e9k gyorsabb RSI-t eredm\u00e9nyez (\u00e1m nagyobb val\u00f3sz\u00edn\u0171s\u00e9ggel jelen\u00edt meg hamis jelz\u00e9seket), m\u00edg a nagyobb \u00e9rt\u00e9k lelass\u00edtja, \u00edgy kevesebb jelz\u00e9st ad. Minden tradernek meg kell tal\u00e1lnia a neki legjobban megfelel\u0151 be\u00e1ll\u00edt\u00e1st.<\/p>\n<p style=\"text-align: justify;\">Azt javasoljuk, hogy haszn\u00e1lja az alap\u00e9rtelmezett \u00e9rt\u00e9ket, am\u00edg jobban hozz\u00e1szokik, \u00e9s sz\u00fcks\u00e9g\u00e9t \u00e9rzi, hogy megv\u00e1ltoztassa a peri\u00f3dust.<\/p>\n<p style=\"text-align: justify;\">Mint minden oszcill\u00e1tor, az RSI is jobb jelz\u00e9seket ad oldalaz\u00f3 piacon, de er\u0151s trend eset\u00e9n k\u00f6nnyen hib\u00e1zhat, ez\u00e9rt a k\u00f6vetkez\u0151 keresked\u00e9s ir\u00e1ny\u00e1nak meghat\u00e1roz\u00e1sakor soha nem szabad kiz\u00e1r\u00f3lagos keresked\u00e9si jelz\u00e9sk\u00e9nt haszn\u00e1lni, csak m\u00e1s t\u00e9nyez\u0151kkel kieg\u00e9sz\u00edtve.<\/p>\n<p lang=\"hu-HU\" style=\"margin-bottom: 0in; text-align: justify;\" xml:lang=\"hu-HU\"><strong>A sztochasztikus indik\u00e1tor:<\/strong><\/p>\n<p style=\"text-align: justify;\">Az RSI-hez hasonl\u00f3an, a sztochasztikus indik\u00e1tor is 0-t\u00f3l 100-ig terjed, \u00e9s a t\u00falv\u00e1s\u00e1rolt \u00e9s t\u00faladott szinteket azonos\u00edtja. Ugyan\u00fagy k\u00e9t szintet haszn\u00e1l, de ezek a 20 (t\u00faladott) \u00e9s a 80 (t\u00falv\u00e1s\u00e1rolt). Csak\u00fagy, mint az RSI eset\u00e9n, t\u00faladott tartom\u00e1nyban kell v\u00e1s\u00e1rolni \u00e9s t\u00falv\u00e1s\u00e1rolt id\u0151szakban eladni.<\/p>\n<p style=\"margin-bottom: 0in; text-align: justify;\"><span lang=\"hu-HU\" xml:lang=\"hu-HU\">A sztochasztikus indik\u00e1tor k\u00e9t vonalb\u00f3l \u00e1ll. Az egyik gyorsabb, a m\u00e1sik pedig lassabb. Ez \u00faj jelz\u00e9st ad a tradernek \u2013 a sztochasztikus <\/span><em><span style=\"font-style: normal;\">keresztez\u0151d\u00e9st<\/span><\/em><span lang=\"hu-HU\" xml:lang=\"hu-HU\"><span style=\"font-style: normal;\">.<\/span><\/span><span lang=\"hu-HU\" xml:lang=\"hu-HU\"> Amikor a sztochasztikus indik\u00e1tor t\u00falv\u00e1s\u00e1rolt tartom\u00e1nyban tal\u00e1lhat\u00f3 (a 80-as szint felett), a gyorsabb vonal lefel\u00e9 keresztezi lassabb vonalat \u00e9s mindk\u00e9t vonal elhagyja a t\u00falv\u00e1s\u00e1rolt tartom\u00e1nyt, j\u00f3 okunk van arra, hogy eladjunk. <\/span><\/p>\n<p style=\"margin-bottom: 0in; text-align: justify;\"><span lang=\"hu-HU\" xml:lang=\"hu-HU\">Az al\u00e1bbi k\u00e9p seg\u00edt a jobb meg\u00e9rt\u00e9sben:<\/span><\/p>\n<p style=\"text-align: justify;\"><a href=\"http:\/\/choose-forex.com\/wp-content\/uploads\/2012\/05\/stoch.gif\" data-rel=\"penci-gallery-image-content\" ><img loading=\"lazy\" class=\"aligncenter wp-image-8817\" src=\"http:\/\/choose-forex.com\/wp-content\/uploads\/2012\/05\/stoch.gif\" alt=\"stoch\" width=\"544\" height=\"408\" \/><\/a><\/p>\n<p style=\"text-align: justify;\">Az ellenkez\u0151 vonatkozik egy devizap\u00e1r megv\u00e1s\u00e1rl\u00e1s\u00e1ra, csak a 20-as (t\u00faladott) szintet kell figyelembe venni.<\/p>\n<p style=\"margin-bottom: 0in; text-align: justify;\"><span lang=\"hu-HU\" xml:lang=\"hu-HU\">A sztochasztikus indik\u00e1tor be\u00e1ll\u00edt\u00e1sa traderenk\u00e9nt elt\u00e9r\u0151. Csak\u00fagy, mint az RSI eset\u00e9ben, kisebb \u00e9rt\u00e9k gyorsabb indik\u00e1tort ad (\u00e1m nagyobb val\u00f3sz\u00edn\u0171s\u00e9ggel jelen\u00edt meg hamis jelz\u00e9seket), m\u00edg a nagyobb \u00e9rt\u00e9k lelass\u00edtja, \u00edgy kevesebb jelet ad. Minden tradernek meg kell tal\u00e1lnia a neki legjobban megfelel\u0151 a be\u00e1ll\u00edt\u00e1sokat. Abban az esetben, ha nem biztos benne, milyen be\u00e1ll\u00edt\u00e1sokat kellene haszn\u00e1lnia, dolgozzon az alap\u00e9rtelmezettekkel.<\/span><\/p>\n<p style=\"margin-bottom: 0in; text-align: justify;\"><span lang=\"hu-HU\" xml:lang=\"hu-HU\">Mint minden oszcill\u00e1tor, a sztochasztikus is jobb jelz\u00e9seket ad oldalaz\u00f3 piacon, de er\u0151s trend eset\u00e9ben k\u00f6nnyen hib\u00e1zhat, ez\u00e9rt a k\u00f6vetkez\u0151 keresked\u00e9s ir\u00e1ny\u00e1nak meg\u00e1llap\u00edt\u00e1sakor soha nem szabad kiz\u00e1r\u00f3lagos keresked\u00e9si jelz\u00e9sk\u00e9nt haszn\u00e1lni, csak m\u00e1s t\u00e9nyez\u0151kkel egy\u00fcttesen.<\/span><\/p>\n<p style=\"margin-bottom: 0in; text-align: justify;\"><u><strong>K\u00f6vet\u0151 Forex\u00a0indik\u00e1torok (momentum vagy trendk\u00f6vet\u0151 Forex indik\u00e1torok):<\/strong><\/u><\/p>\n<p lang=\"hu-HU\" style=\"margin-bottom: 0in; text-align: justify;\" xml:lang=\"hu-HU\">Mindannyian tudjuk, hogy \u201eA trend a bar\u00e1tunk\u201d. De hogyan tal\u00e1ljuk meg \u00e9s legf\u0151k\u00e9ppen, hogyan tal\u00e1ljuk meg, m\u00e9g miel\u0151tt elmegy? Sajnos nincs pontos v\u00e1lasz erre a nagy k\u00e9rd\u00e9sre, de be tudok mutatni egy p\u00e1r seg\u00edt\u0151t: az MACD-t \u00e9s a mozg\u00f3\u00e1tlagokat. Az al\u00e1bbiakban e k\u00e9t mutat\u00f3 legfontosabb tulajdons\u00e1gait tekintj\u00fck \u00e1t.<\/p>\n<p lang=\"hu-HU\" style=\"margin-bottom: 0in; text-align: justify;\" xml:lang=\"hu-HU\"><strong>MACD (Moving Average Convergence Divergence = mozg\u00f3\u00e1tlag konvergencia-divergencia):<\/strong><\/p>\n<p lang=\"hu-HU\" style=\"margin-bottom: 0in; text-align: justify;\" xml:lang=\"hu-HU\">Mivel az MACD nem oszcill\u00e1tor, nincs 0-100-ig terjed\u0151 tartom\u00e1nya, mint az RSI-nek \u00e9s a sztochasztikus indik\u00e1tornak. Az MACD k\u00e9t mozg\u00f3\u00e1tlagb\u00f3l (egy gyorsabb \u00e9s egy lassabb mozg\u00f3\u00e1tlagb\u00f3l) \u00e9s egy hisztogramb\u00f3l \u00e1ll.<\/p>\n<p lang=\"hu-HU\" style=\"margin-bottom: 0in; text-align: justify;\" xml:lang=\"hu-HU\">A hisztogram a k\u00e9t mozg\u00f3 \u00e1tlag k\u00fcl\u00f6nbs\u00e9g\u00e9t mutatja. Ez nagyobb, amikor a k\u00e9t vonal t\u00e1volodik egym\u00e1st\u00f3l, \u00e9s kisebb, amikor k\u00f6zelednek.<\/p>\n<p lang=\"hu-HU\" style=\"margin-bottom: 0in; text-align: justify;\" xml:lang=\"hu-HU\">Az MACD j\u00f3 momentum indik\u00e1tor, r\u00e1l\u00e1t\u00e1st ad a tradernek av\u00e1ltoz\u00e1sok er\u0151ss\u00e9g\u00e9re: ha a k\u00e9t vonal t\u00e1volodik (\u00e9s ebb\u0151l k\u00f6vetkez\u0151en a hisztogram nagyobb lesz), azt jelzi, hogy az \u00e1rv\u00e1ltoz\u00e1s er\u0151s. Amikor a k\u00e9t vonal \u00fajra k\u00f6zeledni kezd (konverg\u00e1l), a hisztogram kisebb lesz, jelezve, hogy a mozg\u00e1s hamarosan v\u00e9get \u00e9r, visszapattan\u00e1s j\u00f6n, vagy az \u00e1r nemsok\u00e1ra ellent\u00e9tes ir\u00e1nyba mozdul.<\/p>\n<p lang=\"hu-HU\" style=\"margin-bottom: 0in; text-align: justify;\" xml:lang=\"hu-HU\">Csak\u00fagy, mint a sztochasztikus Forex indik\u00e1torok eset\u00e9ben, a k\u00e9t vonal keresztez\u0151d\u00e9se v\u00e9teli vagy elad\u00e1si jelz\u00e9sk\u00e9nt haszn\u00e1lhat\u00f3. V\u00e9teli jel, ha a gyorsabb vonal felfel\u00e9 keresztezi a lassabbat \u00e9s elad\u00e1si jel, ha a gyorsabb vonal lefel\u00e9 keresztezi a lassabbat. Amikor az MACD a nulla felett tal\u00e1lhat\u00f3, bika piacot jelez. A nulla alatt medve piacot mutat.<\/p>\n<p lang=\"hu-HU\" style=\"margin-bottom: 0in; text-align: justify;\" xml:lang=\"hu-HU\">Az al\u00e1bbi k\u00e9p seg\u00edti a jobb meg\u00e9rt\u00e9st:<\/p>\n<p style=\"text-align: justify;\"><a href=\"\/sites\/default\/files\/u46\/macd.jpg\" data-rel=\"penci-gallery-image-content\"  target=\"_self\"><img class=\"aligncenter\" style=\"width: 548px; height: 336px;\" src=\"\/sites\/default\/files\/u46\/macd.jpg\" alt=\"forex indik\u00e1torok\" \/><\/a><\/p>\n<p lang=\"hu-HU\" style=\"margin-bottom: 0in; text-align: justify;\" xml:lang=\"hu-HU\">Az MACD alap\u00e9rtelmezett be\u00e1ll\u00edt\u00e1sa 12, 26, 9, de ezeken lehet v\u00e1ltoztatni, aszerint, hogy gyorsabb vagy lassabb, sim\u00e1bb MACD-t szeretne.<\/p>\n<p lang=\"hu-HU\" style=\"margin-bottom: 0in; text-align: justify;\" xml:lang=\"hu-HU\">Az MACD nagy h\u00e1tr\u00e1nya, hogy lemarad az \u00e1rak v\u00e1ltoz\u00e1sa m\u00f6g\u00f6tt, mert k\u00e9t mozg\u00f3\u00e1tlagb\u00f3l sz\u00e1rmazik, melyek term\u00e9szetszer\u0171leg le vannak maradva. Ennek ellen\u00e9re ez egy sok trader \u00e1ltal haszn\u00e1lt nagyszer\u0171 eszk\u00f6z.<\/p>\n<p lang=\"hu-HU\" style=\"margin-bottom: 0in; text-align: justify;\" xml:lang=\"hu-HU\">Az MACD haszn\u00e1lhat\u00f3 \u00f6n\u00e1ll\u00f3 indik\u00e1tork\u00e9nt, de nem aj\u00e1nlatos puszt\u00e1n egy mutat\u00f3ra alapozni a keresked\u00e9st, csak egy mutat\u00f3ra hagyatkozni.<\/p>\n<p lang=\"hu-HU\" style=\"margin-bottom: 0in; text-align: justify;\" xml:lang=\"hu-HU\"><strong>Mozg\u00f3\u00e1tlagok:<\/strong><\/p>\n<p lang=\"hu-HU\" style=\"margin-bottom: 0in; text-align: justify;\" xml:lang=\"hu-HU\">A mozg\u00f3\u00e1tlag (MA) egy \u00e1r &#8220;X&#8221; peri\u00f3duson kereszt\u00fcl sz\u00e1m\u00edtott \u00e1tlagos \u00e9rt\u00e9ke. P\u00e9ld\u00e1ul egy 50-es MA-t a grafikon 50 \u00e9rt\u00e9k\u00e9nek \u00e1tlagol\u00e1s\u00e1val sz\u00e1m\u00edtanak ki. Ha egy\u00f3r\u00e1s grafikont haszn\u00e1lnak, az MA 50 az elm\u00falt 50 \u00f3ra \u00e1tlagos \u00e1r\u00e1t sz\u00e1m\u00edtja ki. Ha napi grafikont haszn\u00e1lnak, az MA 50 az elm\u00falt 50 nap \u00e1tlag\u00e1r\u00e1t sz\u00e1m\u00edtja ki.<\/p>\n<p lang=\"hu-HU\" style=\"margin-bottom: 0in; text-align: justify;\" xml:lang=\"hu-HU\">A mozg\u00f3\u00e1tlagokat a traderek leggyakrabban az \u00e1rmozg\u00e1sok f\u0151 ir\u00e1ny\u00e1nak kimutat\u00e1s\u00e1ra haszn\u00e1lj\u00e1k, abban seg\u00edtenek, hogy el\u0151rejelezz\u00e9k a j\u00f6vend\u0151 \u00e1rmozg\u00e1sokat \u00e9s dinamikus t\u00e1maszt \u00e9s ellen\u00e1ll\u00e1st hat\u00e1roznak meg.<\/p>\n<p lang=\"hu-HU\" style=\"margin-bottom: 0in; text-align: justify;\" xml:lang=\"hu-HU\">Min\u00e9l kisebb a sz\u00e1m\u00edt\u00e1s alapj\u00e1ul szolg\u00e1l\u00f3 id\u0151szak, ann\u00e1l v\u00e1ltoz\u00e9konyabb az MA. P\u00e9ld\u00e1ul egy 5-\u00f6s MA jobban k\u00f6veti az \u00e1r mozg\u00e1s\u00e1t, mint egy 100-as MA, mindig (vagy az id\u0151 nagyobb r\u00e9sz\u00e9ben) az \u00e1rgrafikonon bel\u00fcl lesz, \u00edgy nem sok seg\u00edts\u00e9get ny\u00fajt. M\u00e1sr\u00e9szt az MA 100 jobban mutatja az \u00e1rv\u00e1ltoz\u00e1s ir\u00e1ny\u00e1t \u00e9s a dinamikus t\u00e1masz \u00e9s ellen\u00e1ll\u00e1st.<\/p>\n<p lang=\"hu-HU\" style=\"margin-bottom: 0in; text-align: justify;\" xml:lang=\"hu-HU\">K\u00fcl\u00f6nb\u00f6z\u0151 t\u00edpus\u00fa mozg\u00f3\u00e1tlagokat ismer\u00fcnk, mindegyiket elt\u00e9r\u0151 m\u00f3don egyenes\u00edti ki az \u00e1rmozg\u00e1sokat. A k\u00e9t legfontosabb: a Simple Moving Average (SMA), \u00e9s az Exponential Moving Average (EMA). Van n\u00e9h\u00e1ny egzotikus MA is, most ezekbe m\u00e9g nem \u00e1ssuk bele magunkat, \u00fagyhogy n\u00e9zz\u00fck el\u0151sz\u00f6r az alapokat.<\/p>\n<p style=\"text-align: justify;\"><strong>SMA (Simple Moving Average = egyszer\u0171 mozg\u00f3\u00e1tlag):<\/strong><\/p>\n<p lang=\"hu-HU\" style=\"margin-bottom: 0in; text-align: justify;\" xml:lang=\"hu-HU\">Az SMA-t a z\u00e1r\u00f3\u00e1rb\u00f3l sz\u00e1m\u00edtj\u00e1k ki. A k\u00e9plete egyszer\u0171, de nem sokat sz\u00e1m\u00edt most, mert az \u00f6sszes grafikonrajzol\u00f3 platform automatikusan kisz\u00e1m\u00edtja \u00e9s \u00e1br\u00e1zolja.<\/p>\n<p lang=\"hu-HU\" style=\"margin-bottom: 0in; text-align: justify;\" xml:lang=\"hu-HU\"><strong>EMA (Exponential Moving Average = exponenci\u00e1lis mozg\u00f3\u00e1tlag):<\/strong><\/p>\n<p lang=\"hu-HU\" style=\"margin-bottom: 0in; text-align: justify;\" xml:lang=\"hu-HU\">Az EMA a sz\u00e1m\u00edt\u00e1s sor\u00e1n nagyobb s\u00falyt ad a grafikon legut\u00f3bbi \u00e9rt\u00e9keinek (a legfrissebb \u00e1raknak) \u00edgy pontosabb k\u00e9pet ad az \u00e1rv\u00e1ltoz\u00e1s aktu\u00e1lis ir\u00e1ny\u00e1r\u00f3l, mert jobban l\u00e1ttatja, mit csin\u00e1lnak a keresked\u0151k mostan\u00e1ban, mint azt, hogy mit csin\u00e1ltak az \u00e1tlagsz\u00e1m\u00edt\u00e1s id\u0151szak\u00e1nak elej\u00e9n.<\/p>\n<p lang=\"hu-HU\" style=\"margin-bottom: 0in; text-align: justify;\" xml:lang=\"hu-HU\">A k\u00e9tfajta mozg\u00f3\u00e1tlag k\u00f6z\u00f6tti k\u00fcl\u00f6nbs\u00e9gek:<\/p>\n<p lang=\"hu-HU\" style=\"margin-bottom: 0in; text-align: justify;\" xml:lang=\"hu-HU\">Az SMA sz\u00e1m\u00edt\u00e1sakor az \u00f6sszes \u00e1r egyforma elb\u00e1n\u00e1sban r\u00e9szes\u00fcl. Az EMA sz\u00e1m\u00edt\u00e1sa sor\u00e1n nagyobb jelent\u0151s\u00e9get kapnak az utols\u00f3 \u00e1rak.<\/p>\n<p lang=\"hu-HU\" style=\"margin-bottom: 0in; text-align: justify;\" xml:lang=\"hu-HU\">Az al\u00e1bbi k\u00e9pen l\u00e1that\u00f3 a k\u00e9tfajta mozg\u00f3\u00e1tlag k\u00f6z\u00f6tti k\u00fcl\u00f6nbs\u00e9g:<\/p>\n<p style=\"text-align: justify;\"><a href=\"\/sites\/default\/files\/u46\/mas.jpg\" data-rel=\"penci-gallery-image-content\"  target=\"_self\"><img class=\"aligncenter\" style=\"width: 548px; height: 224px;\" src=\"\/sites\/default\/files\/u46\/mas.jpg\" alt=\"forex indik\u00e1torok\" \/><\/a><\/p>\n<p style=\"text-align: justify;\">A piros vonal az SMA \u00e9s a feh\u00e9r vonal az EMA. Mindkett\u0151 50 peri\u00f3dust haszn\u00e1l a sz\u00e1m\u00edt\u00e1shoz, de mint l\u00e1tjuk, az EMA k\u00f6zelebb van az \u00e1rhoz, mint az SMA. Ha az \u00e1r cs\u00f6kken, az EMA gyorsabban fordul az \u00e1rral, mint az SMA, \u00edgy gyorsabban kimutatja a v\u00e1ltoz\u00e1st.<\/p>\n<p lang=\"hu-HU\" style=\"margin-bottom: 0in; text-align: justify;\" xml:lang=\"hu-HU\">Azonban, ha az \u00e1rcs\u00f6kken\u00e9s csal\u00f3ka, \u00e9s az \u00e1r m\u00e9gis elkezdene gyorsan emelkedni, az SMA lenne a jobb v\u00e1laszt\u00e1s sz\u00e1munkra, mert ezt kev\u00e9sb\u00e9 \u00e9rinten\u00e9 a hamis \u00e1rmozg\u00e1s.<\/p>\n<p lang=\"hu-HU\" style=\"margin-bottom: 0in; text-align: justify;\" xml:lang=\"hu-HU\">Mint l\u00e1that\u00f3, minden mozg\u00f3\u00e1tlagnak megvannak az el\u0151nyei \u00e9s a h\u00e1tr\u00e1nyai, \u00e9s ez az oka annak, hogy minden tradernek meg kell tal\u00e1lnia a neki megfelel\u0151 t\u00edpus\u00fa \u00e9s peri\u00f3dus\u00fa mozg\u00f3\u00e1tlagot. \u00c1ltal\u00e1ban r\u00f6videbb peri\u00f3dus\u00fa MA hasznosabb hosszabb id\u0151tartamokra, m\u00edg a hosszabb peri\u00f3dus\u00fa MA jobban megfelel r\u00f6videbb id\u0151tartamokra. Ezt az ut\u00f3bbi kijelent\u00e9st nem \u00fagy kell meg\u00e9rteni, hogy a r\u00f6vid peri\u00f3dus\u00fa MA, p\u00e9ld\u00e1ul az M15, nem haszn\u00e1lhat\u00f3 r\u00f6videbb id\u0151tartamokra, csak egy napi grafikonon jobban t\u00fckr\u00f6zi az \u00e1rmozg\u00e1sokat \u00e9s gyakrabban tal\u00e1lja meg a t\u00e1maszt vagy az ellen\u00e1ll\u00e1s a k\u00f6zelben.<\/p>\n<p lang=\"hu-HU\" style=\"margin-bottom: 0in; text-align: justify;\" xml:lang=\"hu-HU\">A mozg\u00f3\u00e1tlagok fontos szerepet j\u00e1tszanak k\u00fcl\u00f6nb\u00f6z\u0151 Forex strat\u00e9gi\u00e1kban, de ezekr\u0151l majd a k\u00e9s\u0151bbiekben lesz sz\u00f3, mert meg kell tanulnunk j\u00e1rni, miel\u0151tt futni kezden\u00e9nk.<\/p>\n<p><script type=\"text\/javascript\">\/\/ <![CDATA[\n\/\/--><![CDATA[\/\/ ><!-- var addthis_config = {\"data_track_addressbar\":true}; \/\/--><!\n\/\/ ]]><\/script><script src=\"http:\/\/s7.addthis.com\/js\/250\/addthis_widget.js#pubid=ra-4f8cf2685b632727\" type=\"text\/javascript\"><\/script><\/p>\n<p><script type=\"text\/javascript\">\/\/ <![CDATA[\n\/\/--><![CDATA[\/\/ ><!-- var addthis_config = {\"data_track_addressbar\":true}; \/\/--><!\n\/\/ ]]><\/script><script src=\"http:\/\/s7.addthis.com\/js\/250\/addthis_widget.js#pubid=ra-4f8cf2685b632727\" type=\"text\/javascript\"><\/script><!-- AddThis Button END --><\/p>\n","protected":false},"excerpt":{"rendered":"<p>Ebben a bejegyz\u00e9sben a leggyakrabban haszn\u00e1lt Forex indik\u00e1torok t\u00edpusait ismertetj\u00fck. A tapasztaltabb traderek k\u00f6z\u00fcl n\u00e9h\u00e1nyan puszt\u00e1n egyszer\u0171 grafikonokat n\u00e9znek, indik\u00e1torok n\u00e9lk\u00fcl, csak az \u00e1rak alakul\u00e1s\u00e1t haszn\u00e1lj\u00e1k a devizap\u00e1r j\u00f6v\u0151beli mozg\u00e1s\u00e1nak&hellip;<\/p>\n","protected":false},"author":1,"featured_media":8440,"parent":0,"menu_order":0,"comment_status":"open","ping_status":"closed","template":"","meta":[],"tags":[792,242,671,263,793],"_links":{"self":[{"href":"https:\/\/choose-forex.com\/hu\/wp-json\/wp\/v2\/pages\/656\/"}],"collection":[{"href":"https:\/\/choose-forex.com\/hu\/wp-json\/wp\/v2\/pages\/"}],"about":[{"href":"https:\/\/choose-forex.com\/hu\/wp-json\/wp\/v2\/types\/page\/"}],"author":[{"embeddable":true,"href":"https:\/\/choose-forex.com\/hu\/wp-json\/wp\/v2\/users\/1\/"}],"replies":[{"embeddable":true,"href":"https:\/\/choose-forex.com\/hu\/wp-json\/wp\/v2\/comments\/?post=656"}],"version-history":[{"count":5,"href":"https:\/\/choose-forex.com\/hu\/wp-json\/wp\/v2\/pages\/656\/revisions\/"}],"predecessor-version":[{"id":8832,"href":"https:\/\/choose-forex.com\/hu\/wp-json\/wp\/v2\/pages\/656\/revisions\/8832\/"}],"wp:featuredmedia":[{"embeddable":true,"href":"https:\/\/choose-forex.com\/hu\/wp-json\/wp\/v2\/media\/8440\/"}],"wp:attachment":[{"href":"https:\/\/choose-forex.com\/hu\/wp-json\/wp\/v2\/media\/?parent=656"}],"wp:term":[{"taxonomy":"post_tag","embeddable":true,"href":"https:\/\/choose-forex.com\/hu\/wp-json\/wp\/v2\/tags\/?post=656"}],"curies":[{"name":"wp","href":"https:\/\/api.w.org\/{rel}","templated":true}]}}