{"id":658,"date":"2012-05-15T10:56:22","date_gmt":"2012-05-15T10:56:22","guid":{"rendered":"http:\/\/wp1.choose-forex.com\/?p=658"},"modified":"2016-05-13T06:30:47","modified_gmt":"2016-05-13T06:30:47","slug":"forex-brokerek-osszehasonlitasa","status":"publish","type":"page","link":"https:\/\/choose-forex.com\/hu\/forex-brokerek-osszehasonlitasa\/","title":{"rendered":"Forex Br\u00f3kerek \u00d6sszehasonl\u00edt\u00e1sa"},"content":{"rendered":"<p style=\"text-align: justify;\">A befektet\u00e9si porondon nem lehet sikert el\u00e9rni egy minden tekintetben megfelel\u0151 br\u00f3ker n\u00e9lk\u00fcl. A k\u00f6zrem\u0171k\u00f6d\u00e9s\u00fck n\u00e9lk\u00fcl\u00fck olyan \u00f3ri\u00e1soknak, mint Warren Buffet sem siker\u00fclt volna. Egy lelkes \u00e9s elsz\u00e1nt profi Forex br\u00f3ker mindig j\u00f3l j\u00f6n. Fontos a tapasztalat is, de mindig vannak \u00faj bel\u00e9p\u0151k. A tapasztaltak is kezd\u0151k voltak annak idej\u00e9n.<\/p>\n<p style=\"text-align: justify;\"><a href=\"http:\/\/choose-forex.com\/wp-content\/uploads\/2012\/05\/chasing-the-markets-1241622.jpg\" data-rel=\"penci-gallery-image-content\" ><img loading=\"lazy\" class=\"alignnone wp-image-8766 size-full\" src=\"http:\/\/choose-forex.com\/wp-content\/uploads\/2012\/05\/chasing-the-markets-1241622.jpg\" alt=\"market news\" width=\"878\" height=\"584\" srcset=\"https:\/\/choose-forex.com\/wp-content\/uploads\/2012\/05\/chasing-the-markets-1241622.jpg 878w, https:\/\/choose-forex.com\/wp-content\/uploads\/2012\/05\/chasing-the-markets-1241622-300x200.jpg 300w, https:\/\/choose-forex.com\/wp-content\/uploads\/2012\/05\/chasing-the-markets-1241622-768x511.jpg 768w, https:\/\/choose-forex.com\/wp-content\/uploads\/2012\/05\/chasing-the-markets-1241622-226x150.jpg 226w, https:\/\/choose-forex.com\/wp-content\/uploads\/2012\/05\/chasing-the-markets-1241622-150x100.jpg 150w\" sizes=\"(max-width: 878px) 100vw, 878px\" \/><\/a><\/p>\n<p style=\"text-align: justify;\">Azonban ne feledj\u00fck, hogy az \u00e9remnek mindig k\u00e9t oldala van, ez\u00e9rt t\u00f6bb inform\u00e1ci\u00f3t kell gy\u0171jteni a br\u00f3kerekr\u0151l \u00e9s \u00e1t kell olvasni a br\u00f3ker-\u00e9rt\u00e9kel\u00e9seket. A k\u00f6vetkez\u0151kben felh\u00edvjuk a figyelmet n\u00e9h\u00e1ny dologra, ami fontos egy br\u00f3kerc\u00e9g \u00e9rt\u00e9kel\u00e9sekor:<\/p>\n<ol style=\"text-align: justify;\">\n<li>\n<p lang=\"hu-HU\" style=\"margin-bottom: 0in;\" xml:lang=\"hu-HU\"><strong><span style=\"font-family: arial,helvetica,sans-serif;\"><span style=\"color: #000000;\">Szab\u00e1lyoz\u00e1s<\/span> <\/span><\/strong>\u2013 milyen int\u00e9zm\u00e9ny fel\u00fcgyeli a br\u00f3ker m\u0171k\u00f6d\u00e9s\u00e9t? Egy vagy t\u00f6bb szervezet fel\u00fcgyelete alatt \u00e1ll? Mennyire hiteles az illet\u0151 int\u00e9zm\u00e9ny?<\/p>\n<\/li>\n<li>\n<p lang=\"hu-HU\" style=\"margin-bottom: 0in;\" xml:lang=\"hu-HU\"><strong>Platformok <\/strong>&#8211; milyen befektet\u00e9si platformot biztos\u00edt a forex br\u00f3ker? Milyen k\u00f6lts\u00e9geket sz\u00e1m\u00edt fel? Mekkora jutal\u00e9kot kell fizetni a br\u00f3kernek?<\/p>\n<\/li>\n<li><strong>Kommunik\u00e1ci\u00f3 <\/strong>&#8211; a j\u00f3 forex br\u00f3ker a lehet\u0151 leghat\u00e9konyabban t\u00e1j\u00e9koztatja az adott \u00fcgyfelet a befektet\u00e9s r\u00e9szleteir\u0151l. Ez t\u00f6rt\u00e9nhet emailben vagy SMS-ben k\u00fcld\u00f6tt \u00e9rtes\u00edt\u00e9sek vagy b\u00e1rmilyen m\u00e1s megfelel\u0151 eszk\u00f6z seg\u00edts\u00e9g\u00e9vel. A kommunik\u00e1ci\u00f3nak val\u00f3s id\u0151ben kell lezajlania. hogy fokozza a d\u00f6nt\u00e9shozatal hat\u00e9konys\u00e1g\u00e1t.<\/li>\n<li><strong>T\u00e1mogat\u00e1s <\/strong>\u2013 milyen t\u00e1mogat\u00e1st ny\u00fajt a br\u00f3ker az \u00fcgyfeleknek? El\u00e9rhet\u0151 a szolg\u00e1ltat\u00e1s 24\/7 \u00f3r\u00e1ban? A forex.com honlapon online \u00fcgyf\u00e9lszolg\u00e1latot biztos\u00edtunk, \u00e9s minden \u00fcgyfel\u00fcnket kiemelten kezelj\u00fck.<\/li>\n<li><strong>Tranzakci\u00f3k <\/strong>&#8211; h\u00e1ny tranzakci\u00f3t kezel a br\u00f3ker egy adott id\u0151szakban? A tranzakci\u00f3k volumene azt jelenti, hogy a br\u00f3ker sz\u00e9lesebb k\u00f6r\u0171 ismeretekkel rendelkezik \u00e9s t\u00f6bb befektet\u00e9si ter\u00fclethez f\u00e9r hozz\u00e1. R\u00e9szes\u00edtse el\u0151nyben azt a c\u00e9get, amely t\u00f6bb tranzakci\u00f3t bonyol\u00edt le, mert t\u00f6bb hasznot v\u00e1rhat, ha az \u00fcgyleteket gondosabban kezelik.<\/li>\n<li><span lang=\"hu-HU\" xml:lang=\"hu-HU\"><strong>A legkisebb \u00e9s legnagyobb let\u00e9t \u00f6sszege <\/strong>&#8211; ha regisztr\u00e1l egy br\u00f3kern\u00e9l, elk\u00e9pzelhet\u0151, hogy ingyenes demo sz\u00e1mla ker\u00fcl megnyit\u00e1sra a keresked\u00e9s megkezd\u00e9s\u00e9hez. Egy virtu\u00e1lis banksz\u00e1ml\u00e1t is nyitnak. Ha sor ker\u00fcl befizet\u00e9sre, a br\u00f3ker szab\u00e1lyzata meghat\u00e1rozza a let\u00e9t legkisebb \u00e9s legnagyobb \u00f6sszeg\u00e9t.<\/span><\/li>\n<li><span lang=\"hu-HU\" xml:lang=\"hu-HU\"><strong>Felhaszn\u00e1l\u00f3bar\u00e1t fel\u00fclet <\/strong>&#8211; n\u00e9h\u00e1ny platformon a felhaszn\u00e1l\u00f3 egyszer\u0171en \u00e9lvezi a tranzakci\u00f3kat. A choose-forex.com oldal bel\u00e9p\u0151 szint\u0171 platformk\u00e9nt m\u0171k\u00f6dik, amely keresked\u00e9si eszk\u00f6z\u00f6k sz\u00e9les v\u00e1laszt\u00e9k\u00e1t k\u00edn\u00e1lja, \u00e9s hozz\u00e1f\u00e9r\u00e9s biztos\u00edt a vil\u00e1g egzotikus deviz\u00e1ihoz. Nagyon k\u00f6nnyen kezelhet\u0151, \u00e9s automatiz\u00e1lt keresked\u00e9si lehet\u0151s\u00e9get ny\u00fajt.<\/span><\/li>\n<\/ol>\n<p lang=\"hu-HU\" style=\"margin-bottom: 0in; text-align: justify;\" xml:lang=\"hu-HU\">N\u00e9gy tan\u00e1cs a megb\u00edzhat\u00f3 Forex br\u00f3ker kiv\u00e1laszt\u00e1s\u00e1hoz:<\/p>\n<p style=\"text-align: justify;\">&#8211; <strong>Bizony\u00edtott tapasztalat <\/strong>\u2013 a megb\u00edzhat\u00f3 forex br\u00f3ker bizony\u00edtott tapasztalattal rendelkezik. Ez tulajdonk\u00e9ppen a felhaszn\u00e1l\u00f3i visszajelz\u00e9seket \u00e9s \u00e9szrev\u00e9teleket foglalja mag\u00e1ban.<\/p>\n<p lang=\"hu-HU\" style=\"margin-bottom: 0in; text-align: justify;\" xml:lang=\"hu-HU\">&#8211; <strong>Megb\u00edzhat\u00f3 rendszer <\/strong>&#8211; n\u00e9h\u00e1ny forex br\u00f3ker olyan rendszereket fejleszthet, amelyek aligha el\u00e9g\u00edtik ki a felhaszn\u00e1l\u00f3k ig\u00e9nyeit. Ez\u00e9rt sorolja fel az \u00f6sszes elv\u00e1r\u00e1s\u00e1t, hogy megtudja, mennyire k\u00e9pes egy adott rendszer seg\u00edteni \u00d6nnek.<\/p>\n<p lang=\"hu-HU\" style=\"margin-bottom: 0in; text-align: justify;\" xml:lang=\"hu-HU\">&#8211; <strong>Piaci ismeretek <\/strong>\u2013 a traderek azokat a br\u00f3kereket r\u00e9szes\u00edtik el\u0151nyben, akik j\u00f3l ismerik a jelenlegi piacot, nem pedig az \u00fajoncokat. A br\u00f3kerc\u00e9gnek ismertet\u0151j\u00e9ben fel kell sorolnia, hogy a piac mely ter\u00fclet\u00e9n j\u00e1rtas.<\/p>\n<p lang=\"hu-HU\" style=\"margin-bottom: 0in; text-align: justify;\" xml:lang=\"hu-HU\">&#8211; <strong>Tud\u00e1s <\/strong>&#8211; a br\u00f3ker rendelkezzen a sz\u00fcks\u00e9ges k\u00f6zgazdas\u00e1gi \u00e9s p\u00e9nz\u00fcgyi ismeretekkel, annak \u00e9rdek\u00e9ben, hogy megfelel\u0151en tudja kezelni a befektet\u0151k p\u00e9nz\u00e9t.<\/p>\n<p><script type=\"text\/javascript\">\/\/ <![CDATA[\n\/\/--><![CDATA[\/\/ ><!-- var addthis_config = {\"data_track_addressbar\":true}; \/\/--><!\n\/\/ ]]><\/script><script src=\"http:\/\/s7.addthis.com\/js\/250\/addthis_widget.js#pubid=ra-4f8cf2685b632727\" type=\"text\/javascript\"><\/script><\/p>\n<p><script type=\"text\/javascript\">\/\/ <![CDATA[\n\/\/--><![CDATA[\/\/ ><!-- var addthis_config = {\"data_track_addressbar\":true}; \/\/--><!\n\/\/ ]]><\/script><script src=\"http:\/\/s7.addthis.com\/js\/250\/addthis_widget.js#pubid=ra-4f8cf2685b632727\" type=\"text\/javascript\"><\/script><!-- AddThis Button END --><\/p>\n","protected":false},"excerpt":{"rendered":"<p>A befektet\u00e9si porondon nem lehet sikert el\u00e9rni egy minden tekintetben megfelel\u0151 br\u00f3ker n\u00e9lk\u00fcl. A k\u00f6zrem\u0171k\u00f6d\u00e9s\u00fck n\u00e9lk\u00fcl\u00fck olyan \u00f3ri\u00e1soknak, mint Warren Buffet sem siker\u00fclt volna. Egy lelkes \u00e9s elsz\u00e1nt profi Forex&hellip;<\/p>\n","protected":false},"author":1,"featured_media":8766,"parent":0,"menu_order":0,"comment_status":"open","ping_status":"open","template":"","meta":[],"tags":[796,1775,1723,1270,794,795,1776],"_links":{"self":[{"href":"https:\/\/choose-forex.com\/hu\/wp-json\/wp\/v2\/pages\/658\/"}],"collection":[{"href":"https:\/\/choose-forex.com\/hu\/wp-json\/wp\/v2\/pages\/"}],"about":[{"href":"https:\/\/choose-forex.com\/hu\/wp-json\/wp\/v2\/types\/page\/"}],"author":[{"embeddable":true,"href":"https:\/\/choose-forex.com\/hu\/wp-json\/wp\/v2\/users\/1\/"}],"replies":[{"embeddable":true,"href":"https:\/\/choose-forex.com\/hu\/wp-json\/wp\/v2\/comments\/?post=658"}],"version-history":[{"count":3,"href":"https:\/\/choose-forex.com\/hu\/wp-json\/wp\/v2\/pages\/658\/revisions\/"}],"predecessor-version":[{"id":8782,"href":"https:\/\/choose-forex.com\/hu\/wp-json\/wp\/v2\/pages\/658\/revisions\/8782\/"}],"wp:featuredmedia":[{"embeddable":true,"href":"https:\/\/choose-forex.com\/hu\/wp-json\/wp\/v2\/media\/8766\/"}],"wp:attachment":[{"href":"https:\/\/choose-forex.com\/hu\/wp-json\/wp\/v2\/media\/?parent=658"}],"wp:term":[{"taxonomy":"post_tag","embeddable":true,"href":"https:\/\/choose-forex.com\/hu\/wp-json\/wp\/v2\/tags\/?post=658"}],"curies":[{"name":"wp","href":"https:\/\/api.w.org\/{rel}","templated":true}]}}