{"id":669,"date":"2012-05-14T16:59:41","date_gmt":"2012-05-14T16:59:41","guid":{"rendered":"http:\/\/wp1.choose-forex.com\/?p=669"},"modified":"2012-05-14T16:59:41","modified_gmt":"2012-05-14T16:59:41","slug":"kereskedesi-strategiak","status":"publish","type":"page","link":"https:\/\/choose-forex.com\/hu\/kereskedesi-strategiak\/","title":{"rendered":"Keresked\u00e9si Strat\u00e9gi\u00e1k"},"content":{"rendered":"\n<p><style type=\"text\/css\"><!--\n\t\t@page { margin: 0.79in }\n\t\tP { margin-bottom: 0.08in }\n\t--><![CDATA[\t]]>\n<!--\/*--><![CDATA[\/* ><!--*\/\n\n\n\/*--><!]]>*\/\n<\/style>\n<\/p>\n<p lang=\"hu-HU\" style=\"margin-bottom: 0in\" xml:lang=\"hu-HU\">K\u00e9t vagy t\u00f6bb k\u00fcl\u00f6nb\u00f6z\u0151 <a href=\"http:\/\/bravafx.com\/article\/tamasz-es-ellenallas-kereskedes#.UeqhvKz7ZCM\">forex keresked\u00e9si strat\u00e9gia <\/a>k\u00f6z\u00f6tt v\u00e1lasztani el\u00e9g ijeszt\u0151 feladat lehet. De ez k\u00f6z\u00f6s von\u00e1s minden befektet\u0151n\u00e9l, akik \u00fajak a piacon. Azt\u00e1n, ahogy a napok telnek, a tapasztalatok egyre gy\u0171lnek. Ez a tapasztalatszerz\u00e9s t\u00f6bbnyire b\u0151v\u00edthet\u0151 egy adott t\u00edpus\u00fa keresked\u00e9si lehet\u0151s\u00e9ghez kapcsol\u00f3d\u00f3 ismeretek folyamatos megszerz\u00e9s\u00e9vel.<\/p>\n<p lang=\"hu-HU\" style=\"margin-bottom: 0in\" xml:lang=\"hu-HU\">Miel\u0151tt belev\u00e1gna, ismerkedjen meg a k\u00fcl\u00f6nb\u00f6z\u0151 el\u00e9rhet\u0151 keresked\u00e9si strat\u00e9gi\u00e1kkal, majd dolgozzon ki egy t\u00f6k\u00e9letes keresked\u00e9si tervet. Ennek seg\u00edts\u00e9g\u00e9vel lesz\u0171k\u00edtheti a v\u00e1laszt\u00e1si lehet\u0151s\u00e9geket, amikor a piacon tal\u00e1lhat\u00f3 legjobb r\u00e9szv\u00e9nyt keresi.<\/p>\n<p lang=\"hu-HU\" style=\"margin-bottom: 0in\" xml:lang=\"hu-HU\">A nyeres\u00e9gess\u00e9g es\u00e9ly\u00e9nek n\u00f6vel\u00e9s\u00e9hez haszn\u00e1lhatja a fundament\u00e1lis elemz\u00e9st vagy a technikai elemz\u00e9st \u00e9s m\u00e1s rendelkez\u00e9sre \u00e1ll\u00f3 eszk\u00f6z\u00f6ket. A <a href=\"http:\/\/bravafx.com\/article\/piacelemzes-tipusai#.Ueqo0az7ZCM\">fundament\u00e1lis elemz\u00e9s <\/a>olyan ir\u00e1nyzat, amely kiemelten foglalkozik a r\u00e9szv\u00e9nyeket befoly\u00e1sol\u00f3 t\u00e9nyez\u0151kkel, m\u00edg a technikai elemz\u00e9s k\u00f6z\u00e9ppontj\u00e1ban egy adott \u00e9rt\u00e9kpap\u00edr \u00e1r\u00e1nak mozg\u00e1sa \u00e1ll.<\/p>\n<p lang=\"hu-HU\" style=\"margin-bottom: 0in;\" xml:lang=\"hu-HU\">Ha hamarosan sz\u00fcks\u00e9ge lesz p\u00e9nzre, akkor r\u00f6vid t\u00e1von \u00e9rdemes r\u00e9szv\u00e9nyekbe fektetni az \u00f6sszes idevonatkoz\u00f3 strat\u00e9gia alkalmaz\u00e1s\u00e1val. A m\u00e1sik lehet\u0151s\u00e9g a hossz\u00fa t\u00e1v\u00fa r\u00e9szv\u00e9nybefektet\u00e9s, ahol a v\u00e1s\u00e1rl\u00e1s \u00e9s megtart\u00e1s strat\u00e9gi\u00e1t haszn\u00e1lja.<\/p>\n<p lang=\"hu-HU\" style=\"margin-bottom: 0in;\" xml:lang=\"hu-HU\">Ha diverzifik\u00e1lni szeretn\u00e9 portf\u00f3li\u00f3j\u00e1ban a r\u00e9szv\u00e9nyeket, akkor ki kell alak\u00edtania a diverzifik\u00e1l\u00e1si strat\u00e9gi\u00e1t, amely j\u00f6vedelmez\u0151 eredm\u00e9nyt hoz. A nyeres\u00e9g n\u00f6vel\u00e9s\u00e9nek \u00e9rdek\u00e9ben rendszeresen fontolja meg a <a href=\"http:\/\/bravafx.com\/article\/kereskedesi-strategiak#.UeqqgKz7ZCM\">r\u00e9szv\u00e9ny\u00e1llom\u00e1ny <\/a>szerkezet\u00e9nek m\u00f3dos\u00edt\u00e1s\u00e1t. A momentum t\u0151zsdei keresked\u00e9s egyre nagyobb n\u00e9pszer\u0171s\u00e9gnek \u00f6rvend.<\/p>\n<\/p>\n<p lang=\"hu-HU\" style=\"margin-bottom: 0in\" xml:lang=\"hu-HU\">R\u00e9szt vehet az \u00fagynevezett \u201epenny\u201d t\u0151zsdei keresked\u00e9sben is, ahol olcs\u00f3, viszonylag kis piaci kapitaliz\u00e1ci\u00f3j\u00fa, r\u00e9szv\u00e9nyenk\u00e9nt 10 doll\u00e1r alatti \u00e1r\u00fa \u00e9rt\u00e9kpap\u00edrokat forgalmaznak. Minden egyes strat\u00e9gi\u00e1nak meg kell \u00e9rteni az el\u0151nyeit \u00e9s a buktat\u00f3it.<\/p>\n<p><style type=\"text\/css\"><!--\n\t\t@page { margin: 0.79in }\n\t\tP { margin-bottom: 0.08in }\n\t--><![CDATA[\t]]>\n<!--\/*--><![CDATA[\/* ><!--*\/\n\n\n\/*--><!]]>*\/\n<\/style>\n<\/p>\n<p lang=\"hu-HU\" style=\"margin-bottom: 0in\" xml:lang=\"hu-HU\">Egy m\u00e1sik \u00e9rdekes keresked\u00e9si strat\u00e9gia a bennfentes keresked\u00e9si rendszer k\u00f6vet\u00e9se, amelyet a Securities and Exchange Commission szab\u00e1lyoz. Ez minden t\u00edpus\u00fa keresked\u00e9sre alkalmazhat\u00f3. M\u00e1s befektet\u0151k gap keresked\u00e9sben vesznek r\u00e9szt, amikor az <a href=\"http:\/\/bravafx.com\/article\/legfrissebb-hirek-20120723#.Ueqofaz7ZCM\">\u00e1rfolyam <\/a>r\u00e9ssel nyit (vagy alacsonyabb, vagy magasabb \u00e9rt\u00e9ken) az el\u0151z\u0151 napi \u00e1rfolyamhoz k\u00e9pest.<\/p>\n<p lang=\"hu-HU\" style=\"margin-bottom: 0in\" xml:lang=\"hu-HU\">Az \u00fczleti siker \u00e9rdek\u00e9ben a meghosszabb\u00edtott keresked\u00e9si id\u0151 is kihaszn\u00e1lhat\u00f3, ahol a korai \u00f3r\u00e1kban (a <a href=\"http:\/\/bravafx.com\/article\/automatizalt-kereskedesi-rendszerek#.Ueqq0az7ZCM\">t\u0151zsde <\/a>nyit\u00e1sa el\u0151tt) elkezdheti a keresked\u00e9st, vagy nagyon k\u00e9s\u0151n is kereskedhet, amikor mindenki m\u00e1s lez\u00e1rta a napot (munkaid\u0151 ut\u00e1ni kereskedelem). A r\u00e9szv\u00e9nyek shortol\u00e1sa egy \u00fajabb strat\u00e9gia, ahol a befektet\u0151 a r\u00e9szv\u00e9ny \u00e1r\u00e1nak cs\u00f6kken\u00e9s\u00e9n keres.<\/p>\n<p lang=\"hu-HU\" style=\"margin-bottom: 0in;\" xml:lang=\"hu-HU\">\n<style type=\"text\/css\"><!--\n\t\t@page { margin: 0.79in }\n\t\tP { margin-bottom: 0.08in }\n\t--><![CDATA[\t]]>\n<!--\/*--><![CDATA[\/* ><!--*\/\n\n\n\/*--><!]]>*\/\n<\/style>\n<\/p>\n<p lang=\"hu-HU\" style=\"margin-bottom: 0in\" xml:lang=\"hu-HU\">A h\u00edrek alapj\u00e1n t\u00f6rt\u00e9n\u0151 keresked\u00e9s egy m\u00e1sik, egyre n\u00e9pszer\u0171bb\u00e9 v\u00e1l\u00f3 strat\u00e9gia. Ebben az esetben a befektet\u0151 d\u00f6nt\u00e9se a val\u00f3s idej\u0171 h\u00edrekt\u0151l f\u00fcgg. Ez mag\u00e1ban foglalhatja a r\u00e9szv\u00e9nyek jelleg\u00e9t \u00e9s a sz\u00f3ban forg\u00f3 c\u00e9g k\u00f6r\u00fcl zajl\u00f3 esem\u00e9nyeket is.<\/p>\n<p lang=\"hu-HU\" style=\"margin-bottom: 0in;\" xml:lang=\"hu-HU\">\n<style type=\"text\/css\"><!--\n\t\t@page { margin: 0.79in }\n\t\tP { margin-bottom: 0.08in }\n\t--><![CDATA[\t]]>\n<!--\/*--><![CDATA[\/* ><!--*\/\n\n\n\/*--><!]]>*\/\n<\/style>\n<\/p>\n<p lang=\"hu-HU\" style=\"margin-bottom: 0in\" xml:lang=\"hu-HU\">Ha nemzetk\u00f6zi r\u00e9szv\u00e9nyekkel foglalkozik, tartsa szemmel a <a href=\"http:\/\/bravafx.com\/article\/kereskedesi-szignalok#.UeqpCaz7ZCM\">deviza\u00e1rfolyam<\/a>okat is.<br \/>\n\t\u00a0<\/p>\n<p lang=\"hu-HU\" style=\"margin-bottom: 0in;\" xml:lang=\"hu-HU\">\u00a0<\/p>\n<table cellpadding=\"2\" cellspacing=\"0\" width=\"534\">\n<tbody>\n<tr>\n<td style=\"border-top: 1px solid #808080; border-bottom: 1px solid #808080; border-left: 1px solid #808080; border-right: none; padding-top: 0.02in; padding-bottom: 0.02in; padding-left: 0.02in; padding-right: 0in\" width=\"72\">\n<p lang=\"hu-HU\" xml:lang=\"hu-HU\">Devizap\u00e1r<\/p>\n<\/td>\n<td style=\"border-top: 1px solid #808080; border-bottom: 1px solid #808080; border-left: 1px solid #808080; border-right: none; padding-top: 0.02in; padding-bottom: 0.02in; padding-left: 0.02in; padding-right: 0in\" width=\"88\">\n<p lang=\"hu-HU\" xml:lang=\"hu-HU\">Bel\u00e9p\u00e9si pont<\/p>\n<\/td>\n<td style=\"border-top: 1px solid #808080; border-bottom: 1px solid #808080; border-left: 1px solid #808080; border-right: none; padding-top: 0.02in; padding-bottom: 0.02in; padding-left: 0.02in; padding-right: 0in\" width=\"59\">\n<p>Stop loss<\/p>\n<\/td>\n<td style=\"border-top: 1px solid #808080; border-bottom: 1px solid #808080; border-left: 1px solid #808080; border-right: none; padding-top: 0.02in; padding-bottom: 0.02in; padding-left: 0.02in; padding-right: 0in\" width=\"71\">\n<p>Take profit<\/p>\n<\/td>\n<td style=\"border-top: 1px solid #808080; border-bottom: 1px solid #808080; border-left: 1px solid #808080; border-right: none; padding-top: 0.02in; padding-bottom: 0.02in; padding-left: 0.02in; padding-right: 0in\" width=\"82\">\n<p lang=\"hu-HU\" xml:lang=\"hu-HU\">\u00c1llapot<\/p>\n<\/td>\n<td style=\"border-top: 1px solid #808080; border-bottom: 1px solid #808080; border-left: 1px solid #808080; border-right: 1px solid #808080; padding: 0.02in\" width=\"136\">\n<p lang=\"hu-HU\" xml:lang=\"hu-HU\">Megjegyz\u00e9sek<\/p>\n<\/td>\n<\/tr>\n<tr>\n<td style=\"border-top: none; border-bottom: 1px solid #808080; border-left: 1px solid #808080; border-right: none; padding-top: 0in; padding-bottom: 0.02in; padding-left: 0.02in; padding-right: 0in\" width=\"72\">\n<p>EUR\/USD<\/p>\n<\/td>\n<td style=\"border-top: none; border-bottom: 1px solid #808080; border-left: 1px solid #808080; border-right: none; padding-top: 0in; padding-bottom: 0.02in; padding-left: 0.02in; padding-right: 0in\" width=\"88\">\n<p lang=\"hu-HU\" xml:lang=\"hu-HU\">Elad\u00e1s<\/p>\n<\/td>\n<td style=\"border-top: none; border-bottom: 1px solid #808080; border-left: 1px solid #808080; border-right: none; padding-top: 0in; padding-bottom: 0.02in; padding-left: 0.02in; padding-right: 0in\" width=\"59\">\n<p>1.9375<\/p>\n<\/td>\n<td style=\"border-top: none; border-bottom: 1px solid #808080; border-left: 1px solid #808080; border-right: none; padding-top: 0in; padding-bottom: 0.02in; padding-left: 0.02in; padding-right: 0in\" width=\"71\">\n<p>1.8376<\/p>\n<\/td>\n<td style=\"border-top: none; border-bottom: 1px solid #808080; border-left: 1px solid #808080; border-right: none; padding-top: 0in; padding-bottom: 0.02in; padding-left: 0.02in; padding-right: 0in\" width=\"82\">\n<p>1.1468<\/p>\n<\/td>\n<td style=\"border-top: none; border-bottom: 1px solid #808080; border-left: 1px solid #808080; border-right: 1px solid #808080; padding-top: 0in; padding-bottom: 0.02in; padding-left: 0.02in; padding-right: 0.02in\" width=\"136\">\n<p>Akt\u00edv<\/p>\n<\/td>\n<\/tr>\n<tr>\n<td style=\"border-top: none; border-bottom: 1px solid #808080; border-left: 1px solid #808080; border-right: none; padding-top: 0in; padding-bottom: 0.02in; padding-left: 0.02in; padding-right: 0in\" width=\"72\">\n<p>USD\/CAD<\/p>\n<\/td>\n<td style=\"border-top: none; border-bottom: 1px solid #808080; border-left: 1px solid #808080; border-right: none; padding-top: 0in; padding-bottom: 0.02in; padding-left: 0.02in; padding-right: 0in\" width=\"88\">\n<p lang=\"hu-HU\" xml:lang=\"hu-HU\">V\u00e9tel<\/p>\n<\/td>\n<td style=\"border-top: none; border-bottom: 1px solid #808080; border-left: 1px solid #808080; border-right: none; padding-top: 0in; padding-bottom: 0.02in; padding-left: 0.02in; padding-right: 0in\" width=\"59\">\n<p>\u00a0<\/p>\n<\/td>\n<td style=\"border-top: none; border-bottom: 1px solid #808080; border-left: 1px solid #808080; border-right: none; padding-top: 0in; padding-bottom: 0.02in; padding-left: 0.02in; padding-right: 0in\" width=\"71\">\n<p>\u00a0<\/p>\n<\/td>\n<td style=\"border-top: none; border-bottom: 1px solid #808080; border-left: 1px solid #808080; border-right: none; padding-top: 0in; padding-bottom: 0.02in; padding-left: 0.02in; padding-right: 0in\" width=\"82\">\n<p>\u00a0<\/p>\n<\/td>\n<td style=\"border-top: none; border-bottom: 1px solid #808080; border-left: 1px solid #808080; border-right: 1px solid #808080; padding-top: 0in; padding-bottom: 0.02in; padding-left: 0.02in; padding-right: 0.02in\" width=\"136\">\n<p lang=\"hu-HU\" xml:lang=\"hu-HU\">K\u00e9szenl\u00e9tben<\/p>\n<\/td>\n<\/tr>\n<tr>\n<td style=\"border-top: none; border-bottom: 1px solid #808080; border-left: 1px solid #808080; border-right: none; padding-top: 0in; padding-bottom: 0.02in; padding-left: 0.02in; padding-right: 0in\" width=\"72\">\n<p>USD\/STP<\/p>\n<\/td>\n<td style=\"border-top: none; border-bottom: 1px solid #808080; border-left: 1px solid #808080; border-right: none; padding-top: 0in; padding-bottom: 0.02in; padding-left: 0.02in; padding-right: 0in\" width=\"88\">\n<p>Elad\u00e1s<\/p>\n<\/td>\n<td style=\"border-top: none; border-bottom: 1px solid #808080; border-left: 1px solid #808080; border-right: none; padding-top: 0in; padding-bottom: 0.02in; padding-left: 0.02in; padding-right: 0in\" width=\"59\">\n<p>3.2763<\/p>\n<\/td>\n<td style=\"border-top: none; border-bottom: 1px solid #808080; border-left: 1px solid #808080; border-right: none; padding-top: 0in; padding-bottom: 0.02in; padding-left: 0.02in; padding-right: 0in\" width=\"71\">\n<p>3.1634<\/p>\n<\/td>\n<td style=\"border-top: none; border-bottom: 1px solid #808080; border-left: 1px solid #808080; border-right: none; padding-top: 0in; padding-bottom: 0.02in; padding-left: 0.02in; padding-right: 0in\" width=\"82\">\n<p>1.2746<\/p>\n<\/td>\n<td style=\"border-top: none; border-bottom: 1px solid #808080; border-left: 1px solid #808080; border-right: 1px solid #808080; padding-top: 0in; padding-bottom: 0.02in; padding-left: 0.02in; padding-right: 0.02in\" width=\"136\">\n<p>Akt\u00edv<\/p>\n<\/td>\n<\/tr>\n<\/tbody>\n<\/table>\n<p lang=\"hu-HU\" style=\"margin-bottom: 0in\" xml:lang=\"hu-HU\">A v\u00e9teli \u00e9s elad\u00e1si jelz\u00e9sek tanulm\u00e1nyoz\u00e1sa is sz\u00fcks\u00e9ges a megfelel\u0151 befektet\u00e9si d\u00f6nt\u00e9sek \u00e9rdek\u00e9ben. Ezek lehetnek r\u00f6vid vagy hossz\u00fa t\u00e1v\u00faak. M\u00e9g ma kezdje el a <a href=\"http:\/\/bravafx.com\/article\/reszvenyek-vagy-kotvenyek#.Ueqn2Kz7ZCM\">forex keresked\u00e9s tanul\u00e1s<\/a>\u00e1t \u00e9s\u00a0 strat\u00e9gi\u00e1j\u00e1nak kialak\u00edt\u00e1s\u00e1t, az\u00e9rt hogy a piacon a lehet\u0151 legmagasabb hozamot \u00e9rje el.<\/p>\n<div class=\"addthis_toolbox addthis_default_style \">\n\t\u00a0<\/div>\n<p><script type=\"text\/javascript\">\n<!--\/\/--><![CDATA[\/\/ ><!--\nvar addthis_config = {\"data_track_addressbar\":true};\n\/\/--><!]]>\n<\/script><script type=\"text\/javascript\" src=\"http:\/\/s7.addthis.com\/js\/250\/addthis_widget.js#pubid=ra-4f8cf2685b632727\"><\/script><!-- AddThis Button END --><\/p>\n<p>\u00a0<\/p>\n<p><!-- AddThis Button BEGIN --><\/p>\n<div class=\"addthis_toolbox addthis_default_style \">\n\t\u00a0<\/div>\n<p><script type=\"text\/javascript\">\n<!--\/\/--><![CDATA[\/\/ ><!--\nvar addthis_config = {\"data_track_addressbar\":true};\n\/\/--><!]]>\n<\/script><script type=\"text\/javascript\" src=\"http:\/\/s7.addthis.com\/js\/250\/addthis_widget.js#pubid=ra-4f8cf2685b632727\"><\/script><!-- AddThis Button END --><\/p>\n","protected":false},"excerpt":{"rendered":"<p>K\u00e9t vagy t\u00f6bb k\u00fcl\u00f6nb\u00f6z\u0151 forex keresked\u00e9si strat\u00e9gia k\u00f6z\u00f6tt v\u00e1lasztani el\u00e9g ijeszt\u0151 feladat lehet. De ez k\u00f6z\u00f6s von\u00e1s minden befektet\u0151n\u00e9l, akik \u00fajak a piacon. Azt\u00e1n, ahogy a napok telnek, a tapasztalatok&hellip;<\/p>\n","protected":false},"author":1,"featured_media":0,"parent":0,"menu_order":0,"comment_status":"open","ping_status":"open","template":"","meta":[],"tags":[822,823,821],"_links":{"self":[{"href":"https:\/\/choose-forex.com\/hu\/wp-json\/wp\/v2\/pages\/669\/"}],"collection":[{"href":"https:\/\/choose-forex.com\/hu\/wp-json\/wp\/v2\/pages\/"}],"about":[{"href":"https:\/\/choose-forex.com\/hu\/wp-json\/wp\/v2\/types\/page\/"}],"author":[{"embeddable":true,"href":"https:\/\/choose-forex.com\/hu\/wp-json\/wp\/v2\/users\/1\/"}],"replies":[{"embeddable":true,"href":"https:\/\/choose-forex.com\/hu\/wp-json\/wp\/v2\/comments\/?post=669"}],"version-history":[{"count":0,"href":"https:\/\/choose-forex.com\/hu\/wp-json\/wp\/v2\/pages\/669\/revisions\/"}],"wp:attachment":[{"href":"https:\/\/choose-forex.com\/hu\/wp-json\/wp\/v2\/media\/?parent=669"}],"wp:term":[{"taxonomy":"post_tag","embeddable":true,"href":"https:\/\/choose-forex.com\/hu\/wp-json\/wp\/v2\/tags\/?post=669"}],"curies":[{"name":"wp","href":"https:\/\/api.w.org\/{rel}","templated":true}]}}