{"id":755,"date":"2015-06-26T14:36:58","date_gmt":"2015-06-26T14:36:58","guid":{"rendered":"http:\/\/wp1.choose-forex.com\/?p=755"},"modified":"2015-06-27T12:05:24","modified_gmt":"2015-06-27T12:05:24","slug":"2-a-broker-kivalasztasa","status":"publish","type":"page","link":"https:\/\/choose-forex.com\/hu\/2-a-broker-kivalasztasa\/","title":{"rendered":"A Br\u00f3ker kiv\u00e1laszt\u00e1sa"},"content":{"rendered":"<p>A <a title=\"Br\u00f3kerek \u00d6sszehasonl\u00edt\u00e1sa\" href=\"https:\/\/choose-forex.com\/hu\/2-a-broker-kivalasztasa\/brokerek-osszehasonlitasa\/\">Br\u00f3ker kiv\u00e1laszt\u00e1sa <\/a>neh\u00e9zkes \u00e9s saj\u00e1ts\u00e1gos feladat, de rendk\u00edv\u00fcl nyeres\u00e9ges is lehet, ha \u00e1tgondoltan vissz\u00fck v\u00e9ghez. Milyen t\u00e9nyez\u0151ket kell figyelembe venn\u00fcnk, amikor egy megb\u00edzhat\u00f3 br\u00f3kert keres\u00fcnk?<\/p>\n<p>Mindenki sz\u00e1m\u00e1ra ismert, hogy a forex figyelemre m\u00e9lt\u00f3 nyeres\u00e9get hozhat. Hihetetlen\u00fcl nagy forgalmat bonyol\u00edt le, \u00e9s ha \u00fcgyesen kezelik, b\u00e1rki egy vagyont kereshet vele. De nem szabad al\u00e1becs\u00fclni a kih\u00edv\u00e1sokat sem, amelyek ebben a kecsegtet\u0151 befektet\u00e9si lehet\u0151s\u00e9gben rejlenek.<\/p>\n<div>\n<p style=\"margin-bottom: 0in;\"><strong>Honlapunkon mindig hangs\u00falyozzuk, hogy miel\u0151tt bel\u00e9p\u00fcnk a forex piacra, meg kell \u00e9rten\u00fcnk, hogy ez egy meg\u00e9rz\u00e9sekre \u00e9p\u00fcl\u0151 \u00fczlet. Nem sz\u00e1m\u00edt, milyen megk\u00f6zel\u00edt\u00e9st haszn\u00e1l a keresked\u00e9si strat\u00e9gi\u00e1j\u00e1ban, a tranzakci\u00f3k nagy r\u00e9sz\u00e9t sz\u00e1m\u00edt\u00e1sok \u00e9s meg\u00e9rz\u00e9sek alapj\u00e1n bonyol\u00edtj\u00e1k le.<\/strong><\/p>\n<p style=\"margin-bottom: 0in;\">A sz\u00e1m\u00edt\u00e1sok a <a title=\"Forex Indik\u00e1torok\" href=\"https:\/\/choose-forex.com\/hu\/forex-indikatorok\/\" target=\"_blank\">devizap\u00e1rok<\/a>\u00a0el\u0151z\u0151 mozg\u00e1saira alapulnak, a meg\u00e9rz\u00e9sek alatt pedig azt \u00e9rtj\u00fck, hogy az eredm\u00e9nyek el\u0151re megj\u00f3solhatatlanok, gyakran gazdas\u00e1gi \u00e9s t\u00e1rsadalmi t\u00e9nyez\u0151k sz\u00e9les k\u00f6r\u00e9t\u0151l f\u00fcggnek, amelyeket nem tudunk befoly\u00e1solni. Ez\u00e9rt itt fontosak az \u00f6szt\u00f6n\u00f6k \u00e9s a bels\u0151 meg\u00e9rz\u00e9sek.<\/p>\n<p>Az al\u00e1bbiakban k\u00f6zz\u00e9tesz\u00fcnk egy list\u00e1t, amit \u00e9rdemes figyelembe venni a megb\u00edzhat\u00f3 <a title=\"A Forex Br\u00f3kerek T\u00edpusai\" href=\"https:\/\/choose-forex.com\/hu\/forex-brokerek-tipusai\/\" target=\"_blank\">br\u00f3kerc\u00e9g<\/a> keres\u00e9sekor:<\/p>\n<p>\u2022 <strong>Spread <\/strong>&#8211; jutal\u00e9k, \u00e1tl\u00e1that\u00f3s\u00e1g, r\u00f6gz\u00edtett vagy v\u00e1ltoz\u00f3 d\u00edjak: a br\u00f3ker kiv\u00e1laszt\u00e1sa el\u0151tt meg kell vizsg\u00e1lni tranzakci\u00f3t, amit majd kisz\u00e1ml\u00e1znak. \u00c1t kell tekinteni, milyen d\u00edjakat fognak felsz\u00e1m\u00edtani. Tiszt\u00e1zni kell, hogy r\u00f6gz\u00edtett vagy v\u00e1ltoz\u00f3 d\u00edjakkal dolgoznak a piac er\u0151s\u00f6d\u00e9se vagy gyeng\u00fcl\u00e9se f\u00fcggv\u00e9ny\u00e9ben.<\/p>\n<p>\u2022 <strong>Kivitelez\u00e9s <\/strong>&#8211; teszteljen demo sz\u00e1ml\u00e1val \u00e9s n\u00e9zze meg, hogy a br\u00f3ker tev\u00e9kenys\u00e9ge ar\u00e1nyos-e azzal a d\u00edjjal, amit k\u00e9r \u00e9rte, ez ad majd egy megb\u00edzhat\u00f3 k\u00e9pet az aj\u00e1nlatr\u00f3l. <strong>N\u00e9zze meg a megb\u00edz\u00e1s v\u00e9grehajt\u00e1s\u00e1nak idej\u00e9t \u00e9s vizsg\u00e1lja meg, hogy m\u0171k\u00f6dnek a dolgok.<\/strong><\/p>\n<p>\u2022 <strong>Platform <\/strong>&#8211; tanulm\u00e1nyozza a keresked\u00e9si platformot. Ez az interface a megb\u00edz\u00f3 \u00e9s a br\u00f3ker k\u00f6z\u00f6tt, aminek seg\u00edts\u00e9g\u00e9vel \u00fczleteket lehet k\u00f6tni a forex piacokon. N\u00e9zze meg, hogy m\u0171k\u00f6dik \u00e9s mit v\u00e1rhat el majd az \u00e9les sz\u00e1ml\u00e1t\u00f3l.<\/p>\n<p>\u2022 <strong>A c\u00e9g h\u00e1tter\u00e9nek ellen\u0151rz\u00e9se <\/strong>&#8211; ellen\u0151rizze a br\u00f3kerc\u00e9g m\u0171k\u00f6d\u00e9s\u00e9nek h\u00e1tter\u00e9t. N\u00e9zze meg, hogy t\u00e9nyleg olyan \u00e1tl\u00e1that\u00f3-e a m\u0171k\u00f6d\u00e9se, ahogy a br\u00f3ker azt \u00e1ll\u00edtja. Vizsg\u00e1lja meg a p\u00e9nz\u00fcgyi h\u00e1tter\u00e9t \u00e9s ellen\u0151rizze, hogy piaci \u00f6sszeoml\u00e1s eset\u00e9n is tud-e fizetni.<\/p>\n<p style=\"margin-bottom: 0in;\">\u2022 <strong>A becs\u00fcletess\u00e9g a legjobb politika <\/strong>&#8211; ak\u00e1r r\u00f6vid ak\u00e1r hossz\u00fa t\u00e1v\u00fa strat\u00e9gi\u00e1t folytat egy trader, becs\u00fcletes br\u00f3kert kell tal\u00e1lnia. Ezt \u00e9rezni fogja a viselked\u00e9s\u00e9b\u0151l, a szem\u00e9lyes hozz\u00e1\u00e1ll\u00e1s\u00e1b\u00f3l, \u00e9s a <a title=\"Keresked\u00e9si Strat\u00e9gi\u00e1k\" href=\"https:\/\/choose-forex.com\/hu\/kereskedesi-strategiak\/\" target=\"_blank\">forex piac <\/a>szak\u00e9rt\u0151 bemutat\u00e1s\u00e1b\u00f3l. A piaci folyamatokt\u00f3l f\u00fcggetlen\u00fcl, hossz\u00fa t\u00e1von a becs\u00fcletess\u00e9g gy\u0151z.<\/p>\n<p style=\"margin-bottom: 0in;\">\n<\/div>\n<div>\n<div>\u2022 Platform &#8211; tanulm\u00e1nyozza a keresked\u00e9si platformot. Ez az interface a megb\u00edz\u00f3 \u00e9s a br\u00f3ker k\u00f6z\u00f6tt, aminek seg\u00edts\u00e9g\u00e9vel \u00fczleteket lehet k\u00f6tni a forex piacokon. N\u00e9zze meg, hogy m\u0171k\u00f6dik \u00e9s mit v\u00e1rhat el majd az \u00e9les sz\u00e1ml\u00e1t\u00f3l.<\/div>\n<\/div>\n<div>\u2022 A c\u00e9g h\u00e1tter\u00e9nek ellen\u0151rz\u00e9se &#8211; ellen\u0151rizze a br\u00f3kerc\u00e9g m\u0171k\u00f6d\u00e9s\u00e9nek h\u00e1tter\u00e9t. N\u00e9zze meg, hogy olyan transzparens-e a m\u0171k\u00f6d\u00e9se, ahogy a br\u00f3ker azt \u00e1ll\u00edtja. Vizsg\u00e1lja meg a p\u00e9nz\u00fcgyi h\u00e1tter\u00e9t \u00e9s ellen\u0151rizze, hogy piaci \u00f6sszeoml\u00e1s eset\u00e9n\u00a0 is tud-e fizetni.<\/div>\n<div>\u2022 A becs\u00fcletess\u00e9g a legjobb politika &#8211; ak\u00e1r r\u00f6vid ak\u00e1r hossz\u00fa t\u00e1v\u00fa strat\u00e9gi\u00e1t folytat egy trader, becs\u00fcletes br\u00f3kert kell tal\u00e1lnia. Ezt \u00e9rezni fogja a viselked\u00e9s\u00e9b\u0151l, a szem\u00e9lyes hozz\u00e1\u00e1ll\u00e1s\u00e1b\u00f3l, \u00e9s a forex piac szak\u00e9rt\u0151 bemutat\u00e1s\u00e1b\u00f3l. A piaci folyamatokt\u00f3l f\u00fcggetlen\u00fcl, hossz\u00fa t\u00e1von a becs\u00fcletess\u00e9g gy\u0151z.<\/div>\n<p>&nbsp;<\/p>\n","protected":false},"excerpt":{"rendered":"<p>A Br\u00f3ker kiv\u00e1laszt\u00e1sa neh\u00e9zkes \u00e9s saj\u00e1ts\u00e1gos feladat, de rendk\u00edv\u00fcl nyeres\u00e9ges is lehet, ha \u00e1tgondoltan vissz\u00fck v\u00e9ghez. Milyen t\u00e9nyez\u0151ket kell figyelembe venn\u00fcnk, amikor egy megb\u00edzhat\u00f3 br\u00f3kert keres\u00fcnk? Mindenki sz\u00e1m\u00e1ra ismert, hogy&hellip;<\/p>\n","protected":false},"author":1,"featured_media":0,"parent":0,"menu_order":0,"comment_status":"open","ping_status":"open","template":"","meta":[],"tags":[1252,1187,1267,1171],"_links":{"self":[{"href":"https:\/\/choose-forex.com\/hu\/wp-json\/wp\/v2\/pages\/755\/"}],"collection":[{"href":"https:\/\/choose-forex.com\/hu\/wp-json\/wp\/v2\/pages\/"}],"about":[{"href":"https:\/\/choose-forex.com\/hu\/wp-json\/wp\/v2\/types\/page\/"}],"author":[{"embeddable":true,"href":"https:\/\/choose-forex.com\/hu\/wp-json\/wp\/v2\/users\/1\/"}],"replies":[{"embeddable":true,"href":"https:\/\/choose-forex.com\/hu\/wp-json\/wp\/v2\/comments\/?post=755"}],"version-history":[{"count":4,"href":"https:\/\/choose-forex.com\/hu\/wp-json\/wp\/v2\/pages\/755\/revisions\/"}],"predecessor-version":[{"id":3640,"href":"https:\/\/choose-forex.com\/hu\/wp-json\/wp\/v2\/pages\/755\/revisions\/3640\/"}],"wp:attachment":[{"href":"https:\/\/choose-forex.com\/hu\/wp-json\/wp\/v2\/media\/?parent=755"}],"wp:term":[{"taxonomy":"post_tag","embeddable":true,"href":"https:\/\/choose-forex.com\/hu\/wp-json\/wp\/v2\/tags\/?post=755"}],"curies":[{"name":"wp","href":"https:\/\/api.w.org\/{rel}","templated":true}]}}