{"id":765,"date":"2012-05-07T12:36:07","date_gmt":"2012-05-07T12:36:07","guid":{"rendered":"http:\/\/wp1.choose-forex.com\/?p=765"},"modified":"2016-08-17T11:30:32","modified_gmt":"2016-08-17T11:30:32","slug":"forex-brokerek-tipusai","status":"publish","type":"page","link":"https:\/\/choose-forex.com\/hu\/forex-brokerek-tipusai\/","title":{"rendered":"A Forex Br\u00f3kerek T\u00edpusai"},"content":{"rendered":"<p style=\"text-align: justify;\">Ha \u00d6n most kezd el befektet\u00e9sekkel foglalkozni \u00e9s m\u00e9g ma hozz\u00e1 akar l\u00e1tni, sz\u00e1mos k\u00fcl\u00f6nb\u00f6z\u0151 t\u00edpus\u00fa Forex br\u00f3kerc\u00e9g k\u00f6z\u00fcl v\u00e1laszthat a devizapiacon. Szolg\u00e1ltat\u00e1saik k\u00f6nnyen el\u00e9rhet\u0151ek az interneten. Az al\u00e1bbiakban bemutatjuk a Forex br\u00f3kerek t\u00edpusait.<\/p>\n<p style=\"text-align: justify;\"><a href=\"http:\/\/choose-forex.com\/wp-content\/uploads\/2012\/05\/run-for-profit-concept-3-1057013-1920x960.jpg\" data-rel=\"penci-gallery-image-content\" ><img loading=\"lazy\" class=\"aligncenter wp-image-11381 size-large\" src=\"http:\/\/choose-forex.com\/wp-content\/uploads\/2012\/05\/run-for-profit-concept-3-1057013-1920x960-1024x512.jpg\" alt=\"Fuss a p\u00e9nzed ut\u00e1n a legjobb br\u00f3kerek seg\u00edts\u00e9g\u00e9vel - A forex br\u00f3kerek t\u00edpusai\" width=\"770\" height=\"385\" srcset=\"https:\/\/choose-forex.com\/wp-content\/uploads\/2012\/05\/run-for-profit-concept-3-1057013-1920x960-1024x512.jpg 1024w, https:\/\/choose-forex.com\/wp-content\/uploads\/2012\/05\/run-for-profit-concept-3-1057013-1920x960-300x150.jpg 300w, https:\/\/choose-forex.com\/wp-content\/uploads\/2012\/05\/run-for-profit-concept-3-1057013-1920x960-768x384.jpg 768w, https:\/\/choose-forex.com\/wp-content\/uploads\/2012\/05\/run-for-profit-concept-3-1057013-1920x960.jpg 1920w\" sizes=\"(max-width: 770px) 100vw, 770px\" \/><\/a><\/p>\n<h2 style=\"text-align: justify;\"><strong>Forex br\u00f3kerek t\u00edpusai &#8211; A legfontosabbak<\/strong><\/h2>\n<p style=\"text-align: justify;\">1. <strong>Int\u00e9zm\u00e9nyi Forex br\u00f3kerek &#8211;<\/strong> ezek a br\u00f3kerek k\u00f6zvetlen\u00fcl kapcsol\u00f3dnak a befektet\u00e9si piachoz. T\u00f6bb, mint 200 bank tartozik ide, akik egy konzorciumot alkotnak \u00e9s a Wall Streeten zajl\u00f3 keresked\u00e9s mintegy 50 sz\u00e1zal\u00e9k\u00e1t a kez\u00fckben tartj\u00e1k. Mivel ebben a keresked\u00e9sben csak bankok vehetnek r\u00e9szt, ez nem a kezd\u0151 befektet\u0151k terepe. Int\u00e9zm\u00e9nyi br\u00f3ker p\u00e9ld\u00e1ul az <a href=\"http:\/\/en.swissquote.com\/fx\">ACM<\/a>, <a href=\"http:\/\/hu.saxobank.com\/?int_cmpid=gl:default_magyar_1\">www.saxobank.com<\/a>, <a href=\"http:\/\/www.fxcm.com\/\">www.fxcm.com<\/a>, <a href=\"https:\/\/www.afex.com\/unitedkingdom\/index.php?country=United%20Kingdom\">AFEX<\/a> \u00e9s tov\u00e1bbiak.<\/p>\n<p style=\"text-align: justify;\">2. <strong>\u00dcgyn\u00f6ki c\u00e9gek<\/strong> <strong>&#8211;<\/strong> ezeknek a c\u00e9geknek nincs k\u00f6zvetlen kapcsolatuk a devizapiaccal. T\u00f6bbs\u00e9g\u00fck devizaopci\u00f3kkal \u00e9s hat\u00e1rid\u0151s \u00fcgyletekkel foglalkozik. R\u00f6gz\u00edtik a kiskeresked\u0151k tranzakci\u00f3it, de nem hajtj\u00e1k\u00a0 v\u00e9gre ezeket a devizapiacon. Ez\u00e9rt \u00fagy t\u0171nik, mintha a viszontelad\u00f3i br\u00f3kerc\u00e9gek ellen fogadn\u00e1nak. A kezd\u0151 befektet\u0151knek \u00fcgyn\u00f6ki c\u00e9gekhez \u00e9rdemes fordulniuk, mert ezek nagy t\u0151ke felett rendelkeznek..<\/p>\n<p style=\"text-align: justify;\">3. <strong>Int\u00e9zm\u00e9nyi piaci br\u00f3kerek &#8211;<\/strong> nagyon k\u00f6zeli kapcsolatban \u00e1llnak a devizapiaccal. A kezd\u0151 befektet\u0151k k\u00e9nyelmesen haszn\u00e1lhatj\u00e1k ezeket a c\u00e9geket, de nagy t\u0151k\u00e9re van sz\u00fcks\u00e9g\u00fck. Ilyenek p\u00e9ld\u00e1ul a <a href=\"http:\/\/www.nasdaq.com\/\">NASDAQ<\/a>, <a href=\"http:\/\/www.fxcm.com\/\">FXALL<\/a> \u00e9s m\u00e1sok.<\/p>\n<p style=\"text-align: justify;\">4. <strong>Kiskereskedelmi piaci<\/strong> <strong>br\u00f3kerek <\/strong><strong>&#8211;<\/strong> \u00e1ltal\u00e1ban korl\u00e1tlan szolg\u00e1ltat\u00e1sokat aj\u00e1nlanak a devizapiacon. N\u00e9melyik\u00fck k\u00f6zvetlen\u00fcl jelen van a devizapiacon, n\u00e9melyik\u00fck k\u00f6zvet\u00edt\u0151k\u00e9nt szerepel. Ilyen br\u00f3kerc\u00e9gek a <a href=\"http:\/\/www.gaincapital.com\/\">Gain Capital<\/a>, <a href=\"http:\/\/www.fxcm.com\/\">FXCM<\/a> \u00e9s tov\u00e1bbiak.<\/p>\n<p style=\"text-align: justify;\">5. <strong>Book Makerek-<\/strong> ezek a c\u00e9gek a spreadek k\u00fcl\u00f6nbs\u00e9g\u00e9b\u0151l \u00e9lnek. Ezeknek a br\u00f3kereknek \u00e1ltal\u00e1ban nincs kapcsolatuk a devizapiaccal. Ilyenre p\u00e9lda a <a href=\"https:\/\/www.samvobetbroker.com\/#home\">Samvo Bet Broker<\/a>.<\/p>\n<p style=\"text-align: justify;\">Ha el\u0151sz\u00f6r foglalkozik befektet\u00e9ssel, fontos, hogy tapasztalt br\u00f3kerekt\u0151l k\u00e9rjen seg\u00edts\u00e9get, hiszen \u0151k olyan szakemberek, akik m\u00e1r kiv\u00e1l\u00f3 piacismerettel rendelkeznek. A Forex br\u00f3kerek t\u00edpusai cikk\u00fcnk nem lehetne teljes a j\u00f3 Forex br\u00f3ker el\u0151ny\u00f6s tulajdons\u00e1gainak bemutat\u00e1sa n\u00e9lk\u00fcl. \u00c1lljon itt n\u00e9h\u00e1ny karakterisztika:<\/p>\n<p style=\"text-align: justify;\">\u00b7\u00a0\u00a0\u00a0\u00a0\u00a0\u00a0\u00a0 <strong>Seg\u00edtenek a tanul\u00e1sban<\/strong> <strong>&#8211;<\/strong> a br\u00f3kerek nagyon bar\u00e1ts\u00e1gosak. Seg\u00edtenek abban, hogy t\u00f6bbet tudjon a devizapiacr\u00f3l, \u00e9s t\u00e1j\u00e9koztatj\u00e1k, hogy mit kell tennie. Elmagyar\u00e1zz\u00e1k a devizapiac jogi h\u00e1tter\u00e9t \u00e9s a t\u0151zsde \u00e1ltal\u00e1nos \u00fczletmenet\u00e9t.<\/p>\n<p style=\"text-align: justify;\">\u00b7\u00a0\u00a0\u00a0\u00a0\u00a0\u00a0\u00a0\u00a0 <strong>K\u00fclf\u00f6ldi befektet\u00e9sek &#8211;<\/strong> sokan most kezdtek k\u00fclf\u00f6ldi befektet\u00e9sekkel foglalkozni. Egy olyan FX\u00a0br\u00f3ker, aki sz\u00e9lesk\u00f6r\u0171 tapasztalatokat szerzett a k\u00fclf\u00f6ldi befektet\u00e9sek ter\u00fclet\u00e9n, sz\u00e1mos befektet\u00e9si lehet\u0151s\u00e9ghez nyithat ajt\u00f3t.<\/p>\n<p style=\"text-align: justify;\">\u00b7\u00a0\u00a0\u00a0\u00a0\u00a0\u00a0\u00a0\u00a0 <strong>T\u0151ke-management &#8211;<\/strong> a br\u00f3ker kezeli az \u00d6n p\u00e9nz\u00e9t, ak\u00e1r\u00a0 r\u00e9szv\u00e9nyekbe, ak\u00e1r alapokba fektet. Egy kis jutal\u00e9k fej\u00e9ben \u00edgy kezeli az \u00d6n befektet\u00e9sre sz\u00e1nt p\u00e9nz\u00e9t a devizapiacokon is.<\/p>\n<p style=\"text-align: justify;\">\u00b7\u00a0\u00a0\u00a0\u00a0\u00a0\u00a0\u00a0\u00a0 <strong>Portf\u00f3li\u00f3 management &#8211;<\/strong> ha \u00d6n kezd\u0151 befektet\u0151 vagy nincs el\u00e9g ideje a befektet\u00e9seinek kezel\u00e9s\u00e9re, akkor sem kell agg\u00f3dnia, mert a br\u00f3kerek minden elint\u00e9znek \u00d6n helyett. Az \u00d6n kock\u00e1zatv\u00e1llal\u00e1si hajland\u00f3s\u00e1g\u00e1nak megfelel\u0151en sz\u00e9tter\u00edtik befektet\u00e9seit a legnyeres\u00e9gesebb befektet\u00e9si ter\u00fcleteken, bele\u00e9rtve a r\u00e9szv\u00e9ny \u00e9s k\u00f6tv\u00e9nybefektet\u00e9seket is.<\/p>\n<p><!-- AddThis Button BEGIN --><\/p>\n<div class=\"addthis_toolbox addthis_default_style \"><\/div>\n<p><script type=\"text\/javascript\">\/\/ <![CDATA[\n\/\/--><![CDATA[\/\/ ><!-- var addthis_config = {\"data_track_addressbar\":true}; \/\/--><!\n\/\/ ]]><\/script><script src=\"http:\/\/s7.addthis.com\/js\/250\/addthis_widget.js#pubid=ra-4f8cf2685b632727\" type=\"text\/javascript\"><\/script><!-- AddThis Button END --><!-- AddThis Button BEGIN --><\/p>\n<div class=\"addthis_toolbox addthis_default_style \"><\/div>\n<p><script type=\"text\/javascript\">\/\/ <![CDATA[\n\/\/--><![CDATA[\/\/ ><!-- var addthis_config = {\"data_track_addressbar\":true}; \/\/--><!\n\/\/ ]]><\/script><script src=\"http:\/\/s7.addthis.com\/js\/250\/addthis_widget.js#pubid=ra-4f8cf2685b632727\" type=\"text\/javascript\"><\/script><!-- AddThis Button END --><\/p>\n","protected":false},"excerpt":{"rendered":"<p>Ha \u00d6n most kezd el befektet\u00e9sekkel foglalkozni \u00e9s m\u00e9g ma hozz\u00e1 akar l\u00e1tni, sz\u00e1mos k\u00fcl\u00f6nb\u00f6z\u0151 t\u00edpus\u00fa Forex br\u00f3kerc\u00e9g k\u00f6z\u00fcl v\u00e1laszthat a devizapiacon. Szolg\u00e1ltat\u00e1saik k\u00f6nnyen el\u00e9rhet\u0151ek az interneten. Az al\u00e1bbiakban bemutatjuk&hellip;<\/p>\n","protected":false},"author":1,"featured_media":0,"parent":0,"menu_order":0,"comment_status":"open","ping_status":"open","template":"","meta":[],"tags":[964,963,190,361,965],"_links":{"self":[{"href":"https:\/\/choose-forex.com\/hu\/wp-json\/wp\/v2\/pages\/765\/"}],"collection":[{"href":"https:\/\/choose-forex.com\/hu\/wp-json\/wp\/v2\/pages\/"}],"about":[{"href":"https:\/\/choose-forex.com\/hu\/wp-json\/wp\/v2\/types\/page\/"}],"author":[{"embeddable":true,"href":"https:\/\/choose-forex.com\/hu\/wp-json\/wp\/v2\/users\/1\/"}],"replies":[{"embeddable":true,"href":"https:\/\/choose-forex.com\/hu\/wp-json\/wp\/v2\/comments\/?post=765"}],"version-history":[{"count":3,"href":"https:\/\/choose-forex.com\/hu\/wp-json\/wp\/v2\/pages\/765\/revisions\/"}],"predecessor-version":[{"id":11396,"href":"https:\/\/choose-forex.com\/hu\/wp-json\/wp\/v2\/pages\/765\/revisions\/11396\/"}],"wp:attachment":[{"href":"https:\/\/choose-forex.com\/hu\/wp-json\/wp\/v2\/media\/?parent=765"}],"wp:term":[{"taxonomy":"post_tag","embeddable":true,"href":"https:\/\/choose-forex.com\/hu\/wp-json\/wp\/v2\/tags\/?post=765"}],"curies":[{"name":"wp","href":"https:\/\/api.w.org\/{rel}","templated":true}]}}