{"id":766,"date":"2012-05-07T11:12:41","date_gmt":"2012-05-07T11:12:41","guid":{"rendered":"http:\/\/wp1.choose-forex.com\/?p=766"},"modified":"2012-05-07T11:12:41","modified_gmt":"2012-05-07T11:12:41","slug":"hogyan-valasszunk-brokert","status":"publish","type":"page","link":"https:\/\/choose-forex.com\/hu\/hogyan-valasszunk-brokert\/","title":{"rendered":"Hogyan V\u00e1lasszunk Br\u00f3kert?"},"content":{"rendered":"\n<p>A forex, azaz devizakeresked\u00e9s j\u00f3 \u00fczleti lehet\u0151s\u00e9g k\u00fcl\u00f6n\u00f6sen azok sz\u00e1m\u00e1ra, akik most ismerkednek a befektet\u00e9sekkel. A legt\u00f6bb ember mell\u00e9kesk\u00e9nt kezdte, azt\u00e1n a sikerek hat\u00e1s\u00e1ra lett f\u0151\u00e1ll\u00e1s\u00fa trader. Mint minden v\u00e1llalkoz\u00e1snak, az el\u0151ny\u00f6k mellett ennek is vannak h\u00e1tr\u00e1nyai, a forex kock\u00e1zatos piac \u00e9s sok bizonytalans\u00e1got hordoz mag\u00e1ban. Sz\u00fcks\u00e9g van egy j\u00f3 <a href=\"http:\/\/bravafx.com\/article\/valosideju-szignalok#.UewdSaz7ZCN\">br\u00f3ker<\/a>re, hogy megalapozza a sikeres keresked\u00e9st.<\/p>\n<p>Az \u00fczlet\u00e1g legjobb k\u00e9pvisel\u0151ire ugyanazok a tulajdons\u00e1gok jellemz\u0151ek, amelyek nagyon sikeress\u00e9 teszik \u0151ket. A forex egyik el\u0151nye, hogy kiapadhatatlan er\u0151forr\u00e1st jelent, nincs hat\u00e1ra annak, hogy mennyi p\u00e9nzzel kereskedhet\u00fcnk. M\u00e1s szavakkal: nincs verseny, mert minden trader egyenl\u0151 lehet\u0151s\u00e9geket kap arra, hogy kereskedjen a piacon.<\/p>\n<p>A hat\u00e9kony keresked\u00e9shez kiv\u00e1l\u00f3 seg\u00edts\u00e9get ny\u00fajthatnak egy br\u00f3ker hasznos tan\u00e1csai, amelyek biztos\u00edtj\u00e1k, hogy a legjobbat hozzuk ki lehet\u0151s\u00e9geinkb\u0151l. Kezdetben nem \u00e9rdemes piacvezet\u0151 br\u00f3kerc\u00e9gn\u00e9l sz\u00e1ml\u00e1t nyitni, mert minimaliz\u00e1lni kell a k\u00f6lts\u00e9geket \u00e9s maximaliz\u00e1lni a befektet\u00e9st. A br\u00f3ker kiv\u00e1laszt\u00e1sakor a legfontosabb a bizalom. Mindenk\u00e9ppen olyan br\u00f3kerre van sz\u00fcks\u00e9g\u00fcnk, akiben meg tudunk b\u00edzni, hiszen el\u0151sz\u00f6r v\u00e1gunk bele az \u00fczletbe. Ez biztos\u00edtja, hogy tisztess\u00e9gesen kezelj\u00e9k a p\u00e9nz\u00fcnket, olyan odafigyel\u00e9ssel, ahogy a saj\u00e1tunkat kezelj\u00fck. Ez jelentheti a j\u00f3 teljes\u00edtm\u00e9nyt \u00e9s a megfelel\u0151 eredm\u00e9nyeket. A sikeres els\u0151 befektet\u00e9s megnyugtatja a befektet\u0151t \u00e9s kedvez\u0151 sz\u00ednben t\u00fcnteti fel a j\u00f6v\u0151t.<\/p>\n<p>El\u0151sz\u00f6r persze nem szabad beugrani a m\u00e9ly v\u00edzbe. Ehhez sz\u00fcks\u00e9ges a <a href=\"http:\/\/bravafx.com\/article\/portfolio-diverzifikalasa#.UewglKz7ZCM\">befektet\u00e9si portf\u00f3li\u00f3 <\/a>helyes megv\u00e1laszt\u00e1sa, a kock\u00e1zat sikeres kezel\u00e9se. Emiatt kezdetben nem is l\u00e9nyeges nagy t\u0151k\u00e9t befektetni.<\/p>\n<p>A legjobb br\u00f3ker kiv\u00e1laszt\u00e1s\u00e1n\u00e1l a k\u00f6vetkez\u0151 szempontokat \u00e9rdemes figyelembe venni:<\/p>\n<p>1. <strong>Enged\u00e9lyek <\/strong>&#8211; ellen\u0151rizze, hogy a br\u00f3ker tev\u00e9kenys\u00e9g\u00e9t a megfelel\u0151 hat\u00f3s\u00e1g (pl. NFA, FSA, CFTC vagy m\u00e1s) enged\u00e9lyezte \u00e9s fel\u00fcgyeli.<\/p>\n<p>2. <strong>Keresked\u00e9si platform &#8211;<\/strong> egy j\u00f3 forex br\u00f3ker k\u00f6nnyen kezelhet\u0151, egyszer\u0171, intuit\u00edv keresked\u00e9si platformot k\u00edn\u00e1l, aminek k\u00f6nnyen megtanulhat\u00f3 a haszn\u00e1lata.<\/p>\n<p>3. <strong>\u00dcgyf\u00e9lszolg\u00e1lat &#8211;<\/strong> a hat\u00e9kony \u00fcgyf\u00e9lszolg\u00e1lat minden k\u00e9rd\u00e9s\u00fcnkre v\u00e1laszt ad, ami k\u00fcl\u00f6n\u00f6sen kezd\u0151k eset\u00e9ben fontos. Tan\u00e1csos egyeztetni az \u00fcgyf\u00e9lszolg\u00e1lattal, miel\u0151tt elind\u00edtan\u00e1 els\u0151 befizet\u00e9s\u00e9t. B\u00e1tran k\u00e9rdezzen meg mindent, hogy eloszlass\u00e1k az esetleges k\u00e9ts\u00e9geit.<\/p>\n<p>4. <strong>T\u0151ke\u00e1tt\u00e9tel m\u00e9rt\u00e9ke<\/strong> <strong>&#8211;<\/strong> a t\u0151ke\u00e1tt\u00e9tel m\u00e9rt\u00e9ke elt\u00e9r\u0151 lehet a k\u00fcl\u00f6nb\u00f6z\u0151 br\u00f3kerc\u00e9gekn\u00e9l. Min\u00e9l nagyobb a t\u0151ke\u00e1tt\u00e9tel, ann\u00e1l nagyobb lesz az el\u00e9rhet\u0151 nyeres\u00e9g. Ez term\u00e9szetesen nagyobb kock\u00e1zattal is j\u00e1r. Azonban az eredm\u00e9ny mindig az alkalmazott keresked\u00e9si strat\u00e9gi\u00e1t\u00f3l f\u00fcgg.<\/p>\n<p>5. <strong>Els\u0151 befizet\u00e9si b\u00f3nusz<\/strong> &#8211; haszn\u00e1lja ki a forex br\u00f3kerek <a href=\"http:\/\/bravafx.com\/article\/brokerek-kulonleges-ajanlatai-es-bonuszai#.UewhPaz7ZCM\">els\u0151 befizet\u00e9si b\u00f3nusz <\/a>aj\u00e1nlatait.<\/p>\n<p>6. <strong>Be- \u00e9s kifizet\u00e9sek &#8211;<\/strong> olvassa \u00e1t a be- \u00e9s kifizet\u00e9sekre vonatkoz\u00f3 szab\u00e1lyokat, miel\u0151tt megkezden\u00e9 a keresked\u00e9st.<\/p>\n<p>7. <strong>Keresked\u00e9si k\u00f6lts\u00e9gek<\/strong> <strong>&#8211;<\/strong> a keresked\u00e9s k\u00f6lts\u00e9ge \u00e1ltal\u00e1noss\u00e1gban a v\u00e9teli \u00e9s elad\u00e1si \u00e1r k\u00f6z\u00f6tti k\u00fcl\u00f6nbs\u00e9gb\u0151l, azaz a <a href=\"http:\/\/bravafx.com\/article\/plus500-brokerceg-ertekelese#.Uewid6z7ZCM\">spread <\/a>b\u0151l ad\u00f3dik. T\u00e1j\u00e9koz\u00f3djon, hogy kezeli a br\u00f3ker a spreadet, kell-e jutal\u00e9kot fizetni, hogy eld\u00f6nthesse, \u00e9rdemes-e befektetni.<\/p>\n<p>8. <strong>Demo sz\u00e1mla &#8211;<\/strong> a br\u00f3kerc\u00e9gek gyakorl\u00f3sz\u00e1ml\u00e1t biztos\u00edtanak, hogy meggy\u0151z\u0151dhessen, \u00d6nnek val\u00f3-e a keresked\u00e9s. Ez ugr\u00f3deszk\u00e1t jelent a t\u00e9nyleges keresked\u00e9si platformhoz.<\/p>\n<p><!-- AddThis Button BEGIN --><\/p>\n<div class=\"addthis_toolbox addthis_default_style \">\n\t\u00a0<\/div>\n<p><script type=\"text\/javascript\">\n<!--\/\/--><![CDATA[\/\/ ><!--\nvar addthis_config = {\"data_track_addressbar\":true};\n\/\/--><!]]>\n<\/script><script type=\"text\/javascript\" src=\"http:\/\/s7.addthis.com\/js\/250\/addthis_widget.js#pubid=ra-4f8cf2685b632727\"><\/script><!-- AddThis Button END --><\/p>\n","protected":false},"excerpt":{"rendered":"<p>A forex, azaz devizakeresked\u00e9s j\u00f3 \u00fczleti lehet\u0151s\u00e9g k\u00fcl\u00f6n\u00f6sen azok sz\u00e1m\u00e1ra, akik most ismerkednek a befektet\u00e9sekkel. A legt\u00f6bb ember mell\u00e9kesk\u00e9nt kezdte, azt\u00e1n a sikerek hat\u00e1s\u00e1ra lett f\u0151\u00e1ll\u00e1s\u00fa trader. Mint minden v\u00e1llalkoz\u00e1snak,&hellip;<\/p>\n","protected":false},"author":1,"featured_media":0,"parent":0,"menu_order":0,"comment_status":"open","ping_status":"open","template":"","meta":[],"tags":[954,955,966],"_links":{"self":[{"href":"https:\/\/choose-forex.com\/hu\/wp-json\/wp\/v2\/pages\/766\/"}],"collection":[{"href":"https:\/\/choose-forex.com\/hu\/wp-json\/wp\/v2\/pages\/"}],"about":[{"href":"https:\/\/choose-forex.com\/hu\/wp-json\/wp\/v2\/types\/page\/"}],"author":[{"embeddable":true,"href":"https:\/\/choose-forex.com\/hu\/wp-json\/wp\/v2\/users\/1\/"}],"replies":[{"embeddable":true,"href":"https:\/\/choose-forex.com\/hu\/wp-json\/wp\/v2\/comments\/?post=766"}],"version-history":[{"count":0,"href":"https:\/\/choose-forex.com\/hu\/wp-json\/wp\/v2\/pages\/766\/revisions\/"}],"wp:attachment":[{"href":"https:\/\/choose-forex.com\/hu\/wp-json\/wp\/v2\/media\/?parent=766"}],"wp:term":[{"taxonomy":"post_tag","embeddable":true,"href":"https:\/\/choose-forex.com\/hu\/wp-json\/wp\/v2\/tags\/?post=766"}],"curies":[{"name":"wp","href":"https:\/\/api.w.org\/{rel}","templated":true}]}}