{"id":316,"date":"2012-06-26T21:21:19","date_gmt":"2012-06-26T21:21:19","guid":{"rendered":"http:\/\/wp1.choose-forex.com\/?p=316"},"modified":"2012-06-26T21:21:19","modified_gmt":"2012-06-26T21:21:19","slug":"glossario","status":"publish","type":"page","link":"https:\/\/choose-forex.com\/it\/glossario\/","title":{"rendered":"Glossario"},"content":{"rendered":"\n<p>\u00a0<\/p>\n<p>\u00a0<\/p>\n<p><b>A<\/b><\/p>\n<p><b>Analisi fondamentale \u2013 <\/b>Una tipologia di analisi che studia la situazione economica e le modalit\u00e0 con cui i fattori economici influenzano i movimenti delle valute<\/p>\n<p><b>Analisi tecnica \u2013 <\/b>Un metodo per provare a predire i futuri movimenti del prezzo in base all&#8217;analisi di dati passati, grafici, indicatori, medie mobili e altri strumenti tecnici.<\/p>\n<p><b>Andare long <\/b>\u2013 Comprare una coppia di valute<\/p>\n<p><b>Andare short <\/b>\u2013 Vendere una coppia di valute<\/p>\n<p><b>Asset<\/b> \u2013 Bene con un certo valore<\/p>\n<p><b>Aussie<\/b> \u2013 Gergo del trader per la coppia AUD\/USD<\/p>\n<p>\u00a0<\/p>\n<p><b>B<\/b><\/p>\n<p><b>Base currency \u2013 <\/b>si veda valuta di base<\/p>\n<p><b>Bear<\/b> &#8211; si veda ribassista<\/p>\n<p><b>Bear market<\/b> \u2013 di veda mercato ribassista<\/p>\n<p><b>Brokerage firm \u2013 <\/b>detta anche \u201cBroker\u201d, \u00e8 una societ\u00e0 che offre servizi di trading per individui e trader professionisti<\/p>\n<p><b>Bull <\/b>\u2013 si veda rialzista<\/p>\n<p><b>Bull market<\/b> \u2013 si veda mercato rialzista<\/p>\n<p><b>Buy limit<\/b> \u2013 Un ordine di acquisto di valuta ad un prezzo pi\u00f9 basso<\/p>\n<p><b>Buy stop<\/b> \u2013 Un ordine di acquisto di valuta ad un prezzo pi\u00f9 alto<\/p>\n<p>\u00a0<\/p>\n<p>C<\/p>\n<p><b>Chartist<\/b> \u2013 Una persona che analizza i movimenti dei prezzi e prova a predire il futuro esaminando i movimenti di prezzo occorsi nel passato e rappresentati sui grafici<\/p>\n<p><b>Correlazione<\/b> \u2013 Una relazione esistente tra due valute. Ad esempio, l&#8217;Euro \u00e8 positivamente correlato al GBP. Se EUR\/USD aumenta, \u00e8 probabile che anche GBP aumenti.<\/p>\n<p>\u00a0<\/p>\n<p><b>D<\/b><\/p>\n<p><b>Day trader<\/b> \u2013 Un trader che normalmente chiude tutte le sue posizioni nel giorno stesso, sfruttando i movimenti di breve periodo.<\/p>\n<p>\u00a0<\/p>\n<p><b>F<\/b><\/p>\n<p><b>Fondamentalista <\/b>\u2013 Un trader che basa le sue decisioni sull&#8217;analisi fondamentale<\/p>\n<p><b>Foreign Exchange<\/b> \u2013 Comprare e vendere una valuta contro un altra. Forex \u00e8 l&#8217;acronimo di FOReign Exchange<\/p>\n<p>\u00a0<\/p>\n<p><b>G<\/b><\/p>\n<p><b>Gestione del rischio<\/b> \u2013 Uso di appropriate strategie per controllare o ridurre il rischio<\/p>\n<p>\u00a0<\/p>\n<p><b>I<\/b><\/p>\n<p><b>Introducing Broker <\/b>\u2013 Una persona o un&#8217;azienda che presenta clienti ad una societ\u00e0 di brokeraggio in cambio di una commissione<\/p>\n<p>\u00a0<\/p>\n<p><b>M<\/b><\/p>\n<p><b>Market order <\/b>\u2013 Un ordine di esecuzione immediata di una transazione al miglior prezzo disponibile<\/p>\n<p><b>Margin call <\/b>\u2013 Una notifica inviata dal tuo broker che segnala la necessit\u00e0 di depositare altro danaro in quanto il valore del conto \u00e8 al di sotto del margine richiesto dalle posizioni aperte<\/p>\n<p><b>Margine <\/b>\u2013 La quantit\u00e0 di denaro richiesta per mantenere aperta una posizione<\/p>\n<p><b>Martingale <\/b>\u2013 Spesso chiamato Martingale System, \u00e8 una strategia usata nelle scommesse con la quale il giocatore raddoppia la puntata ad ogni perdita. Una vincita recupera le perdite precedenti e porta un piccolo profitto ma il capitale necessario per gestire questo sistema pu\u00f2 risultare molto elevato a causa della crescita esponenziale della dimensione della posizione.<\/p>\n<p><b>Media mobile<\/b> \u2013 In genere viene tracciata su grafici con una linea continua ed \u00e8 una rappresentazione del prezzo, ottenuta calcolandone il valore medio su un determinato periodo. Sono state definite diverse formule per i diversi tipi di media mobile.<\/p>\n<p><b>Mercato rialzista <\/b>\u2013 Un mercato in salita per un lungo periodo di tempo<\/p>\n<p><b>Mercato ribassista <\/b>\u2013 Un mercato in discesa per un lungo periodo di tempo<\/p>\n<p>\u00a0<\/p>\n<p><b>N<\/b><\/p>\n<p><b>News trader<\/b> \u2013 Un trader che basa le sue scelte di trading sull&#8217;impatto immediato delle notizie sui mercati finanziari.<\/p>\n<p>\u00a0<\/p>\n<p><b>O<\/b><\/p>\n<p><b>Oscillatori <\/b>\u2013 Indicatori tecnici che evidenziano condizioni di mercato di ipervenduto (oversold) e ipercomprato (overbought)<\/p>\n<p>\u00a0<\/p>\n<p><b>P<\/b><\/p>\n<p><b>Pip<\/b> \u2013 Il pi\u00f9 piccolo movimento possibile nel Forex. Ad esempio, se la quotazione della coppia EUR\/USD \u00e8 di 1.2020 ed \u00e8 passata a 1.2021, vuol dire che \u00e8 variata di un pip<\/p>\n<p><b>Profitto non realizzato<\/b> \u2013 Il profitto che un trader otterrebbe se chiudesse la sua posizione in questo momento al prezzo attuale<\/p>\n<p>\u00a0<\/p>\n<p><b>Q<\/b><\/p>\n<p><b>Quote Currency<\/b> \u2013 si veda valuta di valuta di quotazione<\/p>\n<p>\u00a0<\/p>\n<p><b>R<\/b><\/p>\n<p><b>Rally<\/b>\u00a0\u2013 Un periodo durante il quale i prezzi salgono<\/p>\n<p><b>Ranging market<\/b>\u00a0\u2013 Un livello di prezzo al quale si verifica una forte pressione a vendere<\/p>\n<p><b>Rialzista \u2013 <\/b>Un trader che ritiene che il prezzo aumenter\u00e0<\/p>\n<p><b>Ribassista \u2013 <\/b>Un trader che ritiene che il prezzo si ridurr\u00e0<\/p>\n<p><b>Risk management<\/b> \u2013 si veda gestione del rischio<\/p>\n<p>\u00a0<\/p>\n<p><b>S<\/b><\/p>\n<p><b>Scalping<\/b> \u2013 Un modo veloce di fare trading, che raccoglie piccoli profitti uscendo rapidamente dal mercato<\/p>\n<p><b>Sell limit<\/b> \u2013 Un ordine a vendere una coppia di valute ad un prezzo pi\u00f9 alto<\/p>\n<p><b>Sell stop<\/b> \u2013 Un ordine a vendere una coppia di valute ad un prezzo pi\u00f9 basso<\/p>\n<p><b>Slippage<\/b> \u2013 Quando una posizione non \u00e8 aperta o chiusa al prezzo previsto. Si pu\u00f2 verificare per elevata volatilit\u00e0 del mercato, per bassa liquidit\u00e0 o per perdita di interesse da parte del tuo broker.<\/p>\n<p><b>Spread<\/b> \u2013 La differenza tra il prezzo denaro e quello lettera per la coppia di valute<\/p>\n<p><b>Stop loss order<\/b> \u2013 Un ordine di chiusura di una transazione ad un predeterminato livello. Questo tipo di ordine \u00e8 usato per limitare il rischio ad un certo valore. Se il trader compra la coppia di valute, lo stop loss order \u00e8 piazzato al di sotto del prezzo di ingresso. Se il trader vende la coppia di valute, lo stop loss order \u00e8 piazzato sopra il prezzo di ingresso.<\/p>\n<p>\u00a0<\/p>\n<p><b>T<\/b><\/p>\n<p><b>Take profit <\/b>\u2013 Un ordine di chiusura parziale o totale della posizione inserito dal trader per garantire i profitti e al tempo stesso ridurre l&#8217;esposizione al rischio<\/p>\n<p><b>Technical analysis<\/b> \u2013 si veda analisi tecnica<\/p>\n<p><b>Trader tecnico<\/b> \u2013 Un trader che utilizza l&#8217;analisi tecnica<\/p>\n<p><b>Trailing stop loss<\/b> \u2013 Il trailing stop loss \u00e8 simile allo stop loss ma segue il prezzo, garantendoti maggiori guadagni se il prezzo si muove nella direzione del trend previsto. Se invece il prezzo si muove contro il trend previsto, il trailing stop loss non si muove<\/p>\n<p><b>Transazione<\/b> \u2013 Acquisto o vendita di una coppia di valute<\/p>\n<p><b>Trend<\/b> \u2013 Attuale direzione del mercato<\/p>\n<p>\u00a0<\/p>\n<p>\u00a0<\/p>\n<p><b>V<\/b><\/p>\n<p><b>Valuta di base<\/b>\u00a0\u2013 La prima valuta nella coppia Forex, ad esempio per EUR\/USD la valuta di base \u00e8 l&#8217;Euro, il Dollaro di quotazione<\/p>\n<p><b>Valuta di quotazione<\/b>\u00a0\u2013 La seconda valuta nella coppia di valute. Per EUR\/USD, USD \u00e8 la valuta di quotazione, per USD\/JPY, JPY \u00e8 la valuta di quotazione<\/p>\n<p>\u00a0<\/p>\n","protected":false},"excerpt":{"rendered":"<p>\u00a0 \u00a0 A Analisi fondamentale \u2013 Una tipologia di analisi che studia la situazione economica e le modalit\u00e0 con cui i fattori economici influenzano i movimenti delle valute Analisi tecnica&hellip;<\/p>\n","protected":false},"author":1,"featured_media":0,"parent":0,"menu_order":0,"comment_status":"open","ping_status":"open","template":"","meta":[],"tags":[238,237,366,233,236],"_links":{"self":[{"href":"https:\/\/choose-forex.com\/it\/wp-json\/wp\/v2\/pages\/316\/"}],"collection":[{"href":"https:\/\/choose-forex.com\/it\/wp-json\/wp\/v2\/pages\/"}],"about":[{"href":"https:\/\/choose-forex.com\/it\/wp-json\/wp\/v2\/types\/page\/"}],"author":[{"embeddable":true,"href":"https:\/\/choose-forex.com\/it\/wp-json\/wp\/v2\/users\/1\/"}],"replies":[{"embeddable":true,"href":"https:\/\/choose-forex.com\/it\/wp-json\/wp\/v2\/comments\/?post=316"}],"version-history":[{"count":0,"href":"https:\/\/choose-forex.com\/it\/wp-json\/wp\/v2\/pages\/316\/revisions\/"}],"wp:attachment":[{"href":"https:\/\/choose-forex.com\/it\/wp-json\/wp\/v2\/media\/?parent=316"}],"wp:term":[{"taxonomy":"post_tag","embeddable":true,"href":"https:\/\/choose-forex.com\/it\/wp-json\/wp\/v2\/tags\/?post=316"}],"curies":[{"name":"wp","href":"https:\/\/api.w.org\/{rel}","templated":true}]}}