{"id":317,"date":"2012-06-26T02:32:00","date_gmt":"2012-06-26T02:32:00","guid":{"rendered":"http:\/\/wp1.choose-forex.com\/?p=317"},"modified":"2012-06-26T02:32:00","modified_gmt":"2012-06-26T02:32:00","slug":"scalping-2","status":"publish","type":"page","link":"https:\/\/choose-forex.com\/it\/scalping-2\/","title":{"rendered":"Scalping"},"content":{"rendered":"\n<p>\u00a0<\/p>\n<p>Un Day Trader, come ben sappiamo, \u00e8 un trader che normalmente chiude tutte le sue posizioni alla fine della giornata. Il Day Trading \u00e8 considerato un modo veloce per fare soldi, approfittando dei movimenti di breve periodo dei prezzi. Un Day Trader \u00e8 pi\u00f9 focalizzato sull&#8217;analisi tecnica e sull&#8217;analisi de grafici e non pone molta attenzione ai fondamentali. Di solito i trader di lungo periodo utilizzano grafici con time frame maggiori come il giornaliero ed il settimanale, con una grande attenzione alla situazione economico\/politica.\u00a0Ma un trader di lungo periodo pu\u00f2 avere posizioni aperte per 2-3 giorni, una settimana o anche di pi\u00f9. Naturalmente, se una transazione si chiude in profitto, il guadagno \u00e8 di molti pip in quanto una candela di un grafico giornaliero contiene molti pi\u00f9 pip di quella a 15 minuti, anche se sembrano uguali. Ad esempio considera le due figure riportate di seguito, la prima relativa ad un grafico giornaliero, la seconda a 15 minuti.<\/p>\n<p><a href=\"\/sites\/default\/files\/u46\/newpicture100.jpg\" data-rel=\"penci-gallery-image-content\"  target=\"_blank\"><img alt=\"\" src=\"\/sites\/default\/files\/u46\/newpicture100.jpg\" style=\"width: 500px; height: 148px; margin-left: 30px; margin-right: 30px;\" \/><\/a><\/p>\n<p>\u00a0<\/p>\n<p><a href=\"\/sites\/default\/files\/u46\/newpicture101.jpg\" data-rel=\"penci-gallery-image-content\"  target=\"_blank\"><img alt=\"\" src=\"\/sites\/default\/files\/u46\/newpicture101.jpg\" style=\"width: 500px; height: 141px; margin-left: 30px; margin-right: 30px;\" \/><\/a><\/p>\n<p>\u00a0<\/p>\n<p>Come puoi vedere, anche se sembrano quasi uguali, le due candele sono sostanzialmente diverse se consideriamo anche il numero di pip contenuti. La candela giornaliera ne ha 146 mentre quella a 15 minuti solo 18. Questo \u00e8 il motivo per il quale i trader di lungo periodo guadagnano molti pi\u00f9 pip per una transazione positiva di quanti ne guadagni un day trader. Ma ci sono alcune cose che devono essere prese in considerazione: una transazione su un grafico giornaliero si conclude dopo molto pi\u00f9 tempo ed il relativo rischio \u00e8 maggiore in quanto lo stop loss \u00e8 necessariamente pi\u00f9 ampio.<\/p>\n<p>Mentre un trader di lungo periodo aspetta per chiudere la propria transazione, un day trader pu\u00f2 fare molte pi\u00f9 operazioni con un rischio inferiore su ciascuna di esse e di conseguenza \u00e8 in grado d guadagnare pi\u00f9 di un trader di lungo periodo.<\/p>\n<p>Consideriamo, ad esempio, quanti ordini possono essere immessi da un trader che utilizza grafici ad 1 e 5 minuti con l&#8217;obiettivo di guadagnare 3-5 pip in meno di 5 minuti. Il numero di transazioni pu\u00f2 risultare molto elevato anche nel corso della singola giornata. Questa modalit\u00e0 molto veloce di operare \u00e8 definita \u201cscalping\u201d, porta buon profitti ma richiede molta concentrazione e monitoraggio continuo del mercato. I profitti dipendono dal numero di transazioni positive, anche se il profitto di alcune di queste pu\u00f2 risultare insignificante ed \u00e8 per questo che il trader deve stare continuamente seduto di fronte al suo computer.<\/p>\n<p>Uno scalper non deve essere a conoscenza della situazione economica o dei trend di lungo periodo in quanto anche se si dovesse verificare un ripido trend rialzista in un grafico a 4 ore, sicuramente si riuscirebbe a realizzare un profitto di 3 pip operando su un grafico ad un minuto. Poich\u00e9 il movimento che stiamo cercando \u00e8 molto piccolo, si verifica con elevata probabilit\u00e0 anche se il sentimento generale \u00e8 nella direzione opposta a quella prevista dalla nostra strategia.<\/p>\n<p>Lo scalping non \u00e8 per tutti e prima di applicare questa tecnica devi assicurarti che sia adeguata al tuo stile di trading. Uno scalper aggiunge sempre piccoli guadagni e alcuni trader potrebbero sentirsi frustrati quando chiudono una posizione con profitto di 5 pip e poi vedono che il prezzo continua a salire nella direzione originaria di oltre 50 pip.<\/p>\n<p>\u00a0<\/p>\n<p>C&#8217;\u00e8 un&#8217;altra cosa che devi considerare nel fare scalping:\u00a0il broker con cui operi. Lo scalping non \u00e8 approvato da tutti i broker ed \u00e8 per questo che devi chiedere se lo scalping \u00e8 ammesso prima di aprire un conto con loro.<\/p>\n<p>Per quanto riguarda le strategie di scalping, si possono utilizzare la maggior parte di quelle valide per il lungo periodo ma su una scala pi\u00f9 piccola. Probabilmente i parametri degli indicatori devono essere tarati per dare prima i segnali e devono essere applicate opportune tecniche di gestione finanziaria. Ovviamente per adattare una strategia da 1 ora a 5 minuti devi fare alcune modifiche.<\/p>\n<p>Ricordati sempre che lo scalping \u00e8 molto rischioso, proprio come tutte le forme di trading Forex.<\/p>\n<p>\u00a0<\/p>\n","protected":false},"excerpt":{"rendered":"<p>\u00a0 Un Day Trader, come ben sappiamo, \u00e8 un trader che normalmente chiude tutte le sue posizioni alla fine della giornata. Il Day Trading \u00e8 considerato un modo veloce per&hellip;<\/p>\n","protected":false},"author":1,"featured_media":0,"parent":0,"menu_order":0,"comment_status":"open","ping_status":"closed","template":"","meta":[],"tags":[233,367,365],"_links":{"self":[{"href":"https:\/\/choose-forex.com\/it\/wp-json\/wp\/v2\/pages\/317\/"}],"collection":[{"href":"https:\/\/choose-forex.com\/it\/wp-json\/wp\/v2\/pages\/"}],"about":[{"href":"https:\/\/choose-forex.com\/it\/wp-json\/wp\/v2\/types\/page\/"}],"author":[{"embeddable":true,"href":"https:\/\/choose-forex.com\/it\/wp-json\/wp\/v2\/users\/1\/"}],"replies":[{"embeddable":true,"href":"https:\/\/choose-forex.com\/it\/wp-json\/wp\/v2\/comments\/?post=317"}],"version-history":[{"count":0,"href":"https:\/\/choose-forex.com\/it\/wp-json\/wp\/v2\/pages\/317\/revisions\/"}],"wp:attachment":[{"href":"https:\/\/choose-forex.com\/it\/wp-json\/wp\/v2\/media\/?parent=317"}],"wp:term":[{"taxonomy":"post_tag","embeddable":true,"href":"https:\/\/choose-forex.com\/it\/wp-json\/wp\/v2\/tags\/?post=317"}],"curies":[{"name":"wp","href":"https:\/\/api.w.org\/{rel}","templated":true}]}}