{"id":391,"date":"2012-06-09T18:33:09","date_gmt":"2012-06-09T18:33:09","guid":{"rendered":"http:\/\/wp1.choose-forex.com\/?p=391"},"modified":"2012-06-09T18:33:09","modified_gmt":"2012-06-09T18:33:09","slug":"valutazione-di-etoro","status":"publish","type":"page","link":"https:\/\/choose-forex.com\/it\/valutazione-di-etoro\/","title":{"rendered":"Valutazione di eToro"},"content":{"rendered":"\n<p>\u00a0<\/p>\n<p>\u00a0 \u00a0 \u00a0Il servizio di brokering di <a href=\"http:\/\/www.etoro.com\/\" target=\"_blank\"><strong>eToro<\/strong><\/a> \u00e8 fornito da Retail FX Ltd. (che opera sotto il nome commerciale &#8220;eToro&#8221;), un\u2019azienda di investimento cipriota. I client dell\u2019Asia Pacifica possono fare trading sulla piattaforma\u00a0<a href=\"http:\/\/www.etoro.com\/\" target=\"_blank\"><strong>eToro<\/strong><\/a>\u00a0mediante IC Markets Ltd., una societ\u00e0 autorizzata di servizi finanziari con sede in Australia, regolata dall\u2019ASIC &#8211; licenza numeri \u00a0AFSL 335692.<\/p>\n<p>\u00a0\u00a0 \u00a0\u00a0<a href=\"http:\/\/www.etoro.com\/\" target=\"_blank\"><strong>eToro<\/strong><\/a>\u00a0offre un tipo particolare di trading, denominato\u00a0<a href=\"http:\/\/www.etoro.com\/Social-Trading.aspx\" target=\"_blank\"><strong>Social Trading<\/strong><\/a>. Secondo loro questa soluzione \u00e8 il futuro degli investimenti finanziari. Con questa funzione, puoi cosa stanno facendo gli altri trader in ogni istante e anche copiare gli altri trader. E\u2019 una funzionalit\u00e0 molto interessante, se non vuoi imparare e scegli di seguire gli altri. Un grande vantaggio \u00e8 che puoi guadagnare mentre impari a fare trading, ma non ti senti ancora pronto a fare trading da solo.<\/p>\n<p>La loro piattaforma \u00e8 progettata per essere semplice e questo la rende accessibile alla maggior parte delle persone, visto che \u00e8 facile da usare e divertente. Dopo tutto, il trading \u00e8 un\u2019attivit\u00e0 e pu\u00f2 essere riposante avere a disposizione una semplice piattaforma a propria disposizione, chattare con gli altri trader e poter copiare gli altri trader. D\u2019altronde si tratta di broker regolamentati che cercano di dare un nuovo impulso al trading e si impegnano a soddisfare tutti.<\/p>\n<p>Prima di investire con loro \u00e8 saggio verificarli e provare un conto demo.<\/p>\n<p><strong><u>Informazioni generali<\/u><\/strong><\/p>\n<table border=\"1\" cellpadding=\"0\" cellspacing=\"0\" style=\"width: 524px; \" width=\"312\">\n<tbody>\n<tr>\n<td style=\"width: 115px; \">\n<p>Sede del Broker:<\/p>\n<\/td>\n<td style=\"width: 403px; \">\n<p>Cipro<\/p>\n<\/td>\n<\/tr>\n<tr>\n<td style=\"width: 115px; \">\n<p>Ha anche uffici a:<\/p>\n<\/td>\n<td style=\"width: 403px; \">\n<p>Sydney &#8211; Australia, New York \u2013 Stati Uniti<\/p>\n<\/td>\n<\/tr>\n<tr>\n<td style=\"width: 115px; \">\n<p>Fondata nel:<\/p>\n<\/td>\n<td style=\"width: 403px; \">\n<p>2007<\/p>\n<\/td>\n<\/tr>\n<tr>\n<td style=\"width: 115px; \">\n<p>Registrazione:<\/p>\n<\/td>\n<td style=\"width: 403px; \">\n<p>Cipro: CySEC &#8211; 109\/10<\/p>\n<p>Stati Uniti: NFA (0382918 eToro USA)<\/p>\n<p>Australia: AFSL 335692.<\/p>\n<\/td>\n<\/tr>\n<tr>\n<td style=\"width: 115px; \">\n<p>Garanzie del conto cliente:<\/p>\n<\/td>\n<td style=\"width: 403px; \">\n<p>Si<\/p>\n<\/td>\n<\/tr>\n<tr>\n<td style=\"width: 115px; \">\n<p>Accetta trader statunitensi:<\/p>\n<\/td>\n<td style=\"width: 403px; \">\n<p>Si (eToro USA)<\/p>\n<\/td>\n<\/tr>\n<\/tbody>\n<\/table>\n<p><strong><u>Condizioni di trading<\/u><\/strong><\/p>\n<table border=\"1\" cellpadding=\"0\" cellspacing=\"0\" style=\"width: 523px; \" width=\"317\">\n<tbody>\n<tr>\n<td style=\"width:120px;\">\n<p>Piattaforma Web<\/p>\n<\/td>\n<td style=\"width: 397px; \">\n<p>eToro Web Trader<\/p>\n<\/td>\n<\/tr>\n<tr>\n<td style=\"width:120px;\">\n<p>Piattaforma scaricabile<\/p>\n<\/td>\n<td style=\"width: 397px; \">\n<p>eToro Open Book<\/p>\n<p>MT4 \u00e8 offerta a \u201cclienti selezionati&#8221;<\/p>\n<\/td>\n<\/tr>\n<tr>\n<td style=\"width:120px;\">\n<p>Spreads<\/p>\n<\/td>\n<td style=\"width: 397px; \">\n<p>Fisso<\/p>\n<\/td>\n<\/tr>\n<tr>\n<td style=\"width:120px;\">\n<p>Stop loss garantito<\/p>\n<\/td>\n<td style=\"width: 397px; \">\n<p>Si<\/p>\n<\/td>\n<\/tr>\n<tr>\n<td style=\"width:120px;\">\n<p>Trailing stop loss<\/p>\n<\/td>\n<td style=\"width: 397px; \">\n<p>Non disponibile<\/p>\n<\/td>\n<\/tr>\n<tr>\n<td style=\"width:120px;\">\n<p>Scalping<\/p>\n<\/td>\n<td style=\"width: 397px; \">\n<p>Non consentito<\/p>\n<\/td>\n<\/tr>\n<tr>\n<td style=\"width:120px;\">\n<p>Hedging<\/p>\n<\/td>\n<td style=\"width: 397px; \">\n<p>Consentito<\/p>\n<\/td>\n<\/tr>\n<tr>\n<td style=\"width:120px;\">\n<p>Ordini OCO<\/p>\n<\/td>\n<td style=\"width: 397px; \">\n<p>Non disponibili<\/p>\n<\/td>\n<\/tr>\n<tr>\n<td style=\"width:120px;\">\n<p>Conto Demo<\/p>\n<\/td>\n<td style=\"width: 397px; \">\n<p>Si \u2013<a href=\"http:\/\/openbook.etoro.com\/?ref=hp_bannerbtn&#038;dl=30000030#\/main\/\" target=\"_blank\"><strong> Apri un conto demo<\/strong><\/a><\/p>\n<\/td>\n<\/tr>\n<tr>\n<td style=\"width:120px;\">\n<p>Tipologie di conti reali<\/p>\n<\/td>\n<td style=\"width: 397px; \">\n<p>Deposito minimo 50 dollari.<\/p>\n<p>Il tuo conto pu\u00f2 evolvere, in funzione delle somme scambiate, da Bronze, a Silver, a Gold e per ultimo a VIP<\/p>\n<p><a href=\"http:\/\/openbook.etoro.com\/?ref=hp_bannerbtn&#038;__utma=160877033.584161225.1336481161.1336489630.1336492252.3&#038;__utmb=160877033.2.10.1336492252&#038;__utmc=160877033&#038;__utmx=-&#038;__utmz=160877033.1336492252.3.3.utmcsr=choose-forex.com|utmccn=%28referral%29|utmcmd=referral|utmcct=\/article\/etoro-review&#038;__utmv=-&#038;__utmk=53963944#\/main\/&#038;dl=30000027\" target=\"_blank\"><strong>Apri un conto reale<\/strong><\/a><\/p>\n<\/td>\n<\/tr>\n<\/tbody>\n<\/table>\n<p><strong><u>Nostra valutazione di eToro: 4\/5<\/u><\/strong><\/p>\n<p><a href=\"\/sites\/default\/files\/u46\/newpicture38.jpg\" data-rel=\"penci-gallery-image-content\"  target=\"_blank\"><img alt=\"\" src=\"\/sites\/default\/files\/u46\/newpicture38.jpg\" style=\"width: 500px; height: 400px; border-width: 12px; border-style: solid; float: left;\" \/><\/a><\/p>\n<p>\u00a0<\/p>\n<p>\u00a0<\/p>\n<p>\u00a0<\/p>\n<p>\u00a0<\/p>\n<p>\u00a0<\/p>\n<p>\u00a0<\/p>\n<p>\u00a0<\/p>\n<p>\u00a0<\/p>\n<p>\u00a0<\/p>\n<p>\u00a0<\/p>\n<p>\u00a0<\/p>\n<p>\u00a0<\/p>\n<p>\u00a0<\/p>\n<p>\u00a0<\/p>\n<p>\u00a0<\/p>\n<p>\u00a0<\/p>\n","protected":false},"excerpt":{"rendered":"<p>\u00a0 \u00a0 \u00a0 \u00a0Il servizio di brokering di eToro \u00e8 fornito da Retail FX Ltd. (che opera sotto il nome commerciale &#8220;eToro&#8221;), un\u2019azienda di investimento cipriota. I client dell\u2019Asia Pacifica&hellip;<\/p>\n","protected":false},"author":1,"featured_media":0,"parent":0,"menu_order":0,"comment_status":"open","ping_status":"open","template":"","meta":[],"tags":[267,75,440],"_links":{"self":[{"href":"https:\/\/choose-forex.com\/it\/wp-json\/wp\/v2\/pages\/391\/"}],"collection":[{"href":"https:\/\/choose-forex.com\/it\/wp-json\/wp\/v2\/pages\/"}],"about":[{"href":"https:\/\/choose-forex.com\/it\/wp-json\/wp\/v2\/types\/page\/"}],"author":[{"embeddable":true,"href":"https:\/\/choose-forex.com\/it\/wp-json\/wp\/v2\/users\/1\/"}],"replies":[{"embeddable":true,"href":"https:\/\/choose-forex.com\/it\/wp-json\/wp\/v2\/comments\/?post=391"}],"version-history":[{"count":0,"href":"https:\/\/choose-forex.com\/it\/wp-json\/wp\/v2\/pages\/391\/revisions\/"}],"wp:attachment":[{"href":"https:\/\/choose-forex.com\/it\/wp-json\/wp\/v2\/media\/?parent=391"}],"wp:term":[{"taxonomy":"post_tag","embeddable":true,"href":"https:\/\/choose-forex.com\/it\/wp-json\/wp\/v2\/tags\/?post=391"}],"curies":[{"name":"wp","href":"https:\/\/api.w.org\/{rel}","templated":true}]}}