{"id":406,"date":"2012-06-06T22:44:32","date_gmt":"2012-06-06T22:44:32","guid":{"rendered":"http:\/\/wp1.choose-forex.com\/?p=406"},"modified":"2012-06-06T22:44:32","modified_gmt":"2012-06-06T22:44:32","slug":"confronto-tra-broker-forex","status":"publish","type":"page","link":"https:\/\/choose-forex.com\/it\/confronto-tra-broker-forex\/","title":{"rendered":"Confronto tra broker Forex"},"content":{"rendered":"\n<p>\u00a0<\/p>\n<p style=\"margin-bottom: 0cm; \"><font color=\"#000000\"><font face=\"Arial, Helvetica, sans-serif\">Non pu\u00f2 esserci alcun successo nell&#8217;arena degli investimenti se il broker non \u00e8 per niente collaborativo. Altrimenti giganti come Warren Buffet non sarebbero riusciti a fare quello che hanno fatto. Un broker Forex con molto entusiasmo, determinazione e professionalit\u00e0 pu\u00f2 sempre ottenere buoni risultati. L&#8217;esperienza \u00e8 fondamentale ma ci sono sempre nuovi ingressi. <\/font><\/font><\/p>\n<p style=\"margin-bottom: 0cm; \"><font color=\"#000000\"><font face=\"Arial, Helvetica, sans-serif\">Ma ricorda che ci sono sempre le due facce della moneta ed \u00e8 per questo che ti servono informazioni e valutazione sui broker. Di seguito alcune delle cose da controllare in un&#8217;azienda di brokeraggio:<\/font><\/font><\/p>\n<ol>\n<li>\n<p style=\"margin-bottom: 0cm; \"><font color=\"#000000\"><font face=\"Arial, Helvetica, sans-serif\"><b>Regolamento<\/b> \u2013 \u00e8 un broker regolato da una o pi\u00f9 agenzie? Qual&#8217;\u00e8 la credibilit\u00e0 dei regolatori coinvolti?<\/font><\/font><\/p>\n<\/li>\n<li>\n<p style=\"margin-bottom: 0cm; \"><font color=\"#000000\"><font face=\"Arial, Helvetica, sans-serif\"><b>Piattaforme<\/b> \u2013 quale piattaforma di investimento \u00e8 fornita dal broker? Quali sono i costi del conto e le commissioni che paghi al broker?<\/font><\/font><\/p>\n<\/li>\n<li>\n<p style=\"margin-bottom: 0cm; \"><font color=\"#000000\"><font face=\"Arial, Helvetica, sans-serif\"><strong>Comunicazione <\/strong>\u2013 un buon broker Forex dovrebbe comunicare al cliente, nel modo pi\u00f9 efficace possibile, i dettagli dell&#8217;investimento via email, SMS alert o ogni altro strumento adeguato. La comunicazione dovrebbe avvenire in tempo reale per migliorare il processo decisionale operativo.<\/font><\/font><\/p>\n<\/li>\n<li>\n<p style=\"margin-bottom: 0cm; \"><font color=\"#000000\"><font face=\"Arial, Helvetica, sans-serif\"><b>Supporto<\/b> \u2013 In che modo l&#8217;offerta del broker promuove i servizi al cliente? Il servizio \u00e8 disponibile 24\/7? In choose-forex.com forniamo supporto online e poniamo sempre i nostri clienti alla massima priorit\u00e0.<\/font><\/font><\/p>\n<\/li>\n<li>\n<p style=\"margin-bottom: 0cm; \"><font color=\"#000000\"><font face=\"Arial, Helvetica, sans-serif\"><b>Transazioni<\/b> \u2013 quante transazioni sono gestire dal broker in un certo istante? Un elevato volume delle transazioni corrisponde ad una maggiore competenza e l&#8217;accesso a diverse arene di investimento. Dai la preferenza al maggior numero di transazioni in quanto questo si traduce in maggiori guadagni visto che le transazioni sono eseguite con maggiore attenzione.<\/font><\/font><\/p>\n<\/li>\n<\/ol>\n<ol start=\"6\">\n<li>\n<p style=\"margin-bottom: 0cm; \"><font color=\"#000000\"><font face=\"Arial, Helvetica, sans-serif\"><b>Deposito minimo e massimo<\/b> \u2013 una volta che ti sei registrato con un broker, hai la possibilit\u00e0 di essere premiato con un conto demo per iniziare a fare trading.<\/font><\/font><\/p>\n<\/li>\n<li>\n<p style=\"margin-bottom: 0cm; \"><font color=\"#000000\"><font face=\"Arial, Helvetica, sans-serif\"><b>Usabilit\u00e0<\/b> \u2013 alcune piattaforme sono state create in modo tale da rendere piacevole per l&#8217;utente inserire ordini. In chooose-forex.com ci consideriamo una piattaforma entry-level che offre un ampio ventaglio di strumenti di trading e l&#8217;accesso alle valute estere mondiali. E&#8217; molto facile da usare e ti fornisce strumenti di trading automatico.<\/font><\/font><\/p>\n<\/li>\n<\/ol>\n<p style=\"margin-bottom: 0cm; \"><font color=\"#000000\"><font face=\"Arial, Helvetica, sans-serif\">\u200b<\/font><\/font><span style=\"font-family: Arial, Helvetica, sans-serif; color: rgb(0, 0, 0); \">Di seguito quattro suggerimenti che ti aiutano a scegliere un broker Forex affidabile:<\/span><\/p>\n<ul class=\"rteindent1\">\n<li>\n<p style=\"margin-bottom: 0cm; \"><font color=\"#000000\"><font face=\"Arial, Helvetica, sans-serif\"><font size=\"2\" style=\"font-size: 9pt\"><b>Registrazioni<\/b><\/font><\/font><\/font><font color=\"#000000\"><font face=\"Arial, Helvetica, sans-serif\"> \u2013 un broker Forex affidabile deve avere registrazioni affidabili che dovrebbero includere valutazioni dei clienti sul sito ed i relativi commenti.<\/font><\/font><\/p>\n<\/li>\n<li>\n<p style=\"margin-bottom: 0cm; \"><font color=\"#000000\"><font face=\"Arial, Helvetica, sans-serif\"><font size=\"2\" style=\"font-size: 9pt\"><b>Affidabilit\u00e0 del sistema<\/b><\/font><\/font><\/font><font color=\"#000000\"><font face=\"Arial, Helvetica, sans-serif\"> \u2013 alcuni broker Forex possono sviluppare sistemi che difficilmente riescono a soddisfare le esigenze dell&#8217;utente. Quindi elenca tutte le tue aspettative e verifica quanto il sistema le soddisfa.<\/font><\/font><\/p>\n<\/li>\n<li>\n<p style=\"margin-bottom: 0cm; \"><font color=\"#000000\"><font face=\"Arial, Helvetica, sans-serif\"><font size=\"2\" style=\"font-size: 9pt\"><b>Consapevolezza del mercato<\/b><\/font><\/font><\/font><font color=\"#000000\"><font face=\"Arial, Helvetica, sans-serif\"> \u2013 i trader preferiscono avere a che fare con un broker che \u00e8 esperto sul mercato valutario e non con un novellino. La societ\u00e0 di brokeraggio deve elencare le proprie aree di competenza nell&#8217;opuscolo pubblicitario.<\/font><\/font><\/p>\n<\/li>\n<li>\n<p style=\"margin-bottom: 0cm; \"><font color=\"#000000\"><font face=\"Arial, Helvetica, sans-serif\"><font size=\"2\" style=\"font-size: 9pt\"><b>Competenza<\/b><\/font><\/font><\/font><font color=\"#000000\"><font face=\"Arial, Helvetica, sans-serif\"> \u2013 il broker dovrebbe avere una opportuna competenza sulle valute e sull&#8217;economia in generale in modo da poter gestire adeguatamente il danaro degli investitori.<\/font><\/font><\/p>\n<\/li>\n<\/ul>\n<p style=\"margin-bottom: 0cm; \">\u00a0<\/p>\n","protected":false},"excerpt":{"rendered":"<p>\u00a0 Non pu\u00f2 esserci alcun successo nell&#8217;arena degli investimenti se il broker non \u00e8 per niente collaborativo. Altrimenti giganti come Warren Buffet non sarebbero riusciti a fare quello che hanno&hellip;<\/p>\n","protected":false},"author":1,"featured_media":0,"parent":0,"menu_order":0,"comment_status":"open","ping_status":"open","template":"","meta":[],"tags":[463,462,461],"_links":{"self":[{"href":"https:\/\/choose-forex.com\/it\/wp-json\/wp\/v2\/pages\/406\/"}],"collection":[{"href":"https:\/\/choose-forex.com\/it\/wp-json\/wp\/v2\/pages\/"}],"about":[{"href":"https:\/\/choose-forex.com\/it\/wp-json\/wp\/v2\/types\/page\/"}],"author":[{"embeddable":true,"href":"https:\/\/choose-forex.com\/it\/wp-json\/wp\/v2\/users\/1\/"}],"replies":[{"embeddable":true,"href":"https:\/\/choose-forex.com\/it\/wp-json\/wp\/v2\/comments\/?post=406"}],"version-history":[{"count":0,"href":"https:\/\/choose-forex.com\/it\/wp-json\/wp\/v2\/pages\/406\/revisions\/"}],"wp:attachment":[{"href":"https:\/\/choose-forex.com\/it\/wp-json\/wp\/v2\/media\/?parent=406"}],"wp:term":[{"taxonomy":"post_tag","embeddable":true,"href":"https:\/\/choose-forex.com\/it\/wp-json\/wp\/v2\/tags\/?post=406"}],"curies":[{"name":"wp","href":"https:\/\/api.w.org\/{rel}","templated":true}]}}