{"id":445,"date":"2012-06-02T07:49:16","date_gmt":"2012-06-02T07:49:16","guid":{"rendered":"http:\/\/wp1.choose-forex.com\/?p=445"},"modified":"2012-06-02T07:49:16","modified_gmt":"2012-06-02T07:49:16","slug":"indicatori","status":"publish","type":"page","link":"https:\/\/choose-forex.com\/it\/indicatori\/","title":{"rendered":"Indicatori"},"content":{"rendered":"\n<p><span style=\"color: rgb(0, 0, 0); \">\u00a0 \u00a0 \u00a0 \u00a0 \u00a0 \u00a0 \u00a0 \u00a0\u00a0<\/span><font face=\"Arial, Helvetica, sans-serif\" style=\"color: rgb(0, 0, 0); \"><font size=\"2\" style=\"font-size: 9pt\">In questa sezione parleremo dei pi\u00f9 diffusi indicatori utilizzati nel Forex.<\/font><\/font><\/p>\n<p style=\"margin-bottom: 0cm; \"><font color=\"#000000\">\u00a0\u00a0\u00a0\u00a0\u00a0\u00a0\u00a0\u00a0\u00a0\u00a0\u00a0\u00a0\u00a0\u00a0\u00a0 <font face=\"Arial, Helvetica, sans-serif\"><font size=\"2\" style=\"font-size: 9pt\">Alcuni dei pi\u00f9 esperti trader utilizzano semplici grafici, senza indicatori, utilizzando il Price Action pere prevedere le future variazioni delle coppie di valute. E&#8217; la cosiddetta \u201clettura del grafico\u201d. Sfortunatamente pochi trader riescono a farlo con grande precisione e quindi \u00e8 necessario un po&#8217; di aiuto. Che pu\u00f2 essere fornito dagli indicatori.<\/font><\/font><\/font><\/p>\n<p style=\"margin-bottom: 0cm; \"><font color=\"#000000\">\u00a0\u00a0\u00a0\u00a0\u00a0\u00a0\u00a0\u00a0\u00a0\u00a0\u00a0\u00a0\u00a0\u00a0\u00a0 <font face=\"Arial, Helvetica, sans-serif\"><font size=\"2\" style=\"font-size: 9pt\">Ogni trader deve conoscere bene gli indicatori, come funzionano e come possono aiutarci a raggiungere i nostri obiettivi, quindi mettiamoci al lavoro. <\/font><\/font><\/font><\/p>\n<p style=\"margin-bottom: 0cm; \">\u00a0<\/p>\n<p style=\"margin-bottom: 0cm; \"><u style=\"font-size: 9pt; font-family: Arial, Helvetica, sans-serif; color: rgb(0, 0, 0); \"><b>Classificazione degli indicatori:<\/b><\/u><\/p>\n<p style=\"margin-bottom: 0cm; \"><font color=\"#000000\">\u00a0\u00a0\u00a0\u00a0\u00a0\u00a0\u00a0\u00a0\u00a0\u00a0\u00a0\u00a0\u00a0\u00a0\u00a0 <font face=\"Arial, Helvetica, sans-serif\"><font size=\"2\" style=\"font-size: 9pt\">Gli indicatori possono essere divisi in indicatori leading (\u201cin anticipo\u201d) e lagging ( \u201cin ritardo\u201d). Ora descriveremo ciascuna categoria.<\/font><\/font><\/font><\/p>\n<p style=\"margin-bottom: 0cm; \">\u00a0<\/p>\n<p style=\"margin-bottom: 0cm; \"><font color=\"#000000\"><font face=\"Arial, Helvetica, sans-serif\"><font size=\"2\" style=\"font-size: 9pt\"><u><b>Indicatori leading (Oscillatori):<\/b><\/u><\/font><\/font><\/font><\/p>\n<p style=\"margin-bottom: 0cm; \"><font color=\"#000000\">\u00a0\u00a0\u00a0\u00a0\u00a0\u00a0\u00a0\u00a0\u00a0\u00a0\u00a0\u00a0\u00a0\u00a0\u00a0 <font face=\"Arial, Helvetica, sans-serif\"><font size=\"2\" style=\"font-size: 9pt\">Sono chiamati indicatori leading in quanto ci danno una indicazione della imminente inversione del prezzo utilizzando i livelli di ipervenduto ed ipercomprato. <\/font><\/font><\/font><\/p>\n<p style=\"margin-bottom: 0cm; \"><font color=\"#000000\">\u00a0\u00a0\u00a0\u00a0\u00a0\u00a0\u00a0\u00a0\u00a0\u00a0\u00a0\u00a0\u00a0\u00a0\u00a0 <font face=\"Arial, Helvetica, sans-serif\"><font size=\"2\" style=\"font-size: 9pt\">Tra i pi\u00f9 usati ricordiamo l&#8217;RSI (Relative Strenght Index) e l&#8217;oscillatore stocastico.<\/font><\/font><\/font><\/p>\n<p style=\"margin-bottom: 0cm; \"><font color=\"#000000\"><font face=\"Arial, Helvetica, sans-serif\"><font size=\"2\" style=\"font-size: 9pt\"><b>L&#8217; RSI:<\/b><\/font><\/font><\/font><\/p>\n<p style=\"margin-bottom: 0cm; \"><font color=\"#000000\">\u00a0\u00a0\u00a0\u00a0\u00a0\u00a0\u00a0\u00a0\u00a0\u00a0\u00a0\u00a0\u00a0\u00a0\u00a0 <font face=\"Arial, Helvetica, sans-serif\"><font size=\"2\" style=\"font-size: 9pt\">L&#8217;RSI varia da 0 a 100 nel tentativo di identificare i livelli di ipervenduto ed ipercomprato.<\/font><\/font><\/font><\/p>\n<p style=\"margin-bottom: 0cm; \"><font color=\"#000000\">\u00a0\u00a0\u00a0\u00a0\u00a0\u00a0\u00a0\u00a0\u00a0\u00a0\u00a0\u00a0\u00a0\u00a0\u00a0 <font face=\"Arial, Helvetica, sans-serif\"><font size=\"2\" style=\"font-size: 9pt\">Valori crescenti dell&#8217;RSI indicano che i prezzi stanno salendo e che i buyer hanno preso il controllo del mercato. Tuttavia un valore dell&#8217;RSI superiore a 70 indica che la coppia di valute ha raggiunto la zona overbought e che quindi sta per verificarsi un rimbalzo, un consolidamento o una eventuale inversione.<\/font><\/font><\/font><\/p>\n<p style=\"margin-bottom: 0cm; \"><span style=\"color: rgb(0, 0, 0); \">\u00a0 \u00a0 \u00a0 \u00a0 \u00a0 \u00a0 \u00a0 \u00a0\u00a0<\/span><font face=\"Arial, Helvetica, sans-serif\" style=\"color: rgb(0, 0, 0); \"><font size=\"2\" style=\"font-size: 9pt\">Valori dell&#8217;RSI decrescenti indicano che i prezzi stanno diminuendo e che i seller hanno il controllo del mercato. Tuttavia un valore dell&#8217;RSI inferiore a 30 indica che la coppia di valute ha raggiunto la zona overbought e che quindi sta per verificarsi un rimbalzo, un consolidamento o una eventuale inversione.<\/font><\/font><\/p>\n<p style=\"margin-bottom: 0cm; \"><font color=\"#000000\">\u00a0\u00a0\u00a0\u00a0\u00a0\u00a0\u00a0\u00a0\u00a0\u00a0\u00a0\u00a0\u00a0\u00a0\u00a0 <font face=\"Arial, Helvetica, sans-serif\"><font size=\"2\" style=\"font-size: 9pt\">Il punto migliore per vendere una coppia di valute \u00e8 quando l&#8217;RSI supera il livello 70 in salita, raggiungendo l&#8217;area overbought, per poi riattraversarlo in discesa, raggiungendo prezzi inferiori.<\/font><\/font><\/font><\/p>\n<p style=\"margin-bottom: 0cm; \"><font color=\"#000000\"><font face=\"Arial, Helvetica, sans-serif\">La figura qui sotto consente di comprendere meglio:<\/font><\/font><\/p>\n<p><a href=\"\/sites\/default\/files\/u46\/rsi.gif\" data-rel=\"penci-gallery-image-content\"  target=\"_self\"><img alt=\"\" src=\"\/sites\/default\/files\/u46\/rsi.gif\" style=\"width: 570px; height: 426px;\" \/><\/a><\/p>\n<p>\u00a0<\/p>\n<p style=\"margin-bottom: 0cm; \"><font color=\"#000000\"><font face=\"Arial, Helvetica, sans-serif\">Dualmente per l&#8217;acquisto di una valuta, ma considerando il livello 30 (oversold).<\/font><\/font><\/p>\n<p style=\"margin-bottom: 0cm; \"><font color=\"#000000\">\u00a0\u00a0\u00a0\u00a0\u00a0\u00a0\u00a0\u00a0\u00a0\u00a0\u00a0\u00a0\u00a0\u00a0\u00a0 <font face=\"Arial, Helvetica, sans-serif\"><font size=\"2\" style=\"font-size: 9pt\">Il valore 50 dell&#8217;RSI pu\u00f2 essere considerato per l&#8217;identificazione di un trend. Se il trader pensa che un trend stia iniziando, l&#8217;RSI pu\u00f2 essere utilizzato come conferma quando l&#8217;RSI raggiunge il valore 50,<\/font><\/font><\/font><\/p>\n<p style=\"margin-bottom: 0cm; \"><font color=\"#000000\">\u00a0\u00a0\u00a0\u00a0\u00a0\u00a0\u00a0\u00a0\u00a0\u00a0\u00a0\u00a0\u00a0\u00a0\u00a0 <font face=\"Arial, Helvetica, sans-serif\"><font size=\"2\" style=\"font-size: 9pt\">Uno dei pi\u00f9 potenti impieghi dell&#8217;RSI \u00e8 quello di mostrare la Divergenza. Questa \u00e8 una caratteristica degli oscillatori.<\/font><\/font><\/font><\/p>\n<p style=\"margin-bottom: 0cm; \"><font color=\"#000000\">\u00a0\u00a0\u00a0\u00a0\u00a0\u00a0\u00a0\u00a0\u00a0\u00a0\u00a0\u00a0\u00a0\u00a0\u00a0 <font face=\"Arial, Helvetica, sans-serif\"><font size=\"2\" style=\"font-size: 9pt\">Poich\u00e9 la Divergenza \u00e8 uno strumento potente, dedicheremo uno specifico articolo per descriverlo in dettaglio.<\/font><\/font><\/font><\/p>\n<p style=\"margin-bottom: 0cm; \"><font color=\"#000000\">\u00a0\u00a0\u00a0\u00a0\u00a0\u00a0\u00a0\u00a0\u00a0\u00a0\u00a0\u00a0\u00a0\u00a0\u00a0 <font face=\"Arial, Helvetica, sans-serif\"><font size=\"2\" style=\"font-size: 9pt\">Il periodo di default dell&#8217;RSI \u00e8 14. Un valore inferiore corrisponde ad un RSI pi\u00f9 veloce (ma che pi\u00f9 probabilmente fornisce falsi segnali), mentre un valore pi\u00f9 elevato lo rallenta e ti fornisce meno segnali. Ogni trader dovrebbe identificare i valori che pi\u00f9 si adattano al proprio stile di trading. <\/font><\/font><\/font><\/p>\n<p style=\"margin-bottom: 0cm; \"><font color=\"#000000\">\u00a0\u00a0\u00a0\u00a0\u00a0\u00a0\u00a0\u00a0\u00a0\u00a0\u00a0\u00a0\u00a0\u00a0\u00a0 <font face=\"Arial, Helvetica, sans-serif\"><font size=\"2\" style=\"font-size: 9pt\">Raccomandiamo di usare il valore di default finch\u00e9 non si \u00e8 preso pratica con esso e si sente l&#8217;esigenza di cambiare il suo periodo.<\/font><\/font><\/font><\/p>\n<p style=\"margin-bottom: 0cm; \"><span style=\"color: rgb(0, 0, 0); \">\u00a0 \u00a0 \u00a0 \u00a0 \u00a0 \u00a0 \u00a0 \u00a0\u00a0<\/span><font face=\"Arial, Helvetica, sans-serif\" style=\"color: rgb(0, 0, 0); \"><font size=\"2\" style=\"font-size: 9pt\">Analogamente agli altri oscillatori, l&#8217;RSI funziona meglio nei mercati a movimento laterale ma duirante i forti trend pu\u00f2 facilmente fallire e quindi non deve essere utilizzato da solo ma insieme ad altri fattori, in modo da aiutare il trader ad identificare la direzione della sua prossima operazione.<\/font><\/font><\/p>\n<p style=\"margin-bottom: 0cm; \">\u00a0<\/p>\n<p style=\"margin-bottom: 0cm; \"><font color=\"#000000\"><font face=\"Arial, Helvetica, sans-serif\"><font size=\"2\" style=\"font-size: 9pt\"><u><b>Lo Stocastico:<\/b><\/u><\/font><\/font><\/font><\/p>\n<p style=\"margin-bottom: 0cm; \"><font color=\"#000000\">\u00a0\u00a0\u00a0\u00a0\u00a0\u00a0\u00a0\u00a0\u00a0\u00a0\u00a0\u00a0\u00a0\u00a0\u00a0 <font face=\"Arial, Helvetica, sans-serif\"><font size=\"2\" style=\"font-size: 9pt\">Come l&#8217;RSI, anche lo stocastico oscilla tra 0 e 100, identifica i livelli overbought e oversold e utilizza due livelli, ma questi ultimo sono a 20 (per ipervenduto) e 80 (per ipercomprato). Analogamente ll&#8217;RSI si dovrebbe comprare nella zona oversold e vendere in quella overbought.<\/font><\/font><\/font><\/p>\n<p style=\"margin-bottom: 0cm; \"><font color=\"#000000\">\u00a0\u00a0\u00a0\u00a0\u00a0\u00a0\u00a0\u00a0\u00a0\u00a0\u00a0\u00a0\u00a0\u00a0\u00a0 <font face=\"Arial, Helvetica, sans-serif\"><font size=\"2\" style=\"font-size: 9pt\">Lo stocastico \u00e8 formato da due linee, una pi\u00f9 veloce, l&#8217;altra pi\u00f9 lenta, che consente di ricavare un ulteriore segnale: l&#8217;incrocio dello stocastico (<b>Stochastic Cross<\/b>). Quando lo stocastico \u00e8 nella zona overbought (oltre il livello 80), la linea pi\u00f9 veloce attraversa quella pi\u00f9 lenta verso il basso e entrambe le linee lasciano la zona overbought (oltre il livello 80) si hanno le condizioni per una buona vendita. La figura qui sotto ci aiuta a comprendere meglio:<\/font><\/font><\/font><\/p>\n<p><a href=\"\/sites\/default\/files\/u46\/stoch.gif\" data-rel=\"penci-gallery-image-content\"  target=\"_self\"><img alt=\"\" src=\"\/sites\/default\/files\/u46\/stoch.gif\" style=\"width: 547px; height: 336px;\" \/><\/a><\/p>\n<p>\u00a0<\/p>\n<p style=\"margin-bottom: 0cm; \"><font color=\"#000000\"><font face=\"Arial, Helvetica, sans-serif\">L&#8217;opposto accade per l&#8217;acquisto di una moneta ma si deve considerare il livello 20 (oversold).<\/font><\/font><\/p>\n<p style=\"margin-bottom: 0cm; \"><font color=\"#000000\"><font face=\"Arial, Helvetica, sans-serif\">Le impostazioni dello stocastico variano da trader a trader. Proprio come nel caso dell&#8217;RSI, un valore minore rende lo stocastico pi\u00f9 veloce (ma aumenta la probabilit\u00e0 dei falsi segnali), uno maggiore rallenta lo stocastico, dandoti meno segnali. Ogni trader dovrebbe identificare i valori dello stocastico che meglio si adattano al proprio stile di trader. Nel caso tu non sappia quali valori utilizzare, lascia i valori di default. <\/font><\/font><\/p>\n<p style=\"margin-bottom: 0cm; \"><font color=\"#000000\">\u00a0\u00a0\u00a0\u00a0\u00a0\u00a0\u00a0\u00a0\u00a0\u00a0\u00a0\u00a0\u00a0\u00a0\u00a0 <font face=\"Arial, Helvetica, sans-serif\"><font size=\"2\" style=\"font-size: 9pt\">Come gli oscillatori, anche lo stocastico fornisce \u00f2le migliori indicazioni nei mercati stazionari, ma nei mercati in forte trend pu\u00f2 facilmente dare false indicazione quindi non deve essere utilizzato da solo ma sempre affiancato da altri fattori, in modo da aiutare il trader nella definizione del suo prossimo trade.<\/font><\/font><\/font><\/p>\n<p style=\"margin-bottom: 0cm; \">\u00a0<\/p>\n<p style=\"margin-bottom: 0cm; \"><font color=\"#000000\"><font face=\"Arial, Helvetica, sans-serif\"><font size=\"2\" style=\"font-size: 9pt\"><u><b>Indicatori lagging (momentum o indicatori che seguono il trend)<\/b><\/u><\/font><\/font><\/font><\/p>\n<p style=\"margin-bottom: 0cm; \"><font color=\"#000000\">\u00a0\u00a0\u00a0\u00a0\u00a0\u00a0\u00a0\u00a0\u00a0\u00a0\u00a0\u00a0\u00a0\u00a0\u00a0 <font face=\"Arial, Helvetica, sans-serif\"><font size=\"2\" style=\"font-size: 9pt\">Conosci sicuramente ila frase \u201cIl trend \u00e8 tuo amico\u201d. Ma come si fa a riconoscere un trend ma, soprattutto, come individuarlo prima che sia terminato? Sfortunatamente non esiste una risposta esaustiva a questa domanda ma comunque posso suggerirti alcuni strumenti: il MACD e le medie mobili. Vediamo ora i concetti di base di questi indicatori.<\/font><\/font><\/font><\/p>\n<p style=\"margin-bottom: 0cm; \">\u00a0<\/p>\n<p style=\"margin-bottom: 0cm; \"><font color=\"#000000\"><font face=\"Arial, Helvetica, sans-serif\"><font size=\"2\" style=\"font-size: 9pt\"><b><u>MACD (Moving Average Convergence divergence)<\/u><\/b><\/font><\/font><\/font><\/p>\n<p style=\"margin-bottom: 0cm; \"><font color=\"#000000\">\u00a0\u00a0\u00a0\u00a0\u00a0\u00a0\u00a0\u00a0\u00a0\u00a0\u00a0\u00a0\u00a0\u00a0\u00a0 <font face=\"Arial, Helvetica, sans-serif\"><font size=\"2\" style=\"font-size: 9pt\">Non \u00e8 un oscillatore e no varia tra 0 e 100 come l&#8217;RSI e lo stocastico. E&#8217; composto da due medie mobili(una pi\u00f9 veloce ed una pi\u00f9 lenta) e da un istogramma.<\/font><\/font><\/font><\/p>\n<p style=\"margin-bottom: 0cm; \"><font color=\"#000000\"><font face=\"Arial, Helvetica, sans-serif\">L&#8217;istogramma mostra la differenza tra le due medie mobili. Aumenta quando le due medie divergono e diminuisce quando convergono.<\/font><\/font><\/p>\n<p style=\"margin-bottom: 0cm; \"><font color=\"#000000\">\u00a0\u00a0\u00a0\u00a0\u00a0\u00a0\u00a0\u00a0\u00a0\u00a0\u00a0\u00a0\u00a0\u00a0\u00a0 <font face=\"Arial, Helvetica, sans-serif\"><font size=\"2\" style=\"font-size: 9pt\">Il MACD \u00e8 un valido indicatore del momentum e fornisce indicazioni sulla forza del trend: quando le due linee divergono (e quindi l&#8217;istogramma assume valori maggiori), il trend \u00e8 pi\u00f9 forte. Nel caso in cui le due linee dovessero tendere di nuovo a convergere e quindi l&#8217;istogramma a ridursi, il movimento \u00e8 prossimo alla conclusione e quindi \u00e8 prossimo un rimbalzo o una inversione del trend.<\/font><\/font><\/font><\/p>\n<p style=\"margin-bottom: 0cm; \"><font color=\"#000000\">\u00a0\u00a0\u00a0\u00a0\u00a0\u00a0\u00a0\u00a0\u00a0\u00a0\u00a0\u00a0\u00a0\u00a0\u00a0 <font face=\"Arial, Helvetica, sans-serif\"><font size=\"2\" style=\"font-size: 9pt\">Analogamente allo stocastico, le intersezioni delle due linee possono essere utilizzate come segnale per l&#8217;acquisto o la vendita. Un segnale buy \u00e8 generato qiando quando la linea pi\u00f9 veloce attraversa dal basso quella pi\u00f9 lenta. Quando il MACD \u00e8 maggiore di zero, il mercato \u00e8 rialzista, quando \u00e8 minore di zero \u00e8 ribassista.<\/font><\/font><\/font><\/p>\n<p style=\"margin-bottom: 0cm; \"><font color=\"#000000\"><font face=\"Arial, Helvetica, sans-serif\">La seguente figura ti aiuta a comprendere meglio:<\/font><\/font><\/p>\n<p><a href=\"\/sites\/default\/files\/u46\/macd.jpg\" data-rel=\"penci-gallery-image-content\"  target=\"_self\"><img alt=\"\" src=\"\/sites\/default\/files\/u46\/macd.jpg\" style=\"width: 548px; height: 336px;\" \/><\/a><\/p>\n<p>\u00a0<\/p>\n<p style=\"margin-bottom: 0cm; \"><font color=\"#000000\"><font face=\"Arial, Helvetica, sans-serif\">I valori di default per il MACD sono 12, 26 e 9 ma possono essere variati per ottenere un indicatore pi\u00f9 veloce o pi\u00f9 smorzato.<\/font><\/font><\/p>\n<p style=\"margin-bottom: 0cm; \"><font color=\"#000000\">\u00a0\u00a0\u00a0\u00a0\u00a0\u00a0\u00a0\u00a0\u00a0\u00a0\u00a0\u00a0\u00a0\u00a0\u00a0 <font face=\"Arial, Helvetica, sans-serif\"><font size=\"2\" style=\"font-size: 9pt\">Il grosso inconveniente del MACD \u00e8 che \u00e8 in ritardo rispetto al prezzo in quanto \u00e8 fatto da due medie mobili, in ritardo per definizione. Ciononostante \u00e8 un ottimo strumento ed \u00e8 usato da molti trader.<\/font><\/font><\/font><\/p>\n<p style=\"margin-bottom: 0cm; \"><font color=\"#000000\">\u00a0\u00a0\u00a0\u00a0\u00a0\u00a0\u00a0\u00a0\u00a0\u00a0\u00a0\u00a0\u00a0\u00a0\u00a0 <font face=\"Arial, Helvetica, sans-serif\"><font size=\"2\" style=\"font-size: 9pt\">Puoi anche usare il MACD da solo ma non \u00e8 consigliabile solo un motivo per aprire una posizione o basarsi su un solo indicatore.<\/font><\/font><\/font><\/p>\n<p style=\"margin-bottom: 0cm; \">\u00a0<\/p>\n<p style=\"margin-bottom: 0cm; \"><font color=\"#000000\"><font face=\"Arial, Helvetica, sans-serif\"><font size=\"2\" style=\"font-size: 9pt\"><u><b>Medie mobili:<\/b><\/u><\/font><\/font><\/font><\/p>\n<p style=\"margin-bottom: 0cm; \"><font color=\"#000000\">\u00a0\u00a0\u00a0\u00a0\u00a0\u00a0\u00a0\u00a0\u00a0\u00a0\u00a0\u00a0\u00a0\u00a0\u00a0 <font face=\"Arial, Helvetica, sans-serif\"><font size=\"2\" style=\"font-size: 9pt\">Le medie mobili (Moving Average \u2013 MA) sono calcolate dal valore medio del prezzo calcolato su \u201cX\u201d periodi di tempo. Per esempio una MA 50 \u00e8 tracciata su un grafico calcolando la media mobile su 50 barre. Se stai utilizzando un grafico ad un&#8217;ora, la MA 50 calcola la media mobile sulle ultime 50 ore. Se stai utilizzando i grafici giornalieri, MA 50 calcola il prezzo edio sugli ultimmi 50 giorni.<\/font><\/font><\/font><\/p>\n<p style=\"margin-bottom: 0cm; \"><span style=\"color: rgb(0, 0, 0); \">\u00a0 \u00a0 \u00a0 \u00a0 \u00a0 \u00a0 \u00a0 \u00a0\u00a0<\/span><font face=\"Arial, Helvetica, sans-serif\" style=\"color: rgb(0, 0, 0); \"><font size=\"2\" style=\"font-size: 9pt\">L&#8217;uso pi\u00f9 comune di questi indicatori \u00e8 dare indicazioni sulla direzione del prezzo, aiutando il trader a prevedere i futuri movimenti del prezzo e fornire supporti e resistenze dinamiche.<\/font><\/font><\/p>\n<p style=\"margin-bottom: 0cm; \"><font color=\"#000000\">\u00a0\u00a0\u00a0\u00a0\u00a0\u00a0\u00a0\u00a0\u00a0\u00a0\u00a0\u00a0\u00a0\u00a0\u00a0 <font face=\"Arial, Helvetica, sans-serif\"><font size=\"2\" style=\"font-size: 9pt\">Minore \u00e8 il periodo su cui \u00e8 calcolata, pi\u00f9 pu\u00f2 dare false indicazioni. Ad esempio, una MA 5 segue pi\u00f9 fedelmente il prezzo di una MA 100 poich\u00e9 per la maggior parte del tempo \u00e8 sempre (o per la maggior parte del tempo) all&#8217;interno delle barre del prezzo e non \u00e8 molto utile. La MA 100, invece, indica con pi\u00f9 precisione la direzione del prezzo e fornisce supporti e resistenze dinamiche.<\/font><\/font><\/font><\/p>\n<p style=\"margin-bottom: 0cm; \"><font color=\"#000000\">\u00a0\u00a0\u00a0\u00a0\u00a0\u00a0\u00a0\u00a0\u00a0\u00a0\u00a0\u00a0\u00a0\u00a0\u00a0 <font face=\"Arial, Helvetica, sans-serif\"><font size=\"2\" style=\"font-size: 9pt\">Ci sono diversi tipi di MA, ciascuno con diverse formule utilizzate per smorzare i movimenti del prezzo. Le pi\u00f9 importanti sono la <b>Media Mobile Semplice<\/b> (Simple Moving Average \u2013 SMA) e la <b>Media Mobile Esponenziale<\/b> (Exponential Moving Average \u2013 EMA). Ne esistono anche altro pi\u00f9 particolari ma non ha senso parlarne ora, parliamo prima di quelle pi\u00f9 semplici.<\/font><\/font><\/font><\/p>\n<p style=\"margin-bottom: 0cm; \">\u00a0<\/p>\n<p style=\"margin-bottom: 0cm; \"><font color=\"#000000\"><font face=\"Arial, Helvetica, sans-serif\"><font size=\"2\" style=\"font-size: 9pt\"><u><b>Media Mobile Semplice (SMA)<\/b><\/u><\/font><\/font><\/font><\/p>\n<p style=\"margin-bottom: 0cm; \"><font color=\"#000000\">\u00a0\u00a0\u00a0\u00a0\u00a0\u00a0\u00a0\u00a0\u00a0\u00a0\u00a0\u00a0\u00a0\u00a0\u00a0 <font face=\"Arial, Helvetica, sans-serif\"><font size=\"2\" style=\"font-size: 9pt\">L&#8217;SMA \u00e8 calcolata usando i prezzi di chiusura. La formula \u00e8 semplice, ma non vale la pena parlarne in quanto \u00e8 calcolata automaticamente da tutte le piattaforme di trading. <\/font><\/font><\/font><\/p>\n<p style=\"margin-bottom: 0cm; \">\u00a0<\/p>\n<p style=\"margin-bottom: 0cm; \"><u style=\"font-size: 9pt; font-family: Arial, Helvetica, sans-serif; color: rgb(0, 0, 0); \"><b>Media Mobile Esponenziale (EMA)<\/b><\/u><\/p>\n<p style=\"margin-bottom: 0cm; \"><font color=\"#000000\">\u00a0\u00a0\u00a0\u00a0\u00a0\u00a0\u00a0\u00a0\u00a0\u00a0\u00a0\u00a0\u00a0\u00a0\u00a0 <font face=\"Arial, Helvetica, sans-serif\"><font size=\"2\" style=\"font-size: 9pt\">L&#8217;EMA assegna un peso maggiore ai prezzi pi\u00f9 recenti e quindi rappresenta meglio la direzione del prezzo poich\u00e9 possiamo vedere meglio quello che gli altri trader stanno facendo successivamente rispetto ai periodi precedenti.<\/font><\/font><\/font><\/p>\n<p style=\"margin-bottom: 0cm; \">\u00a0<\/p>\n<p style=\"margin-bottom: 0cm; \"><font color=\"#000000\"><font face=\"Arial, Helvetica, sans-serif\"><font size=\"2\" style=\"font-size: 9pt\"><u>Differenze tra i due tipi di MA:<\/u><\/font><\/font><\/font><\/p>\n<p style=\"margin-bottom: 0cm; \"><font color=\"#000000\"><font face=\"Arial, Helvetica, sans-serif\">Nel calcolo della SMA tutti i prezzi sono trattati allo stesso modo. <\/font><\/font><\/p>\n<p style=\"margin-bottom: 0cm; \"><font color=\"#000000\"><font face=\"Arial, Helvetica, sans-serif\">Nel calcolo dell&#8217;EMA, \u00e8 data maggior importanza ai prezzi pi\u00f9 recenti.<\/font><\/font><\/p>\n<p style=\"margin-bottom: 0cm; \"><font color=\"#000000\"><font face=\"Arial, Helvetica, sans-serif\">Nella sottostante figura puoi vedere la differenza tra le due MA:<\/font><\/font><\/p>\n<p><a href=\"\/sites\/default\/files\/u46\/mas.jpg\" data-rel=\"penci-gallery-image-content\"  target=\"_self\"><img alt=\"\" src=\"\/sites\/default\/files\/u46\/mas.jpg\" style=\"width: 548px; height: 224px;\" \/><\/a><\/p>\n<p>\u00a0<\/p>\n<p style=\"margin-bottom: 0cm; \"><font color=\"#000000\"><font face=\"Arial, Helvetica, sans-serif\">La linea rossa \u00e8 la SMA e la linea bianca l&#8217;EMA. Entrambe usano per il calcolo un periodo di 50 ma, come si pu\u00f2 vedere, l&#8217;EMA segue maggiormente il prezzo. Se il prezzo diminuisce, l&#8217;EMA diminuisce prima della SMA dandoci prima indicazioni sui movimenti del prezzo.<\/font><\/font><\/p>\n<p style=\"margin-bottom: 0cm; \"><font color=\"#000000\">\u00a0\u00a0\u00a0\u00a0\u00a0\u00a0\u00a0\u00a0\u00a0\u00a0\u00a0\u00a0\u00a0\u00a0\u00a0 <font face=\"Arial, Helvetica, sans-serif\"><font size=\"2\" style=\"font-size: 9pt\">Tuttavia, se il movimento discendente si rivelasse un falso e il prezzo tornasse a salire rapidamente, la SMA sarebbe la scelta migliore, perch\u00e9 sarebbe meno sensibile alle false indicazioni.<\/font><\/font><\/font><\/p>\n<p style=\"margin-bottom: 0cm; \"><font color=\"#000000\">\u00a0\u00a0\u00a0\u00a0\u00a0\u00a0\u00a0\u00a0\u00a0\u00a0\u00a0\u00a0\u00a0\u00a0\u00a0 <font face=\"Arial, Helvetica, sans-serif\"><font size=\"2\" style=\"font-size: 9pt\">Come puoi vedere, ogni MA ha i suoi vantaggi e svantaggi e proprio per questo ogni trader deve individuare la tipologia di MA ed il periodo pi\u00f9 adatti ai propri scopi. In genere conviene utilizzare MA pi\u00f9 veloci con periodi pi\u00f9 grandi e, viceversa, MA pi\u00f9 lente su periodi pi\u00f9 piccoli. Ci\u00f2 non vuol dire che non una MA di breve periodo non pu\u00f2 essere utilizzata su un timeframe breve quale l&#8217;M 15 (a 15 minuti), ma solo che un grafico giornaliero la violer\u00e0 meno e trover\u00e0 con maggior frequenza supporti e resistenze nella sua vicinanza.<\/font><\/font><\/font><\/p>\n<p style=\"margin-bottom: 0cm; \"><font color=\"#000000\">\u00a0\u00a0\u00a0\u00a0\u00a0\u00a0\u00a0\u00a0\u00a0\u00a0\u00a0\u00a0\u00a0\u00a0\u00a0 <font face=\"Arial, Helvetica, sans-serif\"><font size=\"2\" style=\"font-size: 9pt\">Esistono numerose strategie dove le MA giocano un ruolo importante ma ne parleremo in un altro articolo in quanto si deve imparare a camminare prima di poter correre.<\/font><\/font><\/font><\/p>\n<p style=\"margin-bottom: 0cm; \">\u00a0<\/p>\n","protected":false},"excerpt":{"rendered":"<p>\u00a0 \u00a0 \u00a0 \u00a0 \u00a0 \u00a0 \u00a0 \u00a0\u00a0In questa sezione parleremo dei pi\u00f9 diffusi indicatori utilizzati nel Forex. \u00a0\u00a0\u00a0\u00a0\u00a0\u00a0\u00a0\u00a0\u00a0\u00a0\u00a0\u00a0\u00a0\u00a0\u00a0 Alcuni dei pi\u00f9 esperti trader utilizzano semplici grafici, senza indicatori, utilizzando&hellip;<\/p>\n","protected":false},"author":1,"featured_media":0,"parent":0,"menu_order":0,"comment_status":"open","ping_status":"closed","template":"","meta":[],"tags":[265,541,245,242,263,264,542],"_links":{"self":[{"href":"https:\/\/choose-forex.com\/it\/wp-json\/wp\/v2\/pages\/445\/"}],"collection":[{"href":"https:\/\/choose-forex.com\/it\/wp-json\/wp\/v2\/pages\/"}],"about":[{"href":"https:\/\/choose-forex.com\/it\/wp-json\/wp\/v2\/types\/page\/"}],"author":[{"embeddable":true,"href":"https:\/\/choose-forex.com\/it\/wp-json\/wp\/v2\/users\/1\/"}],"replies":[{"embeddable":true,"href":"https:\/\/choose-forex.com\/it\/wp-json\/wp\/v2\/comments\/?post=445"}],"version-history":[{"count":0,"href":"https:\/\/choose-forex.com\/it\/wp-json\/wp\/v2\/pages\/445\/revisions\/"}],"wp:attachment":[{"href":"https:\/\/choose-forex.com\/it\/wp-json\/wp\/v2\/media\/?parent=445"}],"wp:term":[{"taxonomy":"post_tag","embeddable":true,"href":"https:\/\/choose-forex.com\/it\/wp-json\/wp\/v2\/tags\/?post=445"}],"curies":[{"name":"wp","href":"https:\/\/api.w.org\/{rel}","templated":true}]}}