{"id":473,"date":"2012-05-30T00:13:08","date_gmt":"2012-05-30T00:13:08","guid":{"rendered":"http:\/\/wp1.choose-forex.com\/?p=473"},"modified":"2012-05-30T00:13:08","modified_gmt":"2012-05-30T00:13:08","slug":"valutazione-di-saxobank","status":"publish","type":"page","link":"https:\/\/choose-forex.com\/it\/valutazione-di-saxobank\/","title":{"rendered":"Valutazione di Saxobank"},"content":{"rendered":"\n<p>\u00a0<\/p>\n<p style=\"margin-bottom: 0cm; \"><font color=\"#000000\">\u00a0 \u00a0 \u00a0 \u00a0 \u00a0 \u00a0 \u00a0 \u00a0\u00a0<font face=\"Arial, Helvetica, sans-serif\"><font size=\"2\" style=\"font-size: 9pt\"><a href=\"http:\/\/www.saxobank.com\/\">Saxobank<\/a>, essendo una banca di investimento internazionale, \u00e8 specializzata nel trading online. Offre la possibilit\u00e0 di fare trading su CFD, ETF, Azioni, Future, Opzioni e Forex, utilizzando alcune delle piattaforme tecnologicamente pi\u00f9 avanzate. Queste piattaforme, pur rimanendo semplici da usare, offrono una ampia scelta di opzioni. Saxo Bank ha vinto il <strong><b>Best White Label Solution Provider<\/b><\/strong><strong><span style=\"font-weight: normal\"> ed il <\/span><\/strong><strong><b>Best Mobile Trading Platform<\/b><\/strong><strong><span style=\"font-weight: normal\"> al <\/span><\/strong><strong><b>Foreign Exchange Awards<\/b><\/strong><strong><span style=\"font-weight: normal\"> tenutosi durante il <\/span><\/strong><strong><font color=\"#005a8c\"><span style=\"font-weight: normal\"><a href=\"http:\/\/www.worldfinance.com\/awards\/2012-foreign-exchange-awards\" target=\"_blank\">World Finance 2012<\/a>.<\/span><\/font><\/strong><\/font><\/font><\/font><\/p>\n<p style=\"margin-bottom: 0cm; \"><font color=\"#000000\">\u00a0\u00a0\u00a0\u00a0\u00a0\u00a0\u00a0\u00a0\u00a0\u00a0\u00a0\u00a0\u00a0\u00a0\u00a0 <font face=\"Arial, Helvetica, sans-serif\"><font size=\"2\" style=\"font-size: 9pt\">Se vuoi fare trading puntando in alto, allora stai pensando a Saxo Bank in quanto \u00e8 uno dei broker piu professionali, storici ed affidabili.<\/font><\/font><\/font><\/p>\n<p style=\"margin-bottom: 0cm; \"><font color=\"#000000\">\u00a0\u00a0\u00a0\u00a0\u00a0\u00a0\u00a0\u00a0\u00a0\u00a0\u00a0\u00a0\u00a0\u00a0\u00a0 <font face=\"Arial, Helvetica, sans-serif\"><font size=\"2\" style=\"font-size: 9pt\">Offre <b>pi\u00f9 di 160 coppie Fx<\/b>, <b>oltre 8.400 CFD<\/b>, <b>14.000 azioni<\/b>, <b>41 opzioni Fx<\/b> e <b>oltre 140 future<\/b>, quindi qualunque tipo di trader tu sia, puoi trovare sempre i tuoi strumenti preferiti.<\/font><\/font><\/font><\/p>\n<p style=\"margin-bottom: 0cm; \"><font color=\"#000000\">\u00a0\u00a0\u00a0\u00a0\u00a0\u00a0\u00a0\u00a0\u00a0\u00a0\u00a0\u00a0\u00a0\u00a0\u00a0 <font face=\"Arial, Helvetica, sans-serif\"><font size=\"2\" style=\"font-size: 9pt\">Lo svantaggio \u00e8 rappresentato dal deposito minimo di 2.000 dollari, il che pu\u00f2 non essere un problema per alcuni, ma penso che possa esserlo per molti.<\/font><\/font><\/font><\/p>\n<p style=\"margin-bottom: 0cm; \"><font color=\"#000000\">\u00a0\u00a0\u00a0\u00a0\u00a0\u00a0\u00a0\u00a0\u00a0\u00a0\u00a0\u00a0\u00a0\u00a0\u00a0 <font face=\"Arial, Helvetica, sans-serif\"><font size=\"2\" style=\"font-size: 9pt\">Prima di investire con Saxo Bank \u00e8 comunque saggio provare personalmente un conto demo.<\/font><\/font><\/font><\/p>\n<p style=\"line-height: 0.53cm; \"><strong><font color=\"#000000\"><font face=\"Arial, Helvetica, sans-serif\"><font size=\"2\" style=\"font-size: 9pt\"><u><span style=\"font-weight: normal\">Informazioni generali:<\/span><\/u><\/font><\/font><\/font><\/strong><\/p>\n<p style=\"margin-bottom: 0cm\">\u00a0<\/p>\n<table border=\"1\" cellpadding=\"2\" cellspacing=\"3\" style=\"width: 509px; \" width=\"411\">\n<colgroup>\n<col width=\"131\" \/><\/p>\n<col width=\"262\" \/><\/colgroup>\n<tbody>\n<tr>\n<td style=\"width: 140px; \" width=\"131\">\n<p style=\"border: 1px solid #bbbbbb; padding: 0.05cm 0.16cm\">Sede del Broker:<\/p>\n<\/td>\n<td style=\"width: 346px; \" width=\"262\">\n<p style=\"border: 1px solid #bbbbbb; padding: 0.05cm 0.16cm\">Copenhagen, Danimarca<\/p>\n<\/td>\n<\/tr>\n<tr>\n<td style=\"width: 140px; \" width=\"131\">\n<p style=\"border: 1px solid #bbbbbb; padding: 0.05cm 0.16cm\">Ha anche uffici a:<\/p>\n<\/td>\n<td style=\"width: 346px; \" width=\"262\">\n<p style=\"border: 1px solid #bbbbbb; padding: 0.05cm 0.16cm\">Londra, Singapore, Tokyo<\/p>\n<\/td>\n<\/tr>\n<tr>\n<td style=\"width: 140px; \" width=\"131\">\n<p style=\"border: 1px solid #bbbbbb; padding: 0.05cm 0.16cm\">Fondata nel:<\/p>\n<\/td>\n<td style=\"width: 346px; \" width=\"262\">\n<p style=\"border: 1px solid #bbbbbb; padding: 0.05cm 0.16cm\">1992<\/p>\n<\/td>\n<\/tr>\n<tr>\n<td style=\"width: 140px; \" width=\"131\">\n<p style=\"border: 1px solid #bbbbbb; padding: 0.05cm 0.16cm\">Registrazione:<\/p>\n<\/td>\n<td style=\"width: 346px; \" width=\"262\">\n<p style=\"border: 1px solid #bbbbbb; padding: 0.05cm 0.16cm\">Saxo Bank \u00e8 una banca regolare in Danimarca<\/p>\n<\/td>\n<\/tr>\n<tr>\n<td style=\"width: 140px; \" width=\"131\">\n<p style=\"border: 1px solid #bbbbbb; padding: 0.05cm 0.16cm\">Garanzie del conto cliente:<\/p>\n<\/td>\n<td style=\"width: 346px; \" width=\"262\">\n<p style=\"border: 1px solid #bbbbbb; padding: 0.05cm 0.16cm\">Saxo Bank \u00e8 membro del Fondo di Deposito Garanzia e quindi, se dovesse fallire, i depositi dei clienti sarebbero garantiti fino a 100.000 EUR<\/p>\n<\/td>\n<\/tr>\n<tr>\n<td style=\"width: 140px; \" width=\"131\">\n<p style=\"border: 1px solid #bbbbbb; padding: 0.05cm 0.16cm\">Accetta trader statunitensi:<\/p>\n<\/td>\n<td style=\"width: 346px; \" width=\"262\">\n<p style=\"border: 1px solid #bbbbbb; padding: 0.05cm 0.16cm\">Si<\/p>\n<\/td>\n<\/tr>\n<\/tbody>\n<\/table>\n<p>\u00a0<\/p>\n<p style=\"line-height: 0.53cm; \"><strong><font color=\"#000000\"><font face=\"Arial, Helvetica, sans-serif\"><font size=\"2\" style=\"font-size: 9pt\"><u><span style=\"font-weight: normal\">Condizioni di trading:<\/span><\/u><\/font><\/font><\/font><\/strong><\/p>\n<p>\u00a0<\/p>\n<table border=\"1\" cellpadding=\"2\" cellspacing=\"3\" style=\"width: 507px; \" width=\"465\">\n<colgroup>\n<col width=\"152\" \/><\/p>\n<col width=\"293\" \/><\/colgroup>\n<tbody>\n<tr>\n<td style=\"width: 127px; \" width=\"152\">\n<p style=\"border: 1px solid #bbbbbb; padding: 0.05cm 0.16cm\">Piattaforma Web<\/p>\n<\/td>\n<td style=\"width: 357px; \" width=\"293\">\n<p style=\"border: 1px solid #bbbbbb; padding: 0.05cm 0.16cm\">Saxo Web Trader<\/p>\n<\/td>\n<\/tr>\n<tr>\n<td style=\"width: 127px; \" width=\"152\">\n<p style=\"border: 1px solid #bbbbbb; padding: 0.05cm 0.16cm\">Piattaforma scaricabile<\/p>\n<\/td>\n<td style=\"width: 357px; \" width=\"293\">\n<p style=\"border: 1px solid #bbbbbb; padding: 0.05cm 0.16cm\">Saxo Trader<\/p>\n<\/td>\n<\/tr>\n<tr>\n<td style=\"width: 127px; \" width=\"152\">\n<p style=\"border: 1px solid #bbbbbb; padding: 0.05cm 0.16cm\">Spreads<\/p>\n<\/td>\n<td style=\"width: 357px; \" width=\"293\">\n<p style=\"border: 1px solid #bbbbbb; padding: 0.05cm 0.16cm\">Variabile<\/p>\n<\/td>\n<\/tr>\n<tr>\n<td style=\"width: 127px; \" width=\"152\">\n<p style=\"border: 1px solid #bbbbbb; padding: 0.05cm 0.16cm\">Stop loss garantito<\/p>\n<\/td>\n<td style=\"width: 357px; \" width=\"293\">\n<p style=\"border: 1px solid #bbbbbb; padding: 0.05cm 0.16cm\">Ordini eseguiti al miglior prezzo disponibile<\/p>\n<\/td>\n<\/tr>\n<tr>\n<td style=\"width: 127px; \" width=\"152\">\n<p style=\"border: 1px solid #bbbbbb; padding: 0.05cm 0.16cm\">Trailing stop loss<\/p>\n<\/td>\n<td style=\"width: 357px; \" width=\"293\">\n<p style=\"border: 1px solid #bbbbbb; padding: 0.05cm 0.16cm\">Lato Server<\/p>\n<\/td>\n<\/tr>\n<tr>\n<td style=\"width: 127px; \" width=\"152\">\n<p style=\"border: 1px solid #bbbbbb; padding: 0.05cm 0.16cm\">Scalping<\/p>\n<\/td>\n<td style=\"width: 357px; \" width=\"293\">\n<p style=\"border: 1px solid #bbbbbb; padding: 0.05cm 0.16cm\">Consentito<\/p>\n<\/td>\n<\/tr>\n<tr>\n<td style=\"width: 127px; \" width=\"152\">\n<p style=\"border: 1px solid #bbbbbb; padding: 0.05cm 0.16cm\">Hedging<\/p>\n<\/td>\n<td style=\"width: 357px; \" width=\"293\">\n<p style=\"border: 1px solid #bbbbbb; padding: 0.05cm 0.16cm\">Consentito<\/p>\n<\/td>\n<\/tr>\n<tr>\n<td style=\"width: 127px; \" width=\"152\">\n<p style=\"border: 1px solid #bbbbbb; padding: 0.05cm 0.16cm\">Ordini OCO<\/p>\n<\/td>\n<td style=\"width: 357px; \" width=\"293\">\n<p style=\"border: 1px solid #bbbbbb; padding: 0.05cm 0.16cm\">Disponibile<\/p>\n<\/td>\n<\/tr>\n<tr>\n<td style=\"width: 127px; \" width=\"152\">\n<p style=\"border: 1px solid #bbbbbb; padding: 0.05cm 0.16cm\">Conto demo<\/p>\n<\/td>\n<td style=\"width: 357px; \" width=\"293\">\n<p style=\"border: 1px solid #bbbbbb; padding: 0.05cm 0.16cm\">Si &#8211;\u00a0<strong><a href=\"http:\/\/www.saxobank.com\/education?int_cmpid=c1012_Link_Demo_Account\" target=\"_blank\"><font color=\"#005a8c\"><span style=\"text-decoration: none\"><span lang=\"it-IT\" xml:lang=\"it-IT\">Apri un conto demo<\/span><\/span><\/font><\/a><\/strong><\/p>\n<\/td>\n<\/tr>\n<tr>\n<td style=\"width: 127px; \" width=\"152\">\n<p style=\"border: 1px solid #bbbbbb; padding: 0.05cm 0.16cm\">Tipologie di account reali<\/p>\n<\/td>\n<td style=\"width: 357px; \" width=\"293\">\n<p style=\"margin-bottom: 0.5cm; border: 1px solid #bbbbbb; padding: 0.05cm 0.16cm\">Classico \u2013 Deposito minimo &#8211; 2.000 dollari<\/p>\n<p style=\"margin-bottom: 0.5cm; border: 1px solid #bbbbbb; padding: 0.05cm 0.16cm\">Premium &#8211; Deposito minimo &#8211; 100.000 dollari<\/p>\n<p style=\"margin-bottom: 0.5cm; border: 1px solid #bbbbbb; padding: 0.05cm 0.16cm\">Platino &#8211; Deposito minimo &#8211; 500.000 dollari<\/p>\n<p style=\"border: 1px solid #bbbbbb; padding: 0.05cm 0.16cm\"><strong><a href=\"http:\/\/www.saxobank.com\/iit-dcf\/open-account\" target=\"_blank\"><font color=\"#005a8c\"><span style=\"text-decoration: none\"><span lang=\"it-IT\" xml:lang=\"it-IT\">Apri un conto reale<\/span><\/span><\/font><\/a><\/strong><\/p>\n<\/td>\n<\/tr>\n<\/tbody>\n<\/table>\n<p>\u00a0<\/p>\n<p>\u00a0<\/p>\n<p lang=\"en-US\" style=\"margin-bottom: 0cm; line-height: 0.53cm; \" xml:lang=\"en-US\"><strong><font color=\"#000000\"><font face=\"Arial, Helvetica, sans-serif\"><font size=\"2\" style=\"font-size: 9pt\"><span lang=\"it-IT\" xml:lang=\"it-IT\">Nostra valutazione di <\/span><\/font><\/font><\/font><\/strong><strong><font color=\"#000000\"><font face=\"Arial, Helvetica, sans-serif\">Saxo Bank: 5\/5<\/font><\/font><\/strong><\/p>\n<p>\n\t<a href=\"\/sites\/default\/files\/u46\/newpicture37.jpg\" data-rel=\"penci-gallery-image-content\"  target=\"_blank\"><img alt=\"\" src=\"\/sites\/default\/files\/u46\/newpicture37.jpg\" style=\"width: 500px; height: 400px; border-width: 12px; border-style: solid; float: left;\" \/><\/a><\/p>\n","protected":false},"excerpt":{"rendered":"<p>\u00a0 \u00a0 \u00a0 \u00a0 \u00a0 \u00a0 \u00a0 \u00a0 \u00a0\u00a0Saxobank, essendo una banca di investimento internazionale, \u00e8 specializzata nel trading online. Offre la possibilit\u00e0 di fare trading su CFD, ETF, Azioni,&hellip;<\/p>\n","protected":false},"author":1,"featured_media":0,"parent":0,"menu_order":0,"comment_status":"open","ping_status":"open","template":"","meta":[],"tags":[267,376,81],"_links":{"self":[{"href":"https:\/\/choose-forex.com\/it\/wp-json\/wp\/v2\/pages\/473\/"}],"collection":[{"href":"https:\/\/choose-forex.com\/it\/wp-json\/wp\/v2\/pages\/"}],"about":[{"href":"https:\/\/choose-forex.com\/it\/wp-json\/wp\/v2\/types\/page\/"}],"author":[{"embeddable":true,"href":"https:\/\/choose-forex.com\/it\/wp-json\/wp\/v2\/users\/1\/"}],"replies":[{"embeddable":true,"href":"https:\/\/choose-forex.com\/it\/wp-json\/wp\/v2\/comments\/?post=473"}],"version-history":[{"count":0,"href":"https:\/\/choose-forex.com\/it\/wp-json\/wp\/v2\/pages\/473\/revisions\/"}],"wp:attachment":[{"href":"https:\/\/choose-forex.com\/it\/wp-json\/wp\/v2\/media\/?parent=473"}],"wp:term":[{"taxonomy":"post_tag","embeddable":true,"href":"https:\/\/choose-forex.com\/it\/wp-json\/wp\/v2\/tags\/?post=473"}],"curies":[{"name":"wp","href":"https:\/\/api.w.org\/{rel}","templated":true}]}}