{"id":490,"date":"2012-05-27T10:00:48","date_gmt":"2012-05-27T10:00:48","guid":{"rendered":"http:\/\/wp1.choose-forex.com\/?p=490"},"modified":"2012-05-27T10:00:48","modified_gmt":"2012-05-27T10:00:48","slug":"supporto-e-resistenza-orizzontali","status":"publish","type":"page","link":"https:\/\/choose-forex.com\/it\/supporto-e-resistenza-orizzontali\/","title":{"rendered":"Supporto e resistenza orizzontali"},"content":{"rendered":"\n<p>\u00a0<\/p>\n<p style=\"margin-bottom: 0cm; \"><font color=\"#000000\">\u00a0 \u00a0 \u00a0 \u00a0 \u00a0 \u00a0 \u00a0 \u00a0\u00a0<font face=\"Arial, Helvetica, sans-serif\"><font size=\"2\" style=\"font-size: 9pt\">Per identificare un supporto o resistenza (S\/R) orizzontale, devi per prima cosa cercare la zona in cui il prezzo tocca un certo livello e rimbalza indietro oppure va in stallo. Poi devi guardare a ritroso sul grafico e cercare dove il prezzo ha reagito a tale livello. Se viene toccato almeno due volte si pu\u00f2 affermare che si \u00e8 trovato un livello S\/R. Pi\u00f9 \u00e8 alto il numero delle volte che il livello viene toccato e si ha l&#8217;inversione del prezzo, pi\u00f9 forte risulta il livello di supporto o resistenza in quell&#8217;area.<\/font><\/font><\/font><\/p>\n<p style=\"margin-bottom: 0cm; \"><font color=\"#000000\">\u00a0\u00a0\u00a0\u00a0\u00a0\u00a0\u00a0\u00a0\u00a0\u00a0\u00a0\u00a0\u00a0\u00a0\u00a0 <font face=\"Arial, Helvetica, sans-serif\"><font size=\"2\" style=\"font-size: 9pt\">Osserva nella figura sottostante come il prezzo ha reagito quando ha toccato la linea rossa. Si tratta di un buon livello di resistenza ed \u00e8 quello che dovremmo cercare.<\/font><\/font><\/font><\/p>\n<p class=\"rteleft\" style=\"margin-bottom: 0cm; \">\u00a0 \u00a0 \u00a0 \u00a0 \u00a0 \u00a0 \u00a0 \u00a0 \u00a0 \u00a0 \u00a0 \u00a0 \u00a0 \u00a0 \u00a0 \u00a0 \u00a0 \u00a0 \u00a0 \u00a0 \u00a0\u00a0\u00a0<a href=\"\/sites\/default\/files\/u46\/sr1.gif\" data-rel=\"penci-gallery-image-content\"  target=\"_blank\"><img alt=\"\" src=\"\/sites\/default\/files\/u46\/sr1.gif\" style=\"width: 433px; height: 177px; margin-left: 50px; margin-right: 50px;\" \/><\/a><\/p>\n<p><span style=\"color: rgb(0, 0, 0); \">\u00a0 \u00a0 \u00a0 \u00a0 \u00a0 \u00a0 \u00a0 \u00a0\u00a0<\/span><font face=\"Arial, Helvetica, sans-serif\" style=\"color: rgb(0, 0, 0); \"><font size=\"2\" style=\"font-size: 9pt; \">Nota che la seconda volta il prezzo ha cercato di superare la linea rossa, ha trovato una forte resistenza ed \u00e8 diminuito immediatamente dopo. Come puoi vedere, potresti ottenere grossi guadagni se vendessi allo scoperto (short trade). La diminuzione \u00e8 stata di 500 pip. Guardando indietro nel grafico puoi vedere che il prezzo \u00e8 rimbalzato su tale livello diverse altre volte. Di seguito un&#8217;immagine ingrandita (puoi cliccare per ingrandire):<\/font><\/font><\/p>\n<p>\u00a0\u00a0\u00a0\u00a0\u00a0\u00a0\u00a0\u00a0\u00a0\u00a0\u00a0\u00a0\u00a0\u00a0\u00a0\u00a0\u00a0\u00a0\u00a0\u00a0\u00a0\u00a0\u00a0\u00a0\u00a0\u00a0\u00a0\u00a0\u00a0\u00a0\u00a0\u00a0\u00a0\u00a0\u00a0\u00a0\u00a0\u00a0\u00a0\u00a0\u00a0\u00a0\u00a0\u00a0\u00a0 <a href=\"\/sites\/default\/files\/u46\/sr2.gif\" data-rel=\"penci-gallery-image-content\"  target=\"_blank\"><img alt=\"\" src=\"\/sites\/default\/files\/u46\/sr2.gif\" style=\"width: 432px; height: 200px; margin-left: 50px; margin-right: 50px;\" \/><\/a><\/p>\n<p>\u00a0<\/p>\n<p>\u00a0<\/p>\n<p style=\"margin-bottom: 0cm; \"><font color=\"#000000\">\u00a0 \u00a0 \u00a0 \u00a0 \u00a0 \u00a0 \u00a0 \u00a0\u00a0<font face=\"Arial, Helvetica, sans-serif\"><font size=\"2\" style=\"font-size: 9pt\">Abbiamo appena parlato di resistenza, ma cosa dire del supporto? Beh, \u00e8 la stessa cosa, solo che \u00e8 toccato dall&#8217;alto. Nella figura sottostante puoi vedere come il prezzo ha cercato pi\u00f9 volte di violare il supporto (linea verde). Dopo il terzo tentativo il prezzo \u00e8 rimbalzato di 300 pip.<\/font><\/font><\/font><\/p>\n<p><a href=\"\/sites\/default\/files\/u46\/sr3.gif\" data-rel=\"penci-gallery-image-content\"  target=\"_blank\"><img alt=\"\" src=\"\/sites\/default\/files\/u46\/sr3.gif\" style=\"width: 445px; height: 200px; margin-left: 50px; margin-right: 50px;\" \/><\/a><\/p>\n<p>\u00a0\u00a0\u00a0\u00a0\u00a0\u00a0\u00a0\u00a0<\/p>\n<p>\u00a0<\/p>\n<p style=\"margin-bottom: 0cm; \"><font color=\"#000000\">\u00a0 \u00a0 \u00a0 \u00a0 \u00a0 \u00a0 \u00a0 \u00a0\u00a0<font face=\"Arial, Helvetica, sans-serif\"><font size=\"2\" style=\"font-size: 9pt\">A volte il prezzo viola i livelli S\/R e continua per la sua strada. Quando succede con un livello S\/R forte la probabilit\u00e0 che il prezzo continui nella sua corsa \u00e8 elevato. Puoi vedere la situazione in questo modo: i venditori (seller) provano pi\u00f9 volte a tenere il prezzo basso ma ogni volta incontrano un supporto forte sul prezzo da parte degli acquirenti (buyer). Quando finalmente il livello viene violato, altri seller entrano in azione poich\u00e9 il livello non ha tenuto e il prezzo sta scendendo. Inoltre molti buyer hanno lo stop loss a pochi pip sotto il livello di supporto. Come ben noto, i buyer diventano automaticamente seller quando si toccano gli stop loss. E il prezzo cala ancora di pi\u00f9.<\/font><\/font><\/font><\/p>\n<p style=\"margin-bottom: 0cm; \"><span style=\"color: rgb(0, 0, 0); \">\u00a0 \u00a0 \u00a0 \u00a0 \u00a0 \u00a0 \u00a0 \u00a0\u00a0<\/span><font face=\"Arial, Helvetica, sans-serif\" style=\"color: rgb(0, 0, 0); \"><font size=\"2\" style=\"font-size: 9pt\">Il supporto violato diventa una resistenza e dualmente una resistenza violata diventa un supporto. Questo comportamento si verifica perch\u00e9 il mercato \u00e8 gestito da persone e, una volta che un certo livello \u00e8 confermato pi\u00f9 volte, diventa un livello psicologico per molti trader, una zona dove sanno che il prezzo rimbalza, inverte la direzione, va in stallo, in altre parole reagisce. Quando il prezzo ritorna in tale zona intraprenderanno comunque qualche azione ed \u00e8 per questo che alla fine il prezzo reagisce quando raggiunge tale livello.<\/font><\/font><\/p>\n<p style=\"margin-bottom: 0cm; \"><font color=\"#000000\">\u00a0\u00a0\u00a0\u00a0\u00a0\u00a0\u00a0\u00a0\u00a0\u00a0\u00a0\u00a0\u00a0\u00a0\u00a0 <font face=\"Arial, Helvetica, sans-serif\"><font size=\"2\" style=\"font-size: 9pt\">E&#8217; difficile prevedere quando un livello S\/R viene violato o quando viene rispettato ed \u00e8 per questo che fare trading nel Forex \u00e8 rischioso ma che pu\u00f2 far guadagnare molto.<\/font><\/font><\/font><\/p>\n<p style=\"margin-bottom: 0cm; \"><font color=\"#000000\">\u00a0\u00a0\u00a0\u00a0\u00a0\u00a0\u00a0\u00a0\u00a0\u00a0\u00a0\u00a0\u00a0\u00a0\u00a0 <font face=\"Arial, Helvetica, sans-serif\"><font size=\"2\" style=\"font-size: 9pt\">In sintesi, per trovare trovare i livelli S\/R devi:<\/font><\/font><\/font><\/p>\n<p style=\"margin-bottom: 0cm; \"><font color=\"#000000\">\u00a0 \u00a0 \u00a0 \u00a0 \u00a0 \u00a0 \u00a0 \u00a0 \u00a0 \u00a0 \u00a0 \u00a0 \u00a0 \u00a0 \u00a0 \u00a0 &#8211;\u00a0<font face=\"Arial, Helvetica, sans-serif\"><font size=\"2\" style=\"font-size: 9pt\">cercare le zone dove il prezzo si inverte o va in stallo<\/font><\/font><\/font><\/p>\n<p style=\"margin-bottom: 0cm; \"><font color=\"#000000\">\u00a0 \u00a0 \u00a0 \u00a0 \u00a0 \u00a0 \u00a0 \u00a0 \u00a0 \u00a0 \u00a0 \u00a0 \u00a0 \u00a0 \u00a0 \u00a0&#8211; \u00a0<font face=\"Arial, Helvetica, sans-serif\"><font size=\"2\" style=\"font-size: 9pt\">verificare come il prezzo ha reagito in passato a tale livello<\/font><\/font><\/font><\/p>\n<p style=\"margin-bottom: 0cm; \"><font color=\"#000000\">\u00a0 \u00a0 \u00a0 \u00a0 \u00a0 \u00a0 \u00a0 \u00a0 \u00a0 \u00a0 \u00a0 \u00a0 \u00a0 \u00a0 \u00a0 \u00a0 &#8211;\u00a0<font face=\"Arial, Helvetica, sans-serif\"><font size=\"2\" style=\"font-size: 9pt\">pi\u00f9 volte il prezzo ha toccato tale livello, pi\u00f9 forte \u00e8 il livello stesso<\/font><\/font><\/font><\/p>\n<p style=\"margin-bottom: 0cm; \"><font color=\"#000000\">\u00a0\u00a0\u00a0\u00a0\u00a0\u00a0\u00a0\u00a0\u00a0\u00a0\u00a0\u00a0\u00a0\u00a0\u00a0 <font face=\"Arial, Helvetica, sans-serif\"><font size=\"2\" style=\"font-size: 9pt\">Questo \u00e8 tutto per oggi. Prova a cercare da solo i livelli S\/R sui grafici e vedi se riesci ad individuarli. Nel prossimo articolo parleremo di <a href=\"http:\/\/it.bravafx.com\/article\/supporto-e-resistenza-obliqui\">supporto e resistenza obliqui<\/a>.<\/font><\/font><\/font><\/p>\n","protected":false},"excerpt":{"rendered":"<p>\u00a0 \u00a0 \u00a0 \u00a0 \u00a0 \u00a0 \u00a0 \u00a0 \u00a0\u00a0Per identificare un supporto o resistenza (S\/R) orizzontale, devi per prima cosa cercare la zona in cui il prezzo tocca un certo&hellip;<\/p>\n","protected":false},"author":1,"featured_media":0,"parent":0,"menu_order":0,"comment_status":"open","ping_status":"closed","template":"","meta":[],"tags":[601,604,602,603],"_links":{"self":[{"href":"https:\/\/choose-forex.com\/it\/wp-json\/wp\/v2\/pages\/490\/"}],"collection":[{"href":"https:\/\/choose-forex.com\/it\/wp-json\/wp\/v2\/pages\/"}],"about":[{"href":"https:\/\/choose-forex.com\/it\/wp-json\/wp\/v2\/types\/page\/"}],"author":[{"embeddable":true,"href":"https:\/\/choose-forex.com\/it\/wp-json\/wp\/v2\/users\/1\/"}],"replies":[{"embeddable":true,"href":"https:\/\/choose-forex.com\/it\/wp-json\/wp\/v2\/comments\/?post=490"}],"version-history":[{"count":0,"href":"https:\/\/choose-forex.com\/it\/wp-json\/wp\/v2\/pages\/490\/revisions\/"}],"wp:attachment":[{"href":"https:\/\/choose-forex.com\/it\/wp-json\/wp\/v2\/media\/?parent=490"}],"wp:term":[{"taxonomy":"post_tag","embeddable":true,"href":"https:\/\/choose-forex.com\/it\/wp-json\/wp\/v2\/tags\/?post=490"}],"curies":[{"name":"wp","href":"https:\/\/api.w.org\/{rel}","templated":true}]}}