{"id":495,"date":"2012-05-26T21:56:29","date_gmt":"2012-05-26T21:56:29","guid":{"rendered":"http:\/\/wp1.choose-forex.com\/?p=495"},"modified":"2012-05-26T21:56:29","modified_gmt":"2012-05-26T21:56:29","slug":"livelli-di-fibonacci","status":"publish","type":"page","link":"https:\/\/choose-forex.com\/it\/livelli-di-fibonacci\/","title":{"rendered":"Livelli di Fibonacci"},"content":{"rendered":"\n<p>\u00a0<\/p>\n<p style=\"margin-bottom: 0cm; \"><font color=\"#000000\">\u00a0 \u00a0 \u00a0 \u00a0 \u00a0 \u00a0 \u00a0 \u00a0 \u00a0<font face=\"Arial, Helvetica, sans-serif\"><font size=\"2\" style=\"font-size: 9pt\">Fibonacci era un famoso matematico italiano che molti consideravano il pi\u00f9 dotato matematico occidentale del Medioevo. Ha introdotto il sistema di numerazione Indo-Arabico in Europa e una sequenza numerica molto importante, che ha preso il suo nome, <\/font><\/font><\/font><font color=\"#000000\"><font face=\"Arial, Helvetica, sans-serif\"><font size=\"2\" style=\"font-size: 9pt\"><b>Numeri di Fibonacci<\/b><\/font><\/font><\/font><font color=\"#000000\"><font face=\"Arial, Helvetica, sans-serif\">. Questa sequenza \u00e8 utilizzata nel Forex per identificare il livelli di supporto e resistenza. Il calcolo di questi livelli \u00e8 alquanto complicato, ma non ti devi preoccupare in quanto Meta Trader 4 lo gestisce in automatico (quasi tutti i programmi mettono a disposizione questa funzione).<\/font><\/font><\/p>\n<p style=\"margin-bottom: 0cm; \"><font color=\"#000000\">\u00a0\u00a0\u00a0\u00a0\u00a0\u00a0\u00a0\u00a0\u00a0\u00a0\u00a0\u00a0\u00a0\u00a0\u00a0\u00a0 <font face=\"Arial, Helvetica, sans-serif\"><font size=\"2\" style=\"font-size: 9pt\">Per trovare i livelli di Fibonacci, devi per prima cosa identificare l&#8217;ultimo Swing High e l&#8217;ultimo Swing Low. Uno swing high \u00e8 una barra (o una candela) con almeno due barre per lato con massimi pi\u00f9 bassi (lower highs). Dualmente uno swing low \u00e8 una barra con almeno due barre per lato con minimi pi\u00f9 alti (higher lows). Tirando una linea dallo swing di sinistra a quello di destra si ottengono i potenziali livelli di supporto o resistenza.<\/font><\/font><\/font><\/p>\n<p>\u00a0<\/p>\n<p><a href=\"\/sites\/default\/files\/u46\/fib.gif\" data-rel=\"penci-gallery-image-content\"  target=\"_blank\"><img alt=\"\" src=\"\/sites\/default\/files\/u46\/fib.gif\" style=\"width: 386px; height: 149px; margin-left: 60px; margin-right: 60px;\" \/><\/a><\/p>\n<p>\u00a0<\/p>\n<p style=\"margin-bottom: 0cm; \"><font color=\"#000000\">\u00a0 \u00a0 \u00a0 \u00a0 \u00a0 \u00a0 \u00a0 \u00a0 \u00a0<font face=\"Arial, Helvetica, sans-serif\"><font size=\"2\" style=\"font-size: 9pt\">Osserva nella figura qui sopra come il prezzo \u00e8 tornato ai valori precedenti (retracement) e poi \u00e8 stato respinto due volte dai livelli di Fibonacci. Devi ricordarti che il retracement funziona meglio nei mercati con tendenza rialzista o ribassista. In una ribassista, l&#8217;aumento del prezzo trover\u00e0 molto probabilmente resistenza ad uno dei livelli di Fibonacci, dove inizier\u00e0 nuovamente a scendere. In uno rialzista, la discesa trover\u00e0 molto probabilmente un supporto ad uno dei livelli di Fibonacci e il prezzo torner\u00e0 a salire.<\/font><\/font><\/font><\/p>\n<p style=\"margin-bottom: 0cm; \"><span style=\"color: rgb(0, 0, 0); \">\u00a0 \u00a0 \u00a0 \u00a0 \u00a0 \u00a0 \u00a0 \u00a0 \u00a0<\/span><font face=\"Arial, Helvetica, sans-serif\" style=\"color: rgb(0, 0, 0); \"><font size=\"2\" style=\"font-size: 9pt\">I livelli di Fibonacci sono linee orizzontali di supporto\/resistenza (S\/R level) e quindi sono soggettivi: quasi sempre trader differenti utilizzeranno diversi swing high e swing low per realizzare i grafici. Inoltre, come tutti livelli S\/R, quelli di Fibonacci possono essere violati<\/font><\/font><\/p>\n<p style=\"margin-bottom: 0cm; \"><font color=\"#000000\">\u00a0\u00a0\u00a0\u00a0\u00a0\u00a0\u00a0\u00a0\u00a0\u00a0\u00a0\u00a0\u00a0\u00a0\u00a0\u00a0 <font face=\"Arial, Helvetica, sans-serif\"><font size=\"2\" style=\"font-size: 9pt\">Non sperare mai che un livello S\/R sia inviolabile ma \u201cpreparati al peggio e spera nel meglio\u201d.<\/font><\/font><\/font><\/p>\n<p>\u00a0<\/p>\n","protected":false},"excerpt":{"rendered":"<p>\u00a0 \u00a0 \u00a0 \u00a0 \u00a0 \u00a0 \u00a0 \u00a0 \u00a0 \u00a0Fibonacci era un famoso matematico italiano che molti consideravano il pi\u00f9 dotato matematico occidentale del Medioevo. Ha introdotto il sistema di&hellip;<\/p>\n","protected":false},"author":1,"featured_media":0,"parent":0,"menu_order":0,"comment_status":"open","ping_status":"closed","template":"","meta":[],"tags":[69,611,613,612],"_links":{"self":[{"href":"https:\/\/choose-forex.com\/it\/wp-json\/wp\/v2\/pages\/495\/"}],"collection":[{"href":"https:\/\/choose-forex.com\/it\/wp-json\/wp\/v2\/pages\/"}],"about":[{"href":"https:\/\/choose-forex.com\/it\/wp-json\/wp\/v2\/types\/page\/"}],"author":[{"embeddable":true,"href":"https:\/\/choose-forex.com\/it\/wp-json\/wp\/v2\/users\/1\/"}],"replies":[{"embeddable":true,"href":"https:\/\/choose-forex.com\/it\/wp-json\/wp\/v2\/comments\/?post=495"}],"version-history":[{"count":0,"href":"https:\/\/choose-forex.com\/it\/wp-json\/wp\/v2\/pages\/495\/revisions\/"}],"wp:attachment":[{"href":"https:\/\/choose-forex.com\/it\/wp-json\/wp\/v2\/media\/?parent=495"}],"wp:term":[{"taxonomy":"post_tag","embeddable":true,"href":"https:\/\/choose-forex.com\/it\/wp-json\/wp\/v2\/tags\/?post=495"}],"curies":[{"name":"wp","href":"https:\/\/api.w.org\/{rel}","templated":true}]}}