{"id":520,"date":"2012-05-24T23:47:48","date_gmt":"2012-05-24T23:47:48","guid":{"rendered":"http:\/\/wp1.choose-forex.com\/?p=520"},"modified":"2012-05-24T23:47:48","modified_gmt":"2012-05-24T23:47:48","slug":"piattaforme-di-trading","status":"publish","type":"page","link":"https:\/\/choose-forex.com\/it\/piattaforme-di-trading\/","title":{"rendered":"Piattaforme di trading"},"content":{"rendered":"\n<p>\u00a0 \u00a0 \u00a0 \u00a0 \u00a0 \u00a0 \u00a0 \u00a0 \u00a0 \u00a0<span style=\"font-family: Arial, Helvetica, sans-serif; color: rgb(0, 0, 0); \">All&#8217;inizio, il trading era basato su registrazioni annotate su carta e se volevi trovare il valore di una certa media mobile, dovevi calcolarla a mano. Ora puoi avere 10 indicatori sul grafico calcolati automaticamente dalla piattaforma che stai utilizzando. Questo \u00e8 uno dei principali vantaggi che il progresso tecnologico ci ha portato e in questo articolo ci concentreremo sulle pi\u00f9 diffuse piattaforme elettroniche per il trading non professionale.<\/span><\/p>\n<p>\u00a0\u00a0\u00a0\u00a0\u00a0<img alt=\"\" src=\"\/sites\/default\/files\/u46\/index.jpeg\" style=\"width: 68px; height: 63px;\" \/>\u00a0<u>\u00a0<\/u><u style=\"font-family: Arial, Helvetica, sans-serif; color: rgb(0, 0, 0); \"><a href=\"http:\/\/www.metaquotes.net\/en\/metatrader4\">Meta Trader 4<\/a><\/u><span style=\"font-family: Arial, Helvetica, sans-serif; color: rgb(0, 0, 0); \"> Sviluppato da MetaQuotes Software Corp. e rilasciato nel 2005. Il programma \u00e8 dato in licenza ai broker online i quali lo forniscono ai loro clienti. Il programma \u00e8 composto da una componente lato server e da una lato client. La componente client \u00e8 fornita al cliente finale mentre la parte server \u00e8 gestita dal broker. Meta Trader 4 \u00e8 diventato largamente popolare per l&#8217;elevato grado di personalizzazione che \u00e8 in grado di offrire: puoi creare il tuo personale sistema di avvisi o di script e, quindi, automatizzare il processo di trading.<\/span><\/p>\n<p><a href=\"\/sites\/default\/files\/u46\/mt4.jpg\" data-rel=\"penci-gallery-image-content\"  target=\"_blank\"><img alt=\"\" src=\"\/sites\/default\/files\/u46\/mt4.jpg\" style=\"width: 415px; height: 220px; margin-left: 60px; margin-right: 60px;\" \/><\/a><\/p>\n<p>\u00a0 \u00a0 \u00a0 \u00a0 \u00a0 \u00a0\u00a0<span style=\"font-family: Arial, Helvetica, sans-serif; color: rgb(0, 0, 0); \">Sono disponibili strumenti analitici estremamente utili per la determinazione di trend e prezzi, quali canali, linee di tendenza, strumenti Gann o Fibonacci. Meta Trader 4 mette a disposizione 32 strumenti che ti aiutano nelle analisi.<\/span><\/p>\n<p><a href=\"\/sites\/default\/files\/u46\/metatrader4_analytical_tool_en.png\" data-rel=\"penci-gallery-image-content\"  target=\"_blank\"><img alt=\"\" src=\"\/sites\/default\/files\/u46\/metatrader4_analytical_tool_en.png\" style=\"width: 421px; height: 200px; margin-left: 60px; margin-right: 60px;\" \/><\/a><\/p>\n<p>\u00a0<\/p>\n<p style=\"margin-bottom: 0cm; line-height: 0.53cm; \">\u00a0<\/p>\n<p style=\"margin-bottom: 0cm; \"><font color=\"#000000\">\u00a0 \u00a0 \u00a0 \u00a0 \u00a0 \u00a0\u00a0<font face=\"Arial, Helvetica, sans-serif\"><font size=\"2\" style=\"font-size: 9pt\">Inoltre il terminale memorizza la storia di tutte le operazioni in modo che tu possa successivamente analizzare le prestazioni e la frequenza con cui la tua strategia risulta vincente. Inoltre \u00e8 disponibile un servizio di notifica che ti tiene aggiornato sulle ultime novit\u00e0 economiche e politiche.<\/font><\/font><\/font><\/p>\n<p style=\"margin-bottom: 0cm; \"><font color=\"#000000\"><font face=\"Arial, Helvetica, sans-serif\">Per automatizzare le tue attivit\u00e0 puoi utilizzare Expert Advisor. Se viene rilevato un errore durante la fase di compilazione del programma, sei avvertito mediante il terminale. Una volta che hai completato la compilazione senza errori dell&#8217;EA, puoi provarlo per operare o per verificare una strategia.<\/font><\/font><\/p>\n<p><a href=\"\/sites\/default\/files\/u46\/metaeditor_expert_advisor_compilation_error_en.png\" data-rel=\"penci-gallery-image-content\"  target=\"_blank\"><img alt=\"\" src=\"\/sites\/default\/files\/u46\/metaeditor_expert_advisor_compilation_error_en.png\" style=\"width: 423px; height: 203px; margin-left: 60px; margin-right: 60px;\" \/><\/a><\/p>\n<p>\u00a0<\/p>\n<p style=\"margin-bottom: 0cm; \"><font color=\"#000000\">\u00a0 \u00a0 \u00a0 \u00a0 \u00a0 \u00a0 \u00a0<font face=\"Arial, Helvetica, sans-serif\"><font size=\"2\" style=\"font-size: 9pt\">Meta Trader 4 offre anche una completa piattaforma mobile per i trader che hanno la necessit\u00e0 di allontanarsi dal proprio computer ma non vogliono perdere le buone opportunit\u00e0 di trading. Al momento di scrittura di questo articolo, Meta Trader 4 \u00e8 la pi\u00f9 diffusa piattaforma di trading utilizzata dai trader non professionisti, \u00e8 offerta da quasi tutti i broker anche nel caso in cui questi ultimi dispongono di software proprietario.<\/font><\/font><\/font><\/p>\n<p style=\"margin-bottom: 0cm; \"><font color=\"#000000\">\u00a0\u00a0\u00a0\u00a0\u00a0\u00a0\u00a0\u00a0\u00a0\u00a0\u00a0\u00a0 <font face=\"Arial, Helvetica, sans-serif\"><font size=\"2\" style=\"font-size: 9pt\">Una delle piattaforme che sta diventando sempre pi\u00f9 popolare \u00e8 <a href=\"http:\/\/acttrader.com\/\">ACT Trader<\/a>. La ragione del suo successo \u00e8 la sua semplicit\u00e0 d&#8217;uso, ha menu intuitivi, ma al tempo stesso sono disponibili molte opzioni per i trader che hanno la necessit\u00e0 di inserire ordini pi\u00f9 complessi.<\/font><\/font><\/font><\/p>\n<p><a href=\"\/sites\/default\/files\/u46\/wb_img_40.png\" data-rel=\"penci-gallery-image-content\"  target=\"_blank\"><img alt=\"\" src=\"\/sites\/default\/files\/u46\/wb_img_40.png\" style=\"width: 423px; height: 240px; margin-left: 60px; margin-right: 60px;\" \/><\/a><\/p>\n<p>\u00a0<\/p>\n<p style=\"margin-bottom: 0cm; \"><font color=\"#000000\">\u00a0 \u00a0 \u00a0 \u00a0 \u00a0 \u00a0 \u00a0<font face=\"Arial, Helvetica, sans-serif\"><font size=\"2\" style=\"font-size: 9pt\">Sviluppato da ActForex INC., Act Trader \u00e8 offerto all&#8217;apertura del conto, come pacchetto grafico gratuito, da un numero sempre crescente di broker. Ch offrono anche un&#8217;ampia scelta di altre piattaforme per il WEB, per Android o iPad \u2013 ActWebTrader, ActPhone, ActPad, ActDroid.<\/font><\/font><\/font><\/p>\n<p style=\"margin-bottom: 0cm; \"><font color=\"#000000\">\u00a0\u00a0\u00a0\u00a0\u00a0\u00a0\u00a0\u00a0\u00a0\u00a0\u00a0\u00a0 <font face=\"Arial, Helvetica, sans-serif\"><font size=\"2\" style=\"font-size: 9pt\">Poich\u00e9 il suo sviluppo \u00e8 recente, dispone anche di un Visual Strategy Editor che consente di definire strategie automatizzate senza scrivere una riga di codice.<\/font><\/font><\/font><\/p>\n<p><a href=\"\/sites\/default\/files\/u46\/vat_01.png\" data-rel=\"penci-gallery-image-content\"  target=\"_blank\"><img alt=\"\" src=\"\/sites\/default\/files\/u46\/vat_01.png\" style=\"width: 436px; height: 226px; margin-left: 60px; margin-right: 60px;\" \/><\/a><\/p>\n<p>\u00a0<\/p>\n<p>\u00a0<\/p>\n<p style=\"margin-bottom: 0cm; \"><font color=\"#000000\">\u00a0 \u00a0 \u00a0 \u00a0 \u00a0 \u00a0 \u00a0\u00a0<font face=\"Arial, Helvetica, sans-serif\"><font size=\"2\" style=\"font-size: 9pt\">Un altra piattaforma interessante ed affidabile \u00e8 Ninja Trader, sviluppata da Ninja Trader LLC, fondata nel 2006 e con sede a Denver, Colorado.<\/font><\/font><\/font><\/p>\n<p><a href=\"\/sites\/default\/files\/u46\/advancedchartinglg.png\" data-rel=\"penci-gallery-image-content\"  target=\"_blank\"><img alt=\"\" src=\"\/sites\/default\/files\/u46\/advancedchartinglg.png\" style=\"width: 423px; height: 193px; margin-left: 60px; margin-right: 60px;\" \/><\/a><\/p>\n<p>\u00a0<\/p>\n<p style=\"margin-bottom: 0cm; \">\u00a0<font color=\"#000000\">\u00a0\u00a0\u00a0\u00a0\u00a0\u00a0\u00a0\u00a0\u00a0\u00a0\u00a0 <font face=\"Arial, Helvetica, sans-serif\"><font size=\"2\" style=\"font-size: 9pt\">Una importante funzionalit\u00e0 offerta \u00e8 il Trade Simulator che consente di mettere alla prova la tua strategia simulando completamente gli ordini. Pu\u00f2 essere utilizzato per simulare le operazioni quando si inizia a fare trading, ma anche il trader pi\u00f9 esperto pu\u00f2 trarne vantaggio, simulando le condizioni di mercato e provando nuovi criteri e strategie di trading.<\/font><\/font><\/font><\/p>\n<p style=\"margin-bottom: 0cm; \"><font color=\"#000000\"><font face=\"Arial, Helvetica, sans-serif\">Per un nuovo trader, la scelta della piattaforma \u00e8 una delle cose pi\u00f9 importanti, in quanto deve trovarsi a proprio agio col software che sta utilizzando. Non devi necessariamente inserire ordini sofisticati per aprire una posizione n\u00e9 devi tenere aperte molte posizioni contemporaneamente, quindi ti conviene scegliere una piattaforma semplice ma affidabile.<\/font><\/font><\/p>\n","protected":false},"excerpt":{"rendered":"<p>\u00a0 \u00a0 \u00a0 \u00a0 \u00a0 \u00a0 \u00a0 \u00a0 \u00a0 \u00a0All&#8217;inizio, il trading era basato su registrazioni annotate su carta e se volevi trovare il valore di una certa media mobile,&hellip;<\/p>\n","protected":false},"author":1,"featured_media":0,"parent":0,"menu_order":0,"comment_status":"open","ping_status":"open","template":"","meta":[],"tags":[286,442,284,285,441],"_links":{"self":[{"href":"https:\/\/choose-forex.com\/it\/wp-json\/wp\/v2\/pages\/520\/"}],"collection":[{"href":"https:\/\/choose-forex.com\/it\/wp-json\/wp\/v2\/pages\/"}],"about":[{"href":"https:\/\/choose-forex.com\/it\/wp-json\/wp\/v2\/types\/page\/"}],"author":[{"embeddable":true,"href":"https:\/\/choose-forex.com\/it\/wp-json\/wp\/v2\/users\/1\/"}],"replies":[{"embeddable":true,"href":"https:\/\/choose-forex.com\/it\/wp-json\/wp\/v2\/comments\/?post=520"}],"version-history":[{"count":0,"href":"https:\/\/choose-forex.com\/it\/wp-json\/wp\/v2\/pages\/520\/revisions\/"}],"wp:attachment":[{"href":"https:\/\/choose-forex.com\/it\/wp-json\/wp\/v2\/media\/?parent=520"}],"wp:term":[{"taxonomy":"post_tag","embeddable":true,"href":"https:\/\/choose-forex.com\/it\/wp-json\/wp\/v2\/tags\/?post=520"}],"curies":[{"name":"wp","href":"https:\/\/api.w.org\/{rel}","templated":true}]}}