{"id":573,"date":"2012-05-19T23:13:23","date_gmt":"2012-05-19T23:13:23","guid":{"rendered":"http:\/\/wp1.choose-forex.com\/?p=573"},"modified":"2012-05-19T23:13:23","modified_gmt":"2012-05-19T23:13:23","slug":"tipologie-di-analisi-di-mercato","status":"publish","type":"page","link":"https:\/\/choose-forex.com\/it\/tipologie-di-analisi-di-mercato\/","title":{"rendered":"Tipologie di analisi di mercato"},"content":{"rendered":"\n<p>\u00a0 \u00a0 \u00a0 \u00a0 \u00a0 \u00a0 \u00a0 \u00a0<span style=\"font-family: Arial, Helvetica, sans-serif; color: rgb(0, 0, 0); \">Quando si opera nel Forex, si guadagna quando si \u00e8 in grado di predire l&#8217;evoluzione dei prezzi e si opera di conseguenza. I prezzi possono solo fare tre cose: salire, scendere o muoversi lateralmente. Nella previsione dell&#8217;evoluzione dei prezzi, i trader utilizzano tre tipi di analisi: quella tecnica, quella fondamentale e quella del sentimento di mercato (market sentiment).<\/span><\/p>\n<p><strong>\u00a0 \u00a0 \u00a0 \u00a0 \u00a0 \u00a0 \u00a0 \u00a0\u00a0<u style=\"font-size: 9pt; font-family: Arial, Helvetica, sans-serif; color: rgb(0, 0, 0); line-height: 0.53cm; \">Analisi tecnica<\/u>.<\/strong><\/p>\n<p>\u00a0 \u00a0 \u00a0 \u00a0 \u00a0 \u00a0 \u00a0 \u00a0\u00a0<span style=\"font-family: Arial, Helvetica, sans-serif; color: rgb(0, 0, 0); \">Il principio di base dell&#8217;analisi tecnica \u00e8 che la storia si ripete e quindi il trader pu\u00f2 analizzare l&#8217;evoluzione storica dei prezzi e prendere decisioni basate su ci\u00f2 che \u00e8 successo in situazioni simili. Se un certo livello di supporto ha funzionato in passato, quando il prezzo vi si avvicina o lo tocca, i trader lo osservano con maggiore attenzione e basano le loro decisioni sulle reazioni del prezzo quando tocca il supporto.<\/span><\/p>\n<p>\u00a0 \u00a0 \u00a0 \u00a0 \u00a0 \u00a0 \u00a0 \u00a0<span style=\"font-family: Arial, Helvetica, sans-serif; color: rgb(0, 0, 0); \">Ogni qual volta sentiamo parlare di analisi tecnica, automaticamente gli associamo un grafico, in quanto i grafici sono il miglior modo di rappresentare l&#8217;evoluzione dei prezzi. I tipi di grafico pi\u00f9 diffusi sono quello a candele giapponesi e quello a barre. Su un grafico puoi rappresentare linee di tendenza, livelli di supporto e resistenza, canali e indicatori.<\/span><\/p>\n<p>\u00a0 \u00a0 \u00a0 \u00a0 \u00a0 \u00a0 \u00a0 \u00a0 \u00a0<span style=\"font-family: Arial, Helvetica, sans-serif; color: rgb(0, 0, 0); \">L&#8217;analisi tecnica \u00e8 uno strumento molto importante per il trader ma possono essere necessari anni per dominare la materia e trovare la giusta quantit\u00e0 di analisi da fare. Inoltre alcuni trader tendono ad analizzare eccessivamente i grafici e a riempirli di tutti gli indicatori che riescono a trovare. Nel trading, non \u00e8 detto che analizzare pi\u00f9 approfonditamente porti ad un risultato migliore, in quanto l&#8217;aggiunta di indicatori potrebbe anche non riuscire a filtrare i falsi segnali generati dagli altri indicatori. In altre parole, cerca di non complicare l&#8217;analisi tecnica con troppi indicatori.<\/span><\/p>\n<p>\u00a0 \u00a0 \u00a0 \u00a0 \u00a0 \u00a0 \u00a0 \u00a0\u00a0<span style=\"font-family: Arial, Helvetica, sans-serif; color: rgb(0, 0, 0); \">L&#8217;analisi tecnica utilizza gli schemi (chart pattern), <\/span><strong><a href=\"http:\/\/it.bravafx.com\/article\/supporto-e-resistenza-orizzontali\" style=\"font-family: Arial, Helvetica, sans-serif; \">supporti e resistenze orizzontali<\/a><\/strong><span style=\"font-family: Arial, Helvetica, sans-serif; color: rgb(0, 0, 0); \"> e <\/span><strong><a href=\"http:\/\/it.bravafx.com\/article\/supporto-e-resistenza-obliqui\" style=\"font-family: Arial, Helvetica, sans-serif; \">diagonali<\/a><\/strong><span style=\"font-family: Arial, Helvetica, sans-serif; color: rgb(0, 0, 0); \"> che, come ho detto in un precedente articolo, sono invalidati dalla soggettivit\u00e0. Due trader possono disegnare una linea di tendenza differentemente, vedere un livello orizzontale qualche pip in pi\u00f9 o in meno o utilizzare una media mobile su un periodo differente. Poich\u00e9 si tratta comunque di strumenti di analisi tecnica, ne risulta che anche quest&#8217;ultima \u00e8 soggettiva e di conseguenza trader diversi possono avere differenti opinioni sulla evoluzione dei prezzi,<\/span><\/p>\n<p><strong>\u00a0 \u00a0 \u00a0 \u00a0 \u00a0 \u00a0 \u00a0 \u00a0\u00a0<u style=\"font-size: 9pt; font-family: Arial, Helvetica, sans-serif; color: rgb(0, 0, 0); \">Analisi fondamentale<\/u><u>.<\/u><\/strong><\/p>\n<p>\u00a0 \u00a0 \u00a0 \u00a0 \u00a0 \u00a0 \u00a0 \u00a0\u00a0<span style=\"font-family: Arial, Helvetica, sans-serif; color: rgb(0, 0, 0); \">L&#8217;analisi fondamentale ci aiuta a predire i movimenti dei prezzi mediante l&#8217;analisi delle relazioni tra la moneta di un certo Stato e la sua attuale situazione economico\/politica. In altri termini, se uno Stato \u00e8 entrato in una crisi, \u00e8 probabile che anche la sua moneta precipiti. Imminenti notizie economiche, politiche e sociali possono influenzare significativamente il corso di una coppia di monete (currency pair).<\/span><\/p>\n<p>\u00a0 \u00a0 \u00a0 \u00a0 \u00a0 \u00a0 \u00a0 \u00a0\u00a0<span style=\"font-family: Arial, Helvetica, sans-serif; color: rgb(0, 0, 0); \">Nel mercato Forex si opera su una coppia di monete e quindi quando si utilizza l&#8217;analisi fondamentale, le si deve analizzare entrambe. Se una moneta sta diventando pi\u00f9 forte per le buone notizie appena diffuse, devi analizzare l&#8217;altra moneta della coppia. Se anche per questa ci sono buone notizie, non dovresti vedere grosse variazioni nel grafico. Se invece per una moneta le notizie sono positive e per l&#8217;altra negative, \u00e8 probabile che si verifichi una sostanziale evoluzione dei prezzi in favore della prima.<\/span><\/p>\n<p>\u00a0 \u00a0 \u00a0 \u00a0 \u00a0 \u00a0 \u00a0 \u00a0\u00a0<span style=\"font-family: Arial, Helvetica, sans-serif; color: rgb(0, 0, 0); \">Si deve prestare particolare attenzione nell&#8217;utilizzo dell&#8217;analisi fondamentale in quanto potremmo anche non avere aumenti di prezzo alla diffusione di buone notizie: talvolta, anche notizie ottime potrebbero non avere la forza per far muovere il prezzo a causa delle cattive condizioni generali di quello Stato.<\/span><\/p>\n<p><strong>\u00a0 \u00a0 \u00a0 \u00a0 \u00a0 \u00a0 \u00a0 \u00a0\u00a0<u style=\"font-size: 9pt; font-family: Arial, Helvetica, sans-serif; color: rgb(0, 0, 0); \">Sentimento del mercato<\/u><\/strong><\/p>\n<p>\u00a0 \u00a0 \u00a0 \u00a0 \u00a0 \u00a0 \u00a0 \u00a0\u00a0<span style=\"font-family: Arial, Helvetica, sans-serif; color: rgb(0, 0, 0); \">Si tratta del modo in cui i trader vedono il mercato. Ogni trader ha la propria opinione sul mercato e questo punto di vista \u00e8 espresso e rappresentato delle posizioni che prende. Tutti i trader sulla Terra contribuiscono a formare il sentimento del mercato, mantenendo una posizione short o long.<\/span><\/p>\n<p>\u00a0 \u00a0 \u00a0 \u00a0 \u00a0 \u00a0 \u00a0 \u00a0\u00a0<span style=\"font-family: Arial, Helvetica, sans-serif; color: rgb(0, 0, 0); \">Come trader, dovresti considerare l&#8217;analisi tecnica, quella fondamentale ed il sentimento del mercato e non concentrarti solo su un tipo di analisi. Se si hanno forti segnali di analisi tecnica nella direzione di aumento dei prezzi ma il sentimento generale \u00e8 al ribasso e le imminenti notizie per quella moneta sono pessimistiche, \u00e8 opportuno rivedere la propria posizione.\u00a0<\/span><\/p>\n","protected":false},"excerpt":{"rendered":"<p>\u00a0 \u00a0 \u00a0 \u00a0 \u00a0 \u00a0 \u00a0 \u00a0Quando si opera nel Forex, si guadagna quando si \u00e8 in grado di predire l&#8217;evoluzione dei prezzi e si opera di conseguenza. I&hellip;<\/p>\n","protected":false},"author":1,"featured_media":0,"parent":0,"menu_order":0,"comment_status":"open","ping_status":"closed","template":"","meta":[],"tags":[702],"_links":{"self":[{"href":"https:\/\/choose-forex.com\/it\/wp-json\/wp\/v2\/pages\/573\/"}],"collection":[{"href":"https:\/\/choose-forex.com\/it\/wp-json\/wp\/v2\/pages\/"}],"about":[{"href":"https:\/\/choose-forex.com\/it\/wp-json\/wp\/v2\/types\/page\/"}],"author":[{"embeddable":true,"href":"https:\/\/choose-forex.com\/it\/wp-json\/wp\/v2\/users\/1\/"}],"replies":[{"embeddable":true,"href":"https:\/\/choose-forex.com\/it\/wp-json\/wp\/v2\/comments\/?post=573"}],"version-history":[{"count":0,"href":"https:\/\/choose-forex.com\/it\/wp-json\/wp\/v2\/pages\/573\/revisions\/"}],"wp:attachment":[{"href":"https:\/\/choose-forex.com\/it\/wp-json\/wp\/v2\/media\/?parent=573"}],"wp:term":[{"taxonomy":"post_tag","embeddable":true,"href":"https:\/\/choose-forex.com\/it\/wp-json\/wp\/v2\/tags\/?post=573"}],"curies":[{"name":"wp","href":"https:\/\/api.w.org\/{rel}","templated":true}]}}