{"id":580,"date":"2012-05-18T23:42:24","date_gmt":"2012-05-18T23:42:24","guid":{"rendered":"http:\/\/wp1.choose-forex.com\/?p=580"},"modified":"2012-05-18T23:42:24","modified_gmt":"2012-05-18T23:42:24","slug":"webinar-forex","status":"publish","type":"page","link":"https:\/\/choose-forex.com\/it\/webinar-forex\/","title":{"rendered":"Webinar Forex"},"content":{"rendered":"\n<p>\u00a0<\/p>\n<p style=\"line-height: 0.53cm; \"><font color=\"#000000\">\u00a0 \u00a0 \u00a0 \u00a0 \u00a0 \u00a0 \u00a0 \u00a0 \u00a0<font face=\"Arial, Helvetica, sans-serif\"><font size=\"2\" style=\"font-size: 9pt\">Imparare il Forex pu\u00f2 essere difficile in quanto la mole di informazioni disponibili \u00e8 enorme e leggerle potrebbe affaticare gli occhi. Alcuni broker e societ\u00e0 Forex hanno iniziato ad offrire un nuovo tipo di formazione sotto forma di Webinar (seminari disponibili su Internet). I webinar possono anche essere utilizzati per promuovere un prodotto, un nuovo libro o una strategia.<\/font><\/font><\/font><\/p>\n<p style=\"line-height: 0.53cm; \">\u00a0\u00a0\u00a0\u00a0\u00a0\u00a0\u00a0\u00a0\u00a0\u00a0\u00a0\u00a0\u00a0\u00a0\u00a0 <font color=\"#000000\"><font face=\"Arial, Helvetica, sans-serif\">Quasi sempre i broker offrono webinar<\/font><\/font><font face=\"Arial, Helvetica, sans-serif\">. E&#8217; naturale che un broker voglia insegnare al maggior numero di persone come si opera nel mercato Forex o al minimo sollevare il loro interesse in quanto, prima o poi, diventeranno loro clienti. Il vantaggio principale del webinar \u00e8 che chi partecipa pu\u00f2 fare domande sull&#8217;argomento presentato e ricevere risposte in tempo reale. Proprio perch\u00e9 sono interattivi, possono essere meno noiosi della lettura di un elevato numero di pagine sul Forex.<\/font><\/p>\n<p style=\"line-height: 0.53cm; \"><font color=\"#000000\"><font face=\"Arial, Helvetica, sans-serif\">Il webinar pu\u00f2 essere una buona fonte di informazione e formazione. Di seguito alcuni link utili sull&#8217;argomento:<\/font><\/font><\/p>\n<p style=\"line-height: 0.53cm; \"><a href=\"http:\/\/www.fxstreet.com\/webinars\/\" target=\"_blank\"><font color=\"#005a8c\"><span style=\"text-decoration: none\"><font face=\"Arial, Helvetica, sans-serif\">http:\/\/www.fxstreet.com\/webinars\/<\/font><\/span><\/font><\/a><\/p>\n<p style=\"line-height: 0.53cm; \"><a href=\"http:\/\/www.forexpros.com\/live-events\/webinars\" target=\"_blank\"><font color=\"#005a8c\"><span style=\"text-decoration: none\"><font face=\"Arial, Helvetica, sans-serif\">http:\/\/www.forexpros.com\/live-events\/webinars<\/font><\/span><\/font><\/a><\/p>\n<p style=\"line-height: 0.53cm; \"><a href=\"http:\/\/www.deltastock.com\/english\/resources\/seminar.asp\" target=\"_blank\"><font color=\"#005a8c\"><span style=\"text-decoration: none\"><font face=\"Arial, Helvetica, sans-serif\">http:\/\/www.deltastock.com\/english\/resources\/seminar.asp<\/font><\/span><\/font><\/a><\/p>\n<p style=\"line-height: 0.53cm; \"><a href=\"http:\/\/www.thinkforex.com\/forexeducation\/forex-webinars\/\" target=\"_blank\"><font color=\"#005a8c\"><span style=\"text-decoration: none\"><font face=\"Arial, Helvetica, sans-serif\">http:\/\/www.thinkforex.com\/forexeducation\/forex-webinars\/<\/font><\/span><\/font><\/a><\/p>\n<p style=\"line-height: 0.53cm; \"><a href=\"http:\/\/www.markets.com\/education\/webinars.html\" target=\"_blank\"><font color=\"#005a8c\"><span style=\"text-decoration: none\"><font face=\"Arial, Helvetica, sans-serif\">http:\/\/www.markets.com\/education\/webinars.html<\/font><\/span><\/font><\/a><\/p>\n<p style=\"line-height: 0.53cm; \"><a href=\"http:\/\/forex.fxdd.com\/webinars\" target=\"_blank\"><font color=\"#005a8c\"><span style=\"text-decoration: none\"><font face=\"Arial, Helvetica, sans-serif\">http:\/\/forex.fxdd.com\/webinars<\/font><\/span><\/font><\/a><\/p>\n<p style=\"line-height: 0.53cm; \">\u00a0\u00a0\u00a0\u00a0\u00a0\u00a0\u00a0\u00a0\u00a0\u00a0\u00a0\u00a0\u00a0\u00a0\u00a0 <font color=\"#000000\"><font face=\"Arial, Helvetica, sans-serif\">C&#8217;\u00e8 anche un&#8217;altra forma di webinar \u2013 un&#8217;azienda che cerca di venderti un prodotto Forex ed il modo migliore di mostrarti cosa pu\u00f2 fare il prodotto \u00e8 promuoverlo mediante un<\/font><\/font><font face=\"Arial, Helvetica, sans-serif\"> webinar. Se vuole vendere un indicatore personalizzato, pu\u00f2 mostrare nel webinar come funziona nel dettaglio e tu come cliente hai il grande vantaggio di poter fare domande sul prodotto in tempo reale.\u00a0\u00a0\u00a0\u00a0\u00a0\u00a0\u00a0\u00a0\u00a0\u00a0\u00a0<\/font><\/p>\n<p style=\"line-height: 0.53cm; \"><font color=\"#000000\">\u00a0\u00a0\u00a0\u00a0\u00a0\u00a0\u00a0\u00a0\u00a0\u00a0\u00a0\u00a0\u00a0\u00a0 <font face=\"Arial, Helvetica, sans-serif\"><font size=\"2\" style=\"font-size: 9pt\">Quindi, se vuoi smettere di studiare il Forex sui libri, puoi provare qualche webinar ed ottenere le informazioni necessarie in modalit\u00e0 interattiva. Se ti servono maggiori informazioni sui webinar o sulla formazione Forex, contattaci e noi saremo felici di aiutarti.<\/font><\/font><\/font><\/p>\n<p>\u00a0<\/p>\n","protected":false},"excerpt":{"rendered":"<p>\u00a0 \u00a0 \u00a0 \u00a0 \u00a0 \u00a0 \u00a0 \u00a0 \u00a0 \u00a0Imparare il Forex pu\u00f2 essere difficile in quanto la mole di informazioni disponibili \u00e8 enorme e leggerle potrebbe affaticare gli occhi.&hellip;<\/p>\n","protected":false},"author":1,"featured_media":0,"parent":0,"menu_order":0,"comment_status":"open","ping_status":"open","template":"","meta":[],"tags":[711,300,446],"_links":{"self":[{"href":"https:\/\/choose-forex.com\/it\/wp-json\/wp\/v2\/pages\/580\/"}],"collection":[{"href":"https:\/\/choose-forex.com\/it\/wp-json\/wp\/v2\/pages\/"}],"about":[{"href":"https:\/\/choose-forex.com\/it\/wp-json\/wp\/v2\/types\/page\/"}],"author":[{"embeddable":true,"href":"https:\/\/choose-forex.com\/it\/wp-json\/wp\/v2\/users\/1\/"}],"replies":[{"embeddable":true,"href":"https:\/\/choose-forex.com\/it\/wp-json\/wp\/v2\/comments\/?post=580"}],"version-history":[{"count":0,"href":"https:\/\/choose-forex.com\/it\/wp-json\/wp\/v2\/pages\/580\/revisions\/"}],"wp:attachment":[{"href":"https:\/\/choose-forex.com\/it\/wp-json\/wp\/v2\/media\/?parent=580"}],"wp:term":[{"taxonomy":"post_tag","embeddable":true,"href":"https:\/\/choose-forex.com\/it\/wp-json\/wp\/v2\/tags\/?post=580"}],"curies":[{"name":"wp","href":"https:\/\/api.w.org\/{rel}","templated":true}]}}