{"id":556,"date":"2012-05-22T09:02:24","date_gmt":"2012-05-22T09:02:24","guid":{"rendered":"http:\/\/wp1.choose-forex.com\/?p=556"},"modified":"2012-05-22T09:02:24","modified_gmt":"2012-05-22T09:02:24","slug":"platforme-de-tranzactionare","status":"publish","type":"page","link":"https:\/\/choose-forex.com\/ro\/platforme-de-tranzactionare\/","title":{"rendered":"Platforme de tranzactionare"},"content":{"rendered":"\n<p>\u00a0\u00a0\u00a0\u00a0\u00a0\u00a0\u00a0\u00a0\u00a0\u00a0\u00a0\u00a0\u00a0\u00a0\u00a0 \u00a0 \u00a0 \u00a0 \u00a0 \u00cen zilele de inceput, tranzactionarea se facea prin citirea unei benzi de hartie pe care erau afisate cotele \u015fi, pentru aflarea valorii unei medii mobile (MA) erau necesare calcule de m\u00e2na. Acum putem avea si 10 indicatori pe un grafic \u015fi platforma pe care o folosim face tot calculul necesar. Acesta este unul dintre principalele avantaje pe care ni le ofera progresul tehnologic \u015fi, \u00een acest articol, ne vom concentra pe cele mai comune platforme electronice pentru tranzactionare.<\/p>\n<p><img alt=\"\" src=\"\/sites\/default\/files\/u46\/index.jpeg\" style=\"width: 73px; height: 60px;\" \/><u>Meta Trader 4<\/u>\u00a0 Produs de MetaQuotes Software Corp, \u015fi lansat \u00een 2005.Software-ul este licen\u0163iat pentru brokeri online, care il ofera clien\u0163ilor lor. Programul const\u0103 \u00eentr-o component\u0103 de server \u015fi una de client.Componenta \u201eclient\u201d este furnizata clientului, \u00een timp ce componenta \u201eserver\u201d se executa de catre broker. Meta Trader 4 a devenit foarte popular, din cauza gradului ridicat de personalizare pe care il permite: ave\u0163i posibilitatea s\u0103 crea\u0163i propriile programe EA sau scripturi \u015fi, prin urmare, automatizarea procesului de tranzactionare.\u00a0\u00a0\u00a0\u00a0<\/p>\n<p><a href=\"\/sites\/default\/files\/u46\/mt4.jpg\" data-rel=\"penci-gallery-image-content\"  target=\"_blank\"><img alt=\"\" src=\"\/sites\/default\/files\/u46\/mt4.jpg\" style=\"width: 445px; height: 212px; margin-left: 60px; margin-right: 60px;\" \/><\/a><\/p>\n<p>\u00a0\u00a0\u00a0\u00a0\u00a0\u00a0\u00a0\u00a0\u00a0\u00a0\u00a0\u00a0\u00a0\u00a0\u00a0\u00a0\u00a0\u00a0\u00a0\u00a0\u00a0\u00a0 Un mare ajutor in determinarea trend-urilor si a dinamicii pretului vine de la uneltele analitice cum ar fi canalele, liniile de trend sau unelte Gann si Fibonacci. Meta Trader 4 are 32 de astfel de unelte pentru a va ajuta cu analiza dvs.\u00a0\u00a0\u00a0\u00a0\u00a0<\/p>\n<p><a href=\"\/sites\/default\/files\/u46\/metatrader4_analytical_tool_en.png\" data-rel=\"penci-gallery-image-content\"  target=\"_blank\"><img alt=\"\" src=\"\/sites\/default\/files\/u46\/metatrader4_analytical_tool_en.png\" style=\"width: 434px; height: 216px; margin-left: 60px; margin-right: 60px;\" \/><\/a><\/p>\n<p>\u00a0\u00a0\u00a0\u00a0\u00a0\u00a0\u00a0\u00a0\u00a0\u00a0\u00a0\u00a0\u00a0\u00a0\u00a0\u00a0\u00a0\u00a0\u00a0\u00a0\u00a0 Terminalul stocheaz\u0103, de asemenea, istoricul tuturor tranzac\u0163iilor, astfel \u00eenc\u00e2t s\u0103 pute\u0163i analiza mai t\u00e2rziu eficien\u0163a dvs. de tranzac\u0163ionare \u015fi rata de succes a strategiei dumneavoastr\u0103.Rubrica de stiri incorporata v\u0103 \u0163ine la curent cu ultimele noutati economice \u015fi politice.<\/p>\n<p>\tEA-uri (Expert Advisors) pot fi create \u00een cadrul Meta Trader 4 terminale pentru a automatiza procesul de tranzactionare. Dac\u0103 sunt detectate erori \u00een timpul compil\u0103rii programului, veti fi notificat de terminal cu privire la acestea. Odat\u0103 ce EA-ul este compilat cu succes, acesta poate fi folosit pentru testarea sau tranzac\u0163ionarea unei strategii.<\/p>\n<p><a href=\"\/sites\/default\/files\/u46\/metaeditor_expert_advisor_compilation_error_en.png\" data-rel=\"penci-gallery-image-content\"  target=\"_blank\"><img alt=\"\" src=\"\/sites\/default\/files\/u46\/metaeditor_expert_advisor_compilation_error_en.png\" style=\"width: 428px; height: 232px; margin-left: 60px; margin-right: 60px;\" \/><\/a><\/p>\n<p>\u00a0<\/p>\n<p>\u00a0\u00a0\u00a0\u00a0\u00a0\u00a0\u00a0\u00a0\u00a0\u00a0\u00a0\u00a0\u00a0\u00a0\u00a0\u00a0\u00a0 Meta Trader 4, ofer\u0103 de asemenea, o platform\u0103 mobila complet\u0103 pentru traderii care nu pot sta in fata calculatoarelor, dar nu vor s\u0103 piarda pe o oportunitate buna de tranzac\u0163ionare. \u00cen acest moment, Meta Trader 4 este cea mai populara platforma de tranzactionare, oferita de c\u0103tre aproape to\u0163i brokerii, chiar dac\u0103 ofera si software de tranzac\u0163ionare propriu.<\/p>\n<p>\t\u00a0\u00a0\u00a0\u00a0\u00a0\u00a0\u00a0\u00a0\u00a0\u00a0\u00a0\u00a0\u00a0\u00a0\u00a0\u00a0\u00a0 Una dintre platformele, care devine din ce \u00een ce mai populara este<strong> ACT Trader<\/strong>. Motivul pentru care c\u00e2\u015ftig\u0103 popularitate, este deoarece meniurile sunt intuitive, platforma este usor de folosit, dar \u00een acela\u015fi timp, exist\u0103 o mul\u0163ime de op\u0163iuni pentru traderii care au nevoie ordine mai complicate pentru a intra in pia\u0163\u0103.<\/p>\n<p>\u00a0\u00a0\u00a0\u00a0\u00a0\u00a0\u00a0\u00a0\u00a0\u00a0\u00a0\u00a0\u00a0\u00a0\u00a0\u00a0\u00a0\u00a0\u00a0\u00a0 <a href=\"\/sites\/default\/files\/u46\/wb_img_40.png\" data-rel=\"penci-gallery-image-content\"  target=\"_blank\"><img alt=\"\" src=\"\/sites\/default\/files\/u46\/wb_img_40.png\" style=\"width: 438px; height: 248px; margin-left: 60px; margin-right: 60px;\" \/><\/a>\u00a0\u00a0\u00a0\u00a0\u00a0\u00a0\u00a0\u00a0\u00a0\u00a0\u00a0\u00a0\u00a0\u00a0\u00a0\u00a0\u00a0\u00a0\u00a0\u00a0\u00a0\u00a0\u00a0\u00a0\u00a0\u00a0\u00a0\u00a0\u00a0\u00a0\u00a0\u00a0\u00a0\u00a0\u00a0\u00a0\u00a0\u00a0\u00a0\u00a0\u00a0\u00a0\u00a0\u00a0\u00a0\u00a0\u00a0\u00a0\u00a0\u00a0\u00a0\u00a0\u00a0\u00a0\u00a0\u00a0\u00a0\u00a0\u00a0\u00a0\u00a0\u00a0\u00a0\u00a0\u00a0\u00a0\u00a0\u00a0\u00a0\u00a0\u00a0\u00a0\u00a0\u00a0\u00a0\u00a0\u00a0\u00a0\u00a0\u00a0\u00a0\u00a0\u00a0\u00a0\u00a0\u00a0\u00a0\u00a0\u00a0\u00a0\u00a0\u00a0\u00a0\u00a0\u00a0\u00a0\u00a0\u00a0\u00a0\u00a0\u00a0\u00a0\u00a0\u00a0\u00a0\u00a0\u00a0\u00a0\u00a0\u00a0\u00a0\u00a0\u00a0\u00a0\u00a0\u00a0\u00a0\u00a0\u00a0\u00a0\u00a0\u00a0\u00a0\u00a0\u00a0\u00a0\u00a0\u00a0\u00a0\u00a0\u00a0\u00a0\u00a0\u00a0\u00a0\u00a0\u00a0\u00a0\u00a0\u00a0\u00a0\u00a0\u00a0\u00a0\u00a0\u00a0\u00a0\u00a0\u00a0\u00a0\u00a0\u00a0\u00a0\u00a0\u00a0\u00a0\u00a0\u00a0\u00a0\u00a0\u00a0\u00a0\u00a0\u00a0\u00a0\u00a0\u00a0\u00a0\u00a0<\/p>\n<p>\u00a0\u00a0\u00a0\u00a0\u00a0\u00a0\u00a0\u00a0\u00a0 \u00a0\u00a0\u00a0\u00a0\u00a0\u00a0\u00a0\u00a0 Produsa de ActForex INC, platforma ACT Trader este oferita de tot mai multi brokeri ca un pachet de grafice gratuit atunci c\u00e2nd deschide\u0163i un cont. ActForex ofer\u0103, de asemenea, o mare varietate de alte platforme de web, Android sau iPad &#8211; ActWebTrader, ActPhone, ActPad \u015fi ActDroid.<\/p>\n<p>\t\u00a0\u00a0\u00a0\u00a0\u00a0\u00a0\u00a0\u00a0\u00a0\u00a0\u00a0\u00a0\u00a0 Ca o nou\u0103 optiune, ActForex a introdus ActVAT, un editor vizual de strategii care v\u0103 permite s\u0103 construiti strategii automate, f\u0103r\u0103 a scrie linii de cod.\u00a0\u00a0\u00a0\u00a0\u00a0\u00a0\u00a0\u00a0<\/p>\n<p><a href=\"\/sites\/default\/files\/u46\/vat_01.png\" data-rel=\"penci-gallery-image-content\"  target=\"_blank\"><img alt=\"\" src=\"\/sites\/default\/files\/u46\/vat_01.png\" style=\"width: 467px; height: 242px; margin-left: 60px; margin-right: 60px;\" \/><\/a><\/p>\n<p>\u00a0\u00a0\u00a0\u00a0\u00a0\u00a0\u00a0\u00a0\u00a0\u00a0\u00a0\u00a0\u00a0\u00a0\u00a0\u00a0 O alta platforma interesanta si demna de incredere este Ninja Trader, produsa de Ninja Trader LLC, infiintati in 2006, cu sediul in Denver, Colorado<\/p>\n<p><a href=\"\/sites\/default\/files\/u46\/advancedchartinglg.png\" data-rel=\"penci-gallery-image-content\"  target=\"_blank\"><img alt=\"\" src=\"\/sites\/default\/files\/u46\/advancedchartinglg.png\" style=\"width: 442px; height: 192px; margin-left: 70px; margin-right: 70px;\" \/><\/a><\/p>\n<p>\u00a0\u00a0\u00a0\u00a0\u00a0\u00a0\u00a0\u00a0\u00a0\u00a0\u00a0\u00a0\u00a0\u00a0\u00a0\u00a0 Un aspect interesant este simulatorul de Tranzactionare, care v\u0103 ofer\u0103 oportunitatea de a testa strategii folosind pe deplin simularea ordinelor. Stadiile initiale ale tranzactionarii necesit\u0103 invatarea prin simularea tranzac\u0163iilor, iar traderii cu experien\u0163\u0103 au nevoie sa simuleze condi\u0163iile de pia\u0163\u0103 pentru a testa noi concepte comerciale sau strategii noi.<\/p>\n<p>\tPentru un trader nou, alegerea platformei este un aspect important, deoarece trebuie sa va simtiti confortabil cu software-ul pe care \u00eel utiliza\u0163i. \u00cen cazul \u00een care nu ave\u0163i nevoie de ordine sofisticate pentru a deschide o pozi\u0163ie sau nu ave\u0163i o mul\u0163ime de pozi\u0163ii deschise deodata, atunci alegeti o platform\u0103 simpl\u0103, dar de \u00eencredere.<\/p>\n<p>\u00a0\u00a0\u00a0\u00a0\u00a0\u00a0\u00a0\u00a0\u00a0\u00a0\u00a0\u00a0\u00a0\u00a0\u00a0\u00a0\u00a0\u00a0\u00a0\u00a0\u00a0\u00a0\u00a0\u00a0\u00a0\u00a0\u00a0\u00a0\u00a0\u00a0\u00a0\u00a0\u00a0\u00a0\u00a0\u00a0\u00a0\u00a0\u00a0\u00a0\u00a0\u00a0\u00a0\u00a0\u00a0\u00a0\u00a0\u00a0\u00a0\u00a0\u00a0\u00a0\u00a0\u00a0\u00a0\u00a0\u00a0\u00a0\u00a0\u00a0\u00a0\u00a0\u00a0\u00a0\u00a0\u00a0\u00a0\u00a0\u00a0\u00a0\u00a0\u00a0\u00a0\u00a0\u00a0\u00a0\u00a0\u00a0\u00a0\u00a0\u00a0\u00a0\u00a0\u00a0\u00a0\u00a0\u00a0\u00a0\u00a0\u00a0\u00a0\u00a0\u00a0\u00a0\u00a0\u00a0\u00a0\u00a0\u00a0\u00a0\u00a0\u00a0\u00a0\u00a0\u00a0\u00a0\u00a0\u00a0\u00a0\u00a0\u00a0\u00a0\u00a0\u00a0\u00a0\u00a0\u00a0\u00a0\u00a0\u00a0\u00a0\u00a0\u00a0\u00a0\u00a0\u00a0\u00a0\u00a0\u00a0\u00a0\u00a0\u00a0\u00a0\u00a0\u00a0\u00a0\u00a0\u00a0\u00a0\u00a0\u00a0\u00a0\u00a0\u00a0\u00a0\u00a0\u00a0\u00a0\u00a0\u00a0\u00a0\u00a0<\/p>\n","protected":false},"excerpt":{"rendered":"<p>\u00a0\u00a0\u00a0\u00a0\u00a0\u00a0\u00a0\u00a0\u00a0\u00a0\u00a0\u00a0\u00a0\u00a0\u00a0 \u00a0 \u00a0 \u00a0 \u00a0 \u00cen zilele de inceput, tranzactionarea se facea prin citirea unei benzi de hartie pe care erau afisate cotele \u015fi, pentru aflarea valorii unei medii mobile&hellip;<\/p>\n","protected":false},"author":1,"featured_media":0,"parent":0,"menu_order":0,"comment_status":"open","ping_status":"open","template":"","meta":[],"tags":[286,690,285,689,388],"_links":{"self":[{"href":"https:\/\/choose-forex.com\/ro\/wp-json\/wp\/v2\/pages\/556\/"}],"collection":[{"href":"https:\/\/choose-forex.com\/ro\/wp-json\/wp\/v2\/pages\/"}],"about":[{"href":"https:\/\/choose-forex.com\/ro\/wp-json\/wp\/v2\/types\/page\/"}],"author":[{"embeddable":true,"href":"https:\/\/choose-forex.com\/ro\/wp-json\/wp\/v2\/users\/1\/"}],"replies":[{"embeddable":true,"href":"https:\/\/choose-forex.com\/ro\/wp-json\/wp\/v2\/comments\/?post=556"}],"version-history":[{"count":0,"href":"https:\/\/choose-forex.com\/ro\/wp-json\/wp\/v2\/pages\/556\/revisions\/"}],"wp:attachment":[{"href":"https:\/\/choose-forex.com\/ro\/wp-json\/wp\/v2\/media\/?parent=556"}],"wp:term":[{"taxonomy":"post_tag","embeddable":true,"href":"https:\/\/choose-forex.com\/ro\/wp-json\/wp\/v2\/tags\/?post=556"}],"curies":[{"name":"wp","href":"https:\/\/api.w.org\/{rel}","templated":true}]}}