{"id":10233,"date":"2016-06-18T10:19:54","date_gmt":"2016-06-18T10:19:54","guid":{"rendered":"http:\/\/dev.choose-forex.com\/sr\/?page_id=10233"},"modified":"2021-07-08T12:17:33","modified_gmt":"2021-07-08T12:17:33","slug":"sta-je-forex","status":"publish","type":"page","link":"https:\/\/choose-forex.com\/sr\/sta-je-forex\/","title":{"rendered":"\u0160ta je Forex"},"content":{"rendered":"<p style=\"text-align: justify;\">Postoji mnogo na\u010dina kako da zaradite novac preko interneta, a forex je svakako integralan deo te liste. Ali \u0161ta je forex zapravo? Naravno, ulaganje novca u ovoj zemlji se grani\u010di sa avanturizmom, ali sve to bledi kada dobijete priliku da poka\u017eete nevernim Tomama kako radite &#8220;nemogu\u0107e&#8221; \u2013 da forex Srbija nisu dve nepovezane re\u010di.<\/p>\n<p style=\"text-align: justify;\"><img loading=\"lazy\" class=\"aligncenter wp-image-10386 size-full\" title=\"\u0160ta je Forex\" src=\"http:\/\/choose-forex.com\/wp-content\/uploads\/2016\/06\/Sta-je-Forex.jpg\" alt=\"\u0160ta je Forex\" width=\"768\" height=\"499\" srcset=\"https:\/\/choose-forex.com\/wp-content\/uploads\/2016\/06\/Sta-je-Forex.jpg 768w, https:\/\/choose-forex.com\/wp-content\/uploads\/2016\/06\/Sta-je-Forex-300x195.jpg 300w\" sizes=\"(max-width: 768px) 100vw, 768px\" \/><\/p>\n<p style=\"text-align: justify;\">Onima koji misle kako nije mogu\u0107e zaraditi novac preko interneta. Ukratko \u0107emo se pozabaviti pitanjem \u0161ta je forex, osnovnih pojmova vezanim za forex iskustva i forex trgovanje, a pogotovo onim \u0161to forex ima da ponudi svima vama.<\/p>\n<p style=\"text-align: justify;\">Pored nezaobilaznog pitanja \u0161ta je forex, objasni\u0107emo na\u010din na koji forex trgovanje funkcioni\u0161e, faktore koji mogu uticati na forex pa \u010dak i na konvertovanje valute \u2013 naravno uz par korisnih linkova, dodu\u0161e na engleskom jeziku. Na kraju, bi\u0107e re\u010di i o visini ulaganja koja su neophodna kao i o raznim optu\u017ebama na ra\u010dun forex-a poput one da je forex trgovanje prevara. No, vreme je da odgovorimo na va\u0161e pitanje &#8211; \u0160ta je Forex zapravo&#8230;<\/p>\n<h2 style=\"text-align: justify;\">\u0160ta je Forex?<\/h2>\n<p style=\"text-align: justify;\">Forex je zapravo skra\u0107enica za &#8220;Foreign Exchange&#8221; i predstavlja ubedljivo najve\u0107e finansijsko tr\u017ei\u0161te na svetu. Prosto re\u010deno, tako pojedinci i firme menjaju jednu valutu za drugu. Pri\u010damo o bukvalno hiljadama milijardi dolara u raznim valutama koje menjaju ruke iz dana u dan, vi\u0161e nego na bilo kom tr\u017ei\u0161tu na svetu.<\/p>\n<p style=\"text-align: justify;\"><img loading=\"lazy\" class=\"aligncenter wp-image-10947 size-full\" title=\"FX Lider\" src=\"https:\/\/choose-forex.com\/wp-content\/uploads\/2016\/07\/FX-Lider.png\" alt=\"FX Lider\" width=\"700\" height=\"152\" srcset=\"https:\/\/choose-forex.com\/wp-content\/uploads\/2016\/07\/FX-Lider.png 700w, https:\/\/choose-forex.com\/wp-content\/uploads\/2016\/07\/FX-Lider-300x65.png 300w\" sizes=\"(max-width: 700px) 100vw, 700px\" \/><\/p>\n<p style=\"text-align: justify;\">Sva druga finansijska tr\u017ei\u0161ta ne mogu ni pri\u0107i forex-u po obimu protoka novca kao i koli\u010dini koju pojedina\u010dan trgovac mo\u017ee da zaradi. To je zato \u0161to forex nema jednu, centralizovanu berzu na kojoj se sve odvija \u2013 za razliku od robe i akcija, na primer. Valute se razmenjuju preko globalne mre\u017ee banaka, brokera i dilera. To zna\u010di da ba\u0161 vi mo\u017eete da trgujete u bilo koje doba dana i no\u0107i, od ponedeljka do petka, a da se nikada ne zapitate koliko je sada sati u Njujorku, Londonu ili Tokiju.<\/p>\n<p style=\"text-align: justify;\">Da biste dobili odgovor na pitanje \u0161ta je forex, morate da shvatite da je to u su\u0161tini me\u0111ubankarsko tr\u017ei\u0161te, \u0161to ga \u010dini apsolutno decentralizovanim i trguje se gotovo non-stop. Nekada je predstavljao ekskluzivan klub, igrali\u0161te za banke, korporacije i milijardere, a danas su skoro svi dobrodo\u0161li. Od raznih preduze\u0107a do investicionih menad\u017eera pa \u010dak i fizi\u010dkih lica. Radno vreme po\u010dinje u nedelju u 23:00 po na\u0161em vremenu i traje do petka u 23:00.<\/p>\n<p style=\"text-align: justify;\">U tom periodu mo\u017eete trgovati kad god to po\u017eelite, jer forex odlikuje likvidnost kakvu ne\u0107ete na\u0107i ni na jednom tr\u017ei\u0161tu. Naravno, ima perioda kada se trguje vi\u0161e i perioda kada se trguje manje. Konkretno, najve\u0107a frekventnost trgovanja se poklapa sa Londonskom i Njujor\u0161kom sezonom koje po\u010dinju u 9:00 odnosno 14:00 po na\u0161em vremenu.<\/p>\n<h2 style=\"text-align: justify;\">Kako forex funkcioni\u0161e?<\/h2>\n<p style=\"text-align: justify;\"><strong><img loading=\"lazy\" class=\"alignleft wp-image-10400 size-full\" title=\"\u0160ta je Forex\" src=\"https:\/\/choose-forex.com\/wp-content\/uploads\/2016\/06\/Sta-je-Forex-2.jpg\" alt=\"\u0160ta je Forex\" width=\"300\" height=\"225\" \/>Forex cene se izra\u017eavaju u valutnim parovima.<\/strong> To je zato \u0161to kada trgujete na forex tr\u017ei\u0161tu, vi u isto vreme prodajete jednu valutu i kupujete drugu. Najpoznatiji i najpopularniji valutni par je svakako evro\/dolar, ili EUR\/USD.<\/p>\n<p style=\"text-align: justify;\">Sa leve strane imamo osnovnu valutu, \u0161to je u ovom slu\u010daju Evro, a sa desne imamo ameri\u010dki dolar, koji zauzima poziciju takozvane kontra valute. Ako je cena koju vidite za EUR\/USD recimo 1.4280, to zna\u010di da jedan evro (jedinica osnovne valute) vredi 1,4280 ameri\u010dka dolara.<\/p>\n<p style=\"text-align: justify;\">Me\u0111utim, forex trgovci se uvek susre\u0107u sa dve cene: jedna za kupovinu a druga za prodaju. <strong>Razlika izme\u0111u kupovne i prodajne cene se zove spread<\/strong>. Na tome ve\u0107ina savremenih brokera zara\u0111uje. Nekada su napla\u0107ivali proviziju, ali je ve\u0107ina u me\u0111uvremenu promenila sistem. U osnovi, vi kupujete ovaj par kada o\u010dekujete da \u0107e osnovna valuta oja\u010dati u odnosu na kontra valutu \u2013 u ovom slu\u010daju da \u0107e Evro oja\u010dati u odnosu na dolar. U tom slu\u010daju, vi zauzimate takozvanu &#8220;long&#8221; poziciju. U suprotnom, vi \u0107ete &#8220;prodati&#8221; valutni par ako o\u010dekujete da osnovna valuta oslabi. Forex \u017eargon ovo naziva &#8220;short&#8221; pozicijom. Ne brinite, ne morate da budete ljudski kalkulator valuta \u2013 danas se sve radi preko kompjutera.<\/p>\n<p style=\"text-align: justify;\">Naravno, <strong>cene na forex tr\u017ei\u0161tu zavise od mno\u0161tva slo\u017eenih faktora<\/strong>, kao \u0161to su inflacija, kamatne stope, zvani\u010dna politika neke vlade, BDP, stopa nezaposlenosti pa \u010dak i uvoz i izvoz. A usled ogromnog broja trgovaca na forex tr\u017ei\u0161tu, kao i sume novca koja je u igri, cene na tr\u017ei\u0161tu \u0107e se menjati velikom brzinom, \u0161to \u010dini ovo tr\u017ei\u0161te jednim od najnestabilnijih na svetu.<\/p>\n<h2 style=\"text-align: justify;\">Koji faktori uti\u010du na Forex trgovanje?<\/h2>\n<p style=\"text-align: justify;\">Forex svakako jeste najve\u0107e finansijsko tr\u017ei\u0161te na svetu, ali da biste ovladali trgovinom na njemu, morate biti upoznati sa \u010diniocima koji pokre\u0107u cene valuta na tr\u017ei\u0161tu. Bez obzira na svoju veli\u010dinu, forex podle\u017ee istim zakonima ponude i potra\u017enje kao i sva ostala tr\u017ei\u0161ta. \u0160ta je forex ako ne jo\u0161 jedno finansijsko tr\u017ei\u0161te?<\/p>\n<p style=\"text-align: justify;\">Ako na primer trgovac misli da \u0107e osnovna valuta u EUR\/USD paru oja\u010dati u odnosu na dolar i da \u0107e se potra\u017enja uve\u0107ati, on \u0107e kupiti taj valutni par. Ako smatra da \u0107e evro oslabiti, on prodaje. <strong>Ali zbog \u010dega ta\u010dno valute dobijaju i gube na vrednosti?<\/strong><\/p>\n<ol style=\"text-align: justify;\">\n<li><u>Kamatne stope<\/u><\/li>\n<\/ol>\n<p style=\"text-align: justify;\">U prvom redu, tu su kamatne stope. Promena kamatnih stopa u okviru neke ekonomije je povezana sa snagom njene valute. Pove\u0107anje kamatne stope mo\u017ee da pove\u0107a stopu investicija i time oja\u010da valutu, ali je mo\u017ee i oboriti jer pove\u0107ava i cenu zadu\u017eivanja.<\/p>\n<p style=\"text-align: justify;\"><strong>Koristni link: <\/strong><\/p>\n<ul style=\"text-align: justify;\">\n<li><a href=\"https:\/\/en.wikipedia.org\/wiki\/Interest_rate\"><strong>Interest rate Wikipedia guide<\/strong><\/a><\/li>\n<li><strong><a href=\"https:\/\/www.theguardian.com\/business\/2016\/may\/18\/interest-rates-increase-federal-reserve-economy-brexit-china\">Interest rates could rise as soon as June<\/a><\/strong><strong>\u00a0<\/strong><\/li>\n<\/ul>\n<ol style=\"text-align: justify;\" start=\"2\">\n<li><u>BDP, stope nezaposlenosti i indeks potro\u0161a\u010dkih cena<\/u><\/li>\n<\/ol>\n<p style=\"text-align: justify;\">Zatim, na cenu valuta uti\u010du i vesti i zvani\u010dne brojke, u ve\u0107oj ili manjoj meri. Na primer, Bruto doma\u0107i proizvod, stopa nezaposlenosti i indeks potro\u0161a\u010dkih cena ukazuju na stanje u ekonomiji neke zemlje. Intervencije centralne banke neke zemlje radi o\u010duvanja odre\u0111enog kursa su tako\u0111e me\u0111u bitnim faktorima koje valja uzeti u obzir. Na kraju krajeva, svaka nov\u010dana injekcija pove\u0107ava koli\u010dinu novca u opticaju i time smanjuje njegovu vrednost.<\/p>\n<p style=\"text-align: justify;\"><strong>Koristan link: <\/strong><a href=\"http:\/\/www.investopedia.com\/articles\/forex\/11\/trading-gdp-like-a-currency-trader.asp\"><strong>Trading GDP like a currency trader<\/strong><\/a><\/p>\n<ol style=\"text-align: justify;\" start=\"3\">\n<li><u>Spekulacije i trejdovi ostalih trgovaca<\/u><\/li>\n<\/ol>\n<p style=\"text-align: justify;\">I na kraju imamo same trgovce. Preovladavaju\u0107e mi\u0161ljenje me\u0111u investitorima o pravcu u kome \u0107e tr\u017ei\u0161te da krene ima ogroman uticaj na samo tr\u017ei\u0161te. Postupci nekoliko trgovaca mogu pokrenuti pravi stampedo, lan\u010danu reakciju nesagledivih posledica koja mo\u017ee da upravlja \u010dak i najve\u0107im tr\u017ei\u0161tem na svetu.<\/p>\n<p style=\"text-align: justify;\"><strong>Koristan link: <\/strong><a href=\"https:\/\/www.youtube.com\/watch?v=wwep41crxfk\"><strong>How to understand market sentiment?<\/strong><\/a><\/p>\n<p style=\"text-align: justify;\">Glavno pitanje je kako se najbolje za\u0161tititi od pomenutih faktora?<\/p>\n<ul style=\"text-align: justify;\">\n<li><strong>Budite informisani! <\/strong>Pratite najva\u017enija de\u0161avanja iz zemlje i sveta, sa posebnim naglaskom na tr\u017ei\u0161ta od klju\u010dnog zna\u010daja za va\u0161e trgovanje<\/li>\n<li><strong>Napravite personalizovani kalendar! <\/strong>Najva\u017enija ekonomska de\u0161avanja, podsetnici i sve \u0161to ide uz to kako ne bi bilo neprijatnih iznena\u017eenja. Ukoliko imate \u201cgmail\u201d, Google-ov kalendar ima sve opcije koje \u0107e vam znatno olak\u0161ati organizaciju<\/li>\n<li><strong>\u010citajte!<\/strong> Razumevanje svetske ekonomije i pojava koje uti\u010du na nju \u0107e vam omogu\u0107iti ne samo da znate kako da trgujete, ve\u0107 i kada to da u\u010dinite.<\/li>\n<\/ul>\n<p style=\"text-align: justify;\"><strong>Predlog literature:<\/strong><\/p>\n<ul style=\"text-align: justify;\">\n<li><a href=\"https:\/\/www.amazon.com\/World-Economy-Development-Centre-Studies\/dp\/9264022619\"><strong>The World Economy<\/strong><\/a><\/li>\n<li><a href=\"https:\/\/www.amazon.com\/World-Economy-Millennial-Perspective-Development\/dp\/9264186085\"><strong>World Economy: A Millennial Perspective<\/strong><\/a><\/li>\n<\/ul>\n<h2 style=\"text-align: justify;\">Kolika su po\u010detna ulaganja?<\/h2>\n<p style=\"text-align: justify;\">\u0160to se ti\u010de ulaganja novca, forex tr\u017ei\u0161te je pre\u0161lo dug put od kraja 80-ih. Svi koje je mu\u010dilo pitanje &#8220;gde ulo\u017eiti novac&#8221; su gledali na drugu stranu \u2013 uglavnom zato \u0161to je sam ulazak na ovo tr\u017ei\u0161te zahtevao po\u010detni kapital koji se merio milionima ameri\u010dkih dolara.<\/p>\n<p style=\"text-align: justify;\"><img loading=\"lazy\" class=\"aligncenter wp-image-10414 size-full\" title=\"\u0160ta je Forex\" src=\"http:\/\/choose-forex.com\/wp-content\/uploads\/2016\/06\/Sta-je-Forex-3.jpg\" alt=\"\u0160ta je Forex\" width=\"768\" height=\"395\" srcset=\"https:\/\/choose-forex.com\/wp-content\/uploads\/2016\/06\/Sta-je-Forex-3.jpg 768w, https:\/\/choose-forex.com\/wp-content\/uploads\/2016\/06\/Sta-je-Forex-3-300x154.jpg 300w\" sizes=\"(max-width: 768px) 100vw, 768px\" \/><\/p>\n<p style=\"text-align: justify;\">Me\u0111utim, internet je promenio na\u010din trgovanja i \u010ditav pristup forex trgovini, pa je sada ulaznica daleko pristupa\u010dnija. <strong>Danas ve\u0107ina trgovaca otvara ra\u010dune sa po\u010detnim kapitalom od svega $100<\/strong>. Od svih na\u010dina kako da zaradite novac preko interneta, ovaj je svakako najrazra\u0111eniji. Sve \u0161to vam je potrebno su ra\u010dunar, internet konekcija, ne\u0161to novca i mo\u017eete po\u010deti da trgujete.<\/p>\n<p style=\"text-align: justify;\">Zapravo, ponekad ne morate \u010dak ni da trgujete da biste ostvarili dobit, zahvaljuju\u0107i rollover-u. S obzirom da je Forex predvi\u0111en da radi u ciklusima, na kraju svakog od njih se obra\u010dunava takozvani rollover na sve pozicije koje su i dalje otvorene. Ukoliko je rollover pozitivan, novac \u0107e vam biti dodat na nalog, ali ukoliko je negativan, pretrpe\u0107ete izvestan gubitak. Zato je dobra ideja da <a href=\"https:\/\/www.youtube.com\/watch?v=yMFTWn0vqRE\">proverite visinu rollover<\/a>-a za valutni par kojim \u017eelite da trgujete.<\/p>\n<p style=\"text-align: justify;\">Jo\u0161 jedan bitan segment za po\u010detnike su dva pojma \u2013 <strong>Pip i Lot<\/strong> \u2013 sa kojima \u0107e se \u010desto susretati.<\/p>\n<p style=\"text-align: justify;\">Za razliku od obi\u010dne menja\u010dnice gde se valute konvertuju na malo, na forex tr\u017ei\u0161tu se uglavnom trguje na veliko. U pitanju su stotine hiljada jedinica neke valute, \u0161to lotovi i jesu. Drugim re\u010dima,<strong> lot predstavlja 100,000 jedinica neke valute<\/strong>. Nekada je lot bio najmanja jedinica kojom se trgovalo na forex-u, ali kao \u0161to smo napomenuli, ovo vi\u0161e nije ekskluzivni klub, pa su u opticaju i manje jedinice, takozvani mini i mikro lotovi.<\/p>\n<p style=\"text-align: justify;\"><strong>Pip je, s druge strane, jedinica kojom se meri cena neke valute <\/strong>\u2013 najmanja jedinica, to jest. Vrednost valutnog para se obi\u010dno zaokru\u017euje tek na \u010detvrtoj decimali, npr. vrednost EUR\/USD valutnog para je 1.4281. Ta poslednja, najmanja decimala, taj 0,0001 predstavlja jedan pip. To je ujedno i najmanja promena vrednosti za neki par. Naravno, nije lako zaraditi na promenama od samo par pipova, i upravo zbog toga forex igra\u010di idu na veliko. Ako trgujete ogromnom masom novca, \u010dak i ove minijaturne promene valutnog kursa mogu da obezbede relativno lagodan \u017eivot \u2013 naravno ukoliko ste u pravu.<\/p>\n<p style=\"text-align: justify;\"><strong>Ukoliko ne mo\u017eete da priu\u0161tite da trgujete na veliko, tu je uvek &#8220;leverage&#8221; opcija<\/strong>. Ovde trgujete pozajmljenim novcem i uz vrlo mali depozit mo\u017eete da trgujete u istoj ravni sa velikim bankama i tajkunima. To ne mo\u017eete ni na jednom drugom tr\u017ei\u0161tu. Naravno, i dobitak mora da pokrije sve tro\u0161kove, ali ako vam je prognoza na mestu, to ne\u0107e biti nikakav problem.<\/p>\n<h2 style=\"text-align: justify;\">Da li je Forex prevara?<\/h2>\n<p style=\"text-align: justify;\"><img loading=\"lazy\" class=\"alignleft wp-image-10428 size-full\" title=\"\u0160ta je Forex\" src=\"http:\/\/choose-forex.com\/wp-content\/uploads\/2016\/06\/ba3ace3350e86c91d83bb01613fe5af9.jpg\" alt=\"\u0160ta je Forex\" width=\"196\" height=\"257\" \/>Naravno, uvek \u0107e biti onih koji na pitanje\u00a0\u0161ta je forex\u00a0odgovaraju sa: &#8220;\u010cista prevara!&#8221;. I mada se ne mo\u017eemo slo\u017eiti sa tom konstatacijom, ipak moramo da naglasimo da ulaganje novca u konvertovanje valute nije kao ostali online poslovi \u2013 ima to i svojih nedostataka.<\/p>\n<p style=\"text-align: justify;\">Za razliku od ostalih na\u010dina kako da zaradite pare preko interneta, ovaj iziskuje i ozbiljna ulaganja s va\u0161e strane. Pritom ne mislimo na alat i materijale, jer su hardverski zahtevi veoma mali. Potrebno je ulagati novac u va\u0161 ra\u010dun kao i vreme i trud u vas kao trgovca. Ina\u010de, kako biste znali gde \u0107ete ulo\u017eiti novac?<\/p>\n<p style=\"text-align: justify;\"><strong>Jedan od najve\u0107ih rizika forex-a<\/strong> jesu nepromi\u0161ljene odluke kao i to \u0161to nijedan izbor nije unapred ispravan. \u010cak i ako ste 100% u pravu, to \u0107ete znati tek kada realizujete trgovinu i budete brojali va\u0161 mukotrpno zara\u0111eni novac. Da, bi\u0107e i gubitaka s vremena na vreme, i ti gubici ne\u0107e uvek biti rezultat va\u0161e krivice, ali ste vi i dalje odgovorni za rezultat svog trgovanja, pa \u010dak i kada je on negativan.<\/p>\n<p style=\"text-align: justify;\">Pritom mislimo na forex prevaru, ali ne na onu na koju se poziva ve\u0107ina nezadovoljnih korisnika usluga brokerskih ku\u0107a na blogovima i forumima. Oni jednostavno snose posledice sopstvene nepa\u017enje i neobave\u0161tenosti. Me\u0111utim, ovde je puno novca u igri, a kad god je to slu\u010daj, pojave se beskrupulozni prevaranti kojima je cilj da izvuku protivpravnu korist od trgovaca koji ni\u0161ta ne sumnjaju.<\/p>\n<p style=\"text-align: justify;\">Ovde je re\u010d o pojedinim beskrupuloznim brokerima koji poku\u0161avaju da iznude dodatni novac na ime usluga koje su ve\u0107 pru\u017eene i pla\u0107ene. Ili poku\u0161avaju da naplate uslugu koja uop\u0161te nije izvr\u0161ena. Sre\u0107om, takve situacije su danas retkost, jer je poja\u010dana regulacija iskorenila ve\u0107i deo takvih prevaranata.<\/p>\n<p style=\"text-align: justify;\">Ipak, to je slaba uteha njihovim prevarenim klijentima, pa je pametno raspitati se o brokeru \u010dije usluge planirate da koristite i saznate \u0161to je vi\u0161e mogu\u0107e pre nego \u0161to mu poverite va\u0161 novac i li\u010dne podatke. Ubedljivo najgora stvar koja vam se mo\u017ee desiti sa pogre\u0161nim brokerom je da vam &#8220;zarobi&#8221; novac i ne dozvoljava da ga podignete ili izmi\u0161lja izgovore da ne plati. To je obi\u010dno najdirektniji znak da broker nije legitiman, pa brokere sa takvom reputacijom treba izbegavati u \u0161irokom luku.<\/p>\n<p style=\"text-align: justify;\">S druge strane, imamo problem koji je daleko prisutniji, a to su gomila tzv. robota i ostalog softvera za trgovanje koji vam u najboljem slu\u010daju nije potreban a u najgorem uop\u0161te i ne radi. Internet je prepun oglasa za razne alarme, signale, forex robote i svi nude da obave te\u017ei deo va\u0161eg posla, za &#8220;razumnu&#8221; naknadu. Cena ovde nije nikakva garancija kvaliteta, tako da nema indicija da \u0107e najskuplji softver koji budete kupili raditi i\u0161ta bolje od najjeftinijeg. Ve\u0107ina stru\u010dnjaka savetuje da ne verujete takvom softveru, a preostali da ga koristite samo kao ispomo\u0107 i da potvrdi predvi\u0111anja do kojih ste sami ve\u0107 do\u0161li, a nikako da im poverite da oni odlu\u010duju u va\u0161e ime.<\/p>\n<p style=\"text-align: justify;\">Svi ovi rizici, me\u0111utim, mogu biti minimizirani tako \u0161to \u0107ete voditi ra\u010duna o sopstvenoj edukaciji, brokerima sa kojima poslujete kao i softveru koji \u0107ete koristiti. Internet je prepun materijala za edukaciju o ovoj i sli\u010dnim temama, \u010dak i na srpskom. Uz to, mnogi brokeri nude demo naloge na kojima se mo\u017eete upoznati sa svim aspektima forex-a a da pritom ne rizikujete ni jedan jedini dinar sopstvenog novca.<\/p>\n<h2 style=\"text-align: justify;\">Zaklju\u010dak<\/h2>\n<p style=\"text-align: justify;\">I nakon svega ovoga, mo\u017eemo da pretpostavimo da imate izgra\u0111enu svest o tome \u0161ta je forex, kao i kako zaraditi pare preko njega. Nadamo se da ste prona\u0161li neke od odgovora koje ste tra\u017eili. Naravno, prava forex iskustva se sti\u010du na tr\u017ei\u0161tu, a da li je forex tr\u017ei\u0161te prevara, u to \u0107ete se, na kraju krajeva, uveriti i sami.<\/p>\n<p style=\"text-align: justify;\">Pozabavili smo se nekim od osnovnih pojmova koji zalaze u samu bit onoga \u0161to forex trgovanje predstavlja. Ono je vi\u0161e od posla preko interneta, i ne daje samo odgovore na pitanja gde ulo\u017eiti novac ili gde investirati. Forex je pre svega prilika; prilika za ne\u0161to bolje od onoga \u0161to sada imate, \u0161ta god to bilo. To ne zna\u010di da treba da zaboravite na rizike, koji su uvek prisutni u ovakvim stvarima. Me\u0111utim, sama prilika da u\u010destvujete na tr\u017ei\u0161tu koje vam je nekada bilo zabranjeno predstavlja jedno od najve\u0107ih dostignu\u0107a iz prethodnih par decenija.<\/p>\n<p style=\"text-align: justify;\">Ne, forex nije prevara \u2013 to je na\u010din da zaradite za \u017eivot na po\u0161ten i legalan na\u010din a da nikada ne brinete o \u0161efovima, nelojalnoj konkurenciji ili bilo \u010demu sli\u010dnom. Od svih na\u010dina kako zaraditi preko interneta, koji bi vam pru\u017eio priliku da zaradite dovoljno novca da vodite lagodan i pristojan \u017eivot? Ili mo\u017eda \u010dak i ne\u0161to vi\u0161e od toga&#8230; Zamislite \u0161ta biste mogli da postignete sa svojih deset prstiju \u2013 bukvalno! \u0160ta je forex? Forex je prilika koju ste oduvek \u010dekali! Zgrabite je.<\/p>\n","protected":false},"excerpt":{"rendered":"<p>Postoji mnogo na\u010dina kako da zaradite novac preko interneta, a forex je svakako integralan deo te liste. Ali \u0161ta je forex zapravo? Naravno, ulaganje novca u ovoj zemlji se grani\u010di&hellip;<\/p>\n","protected":false},"author":7,"featured_media":0,"parent":0,"menu_order":0,"comment_status":"closed","ping_status":"closed","template":"","meta":[],"tags":[],"_links":{"self":[{"href":"https:\/\/choose-forex.com\/sr\/wp-json\/wp\/v2\/pages\/10233\/"}],"collection":[{"href":"https:\/\/choose-forex.com\/sr\/wp-json\/wp\/v2\/pages\/"}],"about":[{"href":"https:\/\/choose-forex.com\/sr\/wp-json\/wp\/v2\/types\/page\/"}],"author":[{"embeddable":true,"href":"https:\/\/choose-forex.com\/sr\/wp-json\/wp\/v2\/users\/7\/"}],"replies":[{"embeddable":true,"href":"https:\/\/choose-forex.com\/sr\/wp-json\/wp\/v2\/comments\/?post=10233"}],"version-history":[{"count":5,"href":"https:\/\/choose-forex.com\/sr\/wp-json\/wp\/v2\/pages\/10233\/revisions\/"}],"predecessor-version":[{"id":18029,"href":"https:\/\/choose-forex.com\/sr\/wp-json\/wp\/v2\/pages\/10233\/revisions\/18029\/"}],"wp:attachment":[{"href":"https:\/\/choose-forex.com\/sr\/wp-json\/wp\/v2\/media\/?parent=10233"}],"wp:term":[{"taxonomy":"post_tag","embeddable":true,"href":"https:\/\/choose-forex.com\/sr\/wp-json\/wp\/v2\/tags\/?post=10233"}],"curies":[{"name":"wp","href":"https:\/\/api.w.org\/{rel}","templated":true}]}}