{"id":10235,"date":"2016-06-18T10:21:10","date_gmt":"2016-06-18T10:21:10","guid":{"rendered":"http:\/\/dev.choose-forex.com\/sr\/?page_id=10235"},"modified":"2021-07-08T11:02:39","modified_gmt":"2021-07-08T11:02:39","slug":"da-li-je-forex-prevara","status":"publish","type":"page","link":"https:\/\/choose-forex.com\/sr\/da-li-je-forex-prevara\/","title":{"rendered":"Da li je Forex prevara"},"content":{"rendered":"<p style=\"text-align: justify;\">Mnogi ljudi se zapitaju da li je Forex prevara? S obzirom na o\u010digledan nedostatak Forex iskustva u Srbiji, ovaj podatak i ne treba da nas \u010dudi. Tako\u0111e, vrlo je bitno biti siguran u to\u00a0da li je Forex legalan u Srbiji?<\/p>\n<p style=\"text-align: justify;\"><img loading=\"lazy\" class=\"aligncenter wp-image-9293\" title=\"Forex prevara\" src=\"http:\/\/choose-forex.com\/wp-content\/uploads\/2016\/05\/Make-Money-Online-2016-540x405.jpg\" alt=\"Forex prevara\" width=\"700\" height=\"525\" srcset=\"https:\/\/choose-forex.com\/wp-content\/uploads\/2016\/05\/Make-Money-Online-2016-540x405.jpg 540w, https:\/\/choose-forex.com\/wp-content\/uploads\/2016\/05\/Make-Money-Online-2016-540x405-300x225.jpg 300w, https:\/\/choose-forex.com\/wp-content\/uploads\/2016\/05\/Make-Money-Online-2016-540x405-200x150.jpg 200w, https:\/\/choose-forex.com\/wp-content\/uploads\/2016\/05\/Make-Money-Online-2016-540x405-150x113.jpg 150w\" sizes=\"(max-width: 700px) 100vw, 700px\" \/><\/p>\n<p style=\"text-align: justify;\">Odgovor na ovo pitanje je da jeste. Ipak, pitanje legalnosti nije jedina stvar koja bi trebala da brine ljude koji se dvoume da li da zapo\u010dnu sopstveno Forex iskustvo. Pre svega, takozvana Forex prevara nije toliko retka u ovim vremenima koliko bi trebalo da bude, pa ljudi toga moraju biti svesni. O ovom i mnogim drugim problemima u vezi sa Forex-om \u0107e biti re\u010di u nastavku teksta.<\/p>\n<h2 style=\"text-align: justify;\"><strong>Da li je Forex legalan u Srbiji?<\/strong><\/h2>\n<p style=\"text-align: justify;\">Kratak odgovor je \u201eDa\u201c! Forex jeste legalan u Srbiji i lokalnom zakonodavstvu je poznat jo\u0161 od 2011.<\/p>\n<p style=\"text-align: justify;\">Zapravo, Forex je legalan u ve\u0107ini modernih dr\u017eava. Status fizi\u010dkih i pravnih lica u okviru Forex trgovanja je ure\u0111en na pravnoj osnovi, tako da nema mesta sumnji bar po ovom pitanju. <a href=\"https:\/\/choose-forex.com\/sr\/sta-je-forex\/\" target=\"_blank\" rel=\"noopener\">O samom Forex-u i njegovoj prirodi<\/a> smo ve\u0107 govorili u prethodnom \u010dlanku, tako da bi principi Forex trgovine trebalo biti jasni. Ovde je re\u010d o legalnom statusu Forex trgovanja kao i o naj\u010de\u0161\u0107im oblicima prevare sa kojima se ljudi u Srbiji mogu susresti.<\/p>\n<p style=\"text-align: justify;\"><a href=\"http:\/\/www.dollarshower.com\/forex-trading-banned-countries\/\" target=\"_blank\" rel=\"noopener\">Evo u kojim zemljama<\/a> trgovanje na Forex platformama nije dozvoljeno.<\/p>\n<p style=\"text-align: justify;\"><img loading=\"lazy\" class=\"aligncenter wp-image-9365\" title=\"Da li je forex legalan u Srbiji\" src=\"http:\/\/choose-forex.com\/wp-content\/uploads\/2016\/05\/app-mistakes-1024x521.jpg\" alt=\"Da li je forex legalan u Srbiji\" width=\"700\" height=\"356\" srcset=\"https:\/\/choose-forex.com\/wp-content\/uploads\/2016\/05\/app-mistakes-1024x521.jpg 1024w, https:\/\/choose-forex.com\/wp-content\/uploads\/2016\/05\/app-mistakes-300x153.jpg 300w, https:\/\/choose-forex.com\/wp-content\/uploads\/2016\/05\/app-mistakes-768x391.jpg 768w, https:\/\/choose-forex.com\/wp-content\/uploads\/2016\/05\/app-mistakes-250x127.jpg 250w, https:\/\/choose-forex.com\/wp-content\/uploads\/2016\/05\/app-mistakes-150x76.jpg 150w\" sizes=\"(max-width: 700px) 100vw, 700px\" \/><\/p>\n<p style=\"text-align: justify;\">Koli\u010dina novca koju je mogu\u0107e zaraditi ovim putem deluje nestvarno, ba\u0161 kao i mogu\u0107i gubici. Cinik u svemu vidi prevaru, a ve\u0107ina ljudi je podlo\u017ena cinizmu kada su velike pare u pitanju. To mo\u017ee navesti ljude da se zapitaju kako je ovo legalno i da li tu ima ne\u010deg sumnjivog.<\/p>\n<p style=\"text-align: justify;\">Naravno, poslovanje u okviru zakona povla\u010di i odre\u0111ene tro\u0161kove poput poreza i naknada. To navodi pojedince da posluju i van zakonskih okvira, \u0161to <strong>nikako ne preporu\u010dujemo<\/strong> iz vi\u0161e razloga.<\/p>\n<p style=\"text-align: justify;\">S druge strane, OTC tr\u017ei\u0161ta se odlikuju nedostatkom jedinstvenog regulatornog tela. Odnosno, pretpostavka je da se tr\u017ei\u0161te samo reguli\u0161e \u0161to nije uvek slu\u010daj. Po\u0161to nema jedinstvenog centra za sve Forex aktivnosti, nema ni jedinstvenog regulatornog tela koje bi nadziralo \u0161itav ovaj sektor.<\/p>\n<p style=\"text-align: justify;\">Tu je izvor ve\u0107ine problema kada je Forex u pitanju. Zbog toga je najbolje poslovati isklju\u010divo preko proverenih brokera kao \u0161to su recimo\u00a0<a href=\"http:\/\/partnerbay.go2cloud.org\/aff_c?offer_id=60&amp;aff_id=9\" target=\"_blank\" rel=\"noopener\">FXlider Srbija<\/a> ili FXlider Makedonija.<\/p>\n<p><iframe loading=\"lazy\" title=\"FXLider   Regionalni lider u online trgovanju\" width=\"1170\" height=\"658\" src=\"https:\/\/www.youtube.com\/embed\/SOtBlaXjgZw?feature=oembed\" frameborder=\"0\" allow=\"accelerometer; autoplay; clipboard-write; encrypted-media; gyroscope; picture-in-picture\" allowfullscreen><\/iframe><\/p>\n<p style=\"text-align: justify;\">Treba imati u vidu da su do relativno skoro jedini u\u010desnici na ovom tr\u017ei\u0161tu bile banke \u2013 \u0161to poslovne, \u0161to centralne, hed\u017e fondovi, investitorske firme, korporacije itd. Fizi\u010dka lica i dalje \u010dine jedva 5 procenata ovog tr\u017ei\u0161ta. U takvim okolnostima, jako prisustvo regulatornih tela se smatralo smetnjom po poslovanje, a ve\u0107ina sporova su se re\u0161avale putem arbitra\u017ee.<\/p>\n<p style=\"text-align: justify;\">Imaju\u0107i u vidu prirodu posla, nikome nije bilo u dogoro\u010dnom interesu da vara ili kr\u0161i pravila. Me\u0111utim, otkako se tr\u017ei\u0161te otvorilo i za \u0161iru javnost, dosta krimogenih elemenata je na\u0161lo put do vrlo lakog plena. Oni\u00a0predstavljaju najve\u0107i deo Forex tr\u017ei\u0161ta koji se bavi nelegalnim aktivnostima.<\/p>\n<p style=\"text-align: justify;\">Treba\u00a0napomenuti i da se najve\u0107i deo Forex transakcija odvija po strogo utvr\u0111enim pravilima i da je nakon brojnih intervencija regulatornih tela i samog tr\u017ei\u0161ta broj prevaranata dosta\u00a0smanjen.<\/p>\n<h2 style=\"text-align: justify;\"><strong>Forex prevara u Srbiji<\/strong><\/h2>\n<p style=\"text-align: justify;\">Nedostatak Forex iskustva u Srbiji \u010dini ljude na ovim prostorima lakim metama za razne\u00a0tipove Forex prevara. U pitanju su la\u017ena obe\u0107anja od strane prevaranata koji nude \u0161ansu da se obogatite i postanete milioner za kratko vreme. Zato je najbolje dr\u017eati se <a href=\"https:\/\/choose-forex.com\/sr\/tipovi-forex-brokera\/\" target=\"_blank\" rel=\"noopener\">brokera sa dugogodi\u0161njim iskustvom<\/a>.<\/p>\n<p style=\"text-align: justify;\"><a href=\"http:\/\/partnerbay.go2cloud.org\/aff_c?offer_id=60&amp;aff_id=9\" target=\"_blank\" rel=\"noopener\"><img loading=\"lazy\" class=\"aligncenter wp-image-10947 size-full\" title=\"FX Lider\" src=\"http:\/\/choose-forex.com\/wp-content\/uploads\/2016\/07\/FX-Lider.png\" alt=\"FX Lider\" width=\"700\" height=\"152\" srcset=\"https:\/\/choose-forex.com\/wp-content\/uploads\/2016\/07\/FX-Lider.png 700w, https:\/\/choose-forex.com\/wp-content\/uploads\/2016\/07\/FX-Lider-300x65.png 300w\" sizes=\"(max-width: 700px) 100vw, 700px\" \/><\/a><\/p>\n<p style=\"text-align: justify;\">Po\u0161to je zakonodavstvo po prirodi stvari reakcionarno, ne treba da nas \u010dudi ako Forex prevaranti nisu u dovoljnoj meri sankcionisani na na\u0161em podru\u010dju. Izme\u0111u ostalog, i zbog odre\u0111enih rupa u zakonu na koje se pozivaju kad ih uhvate.<\/p>\n<p style=\"text-align: justify;\">Na primer, promoter vam obe\u0107a da \u0107e se va\u0161e ulaganje od 100 ili 200 EUR isplatiti ve\u0107 za par nedelja i da \u0107ete i vi profitirati u kratkom\u00a0roku. Dobi\u0107ete i\u00a0povlastice za dovo\u0111enje novih klijenata u zamenu za pove\u0107an obim posla. Kompleksnost i razra\u0111enost ove \u0161eme, u kombinaciji sa nedostatkom pravih informacija \u010dini ovaj oblik prevare izuzetno uspe\u0161nim.\u00a0Imajte u vidu da nisu sve ovakve\u00a0ponude ilegalne.<\/p>\n<p style=\"text-align: justify;\">Ono \u0161to ovi\u00a0ljudi zaborave da vam napomenu je da \u0107e obe\u0107ana zarada i privilegije biti na snazi samo dok se va\u0161i &#8220;klijenti&#8221; strogo pridr\u017eavaju nekih njihovih internih pravila. Primera radi,\u00a0da trguju svakodnevno ili u nekom obimu. To je u stvari takozvana piramidalna \u0161ema, gde ste vi \u017ertveni jarac na kog \u0107e se kasnije svaliti krivica. Kad prevaranti uzmu dovoljno novca, oni nestaju. I naravno, svi tragovi vode do vas.<\/p>\n<p style=\"text-align: justify;\"><img loading=\"lazy\" class=\"aligncenter wp-image-9014\" title=\"forex iskustva\" src=\"http:\/\/choose-forex.com\/wp-content\/uploads\/2016\/05\/strategy-promo.jpg\" alt=\"forex iskustva\" width=\"700\" height=\"394\" srcset=\"https:\/\/choose-forex.com\/wp-content\/uploads\/2016\/05\/strategy-promo.jpg 595w, https:\/\/choose-forex.com\/wp-content\/uploads\/2016\/05\/strategy-promo-300x169.jpg 300w, https:\/\/choose-forex.com\/wp-content\/uploads\/2016\/05\/strategy-promo-250x141.jpg 250w, https:\/\/choose-forex.com\/wp-content\/uploads\/2016\/05\/strategy-promo-150x84.jpg 150w\" sizes=\"(max-width: 700px) 100vw, 700px\" \/><\/p>\n<p style=\"text-align: justify;\">Druga vrsta prevaranata \u0107e vam tra\u017eiti uplatu od preko 10.000 evra koju \u0107ete eventualno mo\u0107i da &#8220;otpla\u0107ujete&#8221; na rate, na ra\u010dun neke nepoznate firme. Naj\u010de\u0161\u0107e i ne navedu ta\u010dan iznos investicije koju tra\u017ee u nadi da \u0107e vas navesti da ulo\u017eite \u0161to vi\u0161e.<\/p>\n<p style=\"text-align: justify;\">Navodno, oni imaju nekakav sistem koji ne mo\u017ee da omane. Na isti\u00a0\u0107e vam svakog meseca obezbediti dovoljno novca da lagodno \u017eivite i pokrijete sve tro\u0161kove. Jedino ne ka\u017eu \u0161ta \u0107e im va\u0161 novac ako ve\u0107 imaju sistem koji mo\u017ee da im zaradi koliko god po\u017eele. Naravno, u\u010dini\u0107e sve da se pokriju sa pravnog aspekta i nikada ne\u0107e obe\u0107ati ne\u0161to direktno, bar ne na na\u010din koji kasnije mo\u017eete da doka\u017eete.<\/p>\n<p style=\"text-align: justify;\">Stvar je u tome \u0161to su ve\u0107ina ovakvih brokera zapravo internet firme koje ili nemaju fizi\u010dko sedi\u0161te u zemlji u kojoj posluju ili ga nemaju uop\u0161te. Neke od njih se u najboljem slu\u010daju bave Forex-om, dok druge ciljano varaju ljude. U oba slu\u010daja vi nemate direktan uvid u njihovo poslovanje pa samim tim nema ni garancija da \u0107ete va\u0161 novac ikada videti.<\/p>\n<p style=\"text-align: justify;\"><a href=\"http:\/\/partnerbay.go2cloud.org\/aff_c?offer_id=46&amp;aff_id=9\" target=\"_blank\" rel=\"noopener\"><img loading=\"lazy\" class=\"aligncenter wp-image-10516\" title=\"markets.com\" src=\"http:\/\/choose-forex.com\/wp-content\/uploads\/2016\/06\/markets.com_.jpg\" alt=\"markets.com\" width=\"700\" height=\"292\" srcset=\"https:\/\/choose-forex.com\/wp-content\/uploads\/2016\/06\/markets.com_.jpg 720w, https:\/\/choose-forex.com\/wp-content\/uploads\/2016\/06\/markets.com_-300x125.jpg 300w\" sizes=\"(max-width: 700px) 100vw, 700px\" \/><\/a><\/p>\n<p style=\"text-align: justify;\">Ve\u0107ina &#8220;Forex prevara&#8221; ovakvog tipa ima veze sa Forex-om samo utoliko \u0161to se prevaranti izdaju za legitimne, regulisane Forex brokere. Jednostavno naprave sajt koji podse\u0107a na brokersku ku\u0107u i sva &#8220;trgovina&#8221; se odvija na njihovom sajtu, a ne na Forex tr\u017ei\u0161tu.<\/p>\n<p style=\"text-align: justify;\">To nema nikakve veze sa Forex-om. Problem nastaje u tome \u0161to ve\u0107ina ljudi ne pravi razliku izme\u0111u legitimnih Forex brokera i prevaranata. Tu su naravno i nezadovoljni trgovci koji su izgubili novac trguju\u0107i preko pravih Forex brokera, ali ni oni zapravo nisu prevareni. Oni\u00a0ne umeju da trguju.<\/p>\n<p style=\"text-align: justify;\">Najbolji savet koji mo\u017eemo da vam damo ovde je da ne podlegnete ljudskoj povr\u0161nosti. Da li \u0107ete vi trgovati na Forex-u ili ne, to je va\u0161a stvar. Ali pre svake odluke koja podrazumeva investiciju sa va\u0161e strane, prvo nabavite objektivne informacije i za\u0111ite ispod povr\u0161ine cele pri\u010de.<\/p>\n<h2 style=\"text-align: justify;\">Kako se za\u0161tititi?<\/h2>\n<p style=\"text-align: justify;\">Sada kada smo utvrdili da ve\u0107ina &#8220;Forex prevara&#8221; nema nikakve veze sa Forex-om ili brokerima, cela stvar postaje daleko jednostavnija.\u00a0<span style=\"line-height: 1.5;\">La\u017eni brokeri su jedna od dve najve\u0107e pretnje sa kojima \u0107ete se susresti na Forex tr\u017ei\u0161tu<\/span><span style=\"line-height: 1.5;\">.\u00a0<\/span><span style=\"line-height: 1.5;\">D<\/span><span style=\"line-height: 1.5;\">ruga je povla\u010denje pogre\u0161nih poslovnih poteza<\/span><span style=\"line-height: 1.5;\">\u00a0i takozvano pohlepno trgovanje.\u00a0<\/span><\/p>\n<p><iframe loading=\"lazy\" title=\"Mladen Todorovi\u0107 za samo 2 dana zaradio 3264$ na ulo\u017eenih 180$\" width=\"1170\" height=\"658\" src=\"https:\/\/www.youtube.com\/embed\/FYyxPoqICWY?feature=oembed\" frameborder=\"0\" allow=\"accelerometer; autoplay; clipboard-write; encrypted-media; gyroscope; picture-in-picture\" allowfullscreen><\/iframe><\/p>\n<p style=\"text-align: justify;\"><span style=\"line-height: 1.5;\">Kada\u00a0ste se uverili da je va\u0161 broker legitiman i pouzdan, vi ste u zna\u010dajnoj meri umanjili rizik da budete prevareni ili dovedeni u zabludu. Ostatak rizika \u0107ete re\u0161iti <a href=\"https:\/\/choose-forex.com\/sr\/forex-iskustva-kako-trgovati\/\" target=\"_blank\" rel=\"noopener\">edukacijom i insistiranjem da budete upu\u0107eni u svaki aspekt trgovine<\/a> pre nego \u0161to se ona desi. Evo par prakti\u010dnih ideja:<\/span><\/p>\n<ul style=\"text-align: justify;\">\n<li>Ne prijavljujte se kod prvog brokera koji vam nudi prihvatljive uslove, bar ne odmah; ovo nije trka, ne\u0107e nikuda pobe\u0107i. Bez \u017eurbe.<\/li>\n<li>Napravite listu brokera \u010diji uslovi deluju primamljivo i proverite ih temeljno, svakog ponaosob. Koliko dugo posluju, \u017ealbe klijenata, da li su kr\u0161ili propise, njihovi sajtovi, status kod regulatornog tela zemlje u kojoj su registrovani itd.<\/li>\n<li>Ako ne\u0161to nije kako treba, tra\u017eite dalje. Previ\u0161e je brokera da biste rizikovali sa nepouzdanima.<\/li>\n<li>Edukujte se o forex trgovanju uvek i u svakoj prilici; \u0161to vi\u0161e znate, manje je verovatno da \u0107e vas prevariti.<\/li>\n<\/ul>\n<h2 style=\"text-align: justify;\">Zaklju\u010dak<\/h2>\n<p style=\"text-align: justify;\">Forex prevara jeste rizik, ali odrasli ljudi se odlikuju sposobno\u0161\u0107u da preduzimaju sra\u010dunate rizike s vremena na vreme.<\/p>\n<p style=\"text-align: justify;\">Sre\u0107om, danas mo\u017eete na\u0107i obilje literature na ovu i ostale teme u vezi sa Forex-om, pre svega na Fxlider Forex forum-u, gde mo\u017eete saznati vi\u0161e i o stvarima kao \u0161to su fxlider isplata i fxlider Srbija iskustva brojnih korisnika. Ukoliko i dalje niste sigurni u to da li su ljudi iza fxlider prevaranti, i da li je fxlider prevara, mo\u017eete ih proveriti preko njihovog veb sajta kao i putem ovla\u0161\u0107enih slu\u017ebi.<\/p>\n<p style=\"text-align: justify;\">Ono \u0161to nikako ne treba da uradite jeste da dopustite gomili prevaranata da vas ube\u0111uju kako \u0107e da vas pretvore u novog D\u017eord\u017ea Soro\u0161a dok vi samo sedite i u\u017eivate. To ne ide tako. Jedina prava &#8220;prevara&#8221; u vezi Forex-a je ona koju vr\u0161ite sami na sebi, zalu\u0111uju\u0107i se da je Forex zapravo de\u010dja igr ili brz put ka prvom milionu. I ne dobijaju ba\u0161 svi, i niko ne dobija ba\u0161 uvek.<\/p>\n","protected":false},"excerpt":{"rendered":"<p>Mnogi ljudi se zapitaju da li je Forex prevara? S obzirom na o\u010digledan nedostatak Forex iskustva u Srbiji, ovaj podatak i ne treba da nas \u010dudi. Tako\u0111e, vrlo je bitno&hellip;<\/p>\n","protected":false},"author":7,"featured_media":0,"parent":0,"menu_order":0,"comment_status":"closed","ping_status":"closed","template":"","meta":[],"tags":[],"_links":{"self":[{"href":"https:\/\/choose-forex.com\/sr\/wp-json\/wp\/v2\/pages\/10235\/"}],"collection":[{"href":"https:\/\/choose-forex.com\/sr\/wp-json\/wp\/v2\/pages\/"}],"about":[{"href":"https:\/\/choose-forex.com\/sr\/wp-json\/wp\/v2\/types\/page\/"}],"author":[{"embeddable":true,"href":"https:\/\/choose-forex.com\/sr\/wp-json\/wp\/v2\/users\/7\/"}],"replies":[{"embeddable":true,"href":"https:\/\/choose-forex.com\/sr\/wp-json\/wp\/v2\/comments\/?post=10235"}],"version-history":[{"count":7,"href":"https:\/\/choose-forex.com\/sr\/wp-json\/wp\/v2\/pages\/10235\/revisions\/"}],"predecessor-version":[{"id":18020,"href":"https:\/\/choose-forex.com\/sr\/wp-json\/wp\/v2\/pages\/10235\/revisions\/18020\/"}],"wp:attachment":[{"href":"https:\/\/choose-forex.com\/sr\/wp-json\/wp\/v2\/media\/?parent=10235"}],"wp:term":[{"taxonomy":"post_tag","embeddable":true,"href":"https:\/\/choose-forex.com\/sr\/wp-json\/wp\/v2\/tags\/?post=10235"}],"curies":[{"name":"wp","href":"https:\/\/api.w.org\/{rel}","templated":true}]}}