{"id":10237,"date":"2016-06-18T10:22:06","date_gmt":"2016-06-18T10:22:06","guid":{"rendered":"http:\/\/dev.choose-forex.com\/sr\/?page_id=10237"},"modified":"2021-07-08T12:22:00","modified_gmt":"2021-07-08T12:22:00","slug":"forex-zarada-preko-interneta","status":"publish","type":"page","link":"https:\/\/choose-forex.com\/sr\/forex-zarada-preko-interneta\/","title":{"rendered":"Forex Trgovanje &#8211; Zarada Preko Interneta"},"content":{"rendered":"<p style=\"text-align: justify;\">Zahvaljuju\u0107i novim trendovima koji dolaze i na na\u0161e prostore, zarada preko interneta vi\u0161e nije puk san. Na\u0107i posao preko interneta je lak\u0161e nego ikada ranije. Mo\u017eda najve\u0107a prednost je njegova potpuna transparentnost koju imate u svakom trenutku.<\/p>\n<p style=\"text-align: justify;\"><img loading=\"lazy\" class=\"aligncenter wp-image-9321 \" title=\"Zarada preko interneta\" src=\"http:\/\/choose-forex.com\/wp-content\/uploads\/2016\/05\/what-is-forex.jpg\" alt=\"Zarada preko interneta\" width=\"700\" height=\"455\" srcset=\"https:\/\/choose-forex.com\/wp-content\/uploads\/2016\/05\/what-is-forex.jpg 877w, https:\/\/choose-forex.com\/wp-content\/uploads\/2016\/05\/what-is-forex-300x195.jpg 300w, https:\/\/choose-forex.com\/wp-content\/uploads\/2016\/05\/what-is-forex-768x499.jpg 768w, https:\/\/choose-forex.com\/wp-content\/uploads\/2016\/05\/what-is-forex-231x150.jpg 231w, https:\/\/choose-forex.com\/wp-content\/uploads\/2016\/05\/what-is-forex-150x97.jpg 150w\" sizes=\"(max-width: 700px) 100vw, 700px\" \/><\/p>\n<p style=\"text-align: justify;\">Da li ta zarada\u00a0preko interneta mo\u017ee da prebaci va\u0161u trenutnu platu? Pa, zavisi!<\/p>\n<p style=\"text-align: justify;\">U tekstu pred vama mo\u017eete prona\u0107i kratki pregled Forex trgovine, analizu tro\u0161kova, kao i naj\u010de\u0161\u0107e rizike sa kojima se mo\u017eete susre\u0107i. Jedna stvar je sigurna \u2013 Forex zarada\u00a0je mogu\u0107a. Ali ona prvo mora da se zaslu\u017ei, tako da \u0161estocifrene cifre izbacite iz glave. Makar za sad&#8230;<\/p>\n<h2 style=\"text-align: center;\"><strong>Zarada preko interneta<\/strong><\/h2>\n<p style=\"text-align: justify;\">Zarada preko\u00a0interneta se mo\u017ee ostvariti na razli\u010dite na\u010dine. Od svih na\u010dina kako zaraditi novac preko interneta, Forex trgovina je me\u0111u najunosnijim i najodr\u017eivijim na du\u017ee staze. Online zarada se mo\u017ee ostvariti i reklamiranjem, anketama i na sli\u010dne na\u010dine, ali to zapravo nije posao preko interneta u pravom smislu te re\u010di. Niti je ne\u0161to posebno pla\u0107en.<\/p>\n<p style=\"text-align: justify;\"><a href=\"http:\/\/partnerbay.go2cloud.org\/aff_c?offer_id=60&amp;aff_id=9\" target=\"_blank\" rel=\"noopener\"><img loading=\"lazy\" class=\"aligncenter wp-image-10947 size-full\" title=\"FX Lider\" src=\"http:\/\/choose-forex.com\/wp-content\/uploads\/2016\/07\/FX-Lider.png\" alt=\"FX Lider\" width=\"700\" height=\"152\" srcset=\"https:\/\/choose-forex.com\/wp-content\/uploads\/2016\/07\/FX-Lider.png 700w, https:\/\/choose-forex.com\/wp-content\/uploads\/2016\/07\/FX-Lider-300x65.png 300w\" sizes=\"(max-width: 700px) 100vw, 700px\" \/><\/a><\/p>\n<p style=\"text-align: justify;\">Trgovina robom i uslugama nije ni izbliza profitabilna kao trgovina na me\u0111unarodnom finansijskom tr\u017ei\u0161tu. <strong>Ali za\u0161to Forex, a ne recimo akcije i indeksi?<\/strong><\/p>\n<p style=\"text-align: justify;\">Kada je posao preko interneta u pitanju, Forex trgovac ima nekoliko klju\u010dnih prednosti nad svim ostalim trgovcima.<\/p>\n<ul style=\"text-align: justify;\">\n<li>\n<h3><strong>Forex tr\u017ei\u0161te radi 24 sata dnevno<\/strong><\/h3>\n<\/li>\n<\/ul>\n<p style=\"text-align: justify;\">Za razliku od ostalih, Forex tr\u017ei\u0161te radi 24 sata dnevno, pet dana u nedelji i aktivno je u skoro svakom momentu. Forex trgovac ne mora da \u010deka da mu se otvori berza u Njujorku ili \u0160angaju kao trgovci deonicama niti da se fokusira na cene nafte, zlata i sirovina uop\u0161te, jer on trguje novcem i samo novcem.<\/p>\n<ul style=\"text-align: justify;\">\n<li>\n<h3><strong>Tra\u017enja za Forex robom je konstantna<\/strong><\/h3>\n<\/li>\n<\/ul>\n<p style=\"text-align: justify;\">Za razliku od sirovina, novac je uvek u potra\u017enji, pa se mnogo lak\u0161e prodaje, pogotovo u pore\u0111enju sa sirovinama poput soje ili bakra. Osim toga, iza novca ne stoji kompanija kao iza deonica, ve\u0107 \u010ditava dr\u017eava i sistem koji mu garantuje vrednost.<\/p>\n<p style=\"text-align: justify;\">Kompanije bankrotiraju svakodnevno, a njihovi deoni\u010dari ostaju sa bezvrednim hartijama u rukama, dok je kod dr\u017eava to ipak malo te\u017ee. Zato novac uvek mo\u017eete nekome prodati, ali ne uvek po ceni koja vama odgovara. Deonice propale firme, me\u0111utim, nose rizik od apsolutnog gubitka jer su potpuno bezvredne a takve \u0107e i ostati.<\/p>\n<ul style=\"text-align: justify;\">\n<li>\n<h3><strong>Lo\u0161i tr\u017ei\u0161ni uslovi ne zna\u010de i va\u0161 bankrot<\/strong><\/h3>\n<\/li>\n<\/ul>\n<p style=\"text-align: justify;\">Tako\u0111e, za razliku od ostalih tr\u017ei\u0161ta, Forex nudi \u0161ansu da zaradite \u010dek i kada tr\u017ei\u0161te stagnira ili su trendovi u opadanju. Kada vrednost akcija ili robe opada, \u0161anse za zaradu su minimalne, ali sa novcem to ne mora da bude slu\u010daj.<\/p>\n<p style=\"text-align: justify;\"><img loading=\"lazy\" class=\"aligncenter wp-image-10595\" title=\"Brexit\" src=\"http:\/\/choose-forex.com\/wp-content\/uploads\/2016\/06\/Breix-impact.jpg\" alt=\"Brexit\" width=\"700\" height=\"524\" srcset=\"https:\/\/choose-forex.com\/wp-content\/uploads\/2016\/06\/Breix-impact.jpg 620w, https:\/\/choose-forex.com\/wp-content\/uploads\/2016\/06\/Breix-impact-300x225.jpg 300w\" sizes=\"(max-width: 700px) 100vw, 700px\" \/><\/p>\n<p style=\"text-align: center;\">Credits:\u00a0<a href=\"http:\/\/www.globecartoon.com\/\">Chappatte<\/a><\/p>\n<p style=\"text-align: justify;\">Zarada preko interneta na tr\u017ei\u0161tu koje se povla\u010di je mogu\u0107a samo putem Forexa. Naravno, tro\u0161kovi poslovanja su daleko manji usled mno\u0161tva brokera preko kojih mo\u017eete poslovati. Konkurencija u vidu ogromnog broja novoprido\u0161lih Forex trgovaca nipo\u0161to ne\u0107e na\u0161koditi va\u0161im \u0161ansama. Naprotiv, zbog ogromnog interesovanja, visoka likvidnost je zagarantovana u skoro svakom trenutku.<\/p>\n<ul style=\"text-align: justify;\">\n<li>\n<h3><strong>Dnevni promet je ogroman<\/strong><\/h3>\n<\/li>\n<\/ul>\n<p style=\"text-align: justify;\">Sa svojih 5 biliona dolara dnevnog prometa, Forex predstavlja najve\u0107e i najaktivnije finansijso tr\u017ei\u0161te u istoriji \u010dove\u010danstva.<\/p>\n<p style=\"text-align: justify;\">U najidealnijem slu\u010daju, va\u0161a zarada mo\u017ee biti drasti\u010dno uve\u0107ana uz pomo\u0107 leverage-a. Ne samo da \u0107e vam omogu\u0107iti da profitirate i na najmanjim cenovnim promenama, koje ne bi bile isplative nigde drugde, nego \u0107e vam omogu\u0107iti i da tu svoju zaradu umno\u017eite i po nekoliko puta. Najbolji trejderi su taj multiplikator doveli na trocifren broj.<\/p>\n<p style=\"text-align: justify;\">Naravno, ovo povla\u010di sa sobom i odre\u0111ene rizike, ali o njima \u0107e vi\u0161e biti re\u010di u daljem tekstu. Dovoljno je za sada re\u0107i da zarada preko interneta nije jedino \u0161to Forex leverage mo\u017ee da umno\u017ei.<\/p>\n<ul style=\"text-align: justify;\">\n<li>\n<h3><strong>Forex je univerzalno tr\u017ei\u0161te<\/strong><\/h3>\n<\/li>\n<\/ul>\n<p style=\"text-align: justify;\">Forex trgovina ima jednu prednost i nad direktnim investicijama u inostranstvu, tim pre \u0161to trgovina ne podle\u017ee lokalnim zakonima i potencijalno korumpiranim vlastodr\u0161cima. Sve radi na me\u0111unarodno priznat i kulturan na\u010din. Zbog te svoje odlike, pojedine zemlje su odlu\u010dile da ograni\u010de pristup Forex tr\u017ei\u0161tu ili da ga sasvim zabrane. Srbija je me\u0111u onim zemljama koje to pak nisu uradile.<\/p>\n<h2 style=\"text-align: center;\">Analiza tro\u0161kova i zarade<\/h2>\n<p style=\"text-align: justify;\">Klju\u010dna stvar koju treba da shvatite je da ne\u0107ete postati milioner preko no\u0107i. Kao \u0161to ne\u0107ete biti u mogu\u0107nosti da izbegnete tro\u0161kove. <strong>Forex zarada nije laka zarada preko interneta!<\/strong><\/p>\n<p style=\"text-align: justify;\"><img loading=\"lazy\" class=\"aligncenter wp-image-10755\" title=\"Forex tro\u0161kovi\" src=\"http:\/\/choose-forex.com\/wp-content\/uploads\/2016\/06\/Monthly-Expenses.jpg\" alt=\"Forex tro\u0161kovi\" width=\"700\" height=\"284\" srcset=\"https:\/\/choose-forex.com\/wp-content\/uploads\/2016\/06\/Monthly-Expenses.jpg 996w, https:\/\/choose-forex.com\/wp-content\/uploads\/2016\/06\/Monthly-Expenses-300x122.jpg 300w, https:\/\/choose-forex.com\/wp-content\/uploads\/2016\/06\/Monthly-Expenses-768x312.jpg 768w\" sizes=\"(max-width: 700px) 100vw, 700px\" \/><\/p>\n<p style=\"text-align: justify;\">Koliko god to \u017eeleli, nemogu\u0107e je prenebregnuti odnos ulo\u017eenog i dobijenog u Forex trgovini. Srgovac, bez obzira koliko uspe\u0161an ili talentovan, u nekom trenutku izgubi novac. Kao \u0161to i najbolji sportista ne mo\u017ee da dobije ba\u0161 svaki me\u010d, tako ni trgovac ne mo\u017ee da profitira na ba\u0161 svakoj trgovini. To jednostavno nije realno.<\/p>\n<p style=\"text-align: justify;\">Forex trgovina se ne razlikuje previ\u0161e od ostalih poslova, osim u potencijalu zarade preko interneta koju nudi. Na\u010din dono\u0161enja poslovnih odluka ne bi trebalo da se razlikuje izme\u0111u uspe\u0161nog Forex trgovca i, recimo, direktora uspe\u0161ne kompanije. Pre nego \u0161to se upusti u neku avanturu poslovnog tipa, sposoban direktor obi\u010dno izvr\u0161i analizu tro\u0161kova koje \u0107e firma morati da snosi, kao i benefite koje o\u010dekuje u budu\u0107nosti.<\/p>\n<p style=\"text-align: justify;\">Rizik se obi\u010dno uzmima u razmatranje kada se odlu\u010duje o tome da li je odre\u0111eni poslovni poduhvat isplativ ili ne, odnosno da li prednosti i zarada koje nosi sa sobom odgovaraju rizicima koji ih prate. Ukoliko je odgovor potvrdan, tada i samo tada se donosi odluka da se nastavi sa realizacijom.<\/p>\n<p><iframe loading=\"lazy\" title=\"Intro to Cost-Benefit Analysis\" width=\"1170\" height=\"658\" src=\"https:\/\/www.youtube.com\/embed\/7tdKkeNClPE?feature=oembed\" frameborder=\"0\" allow=\"accelerometer; autoplay; clipboard-write; encrypted-media; gyroscope; picture-in-picture\" allowfullscreen><\/iframe><\/p>\n<p style=\"text-align: justify;\">To je stav kojim bi i prose\u010dan Forex trgovac trebalo da se rukovodi. Ne samo pri odluci da li je Forex globalno gledano vredan vremena i truda koje iziskuje, ve\u0107 i pre svake Forex transakcije na individualnom planu. Danas postoje razni modeli koji dodeljuju monetarnu vrednost \u010dak i stvarima koje je ina\u010de nemaju, u poku\u0161aju da kvantifikuju i matemati\u010dki predvide sve mogu\u0107e ishode odre\u0111ene situacije.<\/p>\n<p style=\"text-align: justify;\">Analiza tro\u0161kova i koristi se izvodi tako \u0161to se sa jedne strane saberu svi tro\u0161kovi povezani sa nekom odlukom, a sa druge strane sva korist koja mo\u017ee proizi\u0107i iz te iste odluke i izvaga se \u0161ta je ve\u0107e. Ni\u0161ta novo, zar ne?<\/p>\n<p style=\"text-align: justify;\">Naravno, ne postoji savr\u0161en i univerzalno prihva\u0107en na\u010din da se ovo izvede, i sve se na kraju obi\u010dno svodi na poga\u0111anje i \u0161pekulacije, ali sre\u0107om postoje finansijski modeli koji su dovoljno napredni da, kao \u0161to smo rekli, kvantifikuju sve mogu\u0107e faktore koji mogu uticati na zaradu, pa \u010dak i raspolo\u017eenje radnika i ljudske emocije. Sad, koliko su ti modeli uspe\u0161ni, to je sasvim druga pri\u010da.<\/p>\n<p style=\"text-align: justify;\">Model pre svega mora da odgovara trgovcu. Sve posle je implementacije i povremene korekcije. Ne mo\u017ee postojati jedan model na duge staze. Promene se doga\u0111aju u kratkom roku.<\/p>\n<h2 style=\"text-align: center;\"><strong>Tro\u0161kovi u brojkama<\/strong><\/h2>\n<p style=\"text-align: justify;\">Precizni tro\u0161kovi zavisi\u0107e od Forex brokera za koga se odlu\u010dite. Ipak, skoro svaki broker danas vam nudi opciju da izra\u010dunate precizno koliko \u0107e vas neki trejd ko\u0161tati i da imate poptuno transparentan uvid u celu pri\u010du. \u010cim se registrujete, potra\u017eite njihov online kalkulator i to je to.<\/p>\n<p style=\"text-align: justify;\">Evo nekih osnovnih tro\u0161kova sa kojima \u0107ete se susreti u po\u010detku:<\/p>\n<table style=\"width: 833px; height: 548px;\">\n<tbody>\n<tr>\n<td style=\"text-align: center; width: 105px;\"><\/td>\n<td style=\"text-align: center; width: 89px;\">EUR\/USD<\/td>\n<td style=\"text-align: center; width: 84px;\">EUR\/JPY<\/td>\n<td style=\"text-align: center; width: 88px;\">USD\/CAD<\/td>\n<td style=\"text-align: center; width: 88px;\">EUR\/GBP<\/td>\n<td style=\"text-align: center; width: 83px;\">USD\/JPY<\/td>\n<td style=\"text-align: center; width: 89px;\">USD\/CHF<\/td>\n<td style=\"text-align: center; width: 91px;\">EUR\/CHF<\/td>\n<\/tr>\n<tr>\n<td style=\"text-align: center; width: 105px;\">Average spread (pips)<\/td>\n<td style=\"text-align: center; width: 89px;\">1.8<\/td>\n<td style=\"text-align: center; width: 84px;\">2.4<\/td>\n<td style=\"text-align: center; width: 88px;\">2.3<\/td>\n<td style=\"text-align: center; width: 88px;\">1.2<\/td>\n<td style=\"text-align: center; width: 83px;\">1.6<\/td>\n<td style=\"text-align: center; width: 89px;\">1.9<\/td>\n<td style=\"text-align: center; width: 91px;\">2.5<\/td>\n<\/tr>\n<tr>\n<td style=\"text-align: center; width: 105px;\">Commission<\/td>\n<td style=\"text-align: center; width: 89px;\">\u2013<\/td>\n<td style=\"text-align: center; width: 84px;\">\u2013<\/td>\n<td style=\"text-align: center; width: 88px;\">\u2013<\/td>\n<td style=\"text-align: center; width: 88px;\">\u2013<\/td>\n<td style=\"text-align: center; width: 83px;\">\u2013<\/td>\n<td style=\"text-align: center; width: 89px;\">\u2013<\/td>\n<td style=\"text-align: center; width: 91px;\">\u2013<\/td>\n<\/tr>\n<tr>\n<td style=\"text-align: center; width: 105px;\">Total cost of a 1k trade<\/td>\n<td style=\"text-align: center; width: 89px;\">18 cents<\/td>\n<td style=\"text-align: center; width: 84px;\">24 cents<\/td>\n<td style=\"text-align: center; width: 88px;\">23 cents<\/td>\n<td style=\"text-align: center; width: 88px;\">12 cents<\/td>\n<td style=\"text-align: center; width: 83px;\">16 cents<\/td>\n<td style=\"text-align: center; width: 89px;\">19 cents<\/td>\n<td style=\"text-align: center; width: 91px;\">25 cents<\/td>\n<\/tr>\n<tr>\n<td style=\"text-align: center; width: 105px;\">Total cost of a 100k trade<\/td>\n<td style=\"text-align: center; width: 89px;\">$18<\/td>\n<td style=\"text-align: center; width: 84px;\">$24<\/td>\n<td style=\"text-align: center; width: 88px;\">$23<\/td>\n<td style=\"text-align: center; width: 88px;\">$12<\/td>\n<td style=\"text-align: center; width: 83px;\">$16<\/td>\n<td style=\"text-align: center; width: 89px;\">$19<\/td>\n<td style=\"text-align: center; width: 91px;\">$25<\/td>\n<\/tr>\n<tr>\n<td style=\"text-align: center; width: 105px;\">Total cost of a 1M trade<\/td>\n<td style=\"text-align: center; width: 89px;\">$180<\/td>\n<td style=\"text-align: center; width: 84px;\">$240<\/td>\n<td style=\"text-align: center; width: 88px;\">$230<\/td>\n<td style=\"text-align: center; width: 88px;\">$120<\/td>\n<td style=\"text-align: center; width: 83px;\">$160<\/td>\n<td style=\"text-align: center; width: 89px;\">$190<\/td>\n<td style=\"text-align: center; width: 91px;\">$250<\/td>\n<\/tr>\n<\/tbody>\n<\/table>\n<h2 style=\"text-align: center;\"><strong>Forex rizici<\/strong><\/h2>\n<p style=\"text-align: justify;\">Forex sa sobom nosi ozbiljne rizike. Sre\u0107om, oni se odnose samo na va\u0161 novac. Po\u0161teno bi bilo re\u0107i da ima ljudi koji su se svojom nepa\u017enjom i nepromi\u0161ljeno\u0161\u0107u uvalili u dugove do gu\u0161e, jer u ovom poslu mo\u017eete izgubiti i vi\u0161e od onoga \u0161to imate, ako niste pa\u017eljivi ili ako ba\u0161 nemate sre\u0107e.<\/p>\n<p style=\"text-align: justify;\">Ranije u tekstu smo pomenuli da je leverage ma\u010d sa dve o\u0161trice, a evo i za\u0161to. Naime, kretanja cena na Forex tr\u017ei\u0161tu su po prirodi relativno mala. Ranije su brokeri napla\u0107ivali proviziju, a danas zara\u0111uju na spread-ovima. To je razlika izme\u0111u tzv. &#8220;bid&#8221; i &#8220;ask&#8221; cene, \u0161to dodatno su\u017eava prostor za zaradu koji je obi\u010dno ionako mali. Kako bi maksimizovali zaradu, neki trgovci su prinu\u0111eni da trguju na veliko, i to pozajmljenim novcem. Odnos izme\u0111u pozajmljenog i sopstvenog novca u individualnoj trgovini predstavlja leverage. Dakle, mogu\u0107e je trgovati daleko iznad sopstvene finansijske mo\u0107i.<\/p>\n<p><iframe loading=\"lazy\" title=\"Day Trader Documentary - A day in the life of a multimillionaire forex trader\" width=\"1170\" height=\"658\" src=\"https:\/\/www.youtube.com\/embed\/lSKT6o3gpo0?feature=oembed\" frameborder=\"0\" allow=\"accelerometer; autoplay; clipboard-write; encrypted-media; gyroscope; picture-in-picture\" allowfullscreen><\/iframe><\/p>\n<p style=\"text-align: justify;\">Nakon trgovine, pozajmljeni novac se mora vratiti, uz kamatu naravno. Plus tro\u0161kovi transakcije, brokera itd. \u0160to nije nikakav problem, ako je trgovac u pravu. U tom slu\u010daju trgovac \u0107e imati i vi\u0161e nego dovoljno novca nakon \u0161to podmiri sve tro\u0161kove.<\/p>\n<p style=\"text-align: justify;\">U slu\u010daju da nije, mora\u0107e da podmiri dug iz sopstvenog d\u017eepa i zavr\u0161iti sa gubitkom, \u0161to nikako nije dobro. A tu su i skriveni tro\u0161kovi koji mogu dodatno da ugroze zaradu. Zato neki trgovci trguju samo sopstvenim novcem i nikada ne koriste leverage.<\/p>\n<p style=\"text-align: justify;\">Tako\u0111e treba uzeti u obzir na\u010din na koji brokeri izvr\u0161avaju naredbe koje im trgovac \u0161alje. To \u0161to trgovac \u017eeli da kupi ili proda valutni par po odre\u0111enoj ceni ne zna\u010di da \u0107e se to i desiti. Ako ispunjavanje naloga nije mogu\u0107e, i nije nazna\u010deno druga\u010dije, broker \u0107e po standardnoj proceduri poku\u0161ati da ga izvr\u0161i po slede\u0107oj &#8220;najpovoljnijoj&#8221; ponudi koju mo\u017ee da na\u0111e. A dr\u017eanje pozicija otvorenim do beskona\u010dnosti se ionako ne isplati. Zato treba voditi ra\u010duna o nalozima koje dajete kao i o okolnostima u kojima se one izvode. Budite realni i sve \u0107e biti u redu.<\/p>\n<p style=\"text-align: justify;\">Na kraju, tu je i mogu\u0107nost prevare. Na internetu ima mno\u0161tvo prevaranata koji se la\u017eno predstavljaju kao brokeri i kradu ljudima novac. Zato otvorite \u010detvore o\u010di kada birate brokera i radite samo sa proverenim firmama.<\/p>\n<p style=\"text-align: justify;\">Choose-Forex je testirao slede\u0107e brokere:<\/p>\n<ul>\n<li style=\"text-align: justify;\">NSFX<\/li>\n<li style=\"text-align: justify;\">Avatrade<\/li>\n<li style=\"text-align: justify;\">eToro<\/li>\n<li style=\"text-align: justify;\"><a href=\"http:\/\/partnerbay.go2cloud.org\/aff_c?offer_id=46&amp;aff_id=9\">Markets.com<\/a><\/li>\n<\/ul>\n","protected":false},"excerpt":{"rendered":"<p>Zahvaljuju\u0107i novim trendovima koji dolaze i na na\u0161e prostore, zarada preko interneta vi\u0161e nije puk san. Na\u0107i posao preko interneta je lak\u0161e nego ikada ranije. Mo\u017eda najve\u0107a prednost je njegova&hellip;<\/p>\n","protected":false},"author":7,"featured_media":0,"parent":0,"menu_order":0,"comment_status":"closed","ping_status":"closed","template":"","meta":[],"tags":[],"_links":{"self":[{"href":"https:\/\/choose-forex.com\/sr\/wp-json\/wp\/v2\/pages\/10237\/"}],"collection":[{"href":"https:\/\/choose-forex.com\/sr\/wp-json\/wp\/v2\/pages\/"}],"about":[{"href":"https:\/\/choose-forex.com\/sr\/wp-json\/wp\/v2\/types\/page\/"}],"author":[{"embeddable":true,"href":"https:\/\/choose-forex.com\/sr\/wp-json\/wp\/v2\/users\/7\/"}],"replies":[{"embeddable":true,"href":"https:\/\/choose-forex.com\/sr\/wp-json\/wp\/v2\/comments\/?post=10237"}],"version-history":[{"count":9,"href":"https:\/\/choose-forex.com\/sr\/wp-json\/wp\/v2\/pages\/10237\/revisions\/"}],"predecessor-version":[{"id":18033,"href":"https:\/\/choose-forex.com\/sr\/wp-json\/wp\/v2\/pages\/10237\/revisions\/18033\/"}],"wp:attachment":[{"href":"https:\/\/choose-forex.com\/sr\/wp-json\/wp\/v2\/media\/?parent=10237"}],"wp:term":[{"taxonomy":"post_tag","embeddable":true,"href":"https:\/\/choose-forex.com\/sr\/wp-json\/wp\/v2\/tags\/?post=10237"}],"curies":[{"name":"wp","href":"https:\/\/api.w.org\/{rel}","templated":true}]}}