{"id":10239,"date":"2016-06-18T10:22:55","date_gmt":"2016-06-18T10:22:55","guid":{"rendered":"http:\/\/dev.choose-forex.com\/sr\/?page_id=10239"},"modified":"2016-07-12T18:30:15","modified_gmt":"2016-07-12T18:30:15","slug":"forex-iskustva-kako-trgovati","status":"publish","type":"page","link":"https:\/\/choose-forex.com\/sr\/forex-iskustva-kako-trgovati\/","title":{"rendered":"Kako trgovati na Forex-u"},"content":{"rendered":"<p style=\"text-align: justify;\">Kako trgovati na Forex-u? Da li mo\u017eete da se oslonite na forex\u00a0iskustva drugih? Kako Forex zapravo izgleda u praksi i da li po\u010detnici mogu brzo da se uklope? Na ova i jo\u0161 mnoga druga pitanja, odgovaramo u ovom tekstu.<\/p>\n<p style=\"text-align: justify;\"><img loading=\"lazy\" class=\"aligncenter size-full wp-image-10774\" src=\"http:\/\/choose-forex.com\/wp-content\/uploads\/2016\/06\/Experience-for-Forex-Trading-1.jpg\" alt=\"forex iskustva\" width=\"700\" height=\"336\" srcset=\"https:\/\/choose-forex.com\/wp-content\/uploads\/2016\/06\/Experience-for-Forex-Trading-1.jpg 700w, https:\/\/choose-forex.com\/wp-content\/uploads\/2016\/06\/Experience-for-Forex-Trading-1-300x144.jpg 300w\" sizes=\"(max-width: 700px) 100vw, 700px\" \/><\/p>\n<p style=\"text-align: justify;\">Forex trgovanje je dosti\u017ean i ambiciozan izazov. Ukoliko jo\u0161 uvek niste sigurni gde da investirate deo va\u0161eg novca ili razmi\u0161ljate o poslovnom poduhvatu preko interneta, Forex je jedna od opcija koju ne bi trebalo tek tako da zaobi\u0111ete.<\/p>\n<h2 style=\"text-align: center;\">Forex iskustva i op\u0161te strategije<\/h2>\n<p style=\"text-align: justify;\">Na po\u010detku bilo kog poslovnog poduhvata, svako poku\u0161ava da razazna koliko se neka investicija zapravo isplati. Akcije, indeksi i roba mogu delovati primamljivo, ali oni za neke nisu dovoljno unosni da opravdaju rizike koje nosi trgovanje na berzi. Sa druge strane, ni Forex trgovanje nije ne\u0161to u \u0161ta \u017eelite da se upustite nepripremljeni. Prvi korak tj. <a href=\"https:\/\/choose-forex.com\/sr\/sta-je-forex\/\">edukacija o Forex-u je neophodna<\/a>.<\/p>\n<p style=\"text-align: justify;\">Na internetu se mogu prona\u0107i razni Forex materijali edukativnog karaktera, pa Forex za po\u010detnike nikada nije bio lak\u0161i i pristupa\u010dniji. Evo nekoliko stvari na koje \u017eelite da obratite pa\u017enju.<\/p>\n<h3 style=\"text-align: justify;\">1.\u00a0\u00a0\u00a0\u00a0\u00a0 Uradite doma\u0107i zadatak!<\/h3>\n<p style=\"text-align: justify;\">Prvo, trebalo bi da se upoznate sa istorijom koja odlikuje Forex trgovanje i svime \u0161to ga izdvaja od ostalih oblika onoga \u0161to se mo\u017ee podvesti pod trgovanje na berzi. Trgovci koji imaju bolju perspektivu i razumevanje Forex trgovine \u0107e lak\u0161e usvajati znanja i ve\u0161tine iz povezanih oblasti.<\/p>\n<h3 style=\"text-align: justify;\">2.\u00a0\u00a0\u00a0\u00a0\u00a0 Birajte brokera pa\u017eljivo!<\/h3>\n<p style=\"text-align: justify;\">Neophodno je imati brokera sa \u010dvrstom reputacijom i dobrim tr\u017ei\u0161nim uslovima. Verujte nam na re\u010d da je izbor ogroman, a da odre\u0111ene platforme treba izbegavati u \u0161irokom luku. Forex iskustva drugih su ovde klju\u010dna. Evo par brokera koje smo mi uspe\u0161no testirali:<\/p>\n<ul style=\"text-align: justify;\">\n<li><a href=\"http:\/\/partnerbay.go2cloud.org\/aff_c?offer_id=60&amp;aff_id=9\" target=\"_blank\">FX Lider<\/a><\/li>\n<li><a href=\"http:\/\/partnerbay.go2cloud.org\/aff_c?offer_id=50&amp;aff_id=9\">NSFX<\/a><\/li>\n<li><a href=\"http:\/\/partnerbay.go2cloud.org\/aff_c?offer_id=54&amp;aff_id=9\">Avatrade<\/a><\/li>\n<li><a href=\"http:\/\/partnerbay.go2cloud.org\/aff_c?offer_id=48&amp;aff_id=9\">eToro<\/a><\/li>\n<li><a href=\"http:\/\/partnerbay.go2cloud.org\/aff_c?offer_id=46&amp;aff_id=9\">Markets.com<\/a><\/li>\n<\/ul>\n<h3 style=\"text-align: justify;\">3.\u00a0\u00a0\u00a0\u00a0\u00a0 Budite u toku!<\/h3>\n<p style=\"text-align: justify;\">Bez a\u017eurnih vesti i brzog sistema pregleda velike koli\u010dine informacija od zna\u010daja sa Forex trgovanje, sve su \u0161anse da ne\u0107ete uspeti da ostvarite dobar rezultat. Pra\u0107enje i va\u0111enje klju\u010dnih informacija sa globalnog finansijskog tr\u017ei\u0161ta su osobine koje se podrazumevaju. Napravite svoj \u201cForex Bulletin\u201d i sa\u010duvajte stranice od zna\u010daja za va\u0161u strategiju. Primera radi \u2013 <a href=\"http:\/\/www.bloomberg.com\/\">Bloomberg<\/a>.<\/p>\n<h3 style=\"text-align: justify;\">4.\u00a0\u00a0\u00a0\u00a0\u00a0 Dvaput razmislite pri odabiru strategije!<\/h3>\n<p style=\"text-align: justify;\">Na red dolaze osnovne strategije koje \u0107e vam uz malo sre\u0107e omogu\u0107iti jednostavno, lako i uspe\u0161no Forex trgovanje. Postoji mnogo Forex strategija i svaka od njih je pri\u010da za sebe. Ali, ono \u0161to je zajedni\u010dko za svaku je njihov fokus na upravljanje rizikom kao i na maksimizaciju mogu\u0107ih dobitaka. Naravno, najbolja Forex strategija je ona koju koristite, jer nedoslednost predstavlja prvu i najve\u0107u gre\u0161ku koju trgovci prave.<\/p>\n<h3 style=\"text-align: justify;\">5.\u00a0\u00a0\u00a0\u00a0\u00a0 Gre\u0161ke i gubici \u0107e se sigurno desiti \u2013 zapamtite\u00a0ih!<\/h3>\n<p style=\"text-align: justify;\">Kad smo ve\u0107 kod toga, upoznavanje sa gre\u0161kama, rizicima i mogu\u0107no\u0161\u0107u prevare tako\u0111e zaslu\u017euje mesto na listi prioriteta svakog Forex trgovca, pogotovo ako ste po\u010detnik. Par uspe\u0161nih trgovaca bi poslu\u017eili kao uzor, daju\u0107i budu\u0107im trgovcima primer koji bi valjalo slediti.<\/p>\n<h3 style=\"text-align: justify;\">6.\u00a0\u00a0\u00a0\u00a0\u00a0 Analiza, analiza, analiza!<\/h3>\n<p style=\"text-align: justify;\">Tek na kraju dolazi ono najva\u017enije \u2013 analiza, analiza i jo\u0161 analize. Su\u0161tina Forex trgovanja je ta\u010dno predvi\u0111anje kretanja deviznog kursa, a to je skoro nemogu\u0107e ako niste maksimalno upu\u0107eni u tematiku kao i u sve faktore koji uti\u010du na devizni kurs.<\/p>\n<p style=\"text-align: justify;\">Za razliku od ostalih koraka, ovaj se nikada ne zavr\u0161ava, jer je to i svrha. Ovladavanje teorijskim znanjima iz oblasti poznatije kao Forex trgovanje \u2013 celokupni Forex materijal, brokerske ku\u0107e, postupak trgovanja, trikovi i strategije \u2013 sve je to de\u010dja igra u pore\u0111enju sa onim \u0161to vas \u010deka nakon \u0161to po\u010dnete da trgujete.<\/p>\n<h2 style=\"text-align: center;\">Odabir brokera i otvaranje naloga<\/h2>\n<p style=\"text-align: justify;\">Odabir pravog brokera predstavlja <a href=\"https:\/\/choose-forex.com\/sr\/analiza-brokera\/\">prvi pravi ozbiljan korak u sticanju prakti\u010dnog Forex iskustva<\/a>. Odatle sve polazi. Njihov edukativni materijal \u0107e vam biti pravi uvid u Forex trgovanje. Naravno, prvi koraci su obi\u010dno i najte\u017ei, te forex iskustva drugih mogu pomo\u0107i.<\/p>\n<p style=\"text-align: justify;\">Iako ne postoji univerzalni priru\u010dnik o tome kako se bira broker, to uop\u0161te ne mora da bude te\u0161ko. U globalu, treba da defini\u0161ete sopstvene ciljeve i da potom krenete da istra\u017eujete Forex brokere. Imajte u vidu da nije sve \u0161to pro\u010ditate ili \u010dujete automatski ta\u010dno, pa nastojite da svaku informaciju proverite i potvrdite iz vi\u0161e izvora.<\/p>\n<p style=\"text-align: justify;\"><a href=\"http:\/\/partnerbay.go2cloud.org\/aff_c?offer_id=60&amp;aff_id=9\" target=\"_blank\"><img loading=\"lazy\" class=\"aligncenter wp-image-10947 size-full\" title=\"FX Lider\" src=\"http:\/\/choose-forex.com\/wp-content\/uploads\/2016\/07\/FX-Lider.png\" alt=\"FX Lider\" width=\"700\" height=\"152\" srcset=\"https:\/\/choose-forex.com\/wp-content\/uploads\/2016\/07\/FX-Lider.png 700w, https:\/\/choose-forex.com\/wp-content\/uploads\/2016\/07\/FX-Lider-300x65.png 300w\" sizes=\"(max-width: 700px) 100vw, 700px\" \/><\/a><\/p>\n<p style=\"text-align: justify;\">Prvo i osnovno, <strong>va\u0161<\/strong> <strong>idealan broker mora da bude registrovan<\/strong>. Bilo je mnogo pri\u010da o tome kako je to obi\u010dna birokratska zavrzlama koja samo umanjuje zaradu i sve to, ali je \u010dinjenica da kod registrovanih brokera neko garantuje da \u0107ete va\u0161 mukotrpno zara\u0111eni novac zaista i videti.<\/p>\n<p style=\"text-align: justify;\">Dr\u017eati se neregistrovanih brokera mo\u017ee odvesti sve va\u0161e nade i snovi u nepovrat u deli\u0107u sekunde. Obi\u010dnom proverom informacija mo\u017eete saznati zemlju gde je broker &#8220;registrovan&#8221; i prostom pretragom utvrditi regulatorno telo zadu\u017eeno za tog brokera kao i sve ostale relevantne informacije.<\/p>\n<p style=\"text-align: justify;\">Nakon \u0161to se uverite da va\u0161 broker zaista postoji i da je regulisan, treba da uporedite tro\u0161kove poslovanja. Na sre\u0107u, ve\u0107ina brokera su se odrekli provizija i naknada kao takvih, i svoje usluge napla\u0107uju preko spread-ova. Me\u0111utim, ne napla\u0107uju svi isto. Neki spread-ovi su fiksni, a kod nekih brokera ba\u0161 i nisu.<\/p>\n<p style=\"text-align: justify;\">Pojedini brokeri napla\u0107uju sve usluge koje pru\u017eaju, a neki ih nude gratis. Sve to, kao i njihova politika poslovanja su dostupni javnosti, tako da samo treba uporediti tro\u0161kove poslovanja s brokerima koji vam deluju zanimljivo. Tu su i rollover-i, krediti, bonusi i ostale male stvari koje puno zna\u010de, pogotovo onima kojima je svaki dinar bitan. Korist koju donose mo\u017ee delovati sitno, ali kada se sve skupi na gomilu, i te kako se isplati izabrati pravog brokera.<\/p>\n<p style=\"text-align: justify;\">Pored toga, mogu\u0107nost zarade vam mo\u017ee zavisiti i od leverage-a, odnosno koli\u010dine pozajmljenog novca koji mo\u017eete da iskoristite za trgovanje. Ve\u0107i leverage zna\u010di da vam treba manje sopstvenog novca za trgovanje ili da mo\u017eete da trgujete u ve\u0107em iznosu nego sa brokerima koji nude mali leverage.<\/p>\n<p style=\"text-align: justify;\">S druge strane, pozajmljeni novac mora i da se vrati, i to s kamatom. Tako da leverage predstavlja ma\u010d sa britke dve o\u0161trice i <strong>mora se koristiti vrlo oprezno<\/strong>. Iako vas mo\u017ee uvaliti u nevolje, koli\u010dina novca koju mo\u017eete zaraditi je vi\u0161estruko ve\u0107a. U svakom slu\u010daju, bolje da imate veliki leverage koji vam nikada ne\u0107e zatrebati nego da nemate dovoljno veliki leverage a treba vam.<\/p>\n<p style=\"text-align: justify;\"><strong>Demo nalog predstavlja idealan na\u010din za u\u010denje<\/strong> i sticanje Forex iskustva. Iziskuje iste ve\u0161tine kao pravo trgovanje, a ne rizikujete ni jedan jedini dinar pravog novca. Nau\u010di\u0107ete da trgujete i da se snalazite na njihovoj platformi i sve to bez jednog jedinog dinara. Ako se ispostavi da vi ipak niste Forex materijal, bolje da to saznate na test platformi.<\/p>\n<p style=\"text-align: justify;\">Ipak, iznosi na demo nalogu su ogromni. Verovatno daleko ve\u0107i od onoga \u0161to vi mo\u017eete da priu\u0161tite. Zapravo, ve\u0107ina po\u010detnika kre\u0107e od mikro-lotova, a njih ne nude ba\u0161 svi brokeri. Zato <strong>obavezno proverite minimalne iznose neophodne za otvaranje naloga<\/strong> kao i za trgovanje. Ni najbolji broker ne\u0107e pomo\u0107i onome ko ne mo\u017ee da priu\u0161ti da trguje.<\/p>\n<p style=\"text-align: justify;\"><img loading=\"lazy\" class=\"aligncenter wp-image-9365\" src=\"http:\/\/choose-forex.com\/wp-content\/uploads\/2016\/05\/app-mistakes-1024x521.jpg\" alt=\"app-mistakes\" width=\"700\" height=\"356\" srcset=\"https:\/\/choose-forex.com\/wp-content\/uploads\/2016\/05\/app-mistakes-1024x521.jpg 1024w, https:\/\/choose-forex.com\/wp-content\/uploads\/2016\/05\/app-mistakes-300x153.jpg 300w, https:\/\/choose-forex.com\/wp-content\/uploads\/2016\/05\/app-mistakes-768x391.jpg 768w, https:\/\/choose-forex.com\/wp-content\/uploads\/2016\/05\/app-mistakes-250x127.jpg 250w, https:\/\/choose-forex.com\/wp-content\/uploads\/2016\/05\/app-mistakes-150x76.jpg 150w\" sizes=\"(max-width: 700px) 100vw, 700px\" \/><\/p>\n<p style=\"text-align: justify;\">Naposletku imamo dodatne usluge poput signala za trgovanje, \u010darting usluga, efikasnog sistema za informisanje, kao i raznih komentara i intervjua sa ekspertima iz oblasti finansija. Sve to mo\u017ee biti od neprocenjivog zna\u010daja za ishod va\u0161ih poslovnih poteza.<\/p>\n<p style=\"text-align: justify;\">Nakon \u0161to zavr\u0161ite sve ovo i dobijete odgovore na sva preliminarna pitanja, odaberite jednog \u2013 ili bolje nekoliko \u2013 brokera, otvorite demo naloge i krenite sa ve\u017ebanjem. Ukoliko imate pitanja, postavite ih njihovim korisni\u010dkim centrima bez ustru\u010davanja. Ti ljudi primaju platu za to da vama razjasne sve nedoumice koje imate u vezi sa Forex trgovinom na njihovoj platformi.<\/p>\n<p style=\"text-align: justify;\">I na kraju ono najva\u017enije: <strong>ne \u017eurite sa trgovinom<\/strong>. Bez obzira na to koliko ste uspe\u0161ni na demo nalogu i koliko su platforme sli\u010dne onim pravim, to ne zna\u010di da treba da zanemarite mere opreza. Ne postoji dovoljno realisti\u010dna platforma koja u potpunosti oslikava stvarnost, a i nema smisla da spiskate sav novac na prvoj trgovini. To nikako nije dobar znak, ali sve i da se to desi, ne o\u010dajavajte ve\u0107 izvucite pouku i krenite iznova.<\/p>\n<h2 style=\"text-align: center;\">Strategije<\/h2>\n<p style=\"text-align: justify;\">Ve\u0107ina brokera nudi sopstveni edukacioni materijal koji izme\u0111u ostalog obuhvata i osnovne strategije za Forex trgovanje. Naravno, ne postoji idealna.\u00a0Osnovne strategije obuhvataju oslanjanje na druga tr\u017ei\u0161ta i brokere, na derivative poput fju\u010dersa i opcija ili na napredni softver.<\/p>\n<p style=\"text-align: justify;\">Najstariji trik u knjizi je onaj kada trgovac otvori naloge kod dva ili vi\u0161e brokera i koristi besplatne trgovine, bonuse i sli\u010dne promocije kako bi pokrio oba ugla. Mnogi brokeri nude bonuse koji su tu da podstaknu ljude da trguju vi\u0161e, i nije im ni na kraj pameti da vas puste da jednostavno podignete svoj bonus i odete.<\/p>\n<p style=\"text-align: justify;\"><img loading=\"lazy\" class=\"aligncenter wp-image-8295\" title=\"FXlider\" src=\"http:\/\/choose-forex.com\/wp-content\/uploads\/2016\/04\/why-fxlider.jpg\" alt=\"FXlider\" width=\"700\" height=\"211\" srcset=\"https:\/\/choose-forex.com\/wp-content\/uploads\/2016\/04\/why-fxlider.jpg 831w, https:\/\/choose-forex.com\/wp-content\/uploads\/2016\/04\/why-fxlider-300x90.jpg 300w, https:\/\/choose-forex.com\/wp-content\/uploads\/2016\/04\/why-fxlider-768x231.jpg 768w, https:\/\/choose-forex.com\/wp-content\/uploads\/2016\/04\/why-fxlider-250x75.jpg 250w, https:\/\/choose-forex.com\/wp-content\/uploads\/2016\/04\/why-fxlider-150x45.jpg 150w\" sizes=\"(max-width: 700px) 100vw, 700px\" \/><\/p>\n<p style=\"text-align: justify;\">Ako koristite bonus kod jednog brokera da \u0161pekuli\u0161ete u jednom pravcu, na primer da \u0107e dolar oslabiti u odnosu na evro, a na drugom da \u0107e oja\u010dati, \u0161ta god da se desi, vi ne mo\u017eete da izgubite. Kod jednog brokera \u0107ete izgubiti bonus novac koji vam ionako ne bi dali da podignete, a kod drugog \u0107ete dobiti iznos sa kojim \u0107ete daleko lak\u0161e raspolagati.<\/p>\n<p style=\"text-align: justify;\">Osim toga, upravljanje rizikom na Forex tr\u017ei\u0161tu je umetnost, a alata je mnogo. Od svih derivativa, binarne opcije se daleko najvi\u0161e koriste kao protivte\u017ea, pogotovo od strane trgovaca koji su &#8220;ispucali&#8221; sav svoj bonus. Oni pribegavaju drugoj taktici. Preko Forex brokera se klade na jedan ishod \u2013 onaj koji o\u010dekuju \u2013 a preko brokera binarnih opcija na suprotan \u2013 onaj manje verovatan.<\/p>\n<p style=\"text-align: justify;\">Time posti\u017eu slede\u0107e: u najboljem slu\u010daju, dobi\u0107e na Forex-u i to vi\u0161e nego dovoljno da pokriju ono malo \u0161to su izgubili na binarnim opcijama, jer su kod njih ulaganja fiksna. A ako izgube na Forex-u, na opcijama \u0107e dobiti dovoljno da pokriju gubitak. Tako ne mogu da izgube, osim ako pogre\u0161no izra\u010dunaju tro\u0161kove ili pogre\u0161e stvarno mnogo. Forex iskustva drugih su, ko \u0161to vidite, izuzetno va\u017ena.<\/p>\n<p>https:\/\/www.youtube.com\/watch?v=zytmecklTWs<\/p>\n<p style=\"text-align: justify;\">Na kraju, tu su signali, softver i uspe\u0161niji trgovci koje mo\u017eete kopirati, ali tu nema Forex tva. Prepu\u0161tanje va\u0161e trgovine ma\u0161inama nije na\u010din na koji se isplati trgovati, ali je ipak na\u010din. Postoje mnogi Forex trgovci, neki uspe\u0161niji od drugih, i pojedini dopu\u0161taju svojim neiskusnim kolegama da pove\u017eu naloge, pa \u0107e sve trgovine koje on unese biti unete i u njihovo ime.<\/p>\n<p style=\"text-align: justify;\">Na taj na\u010din, kad on dobija dobi\u0107ete i vi, ali kad on gubi&#8230; Da, posledice gubitaka \u0107ete snositi i vi, iako ih niste napravili. Isto va\u017ei i za automatizovani softver i robote. U najboljem slu\u010daju \u0107e vam skupo prodati nepotreban ili neispravan softver, a u najgorem \u0107e vam olak\u0161ati i nalog pomo\u0107u virusa i malware-a. Nema zamene za sopstveno zalaganje; sav ovaj softver je u najboljem slu\u010daju priru\u010dno sredstvo, a nikako ne cilj.<\/p>\n<h2 style=\"text-align: center;\">Forex iskustva uspe\u0161nih trgovaca<\/h2>\n<p style=\"text-align: justify;\">Jedna od najzanimljivijih stvari u vezi sa Forex trgovcima je da oni uspe\u0161ni uop\u0161te ne vole da se eksponiraju, uz par izuzetaka kao \u0161to su D\u017eord\u017e Soro\u0161 ili Bil Lip\u0161uc. Ne vole ni da otkrivaju tajne svog uspeha, kao ni da nose svoj celebrity status.<\/p>\n<p style=\"text-align: justify;\">Me\u0111utim, mo\u0107 koju poseduju i \u0161teta koju su najve\u0107i od njih u stanju da prouzrokuju se ne smeju shvatiti olako. Za razliku od sitnih Forex trgovaca koji moraju da poga\u0111aju stanje ekonomije od koje im zavisi zarada, oni najja\u010di imaju dovoljno novca i uticaja da &#8220;poguraju&#8221; stvari ka ishodu koji im je profitabilan. Oni najve\u0107i ne predvi\u0111aju, oni name\u0161taju, odre\u0111uju i naadasve \u2013 profitiraju.<\/p>\n<h2 style=\"text-align: center;\">Dodatna literatura &#8211; Forex iskustva<\/h2>\n<p style=\"text-align: justify;\">Na kraju, treba ista\u0107i da za pravog trgovca edukacija nikada ne prestaje. I mada je ve\u0107ina Forex materijala na engleskom, postoji nekoliko knjiga, videa i linkova koji \u0107e vam pomo\u0107i da se jo\u0161 vi\u0161e udubite u ovu tematiku.<\/p>\n<ul>\n<li style=\"text-align: justify;\">&#8220;<a href=\"https:\/\/www.amazon.com\/Disciplined-Trader-Developing-Winning-Attitudes\/dp\/0132157578\/ref=sr_1_1?ie=UTF8&amp;qid=1467751654&amp;sr=8-1&amp;keywords=Disciplined+Trader\">Disciplined Trader<\/a>&#8221; i &#8220;<a href=\"https:\/\/www.amazon.com\/Trading-Zone-Confidence-Discipline-Attitude\/dp\/0735201447\/ref=sr_1_1?ie=UTF8&amp;qid=1467751675&amp;sr=8-1&amp;keywords=Trading+in+the+zone\">Trading in the zone<\/a>&#8221; od Marka Daglasa (Mark Douglas)<\/li>\n<li style=\"text-align: justify;\">&#8220;<a href=\"https:\/\/www.amazon.com\/Trading-Business-Methods-Rules-Markets\/dp\/1118472985\/ref=sr_1_1?ie=UTF8&amp;qid=1467751608&amp;sr=8-1&amp;keywords=Trading+as+a+Business\">Trading as a Business<\/a>&#8221; od \u010carls Vrajta (Charles F. Wright)<\/li>\n<\/ul>\n","protected":false},"excerpt":{"rendered":"<p>Kako trgovati na Forex-u? Da li mo\u017eete da se oslonite na forex\u00a0iskustva drugih? Kako Forex zapravo izgleda u praksi i da li po\u010detnici mogu brzo da se uklope? Na ova&hellip;<\/p>\n","protected":false},"author":7,"featured_media":0,"parent":0,"menu_order":0,"comment_status":"closed","ping_status":"closed","template":"","meta":[],"tags":[],"_links":{"self":[{"href":"https:\/\/choose-forex.com\/sr\/wp-json\/wp\/v2\/pages\/10239\/"}],"collection":[{"href":"https:\/\/choose-forex.com\/sr\/wp-json\/wp\/v2\/pages\/"}],"about":[{"href":"https:\/\/choose-forex.com\/sr\/wp-json\/wp\/v2\/types\/page\/"}],"author":[{"embeddable":true,"href":"https:\/\/choose-forex.com\/sr\/wp-json\/wp\/v2\/users\/7\/"}],"replies":[{"embeddable":true,"href":"https:\/\/choose-forex.com\/sr\/wp-json\/wp\/v2\/comments\/?post=10239"}],"version-history":[{"count":5,"href":"https:\/\/choose-forex.com\/sr\/wp-json\/wp\/v2\/pages\/10239\/revisions\/"}],"predecessor-version":[{"id":10964,"href":"https:\/\/choose-forex.com\/sr\/wp-json\/wp\/v2\/pages\/10239\/revisions\/10964\/"}],"wp:attachment":[{"href":"https:\/\/choose-forex.com\/sr\/wp-json\/wp\/v2\/media\/?parent=10239"}],"wp:term":[{"taxonomy":"post_tag","embeddable":true,"href":"https:\/\/choose-forex.com\/sr\/wp-json\/wp\/v2\/tags\/?post=10239"}],"curies":[{"name":"wp","href":"https:\/\/api.w.org\/{rel}","templated":true}]}}